{"id":39032,"date":"2021-09-30T10:16:35","date_gmt":"2021-09-30T10:16:35","guid":{"rendered":"https:\/\/lifenatura.dev.agenciagetdigital.com\/produto\/hyaluron-beauty-tratamento-14-dias-14-ampolas-krauterhof\/"},"modified":"2026-01-28T10:23:58","modified_gmt":"2026-01-28T10:23:58","slug":"hyaluron-beauty-tratamento-14-dias-14-ampolas-krauterhof","status":"publish","type":"product","link":"https:\/\/www.lifenatura.com\/es\/produto\/hyaluron-beauty-tratamento-14-dias-14-ampolas-krauterhof\/","title":{"rendered":"Hyaluron Beauty Tratamiento 14 dias &#8211; Krauterhof"},"content":{"rendered":"<h2 style=\"text-align: left;\"><strong>Tratamiento de belleza con \u00e1cido hialur\u00f3nico<\/strong><\/h2>\n<p>&nbsp;<\/p>\n<p>El tratamiento Hyaluron Beauty es un tratamiento de belleza intensivo, con una duraci\u00f3n de 14 d\u00edas, sin fragancia, que contiene un complejo de \u00e1cido hialur\u00f3nico que hidrata profundamente la piel, ayud\u00e1ndola a retener su humedad natural.<\/p>\n<p>El \u00e1cido hialur\u00f3nico es a\u00fan m\u00e1s beneficioso porque potencia la acci\u00f3n de otros ingredientes en el cuidado antienvejecimiento. Al producirse de forma natural en nuestro organismo, es una sustancia bien tolerada por todo tipo de pieles.<\/p>\n<p>Este tratamiento de belleza especial cuida e hidrata intensamente la piel y ayuda a combatir la aparici\u00f3n y el aspecto de las arrugas y l\u00edneas de expresi\u00f3n. Su innovadora combinaci\u00f3n de ingredientes favorece la elasticidad y la firmeza de la piel.<\/p>\n<p><strong>PRESENTACI\u00d3N<\/strong><\/p>\n<p>14 ampollas.<\/p>\n<p>&nbsp;<\/p>\n","protected":false},"excerpt":{"rendered":"<p>Ampollas de tratamiento de belleza facial para 14 d\u00edas, con acci\u00f3n hidratante intensiva, a base de un complejo de \u00e1cido hialur\u00f3nico. [&#8230;]<\/p>\n<p><a class=\"btn btn-secondary understrap-read-more-link\" href=\"https:\/\/www.lifenatura.com\/es\/produto\/hyaluron-beauty-tratamento-14-dias-14-ampolas-krauterhof\/\">Leer m\u00e1s&#8230;<span class=\"screen-reader-text\"> from Hyaluron Beauty Tratamiento 14 dias &#8211; Krauterhof<\/span><\/a><\/p>\n","protected":false},"featured_media":125216,"template":"","meta":{"_acf_changed":false},"product_brand":[8460],"product_cat":[7665,7116,7115,7659,7239,7179],"product_tag":[],"class_list":{"0":"post-39032","1":"product","2":"type-product","3":"status-publish","4":"has-post-thumbnail","6":"product_brand-krauterhof-es","7":"product_cat-acido-hialuronico-bio","8":"product_cat-antiedad","9":"product_cat-cuidado-de-la-cara","10":"product_cat-ingrediente-natural-bio","11":"product_cat-cuidado-de-la-piel","12":"product_cat-salud","14":"first","15":"instock","16":"shipping-taxable","17":"purchasable","18":"product-type-simple","19":"add-to-wishlist-before_image"},"acf":[],"yoast_head":"<!-- This site is optimized with the Yoast SEO Premium plugin v27.1 (Yoast SEO v27.5) - https:\/\/yoast.com\/product\/yoast-seo-premium-wordpress\/ -->\n<title>Hyaluron Beauty Tratamento 14 dias Krauterhof - Lifenatura<\/title>\n<meta name=\"description\" content=\"Ampollas de tratamiento de belleza facial para 14 d\u00edas, con acci\u00f3n hidratante intensiva, a base de un complejo de \u00e1cido hialur\u00f3nico.\" \/>\n<meta name=\"robots\" content=\"index, follow, max-snippet:-1, max-image-preview:large, max-video-preview:-1\" \/>\n<link rel=\"canonical\" href=\"https:\/\/www.lifenatura.com\/es\/produto\/hyaluron-beauty-tratamento-14-dias-14-ampolas-krauterhof\/\" \/>\n<meta property=\"og:locale\" content=\"es_ES\" \/>\n<meta property=\"og:type\" content=\"article\" \/>\n<meta property=\"og:title\" content=\"Hyaluron Beauty Tratamiento 14 dias - Krauterhof - Na Lifenatura ao Melhor Pre\u00e7o | Envio 48h\" \/>\n<meta property=\"og:description\" content=\"Compre Hyaluron Beauty Tratamiento 14 dias - Krauterhof com envio r\u00e1pido. Entrega em 48h e portes gr\u00e1tis em compras &gt;35\u20ac. Aproveite j\u00e1 na Lifenatura\" \/>\n<meta property=\"og:url\" content=\"https:\/\/www.lifenatura.com\/es\/produto\/hyaluron-beauty-tratamento-14-dias-14-ampolas-krauterhof\/\" \/>\n<meta property=\"og:site_name\" content=\"Lifenatura\" \/>\n<meta property=\"article:publisher\" content=\"https:\/\/www.facebook.com\/lifenatura\" \/>\n<meta property=\"article:modified_time\" content=\"2026-01-28T10:23:58+00:00\" \/>\n<meta property=\"og:image\" content=\"https:\/\/www.lifenatura.com\/wp-content\/uploads\/2021\/09\/ampolas-acido-hialuronico-krauterhof.jpg\" \/>\n\t<meta property=\"og:image:width\" content=\"1000\" \/>\n\t<meta property=\"og:image:height\" content=\"1000\" \/>\n\t<meta property=\"og:image:type\" content=\"image\/jpeg\" \/>\n<meta name=\"twitter:card\" content=\"summary_large_image\" \/>\n<meta name=\"twitter:label1\" content=\"Precio\" \/>\n\t<meta name=\"twitter:data1\" content=\"22,03&nbsp;&euro;\" \/>\n\t<meta name=\"twitter:label2\" content=\"Disponibilidad\" \/>\n\t<meta name=\"twitter:data2\" content=\"Disponible\" \/>\n<script type=\"application\/ld+json\" class=\"yoast-schema-graph\">{\"@context\":\"https:\\\/\\\/schema.org\",\"@graph\":[{\"@type\":\"WebPage\",\"@id\":\"https:\\\/\\\/www.lifenatura.com\\\/es\\\/produto\\\/hyaluron-beauty-tratamento-14-dias-14-ampolas-krauterhof\\\/\",\"url\":\"https:\\\/\\\/www.lifenatura.com\\\/es\\\/produto\\\/hyaluron-beauty-tratamento-14-dias-14-ampolas-krauterhof\\\/\",\"name\":\"Hyaluron Beauty Tratamento 14 dias Krauterhof - Lifenatura\",\"isPartOf\":{\"@id\":\"https:\\\/\\\/www.lifenatura.com\\\/es\\\/#website\"},\"primaryImageOfPage\":{\"@id\":\"https:\\\/\\\/www.lifenatura.com\\\/es\\\/produto\\\/hyaluron-beauty-tratamento-14-dias-14-ampolas-krauterhof\\\/#primaryimage\"},\"image\":{\"@id\":\"https:\\\/\\\/www.lifenatura.com\\\/es\\\/produto\\\/hyaluron-beauty-tratamento-14-dias-14-ampolas-krauterhof\\\/#primaryimage\"},\"thumbnailUrl\":\"https:\\\/\\\/www.lifenatura.com\\\/wp-content\\\/uploads\\\/2021\\\/09\\\/ampolas-acido-hialuronico-krauterhof.jpg\",\"datePublished\":\"2021-09-30T10:16:35+00:00\",\"dateModified\":\"2026-01-28T10:23:58+00:00\",\"description\":\"Ampollas de tratamiento de belleza facial para 14 d\u00edas, con acci\u00f3n hidratante intensiva, a base de un complejo de \u00e1cido hialur\u00f3nico.\",\"breadcrumb\":{\"@id\":\"https:\\\/\\\/www.lifenatura.com\\\/es\\\/produto\\\/hyaluron-beauty-tratamento-14-dias-14-ampolas-krauterhof\\\/#breadcrumb\"},\"inLanguage\":\"es\",\"potentialAction\":[{\"@type\":\"ReadAction\",\"target\":[\"https:\\\/\\\/www.lifenatura.com\\\/es\\\/produto\\\/hyaluron-beauty-tratamento-14-dias-14-ampolas-krauterhof\\\/\"]}]},{\"@type\":\"ImageObject\",\"inLanguage\":\"es\",\"@id\":\"https:\\\/\\\/www.lifenatura.com\\\/es\\\/produto\\\/hyaluron-beauty-tratamento-14-dias-14-ampolas-krauterhof\\\/#primaryimage\",\"url\":\"https:\\\/\\\/www.lifenatura.com\\\/wp-content\\\/uploads\\\/2021\\\/09\\\/ampolas-acido-hialuronico-krauterhof.jpg\",\"contentUrl\":\"https:\\\/\\\/www.lifenatura.com\\\/wp-content\\\/uploads\\\/2021\\\/09\\\/ampolas-acido-hialuronico-krauterhof.jpg\",\"width\":1000,\"height\":1000,\"caption\":\"ampolas de acido hialuronico da krauterhoff\"},{\"@type\":\"BreadcrumbList\",\"@id\":\"https:\\\/\\\/www.lifenatura.com\\\/es\\\/produto\\\/hyaluron-beauty-tratamento-14-dias-14-ampolas-krauterhof\\\/#breadcrumb\",\"itemListElement\":[{\"@type\":\"ListItem\",\"position\":1,\"name\":\"In\u00edcio\",\"item\":\"https:\\\/\\\/www.lifenatura.com\\\/es\\\/\"},{\"@type\":\"ListItem\",\"position\":2,\"name\":\"Todos los Productos\",\"item\":\"https:\\\/\\\/www.lifenatura.com\\\/es\\\/tienda\\\/\"},{\"@type\":\"ListItem\",\"position\":3,\"name\":\"Hyaluron Beauty Tratamiento 14 dias &#8211; Krauterhof\"}]},{\"@type\":\"WebSite\",\"@id\":\"https:\\\/\\\/www.lifenatura.com\\\/es\\\/#website\",\"url\":\"https:\\\/\\\/www.lifenatura.com\\\/es\\\/\",\"name\":\"Lifenatura\",\"description\":\"A Lifenatura \u00e9 uma loja de produtos naturais, cosm\u00e9tica natural e alimenta\u00e7\u00e3o Biol\u00f3gica.\",\"publisher\":{\"@id\":\"https:\\\/\\\/www.lifenatura.com\\\/es\\\/#organization\"},\"potentialAction\":[{\"@type\":\"SearchAction\",\"target\":{\"@type\":\"EntryPoint\",\"urlTemplate\":\"https:\\\/\\\/www.lifenatura.com\\\/es\\\/?s={search_term_string}\"},\"query-input\":{\"@type\":\"PropertyValueSpecification\",\"valueRequired\":true,\"valueName\":\"search_term_string\"}}],\"inLanguage\":\"es\"},{\"@type\":\"Organization\",\"@id\":\"https:\\\/\\\/www.lifenatura.com\\\/es\\\/#organization\",\"name\":\"Lifenatura\",\"url\":\"https:\\\/\\\/www.lifenatura.com\\\/es\\\/\",\"logo\":{\"@type\":\"ImageObject\",\"inLanguage\":\"es\",\"@id\":\"https:\\\/\\\/www.lifenatura.com\\\/es\\\/#\\\/schema\\\/logo\\\/image\\\/\",\"url\":\"https:\\\/\\\/www.lifenatura.com\\\/wp-content\\\/uploads\\\/2021\\\/07\\\/logo.png\",\"contentUrl\":\"https:\\\/\\\/www.lifenatura.com\\\/wp-content\\\/uploads\\\/2021\\\/07\\\/logo.png\",\"width\":175,\"height\":55,\"caption\":\"Lifenatura\"},\"image\":{\"@id\":\"https:\\\/\\\/www.lifenatura.com\\\/es\\\/#\\\/schema\\\/logo\\\/image\\\/\"},\"sameAs\":[\"https:\\\/\\\/www.facebook.com\\\/lifenatura\",\"https:\\\/\\\/www.instagram.com\\\/lifenaturapt\\\/\"],\"hasMerchantReturnPolicy\":{\"@type\":\"MerchantReturnPolicy\",\"merchantReturnLink\":\"https:\\\/\\\/www.lifenatura.com\\\/termos-condicoes-lifenatura\\\/\"}}]}<\/script>\n<meta property=\"product:price:amount\" content=\"22.03\" \/>\n<meta property=\"product:price:currency\" content=\"EUR\" \/>\n<meta property=\"og:availability\" content=\"instock\" \/>\n<meta property=\"product:availability\" content=\"instock\" \/>\n<meta property=\"product:retailer_item_id\" content=\"4075700105092\" \/>\n<meta property=\"product:condition\" content=\"new\" \/>\n<!-- \/ Yoast SEO Premium plugin. -->","yoast_head_json":{"title":"Hyaluron Beauty Tratamento 14 dias Krauterhof - Lifenatura","description":"Ampollas de tratamiento de belleza facial para 14 d\u00edas, con acci\u00f3n hidratante intensiva, a base de un complejo de \u00e1cido hialur\u00f3nico.","robots":{"index":"index","follow":"follow","max-snippet":"max-snippet:-1","max-image-preview":"max-image-preview:large","max-video-preview":"max-video-preview:-1"},"canonical":"https:\/\/www.lifenatura.com\/es\/produto\/hyaluron-beauty-tratamento-14-dias-14-ampolas-krauterhof\/","og_locale":"es_ES","og_type":"article","og_title":"Hyaluron Beauty Tratamiento 14 dias - Krauterhof - Na Lifenatura ao Melhor Pre\u00e7o | Envio 48h","og_description":"Compre Hyaluron Beauty Tratamiento 14 dias - Krauterhof com envio r\u00e1pido. Entrega em 48h e portes gr\u00e1tis em compras >35\u20ac. Aproveite j\u00e1 na Lifenatura","og_url":"https:\/\/www.lifenatura.com\/es\/produto\/hyaluron-beauty-tratamento-14-dias-14-ampolas-krauterhof\/","og_site_name":"Lifenatura","article_publisher":"https:\/\/www.facebook.com\/lifenatura","article_modified_time":"2026-01-28T10:23:58+00:00","og_image":[{"width":1000,"height":1000,"url":"https:\/\/www.lifenatura.com\/wp-content\/uploads\/2021\/09\/ampolas-acido-hialuronico-krauterhof.jpg","type":"image\/jpeg"}],"twitter_card":"summary_large_image","twitter_misc":{"Precio":"22,03&nbsp;&euro;","Disponibilidad":"Disponible"},"schema":{"@context":"https:\/\/schema.org","@graph":[{"@type":"WebPage","@id":"https:\/\/www.lifenatura.com\/es\/produto\/hyaluron-beauty-tratamento-14-dias-14-ampolas-krauterhof\/","url":"https:\/\/www.lifenatura.com\/es\/produto\/hyaluron-beauty-tratamento-14-dias-14-ampolas-krauterhof\/","name":"Hyaluron Beauty Tratamento 14 dias Krauterhof - Lifenatura","isPartOf":{"@id":"https:\/\/www.lifenatura.com\/es\/#website"},"primaryImageOfPage":{"@id":"https:\/\/www.lifenatura.com\/es\/produto\/hyaluron-beauty-tratamento-14-dias-14-ampolas-krauterhof\/#primaryimage"},"image":{"@id":"https:\/\/www.lifenatura.com\/es\/produto\/hyaluron-beauty-tratamento-14-dias-14-ampolas-krauterhof\/#primaryimage"},"thumbnailUrl":"https:\/\/www.lifenatura.com\/wp-content\/uploads\/2021\/09\/ampolas-acido-hialuronico-krauterhof.jpg","datePublished":"2021-09-30T10:16:35+00:00","dateModified":"2026-01-28T10:23:58+00:00","description":"Ampollas de tratamiento de belleza facial para 14 d\u00edas, con acci\u00f3n hidratante intensiva, a base de un complejo de \u00e1cido hialur\u00f3nico.","breadcrumb":{"@id":"https:\/\/www.lifenatura.com\/es\/produto\/hyaluron-beauty-tratamento-14-dias-14-ampolas-krauterhof\/#breadcrumb"},"inLanguage":"es","potentialAction":[{"@type":"ReadAction","target":["https:\/\/www.lifenatura.com\/es\/produto\/hyaluron-beauty-tratamento-14-dias-14-ampolas-krauterhof\/"]}]},{"@type":"ImageObject","inLanguage":"es","@id":"https:\/\/www.lifenatura.com\/es\/produto\/hyaluron-beauty-tratamento-14-dias-14-ampolas-krauterhof\/#primaryimage","url":"https:\/\/www.lifenatura.com\/wp-content\/uploads\/2021\/09\/ampolas-acido-hialuronico-krauterhof.jpg","contentUrl":"https:\/\/www.lifenatura.com\/wp-content\/uploads\/2021\/09\/ampolas-acido-hialuronico-krauterhof.jpg","width":1000,"height":1000,"caption":"ampolas de acido hialuronico da krauterhoff"},{"@type":"BreadcrumbList","@id":"https:\/\/www.lifenatura.com\/es\/produto\/hyaluron-beauty-tratamento-14-dias-14-ampolas-krauterhof\/#breadcrumb","itemListElement":[{"@type":"ListItem","position":1,"name":"In\u00edcio","item":"https:\/\/www.lifenatura.com\/es\/"},{"@type":"ListItem","position":2,"name":"Todos los Productos","item":"https:\/\/www.lifenatura.com\/es\/tienda\/"},{"@type":"ListItem","position":3,"name":"Hyaluron Beauty Tratamiento 14 dias &#8211; Krauterhof"}]},{"@type":"WebSite","@id":"https:\/\/www.lifenatura.com\/es\/#website","url":"https:\/\/www.lifenatura.com\/es\/","name":"Lifenatura","description":"A Lifenatura \u00e9 uma loja de produtos naturais, cosm\u00e9tica natural e alimenta\u00e7\u00e3o Biol\u00f3gica.","publisher":{"@id":"https:\/\/www.lifenatura.com\/es\/#organization"},"potentialAction":[{"@type":"SearchAction","target":{"@type":"EntryPoint","urlTemplate":"https:\/\/www.lifenatura.com\/es\/?s={search_term_string}"},"query-input":{"@type":"PropertyValueSpecification","valueRequired":true,"valueName":"search_term_string"}}],"inLanguage":"es"},{"@type":"Organization","@id":"https:\/\/www.lifenatura.com\/es\/#organization","name":"Lifenatura","url":"https:\/\/www.lifenatura.com\/es\/","logo":{"@type":"ImageObject","inLanguage":"es","@id":"https:\/\/www.lifenatura.com\/es\/#\/schema\/logo\/image\/","url":"https:\/\/www.lifenatura.com\/wp-content\/uploads\/2021\/07\/logo.png","contentUrl":"https:\/\/www.lifenatura.com\/wp-content\/uploads\/2021\/07\/logo.png","width":175,"height":55,"caption":"Lifenatura"},"image":{"@id":"https:\/\/www.lifenatura.com\/es\/#\/schema\/logo\/image\/"},"sameAs":["https:\/\/www.facebook.com\/lifenatura","https:\/\/www.instagram.com\/lifenaturapt\/"],"hasMerchantReturnPolicy":{"@type":"MerchantReturnPolicy","merchantReturnLink":"https:\/\/www.lifenatura.com\/termos-condicoes-lifenatura\/"}}]},"product_price_amount":"22.03","product_price_currency":"EUR","og_availability":"instock","product_availability":"instock","product_retailer_item_id":"4075700105092","product_condition":"new"},"df_price":22.03,"df_sale_price":"","df_regular_price":22.03,"df_image_link":"https:\/\/www.lifenatura.com\/wp-content\/uploads\/2021\/09\/ampolas-acido-hialuronico-krauterhof-300x300.jpg","_links":{"self":[{"href":"https:\/\/www.lifenatura.com\/es\/wp-json\/wp\/v2\/product\/39032","targetHints":{"allow":["GET"]}}],"collection":[{"href":"https:\/\/www.lifenatura.com\/es\/wp-json\/wp\/v2\/product"}],"about":[{"href":"https:\/\/www.lifenatura.com\/es\/wp-json\/wp\/v2\/types\/product"}],"wp:featuredmedia":[{"embeddable":true,"href":"https:\/\/www.lifenatura.com\/es\/wp-json\/wp\/v2\/media\/125216"}],"wp:attachment":[{"href":"https:\/\/www.lifenatura.com\/es\/wp-json\/wp\/v2\/media?parent=39032"}],"wp:term":[{"taxonomy":"product_brand","embeddable":true,"href":"https:\/\/www.lifenatura.com\/es\/wp-json\/wp\/v2\/product_brand?post=39032"},{"taxonomy":"product_cat","embeddable":true,"href":"https:\/\/www.lifenatura.com\/es\/wp-json\/wp\/v2\/product_cat?post=39032"},{"taxonomy":"product_tag","embeddable":true,"href":"https:\/\/www.lifenatura.com\/es\/wp-json\/wp\/v2\/product_tag?post=39032"}],"curies":[{"name":"wp","href":"https:\/\/api.w.org\/{rel}","templated":true}]}}