{"id":39026,"date":"2021-09-30T10:16:35","date_gmt":"2021-09-30T10:16:35","guid":{"rendered":"https:\/\/lifenatura.dev.agenciagetdigital.com\/produto\/pferde-balsamo-efecto-frio-500-ml-krauterhof\/"},"modified":"2026-01-28T14:20:47","modified_gmt":"2026-01-28T14:20:47","slug":"pferde-balsamo-efecto-frio-500-ml-krauterhof","status":"publish","type":"product","link":"https:\/\/www.lifenatura.com\/es\/produto\/pferde-balsamo-efecto-frio-500-ml-krauterhof\/","title":{"rendered":"Pferde Balsamo del Caballo Efecto Frio 500 ml &#8211; Krauterhof"},"content":{"rendered":"<h2 style=\"text-align: left;\"><strong>Pferde B\u00e1lsamo del Caballo efecto fr\u00edo refrescante muscular<\/strong><\/h2>\n<p>&nbsp;<\/p>\n<p>El Original Pferde Balsamo (tambi\u00e9n conocido como B\u00e1lsamo del Caballo) es un b\u00e1lsamo que activa la circulaci\u00f3n sangu\u00ednea y refresca la piel cansada y dolorida tras el esfuerzo f\u00edsico o muscular.<\/p>\n<p>Se recomienda para refrescar y proporcionar una sensaci\u00f3n de alivio y confort en las zonas musculares inmediatamente despu\u00e9s del trabajo, los entrenamientos deportivos, las actividades f\u00edsicas intensas, los largos periodos al volante, el baile u otras actividades laborales o recreativas. Indicado siempre que sea necesario aliviar el dolor y\/o la tensi\u00f3n muscular.<\/p>\n<p>B\u00e1lsamo muscular refrescante con valiosos extractos de plantas y aceites, como mentol, alcanfor, hojas de menta japonesa, hojas de romero, semillas de casta\u00f1o de India y flores de \u00e1rnica, asociados al \u00e1cido l\u00e1ctico.<\/p>\n<p><strong>PRESENTACI\u00d3N<\/strong><\/p>\n<p>500 ml<\/p>\n<p>&nbsp;<\/p>\n","protected":false},"excerpt":{"rendered":"<p>Pferde Balsamo de Caballo efecto Fr\u00edo es un B\u00e1lsamo que activa la circulaci\u00f3n sangu\u00ednea y refresca la piel cansada tras un esfuerzo f\u00edsico o muscular. [&#8230;]<\/p>\n<p><a class=\"btn btn-secondary understrap-read-more-link\" href=\"https:\/\/www.lifenatura.com\/es\/produto\/pferde-balsamo-efecto-frio-500-ml-krauterhof\/\">Leer m\u00e1s&#8230;<span class=\"screen-reader-text\"> from Pferde Balsamo del Caballo Efecto Frio 500 ml &#8211; Krauterhof<\/span><\/a><\/p>\n","protected":false},"featured_media":125251,"template":"","meta":{"_acf_changed":false},"product_brand":[8460],"product_cat":[7671,7205,7659,7263,7179,7273],"product_tag":[],"class_list":{"0":"post-39026","1":"product","2":"type-product","3":"status-publish","4":"has-post-thumbnail","6":"product_brand-krauterhof-es","7":"product_cat-arnica-bio","8":"product_cat-articulaciones","9":"product_cat-ingrediente-natural-bio","10":"product_cat-packs-de-salud","11":"product_cat-salud","12":"product_cat-top-10-ventas","13":"pa_dicas-balsamo-caballo-principais-beneficios","14":"pa_dicas-pferde-balsam-gama-frio-caliente","16":"first","17":"instock","18":"sale","19":"shipping-taxable","20":"purchasable","21":"product-type-simple","22":"add-to-wishlist-before_image"},"acf":[],"yoast_head":"<!-- This site is optimized with the Yoast SEO Premium plugin v27.1 (Yoast SEO v27.5) - https:\/\/yoast.com\/product\/yoast-seo-premium-wordpress\/ -->\n<title>Pferde Balsamo de Caballo Efecto Frio Krauterhof - Lifenatura<\/title>\n<meta name=\"description\" content=\"Pferde Balsamo de Caballo efecto Fr\u00edo es un B\u00e1lsamo que activa la circulaci\u00f3n sangu\u00ednea y refresca la piel cansada tras un esfuerzo f\u00edsico o muscular.\" \/>\n<meta name=\"robots\" content=\"index, follow, max-snippet:-1, max-image-preview:large, max-video-preview:-1\" \/>\n<link rel=\"canonical\" href=\"https:\/\/www.lifenatura.com\/es\/produto\/pferde-balsamo-efecto-frio-500-ml-krauterhof\/\" \/>\n<meta property=\"og:locale\" content=\"es_ES\" \/>\n<meta property=\"og:type\" content=\"article\" \/>\n<meta property=\"og:title\" content=\"Pferde Balsamo del Caballo Efecto Frio 500 ml - Krauterhof - Na Lifenatura ao Melhor Pre\u00e7o | Envio 48h\" \/>\n<meta property=\"og:description\" content=\"Compre Pferde Balsamo del Caballo Efecto Frio 500 ml - Krauterhof com envio r\u00e1pido. Entrega em 48h e portes gr\u00e1tis em compras &gt;35\u20ac. Aproveite j\u00e1 na Lifenatura\" \/>\n<meta property=\"og:url\" content=\"https:\/\/www.lifenatura.com\/es\/produto\/pferde-balsamo-efecto-frio-500-ml-krauterhof\/\" \/>\n<meta property=\"og:site_name\" content=\"Lifenatura\" \/>\n<meta property=\"article:publisher\" content=\"https:\/\/www.facebook.com\/lifenatura\" \/>\n<meta property=\"article:modified_time\" content=\"2026-01-28T14:20:47+00:00\" \/>\n<meta property=\"og:image\" content=\"https:\/\/www.lifenatura.com\/wp-content\/uploads\/2021\/09\/balsamo-cavalo-efeito-frio-krauterhof.jpg\" \/>\n\t<meta property=\"og:image:width\" content=\"1000\" \/>\n\t<meta property=\"og:image:height\" content=\"1000\" \/>\n\t<meta property=\"og:image:type\" content=\"image\/jpeg\" \/>\n<meta name=\"twitter:card\" content=\"summary_large_image\" \/>\n<meta name=\"twitter:label1\" content=\"Precio\" \/>\n\t<meta name=\"twitter:data1\" content=\"10,90&nbsp;&euro;\" \/>\n\t<meta name=\"twitter:label2\" content=\"Disponibilidad\" \/>\n\t<meta name=\"twitter:data2\" content=\"Disponible\" \/>\n<script type=\"application\/ld+json\" class=\"yoast-schema-graph\">{\"@context\":\"https:\\\/\\\/schema.org\",\"@graph\":[{\"@type\":\"WebPage\",\"@id\":\"https:\\\/\\\/www.lifenatura.com\\\/es\\\/produto\\\/pferde-balsamo-efecto-frio-500-ml-krauterhof\\\/\",\"url\":\"https:\\\/\\\/www.lifenatura.com\\\/es\\\/produto\\\/pferde-balsamo-efecto-frio-500-ml-krauterhof\\\/\",\"name\":\"Pferde Balsamo de Caballo Efecto Frio Krauterhof - Lifenatura\",\"isPartOf\":{\"@id\":\"https:\\\/\\\/www.lifenatura.com\\\/es\\\/#website\"},\"primaryImageOfPage\":{\"@id\":\"https:\\\/\\\/www.lifenatura.com\\\/es\\\/produto\\\/pferde-balsamo-efecto-frio-500-ml-krauterhof\\\/#primaryimage\"},\"image\":{\"@id\":\"https:\\\/\\\/www.lifenatura.com\\\/es\\\/produto\\\/pferde-balsamo-efecto-frio-500-ml-krauterhof\\\/#primaryimage\"},\"thumbnailUrl\":\"https:\\\/\\\/www.lifenatura.com\\\/wp-content\\\/uploads\\\/2021\\\/09\\\/balsamo-cavalo-efeito-frio-krauterhof.jpg\",\"datePublished\":\"2021-09-30T10:16:35+00:00\",\"dateModified\":\"2026-01-28T14:20:47+00:00\",\"description\":\"Pferde Balsamo de Caballo efecto Fr\u00edo es un B\u00e1lsamo que activa la circulaci\u00f3n sangu\u00ednea y refresca la piel cansada tras un esfuerzo f\u00edsico o muscular.\",\"breadcrumb\":{\"@id\":\"https:\\\/\\\/www.lifenatura.com\\\/es\\\/produto\\\/pferde-balsamo-efecto-frio-500-ml-krauterhof\\\/#breadcrumb\"},\"inLanguage\":\"es\",\"potentialAction\":[{\"@type\":\"ReadAction\",\"target\":[\"https:\\\/\\\/www.lifenatura.com\\\/es\\\/produto\\\/pferde-balsamo-efecto-frio-500-ml-krauterhof\\\/\"]}]},{\"@type\":\"ImageObject\",\"inLanguage\":\"es\",\"@id\":\"https:\\\/\\\/www.lifenatura.com\\\/es\\\/produto\\\/pferde-balsamo-efecto-frio-500-ml-krauterhof\\\/#primaryimage\",\"url\":\"https:\\\/\\\/www.lifenatura.com\\\/wp-content\\\/uploads\\\/2021\\\/09\\\/balsamo-cavalo-efeito-frio-krauterhof.jpg\",\"contentUrl\":\"https:\\\/\\\/www.lifenatura.com\\\/wp-content\\\/uploads\\\/2021\\\/09\\\/balsamo-cavalo-efeito-frio-krauterhof.jpg\",\"width\":1000,\"height\":1000,\"caption\":\"Pferde Balsamo do Cavalo efeito frio Krauterhof\"},{\"@type\":\"BreadcrumbList\",\"@id\":\"https:\\\/\\\/www.lifenatura.com\\\/es\\\/produto\\\/pferde-balsamo-efecto-frio-500-ml-krauterhof\\\/#breadcrumb\",\"itemListElement\":[{\"@type\":\"ListItem\",\"position\":1,\"name\":\"In\u00edcio\",\"item\":\"https:\\\/\\\/www.lifenatura.com\\\/es\\\/\"},{\"@type\":\"ListItem\",\"position\":2,\"name\":\"Todos los Productos\",\"item\":\"https:\\\/\\\/www.lifenatura.com\\\/es\\\/tienda\\\/\"},{\"@type\":\"ListItem\",\"position\":3,\"name\":\"Pferde Balsamo del Caballo Efecto Frio 500 ml &#8211; Krauterhof\"}]},{\"@type\":\"WebSite\",\"@id\":\"https:\\\/\\\/www.lifenatura.com\\\/es\\\/#website\",\"url\":\"https:\\\/\\\/www.lifenatura.com\\\/es\\\/\",\"name\":\"Lifenatura\",\"description\":\"A Lifenatura \u00e9 uma loja de produtos naturais, cosm\u00e9tica natural e alimenta\u00e7\u00e3o Biol\u00f3gica.\",\"publisher\":{\"@id\":\"https:\\\/\\\/www.lifenatura.com\\\/es\\\/#organization\"},\"potentialAction\":[{\"@type\":\"SearchAction\",\"target\":{\"@type\":\"EntryPoint\",\"urlTemplate\":\"https:\\\/\\\/www.lifenatura.com\\\/es\\\/?s={search_term_string}\"},\"query-input\":{\"@type\":\"PropertyValueSpecification\",\"valueRequired\":true,\"valueName\":\"search_term_string\"}}],\"inLanguage\":\"es\"},{\"@type\":\"Organization\",\"@id\":\"https:\\\/\\\/www.lifenatura.com\\\/es\\\/#organization\",\"name\":\"Lifenatura\",\"url\":\"https:\\\/\\\/www.lifenatura.com\\\/es\\\/\",\"logo\":{\"@type\":\"ImageObject\",\"inLanguage\":\"es\",\"@id\":\"https:\\\/\\\/www.lifenatura.com\\\/es\\\/#\\\/schema\\\/logo\\\/image\\\/\",\"url\":\"https:\\\/\\\/www.lifenatura.com\\\/wp-content\\\/uploads\\\/2021\\\/07\\\/logo.png\",\"contentUrl\":\"https:\\\/\\\/www.lifenatura.com\\\/wp-content\\\/uploads\\\/2021\\\/07\\\/logo.png\",\"width\":175,\"height\":55,\"caption\":\"Lifenatura\"},\"image\":{\"@id\":\"https:\\\/\\\/www.lifenatura.com\\\/es\\\/#\\\/schema\\\/logo\\\/image\\\/\"},\"sameAs\":[\"https:\\\/\\\/www.facebook.com\\\/lifenatura\",\"https:\\\/\\\/www.instagram.com\\\/lifenaturapt\\\/\"],\"hasMerchantReturnPolicy\":{\"@type\":\"MerchantReturnPolicy\",\"merchantReturnLink\":\"https:\\\/\\\/www.lifenatura.com\\\/termos-condicoes-lifenatura\\\/\"}}]}<\/script>\n<meta property=\"product:price:amount\" content=\"10.90\" \/>\n<meta property=\"product:price:currency\" content=\"EUR\" \/>\n<meta property=\"og:availability\" content=\"instock\" \/>\n<meta property=\"product:availability\" content=\"instock\" \/>\n<meta property=\"product:retailer_item_id\" content=\"4075700054703\" \/>\n<meta property=\"product:condition\" content=\"new\" \/>\n<!-- \/ Yoast SEO Premium plugin. -->","yoast_head_json":{"title":"Pferde Balsamo de Caballo Efecto Frio Krauterhof - Lifenatura","description":"Pferde Balsamo de Caballo efecto Fr\u00edo es un B\u00e1lsamo que activa la circulaci\u00f3n sangu\u00ednea y refresca la piel cansada tras un esfuerzo f\u00edsico o muscular.","robots":{"index":"index","follow":"follow","max-snippet":"max-snippet:-1","max-image-preview":"max-image-preview:large","max-video-preview":"max-video-preview:-1"},"canonical":"https:\/\/www.lifenatura.com\/es\/produto\/pferde-balsamo-efecto-frio-500-ml-krauterhof\/","og_locale":"es_ES","og_type":"article","og_title":"Pferde Balsamo del Caballo Efecto Frio 500 ml - Krauterhof - Na Lifenatura ao Melhor Pre\u00e7o | Envio 48h","og_description":"Compre Pferde Balsamo del Caballo Efecto Frio 500 ml - Krauterhof com envio r\u00e1pido. Entrega em 48h e portes gr\u00e1tis em compras >35\u20ac. Aproveite j\u00e1 na Lifenatura","og_url":"https:\/\/www.lifenatura.com\/es\/produto\/pferde-balsamo-efecto-frio-500-ml-krauterhof\/","og_site_name":"Lifenatura","article_publisher":"https:\/\/www.facebook.com\/lifenatura","article_modified_time":"2026-01-28T14:20:47+00:00","og_image":[{"width":1000,"height":1000,"url":"https:\/\/www.lifenatura.com\/wp-content\/uploads\/2021\/09\/balsamo-cavalo-efeito-frio-krauterhof.jpg","type":"image\/jpeg"}],"twitter_card":"summary_large_image","twitter_misc":{"Precio":"10,90&nbsp;&euro;","Disponibilidad":"Disponible"},"schema":{"@context":"https:\/\/schema.org","@graph":[{"@type":"WebPage","@id":"https:\/\/www.lifenatura.com\/es\/produto\/pferde-balsamo-efecto-frio-500-ml-krauterhof\/","url":"https:\/\/www.lifenatura.com\/es\/produto\/pferde-balsamo-efecto-frio-500-ml-krauterhof\/","name":"Pferde Balsamo de Caballo Efecto Frio Krauterhof - Lifenatura","isPartOf":{"@id":"https:\/\/www.lifenatura.com\/es\/#website"},"primaryImageOfPage":{"@id":"https:\/\/www.lifenatura.com\/es\/produto\/pferde-balsamo-efecto-frio-500-ml-krauterhof\/#primaryimage"},"image":{"@id":"https:\/\/www.lifenatura.com\/es\/produto\/pferde-balsamo-efecto-frio-500-ml-krauterhof\/#primaryimage"},"thumbnailUrl":"https:\/\/www.lifenatura.com\/wp-content\/uploads\/2021\/09\/balsamo-cavalo-efeito-frio-krauterhof.jpg","datePublished":"2021-09-30T10:16:35+00:00","dateModified":"2026-01-28T14:20:47+00:00","description":"Pferde Balsamo de Caballo efecto Fr\u00edo es un B\u00e1lsamo que activa la circulaci\u00f3n sangu\u00ednea y refresca la piel cansada tras un esfuerzo f\u00edsico o muscular.","breadcrumb":{"@id":"https:\/\/www.lifenatura.com\/es\/produto\/pferde-balsamo-efecto-frio-500-ml-krauterhof\/#breadcrumb"},"inLanguage":"es","potentialAction":[{"@type":"ReadAction","target":["https:\/\/www.lifenatura.com\/es\/produto\/pferde-balsamo-efecto-frio-500-ml-krauterhof\/"]}]},{"@type":"ImageObject","inLanguage":"es","@id":"https:\/\/www.lifenatura.com\/es\/produto\/pferde-balsamo-efecto-frio-500-ml-krauterhof\/#primaryimage","url":"https:\/\/www.lifenatura.com\/wp-content\/uploads\/2021\/09\/balsamo-cavalo-efeito-frio-krauterhof.jpg","contentUrl":"https:\/\/www.lifenatura.com\/wp-content\/uploads\/2021\/09\/balsamo-cavalo-efeito-frio-krauterhof.jpg","width":1000,"height":1000,"caption":"Pferde Balsamo do Cavalo efeito frio Krauterhof"},{"@type":"BreadcrumbList","@id":"https:\/\/www.lifenatura.com\/es\/produto\/pferde-balsamo-efecto-frio-500-ml-krauterhof\/#breadcrumb","itemListElement":[{"@type":"ListItem","position":1,"name":"In\u00edcio","item":"https:\/\/www.lifenatura.com\/es\/"},{"@type":"ListItem","position":2,"name":"Todos los Productos","item":"https:\/\/www.lifenatura.com\/es\/tienda\/"},{"@type":"ListItem","position":3,"name":"Pferde Balsamo del Caballo Efecto Frio 500 ml &#8211; Krauterhof"}]},{"@type":"WebSite","@id":"https:\/\/www.lifenatura.com\/es\/#website","url":"https:\/\/www.lifenatura.com\/es\/","name":"Lifenatura","description":"A Lifenatura \u00e9 uma loja de produtos naturais, cosm\u00e9tica natural e alimenta\u00e7\u00e3o Biol\u00f3gica.","publisher":{"@id":"https:\/\/www.lifenatura.com\/es\/#organization"},"potentialAction":[{"@type":"SearchAction","target":{"@type":"EntryPoint","urlTemplate":"https:\/\/www.lifenatura.com\/es\/?s={search_term_string}"},"query-input":{"@type":"PropertyValueSpecification","valueRequired":true,"valueName":"search_term_string"}}],"inLanguage":"es"},{"@type":"Organization","@id":"https:\/\/www.lifenatura.com\/es\/#organization","name":"Lifenatura","url":"https:\/\/www.lifenatura.com\/es\/","logo":{"@type":"ImageObject","inLanguage":"es","@id":"https:\/\/www.lifenatura.com\/es\/#\/schema\/logo\/image\/","url":"https:\/\/www.lifenatura.com\/wp-content\/uploads\/2021\/07\/logo.png","contentUrl":"https:\/\/www.lifenatura.com\/wp-content\/uploads\/2021\/07\/logo.png","width":175,"height":55,"caption":"Lifenatura"},"image":{"@id":"https:\/\/www.lifenatura.com\/es\/#\/schema\/logo\/image\/"},"sameAs":["https:\/\/www.facebook.com\/lifenatura","https:\/\/www.instagram.com\/lifenaturapt\/"],"hasMerchantReturnPolicy":{"@type":"MerchantReturnPolicy","merchantReturnLink":"https:\/\/www.lifenatura.com\/termos-condicoes-lifenatura\/"}}]},"product_price_amount":"10.90","product_price_currency":"EUR","og_availability":"instock","product_availability":"instock","product_retailer_item_id":"4075700054703","product_condition":"new"},"df_price":10.9,"df_sale_price":10.9,"df_regular_price":12.9,"df_image_link":"https:\/\/www.lifenatura.com\/wp-content\/uploads\/2021\/09\/balsamo-cavalo-efeito-frio-krauterhof-300x300.jpg","_links":{"self":[{"href":"https:\/\/www.lifenatura.com\/es\/wp-json\/wp\/v2\/product\/39026","targetHints":{"allow":["GET"]}}],"collection":[{"href":"https:\/\/www.lifenatura.com\/es\/wp-json\/wp\/v2\/product"}],"about":[{"href":"https:\/\/www.lifenatura.com\/es\/wp-json\/wp\/v2\/types\/product"}],"wp:featuredmedia":[{"embeddable":true,"href":"https:\/\/www.lifenatura.com\/es\/wp-json\/wp\/v2\/media\/125251"}],"wp:attachment":[{"href":"https:\/\/www.lifenatura.com\/es\/wp-json\/wp\/v2\/media?parent=39026"}],"wp:term":[{"taxonomy":"product_brand","embeddable":true,"href":"https:\/\/www.lifenatura.com\/es\/wp-json\/wp\/v2\/product_brand?post=39026"},{"taxonomy":"product_cat","embeddable":true,"href":"https:\/\/www.lifenatura.com\/es\/wp-json\/wp\/v2\/product_cat?post=39026"},{"taxonomy":"product_tag","embeddable":true,"href":"https:\/\/www.lifenatura.com\/es\/wp-json\/wp\/v2\/product_tag?post=39026"}],"curies":[{"name":"wp","href":"https:\/\/api.w.org\/{rel}","templated":true}]}}