{"id":39017,"date":"2021-09-30T10:16:15","date_gmt":"2021-09-30T10:16:15","guid":{"rendered":"https:\/\/lifenatura.dev.agenciagetdigital.com\/produto\/champu-cafeina-haar-aktivator-250-ml-krauterhof\/"},"modified":"2026-01-28T18:36:39","modified_gmt":"2026-01-28T18:36:39","slug":"champu-cafeina-haar-aktivator-250-ml-krauterhof","status":"publish","type":"product","link":"https:\/\/www.lifenatura.com\/es\/produto\/champu-cafeina-haar-aktivator-250-ml-krauterhof\/","title":{"rendered":"Champ\u00fa Activador Capilar Cafe\u00edna 250 ml &#8211; Krauterhof"},"content":{"rendered":"<h2 style=\"text-align: left;\"><strong>Champ\u00fa activador capilar con cafe\u00edna<\/strong><\/h2>\n<p>&nbsp;<\/p>\n<p>Es un champ\u00fa con cafe\u00edna, sin silicona, adecuado para todo tipo de cabello, que ofrece un cuidado y nutrici\u00f3n capilar completos para promover un cabello fuerte, brillante y saludable.<\/p>\n<p>Con acci\u00f3n nutritiva y refrescante, es rico en cafe\u00edna que estimula el cuero cabelludo, la ra\u00edz capilar y el cabello, promoviendo su crecimiento fuerte y saludable. Mejora visiblemente la condici\u00f3n del cabello, haci\u00e9ndolo m\u00e1s fuerte, flexible, brillante y voluminoso.<\/p>\n<p>El \u00e1cido hialur\u00f3nico de este champ\u00fa es importante en la constituci\u00f3n de la matriz extracelular, con importantes propiedades analg\u00e9sicas y antiinflamatorias. Los estudios revelan que el t\u00e9 verde tambi\u00e9n tiene acci\u00f3n antiinflamatoria y que, en aplicaci\u00f3n t\u00f3pica, es beneficioso para prevenir lesiones causadas por radiaciones, pudiendo incluso evitar la progresi\u00f3n de papilomas a carcinomas.<\/p>\n<p>Champ\u00fa activador capilar, sin silicona, para el cuidado nutritivo y el brillo, adecuado para todo tipo de cabello, a base de cafe\u00edna, fitoqueratina, \u00e1cido hialur\u00f3nico y t\u00e9 verde.<\/p>\n<p><strong>PRESENTACI\u00d3N<\/strong><\/p>\n<p>250 ml<\/p>\n<p>&nbsp;<\/p>\n","protected":false},"excerpt":{"rendered":"<p>Es un shampo de cafe\u00edna, exento de silicona, adecuado para todos los tipos de cabello, que ofrece un cuidado y la nutrici\u00f3n capilar completos. [&#8230;]<\/p>\n<p><a class=\"btn btn-secondary understrap-read-more-link\" href=\"https:\/\/www.lifenatura.com\/es\/produto\/champu-cafeina-haar-aktivator-250-ml-krauterhof\/\">Leer m\u00e1s&#8230;<span class=\"screen-reader-text\"> from Champ\u00fa Activador Capilar Cafe\u00edna 250 ml &#8211; Krauterhof<\/span><\/a><\/p>\n","protected":false},"featured_media":20442,"template":"","meta":{"_acf_changed":false},"product_brand":[8460],"product_cat":[7124,7130,7653,7659,7159],"product_tag":[],"class_list":{"0":"post-39017","1":"product","2":"type-product","3":"status-publish","4":"has-post-thumbnail","6":"product_brand-krauterhof-es","7":"product_cat-cabello","8":"product_cat-champu-natural","9":"product_cat-cosmetica-natural-lifenatura","10":"product_cat-ingrediente-natural-bio","11":"product_cat-te-verde","13":"first","14":"instock","15":"shipping-taxable","16":"purchasable","17":"product-type-simple","18":"add-to-wishlist-before_image"},"acf":[],"yoast_head":"<!-- This site is optimized with the Yoast SEO Premium plugin v27.1 (Yoast SEO v27.5) - https:\/\/yoast.com\/product\/yoast-seo-premium-wordpress\/ -->\n<title>Champ\u00fa Activador Capilar Cafe\u00edna Krauterhof - Lifenatura<\/title>\n<meta name=\"description\" content=\"Es un shampo de cafe\u00edna, exento de silicona, adecuado para todos los tipos de cabello, que ofrece un cuidado y la nutrici\u00f3n capilar completos.\" \/>\n<meta name=\"robots\" content=\"index, follow, max-snippet:-1, max-image-preview:large, max-video-preview:-1\" \/>\n<link rel=\"canonical\" href=\"https:\/\/www.lifenatura.com\/es\/produto\/champu-cafeina-haar-aktivator-250-ml-krauterhof\/\" \/>\n<meta property=\"og:locale\" content=\"es_ES\" \/>\n<meta property=\"og:type\" content=\"article\" \/>\n<meta property=\"og:title\" content=\"Champ\u00fa Activador Capilar Cafe\u00edna 250 ml - Krauterhof - Na Lifenatura ao Melhor Pre\u00e7o | Envio 48h\" \/>\n<meta property=\"og:description\" content=\"Compre Champ\u00fa Activador Capilar Cafe\u00edna 250 ml - Krauterhof com envio r\u00e1pido. Entrega em 48h e portes gr\u00e1tis em compras &gt;35\u20ac. Aproveite j\u00e1 na Lifenatura\" \/>\n<meta property=\"og:url\" content=\"https:\/\/www.lifenatura.com\/es\/produto\/champu-cafeina-haar-aktivator-250-ml-krauterhof\/\" \/>\n<meta property=\"og:site_name\" content=\"Lifenatura\" \/>\n<meta property=\"article:publisher\" content=\"https:\/\/www.facebook.com\/lifenatura\" \/>\n<meta property=\"article:modified_time\" content=\"2026-01-28T18:36:39+00:00\" \/>\n<meta property=\"og:image\" content=\"https:\/\/www.lifenatura.com\/wp-content\/uploads\/2021\/09\/gd_coffein-shampoo-haar-aktivator-250-ml-krauterhof.jpg\" \/>\n\t<meta property=\"og:image:width\" content=\"1000\" \/>\n\t<meta property=\"og:image:height\" content=\"1000\" \/>\n\t<meta property=\"og:image:type\" content=\"image\/jpeg\" \/>\n<meta name=\"twitter:card\" content=\"summary_large_image\" \/>\n<meta name=\"twitter:label1\" content=\"Precio\" \/>\n\t<meta name=\"twitter:data1\" content=\"8,69&nbsp;&euro;\" \/>\n\t<meta name=\"twitter:label2\" content=\"Disponibilidad\" \/>\n\t<meta name=\"twitter:data2\" content=\"Disponible\" \/>\n<script type=\"application\/ld+json\" class=\"yoast-schema-graph\">{\"@context\":\"https:\\\/\\\/schema.org\",\"@graph\":[{\"@type\":\"WebPage\",\"@id\":\"https:\\\/\\\/www.lifenatura.com\\\/es\\\/produto\\\/champu-cafeina-haar-aktivator-250-ml-krauterhof\\\/\",\"url\":\"https:\\\/\\\/www.lifenatura.com\\\/es\\\/produto\\\/champu-cafeina-haar-aktivator-250-ml-krauterhof\\\/\",\"name\":\"Champ\u00fa Activador Capilar Cafe\u00edna Krauterhof - Lifenatura\",\"isPartOf\":{\"@id\":\"https:\\\/\\\/www.lifenatura.com\\\/es\\\/#website\"},\"primaryImageOfPage\":{\"@id\":\"https:\\\/\\\/www.lifenatura.com\\\/es\\\/produto\\\/champu-cafeina-haar-aktivator-250-ml-krauterhof\\\/#primaryimage\"},\"image\":{\"@id\":\"https:\\\/\\\/www.lifenatura.com\\\/es\\\/produto\\\/champu-cafeina-haar-aktivator-250-ml-krauterhof\\\/#primaryimage\"},\"thumbnailUrl\":\"https:\\\/\\\/www.lifenatura.com\\\/wp-content\\\/uploads\\\/2021\\\/09\\\/gd_coffein-shampoo-haar-aktivator-250-ml-krauterhof.jpg\",\"datePublished\":\"2021-09-30T10:16:15+00:00\",\"dateModified\":\"2026-01-28T18:36:39+00:00\",\"description\":\"Es un shampo de cafe\u00edna, exento de silicona, adecuado para todos los tipos de cabello, que ofrece un cuidado y la nutrici\u00f3n capilar completos.\",\"breadcrumb\":{\"@id\":\"https:\\\/\\\/www.lifenatura.com\\\/es\\\/produto\\\/champu-cafeina-haar-aktivator-250-ml-krauterhof\\\/#breadcrumb\"},\"inLanguage\":\"es\",\"potentialAction\":[{\"@type\":\"ReadAction\",\"target\":[\"https:\\\/\\\/www.lifenatura.com\\\/es\\\/produto\\\/champu-cafeina-haar-aktivator-250-ml-krauterhof\\\/\"]}]},{\"@type\":\"ImageObject\",\"inLanguage\":\"es\",\"@id\":\"https:\\\/\\\/www.lifenatura.com\\\/es\\\/produto\\\/champu-cafeina-haar-aktivator-250-ml-krauterhof\\\/#primaryimage\",\"url\":\"https:\\\/\\\/www.lifenatura.com\\\/wp-content\\\/uploads\\\/2021\\\/09\\\/gd_coffein-shampoo-haar-aktivator-250-ml-krauterhof.jpg\",\"contentUrl\":\"https:\\\/\\\/www.lifenatura.com\\\/wp-content\\\/uploads\\\/2021\\\/09\\\/gd_coffein-shampoo-haar-aktivator-250-ml-krauterhof.jpg\",\"width\":1000,\"height\":1000,\"caption\":\"Champ\u00fa Cafe\u00edna Haar Aktivator 250 ml - Krauterhof\"},{\"@type\":\"BreadcrumbList\",\"@id\":\"https:\\\/\\\/www.lifenatura.com\\\/es\\\/produto\\\/champu-cafeina-haar-aktivator-250-ml-krauterhof\\\/#breadcrumb\",\"itemListElement\":[{\"@type\":\"ListItem\",\"position\":1,\"name\":\"In\u00edcio\",\"item\":\"https:\\\/\\\/www.lifenatura.com\\\/es\\\/\"},{\"@type\":\"ListItem\",\"position\":2,\"name\":\"Todos los Productos\",\"item\":\"https:\\\/\\\/www.lifenatura.com\\\/es\\\/tienda\\\/\"},{\"@type\":\"ListItem\",\"position\":3,\"name\":\"Champ\u00fa Activador Capilar Cafe\u00edna 250 ml &#8211; Krauterhof\"}]},{\"@type\":\"WebSite\",\"@id\":\"https:\\\/\\\/www.lifenatura.com\\\/es\\\/#website\",\"url\":\"https:\\\/\\\/www.lifenatura.com\\\/es\\\/\",\"name\":\"Lifenatura\",\"description\":\"A Lifenatura \u00e9 uma loja de produtos naturais, cosm\u00e9tica natural e alimenta\u00e7\u00e3o Biol\u00f3gica.\",\"publisher\":{\"@id\":\"https:\\\/\\\/www.lifenatura.com\\\/es\\\/#organization\"},\"potentialAction\":[{\"@type\":\"SearchAction\",\"target\":{\"@type\":\"EntryPoint\",\"urlTemplate\":\"https:\\\/\\\/www.lifenatura.com\\\/es\\\/?s={search_term_string}\"},\"query-input\":{\"@type\":\"PropertyValueSpecification\",\"valueRequired\":true,\"valueName\":\"search_term_string\"}}],\"inLanguage\":\"es\"},{\"@type\":\"Organization\",\"@id\":\"https:\\\/\\\/www.lifenatura.com\\\/es\\\/#organization\",\"name\":\"Lifenatura\",\"url\":\"https:\\\/\\\/www.lifenatura.com\\\/es\\\/\",\"logo\":{\"@type\":\"ImageObject\",\"inLanguage\":\"es\",\"@id\":\"https:\\\/\\\/www.lifenatura.com\\\/es\\\/#\\\/schema\\\/logo\\\/image\\\/\",\"url\":\"https:\\\/\\\/www.lifenatura.com\\\/wp-content\\\/uploads\\\/2021\\\/07\\\/logo.png\",\"contentUrl\":\"https:\\\/\\\/www.lifenatura.com\\\/wp-content\\\/uploads\\\/2021\\\/07\\\/logo.png\",\"width\":175,\"height\":55,\"caption\":\"Lifenatura\"},\"image\":{\"@id\":\"https:\\\/\\\/www.lifenatura.com\\\/es\\\/#\\\/schema\\\/logo\\\/image\\\/\"},\"sameAs\":[\"https:\\\/\\\/www.facebook.com\\\/lifenatura\",\"https:\\\/\\\/www.instagram.com\\\/lifenaturapt\\\/\"],\"hasMerchantReturnPolicy\":{\"@type\":\"MerchantReturnPolicy\",\"merchantReturnLink\":\"https:\\\/\\\/www.lifenatura.com\\\/termos-condicoes-lifenatura\\\/\"}}]}<\/script>\n<meta property=\"product:price:amount\" content=\"8.69\" \/>\n<meta property=\"product:price:currency\" content=\"EUR\" \/>\n<meta property=\"og:availability\" content=\"instock\" \/>\n<meta property=\"product:availability\" content=\"instock\" \/>\n<meta property=\"product:retailer_item_id\" content=\"4075700104149\" \/>\n<meta property=\"product:condition\" content=\"new\" \/>\n<!-- \/ Yoast SEO Premium plugin. -->","yoast_head_json":{"title":"Champ\u00fa Activador Capilar Cafe\u00edna Krauterhof - Lifenatura","description":"Es un shampo de cafe\u00edna, exento de silicona, adecuado para todos los tipos de cabello, que ofrece un cuidado y la nutrici\u00f3n capilar completos.","robots":{"index":"index","follow":"follow","max-snippet":"max-snippet:-1","max-image-preview":"max-image-preview:large","max-video-preview":"max-video-preview:-1"},"canonical":"https:\/\/www.lifenatura.com\/es\/produto\/champu-cafeina-haar-aktivator-250-ml-krauterhof\/","og_locale":"es_ES","og_type":"article","og_title":"Champ\u00fa Activador Capilar Cafe\u00edna 250 ml - Krauterhof - Na Lifenatura ao Melhor Pre\u00e7o | Envio 48h","og_description":"Compre Champ\u00fa Activador Capilar Cafe\u00edna 250 ml - Krauterhof com envio r\u00e1pido. Entrega em 48h e portes gr\u00e1tis em compras >35\u20ac. Aproveite j\u00e1 na Lifenatura","og_url":"https:\/\/www.lifenatura.com\/es\/produto\/champu-cafeina-haar-aktivator-250-ml-krauterhof\/","og_site_name":"Lifenatura","article_publisher":"https:\/\/www.facebook.com\/lifenatura","article_modified_time":"2026-01-28T18:36:39+00:00","og_image":[{"width":1000,"height":1000,"url":"https:\/\/www.lifenatura.com\/wp-content\/uploads\/2021\/09\/gd_coffein-shampoo-haar-aktivator-250-ml-krauterhof.jpg","type":"image\/jpeg"}],"twitter_card":"summary_large_image","twitter_misc":{"Precio":"8,69&nbsp;&euro;","Disponibilidad":"Disponible"},"schema":{"@context":"https:\/\/schema.org","@graph":[{"@type":"WebPage","@id":"https:\/\/www.lifenatura.com\/es\/produto\/champu-cafeina-haar-aktivator-250-ml-krauterhof\/","url":"https:\/\/www.lifenatura.com\/es\/produto\/champu-cafeina-haar-aktivator-250-ml-krauterhof\/","name":"Champ\u00fa Activador Capilar Cafe\u00edna Krauterhof - Lifenatura","isPartOf":{"@id":"https:\/\/www.lifenatura.com\/es\/#website"},"primaryImageOfPage":{"@id":"https:\/\/www.lifenatura.com\/es\/produto\/champu-cafeina-haar-aktivator-250-ml-krauterhof\/#primaryimage"},"image":{"@id":"https:\/\/www.lifenatura.com\/es\/produto\/champu-cafeina-haar-aktivator-250-ml-krauterhof\/#primaryimage"},"thumbnailUrl":"https:\/\/www.lifenatura.com\/wp-content\/uploads\/2021\/09\/gd_coffein-shampoo-haar-aktivator-250-ml-krauterhof.jpg","datePublished":"2021-09-30T10:16:15+00:00","dateModified":"2026-01-28T18:36:39+00:00","description":"Es un shampo de cafe\u00edna, exento de silicona, adecuado para todos los tipos de cabello, que ofrece un cuidado y la nutrici\u00f3n capilar completos.","breadcrumb":{"@id":"https:\/\/www.lifenatura.com\/es\/produto\/champu-cafeina-haar-aktivator-250-ml-krauterhof\/#breadcrumb"},"inLanguage":"es","potentialAction":[{"@type":"ReadAction","target":["https:\/\/www.lifenatura.com\/es\/produto\/champu-cafeina-haar-aktivator-250-ml-krauterhof\/"]}]},{"@type":"ImageObject","inLanguage":"es","@id":"https:\/\/www.lifenatura.com\/es\/produto\/champu-cafeina-haar-aktivator-250-ml-krauterhof\/#primaryimage","url":"https:\/\/www.lifenatura.com\/wp-content\/uploads\/2021\/09\/gd_coffein-shampoo-haar-aktivator-250-ml-krauterhof.jpg","contentUrl":"https:\/\/www.lifenatura.com\/wp-content\/uploads\/2021\/09\/gd_coffein-shampoo-haar-aktivator-250-ml-krauterhof.jpg","width":1000,"height":1000,"caption":"Champ\u00fa Cafe\u00edna Haar Aktivator 250 ml - Krauterhof"},{"@type":"BreadcrumbList","@id":"https:\/\/www.lifenatura.com\/es\/produto\/champu-cafeina-haar-aktivator-250-ml-krauterhof\/#breadcrumb","itemListElement":[{"@type":"ListItem","position":1,"name":"In\u00edcio","item":"https:\/\/www.lifenatura.com\/es\/"},{"@type":"ListItem","position":2,"name":"Todos los Productos","item":"https:\/\/www.lifenatura.com\/es\/tienda\/"},{"@type":"ListItem","position":3,"name":"Champ\u00fa Activador Capilar Cafe\u00edna 250 ml &#8211; Krauterhof"}]},{"@type":"WebSite","@id":"https:\/\/www.lifenatura.com\/es\/#website","url":"https:\/\/www.lifenatura.com\/es\/","name":"Lifenatura","description":"A Lifenatura \u00e9 uma loja de produtos naturais, cosm\u00e9tica natural e alimenta\u00e7\u00e3o Biol\u00f3gica.","publisher":{"@id":"https:\/\/www.lifenatura.com\/es\/#organization"},"potentialAction":[{"@type":"SearchAction","target":{"@type":"EntryPoint","urlTemplate":"https:\/\/www.lifenatura.com\/es\/?s={search_term_string}"},"query-input":{"@type":"PropertyValueSpecification","valueRequired":true,"valueName":"search_term_string"}}],"inLanguage":"es"},{"@type":"Organization","@id":"https:\/\/www.lifenatura.com\/es\/#organization","name":"Lifenatura","url":"https:\/\/www.lifenatura.com\/es\/","logo":{"@type":"ImageObject","inLanguage":"es","@id":"https:\/\/www.lifenatura.com\/es\/#\/schema\/logo\/image\/","url":"https:\/\/www.lifenatura.com\/wp-content\/uploads\/2021\/07\/logo.png","contentUrl":"https:\/\/www.lifenatura.com\/wp-content\/uploads\/2021\/07\/logo.png","width":175,"height":55,"caption":"Lifenatura"},"image":{"@id":"https:\/\/www.lifenatura.com\/es\/#\/schema\/logo\/image\/"},"sameAs":["https:\/\/www.facebook.com\/lifenatura","https:\/\/www.instagram.com\/lifenaturapt\/"],"hasMerchantReturnPolicy":{"@type":"MerchantReturnPolicy","merchantReturnLink":"https:\/\/www.lifenatura.com\/termos-condicoes-lifenatura\/"}}]},"product_price_amount":"8.69","product_price_currency":"EUR","og_availability":"instock","product_availability":"instock","product_retailer_item_id":"4075700104149","product_condition":"new"},"df_price":8.69,"df_sale_price":"","df_regular_price":8.69,"df_image_link":"https:\/\/www.lifenatura.com\/wp-content\/uploads\/2021\/09\/gd_coffein-shampoo-haar-aktivator-250-ml-krauterhof-300x300.jpg","_links":{"self":[{"href":"https:\/\/www.lifenatura.com\/es\/wp-json\/wp\/v2\/product\/39017","targetHints":{"allow":["GET"]}}],"collection":[{"href":"https:\/\/www.lifenatura.com\/es\/wp-json\/wp\/v2\/product"}],"about":[{"href":"https:\/\/www.lifenatura.com\/es\/wp-json\/wp\/v2\/types\/product"}],"wp:featuredmedia":[{"embeddable":true,"href":"https:\/\/www.lifenatura.com\/es\/wp-json\/wp\/v2\/media\/20442"}],"wp:attachment":[{"href":"https:\/\/www.lifenatura.com\/es\/wp-json\/wp\/v2\/media?parent=39017"}],"wp:term":[{"taxonomy":"product_brand","embeddable":true,"href":"https:\/\/www.lifenatura.com\/es\/wp-json\/wp\/v2\/product_brand?post=39017"},{"taxonomy":"product_cat","embeddable":true,"href":"https:\/\/www.lifenatura.com\/es\/wp-json\/wp\/v2\/product_cat?post=39017"},{"taxonomy":"product_tag","embeddable":true,"href":"https:\/\/www.lifenatura.com\/es\/wp-json\/wp\/v2\/product_tag?post=39017"}],"curies":[{"name":"wp","href":"https:\/\/api.w.org\/{rel}","templated":true}]}}