{"id":39003,"date":"2021-09-30T10:16:15","date_gmt":"2021-09-30T10:16:15","guid":{"rendered":"https:\/\/lifenatura.dev.agenciagetdigital.com\/produto\/chocolate-negro-55-cacao-bio-culinario-kaoka\/"},"modified":"2026-02-17T07:58:06","modified_gmt":"2026-02-17T07:58:06","slug":"chocolate-negro-55-cacao-bio-culinario-kaoka","status":"publish","type":"product","link":"https:\/\/www.lifenatura.com\/es\/produto\/chocolate-negro-55-cacao-bio-culinario-kaoka\/","title":{"rendered":"Chocolate Negro 58% Cacao Bio Culinario &#8211; Kaoka"},"content":{"rendered":"<p>Chocolate Negro 58% Chocolate negro culinaria 58% cacao kaoka es actualmente una marca de referencia en la fabricaci\u00f3n de chocolates biol\u00f3gicos Fair Trade (comercio justo). Los maestros chocolateteros de esta marca francesa utilizan desde hace m\u00e1s de 20 a\u00f1os ingredientes provenientes de comercio justo y de origen biol\u00f3gico para obtener chocolates de calidad y sabor excepcional. Int\u00e9ntelo! PRESENTACI\u00d3N 200 g.<\/p>\n","protected":false},"excerpt":{"rendered":"<p>Chocolate Negro 58% Chocolate negro culinaria 58% cacao kaoka es actualmente una marca de referencia en la fabricaci\u00f3n de chocolates biol\u00f3gicos Fair Trade (comercio justo). Los maestros chocolateteros de esta marca francesa utilizan desde hace m\u00e1s de 20 a\u00f1os ingredientes provenientes de comercio justo y de origen biol\u00f3gico para obtener chocolates de calidad y sabor [&#8230;]<\/p>\n<p><a class=\"btn btn-secondary understrap-read-more-link\" href=\"https:\/\/www.lifenatura.com\/es\/produto\/chocolate-negro-55-cacao-bio-culinario-kaoka\/\">Leer m\u00e1s&#8230;<span class=\"screen-reader-text\"> from Chocolate Negro 58% Cacao Bio Culinario &#8211; Kaoka<\/span><\/a><\/p>\n","protected":false},"featured_media":0,"template":"","meta":{"_acf_changed":false},"product_brand":[8461],"product_cat":[7064,7152,7081,7659,7074],"product_tag":[],"class_list":{"0":"post-39003","1":"product","2":"type-product","3":"status-publish","5":"product_brand-kaoka-es","6":"product_cat-alimentacion-sana","7":"product_cat-cacao","8":"product_cat-chocolate-negro","9":"product_cat-ingrediente-natural-bio","10":"product_cat-productos-alimenticios","12":"first","13":"instock","14":"shipping-taxable","15":"purchasable","16":"product-type-simple","17":"add-to-wishlist-before_image"},"acf":[],"yoast_head":"<!-- This site is optimized with the Yoast SEO Premium plugin v27.1 (Yoast SEO v27.5) - https:\/\/yoast.com\/product\/yoast-seo-premium-wordpress\/ -->\n<title>Chocolate Negro 58% Cacao Bio Culinario - Kaoka<\/title>\n<meta name=\"description\" content=\"Chocolate negro culinaria 55% cacao kaoka es actualmente una marca de referencia en la fabricaci\u00f3n de chocolates biol\u00f3gicos Fair Trade (comercio justo).\" \/>\n<meta name=\"robots\" content=\"index, follow, max-snippet:-1, max-image-preview:large, max-video-preview:-1\" \/>\n<link rel=\"canonical\" href=\"https:\/\/www.lifenatura.com\/es\/produto\/chocolate-negro-55-cacao-bio-culinario-kaoka\/\" \/>\n<meta property=\"og:locale\" content=\"es_ES\" \/>\n<meta property=\"og:type\" content=\"article\" \/>\n<meta property=\"og:title\" content=\"Chocolate Negro 58% Cacao Bio Culinario - Kaoka - Na Lifenatura ao Melhor Pre\u00e7o | Envio 48h\" \/>\n<meta property=\"og:description\" content=\"Compre Chocolate Negro 58% Cacao Bio Culinario - Kaoka com envio r\u00e1pido. Entrega em 48h e portes gr\u00e1tis em compras &gt;35\u20ac. Aproveite j\u00e1 na Lifenatura\" \/>\n<meta property=\"og:url\" content=\"https:\/\/www.lifenatura.com\/es\/produto\/chocolate-negro-55-cacao-bio-culinario-kaoka\/\" \/>\n<meta property=\"og:site_name\" content=\"Lifenatura\" \/>\n<meta property=\"article:publisher\" content=\"https:\/\/www.facebook.com\/lifenatura\" \/>\n<meta property=\"article:modified_time\" content=\"2026-02-17T07:58:06+00:00\" \/>\n<meta property=\"og:image\" content=\"https:\/\/www.lifenatura.com\/wp-content\/uploads\/2021\/07\/logo.png\" \/>\n\t<meta property=\"og:image:width\" content=\"175\" \/>\n\t<meta property=\"og:image:height\" content=\"55\" \/>\n\t<meta property=\"og:image:type\" content=\"image\/png\" \/>\n<meta name=\"twitter:card\" content=\"summary_large_image\" \/>\n<meta name=\"twitter:label1\" content=\"Precio\" \/>\n\t<meta name=\"twitter:data1\" content=\"4,38&nbsp;&euro;\" \/>\n\t<meta name=\"twitter:label2\" content=\"Disponibilidad\" \/>\n\t<meta name=\"twitter:data2\" content=\"Disponible\" \/>\n<script type=\"application\/ld+json\" class=\"yoast-schema-graph\">{\"@context\":\"https:\\\/\\\/schema.org\",\"@graph\":[{\"@type\":\"WebPage\",\"@id\":\"https:\\\/\\\/www.lifenatura.com\\\/es\\\/produto\\\/chocolate-negro-55-cacao-bio-culinario-kaoka\\\/\",\"url\":\"https:\\\/\\\/www.lifenatura.com\\\/es\\\/produto\\\/chocolate-negro-55-cacao-bio-culinario-kaoka\\\/\",\"name\":\"Chocolate Negro 58% Cacao Bio Culinario - Kaoka\",\"isPartOf\":{\"@id\":\"https:\\\/\\\/www.lifenatura.com\\\/es\\\/#website\"},\"datePublished\":\"2021-09-30T10:16:15+00:00\",\"dateModified\":\"2026-02-17T07:58:06+00:00\",\"description\":\"Chocolate negro culinaria 55% cacao kaoka es actualmente una marca de referencia en la fabricaci\u00f3n de chocolates biol\u00f3gicos Fair Trade (comercio justo).\",\"breadcrumb\":{\"@id\":\"https:\\\/\\\/www.lifenatura.com\\\/es\\\/produto\\\/chocolate-negro-55-cacao-bio-culinario-kaoka\\\/#breadcrumb\"},\"inLanguage\":\"es\",\"potentialAction\":[{\"@type\":\"ReadAction\",\"target\":[\"https:\\\/\\\/www.lifenatura.com\\\/es\\\/produto\\\/chocolate-negro-55-cacao-bio-culinario-kaoka\\\/\"]}]},{\"@type\":\"BreadcrumbList\",\"@id\":\"https:\\\/\\\/www.lifenatura.com\\\/es\\\/produto\\\/chocolate-negro-55-cacao-bio-culinario-kaoka\\\/#breadcrumb\",\"itemListElement\":[{\"@type\":\"ListItem\",\"position\":1,\"name\":\"In\u00edcio\",\"item\":\"https:\\\/\\\/www.lifenatura.com\\\/es\\\/\"},{\"@type\":\"ListItem\",\"position\":2,\"name\":\"Todos los Productos\",\"item\":\"https:\\\/\\\/www.lifenatura.com\\\/es\\\/tienda\\\/\"},{\"@type\":\"ListItem\",\"position\":3,\"name\":\"Chocolate Negro 58% Cacao Bio Culinario &#8211; Kaoka\"}]},{\"@type\":\"WebSite\",\"@id\":\"https:\\\/\\\/www.lifenatura.com\\\/es\\\/#website\",\"url\":\"https:\\\/\\\/www.lifenatura.com\\\/es\\\/\",\"name\":\"Lifenatura\",\"description\":\"A Lifenatura \u00e9 uma loja de produtos naturais, cosm\u00e9tica natural e alimenta\u00e7\u00e3o Biol\u00f3gica.\",\"publisher\":{\"@id\":\"https:\\\/\\\/www.lifenatura.com\\\/es\\\/#organization\"},\"potentialAction\":[{\"@type\":\"SearchAction\",\"target\":{\"@type\":\"EntryPoint\",\"urlTemplate\":\"https:\\\/\\\/www.lifenatura.com\\\/es\\\/?s={search_term_string}\"},\"query-input\":{\"@type\":\"PropertyValueSpecification\",\"valueRequired\":true,\"valueName\":\"search_term_string\"}}],\"inLanguage\":\"es\"},{\"@type\":\"Organization\",\"@id\":\"https:\\\/\\\/www.lifenatura.com\\\/es\\\/#organization\",\"name\":\"Lifenatura\",\"url\":\"https:\\\/\\\/www.lifenatura.com\\\/es\\\/\",\"logo\":{\"@type\":\"ImageObject\",\"inLanguage\":\"es\",\"@id\":\"https:\\\/\\\/www.lifenatura.com\\\/es\\\/#\\\/schema\\\/logo\\\/image\\\/\",\"url\":\"https:\\\/\\\/www.lifenatura.com\\\/wp-content\\\/uploads\\\/2021\\\/07\\\/logo.png\",\"contentUrl\":\"https:\\\/\\\/www.lifenatura.com\\\/wp-content\\\/uploads\\\/2021\\\/07\\\/logo.png\",\"width\":175,\"height\":55,\"caption\":\"Lifenatura\"},\"image\":{\"@id\":\"https:\\\/\\\/www.lifenatura.com\\\/es\\\/#\\\/schema\\\/logo\\\/image\\\/\"},\"sameAs\":[\"https:\\\/\\\/www.facebook.com\\\/lifenatura\",\"https:\\\/\\\/www.instagram.com\\\/lifenaturapt\\\/\"],\"hasMerchantReturnPolicy\":{\"@type\":\"MerchantReturnPolicy\",\"merchantReturnLink\":\"https:\\\/\\\/www.lifenatura.com\\\/termos-condicoes-lifenatura\\\/\"}}]}<\/script>\n<meta property=\"product:price:amount\" content=\"4.38\" \/>\n<meta property=\"product:price:currency\" content=\"EUR\" \/>\n<meta property=\"og:availability\" content=\"instock\" \/>\n<meta property=\"product:availability\" content=\"instock\" \/>\n<meta property=\"product:retailer_item_id\" content=\"3477730001121\" \/>\n<meta property=\"product:condition\" content=\"new\" \/>\n<!-- \/ Yoast SEO Premium plugin. -->","yoast_head_json":{"title":"Chocolate Negro 58% Cacao Bio Culinario - Kaoka","description":"Chocolate negro culinaria 55% cacao kaoka es actualmente una marca de referencia en la fabricaci\u00f3n de chocolates biol\u00f3gicos Fair Trade (comercio justo).","robots":{"index":"index","follow":"follow","max-snippet":"max-snippet:-1","max-image-preview":"max-image-preview:large","max-video-preview":"max-video-preview:-1"},"canonical":"https:\/\/www.lifenatura.com\/es\/produto\/chocolate-negro-55-cacao-bio-culinario-kaoka\/","og_locale":"es_ES","og_type":"article","og_title":"Chocolate Negro 58% Cacao Bio Culinario - Kaoka - Na Lifenatura ao Melhor Pre\u00e7o | Envio 48h","og_description":"Compre Chocolate Negro 58% Cacao Bio Culinario - Kaoka com envio r\u00e1pido. Entrega em 48h e portes gr\u00e1tis em compras >35\u20ac. Aproveite j\u00e1 na Lifenatura","og_url":"https:\/\/www.lifenatura.com\/es\/produto\/chocolate-negro-55-cacao-bio-culinario-kaoka\/","og_site_name":"Lifenatura","article_publisher":"https:\/\/www.facebook.com\/lifenatura","article_modified_time":"2026-02-17T07:58:06+00:00","og_image":[{"width":175,"height":55,"url":"https:\/\/www.lifenatura.com\/wp-content\/uploads\/2021\/07\/logo.png","type":"image\/png"}],"twitter_card":"summary_large_image","twitter_misc":{"Precio":"4,38&nbsp;&euro;","Disponibilidad":"Disponible"},"schema":{"@context":"https:\/\/schema.org","@graph":[{"@type":"WebPage","@id":"https:\/\/www.lifenatura.com\/es\/produto\/chocolate-negro-55-cacao-bio-culinario-kaoka\/","url":"https:\/\/www.lifenatura.com\/es\/produto\/chocolate-negro-55-cacao-bio-culinario-kaoka\/","name":"Chocolate Negro 58% Cacao Bio Culinario - Kaoka","isPartOf":{"@id":"https:\/\/www.lifenatura.com\/es\/#website"},"datePublished":"2021-09-30T10:16:15+00:00","dateModified":"2026-02-17T07:58:06+00:00","description":"Chocolate negro culinaria 55% cacao kaoka es actualmente una marca de referencia en la fabricaci\u00f3n de chocolates biol\u00f3gicos Fair Trade (comercio justo).","breadcrumb":{"@id":"https:\/\/www.lifenatura.com\/es\/produto\/chocolate-negro-55-cacao-bio-culinario-kaoka\/#breadcrumb"},"inLanguage":"es","potentialAction":[{"@type":"ReadAction","target":["https:\/\/www.lifenatura.com\/es\/produto\/chocolate-negro-55-cacao-bio-culinario-kaoka\/"]}]},{"@type":"BreadcrumbList","@id":"https:\/\/www.lifenatura.com\/es\/produto\/chocolate-negro-55-cacao-bio-culinario-kaoka\/#breadcrumb","itemListElement":[{"@type":"ListItem","position":1,"name":"In\u00edcio","item":"https:\/\/www.lifenatura.com\/es\/"},{"@type":"ListItem","position":2,"name":"Todos los Productos","item":"https:\/\/www.lifenatura.com\/es\/tienda\/"},{"@type":"ListItem","position":3,"name":"Chocolate Negro 58% Cacao Bio Culinario &#8211; Kaoka"}]},{"@type":"WebSite","@id":"https:\/\/www.lifenatura.com\/es\/#website","url":"https:\/\/www.lifenatura.com\/es\/","name":"Lifenatura","description":"A Lifenatura \u00e9 uma loja de produtos naturais, cosm\u00e9tica natural e alimenta\u00e7\u00e3o Biol\u00f3gica.","publisher":{"@id":"https:\/\/www.lifenatura.com\/es\/#organization"},"potentialAction":[{"@type":"SearchAction","target":{"@type":"EntryPoint","urlTemplate":"https:\/\/www.lifenatura.com\/es\/?s={search_term_string}"},"query-input":{"@type":"PropertyValueSpecification","valueRequired":true,"valueName":"search_term_string"}}],"inLanguage":"es"},{"@type":"Organization","@id":"https:\/\/www.lifenatura.com\/es\/#organization","name":"Lifenatura","url":"https:\/\/www.lifenatura.com\/es\/","logo":{"@type":"ImageObject","inLanguage":"es","@id":"https:\/\/www.lifenatura.com\/es\/#\/schema\/logo\/image\/","url":"https:\/\/www.lifenatura.com\/wp-content\/uploads\/2021\/07\/logo.png","contentUrl":"https:\/\/www.lifenatura.com\/wp-content\/uploads\/2021\/07\/logo.png","width":175,"height":55,"caption":"Lifenatura"},"image":{"@id":"https:\/\/www.lifenatura.com\/es\/#\/schema\/logo\/image\/"},"sameAs":["https:\/\/www.facebook.com\/lifenatura","https:\/\/www.instagram.com\/lifenaturapt\/"],"hasMerchantReturnPolicy":{"@type":"MerchantReturnPolicy","merchantReturnLink":"https:\/\/www.lifenatura.com\/termos-condicoes-lifenatura\/"}}]},"product_price_amount":"4.38","product_price_currency":"EUR","og_availability":"instock","product_availability":"instock","product_retailer_item_id":"3477730001121","product_condition":"new"},"df_price":4.38,"df_sale_price":"","df_regular_price":4.38,"df_image_link":"https:\/\/www.lifenatura.com\/wp-content\/uploads\/woocommerce-placeholder-300x300.png","_links":{"self":[{"href":"https:\/\/www.lifenatura.com\/es\/wp-json\/wp\/v2\/product\/39003","targetHints":{"allow":["GET"]}}],"collection":[{"href":"https:\/\/www.lifenatura.com\/es\/wp-json\/wp\/v2\/product"}],"about":[{"href":"https:\/\/www.lifenatura.com\/es\/wp-json\/wp\/v2\/types\/product"}],"wp:attachment":[{"href":"https:\/\/www.lifenatura.com\/es\/wp-json\/wp\/v2\/media?parent=39003"}],"wp:term":[{"taxonomy":"product_brand","embeddable":true,"href":"https:\/\/www.lifenatura.com\/es\/wp-json\/wp\/v2\/product_brand?post=39003"},{"taxonomy":"product_cat","embeddable":true,"href":"https:\/\/www.lifenatura.com\/es\/wp-json\/wp\/v2\/product_cat?post=39003"},{"taxonomy":"product_tag","embeddable":true,"href":"https:\/\/www.lifenatura.com\/es\/wp-json\/wp\/v2\/product_tag?post=39003"}],"curies":[{"name":"wp","href":"https:\/\/api.w.org\/{rel}","templated":true}]}}