{"id":38991,"date":"2021-09-30T10:15:55","date_gmt":"2021-09-30T10:15:55","guid":{"rendered":"https:\/\/lifenatura.dev.agenciagetdigital.com\/produto\/chocolate-leche-36-cacao-bio-100-gr-kaoka\/"},"modified":"2026-02-17T07:58:02","modified_gmt":"2026-02-17T07:58:02","slug":"chocolate-leche-36-cacao-bio-100-gr-kaoka","status":"publish","type":"product","link":"https:\/\/www.lifenatura.com\/es\/produto\/chocolate-leche-36-cacao-bio-100-gr-kaoka\/","title":{"rendered":"Chocolate Leche 36% Cacao Bio 100 gr &#8211; Kaoka"},"content":{"rendered":"<p>Chocolate de Leche Biol\u00f3gica Chocolate 36% leche biocombustibles kaoka es actualmente una marca de referencia en la fabricaci\u00f3n de chocolates biol\u00f3gicos Fair Trade (comercio justo). Los maestros chocolateteros de esta marca francesa utilizan desde hace m\u00e1s de 20 a\u00f1os ingredientes provenientes de comercio justo y de origen biol\u00f3gico para obtener chocolates de calidad y sabor excepcional. Int\u00e9ntelo! PRESENTACI\u00d3N 100 gr.<\/p>\n","protected":false},"excerpt":{"rendered":"<p>Chocolate de Leche Biol\u00f3gica Chocolate 36% leche biocombustibles kaoka es actualmente una marca de referencia en la fabricaci\u00f3n de chocolates biol\u00f3gicos Fair Trade (comercio justo). Los maestros chocolateteros de esta marca francesa utilizan desde hace m\u00e1s de 20 a\u00f1os ingredientes provenientes de comercio justo y de origen biol\u00f3gico para obtener chocolates de calidad y sabor [&#8230;]<\/p>\n<p><a class=\"btn btn-secondary understrap-read-more-link\" href=\"https:\/\/www.lifenatura.com\/es\/produto\/chocolate-leche-36-cacao-bio-100-gr-kaoka\/\">Leer m\u00e1s&#8230;<span class=\"screen-reader-text\"> from Chocolate Leche 36% Cacao Bio 100 gr &#8211; Kaoka<\/span><\/a><\/p>\n","protected":false},"featured_media":87992,"template":"","meta":{"_acf_changed":false},"product_brand":[8461],"product_cat":[7064,7152,7081,7659,7074],"product_tag":[],"class_list":{"0":"post-38991","1":"product","2":"type-product","3":"status-publish","4":"has-post-thumbnail","6":"product_brand-kaoka-es","7":"product_cat-alimentacion-sana","8":"product_cat-cacao","9":"product_cat-chocolate-negro","10":"product_cat-ingrediente-natural-bio","11":"product_cat-productos-alimenticios","13":"first","14":"instock","15":"shipping-taxable","16":"purchasable","17":"product-type-simple","18":"add-to-wishlist-before_image"},"acf":[],"yoast_head":"<!-- This site is optimized with the Yoast SEO Premium plugin v27.1 (Yoast SEO v27.5) - https:\/\/yoast.com\/product\/yoast-seo-premium-wordpress\/ -->\n<title>Chocolate Leche 36% Cacao Bio 100 gr - Kaoka<\/title>\n<meta name=\"description\" content=\"Chocolate 36% leche biocombustibles kaoka es actualmente una marca de referencia en la fabricaci\u00f3n de chocolates biol\u00f3gicos Fair Trade (comercio justo).\" \/>\n<meta name=\"robots\" content=\"index, follow, max-snippet:-1, max-image-preview:large, max-video-preview:-1\" \/>\n<link rel=\"canonical\" href=\"https:\/\/www.lifenatura.com\/es\/produto\/chocolate-leche-36-cacao-bio-100-gr-kaoka\/\" \/>\n<meta property=\"og:locale\" content=\"es_ES\" \/>\n<meta property=\"og:type\" content=\"article\" \/>\n<meta property=\"og:title\" content=\"Chocolate Leche 36% Cacao Bio 100 gr - Kaoka - Na Lifenatura ao Melhor Pre\u00e7o | Envio 48h\" \/>\n<meta property=\"og:description\" content=\"Compre Chocolate Leche 36% Cacao Bio 100 gr - Kaoka com envio r\u00e1pido. Entrega em 48h e portes gr\u00e1tis em compras &gt;35\u20ac. Aproveite j\u00e1 na Lifenatura\" \/>\n<meta property=\"og:url\" content=\"https:\/\/www.lifenatura.com\/es\/produto\/chocolate-leche-36-cacao-bio-100-gr-kaoka\/\" \/>\n<meta property=\"og:site_name\" content=\"Lifenatura\" \/>\n<meta property=\"article:publisher\" content=\"https:\/\/www.facebook.com\/lifenatura\" \/>\n<meta property=\"article:modified_time\" content=\"2026-02-17T07:58:02+00:00\" \/>\n<meta property=\"og:image\" content=\"https:\/\/www.lifenatura.com\/wp-content\/uploads\/2021\/09\/Chocolate-Leite-38-Cacau-Bio-100-gr-Kaoka.jpg\" \/>\n\t<meta property=\"og:image:width\" content=\"1000\" \/>\n\t<meta property=\"og:image:height\" content=\"1000\" \/>\n\t<meta property=\"og:image:type\" content=\"image\/jpeg\" \/>\n<meta name=\"twitter:card\" content=\"summary_large_image\" \/>\n<meta name=\"twitter:label1\" content=\"Precio\" \/>\n\t<meta name=\"twitter:data1\" content=\"2,75&nbsp;&euro;\" \/>\n\t<meta name=\"twitter:label2\" content=\"Disponibilidad\" \/>\n\t<meta name=\"twitter:data2\" content=\"Disponible\" \/>\n<script type=\"application\/ld+json\" class=\"yoast-schema-graph\">{\"@context\":\"https:\\\/\\\/schema.org\",\"@graph\":[{\"@type\":\"WebPage\",\"@id\":\"https:\\\/\\\/www.lifenatura.com\\\/es\\\/produto\\\/chocolate-leche-36-cacao-bio-100-gr-kaoka\\\/\",\"url\":\"https:\\\/\\\/www.lifenatura.com\\\/es\\\/produto\\\/chocolate-leche-36-cacao-bio-100-gr-kaoka\\\/\",\"name\":\"Chocolate Leche 36% Cacao Bio 100 gr - Kaoka\",\"isPartOf\":{\"@id\":\"https:\\\/\\\/www.lifenatura.com\\\/es\\\/#website\"},\"primaryImageOfPage\":{\"@id\":\"https:\\\/\\\/www.lifenatura.com\\\/es\\\/produto\\\/chocolate-leche-36-cacao-bio-100-gr-kaoka\\\/#primaryimage\"},\"image\":{\"@id\":\"https:\\\/\\\/www.lifenatura.com\\\/es\\\/produto\\\/chocolate-leche-36-cacao-bio-100-gr-kaoka\\\/#primaryimage\"},\"thumbnailUrl\":\"https:\\\/\\\/www.lifenatura.com\\\/wp-content\\\/uploads\\\/2021\\\/09\\\/Chocolate-Leite-38-Cacau-Bio-100-gr-Kaoka.jpg\",\"datePublished\":\"2021-09-30T10:15:55+00:00\",\"dateModified\":\"2026-02-17T07:58:02+00:00\",\"description\":\"Chocolate 36% leche biocombustibles kaoka es actualmente una marca de referencia en la fabricaci\u00f3n de chocolates biol\u00f3gicos Fair Trade (comercio justo).\",\"breadcrumb\":{\"@id\":\"https:\\\/\\\/www.lifenatura.com\\\/es\\\/produto\\\/chocolate-leche-36-cacao-bio-100-gr-kaoka\\\/#breadcrumb\"},\"inLanguage\":\"es\",\"potentialAction\":[{\"@type\":\"ReadAction\",\"target\":[\"https:\\\/\\\/www.lifenatura.com\\\/es\\\/produto\\\/chocolate-leche-36-cacao-bio-100-gr-kaoka\\\/\"]}]},{\"@type\":\"ImageObject\",\"inLanguage\":\"es\",\"@id\":\"https:\\\/\\\/www.lifenatura.com\\\/es\\\/produto\\\/chocolate-leche-36-cacao-bio-100-gr-kaoka\\\/#primaryimage\",\"url\":\"https:\\\/\\\/www.lifenatura.com\\\/wp-content\\\/uploads\\\/2021\\\/09\\\/Chocolate-Leite-38-Cacau-Bio-100-gr-Kaoka.jpg\",\"contentUrl\":\"https:\\\/\\\/www.lifenatura.com\\\/wp-content\\\/uploads\\\/2021\\\/09\\\/Chocolate-Leite-38-Cacau-Bio-100-gr-Kaoka.jpg\",\"width\":1000,\"height\":1000,\"caption\":\"Chocolate Leite 38% Cacau Bio 100 gr - Kaoka\"},{\"@type\":\"BreadcrumbList\",\"@id\":\"https:\\\/\\\/www.lifenatura.com\\\/es\\\/produto\\\/chocolate-leche-36-cacao-bio-100-gr-kaoka\\\/#breadcrumb\",\"itemListElement\":[{\"@type\":\"ListItem\",\"position\":1,\"name\":\"In\u00edcio\",\"item\":\"https:\\\/\\\/www.lifenatura.com\\\/es\\\/\"},{\"@type\":\"ListItem\",\"position\":2,\"name\":\"Todos los Productos\",\"item\":\"https:\\\/\\\/www.lifenatura.com\\\/es\\\/tienda\\\/\"},{\"@type\":\"ListItem\",\"position\":3,\"name\":\"Chocolate Leche 36% Cacao Bio 100 gr &#8211; Kaoka\"}]},{\"@type\":\"WebSite\",\"@id\":\"https:\\\/\\\/www.lifenatura.com\\\/es\\\/#website\",\"url\":\"https:\\\/\\\/www.lifenatura.com\\\/es\\\/\",\"name\":\"Lifenatura\",\"description\":\"A Lifenatura \u00e9 uma loja de produtos naturais, cosm\u00e9tica natural e alimenta\u00e7\u00e3o Biol\u00f3gica.\",\"publisher\":{\"@id\":\"https:\\\/\\\/www.lifenatura.com\\\/es\\\/#organization\"},\"potentialAction\":[{\"@type\":\"SearchAction\",\"target\":{\"@type\":\"EntryPoint\",\"urlTemplate\":\"https:\\\/\\\/www.lifenatura.com\\\/es\\\/?s={search_term_string}\"},\"query-input\":{\"@type\":\"PropertyValueSpecification\",\"valueRequired\":true,\"valueName\":\"search_term_string\"}}],\"inLanguage\":\"es\"},{\"@type\":\"Organization\",\"@id\":\"https:\\\/\\\/www.lifenatura.com\\\/es\\\/#organization\",\"name\":\"Lifenatura\",\"url\":\"https:\\\/\\\/www.lifenatura.com\\\/es\\\/\",\"logo\":{\"@type\":\"ImageObject\",\"inLanguage\":\"es\",\"@id\":\"https:\\\/\\\/www.lifenatura.com\\\/es\\\/#\\\/schema\\\/logo\\\/image\\\/\",\"url\":\"https:\\\/\\\/www.lifenatura.com\\\/wp-content\\\/uploads\\\/2021\\\/07\\\/logo.png\",\"contentUrl\":\"https:\\\/\\\/www.lifenatura.com\\\/wp-content\\\/uploads\\\/2021\\\/07\\\/logo.png\",\"width\":175,\"height\":55,\"caption\":\"Lifenatura\"},\"image\":{\"@id\":\"https:\\\/\\\/www.lifenatura.com\\\/es\\\/#\\\/schema\\\/logo\\\/image\\\/\"},\"sameAs\":[\"https:\\\/\\\/www.facebook.com\\\/lifenatura\",\"https:\\\/\\\/www.instagram.com\\\/lifenaturapt\\\/\"],\"hasMerchantReturnPolicy\":{\"@type\":\"MerchantReturnPolicy\",\"merchantReturnLink\":\"https:\\\/\\\/www.lifenatura.com\\\/termos-condicoes-lifenatura\\\/\"}}]}<\/script>\n<meta property=\"product:price:amount\" content=\"2.75\" \/>\n<meta property=\"product:price:currency\" content=\"EUR\" \/>\n<meta property=\"og:availability\" content=\"instock\" \/>\n<meta property=\"product:availability\" content=\"instock\" \/>\n<meta property=\"product:retailer_item_id\" content=\"3477730002302\" \/>\n<meta property=\"product:condition\" content=\"new\" \/>\n<!-- \/ Yoast SEO Premium plugin. -->","yoast_head_json":{"title":"Chocolate Leche 36% Cacao Bio 100 gr - Kaoka","description":"Chocolate 36% leche biocombustibles kaoka es actualmente una marca de referencia en la fabricaci\u00f3n de chocolates biol\u00f3gicos Fair Trade (comercio justo).","robots":{"index":"index","follow":"follow","max-snippet":"max-snippet:-1","max-image-preview":"max-image-preview:large","max-video-preview":"max-video-preview:-1"},"canonical":"https:\/\/www.lifenatura.com\/es\/produto\/chocolate-leche-36-cacao-bio-100-gr-kaoka\/","og_locale":"es_ES","og_type":"article","og_title":"Chocolate Leche 36% Cacao Bio 100 gr - Kaoka - Na Lifenatura ao Melhor Pre\u00e7o | Envio 48h","og_description":"Compre Chocolate Leche 36% Cacao Bio 100 gr - Kaoka com envio r\u00e1pido. Entrega em 48h e portes gr\u00e1tis em compras >35\u20ac. Aproveite j\u00e1 na Lifenatura","og_url":"https:\/\/www.lifenatura.com\/es\/produto\/chocolate-leche-36-cacao-bio-100-gr-kaoka\/","og_site_name":"Lifenatura","article_publisher":"https:\/\/www.facebook.com\/lifenatura","article_modified_time":"2026-02-17T07:58:02+00:00","og_image":[{"width":1000,"height":1000,"url":"https:\/\/www.lifenatura.com\/wp-content\/uploads\/2021\/09\/Chocolate-Leite-38-Cacau-Bio-100-gr-Kaoka.jpg","type":"image\/jpeg"}],"twitter_card":"summary_large_image","twitter_misc":{"Precio":"2,75&nbsp;&euro;","Disponibilidad":"Disponible"},"schema":{"@context":"https:\/\/schema.org","@graph":[{"@type":"WebPage","@id":"https:\/\/www.lifenatura.com\/es\/produto\/chocolate-leche-36-cacao-bio-100-gr-kaoka\/","url":"https:\/\/www.lifenatura.com\/es\/produto\/chocolate-leche-36-cacao-bio-100-gr-kaoka\/","name":"Chocolate Leche 36% Cacao Bio 100 gr - Kaoka","isPartOf":{"@id":"https:\/\/www.lifenatura.com\/es\/#website"},"primaryImageOfPage":{"@id":"https:\/\/www.lifenatura.com\/es\/produto\/chocolate-leche-36-cacao-bio-100-gr-kaoka\/#primaryimage"},"image":{"@id":"https:\/\/www.lifenatura.com\/es\/produto\/chocolate-leche-36-cacao-bio-100-gr-kaoka\/#primaryimage"},"thumbnailUrl":"https:\/\/www.lifenatura.com\/wp-content\/uploads\/2021\/09\/Chocolate-Leite-38-Cacau-Bio-100-gr-Kaoka.jpg","datePublished":"2021-09-30T10:15:55+00:00","dateModified":"2026-02-17T07:58:02+00:00","description":"Chocolate 36% leche biocombustibles kaoka es actualmente una marca de referencia en la fabricaci\u00f3n de chocolates biol\u00f3gicos Fair Trade (comercio justo).","breadcrumb":{"@id":"https:\/\/www.lifenatura.com\/es\/produto\/chocolate-leche-36-cacao-bio-100-gr-kaoka\/#breadcrumb"},"inLanguage":"es","potentialAction":[{"@type":"ReadAction","target":["https:\/\/www.lifenatura.com\/es\/produto\/chocolate-leche-36-cacao-bio-100-gr-kaoka\/"]}]},{"@type":"ImageObject","inLanguage":"es","@id":"https:\/\/www.lifenatura.com\/es\/produto\/chocolate-leche-36-cacao-bio-100-gr-kaoka\/#primaryimage","url":"https:\/\/www.lifenatura.com\/wp-content\/uploads\/2021\/09\/Chocolate-Leite-38-Cacau-Bio-100-gr-Kaoka.jpg","contentUrl":"https:\/\/www.lifenatura.com\/wp-content\/uploads\/2021\/09\/Chocolate-Leite-38-Cacau-Bio-100-gr-Kaoka.jpg","width":1000,"height":1000,"caption":"Chocolate Leite 38% Cacau Bio 100 gr - Kaoka"},{"@type":"BreadcrumbList","@id":"https:\/\/www.lifenatura.com\/es\/produto\/chocolate-leche-36-cacao-bio-100-gr-kaoka\/#breadcrumb","itemListElement":[{"@type":"ListItem","position":1,"name":"In\u00edcio","item":"https:\/\/www.lifenatura.com\/es\/"},{"@type":"ListItem","position":2,"name":"Todos los Productos","item":"https:\/\/www.lifenatura.com\/es\/tienda\/"},{"@type":"ListItem","position":3,"name":"Chocolate Leche 36% Cacao Bio 100 gr &#8211; Kaoka"}]},{"@type":"WebSite","@id":"https:\/\/www.lifenatura.com\/es\/#website","url":"https:\/\/www.lifenatura.com\/es\/","name":"Lifenatura","description":"A Lifenatura \u00e9 uma loja de produtos naturais, cosm\u00e9tica natural e alimenta\u00e7\u00e3o Biol\u00f3gica.","publisher":{"@id":"https:\/\/www.lifenatura.com\/es\/#organization"},"potentialAction":[{"@type":"SearchAction","target":{"@type":"EntryPoint","urlTemplate":"https:\/\/www.lifenatura.com\/es\/?s={search_term_string}"},"query-input":{"@type":"PropertyValueSpecification","valueRequired":true,"valueName":"search_term_string"}}],"inLanguage":"es"},{"@type":"Organization","@id":"https:\/\/www.lifenatura.com\/es\/#organization","name":"Lifenatura","url":"https:\/\/www.lifenatura.com\/es\/","logo":{"@type":"ImageObject","inLanguage":"es","@id":"https:\/\/www.lifenatura.com\/es\/#\/schema\/logo\/image\/","url":"https:\/\/www.lifenatura.com\/wp-content\/uploads\/2021\/07\/logo.png","contentUrl":"https:\/\/www.lifenatura.com\/wp-content\/uploads\/2021\/07\/logo.png","width":175,"height":55,"caption":"Lifenatura"},"image":{"@id":"https:\/\/www.lifenatura.com\/es\/#\/schema\/logo\/image\/"},"sameAs":["https:\/\/www.facebook.com\/lifenatura","https:\/\/www.instagram.com\/lifenaturapt\/"],"hasMerchantReturnPolicy":{"@type":"MerchantReturnPolicy","merchantReturnLink":"https:\/\/www.lifenatura.com\/termos-condicoes-lifenatura\/"}}]},"product_price_amount":"2.75","product_price_currency":"EUR","og_availability":"instock","product_availability":"instock","product_retailer_item_id":"3477730002302","product_condition":"new"},"df_price":2.75,"df_sale_price":"","df_regular_price":2.75,"df_image_link":"https:\/\/www.lifenatura.com\/wp-content\/uploads\/2021\/09\/Chocolate-Leite-38-Cacau-Bio-100-gr-Kaoka-300x300.jpg","_links":{"self":[{"href":"https:\/\/www.lifenatura.com\/es\/wp-json\/wp\/v2\/product\/38991","targetHints":{"allow":["GET"]}}],"collection":[{"href":"https:\/\/www.lifenatura.com\/es\/wp-json\/wp\/v2\/product"}],"about":[{"href":"https:\/\/www.lifenatura.com\/es\/wp-json\/wp\/v2\/types\/product"}],"wp:featuredmedia":[{"embeddable":true,"href":"https:\/\/www.lifenatura.com\/es\/wp-json\/wp\/v2\/media\/87992"}],"wp:attachment":[{"href":"https:\/\/www.lifenatura.com\/es\/wp-json\/wp\/v2\/media?parent=38991"}],"wp:term":[{"taxonomy":"product_brand","embeddable":true,"href":"https:\/\/www.lifenatura.com\/es\/wp-json\/wp\/v2\/product_brand?post=38991"},{"taxonomy":"product_cat","embeddable":true,"href":"https:\/\/www.lifenatura.com\/es\/wp-json\/wp\/v2\/product_cat?post=38991"},{"taxonomy":"product_tag","embeddable":true,"href":"https:\/\/www.lifenatura.com\/es\/wp-json\/wp\/v2\/product_tag?post=38991"}],"curies":[{"name":"wp","href":"https:\/\/api.w.org\/{rel}","templated":true}]}}