{"id":38986,"date":"2021-09-30T10:15:55","date_gmt":"2021-09-30T10:15:55","guid":{"rendered":"https:\/\/lifenatura.dev.agenciagetdigital.com\/produto\/premium-gaba-vitamina-b6-lleve-3-pago-2-juventus\/"},"modified":"2025-02-02T00:02:52","modified_gmt":"2025-02-02T00:02:52","slug":"premium-gaba-vitamina-b6-lleve-3-pago-2-juventus","status":"publish","type":"product","link":"https:\/\/www.lifenatura.com\/es\/produto\/premium-gaba-vitamina-b6-lleve-3-pago-2-juventus\/","title":{"rendered":"Gaba + Vitamina B6 Lleve 3 Pago 2 &#8211; Juventus"},"content":{"rendered":"<h2><strong>Gaba m\u00e1s Vitamina B6 para reducir la ansiedad<\/strong><\/h2>\n<p>&nbsp;<\/p>\n<p>Gaba + Vitamina B6 de Juventus es un complemento alimenticio que contiene gaba, que es un amino\u00e1cido producido en el cerebro que act\u00faa como neurotransmisor en el sistema nervioso central. Contribuye al funcionamiento normal del sistema nervioso.<\/p>\n<p>Este complemento est\u00e1 recomendado para el estr\u00e9s, el insomnio, la depresi\u00f3n y la epilepsia (con supervisi\u00f3n m\u00e9dica).<\/p>\n<ul>\n<li><strong>Promueve la relajaci\u00f3n:<\/strong> El GABA es conocido por su capacidad para promover la relajaci\u00f3n y reducir la actividad neuronal, ayudando a aliviar la ansiedad y el estr\u00e9s.<\/li>\n<li><strong>Reduce el estr\u00e9s:<\/strong> Al modular la actividad del sistema nervioso, el GABA puede ayudar a reducir los s\u00edntomas del estr\u00e9s, como la tensi\u00f3n muscular, las palpitaciones y los pensamientos acelerados.<\/li>\n<li>Mejora el <strong>estado de \u00e1nimo<\/strong>: El GABA puede ayudar a mejorar el estado de \u00e1nimo al promover una sensaci\u00f3n de calma y bienestar emocional.<\/li>\n<\/ul>\n<p><strong>PRESENTACI\u00d3N<\/strong><\/p>\n<p>90 c\u00e1psulas.<\/p>\n<p>&nbsp;<\/p>\n","protected":false},"excerpt":{"rendered":"<p>Un pack familiar Toma 3 Paga 2, este suplemento de Gaba y Vitamina B6 est\u00e1 dise\u00f1ado para promover un estado de calma y bienestar y mejorar la calidad del sue\u00f1o. [&#8230;]<\/p>\n<p><a class=\"btn btn-secondary understrap-read-more-link\" href=\"https:\/\/www.lifenatura.com\/es\/produto\/premium-gaba-vitamina-b6-lleve-3-pago-2-juventus\/\">Leer m\u00e1s&#8230;<span class=\"screen-reader-text\"> from Gaba + Vitamina B6 Lleve 3 Pago 2 &#8211; Juventus<\/span><\/a><\/p>\n","protected":false},"featured_media":20411,"template":"","meta":{"_acf_changed":false},"product_brand":[8463],"product_cat":[7213,7276,7263,7179,7883,7952],"product_tag":[],"class_list":{"0":"post-38986","1":"product","2":"type-product","3":"status-publish","4":"has-post-thumbnail","6":"product_brand-juventus-es","7":"product_cat-ansiedad-y-depresion","8":"product_cat-lleve-3-pago-2","9":"product_cat-packs-de-salud","10":"product_cat-salud","11":"product_cat-suplementos-alimenticios","12":"product_cat-vitamina-b-es","14":"first","15":"instock","16":"sale","17":"shipping-taxable","18":"purchasable","19":"product-type-simple","20":"add-to-wishlist-before_image"},"acf":[],"yoast_head":"<!-- This site is optimized with the Yoast SEO Premium plugin v27.1 (Yoast SEO v27.5) - https:\/\/yoast.com\/product\/yoast-seo-premium-wordpress\/ -->\n<title>Gaba + Vitamina B6 Lleve 3 Pago 2 Juventus - Lifenatura<\/title>\n<meta name=\"description\" content=\"Un pack familiar lleva 3 Paga 2, un suplemento de Gaba y Vitamina B6 para promover un estado de calma y bienestar y mejorar la calidad del sue\u00f1o.\" \/>\n<meta name=\"robots\" content=\"index, follow, max-snippet:-1, max-image-preview:large, max-video-preview:-1\" \/>\n<link rel=\"canonical\" href=\"https:\/\/www.lifenatura.com\/es\/produto\/premium-gaba-vitamina-b6-lleve-3-pago-2-juventus\/\" \/>\n<meta property=\"og:locale\" content=\"es_ES\" \/>\n<meta property=\"og:type\" content=\"article\" \/>\n<meta property=\"og:title\" content=\"Gaba + Vitamina B6 Lleve 3 Pago 2 - Juventus - Na Lifenatura ao Melhor Pre\u00e7o | Envio 48h\" \/>\n<meta property=\"og:description\" content=\"Compre Gaba + Vitamina B6 Lleve 3 Pago 2 - Juventus com envio r\u00e1pido. Entrega em 48h e portes gr\u00e1tis em compras &gt;35\u20ac. Aproveite j\u00e1 na Lifenatura\" \/>\n<meta property=\"og:url\" content=\"https:\/\/www.lifenatura.com\/es\/produto\/premium-gaba-vitamina-b6-lleve-3-pago-2-juventus\/\" \/>\n<meta property=\"og:site_name\" content=\"Lifenatura\" \/>\n<meta property=\"article:publisher\" content=\"https:\/\/www.facebook.com\/lifenatura\" \/>\n<meta property=\"article:modified_time\" content=\"2025-02-02T00:02:52+00:00\" \/>\n<meta property=\"og:image\" content=\"https:\/\/www.lifenatura.com\/wp-content\/uploads\/2021\/09\/gd_juventus_premium_gaba_pack3.jpg\" \/>\n\t<meta property=\"og:image:width\" content=\"1000\" \/>\n\t<meta property=\"og:image:height\" content=\"1000\" \/>\n\t<meta property=\"og:image:type\" content=\"image\/jpeg\" \/>\n<meta name=\"twitter:card\" content=\"summary_large_image\" \/>\n<meta name=\"twitter:label1\" content=\"Precio\" \/>\n\t<meta name=\"twitter:data1\" content=\"56,98&nbsp;&euro;\" \/>\n\t<meta name=\"twitter:label2\" content=\"Disponibilidad\" \/>\n\t<meta name=\"twitter:data2\" content=\"Disponible\" \/>\n<script type=\"application\/ld+json\" class=\"yoast-schema-graph\">{\"@context\":\"https:\\\/\\\/schema.org\",\"@graph\":[{\"@type\":\"WebPage\",\"@id\":\"https:\\\/\\\/www.lifenatura.com\\\/es\\\/produto\\\/premium-gaba-vitamina-b6-lleve-3-pago-2-juventus\\\/\",\"url\":\"https:\\\/\\\/www.lifenatura.com\\\/es\\\/produto\\\/premium-gaba-vitamina-b6-lleve-3-pago-2-juventus\\\/\",\"name\":\"Gaba + Vitamina B6 Lleve 3 Pago 2 Juventus - Lifenatura\",\"isPartOf\":{\"@id\":\"https:\\\/\\\/www.lifenatura.com\\\/es\\\/#website\"},\"primaryImageOfPage\":{\"@id\":\"https:\\\/\\\/www.lifenatura.com\\\/es\\\/produto\\\/premium-gaba-vitamina-b6-lleve-3-pago-2-juventus\\\/#primaryimage\"},\"image\":{\"@id\":\"https:\\\/\\\/www.lifenatura.com\\\/es\\\/produto\\\/premium-gaba-vitamina-b6-lleve-3-pago-2-juventus\\\/#primaryimage\"},\"thumbnailUrl\":\"https:\\\/\\\/www.lifenatura.com\\\/wp-content\\\/uploads\\\/2021\\\/09\\\/gd_juventus_premium_gaba_pack3.jpg\",\"datePublished\":\"2021-09-30T10:15:55+00:00\",\"dateModified\":\"2025-02-02T00:02:52+00:00\",\"description\":\"Un pack familiar lleva 3 Paga 2, un suplemento de Gaba y Vitamina B6 para promover un estado de calma y bienestar y mejorar la calidad del sue\u00f1o.\",\"breadcrumb\":{\"@id\":\"https:\\\/\\\/www.lifenatura.com\\\/es\\\/produto\\\/premium-gaba-vitamina-b6-lleve-3-pago-2-juventus\\\/#breadcrumb\"},\"inLanguage\":\"es\",\"potentialAction\":[{\"@type\":\"ReadAction\",\"target\":[\"https:\\\/\\\/www.lifenatura.com\\\/es\\\/produto\\\/premium-gaba-vitamina-b6-lleve-3-pago-2-juventus\\\/\"]}]},{\"@type\":\"ImageObject\",\"inLanguage\":\"es\",\"@id\":\"https:\\\/\\\/www.lifenatura.com\\\/es\\\/produto\\\/premium-gaba-vitamina-b6-lleve-3-pago-2-juventus\\\/#primaryimage\",\"url\":\"https:\\\/\\\/www.lifenatura.com\\\/wp-content\\\/uploads\\\/2021\\\/09\\\/gd_juventus_premium_gaba_pack3.jpg\",\"contentUrl\":\"https:\\\/\\\/www.lifenatura.com\\\/wp-content\\\/uploads\\\/2021\\\/09\\\/gd_juventus_premium_gaba_pack3.jpg\",\"width\":1000,\"height\":1000,\"caption\":\"Premium Gaba + Vitamina B6 Lleve 3 Pago 2 - Juventus\"},{\"@type\":\"BreadcrumbList\",\"@id\":\"https:\\\/\\\/www.lifenatura.com\\\/es\\\/produto\\\/premium-gaba-vitamina-b6-lleve-3-pago-2-juventus\\\/#breadcrumb\",\"itemListElement\":[{\"@type\":\"ListItem\",\"position\":1,\"name\":\"In\u00edcio\",\"item\":\"https:\\\/\\\/www.lifenatura.com\\\/es\\\/\"},{\"@type\":\"ListItem\",\"position\":2,\"name\":\"Todos los Productos\",\"item\":\"https:\\\/\\\/www.lifenatura.com\\\/es\\\/tienda\\\/\"},{\"@type\":\"ListItem\",\"position\":3,\"name\":\"Gaba + Vitamina B6 Lleve 3 Pago 2 &#8211; Juventus\"}]},{\"@type\":\"WebSite\",\"@id\":\"https:\\\/\\\/www.lifenatura.com\\\/es\\\/#website\",\"url\":\"https:\\\/\\\/www.lifenatura.com\\\/es\\\/\",\"name\":\"Lifenatura\",\"description\":\"A Lifenatura \u00e9 uma loja de produtos naturais, cosm\u00e9tica natural e alimenta\u00e7\u00e3o Biol\u00f3gica.\",\"publisher\":{\"@id\":\"https:\\\/\\\/www.lifenatura.com\\\/es\\\/#organization\"},\"potentialAction\":[{\"@type\":\"SearchAction\",\"target\":{\"@type\":\"EntryPoint\",\"urlTemplate\":\"https:\\\/\\\/www.lifenatura.com\\\/es\\\/?s={search_term_string}\"},\"query-input\":{\"@type\":\"PropertyValueSpecification\",\"valueRequired\":true,\"valueName\":\"search_term_string\"}}],\"inLanguage\":\"es\"},{\"@type\":\"Organization\",\"@id\":\"https:\\\/\\\/www.lifenatura.com\\\/es\\\/#organization\",\"name\":\"Lifenatura\",\"url\":\"https:\\\/\\\/www.lifenatura.com\\\/es\\\/\",\"logo\":{\"@type\":\"ImageObject\",\"inLanguage\":\"es\",\"@id\":\"https:\\\/\\\/www.lifenatura.com\\\/es\\\/#\\\/schema\\\/logo\\\/image\\\/\",\"url\":\"https:\\\/\\\/www.lifenatura.com\\\/wp-content\\\/uploads\\\/2021\\\/07\\\/logo.png\",\"contentUrl\":\"https:\\\/\\\/www.lifenatura.com\\\/wp-content\\\/uploads\\\/2021\\\/07\\\/logo.png\",\"width\":175,\"height\":55,\"caption\":\"Lifenatura\"},\"image\":{\"@id\":\"https:\\\/\\\/www.lifenatura.com\\\/es\\\/#\\\/schema\\\/logo\\\/image\\\/\"},\"sameAs\":[\"https:\\\/\\\/www.facebook.com\\\/lifenatura\",\"https:\\\/\\\/www.instagram.com\\\/lifenaturapt\\\/\"],\"hasMerchantReturnPolicy\":{\"@type\":\"MerchantReturnPolicy\",\"merchantReturnLink\":\"https:\\\/\\\/www.lifenatura.com\\\/termos-condicoes-lifenatura\\\/\"}}]}<\/script>\n<meta property=\"product:price:amount\" content=\"56.98\" \/>\n<meta property=\"product:price:currency\" content=\"EUR\" \/>\n<meta property=\"og:availability\" content=\"instock\" \/>\n<meta property=\"product:availability\" content=\"instock\" \/>\n<meta property=\"product:retailer_item_id\" content=\"5601653011471pack3\" \/>\n<meta property=\"product:condition\" content=\"new\" \/>\n<!-- \/ Yoast SEO Premium plugin. -->","yoast_head_json":{"title":"Gaba + Vitamina B6 Lleve 3 Pago 2 Juventus - Lifenatura","description":"Un pack familiar lleva 3 Paga 2, un suplemento de Gaba y Vitamina B6 para promover un estado de calma y bienestar y mejorar la calidad del sue\u00f1o.","robots":{"index":"index","follow":"follow","max-snippet":"max-snippet:-1","max-image-preview":"max-image-preview:large","max-video-preview":"max-video-preview:-1"},"canonical":"https:\/\/www.lifenatura.com\/es\/produto\/premium-gaba-vitamina-b6-lleve-3-pago-2-juventus\/","og_locale":"es_ES","og_type":"article","og_title":"Gaba + Vitamina B6 Lleve 3 Pago 2 - Juventus - Na Lifenatura ao Melhor Pre\u00e7o | Envio 48h","og_description":"Compre Gaba + Vitamina B6 Lleve 3 Pago 2 - Juventus com envio r\u00e1pido. Entrega em 48h e portes gr\u00e1tis em compras >35\u20ac. Aproveite j\u00e1 na Lifenatura","og_url":"https:\/\/www.lifenatura.com\/es\/produto\/premium-gaba-vitamina-b6-lleve-3-pago-2-juventus\/","og_site_name":"Lifenatura","article_publisher":"https:\/\/www.facebook.com\/lifenatura","article_modified_time":"2025-02-02T00:02:52+00:00","og_image":[{"width":1000,"height":1000,"url":"https:\/\/www.lifenatura.com\/wp-content\/uploads\/2021\/09\/gd_juventus_premium_gaba_pack3.jpg","type":"image\/jpeg"}],"twitter_card":"summary_large_image","twitter_misc":{"Precio":"56,98&nbsp;&euro;","Disponibilidad":"Disponible"},"schema":{"@context":"https:\/\/schema.org","@graph":[{"@type":"WebPage","@id":"https:\/\/www.lifenatura.com\/es\/produto\/premium-gaba-vitamina-b6-lleve-3-pago-2-juventus\/","url":"https:\/\/www.lifenatura.com\/es\/produto\/premium-gaba-vitamina-b6-lleve-3-pago-2-juventus\/","name":"Gaba + Vitamina B6 Lleve 3 Pago 2 Juventus - Lifenatura","isPartOf":{"@id":"https:\/\/www.lifenatura.com\/es\/#website"},"primaryImageOfPage":{"@id":"https:\/\/www.lifenatura.com\/es\/produto\/premium-gaba-vitamina-b6-lleve-3-pago-2-juventus\/#primaryimage"},"image":{"@id":"https:\/\/www.lifenatura.com\/es\/produto\/premium-gaba-vitamina-b6-lleve-3-pago-2-juventus\/#primaryimage"},"thumbnailUrl":"https:\/\/www.lifenatura.com\/wp-content\/uploads\/2021\/09\/gd_juventus_premium_gaba_pack3.jpg","datePublished":"2021-09-30T10:15:55+00:00","dateModified":"2025-02-02T00:02:52+00:00","description":"Un pack familiar lleva 3 Paga 2, un suplemento de Gaba y Vitamina B6 para promover un estado de calma y bienestar y mejorar la calidad del sue\u00f1o.","breadcrumb":{"@id":"https:\/\/www.lifenatura.com\/es\/produto\/premium-gaba-vitamina-b6-lleve-3-pago-2-juventus\/#breadcrumb"},"inLanguage":"es","potentialAction":[{"@type":"ReadAction","target":["https:\/\/www.lifenatura.com\/es\/produto\/premium-gaba-vitamina-b6-lleve-3-pago-2-juventus\/"]}]},{"@type":"ImageObject","inLanguage":"es","@id":"https:\/\/www.lifenatura.com\/es\/produto\/premium-gaba-vitamina-b6-lleve-3-pago-2-juventus\/#primaryimage","url":"https:\/\/www.lifenatura.com\/wp-content\/uploads\/2021\/09\/gd_juventus_premium_gaba_pack3.jpg","contentUrl":"https:\/\/www.lifenatura.com\/wp-content\/uploads\/2021\/09\/gd_juventus_premium_gaba_pack3.jpg","width":1000,"height":1000,"caption":"Premium Gaba + Vitamina B6 Lleve 3 Pago 2 - Juventus"},{"@type":"BreadcrumbList","@id":"https:\/\/www.lifenatura.com\/es\/produto\/premium-gaba-vitamina-b6-lleve-3-pago-2-juventus\/#breadcrumb","itemListElement":[{"@type":"ListItem","position":1,"name":"In\u00edcio","item":"https:\/\/www.lifenatura.com\/es\/"},{"@type":"ListItem","position":2,"name":"Todos los Productos","item":"https:\/\/www.lifenatura.com\/es\/tienda\/"},{"@type":"ListItem","position":3,"name":"Gaba + Vitamina B6 Lleve 3 Pago 2 &#8211; Juventus"}]},{"@type":"WebSite","@id":"https:\/\/www.lifenatura.com\/es\/#website","url":"https:\/\/www.lifenatura.com\/es\/","name":"Lifenatura","description":"A Lifenatura \u00e9 uma loja de produtos naturais, cosm\u00e9tica natural e alimenta\u00e7\u00e3o Biol\u00f3gica.","publisher":{"@id":"https:\/\/www.lifenatura.com\/es\/#organization"},"potentialAction":[{"@type":"SearchAction","target":{"@type":"EntryPoint","urlTemplate":"https:\/\/www.lifenatura.com\/es\/?s={search_term_string}"},"query-input":{"@type":"PropertyValueSpecification","valueRequired":true,"valueName":"search_term_string"}}],"inLanguage":"es"},{"@type":"Organization","@id":"https:\/\/www.lifenatura.com\/es\/#organization","name":"Lifenatura","url":"https:\/\/www.lifenatura.com\/es\/","logo":{"@type":"ImageObject","inLanguage":"es","@id":"https:\/\/www.lifenatura.com\/es\/#\/schema\/logo\/image\/","url":"https:\/\/www.lifenatura.com\/wp-content\/uploads\/2021\/07\/logo.png","contentUrl":"https:\/\/www.lifenatura.com\/wp-content\/uploads\/2021\/07\/logo.png","width":175,"height":55,"caption":"Lifenatura"},"image":{"@id":"https:\/\/www.lifenatura.com\/es\/#\/schema\/logo\/image\/"},"sameAs":["https:\/\/www.facebook.com\/lifenatura","https:\/\/www.instagram.com\/lifenaturapt\/"],"hasMerchantReturnPolicy":{"@type":"MerchantReturnPolicy","merchantReturnLink":"https:\/\/www.lifenatura.com\/termos-condicoes-lifenatura\/"}}]},"product_price_amount":"56.98","product_price_currency":"EUR","og_availability":"instock","product_availability":"instock","product_retailer_item_id":"5601653011471pack3","product_condition":"new"},"df_price":56.98,"df_sale_price":56.98,"df_regular_price":89.97,"df_image_link":"https:\/\/www.lifenatura.com\/wp-content\/uploads\/2021\/09\/gd_juventus_premium_gaba_pack3-300x300.jpg","_links":{"self":[{"href":"https:\/\/www.lifenatura.com\/es\/wp-json\/wp\/v2\/product\/38986","targetHints":{"allow":["GET"]}}],"collection":[{"href":"https:\/\/www.lifenatura.com\/es\/wp-json\/wp\/v2\/product"}],"about":[{"href":"https:\/\/www.lifenatura.com\/es\/wp-json\/wp\/v2\/types\/product"}],"wp:featuredmedia":[{"embeddable":true,"href":"https:\/\/www.lifenatura.com\/es\/wp-json\/wp\/v2\/media\/20411"}],"wp:attachment":[{"href":"https:\/\/www.lifenatura.com\/es\/wp-json\/wp\/v2\/media?parent=38986"}],"wp:term":[{"taxonomy":"product_brand","embeddable":true,"href":"https:\/\/www.lifenatura.com\/es\/wp-json\/wp\/v2\/product_brand?post=38986"},{"taxonomy":"product_cat","embeddable":true,"href":"https:\/\/www.lifenatura.com\/es\/wp-json\/wp\/v2\/product_cat?post=38986"},{"taxonomy":"product_tag","embeddable":true,"href":"https:\/\/www.lifenatura.com\/es\/wp-json\/wp\/v2\/product_tag?post=38986"}],"curies":[{"name":"wp","href":"https:\/\/api.w.org\/{rel}","templated":true}]}}