{"id":38974,"date":"2021-09-30T10:15:34","date_gmt":"2021-09-30T10:15:34","guid":{"rendered":"https:\/\/lifenatura.dev.agenciagetdigital.com\/produto\/msm-90-comprimidos-juventus\/"},"modified":"2025-02-02T00:02:48","modified_gmt":"2025-02-02T00:02:48","slug":"msm-90-comprimidos-juventus","status":"publish","type":"product","link":"https:\/\/www.lifenatura.com\/es\/produto\/msm-90-comprimidos-juventus\/","title":{"rendered":"MSM 90 comprimidos &#8211; Juventus"},"content":{"rendered":"<h2><strong>El MSM alivia el dolor y la inflamaci\u00f3n cr\u00f3nica<\/strong><\/h2>\n<p>&nbsp;<\/p>\n<p>Juventus\u00ae MSM es un complemento alimenticio con 1500 mg de metilsulfonilmetano (MSM). El MSM es una fuente org\u00e1nica de azufre f\u00e1cilmente absorbible por el organismo. Este compuesto est\u00e1 presente en diversas plantas de hoja verde y en algunas frutas y verduras.<\/p>\n<p>Este suplemento de MSM est\u00e1 indicado para casos cr\u00f3nicos de dolor muscular, \u00f3seo o articular, y tambi\u00e9n puede recomendarse en casos de artrosis. Es habitual que los deportistas tomen este suplemento para combatir los procesos de inflamaci\u00f3n a los que se ven sometidos.<\/p>\n<p>Tambi\u00e9n se recomienda para quienes sufren calambres frecuentes.<\/p>\n<p>Juventus Premium MSM est\u00e1 formulado para promover una serie de beneficios para el organismo, como el apoyo a la salud de las articulaciones, la reducci\u00f3n de la inflamaci\u00f3n, la mejora de la salud de la piel y el fortalecimiento del cabello y las u\u00f1as. Su objetivo es proporcionar un apoyo esencial para garantizar que el cuerpo funcione de manera eficiente y mantenga un aspecto sano y vibrante.<\/p>\n<p><strong>Los 3 beneficios principales:<\/strong><\/p>\n<ul>\n<li><strong>Apoyo articular:<\/strong> Es conocido por sus propiedades antiinflamatorias y analg\u00e9sicas, ayudando a reducir el dolor y la inflamaci\u00f3n en las articulaciones, as\u00ed como a promover la salud articular en general.<\/li>\n<li><strong>Reducci\u00f3n de la inflamaci\u00f3n<\/strong>: Puede ayudar a reducir la inflamaci\u00f3n en todo el cuerpo, proporcionando alivio para afecciones inflamatorias como la artritis, la tendinitis y el dolor muscular.<\/li>\n<li><strong>Salud de la piel:<\/strong> El MSM es importante para la formaci\u00f3n de col\u00e1geno y elastina, ayudando a mantener la piel firme, flexible y sin arrugas, adem\u00e1s de favorecer la cicatrizaci\u00f3n de heridas y reducir el acn\u00e9.<\/li>\n<\/ul>\n<p><strong>PRESENTACI\u00d3N<\/strong><\/p>\n<p>90 comprimidos<\/p>\n<p>&nbsp;<\/p>\n","protected":false},"excerpt":{"rendered":"<p>Juventus Premium MSM proporciona un apoyo esencial para la salud de las articulaciones, la reducci\u00f3n de la inflamaci\u00f3n, una piel vibrante y el fortalecimiento del cabello y las u\u00f1as. [&#8230;]<\/p>\n<p><a class=\"btn btn-secondary understrap-read-more-link\" href=\"https:\/\/www.lifenatura.com\/es\/produto\/msm-90-comprimidos-juventus\/\">Leer m\u00e1s&#8230;<span class=\"screen-reader-text\"> from MSM 90 comprimidos &#8211; Juventus<\/span><\/a><\/p>\n","protected":false},"featured_media":85540,"template":"","meta":{"_acf_changed":false},"product_brand":[8463],"product_cat":[7999,7205,7206,7179,7883],"product_tag":[],"class_list":{"0":"post-38974","1":"product","2":"type-product","3":"status-publish","4":"has-post-thumbnail","6":"product_brand-juventus-es","7":"product_cat-antiinflamatorio-natural","8":"product_cat-articulaciones","9":"product_cat-musculos-salud","10":"product_cat-salud","11":"product_cat-suplementos-alimenticios","13":"first","14":"outofstock","15":"sale","16":"shipping-taxable","17":"purchasable","18":"product-type-simple","19":"add-to-wishlist-before_image"},"acf":[],"yoast_head":"<!-- This site is optimized with the Yoast SEO Premium plugin v27.1 (Yoast SEO v27.5) - https:\/\/yoast.com\/product\/yoast-seo-premium-wordpress\/ -->\n<title>MSM 90 comprimidos Juventus - Lifenatura<\/title>\n<meta name=\"description\" content=\"Juventus Premium MSM proporciona un apoyo esencial para la salud de las articulaciones, la reducci\u00f3n de la inflamaci\u00f3n, y una piel vibrante.\" \/>\n<meta name=\"robots\" content=\"index, follow, max-snippet:-1, max-image-preview:large, max-video-preview:-1\" \/>\n<link rel=\"canonical\" href=\"https:\/\/www.lifenatura.com\/es\/produto\/msm-90-comprimidos-juventus\/\" \/>\n<meta property=\"og:locale\" content=\"es_ES\" \/>\n<meta property=\"og:type\" content=\"article\" \/>\n<meta property=\"og:title\" content=\"MSM 90 comprimidos - Juventus - Na Lifenatura ao Melhor Pre\u00e7o | Envio 48h\" \/>\n<meta property=\"og:description\" content=\"Compre MSM 90 comprimidos - Juventus com envio r\u00e1pido. Entrega em 48h e portes gr\u00e1tis em compras &gt;35\u20ac. Aproveite j\u00e1 na Lifenatura\" \/>\n<meta property=\"og:url\" content=\"https:\/\/www.lifenatura.com\/es\/produto\/msm-90-comprimidos-juventus\/\" \/>\n<meta property=\"og:site_name\" content=\"Lifenatura\" \/>\n<meta property=\"article:publisher\" content=\"https:\/\/www.facebook.com\/lifenatura\" \/>\n<meta property=\"article:modified_time\" content=\"2025-02-02T00:02:48+00:00\" \/>\n<meta property=\"og:image\" content=\"https:\/\/www.lifenatura.com\/wp-content\/uploads\/2021\/09\/msm-1500mg-juventus.jpg\" \/>\n\t<meta property=\"og:image:width\" content=\"1000\" \/>\n\t<meta property=\"og:image:height\" content=\"1000\" \/>\n\t<meta property=\"og:image:type\" content=\"image\/jpeg\" \/>\n<meta name=\"twitter:card\" content=\"summary_large_image\" \/>\n<meta name=\"twitter:label1\" content=\"Precio\" \/>\n\t<meta name=\"twitter:data1\" content=\"23,18&nbsp;&euro;\" \/>\n\t<meta name=\"twitter:label2\" content=\"Disponibilidad\" \/>\n\t<meta name=\"twitter:data2\" content=\"Sin existencias\" \/>\n<script type=\"application\/ld+json\" class=\"yoast-schema-graph\">{\"@context\":\"https:\\\/\\\/schema.org\",\"@graph\":[{\"@type\":\"WebPage\",\"@id\":\"https:\\\/\\\/www.lifenatura.com\\\/es\\\/produto\\\/msm-90-comprimidos-juventus\\\/\",\"url\":\"https:\\\/\\\/www.lifenatura.com\\\/es\\\/produto\\\/msm-90-comprimidos-juventus\\\/\",\"name\":\"MSM 90 comprimidos Juventus - Lifenatura\",\"isPartOf\":{\"@id\":\"https:\\\/\\\/www.lifenatura.com\\\/es\\\/#website\"},\"primaryImageOfPage\":{\"@id\":\"https:\\\/\\\/www.lifenatura.com\\\/es\\\/produto\\\/msm-90-comprimidos-juventus\\\/#primaryimage\"},\"image\":{\"@id\":\"https:\\\/\\\/www.lifenatura.com\\\/es\\\/produto\\\/msm-90-comprimidos-juventus\\\/#primaryimage\"},\"thumbnailUrl\":\"https:\\\/\\\/www.lifenatura.com\\\/wp-content\\\/uploads\\\/2021\\\/09\\\/msm-1500mg-juventus.jpg\",\"datePublished\":\"2021-09-30T10:15:34+00:00\",\"dateModified\":\"2025-02-02T00:02:48+00:00\",\"description\":\"Juventus Premium MSM proporciona un apoyo esencial para la salud de las articulaciones, la reducci\u00f3n de la inflamaci\u00f3n, y una piel vibrante.\",\"breadcrumb\":{\"@id\":\"https:\\\/\\\/www.lifenatura.com\\\/es\\\/produto\\\/msm-90-comprimidos-juventus\\\/#breadcrumb\"},\"inLanguage\":\"es\",\"potentialAction\":[{\"@type\":\"ReadAction\",\"target\":[\"https:\\\/\\\/www.lifenatura.com\\\/es\\\/produto\\\/msm-90-comprimidos-juventus\\\/\"]}]},{\"@type\":\"ImageObject\",\"inLanguage\":\"es\",\"@id\":\"https:\\\/\\\/www.lifenatura.com\\\/es\\\/produto\\\/msm-90-comprimidos-juventus\\\/#primaryimage\",\"url\":\"https:\\\/\\\/www.lifenatura.com\\\/wp-content\\\/uploads\\\/2021\\\/09\\\/msm-1500mg-juventus.jpg\",\"contentUrl\":\"https:\\\/\\\/www.lifenatura.com\\\/wp-content\\\/uploads\\\/2021\\\/09\\\/msm-1500mg-juventus.jpg\",\"width\":1000,\"height\":1000,\"caption\":\"msm da marca juventus\"},{\"@type\":\"BreadcrumbList\",\"@id\":\"https:\\\/\\\/www.lifenatura.com\\\/es\\\/produto\\\/msm-90-comprimidos-juventus\\\/#breadcrumb\",\"itemListElement\":[{\"@type\":\"ListItem\",\"position\":1,\"name\":\"In\u00edcio\",\"item\":\"https:\\\/\\\/www.lifenatura.com\\\/es\\\/\"},{\"@type\":\"ListItem\",\"position\":2,\"name\":\"Todos los Productos\",\"item\":\"https:\\\/\\\/www.lifenatura.com\\\/es\\\/tienda\\\/\"},{\"@type\":\"ListItem\",\"position\":3,\"name\":\"MSM 90 comprimidos &#8211; Juventus\"}]},{\"@type\":\"WebSite\",\"@id\":\"https:\\\/\\\/www.lifenatura.com\\\/es\\\/#website\",\"url\":\"https:\\\/\\\/www.lifenatura.com\\\/es\\\/\",\"name\":\"Lifenatura\",\"description\":\"A Lifenatura \u00e9 uma loja de produtos naturais, cosm\u00e9tica natural e alimenta\u00e7\u00e3o Biol\u00f3gica.\",\"publisher\":{\"@id\":\"https:\\\/\\\/www.lifenatura.com\\\/es\\\/#organization\"},\"potentialAction\":[{\"@type\":\"SearchAction\",\"target\":{\"@type\":\"EntryPoint\",\"urlTemplate\":\"https:\\\/\\\/www.lifenatura.com\\\/es\\\/?s={search_term_string}\"},\"query-input\":{\"@type\":\"PropertyValueSpecification\",\"valueRequired\":true,\"valueName\":\"search_term_string\"}}],\"inLanguage\":\"es\"},{\"@type\":\"Organization\",\"@id\":\"https:\\\/\\\/www.lifenatura.com\\\/es\\\/#organization\",\"name\":\"Lifenatura\",\"url\":\"https:\\\/\\\/www.lifenatura.com\\\/es\\\/\",\"logo\":{\"@type\":\"ImageObject\",\"inLanguage\":\"es\",\"@id\":\"https:\\\/\\\/www.lifenatura.com\\\/es\\\/#\\\/schema\\\/logo\\\/image\\\/\",\"url\":\"https:\\\/\\\/www.lifenatura.com\\\/wp-content\\\/uploads\\\/2021\\\/07\\\/logo.png\",\"contentUrl\":\"https:\\\/\\\/www.lifenatura.com\\\/wp-content\\\/uploads\\\/2021\\\/07\\\/logo.png\",\"width\":175,\"height\":55,\"caption\":\"Lifenatura\"},\"image\":{\"@id\":\"https:\\\/\\\/www.lifenatura.com\\\/es\\\/#\\\/schema\\\/logo\\\/image\\\/\"},\"sameAs\":[\"https:\\\/\\\/www.facebook.com\\\/lifenatura\",\"https:\\\/\\\/www.instagram.com\\\/lifenaturapt\\\/\"],\"hasMerchantReturnPolicy\":{\"@type\":\"MerchantReturnPolicy\",\"merchantReturnLink\":\"https:\\\/\\\/www.lifenatura.com\\\/termos-condicoes-lifenatura\\\/\"}}]}<\/script>\n<meta property=\"product:price:amount\" content=\"23.18\" \/>\n<meta property=\"product:price:currency\" content=\"EUR\" \/>\n<meta property=\"og:availability\" content=\"out of stock\" \/>\n<meta property=\"product:availability\" content=\"out of stock\" \/>\n<meta property=\"product:retailer_item_id\" content=\"5601653009379\" \/>\n<meta property=\"product:condition\" content=\"new\" \/>\n<!-- \/ Yoast SEO Premium plugin. -->","yoast_head_json":{"title":"MSM 90 comprimidos Juventus - Lifenatura","description":"Juventus Premium MSM proporciona un apoyo esencial para la salud de las articulaciones, la reducci\u00f3n de la inflamaci\u00f3n, y una piel vibrante.","robots":{"index":"index","follow":"follow","max-snippet":"max-snippet:-1","max-image-preview":"max-image-preview:large","max-video-preview":"max-video-preview:-1"},"canonical":"https:\/\/www.lifenatura.com\/es\/produto\/msm-90-comprimidos-juventus\/","og_locale":"es_ES","og_type":"article","og_title":"MSM 90 comprimidos - Juventus - Na Lifenatura ao Melhor Pre\u00e7o | Envio 48h","og_description":"Compre MSM 90 comprimidos - Juventus com envio r\u00e1pido. Entrega em 48h e portes gr\u00e1tis em compras >35\u20ac. Aproveite j\u00e1 na Lifenatura","og_url":"https:\/\/www.lifenatura.com\/es\/produto\/msm-90-comprimidos-juventus\/","og_site_name":"Lifenatura","article_publisher":"https:\/\/www.facebook.com\/lifenatura","article_modified_time":"2025-02-02T00:02:48+00:00","og_image":[{"width":1000,"height":1000,"url":"https:\/\/www.lifenatura.com\/wp-content\/uploads\/2021\/09\/msm-1500mg-juventus.jpg","type":"image\/jpeg"}],"twitter_card":"summary_large_image","twitter_misc":{"Precio":"23,18&nbsp;&euro;","Disponibilidad":"Sin existencias"},"schema":{"@context":"https:\/\/schema.org","@graph":[{"@type":"WebPage","@id":"https:\/\/www.lifenatura.com\/es\/produto\/msm-90-comprimidos-juventus\/","url":"https:\/\/www.lifenatura.com\/es\/produto\/msm-90-comprimidos-juventus\/","name":"MSM 90 comprimidos Juventus - Lifenatura","isPartOf":{"@id":"https:\/\/www.lifenatura.com\/es\/#website"},"primaryImageOfPage":{"@id":"https:\/\/www.lifenatura.com\/es\/produto\/msm-90-comprimidos-juventus\/#primaryimage"},"image":{"@id":"https:\/\/www.lifenatura.com\/es\/produto\/msm-90-comprimidos-juventus\/#primaryimage"},"thumbnailUrl":"https:\/\/www.lifenatura.com\/wp-content\/uploads\/2021\/09\/msm-1500mg-juventus.jpg","datePublished":"2021-09-30T10:15:34+00:00","dateModified":"2025-02-02T00:02:48+00:00","description":"Juventus Premium MSM proporciona un apoyo esencial para la salud de las articulaciones, la reducci\u00f3n de la inflamaci\u00f3n, y una piel vibrante.","breadcrumb":{"@id":"https:\/\/www.lifenatura.com\/es\/produto\/msm-90-comprimidos-juventus\/#breadcrumb"},"inLanguage":"es","potentialAction":[{"@type":"ReadAction","target":["https:\/\/www.lifenatura.com\/es\/produto\/msm-90-comprimidos-juventus\/"]}]},{"@type":"ImageObject","inLanguage":"es","@id":"https:\/\/www.lifenatura.com\/es\/produto\/msm-90-comprimidos-juventus\/#primaryimage","url":"https:\/\/www.lifenatura.com\/wp-content\/uploads\/2021\/09\/msm-1500mg-juventus.jpg","contentUrl":"https:\/\/www.lifenatura.com\/wp-content\/uploads\/2021\/09\/msm-1500mg-juventus.jpg","width":1000,"height":1000,"caption":"msm da marca juventus"},{"@type":"BreadcrumbList","@id":"https:\/\/www.lifenatura.com\/es\/produto\/msm-90-comprimidos-juventus\/#breadcrumb","itemListElement":[{"@type":"ListItem","position":1,"name":"In\u00edcio","item":"https:\/\/www.lifenatura.com\/es\/"},{"@type":"ListItem","position":2,"name":"Todos los Productos","item":"https:\/\/www.lifenatura.com\/es\/tienda\/"},{"@type":"ListItem","position":3,"name":"MSM 90 comprimidos &#8211; Juventus"}]},{"@type":"WebSite","@id":"https:\/\/www.lifenatura.com\/es\/#website","url":"https:\/\/www.lifenatura.com\/es\/","name":"Lifenatura","description":"A Lifenatura \u00e9 uma loja de produtos naturais, cosm\u00e9tica natural e alimenta\u00e7\u00e3o Biol\u00f3gica.","publisher":{"@id":"https:\/\/www.lifenatura.com\/es\/#organization"},"potentialAction":[{"@type":"SearchAction","target":{"@type":"EntryPoint","urlTemplate":"https:\/\/www.lifenatura.com\/es\/?s={search_term_string}"},"query-input":{"@type":"PropertyValueSpecification","valueRequired":true,"valueName":"search_term_string"}}],"inLanguage":"es"},{"@type":"Organization","@id":"https:\/\/www.lifenatura.com\/es\/#organization","name":"Lifenatura","url":"https:\/\/www.lifenatura.com\/es\/","logo":{"@type":"ImageObject","inLanguage":"es","@id":"https:\/\/www.lifenatura.com\/es\/#\/schema\/logo\/image\/","url":"https:\/\/www.lifenatura.com\/wp-content\/uploads\/2021\/07\/logo.png","contentUrl":"https:\/\/www.lifenatura.com\/wp-content\/uploads\/2021\/07\/logo.png","width":175,"height":55,"caption":"Lifenatura"},"image":{"@id":"https:\/\/www.lifenatura.com\/es\/#\/schema\/logo\/image\/"},"sameAs":["https:\/\/www.facebook.com\/lifenatura","https:\/\/www.instagram.com\/lifenaturapt\/"],"hasMerchantReturnPolicy":{"@type":"MerchantReturnPolicy","merchantReturnLink":"https:\/\/www.lifenatura.com\/termos-condicoes-lifenatura\/"}}]},"product_price_amount":"23.18","product_price_currency":"EUR","og_availability":"out of stock","product_availability":"out of stock","product_retailer_item_id":"5601653009379","product_condition":"new"},"df_price":23.18,"df_sale_price":23.18,"df_regular_price":27.12,"df_image_link":"https:\/\/www.lifenatura.com\/wp-content\/uploads\/2021\/09\/msm-1500mg-juventus-300x300.jpg","_links":{"self":[{"href":"https:\/\/www.lifenatura.com\/es\/wp-json\/wp\/v2\/product\/38974","targetHints":{"allow":["GET"]}}],"collection":[{"href":"https:\/\/www.lifenatura.com\/es\/wp-json\/wp\/v2\/product"}],"about":[{"href":"https:\/\/www.lifenatura.com\/es\/wp-json\/wp\/v2\/types\/product"}],"wp:featuredmedia":[{"embeddable":true,"href":"https:\/\/www.lifenatura.com\/es\/wp-json\/wp\/v2\/media\/85540"}],"wp:attachment":[{"href":"https:\/\/www.lifenatura.com\/es\/wp-json\/wp\/v2\/media?parent=38974"}],"wp:term":[{"taxonomy":"product_brand","embeddable":true,"href":"https:\/\/www.lifenatura.com\/es\/wp-json\/wp\/v2\/product_brand?post=38974"},{"taxonomy":"product_cat","embeddable":true,"href":"https:\/\/www.lifenatura.com\/es\/wp-json\/wp\/v2\/product_cat?post=38974"},{"taxonomy":"product_tag","embeddable":true,"href":"https:\/\/www.lifenatura.com\/es\/wp-json\/wp\/v2\/product_tag?post=38974"}],"curies":[{"name":"wp","href":"https:\/\/api.w.org\/{rel}","templated":true}]}}