{"id":38973,"date":"2021-09-30T10:15:34","date_gmt":"2021-09-30T10:15:34","guid":{"rendered":"https:\/\/lifenatura.dev.agenciagetdigital.com\/produto\/premium-onagra-30-capsulas-juventus\/"},"modified":"2025-02-02T00:02:48","modified_gmt":"2025-02-02T00:02:48","slug":"premium-onagra-30-capsulas-juventus","status":"publish","type":"product","link":"https:\/\/www.lifenatura.com\/es\/produto\/premium-onagra-30-capsulas-juventus\/","title":{"rendered":"Onagra 30 c\u00e1psulas &#8211; Juventus"},"content":{"rendered":"<h2><strong>La onagra alivia los s\u00edntomas de la menopausia<\/strong><\/h2>\n<p>&nbsp;<\/p>\n<p>Premium Onagra de Juventus es un complemento alimenticio en c\u00e1psulas que contiene aceite de onagra. El aceite de onagra est\u00e1 indicado para ayudar a prevenir y aliviar los s\u00edntomas asociados al s\u00edndrome premenstrual y a la menopausia.<\/p>\n<p>Tambi\u00e9n ayuda a reducir la formaci\u00f3n de sustancias inflamatorias y tiene un efecto significativo en el mantenimiento de la salud de la piel.<\/p>\n<p>Juventus Premium Onagra est\u00e1 formulado para promover una serie de beneficios relacionados con el equilibrio hormonal y la salud de la mujer. Su objetivo es aportar al organismo el GLA necesario para favorecer la producci\u00f3n de prostaglandinas, sustancias hormonales que intervienen en la regulaci\u00f3n del ciclo menstrual, los s\u00edntomas de la menopausia y la salud de la piel.<\/p>\n<p><strong>3 Principales beneficios:<\/strong><\/p>\n<ul>\n<li><strong>Equilibrio hormonal:<\/strong> El GLA que se encuentra en el aceite de onagra puede ayudar a regular los niveles hormonales, aliviando los s\u00edntomas relacionados con el ciclo menstrual, como calambres, hinchaz\u00f3n y cambios de humor.<\/li>\n<li><strong>Alivio de los S\u00edntomas de la Menopausia<\/strong>: Juventus Premium Evening Primrose puede ayudar a reducir los molestos s\u00edntomas de la menopausia, incluyendo sofocos, sudores nocturnos, irritabilidad y sequedad vaginal.<\/li>\n<li><strong>Promoci\u00f3n de la salud de la piel:<\/strong> El GLA tiene propiedades antiinflamatorias e hidratantes que pueden ayudar a promover una piel sana y radiante reduciendo la inflamaci\u00f3n y la sequedad.<\/li>\n<\/ul>\n<p><strong>PRESENTACI\u00d3N<\/strong><\/p>\n<p>30 c\u00e1psulas.<\/p>\n<p>&nbsp;<\/p>\n","protected":false},"excerpt":{"rendered":"<p>El aceite de onagra est\u00e1 indicado para ayudar a prevenir y aliviar los s\u00edntomas asociados con el s\u00edndrome premenstrual y la menopausia. [&#8230;]<\/p>\n<p><a class=\"btn btn-secondary understrap-read-more-link\" href=\"https:\/\/www.lifenatura.com\/es\/produto\/premium-onagra-30-capsulas-juventus\/\">Leer m\u00e1s&#8230;<span class=\"screen-reader-text\"> from Onagra 30 c\u00e1psulas &#8211; Juventus<\/span><\/a><\/p>\n","protected":false},"featured_media":131375,"template":"","meta":{"_acf_changed":false},"product_brand":[8463],"product_cat":[7243,7179],"product_tag":[8699],"class_list":{"0":"post-38973","1":"product","2":"type-product","3":"status-publish","4":"has-post-thumbnail","6":"product_brand-juventus-es","7":"product_cat-menopausia","8":"product_cat-salud","9":"product_tag-farmodietica","11":"first","12":"instock","13":"sale","14":"featured","15":"shipping-taxable","16":"purchasable","17":"product-type-simple","18":"add-to-wishlist-before_image"},"acf":[],"yoast_head":"<!-- This site is optimized with the Yoast SEO Premium plugin v27.1 (Yoast SEO v27.5) - https:\/\/yoast.com\/product\/yoast-seo-premium-wordpress\/ -->\n<title>Onagra 30 c\u00e1psulas Juventus - Lifenatura<\/title>\n<meta name=\"description\" content=\"El aceite de onagra est\u00e1 indicado para ayudar a prevenir y aliviar los s\u00edntomas asociados con el s\u00edndrome premenstrual y la menopausia.\" \/>\n<meta name=\"robots\" content=\"index, follow, max-snippet:-1, max-image-preview:large, max-video-preview:-1\" \/>\n<link rel=\"canonical\" href=\"https:\/\/www.lifenatura.com\/es\/produto\/premium-onagra-30-capsulas-juventus\/\" \/>\n<meta property=\"og:locale\" content=\"es_ES\" \/>\n<meta property=\"og:type\" content=\"article\" \/>\n<meta property=\"og:title\" content=\"Onagra 30 c\u00e1psulas - Juventus - Na Lifenatura ao Melhor Pre\u00e7o | Envio 48h\" \/>\n<meta property=\"og:description\" content=\"Compre Onagra 30 c\u00e1psulas - Juventus com envio r\u00e1pido. Entrega em 48h e portes gr\u00e1tis em compras &gt;35\u20ac. Aproveite j\u00e1 na Lifenatura\" \/>\n<meta property=\"og:url\" content=\"https:\/\/www.lifenatura.com\/es\/produto\/premium-onagra-30-capsulas-juventus\/\" \/>\n<meta property=\"og:site_name\" content=\"Lifenatura\" \/>\n<meta property=\"article:publisher\" content=\"https:\/\/www.facebook.com\/lifenatura\" \/>\n<meta property=\"article:modified_time\" content=\"2025-02-02T00:02:48+00:00\" \/>\n<meta property=\"og:image\" content=\"https:\/\/www.lifenatura.com\/wp-content\/uploads\/2021\/09\/gd_juventus_premium_onagra.jpg\" \/>\n\t<meta property=\"og:image:width\" content=\"1000\" \/>\n\t<meta property=\"og:image:height\" content=\"1000\" \/>\n\t<meta property=\"og:image:type\" content=\"image\/jpeg\" \/>\n<meta name=\"twitter:card\" content=\"summary_large_image\" \/>\n<meta name=\"twitter:label1\" content=\"Precio\" \/>\n\t<meta name=\"twitter:data1\" content=\"11,98&nbsp;&euro;\" \/>\n\t<meta name=\"twitter:label2\" content=\"Disponibilidad\" \/>\n\t<meta name=\"twitter:data2\" content=\"Disponible\" \/>\n<script type=\"application\/ld+json\" class=\"yoast-schema-graph\">{\"@context\":\"https:\\\/\\\/schema.org\",\"@graph\":[{\"@type\":\"WebPage\",\"@id\":\"https:\\\/\\\/www.lifenatura.com\\\/es\\\/produto\\\/premium-onagra-30-capsulas-juventus\\\/\",\"url\":\"https:\\\/\\\/www.lifenatura.com\\\/es\\\/produto\\\/premium-onagra-30-capsulas-juventus\\\/\",\"name\":\"Onagra 30 c\u00e1psulas Juventus - Lifenatura\",\"isPartOf\":{\"@id\":\"https:\\\/\\\/www.lifenatura.com\\\/es\\\/#website\"},\"primaryImageOfPage\":{\"@id\":\"https:\\\/\\\/www.lifenatura.com\\\/es\\\/produto\\\/premium-onagra-30-capsulas-juventus\\\/#primaryimage\"},\"image\":{\"@id\":\"https:\\\/\\\/www.lifenatura.com\\\/es\\\/produto\\\/premium-onagra-30-capsulas-juventus\\\/#primaryimage\"},\"thumbnailUrl\":\"https:\\\/\\\/www.lifenatura.com\\\/wp-content\\\/uploads\\\/2026\\\/03\\\/3D-Juventus-Onagra.png\",\"datePublished\":\"2021-09-30T10:15:34+00:00\",\"dateModified\":\"2025-02-02T00:02:48+00:00\",\"description\":\"El aceite de onagra est\u00e1 indicado para ayudar a prevenir y aliviar los s\u00edntomas asociados con el s\u00edndrome premenstrual y la menopausia.\",\"breadcrumb\":{\"@id\":\"https:\\\/\\\/www.lifenatura.com\\\/es\\\/produto\\\/premium-onagra-30-capsulas-juventus\\\/#breadcrumb\"},\"inLanguage\":\"es\",\"potentialAction\":[{\"@type\":\"ReadAction\",\"target\":[\"https:\\\/\\\/www.lifenatura.com\\\/es\\\/produto\\\/premium-onagra-30-capsulas-juventus\\\/\"]}]},{\"@type\":\"ImageObject\",\"inLanguage\":\"es\",\"@id\":\"https:\\\/\\\/www.lifenatura.com\\\/es\\\/produto\\\/premium-onagra-30-capsulas-juventus\\\/#primaryimage\",\"url\":\"https:\\\/\\\/www.lifenatura.com\\\/wp-content\\\/uploads\\\/2026\\\/03\\\/3D-Juventus-Onagra.png\",\"contentUrl\":\"https:\\\/\\\/www.lifenatura.com\\\/wp-content\\\/uploads\\\/2026\\\/03\\\/3D-Juventus-Onagra.png\",\"width\":2268,\"height\":2268},{\"@type\":\"BreadcrumbList\",\"@id\":\"https:\\\/\\\/www.lifenatura.com\\\/es\\\/produto\\\/premium-onagra-30-capsulas-juventus\\\/#breadcrumb\",\"itemListElement\":[{\"@type\":\"ListItem\",\"position\":1,\"name\":\"In\u00edcio\",\"item\":\"https:\\\/\\\/www.lifenatura.com\\\/es\\\/\"},{\"@type\":\"ListItem\",\"position\":2,\"name\":\"Todos los Productos\",\"item\":\"https:\\\/\\\/www.lifenatura.com\\\/es\\\/tienda\\\/\"},{\"@type\":\"ListItem\",\"position\":3,\"name\":\"Onagra 30 c\u00e1psulas &#8211; Juventus\"}]},{\"@type\":\"WebSite\",\"@id\":\"https:\\\/\\\/www.lifenatura.com\\\/es\\\/#website\",\"url\":\"https:\\\/\\\/www.lifenatura.com\\\/es\\\/\",\"name\":\"Lifenatura\",\"description\":\"A Lifenatura \u00e9 uma loja de produtos naturais, cosm\u00e9tica natural e alimenta\u00e7\u00e3o Biol\u00f3gica.\",\"publisher\":{\"@id\":\"https:\\\/\\\/www.lifenatura.com\\\/es\\\/#organization\"},\"potentialAction\":[{\"@type\":\"SearchAction\",\"target\":{\"@type\":\"EntryPoint\",\"urlTemplate\":\"https:\\\/\\\/www.lifenatura.com\\\/es\\\/?s={search_term_string}\"},\"query-input\":{\"@type\":\"PropertyValueSpecification\",\"valueRequired\":true,\"valueName\":\"search_term_string\"}}],\"inLanguage\":\"es\"},{\"@type\":\"Organization\",\"@id\":\"https:\\\/\\\/www.lifenatura.com\\\/es\\\/#organization\",\"name\":\"Lifenatura\",\"url\":\"https:\\\/\\\/www.lifenatura.com\\\/es\\\/\",\"logo\":{\"@type\":\"ImageObject\",\"inLanguage\":\"es\",\"@id\":\"https:\\\/\\\/www.lifenatura.com\\\/es\\\/#\\\/schema\\\/logo\\\/image\\\/\",\"url\":\"https:\\\/\\\/www.lifenatura.com\\\/wp-content\\\/uploads\\\/2021\\\/07\\\/logo.png\",\"contentUrl\":\"https:\\\/\\\/www.lifenatura.com\\\/wp-content\\\/uploads\\\/2021\\\/07\\\/logo.png\",\"width\":175,\"height\":55,\"caption\":\"Lifenatura\"},\"image\":{\"@id\":\"https:\\\/\\\/www.lifenatura.com\\\/es\\\/#\\\/schema\\\/logo\\\/image\\\/\"},\"sameAs\":[\"https:\\\/\\\/www.facebook.com\\\/lifenatura\",\"https:\\\/\\\/www.instagram.com\\\/lifenaturapt\\\/\"],\"hasMerchantReturnPolicy\":{\"@type\":\"MerchantReturnPolicy\",\"merchantReturnLink\":\"https:\\\/\\\/www.lifenatura.com\\\/termos-condicoes-lifenatura\\\/\"}}]}<\/script>\n<meta property=\"product:price:amount\" content=\"11.98\" \/>\n<meta property=\"product:price:currency\" content=\"EUR\" \/>\n<meta property=\"og:availability\" content=\"instock\" \/>\n<meta property=\"product:availability\" content=\"instock\" \/>\n<meta property=\"product:retailer_item_id\" content=\"5601653011464\" \/>\n<meta property=\"product:condition\" content=\"new\" \/>\n<!-- \/ Yoast SEO Premium plugin. -->","yoast_head_json":{"title":"Onagra 30 c\u00e1psulas Juventus - Lifenatura","description":"El aceite de onagra est\u00e1 indicado para ayudar a prevenir y aliviar los s\u00edntomas asociados con el s\u00edndrome premenstrual y la menopausia.","robots":{"index":"index","follow":"follow","max-snippet":"max-snippet:-1","max-image-preview":"max-image-preview:large","max-video-preview":"max-video-preview:-1"},"canonical":"https:\/\/www.lifenatura.com\/es\/produto\/premium-onagra-30-capsulas-juventus\/","og_locale":"es_ES","og_type":"article","og_title":"Onagra 30 c\u00e1psulas - Juventus - Na Lifenatura ao Melhor Pre\u00e7o | Envio 48h","og_description":"Compre Onagra 30 c\u00e1psulas - Juventus com envio r\u00e1pido. Entrega em 48h e portes gr\u00e1tis em compras >35\u20ac. Aproveite j\u00e1 na Lifenatura","og_url":"https:\/\/www.lifenatura.com\/es\/produto\/premium-onagra-30-capsulas-juventus\/","og_site_name":"Lifenatura","article_publisher":"https:\/\/www.facebook.com\/lifenatura","article_modified_time":"2025-02-02T00:02:48+00:00","og_image":[{"width":1000,"height":1000,"url":"https:\/\/www.lifenatura.com\/wp-content\/uploads\/2021\/09\/gd_juventus_premium_onagra.jpg","type":"image\/jpeg"}],"twitter_card":"summary_large_image","twitter_misc":{"Precio":"11,98&nbsp;&euro;","Disponibilidad":"Disponible"},"schema":{"@context":"https:\/\/schema.org","@graph":[{"@type":"WebPage","@id":"https:\/\/www.lifenatura.com\/es\/produto\/premium-onagra-30-capsulas-juventus\/","url":"https:\/\/www.lifenatura.com\/es\/produto\/premium-onagra-30-capsulas-juventus\/","name":"Onagra 30 c\u00e1psulas Juventus - Lifenatura","isPartOf":{"@id":"https:\/\/www.lifenatura.com\/es\/#website"},"primaryImageOfPage":{"@id":"https:\/\/www.lifenatura.com\/es\/produto\/premium-onagra-30-capsulas-juventus\/#primaryimage"},"image":{"@id":"https:\/\/www.lifenatura.com\/es\/produto\/premium-onagra-30-capsulas-juventus\/#primaryimage"},"thumbnailUrl":"https:\/\/www.lifenatura.com\/wp-content\/uploads\/2026\/03\/3D-Juventus-Onagra.png","datePublished":"2021-09-30T10:15:34+00:00","dateModified":"2025-02-02T00:02:48+00:00","description":"El aceite de onagra est\u00e1 indicado para ayudar a prevenir y aliviar los s\u00edntomas asociados con el s\u00edndrome premenstrual y la menopausia.","breadcrumb":{"@id":"https:\/\/www.lifenatura.com\/es\/produto\/premium-onagra-30-capsulas-juventus\/#breadcrumb"},"inLanguage":"es","potentialAction":[{"@type":"ReadAction","target":["https:\/\/www.lifenatura.com\/es\/produto\/premium-onagra-30-capsulas-juventus\/"]}]},{"@type":"ImageObject","inLanguage":"es","@id":"https:\/\/www.lifenatura.com\/es\/produto\/premium-onagra-30-capsulas-juventus\/#primaryimage","url":"https:\/\/www.lifenatura.com\/wp-content\/uploads\/2026\/03\/3D-Juventus-Onagra.png","contentUrl":"https:\/\/www.lifenatura.com\/wp-content\/uploads\/2026\/03\/3D-Juventus-Onagra.png","width":2268,"height":2268},{"@type":"BreadcrumbList","@id":"https:\/\/www.lifenatura.com\/es\/produto\/premium-onagra-30-capsulas-juventus\/#breadcrumb","itemListElement":[{"@type":"ListItem","position":1,"name":"In\u00edcio","item":"https:\/\/www.lifenatura.com\/es\/"},{"@type":"ListItem","position":2,"name":"Todos los Productos","item":"https:\/\/www.lifenatura.com\/es\/tienda\/"},{"@type":"ListItem","position":3,"name":"Onagra 30 c\u00e1psulas &#8211; Juventus"}]},{"@type":"WebSite","@id":"https:\/\/www.lifenatura.com\/es\/#website","url":"https:\/\/www.lifenatura.com\/es\/","name":"Lifenatura","description":"A Lifenatura \u00e9 uma loja de produtos naturais, cosm\u00e9tica natural e alimenta\u00e7\u00e3o Biol\u00f3gica.","publisher":{"@id":"https:\/\/www.lifenatura.com\/es\/#organization"},"potentialAction":[{"@type":"SearchAction","target":{"@type":"EntryPoint","urlTemplate":"https:\/\/www.lifenatura.com\/es\/?s={search_term_string}"},"query-input":{"@type":"PropertyValueSpecification","valueRequired":true,"valueName":"search_term_string"}}],"inLanguage":"es"},{"@type":"Organization","@id":"https:\/\/www.lifenatura.com\/es\/#organization","name":"Lifenatura","url":"https:\/\/www.lifenatura.com\/es\/","logo":{"@type":"ImageObject","inLanguage":"es","@id":"https:\/\/www.lifenatura.com\/es\/#\/schema\/logo\/image\/","url":"https:\/\/www.lifenatura.com\/wp-content\/uploads\/2021\/07\/logo.png","contentUrl":"https:\/\/www.lifenatura.com\/wp-content\/uploads\/2021\/07\/logo.png","width":175,"height":55,"caption":"Lifenatura"},"image":{"@id":"https:\/\/www.lifenatura.com\/es\/#\/schema\/logo\/image\/"},"sameAs":["https:\/\/www.facebook.com\/lifenatura","https:\/\/www.instagram.com\/lifenaturapt\/"],"hasMerchantReturnPolicy":{"@type":"MerchantReturnPolicy","merchantReturnLink":"https:\/\/www.lifenatura.com\/termos-condicoes-lifenatura\/"}}]},"product_price_amount":"11.98","product_price_currency":"EUR","og_availability":"instock","product_availability":"instock","product_retailer_item_id":"5601653011464","product_condition":"new"},"df_price":11.98,"df_sale_price":11.98,"df_regular_price":21.78,"df_image_link":"https:\/\/www.lifenatura.com\/wp-content\/uploads\/2026\/03\/3D-Juventus-Onagra-300x300.png","_links":{"self":[{"href":"https:\/\/www.lifenatura.com\/es\/wp-json\/wp\/v2\/product\/38973","targetHints":{"allow":["GET"]}}],"collection":[{"href":"https:\/\/www.lifenatura.com\/es\/wp-json\/wp\/v2\/product"}],"about":[{"href":"https:\/\/www.lifenatura.com\/es\/wp-json\/wp\/v2\/types\/product"}],"wp:featuredmedia":[{"embeddable":true,"href":"https:\/\/www.lifenatura.com\/es\/wp-json\/wp\/v2\/media\/131375"}],"wp:attachment":[{"href":"https:\/\/www.lifenatura.com\/es\/wp-json\/wp\/v2\/media?parent=38973"}],"wp:term":[{"taxonomy":"product_brand","embeddable":true,"href":"https:\/\/www.lifenatura.com\/es\/wp-json\/wp\/v2\/product_brand?post=38973"},{"taxonomy":"product_cat","embeddable":true,"href":"https:\/\/www.lifenatura.com\/es\/wp-json\/wp\/v2\/product_cat?post=38973"},{"taxonomy":"product_tag","embeddable":true,"href":"https:\/\/www.lifenatura.com\/es\/wp-json\/wp\/v2\/product_tag?post=38973"}],"curies":[{"name":"wp","href":"https:\/\/api.w.org\/{rel}","templated":true}]}}