{"id":38970,"date":"2021-09-30T10:15:34","date_gmt":"2021-09-30T10:15:34","guid":{"rendered":"https:\/\/lifenatura.dev.agenciagetdigital.com\/produto\/premium-curcuma-30-capsulas-juventus\/"},"modified":"2025-02-02T00:02:47","modified_gmt":"2025-02-02T00:02:47","slug":"premium-curcuma-30-capsulas-juventus","status":"publish","type":"product","link":"https:\/\/www.lifenatura.com\/es\/produto\/premium-curcuma-30-capsulas-juventus\/","title":{"rendered":"Premium Curcuma 30 c\u00e1psulas &#8211; Juventus"},"content":{"rendered":"<h2><strong>C\u00farcuma, el superalimento antiinflamatorio natural<\/strong><\/h2>\n<p>&nbsp;<\/p>\n<p>Juventus\u00ae Curcuma es un complemento alimenticio que contiene un extracto concentrado de c\u00farcuma con un alto contenido en curcuminoides, incluida la curcumina. Su innovadora f\u00f3rmula, con c\u00e1psulas altamente absorbibles, potencia la absorci\u00f3n de los ingredientes activos y mejora su biodisponibilidad.<\/p>\n<p>Este suplemento de C\u00farcuma est\u00e1 recomendado para dolores inflamatorios, artritis y enfermedades con componentes inflamatorios, ya que es un antiinflamatorio natural muy potente.<\/p>\n<p>Juventus Premium Citrato de C\u00farcuma est\u00e1 formulado para promover una serie de beneficios para la salud, incluyendo el apoyo a la salud de las articulaciones, la reducci\u00f3n de la inflamaci\u00f3n, la protecci\u00f3n antioxidante y la promoci\u00f3n de la salud cardiovascular.<\/p>\n<p>Su objetivo es proporcionar al cuerpo los nutrientes y compuestos bioactivos que se encuentran en la c\u00farcuma para promover una salud \u00f3ptima y el bienestar general.<\/p>\n<p><strong>Los 3 beneficios principales:<\/strong><\/p>\n<ul>\n<li><strong>Salud articular:<\/strong> La c\u00farcuma tiene propiedades antiinflamatorias que pueden ayudar a aliviar el dolor y las molestias en las articulaciones, favoreciendo una mayor movilidad y flexibilidad.<\/li>\n<li><strong>Reduce la inflamaci\u00f3n<\/strong>: Los compuestos activos de la c\u00farcuma, especialmente la curcumina, tienen potentes propiedades antiinflamatorias que pueden ayudar a reducir la inflamaci\u00f3n en el organismo y aliviar los s\u00edntomas asociados a las afecciones inflamatorias.<\/li>\n<li><strong>Protecci\u00f3n antioxidante:<\/strong> Es rica en antioxidantes que ayudan a neutralizar los radicales libres y a proteger las c\u00e9lulas contra el da\u00f1o oxidativo, ayudando a prevenir el envejecimiento prematuro y el desarrollo de enfermedades cr\u00f3nicas.<\/li>\n<\/ul>\n<p><strong>PRESENTACI\u00d3N<\/strong><\/p>\n<p>30 c\u00e1psulas.<\/p>\n<p>&nbsp;<\/p>\n","protected":false},"excerpt":{"rendered":"<p>C\u00farcuma es un superalimento antiinflamatorio que favorece las articulaciones, reduce la inflamaci\u00f3n general del organismo y protege contra la oxidaci\u00f3n. [&#8230;]<\/p>\n<p><a class=\"btn btn-secondary understrap-read-more-link\" href=\"https:\/\/www.lifenatura.com\/es\/produto\/premium-curcuma-30-capsulas-juventus\/\">Leer m\u00e1s&#8230;<span class=\"screen-reader-text\"> from Premium Curcuma 30 c\u00e1psulas &#8211; Juventus<\/span><\/a><\/p>\n","protected":false},"featured_media":131367,"template":"","meta":{"_acf_changed":false},"product_brand":[8463],"product_cat":[7999,7236,7695,7659,7179,7883],"product_tag":[8699],"class_list":{"0":"post-38970","1":"product","2":"type-product","3":"status-publish","4":"has-post-thumbnail","6":"product_brand-juventus-es","7":"product_cat-antiinflamatorio-natural","8":"product_cat-antioxidantes-salud","9":"product_cat-curcuma-bio","10":"product_cat-ingrediente-natural-bio","11":"product_cat-salud","12":"product_cat-suplementos-alimenticios","13":"product_tag-farmodietica","15":"first","16":"outofstock","17":"sale","18":"featured","19":"shipping-taxable","20":"purchasable","21":"product-type-simple","22":"add-to-wishlist-before_image"},"acf":[],"yoast_head":"<!-- This site is optimized with the Yoast SEO Premium plugin v27.1 (Yoast SEO v27.5) - https:\/\/yoast.com\/product\/yoast-seo-premium-wordpress\/ -->\n<title>Curcuma 30 c\u00e1psulas Juventus - Lifenatura<\/title>\n<meta name=\"description\" content=\"C\u00farcuma es un superalimento antiinflamatorio que favorece las articulaciones, reduce la inflamaci\u00f3n general del organismo y protege contra la oxidaci\u00f3n.\" \/>\n<meta name=\"robots\" content=\"index, follow, max-snippet:-1, max-image-preview:large, max-video-preview:-1\" \/>\n<link rel=\"canonical\" href=\"https:\/\/www.lifenatura.com\/es\/produto\/premium-curcuma-30-capsulas-juventus\/\" \/>\n<meta property=\"og:locale\" content=\"es_ES\" \/>\n<meta property=\"og:type\" content=\"article\" \/>\n<meta property=\"og:title\" content=\"Premium Curcuma 30 c\u00e1psulas - Juventus - Na Lifenatura ao Melhor Pre\u00e7o | Envio 48h\" \/>\n<meta property=\"og:description\" content=\"Compre Premium Curcuma 30 c\u00e1psulas - Juventus com envio r\u00e1pido. Entrega em 48h e portes gr\u00e1tis em compras &gt;35\u20ac. Aproveite j\u00e1 na Lifenatura\" \/>\n<meta property=\"og:url\" content=\"https:\/\/www.lifenatura.com\/es\/produto\/premium-curcuma-30-capsulas-juventus\/\" \/>\n<meta property=\"og:site_name\" content=\"Lifenatura\" \/>\n<meta property=\"article:publisher\" content=\"https:\/\/www.facebook.com\/lifenatura\" \/>\n<meta property=\"article:modified_time\" content=\"2025-02-02T00:02:47+00:00\" \/>\n<meta property=\"og:image\" content=\"https:\/\/www.lifenatura.com\/wp-content\/uploads\/2021\/09\/gd_juventus_premium_curcuma.jpg\" \/>\n\t<meta property=\"og:image:width\" content=\"1000\" \/>\n\t<meta property=\"og:image:height\" content=\"1000\" \/>\n\t<meta property=\"og:image:type\" content=\"image\/jpeg\" \/>\n<meta name=\"twitter:card\" content=\"summary_large_image\" \/>\n<meta name=\"twitter:label1\" content=\"Precio\" \/>\n\t<meta name=\"twitter:data1\" content=\"17,29&nbsp;&euro;\" \/>\n\t<meta name=\"twitter:label2\" content=\"Disponibilidad\" \/>\n\t<meta name=\"twitter:data2\" content=\"Sin existencias\" \/>\n<script type=\"application\/ld+json\" class=\"yoast-schema-graph\">{\"@context\":\"https:\\\/\\\/schema.org\",\"@graph\":[{\"@type\":\"WebPage\",\"@id\":\"https:\\\/\\\/www.lifenatura.com\\\/es\\\/produto\\\/premium-curcuma-30-capsulas-juventus\\\/\",\"url\":\"https:\\\/\\\/www.lifenatura.com\\\/es\\\/produto\\\/premium-curcuma-30-capsulas-juventus\\\/\",\"name\":\"Curcuma 30 c\u00e1psulas Juventus - Lifenatura\",\"isPartOf\":{\"@id\":\"https:\\\/\\\/www.lifenatura.com\\\/es\\\/#website\"},\"primaryImageOfPage\":{\"@id\":\"https:\\\/\\\/www.lifenatura.com\\\/es\\\/produto\\\/premium-curcuma-30-capsulas-juventus\\\/#primaryimage\"},\"image\":{\"@id\":\"https:\\\/\\\/www.lifenatura.com\\\/es\\\/produto\\\/premium-curcuma-30-capsulas-juventus\\\/#primaryimage\"},\"thumbnailUrl\":\"https:\\\/\\\/www.lifenatura.com\\\/wp-content\\\/uploads\\\/2026\\\/03\\\/JuventusPremium-Curcuma-scaled-1.jpg\",\"datePublished\":\"2021-09-30T10:15:34+00:00\",\"dateModified\":\"2025-02-02T00:02:47+00:00\",\"description\":\"C\u00farcuma es un superalimento antiinflamatorio que favorece las articulaciones, reduce la inflamaci\u00f3n general del organismo y protege contra la oxidaci\u00f3n.\",\"breadcrumb\":{\"@id\":\"https:\\\/\\\/www.lifenatura.com\\\/es\\\/produto\\\/premium-curcuma-30-capsulas-juventus\\\/#breadcrumb\"},\"inLanguage\":\"es\",\"potentialAction\":[{\"@type\":\"ReadAction\",\"target\":[\"https:\\\/\\\/www.lifenatura.com\\\/es\\\/produto\\\/premium-curcuma-30-capsulas-juventus\\\/\"]}]},{\"@type\":\"ImageObject\",\"inLanguage\":\"es\",\"@id\":\"https:\\\/\\\/www.lifenatura.com\\\/es\\\/produto\\\/premium-curcuma-30-capsulas-juventus\\\/#primaryimage\",\"url\":\"https:\\\/\\\/www.lifenatura.com\\\/wp-content\\\/uploads\\\/2026\\\/03\\\/JuventusPremium-Curcuma-scaled-1.jpg\",\"contentUrl\":\"https:\\\/\\\/www.lifenatura.com\\\/wp-content\\\/uploads\\\/2026\\\/03\\\/JuventusPremium-Curcuma-scaled-1.jpg\",\"width\":1920,\"height\":1920},{\"@type\":\"BreadcrumbList\",\"@id\":\"https:\\\/\\\/www.lifenatura.com\\\/es\\\/produto\\\/premium-curcuma-30-capsulas-juventus\\\/#breadcrumb\",\"itemListElement\":[{\"@type\":\"ListItem\",\"position\":1,\"name\":\"In\u00edcio\",\"item\":\"https:\\\/\\\/www.lifenatura.com\\\/es\\\/\"},{\"@type\":\"ListItem\",\"position\":2,\"name\":\"Todos los Productos\",\"item\":\"https:\\\/\\\/www.lifenatura.com\\\/es\\\/tienda\\\/\"},{\"@type\":\"ListItem\",\"position\":3,\"name\":\"Premium Curcuma 30 c\u00e1psulas &#8211; Juventus\"}]},{\"@type\":\"WebSite\",\"@id\":\"https:\\\/\\\/www.lifenatura.com\\\/es\\\/#website\",\"url\":\"https:\\\/\\\/www.lifenatura.com\\\/es\\\/\",\"name\":\"Lifenatura\",\"description\":\"A Lifenatura \u00e9 uma loja de produtos naturais, cosm\u00e9tica natural e alimenta\u00e7\u00e3o Biol\u00f3gica.\",\"publisher\":{\"@id\":\"https:\\\/\\\/www.lifenatura.com\\\/es\\\/#organization\"},\"potentialAction\":[{\"@type\":\"SearchAction\",\"target\":{\"@type\":\"EntryPoint\",\"urlTemplate\":\"https:\\\/\\\/www.lifenatura.com\\\/es\\\/?s={search_term_string}\"},\"query-input\":{\"@type\":\"PropertyValueSpecification\",\"valueRequired\":true,\"valueName\":\"search_term_string\"}}],\"inLanguage\":\"es\"},{\"@type\":\"Organization\",\"@id\":\"https:\\\/\\\/www.lifenatura.com\\\/es\\\/#organization\",\"name\":\"Lifenatura\",\"url\":\"https:\\\/\\\/www.lifenatura.com\\\/es\\\/\",\"logo\":{\"@type\":\"ImageObject\",\"inLanguage\":\"es\",\"@id\":\"https:\\\/\\\/www.lifenatura.com\\\/es\\\/#\\\/schema\\\/logo\\\/image\\\/\",\"url\":\"https:\\\/\\\/www.lifenatura.com\\\/wp-content\\\/uploads\\\/2021\\\/07\\\/logo.png\",\"contentUrl\":\"https:\\\/\\\/www.lifenatura.com\\\/wp-content\\\/uploads\\\/2021\\\/07\\\/logo.png\",\"width\":175,\"height\":55,\"caption\":\"Lifenatura\"},\"image\":{\"@id\":\"https:\\\/\\\/www.lifenatura.com\\\/es\\\/#\\\/schema\\\/logo\\\/image\\\/\"},\"sameAs\":[\"https:\\\/\\\/www.facebook.com\\\/lifenatura\",\"https:\\\/\\\/www.instagram.com\\\/lifenaturapt\\\/\"],\"hasMerchantReturnPolicy\":{\"@type\":\"MerchantReturnPolicy\",\"merchantReturnLink\":\"https:\\\/\\\/www.lifenatura.com\\\/termos-condicoes-lifenatura\\\/\"}}]}<\/script>\n<meta property=\"product:price:amount\" content=\"17.29\" \/>\n<meta property=\"product:price:currency\" content=\"EUR\" \/>\n<meta property=\"og:availability\" content=\"out of stock\" \/>\n<meta property=\"product:availability\" content=\"out of stock\" \/>\n<meta property=\"product:retailer_item_id\" content=\"5601653011501\" \/>\n<meta property=\"product:condition\" content=\"new\" \/>\n<!-- \/ Yoast SEO Premium plugin. -->","yoast_head_json":{"title":"Curcuma 30 c\u00e1psulas Juventus - Lifenatura","description":"C\u00farcuma es un superalimento antiinflamatorio que favorece las articulaciones, reduce la inflamaci\u00f3n general del organismo y protege contra la oxidaci\u00f3n.","robots":{"index":"index","follow":"follow","max-snippet":"max-snippet:-1","max-image-preview":"max-image-preview:large","max-video-preview":"max-video-preview:-1"},"canonical":"https:\/\/www.lifenatura.com\/es\/produto\/premium-curcuma-30-capsulas-juventus\/","og_locale":"es_ES","og_type":"article","og_title":"Premium Curcuma 30 c\u00e1psulas - Juventus - Na Lifenatura ao Melhor Pre\u00e7o | Envio 48h","og_description":"Compre Premium Curcuma 30 c\u00e1psulas - Juventus com envio r\u00e1pido. Entrega em 48h e portes gr\u00e1tis em compras >35\u20ac. Aproveite j\u00e1 na Lifenatura","og_url":"https:\/\/www.lifenatura.com\/es\/produto\/premium-curcuma-30-capsulas-juventus\/","og_site_name":"Lifenatura","article_publisher":"https:\/\/www.facebook.com\/lifenatura","article_modified_time":"2025-02-02T00:02:47+00:00","og_image":[{"width":1000,"height":1000,"url":"https:\/\/www.lifenatura.com\/wp-content\/uploads\/2021\/09\/gd_juventus_premium_curcuma.jpg","type":"image\/jpeg"}],"twitter_card":"summary_large_image","twitter_misc":{"Precio":"17,29&nbsp;&euro;","Disponibilidad":"Sin existencias"},"schema":{"@context":"https:\/\/schema.org","@graph":[{"@type":"WebPage","@id":"https:\/\/www.lifenatura.com\/es\/produto\/premium-curcuma-30-capsulas-juventus\/","url":"https:\/\/www.lifenatura.com\/es\/produto\/premium-curcuma-30-capsulas-juventus\/","name":"Curcuma 30 c\u00e1psulas Juventus - Lifenatura","isPartOf":{"@id":"https:\/\/www.lifenatura.com\/es\/#website"},"primaryImageOfPage":{"@id":"https:\/\/www.lifenatura.com\/es\/produto\/premium-curcuma-30-capsulas-juventus\/#primaryimage"},"image":{"@id":"https:\/\/www.lifenatura.com\/es\/produto\/premium-curcuma-30-capsulas-juventus\/#primaryimage"},"thumbnailUrl":"https:\/\/www.lifenatura.com\/wp-content\/uploads\/2026\/03\/JuventusPremium-Curcuma-scaled-1.jpg","datePublished":"2021-09-30T10:15:34+00:00","dateModified":"2025-02-02T00:02:47+00:00","description":"C\u00farcuma es un superalimento antiinflamatorio que favorece las articulaciones, reduce la inflamaci\u00f3n general del organismo y protege contra la oxidaci\u00f3n.","breadcrumb":{"@id":"https:\/\/www.lifenatura.com\/es\/produto\/premium-curcuma-30-capsulas-juventus\/#breadcrumb"},"inLanguage":"es","potentialAction":[{"@type":"ReadAction","target":["https:\/\/www.lifenatura.com\/es\/produto\/premium-curcuma-30-capsulas-juventus\/"]}]},{"@type":"ImageObject","inLanguage":"es","@id":"https:\/\/www.lifenatura.com\/es\/produto\/premium-curcuma-30-capsulas-juventus\/#primaryimage","url":"https:\/\/www.lifenatura.com\/wp-content\/uploads\/2026\/03\/JuventusPremium-Curcuma-scaled-1.jpg","contentUrl":"https:\/\/www.lifenatura.com\/wp-content\/uploads\/2026\/03\/JuventusPremium-Curcuma-scaled-1.jpg","width":1920,"height":1920},{"@type":"BreadcrumbList","@id":"https:\/\/www.lifenatura.com\/es\/produto\/premium-curcuma-30-capsulas-juventus\/#breadcrumb","itemListElement":[{"@type":"ListItem","position":1,"name":"In\u00edcio","item":"https:\/\/www.lifenatura.com\/es\/"},{"@type":"ListItem","position":2,"name":"Todos los Productos","item":"https:\/\/www.lifenatura.com\/es\/tienda\/"},{"@type":"ListItem","position":3,"name":"Premium Curcuma 30 c\u00e1psulas &#8211; Juventus"}]},{"@type":"WebSite","@id":"https:\/\/www.lifenatura.com\/es\/#website","url":"https:\/\/www.lifenatura.com\/es\/","name":"Lifenatura","description":"A Lifenatura \u00e9 uma loja de produtos naturais, cosm\u00e9tica natural e alimenta\u00e7\u00e3o Biol\u00f3gica.","publisher":{"@id":"https:\/\/www.lifenatura.com\/es\/#organization"},"potentialAction":[{"@type":"SearchAction","target":{"@type":"EntryPoint","urlTemplate":"https:\/\/www.lifenatura.com\/es\/?s={search_term_string}"},"query-input":{"@type":"PropertyValueSpecification","valueRequired":true,"valueName":"search_term_string"}}],"inLanguage":"es"},{"@type":"Organization","@id":"https:\/\/www.lifenatura.com\/es\/#organization","name":"Lifenatura","url":"https:\/\/www.lifenatura.com\/es\/","logo":{"@type":"ImageObject","inLanguage":"es","@id":"https:\/\/www.lifenatura.com\/es\/#\/schema\/logo\/image\/","url":"https:\/\/www.lifenatura.com\/wp-content\/uploads\/2021\/07\/logo.png","contentUrl":"https:\/\/www.lifenatura.com\/wp-content\/uploads\/2021\/07\/logo.png","width":175,"height":55,"caption":"Lifenatura"},"image":{"@id":"https:\/\/www.lifenatura.com\/es\/#\/schema\/logo\/image\/"},"sameAs":["https:\/\/www.facebook.com\/lifenatura","https:\/\/www.instagram.com\/lifenaturapt\/"],"hasMerchantReturnPolicy":{"@type":"MerchantReturnPolicy","merchantReturnLink":"https:\/\/www.lifenatura.com\/termos-condicoes-lifenatura\/"}}]},"product_price_amount":"17.29","product_price_currency":"EUR","og_availability":"out of stock","product_availability":"out of stock","product_retailer_item_id":"5601653011501","product_condition":"new"},"df_price":17.29,"df_sale_price":17.29,"df_regular_price":31.43,"df_image_link":"https:\/\/www.lifenatura.com\/wp-content\/uploads\/2026\/03\/JuventusPremium-Curcuma-scaled-1-300x300.jpg","_links":{"self":[{"href":"https:\/\/www.lifenatura.com\/es\/wp-json\/wp\/v2\/product\/38970","targetHints":{"allow":["GET"]}}],"collection":[{"href":"https:\/\/www.lifenatura.com\/es\/wp-json\/wp\/v2\/product"}],"about":[{"href":"https:\/\/www.lifenatura.com\/es\/wp-json\/wp\/v2\/types\/product"}],"wp:featuredmedia":[{"embeddable":true,"href":"https:\/\/www.lifenatura.com\/es\/wp-json\/wp\/v2\/media\/131367"}],"wp:attachment":[{"href":"https:\/\/www.lifenatura.com\/es\/wp-json\/wp\/v2\/media?parent=38970"}],"wp:term":[{"taxonomy":"product_brand","embeddable":true,"href":"https:\/\/www.lifenatura.com\/es\/wp-json\/wp\/v2\/product_brand?post=38970"},{"taxonomy":"product_cat","embeddable":true,"href":"https:\/\/www.lifenatura.com\/es\/wp-json\/wp\/v2\/product_cat?post=38970"},{"taxonomy":"product_tag","embeddable":true,"href":"https:\/\/www.lifenatura.com\/es\/wp-json\/wp\/v2\/product_tag?post=38970"}],"curies":[{"name":"wp","href":"https:\/\/api.w.org\/{rel}","templated":true}]}}