{"id":38968,"date":"2021-09-30T10:15:34","date_gmt":"2021-09-30T10:15:34","guid":{"rendered":"https:\/\/lifenatura.dev.agenciagetdigital.com\/produto\/pau-darco-500-ml-juventus\/"},"modified":"2025-02-02T00:02:46","modified_gmt":"2025-02-02T00:02:46","slug":"pau-darco-500-ml-juventus","status":"publish","type":"product","link":"https:\/\/www.lifenatura.com\/es\/produto\/pau-darco-500-ml-juventus\/","title":{"rendered":"Pau d\u00b4Arco 500 ml &#8211; Juventus"},"content":{"rendered":"<h2><strong>Pau d&#8217;Arco est\u00e1 indicado para el Sistema Inmunitario<\/strong><\/h2>\n<p>&nbsp;<\/p>\n<p>Juventus Pau d&#8217;Arco es un complemento alimenticio en soluci\u00f3n oral que contiene Pau d&#8217;Arco. Esta planta contribuye a aumentar la permeabilidad capilar y la microcirculaci\u00f3n, ayudando a preservar la salud de las paredes vasculares, y tambi\u00e9n ayuda a mantener una presi\u00f3n arterial normal.<\/p>\n<p>El Pau D&#8217;Arco est\u00e1 indicado principalmente para las infecciones bacterianas, v\u00edricas y f\u00fangicas. Es una excelente opci\u00f3n para las personas con \u00falceras y gastritis, ya que este ingrediente es un buen antioxidante y antiinflamatorio.<\/p>\n<p>Juventus Premium Pau D&#8217;Arco est\u00e1 formulado para promover una serie de beneficios para la salud, incluyendo el apoyo al sistema inmunol\u00f3gico, la reducci\u00f3n de la inflamaci\u00f3n, proporcionando protecci\u00f3n antioxidante y el apoyo a la salud gastrointestinal.<\/p>\n<p><strong>Los 3 beneficios principales:<\/strong><\/p>\n<ul>\n<li>Apoyo al <strong>sistema inmunol\u00f3gico:<\/strong> Es conocido por sus propiedades inmunomoduladoras, ayudando a fortalecer el sistema inmunol\u00f3gico y aumentar la resistencia del cuerpo a las infecciones y enfermedades.<\/li>\n<li><strong>Propiedades antioxidantes<\/strong>: Es rico en compuestos antioxidantes, como la quercetina y el lapachol, que ayudan a neutralizar los radicales libres y a proteger las c\u00e9lulas contra el da\u00f1o oxidativo.<\/li>\n<li><strong>Reduce la inflamaci\u00f3n<\/strong>: Los compuestos activos del Pau D&#8217;Arco tienen propiedades antiinflamatorias, ayudando a reducir la inflamaci\u00f3n en el cuerpo y a aliviar los s\u00edntomas asociados con condiciones inflamatorias como la artritis y las enfermedades autoinmunes.<\/li>\n<\/ul>\n<p><strong>PRESENTACI\u00d3N<\/strong><\/p>\n<p>500 ml<\/p>\n<p>&nbsp;<\/p>\n","protected":false},"excerpt":{"rendered":"<p>El Pau D&#8217;Arco es una fuente natural de apoyo a la salud, que ayuda a reforzar el sistema inmunitario, reducir la inflamaci\u00f3n y proteger contra el da\u00f1o oxidativo. [&#8230;]<\/p>\n<p><a class=\"btn btn-secondary understrap-read-more-link\" href=\"https:\/\/www.lifenatura.com\/es\/produto\/pau-darco-500-ml-juventus\/\">Leer m\u00e1s&#8230;<span class=\"screen-reader-text\"> from Pau d\u00b4Arco 500 ml &#8211; Juventus<\/span><\/a><\/p>\n","protected":false},"featured_media":131377,"template":"","meta":{"_acf_changed":false},"product_brand":[8463],"product_cat":[7659,7761,7211,7179],"product_tag":[8699],"class_list":{"0":"post-38968","1":"product","2":"type-product","3":"status-publish","4":"has-post-thumbnail","6":"product_brand-juventus-es","7":"product_cat-ingrediente-natural-bio","8":"product_cat-pau-d-arco","9":"product_cat-reforza-la-inmunidad-salud","10":"product_cat-salud","11":"product_tag-farmodietica","13":"first","14":"instock","15":"sale","16":"featured","17":"shipping-taxable","18":"purchasable","19":"product-type-simple","20":"add-to-wishlist-before_image"},"acf":[],"yoast_head":"<!-- This site is optimized with the Yoast SEO Premium plugin v27.1 (Yoast SEO v27.4) - https:\/\/yoast.com\/product\/yoast-seo-premium-wordpress\/ -->\n<title>Pau d\u00b4Arco 500 ml Juventus - Lifenatura<\/title>\n<meta name=\"description\" content=\"El Pau D&#039;Arco es una fuente natural a la salud, que ayuda a reforzar el sistema inmunitario, reducir la inflamaci\u00f3n y proteger contra el da\u00f1o oxidativo.\" \/>\n<meta name=\"robots\" content=\"index, follow, max-snippet:-1, max-image-preview:large, max-video-preview:-1\" \/>\n<link rel=\"canonical\" href=\"https:\/\/www.lifenatura.com\/es\/produto\/pau-darco-500-ml-juventus\/\" \/>\n<meta property=\"og:locale\" content=\"es_ES\" \/>\n<meta property=\"og:type\" content=\"article\" \/>\n<meta property=\"og:title\" content=\"Pau d\u00b4Arco 500 ml - Juventus - Lifenatura\" \/>\n<meta property=\"og:description\" content=\"Compre aqui o seu Pau d\u00b4Arco 500 ml - Juventus e a Lifenatura Online envia em 48 H com Portes Gratis &gt;35\u20ac de Pedido.\" \/>\n<meta property=\"og:url\" content=\"https:\/\/www.lifenatura.com\/es\/produto\/pau-darco-500-ml-juventus\/\" \/>\n<meta property=\"og:site_name\" content=\"Lifenatura\" \/>\n<meta property=\"article:publisher\" content=\"https:\/\/www.facebook.com\/lifenatura\" \/>\n<meta property=\"article:modified_time\" content=\"2025-02-02T00:02:46+00:00\" \/>\n<meta property=\"og:image\" content=\"https:\/\/www.lifenatura.com\/wp-content\/uploads\/2021\/09\/pau-d-arco-500ml-juventus.jpg\" \/>\n\t<meta property=\"og:image:width\" content=\"1000\" \/>\n\t<meta property=\"og:image:height\" content=\"1000\" \/>\n\t<meta property=\"og:image:type\" content=\"image\/jpeg\" \/>\n<meta name=\"twitter:card\" content=\"summary_large_image\" \/>\n<meta name=\"twitter:label1\" content=\"Precio\" \/>\n\t<meta name=\"twitter:data1\" content=\"12,47&nbsp;&euro;\" \/>\n\t<meta name=\"twitter:label2\" content=\"Disponibilidad\" \/>\n\t<meta name=\"twitter:data2\" content=\"Disponible\" \/>\n<meta property=\"product:price:amount\" content=\"12.47\" \/>\n<meta property=\"product:price:currency\" content=\"EUR\" \/>\n<meta property=\"og:availability\" content=\"instock\" \/>\n<meta property=\"product:availability\" content=\"instock\" \/>\n<meta property=\"product:retailer_item_id\" content=\"5601653003988\" \/>\n<meta property=\"product:condition\" content=\"new\" \/>\n<!-- \/ Yoast SEO Premium plugin. -->","yoast_head_json":{"title":"Pau d\u00b4Arco 500 ml Juventus - Lifenatura","description":"El Pau D'Arco es una fuente natural a la salud, que ayuda a reforzar el sistema inmunitario, reducir la inflamaci\u00f3n y proteger contra el da\u00f1o oxidativo.","robots":{"index":"index","follow":"follow","max-snippet":"max-snippet:-1","max-image-preview":"max-image-preview:large","max-video-preview":"max-video-preview:-1"},"canonical":"https:\/\/www.lifenatura.com\/es\/produto\/pau-darco-500-ml-juventus\/","og_locale":"es_ES","og_type":"article","og_title":"Pau d\u00b4Arco 500 ml - Juventus - Lifenatura","og_description":"Compre aqui o seu Pau d\u00b4Arco 500 ml - Juventus e a Lifenatura Online envia em 48 H com Portes Gratis >35\u20ac de Pedido.","og_url":"https:\/\/www.lifenatura.com\/es\/produto\/pau-darco-500-ml-juventus\/","og_site_name":"Lifenatura","article_publisher":"https:\/\/www.facebook.com\/lifenatura","article_modified_time":"2025-02-02T00:02:46+00:00","og_image":[{"width":1000,"height":1000,"url":"https:\/\/www.lifenatura.com\/wp-content\/uploads\/2021\/09\/pau-d-arco-500ml-juventus.jpg","type":"image\/jpeg"}],"twitter_card":"summary_large_image","twitter_misc":{"Precio":"12,47&nbsp;&euro;","Disponibilidad":"Disponible"},"schema":{"@context":"https:\/\/schema.org","@graph":[{"@type":"WebPage","@id":"https:\/\/www.lifenatura.com\/es\/produto\/pau-darco-500-ml-juventus\/","url":"https:\/\/www.lifenatura.com\/es\/produto\/pau-darco-500-ml-juventus\/","name":"Pau d\u00b4Arco 500 ml Juventus - Lifenatura","isPartOf":{"@id":"https:\/\/www.lifenatura.com\/es\/#website"},"primaryImageOfPage":{"@id":"https:\/\/www.lifenatura.com\/es\/produto\/pau-darco-500-ml-juventus\/#primaryimage"},"image":{"@id":"https:\/\/www.lifenatura.com\/es\/produto\/pau-darco-500-ml-juventus\/#primaryimage"},"thumbnailUrl":"https:\/\/www.lifenatura.com\/wp-content\/uploads\/2026\/03\/juventus-premium-pau-darco.png","datePublished":"2021-09-30T10:15:34+00:00","dateModified":"2025-02-02T00:02:46+00:00","description":"El Pau D'Arco es una fuente natural a la salud, que ayuda a reforzar el sistema inmunitario, reducir la inflamaci\u00f3n y proteger contra el da\u00f1o oxidativo.","breadcrumb":{"@id":"https:\/\/www.lifenatura.com\/es\/produto\/pau-darco-500-ml-juventus\/#breadcrumb"},"inLanguage":"es","potentialAction":[{"@type":"ReadAction","target":["https:\/\/www.lifenatura.com\/es\/produto\/pau-darco-500-ml-juventus\/"]}]},{"@type":"ImageObject","inLanguage":"es","@id":"https:\/\/www.lifenatura.com\/es\/produto\/pau-darco-500-ml-juventus\/#primaryimage","url":"https:\/\/www.lifenatura.com\/wp-content\/uploads\/2026\/03\/juventus-premium-pau-darco.png","contentUrl":"https:\/\/www.lifenatura.com\/wp-content\/uploads\/2026\/03\/juventus-premium-pau-darco.png","width":800,"height":800},{"@type":"BreadcrumbList","@id":"https:\/\/www.lifenatura.com\/es\/produto\/pau-darco-500-ml-juventus\/#breadcrumb","itemListElement":[{"@type":"ListItem","position":1,"name":"In\u00edcio","item":"https:\/\/www.lifenatura.com\/es\/"},{"@type":"ListItem","position":2,"name":"Todos los Productos","item":"https:\/\/www.lifenatura.com\/es\/tienda\/"},{"@type":"ListItem","position":3,"name":"Pau d\u00b4Arco 500 ml &#8211; Juventus"}]},{"@type":"WebSite","@id":"https:\/\/www.lifenatura.com\/es\/#website","url":"https:\/\/www.lifenatura.com\/es\/","name":"Lifenatura","description":"A Lifenatura \u00e9 uma loja de produtos naturais, cosm\u00e9tica natural e alimenta\u00e7\u00e3o Biol\u00f3gica.","publisher":{"@id":"https:\/\/www.lifenatura.com\/es\/#organization"},"potentialAction":[{"@type":"SearchAction","target":{"@type":"EntryPoint","urlTemplate":"https:\/\/www.lifenatura.com\/es\/?s={search_term_string}"},"query-input":{"@type":"PropertyValueSpecification","valueRequired":true,"valueName":"search_term_string"}}],"inLanguage":"es"},{"@type":"Organization","@id":"https:\/\/www.lifenatura.com\/es\/#organization","name":"Lifenatura","url":"https:\/\/www.lifenatura.com\/es\/","logo":{"@type":"ImageObject","inLanguage":"es","@id":"https:\/\/www.lifenatura.com\/es\/#\/schema\/logo\/image\/","url":"https:\/\/www.lifenatura.com\/wp-content\/uploads\/2021\/11\/logo.png","contentUrl":"https:\/\/www.lifenatura.com\/wp-content\/uploads\/2021\/11\/logo.png","width":175,"height":55,"caption":"Lifenatura"},"image":{"@id":"https:\/\/www.lifenatura.com\/es\/#\/schema\/logo\/image\/"},"sameAs":["https:\/\/www.facebook.com\/lifenatura","https:\/\/www.instagram.com\/lifenaturapt\/"]}]},"product_price_amount":"12.47","product_price_currency":"EUR","og_availability":"instock","product_availability":"instock","product_retailer_item_id":"5601653003988","product_condition":"new"},"df_price":12.47,"df_sale_price":12.47,"df_regular_price":22.68,"df_image_link":"https:\/\/www.lifenatura.com\/wp-content\/uploads\/2026\/03\/juventus-premium-pau-darco-300x300.png","_links":{"self":[{"href":"https:\/\/www.lifenatura.com\/es\/wp-json\/wp\/v2\/product\/38968","targetHints":{"allow":["GET"]}}],"collection":[{"href":"https:\/\/www.lifenatura.com\/es\/wp-json\/wp\/v2\/product"}],"about":[{"href":"https:\/\/www.lifenatura.com\/es\/wp-json\/wp\/v2\/types\/product"}],"wp:featuredmedia":[{"embeddable":true,"href":"https:\/\/www.lifenatura.com\/es\/wp-json\/wp\/v2\/media\/131377"}],"wp:attachment":[{"href":"https:\/\/www.lifenatura.com\/es\/wp-json\/wp\/v2\/media?parent=38968"}],"wp:term":[{"taxonomy":"product_brand","embeddable":true,"href":"https:\/\/www.lifenatura.com\/es\/wp-json\/wp\/v2\/product_brand?post=38968"},{"taxonomy":"product_cat","embeddable":true,"href":"https:\/\/www.lifenatura.com\/es\/wp-json\/wp\/v2\/product_cat?post=38968"},{"taxonomy":"product_tag","embeddable":true,"href":"https:\/\/www.lifenatura.com\/es\/wp-json\/wp\/v2\/product_tag?post=38968"}],"curies":[{"name":"wp","href":"https:\/\/api.w.org\/{rel}","templated":true}]}}