{"id":38963,"date":"2021-09-30T10:15:34","date_gmt":"2021-09-30T10:15:34","guid":{"rendered":"https:\/\/lifenatura.dev.agenciagetdigital.com\/produto\/alcachofa-fuerte-30-ampolas-juventus\/"},"modified":"2025-02-02T00:02:44","modified_gmt":"2025-02-02T00:02:44","slug":"alcachofa-fuerte-30-ampolas-juventus","status":"publish","type":"product","link":"https:\/\/www.lifenatura.com\/es\/produto\/alcachofa-fuerte-30-ampolas-juventus\/","title":{"rendered":"Alcachofa Fuerte 30 ampolas &#8211; Juventus"},"content":{"rendered":"<h2 style=\"text-align: left;\"><strong>Alcachofa Forte para un eficaz efecto Detox<\/strong><\/h2>\n<p>&nbsp;<\/p>\n<p>uventus Super Detox Alcachofa Forte es un complemento alimenticio obtenido de las hojas de Cynarascolymus (Alcachofa), una planta de la familia de las Aster\u00e1ceas que se ha utilizado tradicionalmente en Europa.<\/p>\n<p>La Alcachofa ayuda a reducir los niveles de l\u00edpidos en sangre y favorece la p\u00e9rdida de peso y proporciona la dosis diaria recomendada para producir los efectos beneficiosos recomendados por la Alcachofa.<\/p>\n<p>Juventus Artichoke Forte est\u00e1 formulado para promover la salud digestiva, ayudar a la desintoxicaci\u00f3n del h\u00edgado y el cuerpo, y proporcionar alivio para los problemas gastrointestinales. Su objetivo es favorecer una digesti\u00f3n sana, promover la eliminaci\u00f3n de toxinas y desechos del organismo y revitalizar el cuerpo desde el interior.<\/p>\n<p><strong>Sus principales beneficios:<\/strong><\/p>\n<ul>\n<li><strong>Desintoxicaci\u00f3n hep\u00e1tica:<\/strong> La alcachofa contiene compuestos activos que estimulan la producci\u00f3n de bilis y promueven la desintoxicaci\u00f3n del h\u00edgado, ayudando a eliminar toxinas y desechos del cuerpo.<\/li>\n<li>Mejora la <strong>digesti\u00f3n:<\/strong> Los componentes de la alcachofa ayudan a estimular la producci\u00f3n de enzimas digestivas y promueven la motilidad gastrointestinal, facilitando la digesti\u00f3n y previniendo problemas como la indigesti\u00f3n y la flatulencia.<\/li>\n<li><strong>Regulaci\u00f3n del colesterol<\/strong>: Algunos estudios sugieren que la alcachofa puede ayudar a reducir los niveles de colesterol LDL (&#8220;malo&#8221;) en sangre, contribuyendo a la salud cardiovascular.<\/li>\n<\/ul>\n<p><strong>PRESENTACI\u00d3N<\/strong><\/p>\n<p>30 ampollas<\/p>\n<p>&nbsp;<\/p>\n","protected":false},"excerpt":{"rendered":"<p>Alcachofa Forte ayuda a reducir los niveles de l\u00edpidos en la sangre y promover la p\u00e9rdida de peso, y proporciona una funci\u00f3n de desintoxicaci\u00f3n. [&#8230;]<\/p>\n<p><a class=\"btn btn-secondary understrap-read-more-link\" href=\"https:\/\/www.lifenatura.com\/es\/produto\/alcachofa-fuerte-30-ampolas-juventus\/\">Leer m\u00e1s&#8230;<span class=\"screen-reader-text\"> from Alcachofa Fuerte 30 ampolas &#8211; Juventus<\/span><\/a><\/p>\n","protected":false},"featured_media":131362,"template":"","meta":{"_acf_changed":false},"product_brand":[8463],"product_cat":[7145,7254,7659,7263,7179],"product_tag":[8699],"class_list":{"0":"post-38963","1":"product","2":"type-product","3":"status-publish","4":"has-post-thumbnail","6":"product_brand-juventus-es","7":"product_cat-alcachofa","8":"product_cat-higado-vesicula","9":"product_cat-ingrediente-natural-bio","10":"product_cat-packs-de-salud","11":"product_cat-salud","12":"product_tag-farmodietica","14":"first","15":"instock","16":"sale","17":"featured","18":"shipping-taxable","19":"purchasable","20":"product-type-simple","21":"add-to-wishlist-before_image"},"acf":[],"yoast_head":"<!-- This site is optimized with the Yoast SEO Premium plugin v27.1 (Yoast SEO v27.5) - https:\/\/yoast.com\/product\/yoast-seo-premium-wordpress\/ -->\n<title>Alcachofa Fuerte Juventus - Lifenatura<\/title>\n<meta name=\"description\" content=\"Alcachofa Forte ayuda a reducir los niveles de l\u00edpidos en la sangre y promover la p\u00e9rdida de peso, y proporciona una funci\u00f3n de desintoxicaci\u00f3n.\" \/>\n<meta name=\"robots\" content=\"index, follow, max-snippet:-1, max-image-preview:large, max-video-preview:-1\" \/>\n<link rel=\"canonical\" href=\"https:\/\/www.lifenatura.com\/es\/produto\/alcachofa-fuerte-30-ampolas-juventus\/\" \/>\n<meta property=\"og:locale\" content=\"es_ES\" \/>\n<meta property=\"og:type\" content=\"article\" \/>\n<meta property=\"og:title\" content=\"Alcachofa Fuerte 30 ampolas - Juventus - Na Lifenatura ao Melhor Pre\u00e7o | Envio 48h\" \/>\n<meta property=\"og:description\" content=\"Compre Alcachofa Fuerte 30 ampolas - Juventus com envio r\u00e1pido. Entrega em 48h e portes gr\u00e1tis em compras &gt;35\u20ac. Aproveite j\u00e1 na Lifenatura\" \/>\n<meta property=\"og:url\" content=\"https:\/\/www.lifenatura.com\/es\/produto\/alcachofa-fuerte-30-ampolas-juventus\/\" \/>\n<meta property=\"og:site_name\" content=\"Lifenatura\" \/>\n<meta property=\"article:publisher\" content=\"https:\/\/www.facebook.com\/lifenatura\" \/>\n<meta property=\"article:modified_time\" content=\"2025-02-02T00:02:44+00:00\" \/>\n<meta property=\"og:image\" content=\"https:\/\/www.lifenatura.com\/wp-content\/uploads\/2021\/09\/alcachofra-forte-ampolas-juventus-premium.jpg\" \/>\n\t<meta property=\"og:image:width\" content=\"1000\" \/>\n\t<meta property=\"og:image:height\" content=\"1000\" \/>\n\t<meta property=\"og:image:type\" content=\"image\/jpeg\" \/>\n<meta name=\"twitter:card\" content=\"summary_large_image\" \/>\n<meta name=\"twitter:label1\" content=\"Precio\" \/>\n\t<meta name=\"twitter:data1\" content=\"17,53&nbsp;&euro;\" \/>\n\t<meta name=\"twitter:label2\" content=\"Disponibilidad\" \/>\n\t<meta name=\"twitter:data2\" content=\"Disponible\" \/>\n<script type=\"application\/ld+json\" class=\"yoast-schema-graph\">{\"@context\":\"https:\\\/\\\/schema.org\",\"@graph\":[{\"@type\":\"WebPage\",\"@id\":\"https:\\\/\\\/www.lifenatura.com\\\/es\\\/produto\\\/alcachofa-fuerte-30-ampolas-juventus\\\/\",\"url\":\"https:\\\/\\\/www.lifenatura.com\\\/es\\\/produto\\\/alcachofa-fuerte-30-ampolas-juventus\\\/\",\"name\":\"Alcachofa Fuerte Juventus - Lifenatura\",\"isPartOf\":{\"@id\":\"https:\\\/\\\/www.lifenatura.com\\\/es\\\/#website\"},\"primaryImageOfPage\":{\"@id\":\"https:\\\/\\\/www.lifenatura.com\\\/es\\\/produto\\\/alcachofa-fuerte-30-ampolas-juventus\\\/#primaryimage\"},\"image\":{\"@id\":\"https:\\\/\\\/www.lifenatura.com\\\/es\\\/produto\\\/alcachofa-fuerte-30-ampolas-juventus\\\/#primaryimage\"},\"thumbnailUrl\":\"https:\\\/\\\/www.lifenatura.com\\\/wp-content\\\/uploads\\\/2026\\\/03\\\/juventus-premium-alcachofra-forte.png\",\"datePublished\":\"2021-09-30T10:15:34+00:00\",\"dateModified\":\"2025-02-02T00:02:44+00:00\",\"description\":\"Alcachofa Forte ayuda a reducir los niveles de l\u00edpidos en la sangre y promover la p\u00e9rdida de peso, y proporciona una funci\u00f3n de desintoxicaci\u00f3n.\",\"breadcrumb\":{\"@id\":\"https:\\\/\\\/www.lifenatura.com\\\/es\\\/produto\\\/alcachofa-fuerte-30-ampolas-juventus\\\/#breadcrumb\"},\"inLanguage\":\"es\",\"potentialAction\":[{\"@type\":\"ReadAction\",\"target\":[\"https:\\\/\\\/www.lifenatura.com\\\/es\\\/produto\\\/alcachofa-fuerte-30-ampolas-juventus\\\/\"]}]},{\"@type\":\"ImageObject\",\"inLanguage\":\"es\",\"@id\":\"https:\\\/\\\/www.lifenatura.com\\\/es\\\/produto\\\/alcachofa-fuerte-30-ampolas-juventus\\\/#primaryimage\",\"url\":\"https:\\\/\\\/www.lifenatura.com\\\/wp-content\\\/uploads\\\/2026\\\/03\\\/juventus-premium-alcachofra-forte.png\",\"contentUrl\":\"https:\\\/\\\/www.lifenatura.com\\\/wp-content\\\/uploads\\\/2026\\\/03\\\/juventus-premium-alcachofra-forte.png\",\"width\":1967,\"height\":2436},{\"@type\":\"BreadcrumbList\",\"@id\":\"https:\\\/\\\/www.lifenatura.com\\\/es\\\/produto\\\/alcachofa-fuerte-30-ampolas-juventus\\\/#breadcrumb\",\"itemListElement\":[{\"@type\":\"ListItem\",\"position\":1,\"name\":\"In\u00edcio\",\"item\":\"https:\\\/\\\/www.lifenatura.com\\\/es\\\/\"},{\"@type\":\"ListItem\",\"position\":2,\"name\":\"Todos los Productos\",\"item\":\"https:\\\/\\\/www.lifenatura.com\\\/es\\\/tienda\\\/\"},{\"@type\":\"ListItem\",\"position\":3,\"name\":\"Alcachofa Fuerte 30 ampolas &#8211; Juventus\"}]},{\"@type\":\"WebSite\",\"@id\":\"https:\\\/\\\/www.lifenatura.com\\\/es\\\/#website\",\"url\":\"https:\\\/\\\/www.lifenatura.com\\\/es\\\/\",\"name\":\"Lifenatura\",\"description\":\"A Lifenatura \u00e9 uma loja de produtos naturais, cosm\u00e9tica natural e alimenta\u00e7\u00e3o Biol\u00f3gica.\",\"publisher\":{\"@id\":\"https:\\\/\\\/www.lifenatura.com\\\/es\\\/#organization\"},\"potentialAction\":[{\"@type\":\"SearchAction\",\"target\":{\"@type\":\"EntryPoint\",\"urlTemplate\":\"https:\\\/\\\/www.lifenatura.com\\\/es\\\/?s={search_term_string}\"},\"query-input\":{\"@type\":\"PropertyValueSpecification\",\"valueRequired\":true,\"valueName\":\"search_term_string\"}}],\"inLanguage\":\"es\"},{\"@type\":\"Organization\",\"@id\":\"https:\\\/\\\/www.lifenatura.com\\\/es\\\/#organization\",\"name\":\"Lifenatura\",\"url\":\"https:\\\/\\\/www.lifenatura.com\\\/es\\\/\",\"logo\":{\"@type\":\"ImageObject\",\"inLanguage\":\"es\",\"@id\":\"https:\\\/\\\/www.lifenatura.com\\\/es\\\/#\\\/schema\\\/logo\\\/image\\\/\",\"url\":\"https:\\\/\\\/www.lifenatura.com\\\/wp-content\\\/uploads\\\/2021\\\/07\\\/logo.png\",\"contentUrl\":\"https:\\\/\\\/www.lifenatura.com\\\/wp-content\\\/uploads\\\/2021\\\/07\\\/logo.png\",\"width\":175,\"height\":55,\"caption\":\"Lifenatura\"},\"image\":{\"@id\":\"https:\\\/\\\/www.lifenatura.com\\\/es\\\/#\\\/schema\\\/logo\\\/image\\\/\"},\"sameAs\":[\"https:\\\/\\\/www.facebook.com\\\/lifenatura\",\"https:\\\/\\\/www.instagram.com\\\/lifenaturapt\\\/\"],\"hasMerchantReturnPolicy\":{\"@type\":\"MerchantReturnPolicy\",\"merchantReturnLink\":\"https:\\\/\\\/www.lifenatura.com\\\/termos-condicoes-lifenatura\\\/\"}}]}<\/script>\n<meta property=\"product:price:amount\" content=\"17.53\" \/>\n<meta property=\"product:price:currency\" content=\"EUR\" \/>\n<meta property=\"og:availability\" content=\"instock\" \/>\n<meta property=\"product:availability\" content=\"instock\" \/>\n<meta property=\"product:retailer_item_id\" content=\"5601653004077\" \/>\n<meta property=\"product:condition\" content=\"new\" \/>\n<!-- \/ Yoast SEO Premium plugin. -->","yoast_head_json":{"title":"Alcachofa Fuerte Juventus - Lifenatura","description":"Alcachofa Forte ayuda a reducir los niveles de l\u00edpidos en la sangre y promover la p\u00e9rdida de peso, y proporciona una funci\u00f3n de desintoxicaci\u00f3n.","robots":{"index":"index","follow":"follow","max-snippet":"max-snippet:-1","max-image-preview":"max-image-preview:large","max-video-preview":"max-video-preview:-1"},"canonical":"https:\/\/www.lifenatura.com\/es\/produto\/alcachofa-fuerte-30-ampolas-juventus\/","og_locale":"es_ES","og_type":"article","og_title":"Alcachofa Fuerte 30 ampolas - Juventus - Na Lifenatura ao Melhor Pre\u00e7o | Envio 48h","og_description":"Compre Alcachofa Fuerte 30 ampolas - Juventus com envio r\u00e1pido. Entrega em 48h e portes gr\u00e1tis em compras >35\u20ac. Aproveite j\u00e1 na Lifenatura","og_url":"https:\/\/www.lifenatura.com\/es\/produto\/alcachofa-fuerte-30-ampolas-juventus\/","og_site_name":"Lifenatura","article_publisher":"https:\/\/www.facebook.com\/lifenatura","article_modified_time":"2025-02-02T00:02:44+00:00","og_image":[{"width":1000,"height":1000,"url":"https:\/\/www.lifenatura.com\/wp-content\/uploads\/2021\/09\/alcachofra-forte-ampolas-juventus-premium.jpg","type":"image\/jpeg"}],"twitter_card":"summary_large_image","twitter_misc":{"Precio":"17,53&nbsp;&euro;","Disponibilidad":"Disponible"},"schema":{"@context":"https:\/\/schema.org","@graph":[{"@type":"WebPage","@id":"https:\/\/www.lifenatura.com\/es\/produto\/alcachofa-fuerte-30-ampolas-juventus\/","url":"https:\/\/www.lifenatura.com\/es\/produto\/alcachofa-fuerte-30-ampolas-juventus\/","name":"Alcachofa Fuerte Juventus - Lifenatura","isPartOf":{"@id":"https:\/\/www.lifenatura.com\/es\/#website"},"primaryImageOfPage":{"@id":"https:\/\/www.lifenatura.com\/es\/produto\/alcachofa-fuerte-30-ampolas-juventus\/#primaryimage"},"image":{"@id":"https:\/\/www.lifenatura.com\/es\/produto\/alcachofa-fuerte-30-ampolas-juventus\/#primaryimage"},"thumbnailUrl":"https:\/\/www.lifenatura.com\/wp-content\/uploads\/2026\/03\/juventus-premium-alcachofra-forte.png","datePublished":"2021-09-30T10:15:34+00:00","dateModified":"2025-02-02T00:02:44+00:00","description":"Alcachofa Forte ayuda a reducir los niveles de l\u00edpidos en la sangre y promover la p\u00e9rdida de peso, y proporciona una funci\u00f3n de desintoxicaci\u00f3n.","breadcrumb":{"@id":"https:\/\/www.lifenatura.com\/es\/produto\/alcachofa-fuerte-30-ampolas-juventus\/#breadcrumb"},"inLanguage":"es","potentialAction":[{"@type":"ReadAction","target":["https:\/\/www.lifenatura.com\/es\/produto\/alcachofa-fuerte-30-ampolas-juventus\/"]}]},{"@type":"ImageObject","inLanguage":"es","@id":"https:\/\/www.lifenatura.com\/es\/produto\/alcachofa-fuerte-30-ampolas-juventus\/#primaryimage","url":"https:\/\/www.lifenatura.com\/wp-content\/uploads\/2026\/03\/juventus-premium-alcachofra-forte.png","contentUrl":"https:\/\/www.lifenatura.com\/wp-content\/uploads\/2026\/03\/juventus-premium-alcachofra-forte.png","width":1967,"height":2436},{"@type":"BreadcrumbList","@id":"https:\/\/www.lifenatura.com\/es\/produto\/alcachofa-fuerte-30-ampolas-juventus\/#breadcrumb","itemListElement":[{"@type":"ListItem","position":1,"name":"In\u00edcio","item":"https:\/\/www.lifenatura.com\/es\/"},{"@type":"ListItem","position":2,"name":"Todos los Productos","item":"https:\/\/www.lifenatura.com\/es\/tienda\/"},{"@type":"ListItem","position":3,"name":"Alcachofa Fuerte 30 ampolas &#8211; Juventus"}]},{"@type":"WebSite","@id":"https:\/\/www.lifenatura.com\/es\/#website","url":"https:\/\/www.lifenatura.com\/es\/","name":"Lifenatura","description":"A Lifenatura \u00e9 uma loja de produtos naturais, cosm\u00e9tica natural e alimenta\u00e7\u00e3o Biol\u00f3gica.","publisher":{"@id":"https:\/\/www.lifenatura.com\/es\/#organization"},"potentialAction":[{"@type":"SearchAction","target":{"@type":"EntryPoint","urlTemplate":"https:\/\/www.lifenatura.com\/es\/?s={search_term_string}"},"query-input":{"@type":"PropertyValueSpecification","valueRequired":true,"valueName":"search_term_string"}}],"inLanguage":"es"},{"@type":"Organization","@id":"https:\/\/www.lifenatura.com\/es\/#organization","name":"Lifenatura","url":"https:\/\/www.lifenatura.com\/es\/","logo":{"@type":"ImageObject","inLanguage":"es","@id":"https:\/\/www.lifenatura.com\/es\/#\/schema\/logo\/image\/","url":"https:\/\/www.lifenatura.com\/wp-content\/uploads\/2021\/07\/logo.png","contentUrl":"https:\/\/www.lifenatura.com\/wp-content\/uploads\/2021\/07\/logo.png","width":175,"height":55,"caption":"Lifenatura"},"image":{"@id":"https:\/\/www.lifenatura.com\/es\/#\/schema\/logo\/image\/"},"sameAs":["https:\/\/www.facebook.com\/lifenatura","https:\/\/www.instagram.com\/lifenaturapt\/"],"hasMerchantReturnPolicy":{"@type":"MerchantReturnPolicy","merchantReturnLink":"https:\/\/www.lifenatura.com\/termos-condicoes-lifenatura\/"}}]},"product_price_amount":"17.53","product_price_currency":"EUR","og_availability":"instock","product_availability":"instock","product_retailer_item_id":"5601653004077","product_condition":"new"},"df_price":17.53,"df_sale_price":17.53,"df_regular_price":31.87,"df_image_link":"https:\/\/www.lifenatura.com\/wp-content\/uploads\/2026\/03\/juventus-premium-alcachofra-forte-242x300.png","_links":{"self":[{"href":"https:\/\/www.lifenatura.com\/es\/wp-json\/wp\/v2\/product\/38963","targetHints":{"allow":["GET"]}}],"collection":[{"href":"https:\/\/www.lifenatura.com\/es\/wp-json\/wp\/v2\/product"}],"about":[{"href":"https:\/\/www.lifenatura.com\/es\/wp-json\/wp\/v2\/types\/product"}],"wp:featuredmedia":[{"embeddable":true,"href":"https:\/\/www.lifenatura.com\/es\/wp-json\/wp\/v2\/media\/131362"}],"wp:attachment":[{"href":"https:\/\/www.lifenatura.com\/es\/wp-json\/wp\/v2\/media?parent=38963"}],"wp:term":[{"taxonomy":"product_brand","embeddable":true,"href":"https:\/\/www.lifenatura.com\/es\/wp-json\/wp\/v2\/product_brand?post=38963"},{"taxonomy":"product_cat","embeddable":true,"href":"https:\/\/www.lifenatura.com\/es\/wp-json\/wp\/v2\/product_cat?post=38963"},{"taxonomy":"product_tag","embeddable":true,"href":"https:\/\/www.lifenatura.com\/es\/wp-json\/wp\/v2\/product_tag?post=38963"}],"curies":[{"name":"wp","href":"https:\/\/api.w.org\/{rel}","templated":true}]}}