{"id":38921,"date":"2021-09-30T10:14:35","date_gmt":"2021-09-30T10:14:35","guid":{"rendered":"https:\/\/lifenatura.dev.agenciagetdigital.com\/produto\/barra-proteica-bio-cacau-almendra-iswari\/"},"modified":"2024-02-09T18:03:56","modified_gmt":"2024-02-09T18:03:56","slug":"barra-proteica-bio-cacau-almendra-iswari","status":"publish","type":"product","link":"https:\/\/www.lifenatura.com\/es\/produto\/barra-proteica-bio-cacau-almendra-iswari\/","title":{"rendered":"Barrita proteica de cacao bio y almendras &#8211; Iswari"},"content":{"rendered":"<h2>Barrita proteica de almendra y cacao bio<\/h2>\n<p>&nbsp;<\/p>\n<p>La Barrita de Prote\u00edna de Cacao Bio con Almendras Tostadas de Iswari es apta para vegetarianos y veganos y no contiene lactosa. Adem\u00e1s de energ\u00e9ticas, estas barritas son saciantes gracias a la presencia de nueces y d\u00e1tiles, y constituyen una fuente considerable de prote\u00ednas. Es excelente para despu\u00e9s del entrenamiento debido a la cantidad de prote\u00ednas derivadas principalmente del refuerzo de las prote\u00ednas de arroz y guisante, que aportan mayor variedad y densidad de nutrientes que un batido de prote\u00ednas.<\/p>\n<p>Adem\u00e1s de proporcionar energ\u00eda, su contenido en az\u00facares es bueno para reponer el gluc\u00f3geno muscular (reservas de az\u00facar) utilizado durante el ejercicio. No s\u00f3lo para ese momento espec\u00edfico, estas barritas son una opci\u00f3n viable para cualquiera que desee aumentar su ingesta de prote\u00ednas en tentempi\u00e9s entre comidas.<\/p>\n<p><strong>Presentaci\u00f3n<\/strong><\/p>\n<p>47g<\/p>\n<p>&nbsp;<\/p>\n","protected":false},"excerpt":{"rendered":"<p>La Barrita de Prote\u00ednas de Cacao Bio con Almendras Tostadas de Iswari no s\u00f3lo es energizante, sino tambi\u00e9n saciante gracias a la presencia de nueces y d\u00e1tiles, y constituye una fuente considerable de prote\u00ednas.<\/p>\n<p>&nbsp;<\/p>\n<p>&nbsp; [&#8230;]<\/p>\n<p><a class=\"btn btn-secondary understrap-read-more-link\" href=\"https:\/\/www.lifenatura.com\/es\/produto\/barra-proteica-bio-cacau-almendra-iswari\/\">Leer m\u00e1s&#8230;<span class=\"screen-reader-text\"> from Barrita proteica de cacao bio y almendras &#8211; Iswari<\/span><\/a><\/p>\n","protected":false},"featured_media":20366,"template":"","meta":{"_acf_changed":false},"product_brand":[8466],"product_cat":[7064,7171,7287,7152,7659,7293,7074],"product_tag":[],"class_list":{"0":"post-38921","1":"product","2":"type-product","3":"status-publish","4":"has-post-thumbnail","6":"product_brand-iswari-es","7":"product_cat-alimentacion-sana","8":"product_cat-barritas-de-proteina","9":"product_cat-barritas-y-snacks","10":"product_cat-cacao","11":"product_cat-ingrediente-natural-bio","12":"product_cat-nutricion-deportiva","13":"product_cat-productos-alimenticios","15":"first","16":"instock","17":"shipping-taxable","18":"purchasable","19":"product-type-simple","20":"add-to-wishlist-before_image"},"acf":[],"yoast_head":"<!-- This site is optimized with the Yoast SEO Premium plugin v27.1 (Yoast SEO v27.5) - https:\/\/yoast.com\/product\/yoast-seo-premium-wordpress\/ -->\n<title>Barrita proteica de cacao bio y almendras - Iswari<\/title>\n<meta name=\"description\" content=\"Las Barritas de Prote\u00edna de Cacao Bio con Almendras Tostadas de Iswari son aptas para vegetarianos y veganos, sin lactosa, energ\u00e9ticas y saciantes.\" \/>\n<meta name=\"robots\" content=\"index, follow, max-snippet:-1, max-image-preview:large, max-video-preview:-1\" \/>\n<link rel=\"canonical\" href=\"https:\/\/www.lifenatura.com\/es\/produto\/barra-proteica-bio-cacau-almendra-iswari\/\" \/>\n<meta property=\"og:locale\" content=\"es_ES\" \/>\n<meta property=\"og:type\" content=\"article\" \/>\n<meta property=\"og:title\" content=\"Barrita proteica de cacao bio y almendras - Iswari - Na Lifenatura ao Melhor Pre\u00e7o | Envio 48h\" \/>\n<meta property=\"og:description\" content=\"Compre Barrita proteica de cacao bio y almendras - Iswari com envio r\u00e1pido. Entrega em 48h e portes gr\u00e1tis em compras &gt;35\u20ac. Aproveite j\u00e1 na Lifenatura\" \/>\n<meta property=\"og:url\" content=\"https:\/\/www.lifenatura.com\/es\/produto\/barra-proteica-bio-cacau-almendra-iswari\/\" \/>\n<meta property=\"og:site_name\" content=\"Lifenatura\" \/>\n<meta property=\"article:publisher\" content=\"https:\/\/www.facebook.com\/lifenatura\" \/>\n<meta property=\"article:modified_time\" content=\"2024-02-09T18:03:56+00:00\" \/>\n<meta property=\"og:image\" content=\"https:\/\/www.lifenatura.com\/wp-content\/uploads\/2021\/09\/gd_barra_proteica_cacau_amendoa_torrada_iswari.jpg\" \/>\n\t<meta property=\"og:image:width\" content=\"1000\" \/>\n\t<meta property=\"og:image:height\" content=\"1000\" \/>\n\t<meta property=\"og:image:type\" content=\"image\/jpeg\" \/>\n<meta name=\"twitter:card\" content=\"summary_large_image\" \/>\n<meta name=\"twitter:label1\" content=\"Precio\" \/>\n\t<meta name=\"twitter:data1\" content=\"3,03&nbsp;&euro;\" \/>\n\t<meta name=\"twitter:label2\" content=\"Disponibilidad\" \/>\n\t<meta name=\"twitter:data2\" content=\"Disponible\" \/>\n<script type=\"application\/ld+json\" class=\"yoast-schema-graph\">{\"@context\":\"https:\\\/\\\/schema.org\",\"@graph\":[{\"@type\":\"WebPage\",\"@id\":\"https:\\\/\\\/www.lifenatura.com\\\/es\\\/produto\\\/barra-proteica-bio-cacau-almendra-iswari\\\/\",\"url\":\"https:\\\/\\\/www.lifenatura.com\\\/es\\\/produto\\\/barra-proteica-bio-cacau-almendra-iswari\\\/\",\"name\":\"Barrita proteica de cacao bio y almendras - Iswari\",\"isPartOf\":{\"@id\":\"https:\\\/\\\/www.lifenatura.com\\\/es\\\/#website\"},\"primaryImageOfPage\":{\"@id\":\"https:\\\/\\\/www.lifenatura.com\\\/es\\\/produto\\\/barra-proteica-bio-cacau-almendra-iswari\\\/#primaryimage\"},\"image\":{\"@id\":\"https:\\\/\\\/www.lifenatura.com\\\/es\\\/produto\\\/barra-proteica-bio-cacau-almendra-iswari\\\/#primaryimage\"},\"thumbnailUrl\":\"https:\\\/\\\/www.lifenatura.com\\\/wp-content\\\/uploads\\\/2021\\\/09\\\/gd_barra_proteica_cacau_amendoa_torrada_iswari.jpg\",\"datePublished\":\"2021-09-30T10:14:35+00:00\",\"dateModified\":\"2024-02-09T18:03:56+00:00\",\"description\":\"Las Barritas de Prote\u00edna de Cacao Bio con Almendras Tostadas de Iswari son aptas para vegetarianos y veganos, sin lactosa, energ\u00e9ticas y saciantes.\",\"breadcrumb\":{\"@id\":\"https:\\\/\\\/www.lifenatura.com\\\/es\\\/produto\\\/barra-proteica-bio-cacau-almendra-iswari\\\/#breadcrumb\"},\"inLanguage\":\"es\",\"potentialAction\":[{\"@type\":\"ReadAction\",\"target\":[\"https:\\\/\\\/www.lifenatura.com\\\/es\\\/produto\\\/barra-proteica-bio-cacau-almendra-iswari\\\/\"]}]},{\"@type\":\"ImageObject\",\"inLanguage\":\"es\",\"@id\":\"https:\\\/\\\/www.lifenatura.com\\\/es\\\/produto\\\/barra-proteica-bio-cacau-almendra-iswari\\\/#primaryimage\",\"url\":\"https:\\\/\\\/www.lifenatura.com\\\/wp-content\\\/uploads\\\/2021\\\/09\\\/gd_barra_proteica_cacau_amendoa_torrada_iswari.jpg\",\"contentUrl\":\"https:\\\/\\\/www.lifenatura.com\\\/wp-content\\\/uploads\\\/2021\\\/09\\\/gd_barra_proteica_cacau_amendoa_torrada_iswari.jpg\",\"width\":1000,\"height\":1000,\"caption\":\"Barrita proteica de almendra y cacao bio - Iswari\"},{\"@type\":\"BreadcrumbList\",\"@id\":\"https:\\\/\\\/www.lifenatura.com\\\/es\\\/produto\\\/barra-proteica-bio-cacau-almendra-iswari\\\/#breadcrumb\",\"itemListElement\":[{\"@type\":\"ListItem\",\"position\":1,\"name\":\"In\u00edcio\",\"item\":\"https:\\\/\\\/www.lifenatura.com\\\/es\\\/\"},{\"@type\":\"ListItem\",\"position\":2,\"name\":\"Todos los Productos\",\"item\":\"https:\\\/\\\/www.lifenatura.com\\\/es\\\/tienda\\\/\"},{\"@type\":\"ListItem\",\"position\":3,\"name\":\"Barrita proteica de cacao bio y almendras &#8211; Iswari\"}]},{\"@type\":\"WebSite\",\"@id\":\"https:\\\/\\\/www.lifenatura.com\\\/es\\\/#website\",\"url\":\"https:\\\/\\\/www.lifenatura.com\\\/es\\\/\",\"name\":\"Lifenatura\",\"description\":\"A Lifenatura \u00e9 uma loja de produtos naturais, cosm\u00e9tica natural e alimenta\u00e7\u00e3o Biol\u00f3gica.\",\"publisher\":{\"@id\":\"https:\\\/\\\/www.lifenatura.com\\\/es\\\/#organization\"},\"potentialAction\":[{\"@type\":\"SearchAction\",\"target\":{\"@type\":\"EntryPoint\",\"urlTemplate\":\"https:\\\/\\\/www.lifenatura.com\\\/es\\\/?s={search_term_string}\"},\"query-input\":{\"@type\":\"PropertyValueSpecification\",\"valueRequired\":true,\"valueName\":\"search_term_string\"}}],\"inLanguage\":\"es\"},{\"@type\":\"Organization\",\"@id\":\"https:\\\/\\\/www.lifenatura.com\\\/es\\\/#organization\",\"name\":\"Lifenatura\",\"url\":\"https:\\\/\\\/www.lifenatura.com\\\/es\\\/\",\"logo\":{\"@type\":\"ImageObject\",\"inLanguage\":\"es\",\"@id\":\"https:\\\/\\\/www.lifenatura.com\\\/es\\\/#\\\/schema\\\/logo\\\/image\\\/\",\"url\":\"https:\\\/\\\/www.lifenatura.com\\\/wp-content\\\/uploads\\\/2021\\\/07\\\/logo.png\",\"contentUrl\":\"https:\\\/\\\/www.lifenatura.com\\\/wp-content\\\/uploads\\\/2021\\\/07\\\/logo.png\",\"width\":175,\"height\":55,\"caption\":\"Lifenatura\"},\"image\":{\"@id\":\"https:\\\/\\\/www.lifenatura.com\\\/es\\\/#\\\/schema\\\/logo\\\/image\\\/\"},\"sameAs\":[\"https:\\\/\\\/www.facebook.com\\\/lifenatura\",\"https:\\\/\\\/www.instagram.com\\\/lifenaturapt\\\/\"],\"hasMerchantReturnPolicy\":{\"@type\":\"MerchantReturnPolicy\",\"merchantReturnLink\":\"https:\\\/\\\/www.lifenatura.com\\\/termos-condicoes-lifenatura\\\/\"}}]}<\/script>\n<meta property=\"product:price:amount\" content=\"3.03\" \/>\n<meta property=\"product:price:currency\" content=\"EUR\" \/>\n<meta property=\"og:availability\" content=\"instock\" \/>\n<meta property=\"product:availability\" content=\"instock\" \/>\n<meta property=\"product:retailer_item_id\" content=\"5600317476885\" \/>\n<meta property=\"product:condition\" content=\"new\" \/>\n<!-- \/ Yoast SEO Premium plugin. -->","yoast_head_json":{"title":"Barrita proteica de cacao bio y almendras - Iswari","description":"Las Barritas de Prote\u00edna de Cacao Bio con Almendras Tostadas de Iswari son aptas para vegetarianos y veganos, sin lactosa, energ\u00e9ticas y saciantes.","robots":{"index":"index","follow":"follow","max-snippet":"max-snippet:-1","max-image-preview":"max-image-preview:large","max-video-preview":"max-video-preview:-1"},"canonical":"https:\/\/www.lifenatura.com\/es\/produto\/barra-proteica-bio-cacau-almendra-iswari\/","og_locale":"es_ES","og_type":"article","og_title":"Barrita proteica de cacao bio y almendras - Iswari - Na Lifenatura ao Melhor Pre\u00e7o | Envio 48h","og_description":"Compre Barrita proteica de cacao bio y almendras - Iswari com envio r\u00e1pido. Entrega em 48h e portes gr\u00e1tis em compras >35\u20ac. Aproveite j\u00e1 na Lifenatura","og_url":"https:\/\/www.lifenatura.com\/es\/produto\/barra-proteica-bio-cacau-almendra-iswari\/","og_site_name":"Lifenatura","article_publisher":"https:\/\/www.facebook.com\/lifenatura","article_modified_time":"2024-02-09T18:03:56+00:00","og_image":[{"width":1000,"height":1000,"url":"https:\/\/www.lifenatura.com\/wp-content\/uploads\/2021\/09\/gd_barra_proteica_cacau_amendoa_torrada_iswari.jpg","type":"image\/jpeg"}],"twitter_card":"summary_large_image","twitter_misc":{"Precio":"3,03&nbsp;&euro;","Disponibilidad":"Disponible"},"schema":{"@context":"https:\/\/schema.org","@graph":[{"@type":"WebPage","@id":"https:\/\/www.lifenatura.com\/es\/produto\/barra-proteica-bio-cacau-almendra-iswari\/","url":"https:\/\/www.lifenatura.com\/es\/produto\/barra-proteica-bio-cacau-almendra-iswari\/","name":"Barrita proteica de cacao bio y almendras - Iswari","isPartOf":{"@id":"https:\/\/www.lifenatura.com\/es\/#website"},"primaryImageOfPage":{"@id":"https:\/\/www.lifenatura.com\/es\/produto\/barra-proteica-bio-cacau-almendra-iswari\/#primaryimage"},"image":{"@id":"https:\/\/www.lifenatura.com\/es\/produto\/barra-proteica-bio-cacau-almendra-iswari\/#primaryimage"},"thumbnailUrl":"https:\/\/www.lifenatura.com\/wp-content\/uploads\/2021\/09\/gd_barra_proteica_cacau_amendoa_torrada_iswari.jpg","datePublished":"2021-09-30T10:14:35+00:00","dateModified":"2024-02-09T18:03:56+00:00","description":"Las Barritas de Prote\u00edna de Cacao Bio con Almendras Tostadas de Iswari son aptas para vegetarianos y veganos, sin lactosa, energ\u00e9ticas y saciantes.","breadcrumb":{"@id":"https:\/\/www.lifenatura.com\/es\/produto\/barra-proteica-bio-cacau-almendra-iswari\/#breadcrumb"},"inLanguage":"es","potentialAction":[{"@type":"ReadAction","target":["https:\/\/www.lifenatura.com\/es\/produto\/barra-proteica-bio-cacau-almendra-iswari\/"]}]},{"@type":"ImageObject","inLanguage":"es","@id":"https:\/\/www.lifenatura.com\/es\/produto\/barra-proteica-bio-cacau-almendra-iswari\/#primaryimage","url":"https:\/\/www.lifenatura.com\/wp-content\/uploads\/2021\/09\/gd_barra_proteica_cacau_amendoa_torrada_iswari.jpg","contentUrl":"https:\/\/www.lifenatura.com\/wp-content\/uploads\/2021\/09\/gd_barra_proteica_cacau_amendoa_torrada_iswari.jpg","width":1000,"height":1000,"caption":"Barrita proteica de almendra y cacao bio - Iswari"},{"@type":"BreadcrumbList","@id":"https:\/\/www.lifenatura.com\/es\/produto\/barra-proteica-bio-cacau-almendra-iswari\/#breadcrumb","itemListElement":[{"@type":"ListItem","position":1,"name":"In\u00edcio","item":"https:\/\/www.lifenatura.com\/es\/"},{"@type":"ListItem","position":2,"name":"Todos los Productos","item":"https:\/\/www.lifenatura.com\/es\/tienda\/"},{"@type":"ListItem","position":3,"name":"Barrita proteica de cacao bio y almendras &#8211; Iswari"}]},{"@type":"WebSite","@id":"https:\/\/www.lifenatura.com\/es\/#website","url":"https:\/\/www.lifenatura.com\/es\/","name":"Lifenatura","description":"A Lifenatura \u00e9 uma loja de produtos naturais, cosm\u00e9tica natural e alimenta\u00e7\u00e3o Biol\u00f3gica.","publisher":{"@id":"https:\/\/www.lifenatura.com\/es\/#organization"},"potentialAction":[{"@type":"SearchAction","target":{"@type":"EntryPoint","urlTemplate":"https:\/\/www.lifenatura.com\/es\/?s={search_term_string}"},"query-input":{"@type":"PropertyValueSpecification","valueRequired":true,"valueName":"search_term_string"}}],"inLanguage":"es"},{"@type":"Organization","@id":"https:\/\/www.lifenatura.com\/es\/#organization","name":"Lifenatura","url":"https:\/\/www.lifenatura.com\/es\/","logo":{"@type":"ImageObject","inLanguage":"es","@id":"https:\/\/www.lifenatura.com\/es\/#\/schema\/logo\/image\/","url":"https:\/\/www.lifenatura.com\/wp-content\/uploads\/2021\/07\/logo.png","contentUrl":"https:\/\/www.lifenatura.com\/wp-content\/uploads\/2021\/07\/logo.png","width":175,"height":55,"caption":"Lifenatura"},"image":{"@id":"https:\/\/www.lifenatura.com\/es\/#\/schema\/logo\/image\/"},"sameAs":["https:\/\/www.facebook.com\/lifenatura","https:\/\/www.instagram.com\/lifenaturapt\/"],"hasMerchantReturnPolicy":{"@type":"MerchantReturnPolicy","merchantReturnLink":"https:\/\/www.lifenatura.com\/termos-condicoes-lifenatura\/"}}]},"product_price_amount":"3.03","product_price_currency":"EUR","og_availability":"instock","product_availability":"instock","product_retailer_item_id":"5600317476885","product_condition":"new"},"df_price":3.03,"df_sale_price":"","df_regular_price":3.03,"df_image_link":"https:\/\/www.lifenatura.com\/wp-content\/uploads\/2021\/09\/gd_barra_proteica_cacau_amendoa_torrada_iswari-300x300.jpg","_links":{"self":[{"href":"https:\/\/www.lifenatura.com\/es\/wp-json\/wp\/v2\/product\/38921","targetHints":{"allow":["GET"]}}],"collection":[{"href":"https:\/\/www.lifenatura.com\/es\/wp-json\/wp\/v2\/product"}],"about":[{"href":"https:\/\/www.lifenatura.com\/es\/wp-json\/wp\/v2\/types\/product"}],"wp:featuredmedia":[{"embeddable":true,"href":"https:\/\/www.lifenatura.com\/es\/wp-json\/wp\/v2\/media\/20366"}],"wp:attachment":[{"href":"https:\/\/www.lifenatura.com\/es\/wp-json\/wp\/v2\/media?parent=38921"}],"wp:term":[{"taxonomy":"product_brand","embeddable":true,"href":"https:\/\/www.lifenatura.com\/es\/wp-json\/wp\/v2\/product_brand?post=38921"},{"taxonomy":"product_cat","embeddable":true,"href":"https:\/\/www.lifenatura.com\/es\/wp-json\/wp\/v2\/product_cat?post=38921"},{"taxonomy":"product_tag","embeddable":true,"href":"https:\/\/www.lifenatura.com\/es\/wp-json\/wp\/v2\/product_tag?post=38921"}],"curies":[{"name":"wp","href":"https:\/\/api.w.org\/{rel}","templated":true}]}}