{"id":38907,"date":"2021-09-30T10:14:35","date_gmt":"2021-09-30T10:14:35","guid":{"rendered":"https:\/\/lifenatura.dev.agenciagetdigital.com\/produto\/pequeno-buda-arandano-magico-300-g-iswari\/"},"modified":"2024-02-09T17:31:50","modified_gmt":"2024-02-09T17:31:50","slug":"pequeno-buda-arandano-magico-300-g-iswari","status":"publish","type":"product","link":"https:\/\/www.lifenatura.com\/es\/produto\/pequeno-buda-arandano-magico-300-g-iswari\/","title":{"rendered":"Little Buddha Magia Ar\u00e1ndano 400 g &#8211; Iswari"},"content":{"rendered":"<h2 style=\"text-align: left;\">Peque\u00f1o Buda M\u00e1gico Ar\u00e1ndano<\/h2>\n<p>&nbsp;<\/p>\n<p>El desayuno saludable de tu hijo Iswari&#8217;s Little Buddha Magic Blueberry es apto para todos los desayunos veganos, crudos, ecol\u00f3gicos, sin gluten, sin lactosa y sin az\u00facar refinado. Los ar\u00e1ndanos son famosos por sus propiedades antis\u00e9pticas, antidiarreicas y antihemorr\u00e1gicas. Tambi\u00e9n ayudan a tratar los resfriados y los problemas circulatorios.<\/p>\n<p>Su magia se manifiesta en este desayuno a trav\u00e9s de un efecto visual muy atractivo cuando se a\u00f1ade una bebida. Little Buddha es una gama de productos recomendados para ni\u00f1os mayores de 3 a\u00f1os. Todos los ingredientes son ecol\u00f3gicos, veganos y procesados en fr\u00edo, ricos en propiedades nutritivas y deliciosas. Little Magic Blueberry Buddha tampoco contiene gluten ni lactosa, ni az\u00facar refinado, aceite de palma ni OMG a\u00f1adidos. Alto contenido en fibra, fuente de hierro y magnesio.<\/p>\n<p><strong>Presentaci\u00f3n<\/strong><\/p>\n<p>400g<\/p>\n","protected":false},"excerpt":{"rendered":"<p>Iswari&#8217;s Little Buddha Magic Blueberry es apto para todos los desayunos veganos, crudos, ecol\u00f3gicos, sin gluten, sin lactosa y sin az\u00facar refinado. [&#8230;]<\/p>\n<p><a class=\"btn btn-secondary understrap-read-more-link\" href=\"https:\/\/www.lifenatura.com\/es\/produto\/pequeno-buda-arandano-magico-300-g-iswari\/\">Leer m\u00e1s&#8230;<span class=\"screen-reader-text\"> from Little Buddha Magia Ar\u00e1ndano 400 g &#8211; Iswari<\/span><\/a><\/p>\n","protected":false},"featured_media":20353,"template":"","meta":{"_acf_changed":false},"product_brand":[8466],"product_cat":[7064,7659,7100,7791],"product_tag":[],"class_list":{"0":"post-38907","1":"product","2":"type-product","3":"status-publish","4":"has-post-thumbnail","6":"product_brand-iswari-es","7":"product_cat-alimentacion-sana","8":"product_cat-ingrediente-natural-bio","9":"product_cat-superalimentos-bio","10":"product_cat-trigo-sarraceno-es","12":"first","13":"instock","14":"shipping-taxable","15":"purchasable","16":"product-type-simple","17":"add-to-wishlist-before_image"},"acf":[],"yoast_head":"<!-- This site is optimized with the Yoast SEO Premium plugin v27.1 (Yoast SEO v27.5) - https:\/\/yoast.com\/product\/yoast-seo-premium-wordpress\/ -->\n<title>Little Buddha Magia Ar\u00e1ndano 400 g - Iswari<\/title>\n<meta name=\"description\" content=\"Little buddha magic blueberry es apto para todos los desayunos veganos, crudos, ecol\u00f3gicos, sin gluten, sin lactosa y sin az\u00facar refinado.\" \/>\n<meta name=\"robots\" content=\"index, follow, max-snippet:-1, max-image-preview:large, max-video-preview:-1\" \/>\n<link rel=\"canonical\" href=\"https:\/\/www.lifenatura.com\/es\/produto\/pequeno-buda-arandano-magico-300-g-iswari\/\" \/>\n<meta property=\"og:locale\" content=\"es_ES\" \/>\n<meta property=\"og:type\" content=\"article\" \/>\n<meta property=\"og:title\" content=\"Little Buddha Magia Ar\u00e1ndano 400 g - Iswari - Na Lifenatura ao Melhor Pre\u00e7o | Envio 48h\" \/>\n<meta property=\"og:description\" content=\"Compre Little Buddha Magia Ar\u00e1ndano 400 g - Iswari com envio r\u00e1pido. Entrega em 48h e portes gr\u00e1tis em compras &gt;35\u20ac. Aproveite j\u00e1 na Lifenatura\" \/>\n<meta property=\"og:url\" content=\"https:\/\/www.lifenatura.com\/es\/produto\/pequeno-buda-arandano-magico-300-g-iswari\/\" \/>\n<meta property=\"og:site_name\" content=\"Lifenatura\" \/>\n<meta property=\"article:publisher\" content=\"https:\/\/www.facebook.com\/lifenatura\" \/>\n<meta property=\"article:modified_time\" content=\"2024-02-09T17:31:50+00:00\" \/>\n<meta property=\"og:image\" content=\"https:\/\/www.lifenatura.com\/wp-content\/uploads\/2021\/09\/gd_pequeno_buda_mirtilo_magico_400_g_iswari.png\" \/>\n\t<meta property=\"og:image:width\" content=\"600\" \/>\n\t<meta property=\"og:image:height\" content=\"600\" \/>\n\t<meta property=\"og:image:type\" content=\"image\/png\" \/>\n<meta name=\"twitter:card\" content=\"summary_large_image\" \/>\n<meta name=\"twitter:label1\" content=\"Precio\" \/>\n\t<meta name=\"twitter:data1\" content=\"9,78&nbsp;&euro;\" \/>\n\t<meta name=\"twitter:label2\" content=\"Disponibilidad\" \/>\n\t<meta name=\"twitter:data2\" content=\"Disponible\" \/>\n<script type=\"application\/ld+json\" class=\"yoast-schema-graph\">{\"@context\":\"https:\\\/\\\/schema.org\",\"@graph\":[{\"@type\":\"WebPage\",\"@id\":\"https:\\\/\\\/www.lifenatura.com\\\/es\\\/produto\\\/pequeno-buda-arandano-magico-300-g-iswari\\\/\",\"url\":\"https:\\\/\\\/www.lifenatura.com\\\/es\\\/produto\\\/pequeno-buda-arandano-magico-300-g-iswari\\\/\",\"name\":\"Little Buddha Magia Ar\u00e1ndano 400 g - Iswari\",\"isPartOf\":{\"@id\":\"https:\\\/\\\/www.lifenatura.com\\\/es\\\/#website\"},\"primaryImageOfPage\":{\"@id\":\"https:\\\/\\\/www.lifenatura.com\\\/es\\\/produto\\\/pequeno-buda-arandano-magico-300-g-iswari\\\/#primaryimage\"},\"image\":{\"@id\":\"https:\\\/\\\/www.lifenatura.com\\\/es\\\/produto\\\/pequeno-buda-arandano-magico-300-g-iswari\\\/#primaryimage\"},\"thumbnailUrl\":\"https:\\\/\\\/www.lifenatura.com\\\/wp-content\\\/uploads\\\/2021\\\/09\\\/gd_pequeno_buda_mirtilo_magico_400_g_iswari.png\",\"datePublished\":\"2021-09-30T10:14:35+00:00\",\"dateModified\":\"2024-02-09T17:31:50+00:00\",\"description\":\"Little buddha magic blueberry es apto para todos los desayunos veganos, crudos, ecol\u00f3gicos, sin gluten, sin lactosa y sin az\u00facar refinado.\",\"breadcrumb\":{\"@id\":\"https:\\\/\\\/www.lifenatura.com\\\/es\\\/produto\\\/pequeno-buda-arandano-magico-300-g-iswari\\\/#breadcrumb\"},\"inLanguage\":\"es\",\"potentialAction\":[{\"@type\":\"ReadAction\",\"target\":[\"https:\\\/\\\/www.lifenatura.com\\\/es\\\/produto\\\/pequeno-buda-arandano-magico-300-g-iswari\\\/\"]}]},{\"@type\":\"ImageObject\",\"inLanguage\":\"es\",\"@id\":\"https:\\\/\\\/www.lifenatura.com\\\/es\\\/produto\\\/pequeno-buda-arandano-magico-300-g-iswari\\\/#primaryimage\",\"url\":\"https:\\\/\\\/www.lifenatura.com\\\/wp-content\\\/uploads\\\/2021\\\/09\\\/gd_pequeno_buda_mirtilo_magico_400_g_iswari.png\",\"contentUrl\":\"https:\\\/\\\/www.lifenatura.com\\\/wp-content\\\/uploads\\\/2021\\\/09\\\/gd_pequeno_buda_mirtilo_magico_400_g_iswari.png\",\"width\":600,\"height\":600,\"caption\":\"Little Buddha Magia Ar\u00e1ndano 400 g - Iswari\"},{\"@type\":\"BreadcrumbList\",\"@id\":\"https:\\\/\\\/www.lifenatura.com\\\/es\\\/produto\\\/pequeno-buda-arandano-magico-300-g-iswari\\\/#breadcrumb\",\"itemListElement\":[{\"@type\":\"ListItem\",\"position\":1,\"name\":\"In\u00edcio\",\"item\":\"https:\\\/\\\/www.lifenatura.com\\\/es\\\/\"},{\"@type\":\"ListItem\",\"position\":2,\"name\":\"Todos los Productos\",\"item\":\"https:\\\/\\\/www.lifenatura.com\\\/es\\\/tienda\\\/\"},{\"@type\":\"ListItem\",\"position\":3,\"name\":\"Little Buddha Magia Ar\u00e1ndano 400 g &#8211; Iswari\"}]},{\"@type\":\"WebSite\",\"@id\":\"https:\\\/\\\/www.lifenatura.com\\\/es\\\/#website\",\"url\":\"https:\\\/\\\/www.lifenatura.com\\\/es\\\/\",\"name\":\"Lifenatura\",\"description\":\"A Lifenatura \u00e9 uma loja de produtos naturais, cosm\u00e9tica natural e alimenta\u00e7\u00e3o Biol\u00f3gica.\",\"publisher\":{\"@id\":\"https:\\\/\\\/www.lifenatura.com\\\/es\\\/#organization\"},\"potentialAction\":[{\"@type\":\"SearchAction\",\"target\":{\"@type\":\"EntryPoint\",\"urlTemplate\":\"https:\\\/\\\/www.lifenatura.com\\\/es\\\/?s={search_term_string}\"},\"query-input\":{\"@type\":\"PropertyValueSpecification\",\"valueRequired\":true,\"valueName\":\"search_term_string\"}}],\"inLanguage\":\"es\"},{\"@type\":\"Organization\",\"@id\":\"https:\\\/\\\/www.lifenatura.com\\\/es\\\/#organization\",\"name\":\"Lifenatura\",\"url\":\"https:\\\/\\\/www.lifenatura.com\\\/es\\\/\",\"logo\":{\"@type\":\"ImageObject\",\"inLanguage\":\"es\",\"@id\":\"https:\\\/\\\/www.lifenatura.com\\\/es\\\/#\\\/schema\\\/logo\\\/image\\\/\",\"url\":\"https:\\\/\\\/www.lifenatura.com\\\/wp-content\\\/uploads\\\/2021\\\/07\\\/logo.png\",\"contentUrl\":\"https:\\\/\\\/www.lifenatura.com\\\/wp-content\\\/uploads\\\/2021\\\/07\\\/logo.png\",\"width\":175,\"height\":55,\"caption\":\"Lifenatura\"},\"image\":{\"@id\":\"https:\\\/\\\/www.lifenatura.com\\\/es\\\/#\\\/schema\\\/logo\\\/image\\\/\"},\"sameAs\":[\"https:\\\/\\\/www.facebook.com\\\/lifenatura\",\"https:\\\/\\\/www.instagram.com\\\/lifenaturapt\\\/\"],\"hasMerchantReturnPolicy\":{\"@type\":\"MerchantReturnPolicy\",\"merchantReturnLink\":\"https:\\\/\\\/www.lifenatura.com\\\/termos-condicoes-lifenatura\\\/\"}}]}<\/script>\n<meta property=\"product:price:amount\" content=\"9.78\" \/>\n<meta property=\"product:price:currency\" content=\"EUR\" \/>\n<meta property=\"og:availability\" content=\"instock\" \/>\n<meta property=\"product:availability\" content=\"instock\" \/>\n<meta property=\"product:retailer_item_id\" content=\"5600317478230\" \/>\n<meta property=\"product:condition\" content=\"new\" \/>\n<!-- \/ Yoast SEO Premium plugin. -->","yoast_head_json":{"title":"Little Buddha Magia Ar\u00e1ndano 400 g - Iswari","description":"Little buddha magic blueberry es apto para todos los desayunos veganos, crudos, ecol\u00f3gicos, sin gluten, sin lactosa y sin az\u00facar refinado.","robots":{"index":"index","follow":"follow","max-snippet":"max-snippet:-1","max-image-preview":"max-image-preview:large","max-video-preview":"max-video-preview:-1"},"canonical":"https:\/\/www.lifenatura.com\/es\/produto\/pequeno-buda-arandano-magico-300-g-iswari\/","og_locale":"es_ES","og_type":"article","og_title":"Little Buddha Magia Ar\u00e1ndano 400 g - Iswari - Na Lifenatura ao Melhor Pre\u00e7o | Envio 48h","og_description":"Compre Little Buddha Magia Ar\u00e1ndano 400 g - Iswari com envio r\u00e1pido. Entrega em 48h e portes gr\u00e1tis em compras >35\u20ac. Aproveite j\u00e1 na Lifenatura","og_url":"https:\/\/www.lifenatura.com\/es\/produto\/pequeno-buda-arandano-magico-300-g-iswari\/","og_site_name":"Lifenatura","article_publisher":"https:\/\/www.facebook.com\/lifenatura","article_modified_time":"2024-02-09T17:31:50+00:00","og_image":[{"width":600,"height":600,"url":"https:\/\/www.lifenatura.com\/wp-content\/uploads\/2021\/09\/gd_pequeno_buda_mirtilo_magico_400_g_iswari.png","type":"image\/png"}],"twitter_card":"summary_large_image","twitter_misc":{"Precio":"9,78&nbsp;&euro;","Disponibilidad":"Disponible"},"schema":{"@context":"https:\/\/schema.org","@graph":[{"@type":"WebPage","@id":"https:\/\/www.lifenatura.com\/es\/produto\/pequeno-buda-arandano-magico-300-g-iswari\/","url":"https:\/\/www.lifenatura.com\/es\/produto\/pequeno-buda-arandano-magico-300-g-iswari\/","name":"Little Buddha Magia Ar\u00e1ndano 400 g - Iswari","isPartOf":{"@id":"https:\/\/www.lifenatura.com\/es\/#website"},"primaryImageOfPage":{"@id":"https:\/\/www.lifenatura.com\/es\/produto\/pequeno-buda-arandano-magico-300-g-iswari\/#primaryimage"},"image":{"@id":"https:\/\/www.lifenatura.com\/es\/produto\/pequeno-buda-arandano-magico-300-g-iswari\/#primaryimage"},"thumbnailUrl":"https:\/\/www.lifenatura.com\/wp-content\/uploads\/2021\/09\/gd_pequeno_buda_mirtilo_magico_400_g_iswari.png","datePublished":"2021-09-30T10:14:35+00:00","dateModified":"2024-02-09T17:31:50+00:00","description":"Little buddha magic blueberry es apto para todos los desayunos veganos, crudos, ecol\u00f3gicos, sin gluten, sin lactosa y sin az\u00facar refinado.","breadcrumb":{"@id":"https:\/\/www.lifenatura.com\/es\/produto\/pequeno-buda-arandano-magico-300-g-iswari\/#breadcrumb"},"inLanguage":"es","potentialAction":[{"@type":"ReadAction","target":["https:\/\/www.lifenatura.com\/es\/produto\/pequeno-buda-arandano-magico-300-g-iswari\/"]}]},{"@type":"ImageObject","inLanguage":"es","@id":"https:\/\/www.lifenatura.com\/es\/produto\/pequeno-buda-arandano-magico-300-g-iswari\/#primaryimage","url":"https:\/\/www.lifenatura.com\/wp-content\/uploads\/2021\/09\/gd_pequeno_buda_mirtilo_magico_400_g_iswari.png","contentUrl":"https:\/\/www.lifenatura.com\/wp-content\/uploads\/2021\/09\/gd_pequeno_buda_mirtilo_magico_400_g_iswari.png","width":600,"height":600,"caption":"Little Buddha Magia Ar\u00e1ndano 400 g - Iswari"},{"@type":"BreadcrumbList","@id":"https:\/\/www.lifenatura.com\/es\/produto\/pequeno-buda-arandano-magico-300-g-iswari\/#breadcrumb","itemListElement":[{"@type":"ListItem","position":1,"name":"In\u00edcio","item":"https:\/\/www.lifenatura.com\/es\/"},{"@type":"ListItem","position":2,"name":"Todos los Productos","item":"https:\/\/www.lifenatura.com\/es\/tienda\/"},{"@type":"ListItem","position":3,"name":"Little Buddha Magia Ar\u00e1ndano 400 g &#8211; Iswari"}]},{"@type":"WebSite","@id":"https:\/\/www.lifenatura.com\/es\/#website","url":"https:\/\/www.lifenatura.com\/es\/","name":"Lifenatura","description":"A Lifenatura \u00e9 uma loja de produtos naturais, cosm\u00e9tica natural e alimenta\u00e7\u00e3o Biol\u00f3gica.","publisher":{"@id":"https:\/\/www.lifenatura.com\/es\/#organization"},"potentialAction":[{"@type":"SearchAction","target":{"@type":"EntryPoint","urlTemplate":"https:\/\/www.lifenatura.com\/es\/?s={search_term_string}"},"query-input":{"@type":"PropertyValueSpecification","valueRequired":true,"valueName":"search_term_string"}}],"inLanguage":"es"},{"@type":"Organization","@id":"https:\/\/www.lifenatura.com\/es\/#organization","name":"Lifenatura","url":"https:\/\/www.lifenatura.com\/es\/","logo":{"@type":"ImageObject","inLanguage":"es","@id":"https:\/\/www.lifenatura.com\/es\/#\/schema\/logo\/image\/","url":"https:\/\/www.lifenatura.com\/wp-content\/uploads\/2021\/07\/logo.png","contentUrl":"https:\/\/www.lifenatura.com\/wp-content\/uploads\/2021\/07\/logo.png","width":175,"height":55,"caption":"Lifenatura"},"image":{"@id":"https:\/\/www.lifenatura.com\/es\/#\/schema\/logo\/image\/"},"sameAs":["https:\/\/www.facebook.com\/lifenatura","https:\/\/www.instagram.com\/lifenaturapt\/"],"hasMerchantReturnPolicy":{"@type":"MerchantReturnPolicy","merchantReturnLink":"https:\/\/www.lifenatura.com\/termos-condicoes-lifenatura\/"}}]},"product_price_amount":"9.78","product_price_currency":"EUR","og_availability":"instock","product_availability":"instock","product_retailer_item_id":"5600317478230","product_condition":"new"},"df_price":9.78,"df_sale_price":"","df_regular_price":9.78,"df_image_link":"https:\/\/www.lifenatura.com\/wp-content\/uploads\/2021\/09\/gd_pequeno_buda_mirtilo_magico_400_g_iswari-300x300.png","_links":{"self":[{"href":"https:\/\/www.lifenatura.com\/es\/wp-json\/wp\/v2\/product\/38907","targetHints":{"allow":["GET"]}}],"collection":[{"href":"https:\/\/www.lifenatura.com\/es\/wp-json\/wp\/v2\/product"}],"about":[{"href":"https:\/\/www.lifenatura.com\/es\/wp-json\/wp\/v2\/types\/product"}],"wp:featuredmedia":[{"embeddable":true,"href":"https:\/\/www.lifenatura.com\/es\/wp-json\/wp\/v2\/media\/20353"}],"wp:attachment":[{"href":"https:\/\/www.lifenatura.com\/es\/wp-json\/wp\/v2\/media?parent=38907"}],"wp:term":[{"taxonomy":"product_brand","embeddable":true,"href":"https:\/\/www.lifenatura.com\/es\/wp-json\/wp\/v2\/product_brand?post=38907"},{"taxonomy":"product_cat","embeddable":true,"href":"https:\/\/www.lifenatura.com\/es\/wp-json\/wp\/v2\/product_cat?post=38907"},{"taxonomy":"product_tag","embeddable":true,"href":"https:\/\/www.lifenatura.com\/es\/wp-json\/wp\/v2\/product_tag?post=38907"}],"curies":[{"name":"wp","href":"https:\/\/api.w.org\/{rel}","templated":true}]}}