{"id":38905,"date":"2021-09-30T10:14:35","date_gmt":"2021-09-30T10:14:35","guid":{"rendered":"https:\/\/lifenatura.dev.agenciagetdigital.com\/produto\/pequeno-buda-algaroba-300-g-iswari\/"},"modified":"2024-02-09T16:09:34","modified_gmt":"2024-02-09T16:09:34","slug":"pequeno-buda-algaroba-300-g-iswari","status":"publish","type":"product","link":"https:\/\/www.lifenatura.com\/es\/produto\/pequeno-buda-algaroba-300-g-iswari\/","title":{"rendered":"Pequeno Buda Algaroba 300 g &#8211; Iswari"},"content":{"rendered":"<h2>Peque\u00f1o Buda Algarroba<\/h2>\n<p>&nbsp;<\/p>\n<p>\u00a1El desayuno saludable de tu hijo! Little Buddha Carob de Iswari es apto para todos los desayunos. Vegano, crudo, ecol\u00f3gico, sin gluten, sin lactosa, sin az\u00facares refinados, aceite de palma ni OGM. Estas mezclas son f\u00e1ciles de digerir y mejoran el tr\u00e1nsito intestinal y la salud del intestino. Adem\u00e1s, tienen la ventaja de ser instant\u00e1neas, lo que permite disfrutar de un desayuno supernutritivo en menos de 2 minutos.<\/p>\n<p>Little Buddha es una gama de productos recomendados para ni\u00f1os mayores de 3 a\u00f1os. Todos los ingredientes son ecol\u00f3gicos, veganos y procesados en fr\u00edo, ricos en propiedades nutritivas y deliciosas. Alto contenido en fibra, fuente de hierro y magnesio.<\/p>\n<p>Sabe a chocolate pero est\u00e1 endulzado s\u00f3lo con algarroba. \u00a1Es nuestra forma favorita de empezar el d\u00eda con mucha energ\u00eda! Este desayuno es f\u00e1cil y r\u00e1pido de preparar, \u00a1as\u00ed que podemos volver a jugar en un abrir y cerrar de ojos!<\/p>\n<p><strong>Presentaci\u00f3n<\/strong><\/p>\n<p>400g<\/p>\n<p>&nbsp;<\/p>\n","protected":false},"excerpt":{"rendered":"<p>Peque\u00f1o buda alfarroba es indicado para todos los desayunos, son veganos, crudos, biol\u00f3gicos, sin gluten, sin lactosa, sin az\u00facares refinados. [&#8230;]<\/p>\n<p><a class=\"btn btn-secondary understrap-read-more-link\" href=\"https:\/\/www.lifenatura.com\/es\/produto\/pequeno-buda-algaroba-300-g-iswari\/\">Leer m\u00e1s&#8230;<span class=\"screen-reader-text\"> from Pequeno Buda Algaroba 300 g &#8211; Iswari<\/span><\/a><\/p>\n","protected":false},"featured_media":20351,"template":"","meta":{"_acf_changed":false},"product_brand":[8466],"product_cat":[7146,7064,7659,7100],"product_tag":[],"class_list":{"0":"post-38905","1":"product","2":"type-product","3":"status-publish","4":"has-post-thumbnail","6":"product_brand-iswari-es","7":"product_cat-algarroba","8":"product_cat-alimentacion-sana","9":"product_cat-ingrediente-natural-bio","10":"product_cat-superalimentos-bio","12":"first","13":"instock","14":"shipping-taxable","15":"purchasable","16":"product-type-simple","17":"add-to-wishlist-before_image"},"acf":[],"yoast_head":"<!-- This site is optimized with the Yoast SEO Premium plugin v27.1 (Yoast SEO v27.5) - https:\/\/yoast.com\/product\/yoast-seo-premium-wordpress\/ -->\n<title>Pequeno Buda Algaroba 300 g - Iswari<\/title>\n<meta name=\"description\" content=\"Peque\u00f1o buda alfarroba es indicado para todos los desayunos, son veganos, crudos, biol\u00f3gicos, sin gluten, sin lactosa, sin az\u00facares refinados.\" \/>\n<meta name=\"robots\" content=\"index, follow, max-snippet:-1, max-image-preview:large, max-video-preview:-1\" \/>\n<link rel=\"canonical\" href=\"https:\/\/www.lifenatura.com\/es\/produto\/pequeno-buda-algaroba-300-g-iswari\/\" \/>\n<meta property=\"og:locale\" content=\"es_ES\" \/>\n<meta property=\"og:type\" content=\"article\" \/>\n<meta property=\"og:title\" content=\"Pequeno Buda Algaroba 300 g - Iswari - Na Lifenatura ao Melhor Pre\u00e7o | Envio 48h\" \/>\n<meta property=\"og:description\" content=\"Compre Pequeno Buda Algaroba 300 g - Iswari com envio r\u00e1pido. Entrega em 48h e portes gr\u00e1tis em compras &gt;35\u20ac. Aproveite j\u00e1 na Lifenatura\" \/>\n<meta property=\"og:url\" content=\"https:\/\/www.lifenatura.com\/es\/produto\/pequeno-buda-algaroba-300-g-iswari\/\" \/>\n<meta property=\"og:site_name\" content=\"Lifenatura\" \/>\n<meta property=\"article:publisher\" content=\"https:\/\/www.facebook.com\/lifenatura\" \/>\n<meta property=\"article:modified_time\" content=\"2024-02-09T16:09:34+00:00\" \/>\n<meta property=\"og:image\" content=\"https:\/\/www.lifenatura.com\/wp-content\/uploads\/2021\/09\/gd_pequeno_buda_alfarroba_300_g_iswari.png\" \/>\n\t<meta property=\"og:image:width\" content=\"600\" \/>\n\t<meta property=\"og:image:height\" content=\"600\" \/>\n\t<meta property=\"og:image:type\" content=\"image\/png\" \/>\n<meta name=\"twitter:card\" content=\"summary_large_image\" \/>\n<meta name=\"twitter:label1\" content=\"Precio\" \/>\n\t<meta name=\"twitter:data1\" content=\"9,78&nbsp;&euro;\" \/>\n\t<meta name=\"twitter:label2\" content=\"Disponibilidad\" \/>\n\t<meta name=\"twitter:data2\" content=\"Disponible\" \/>\n<script type=\"application\/ld+json\" class=\"yoast-schema-graph\">{\"@context\":\"https:\\\/\\\/schema.org\",\"@graph\":[{\"@type\":\"WebPage\",\"@id\":\"https:\\\/\\\/www.lifenatura.com\\\/es\\\/produto\\\/pequeno-buda-algaroba-300-g-iswari\\\/\",\"url\":\"https:\\\/\\\/www.lifenatura.com\\\/es\\\/produto\\\/pequeno-buda-algaroba-300-g-iswari\\\/\",\"name\":\"Pequeno Buda Algaroba 300 g - Iswari\",\"isPartOf\":{\"@id\":\"https:\\\/\\\/www.lifenatura.com\\\/es\\\/#website\"},\"primaryImageOfPage\":{\"@id\":\"https:\\\/\\\/www.lifenatura.com\\\/es\\\/produto\\\/pequeno-buda-algaroba-300-g-iswari\\\/#primaryimage\"},\"image\":{\"@id\":\"https:\\\/\\\/www.lifenatura.com\\\/es\\\/produto\\\/pequeno-buda-algaroba-300-g-iswari\\\/#primaryimage\"},\"thumbnailUrl\":\"https:\\\/\\\/www.lifenatura.com\\\/wp-content\\\/uploads\\\/2021\\\/09\\\/gd_pequeno_buda_alfarroba_300_g_iswari.png\",\"datePublished\":\"2021-09-30T10:14:35+00:00\",\"dateModified\":\"2024-02-09T16:09:34+00:00\",\"description\":\"Peque\u00f1o buda alfarroba es indicado para todos los desayunos, son veganos, crudos, biol\u00f3gicos, sin gluten, sin lactosa, sin az\u00facares refinados.\",\"breadcrumb\":{\"@id\":\"https:\\\/\\\/www.lifenatura.com\\\/es\\\/produto\\\/pequeno-buda-algaroba-300-g-iswari\\\/#breadcrumb\"},\"inLanguage\":\"es\",\"potentialAction\":[{\"@type\":\"ReadAction\",\"target\":[\"https:\\\/\\\/www.lifenatura.com\\\/es\\\/produto\\\/pequeno-buda-algaroba-300-g-iswari\\\/\"]}]},{\"@type\":\"ImageObject\",\"inLanguage\":\"es\",\"@id\":\"https:\\\/\\\/www.lifenatura.com\\\/es\\\/produto\\\/pequeno-buda-algaroba-300-g-iswari\\\/#primaryimage\",\"url\":\"https:\\\/\\\/www.lifenatura.com\\\/wp-content\\\/uploads\\\/2021\\\/09\\\/gd_pequeno_buda_alfarroba_300_g_iswari.png\",\"contentUrl\":\"https:\\\/\\\/www.lifenatura.com\\\/wp-content\\\/uploads\\\/2021\\\/09\\\/gd_pequeno_buda_alfarroba_300_g_iswari.png\",\"width\":600,\"height\":600,\"caption\":\"Pequeno Buda Algaroba 300 g - Iswari\"},{\"@type\":\"BreadcrumbList\",\"@id\":\"https:\\\/\\\/www.lifenatura.com\\\/es\\\/produto\\\/pequeno-buda-algaroba-300-g-iswari\\\/#breadcrumb\",\"itemListElement\":[{\"@type\":\"ListItem\",\"position\":1,\"name\":\"In\u00edcio\",\"item\":\"https:\\\/\\\/www.lifenatura.com\\\/es\\\/\"},{\"@type\":\"ListItem\",\"position\":2,\"name\":\"Todos los Productos\",\"item\":\"https:\\\/\\\/www.lifenatura.com\\\/es\\\/tienda\\\/\"},{\"@type\":\"ListItem\",\"position\":3,\"name\":\"Pequeno Buda Algaroba 300 g &#8211; Iswari\"}]},{\"@type\":\"WebSite\",\"@id\":\"https:\\\/\\\/www.lifenatura.com\\\/es\\\/#website\",\"url\":\"https:\\\/\\\/www.lifenatura.com\\\/es\\\/\",\"name\":\"Lifenatura\",\"description\":\"A Lifenatura \u00e9 uma loja de produtos naturais, cosm\u00e9tica natural e alimenta\u00e7\u00e3o Biol\u00f3gica.\",\"publisher\":{\"@id\":\"https:\\\/\\\/www.lifenatura.com\\\/es\\\/#organization\"},\"potentialAction\":[{\"@type\":\"SearchAction\",\"target\":{\"@type\":\"EntryPoint\",\"urlTemplate\":\"https:\\\/\\\/www.lifenatura.com\\\/es\\\/?s={search_term_string}\"},\"query-input\":{\"@type\":\"PropertyValueSpecification\",\"valueRequired\":true,\"valueName\":\"search_term_string\"}}],\"inLanguage\":\"es\"},{\"@type\":\"Organization\",\"@id\":\"https:\\\/\\\/www.lifenatura.com\\\/es\\\/#organization\",\"name\":\"Lifenatura\",\"url\":\"https:\\\/\\\/www.lifenatura.com\\\/es\\\/\",\"logo\":{\"@type\":\"ImageObject\",\"inLanguage\":\"es\",\"@id\":\"https:\\\/\\\/www.lifenatura.com\\\/es\\\/#\\\/schema\\\/logo\\\/image\\\/\",\"url\":\"https:\\\/\\\/www.lifenatura.com\\\/wp-content\\\/uploads\\\/2021\\\/07\\\/logo.png\",\"contentUrl\":\"https:\\\/\\\/www.lifenatura.com\\\/wp-content\\\/uploads\\\/2021\\\/07\\\/logo.png\",\"width\":175,\"height\":55,\"caption\":\"Lifenatura\"},\"image\":{\"@id\":\"https:\\\/\\\/www.lifenatura.com\\\/es\\\/#\\\/schema\\\/logo\\\/image\\\/\"},\"sameAs\":[\"https:\\\/\\\/www.facebook.com\\\/lifenatura\",\"https:\\\/\\\/www.instagram.com\\\/lifenaturapt\\\/\"],\"hasMerchantReturnPolicy\":{\"@type\":\"MerchantReturnPolicy\",\"merchantReturnLink\":\"https:\\\/\\\/www.lifenatura.com\\\/termos-condicoes-lifenatura\\\/\"}}]}<\/script>\n<meta property=\"product:price:amount\" content=\"9.78\" \/>\n<meta property=\"product:price:currency\" content=\"EUR\" \/>\n<meta property=\"og:availability\" content=\"instock\" \/>\n<meta property=\"product:availability\" content=\"instock\" \/>\n<meta property=\"product:retailer_item_id\" content=\"5600317478124\" \/>\n<meta property=\"product:condition\" content=\"new\" \/>\n<!-- \/ Yoast SEO Premium plugin. -->","yoast_head_json":{"title":"Pequeno Buda Algaroba 300 g - Iswari","description":"Peque\u00f1o buda alfarroba es indicado para todos los desayunos, son veganos, crudos, biol\u00f3gicos, sin gluten, sin lactosa, sin az\u00facares refinados.","robots":{"index":"index","follow":"follow","max-snippet":"max-snippet:-1","max-image-preview":"max-image-preview:large","max-video-preview":"max-video-preview:-1"},"canonical":"https:\/\/www.lifenatura.com\/es\/produto\/pequeno-buda-algaroba-300-g-iswari\/","og_locale":"es_ES","og_type":"article","og_title":"Pequeno Buda Algaroba 300 g - Iswari - Na Lifenatura ao Melhor Pre\u00e7o | Envio 48h","og_description":"Compre Pequeno Buda Algaroba 300 g - Iswari com envio r\u00e1pido. Entrega em 48h e portes gr\u00e1tis em compras >35\u20ac. Aproveite j\u00e1 na Lifenatura","og_url":"https:\/\/www.lifenatura.com\/es\/produto\/pequeno-buda-algaroba-300-g-iswari\/","og_site_name":"Lifenatura","article_publisher":"https:\/\/www.facebook.com\/lifenatura","article_modified_time":"2024-02-09T16:09:34+00:00","og_image":[{"width":600,"height":600,"url":"https:\/\/www.lifenatura.com\/wp-content\/uploads\/2021\/09\/gd_pequeno_buda_alfarroba_300_g_iswari.png","type":"image\/png"}],"twitter_card":"summary_large_image","twitter_misc":{"Precio":"9,78&nbsp;&euro;","Disponibilidad":"Disponible"},"schema":{"@context":"https:\/\/schema.org","@graph":[{"@type":"WebPage","@id":"https:\/\/www.lifenatura.com\/es\/produto\/pequeno-buda-algaroba-300-g-iswari\/","url":"https:\/\/www.lifenatura.com\/es\/produto\/pequeno-buda-algaroba-300-g-iswari\/","name":"Pequeno Buda Algaroba 300 g - Iswari","isPartOf":{"@id":"https:\/\/www.lifenatura.com\/es\/#website"},"primaryImageOfPage":{"@id":"https:\/\/www.lifenatura.com\/es\/produto\/pequeno-buda-algaroba-300-g-iswari\/#primaryimage"},"image":{"@id":"https:\/\/www.lifenatura.com\/es\/produto\/pequeno-buda-algaroba-300-g-iswari\/#primaryimage"},"thumbnailUrl":"https:\/\/www.lifenatura.com\/wp-content\/uploads\/2021\/09\/gd_pequeno_buda_alfarroba_300_g_iswari.png","datePublished":"2021-09-30T10:14:35+00:00","dateModified":"2024-02-09T16:09:34+00:00","description":"Peque\u00f1o buda alfarroba es indicado para todos los desayunos, son veganos, crudos, biol\u00f3gicos, sin gluten, sin lactosa, sin az\u00facares refinados.","breadcrumb":{"@id":"https:\/\/www.lifenatura.com\/es\/produto\/pequeno-buda-algaroba-300-g-iswari\/#breadcrumb"},"inLanguage":"es","potentialAction":[{"@type":"ReadAction","target":["https:\/\/www.lifenatura.com\/es\/produto\/pequeno-buda-algaroba-300-g-iswari\/"]}]},{"@type":"ImageObject","inLanguage":"es","@id":"https:\/\/www.lifenatura.com\/es\/produto\/pequeno-buda-algaroba-300-g-iswari\/#primaryimage","url":"https:\/\/www.lifenatura.com\/wp-content\/uploads\/2021\/09\/gd_pequeno_buda_alfarroba_300_g_iswari.png","contentUrl":"https:\/\/www.lifenatura.com\/wp-content\/uploads\/2021\/09\/gd_pequeno_buda_alfarroba_300_g_iswari.png","width":600,"height":600,"caption":"Pequeno Buda Algaroba 300 g - Iswari"},{"@type":"BreadcrumbList","@id":"https:\/\/www.lifenatura.com\/es\/produto\/pequeno-buda-algaroba-300-g-iswari\/#breadcrumb","itemListElement":[{"@type":"ListItem","position":1,"name":"In\u00edcio","item":"https:\/\/www.lifenatura.com\/es\/"},{"@type":"ListItem","position":2,"name":"Todos los Productos","item":"https:\/\/www.lifenatura.com\/es\/tienda\/"},{"@type":"ListItem","position":3,"name":"Pequeno Buda Algaroba 300 g &#8211; Iswari"}]},{"@type":"WebSite","@id":"https:\/\/www.lifenatura.com\/es\/#website","url":"https:\/\/www.lifenatura.com\/es\/","name":"Lifenatura","description":"A Lifenatura \u00e9 uma loja de produtos naturais, cosm\u00e9tica natural e alimenta\u00e7\u00e3o Biol\u00f3gica.","publisher":{"@id":"https:\/\/www.lifenatura.com\/es\/#organization"},"potentialAction":[{"@type":"SearchAction","target":{"@type":"EntryPoint","urlTemplate":"https:\/\/www.lifenatura.com\/es\/?s={search_term_string}"},"query-input":{"@type":"PropertyValueSpecification","valueRequired":true,"valueName":"search_term_string"}}],"inLanguage":"es"},{"@type":"Organization","@id":"https:\/\/www.lifenatura.com\/es\/#organization","name":"Lifenatura","url":"https:\/\/www.lifenatura.com\/es\/","logo":{"@type":"ImageObject","inLanguage":"es","@id":"https:\/\/www.lifenatura.com\/es\/#\/schema\/logo\/image\/","url":"https:\/\/www.lifenatura.com\/wp-content\/uploads\/2021\/07\/logo.png","contentUrl":"https:\/\/www.lifenatura.com\/wp-content\/uploads\/2021\/07\/logo.png","width":175,"height":55,"caption":"Lifenatura"},"image":{"@id":"https:\/\/www.lifenatura.com\/es\/#\/schema\/logo\/image\/"},"sameAs":["https:\/\/www.facebook.com\/lifenatura","https:\/\/www.instagram.com\/lifenaturapt\/"],"hasMerchantReturnPolicy":{"@type":"MerchantReturnPolicy","merchantReturnLink":"https:\/\/www.lifenatura.com\/termos-condicoes-lifenatura\/"}}]},"product_price_amount":"9.78","product_price_currency":"EUR","og_availability":"instock","product_availability":"instock","product_retailer_item_id":"5600317478124","product_condition":"new"},"df_price":9.78,"df_sale_price":"","df_regular_price":9.78,"df_image_link":"https:\/\/www.lifenatura.com\/wp-content\/uploads\/2021\/09\/gd_pequeno_buda_alfarroba_300_g_iswari-300x300.png","_links":{"self":[{"href":"https:\/\/www.lifenatura.com\/es\/wp-json\/wp\/v2\/product\/38905","targetHints":{"allow":["GET"]}}],"collection":[{"href":"https:\/\/www.lifenatura.com\/es\/wp-json\/wp\/v2\/product"}],"about":[{"href":"https:\/\/www.lifenatura.com\/es\/wp-json\/wp\/v2\/types\/product"}],"wp:featuredmedia":[{"embeddable":true,"href":"https:\/\/www.lifenatura.com\/es\/wp-json\/wp\/v2\/media\/20351"}],"wp:attachment":[{"href":"https:\/\/www.lifenatura.com\/es\/wp-json\/wp\/v2\/media?parent=38905"}],"wp:term":[{"taxonomy":"product_brand","embeddable":true,"href":"https:\/\/www.lifenatura.com\/es\/wp-json\/wp\/v2\/product_brand?post=38905"},{"taxonomy":"product_cat","embeddable":true,"href":"https:\/\/www.lifenatura.com\/es\/wp-json\/wp\/v2\/product_cat?post=38905"},{"taxonomy":"product_tag","embeddable":true,"href":"https:\/\/www.lifenatura.com\/es\/wp-json\/wp\/v2\/product_tag?post=38905"}],"curies":[{"name":"wp","href":"https:\/\/api.w.org\/{rel}","templated":true}]}}