{"id":38898,"date":"2021-09-30T10:14:14","date_gmt":"2021-09-30T10:14:14","guid":{"rendered":"https:\/\/lifenatura.dev.agenciagetdigital.com\/produto\/maca-en-polvo-bio-250-g-iswari\/"},"modified":"2024-02-12T17:09:50","modified_gmt":"2024-02-12T17:09:50","slug":"maca-en-polvo-bio-250-g-iswari","status":"publish","type":"product","link":"https:\/\/www.lifenatura.com\/es\/produto\/maca-en-polvo-bio-250-g-iswari\/","title":{"rendered":"Maca en Polvo Bio 250 g &#8211; Iswari"},"content":{"rendered":"<h2 style=\"text-align: left;\">Maca en polvo Bio<\/h2>\n<p>&nbsp;<\/p>\n<p>\u00a1La maca es un super ingrediente! La maca es un excelente superalimento para aumentar los niveles de energ\u00eda, promover la salud mental y equilibrar el sistema hormonal. Ayuda a regular el ciclo menstrual y a minimizar los s\u00edntomas. En lo que respecta a la menopausia, la Maca puede reducir los sofocos, la ansiedad y las disfunciones sexuales e incluso combatir la osteoporosis.<\/p>\n<p>La maca tambi\u00e9n es conocida por estimular la libido y la espermatog\u00e9nesis, aumentando la fertilidad. Alto contenido en calcio, alto contenido en hierro, alto contenido en magnesio, fuente de zinc.<\/p>\n<p><strong>Presentaci\u00f3n<\/strong><\/p>\n<p>250g<\/p>\n<p>&nbsp;<\/p>\n","protected":false},"excerpt":{"rendered":"<p>Maca en polvo Bio &nbsp; \u00a1La maca es un super ingrediente! La maca es un excelente superalimento para aumentar los niveles de energ\u00eda, promover la salud mental y equilibrar el sistema hormonal. Ayuda a regular el ciclo menstrual y a minimizar los s\u00edntomas. En lo que respecta a la menopausia, la Maca puede reducir los [&#8230;]<\/p>\n<p><a class=\"btn btn-secondary understrap-read-more-link\" href=\"https:\/\/www.lifenatura.com\/es\/produto\/maca-en-polvo-bio-250-g-iswari\/\">Leer m\u00e1s&#8230;<span class=\"screen-reader-text\"> from Maca en Polvo Bio 250 g &#8211; Iswari<\/span><\/a><\/p>\n","protected":false},"featured_media":0,"template":"","meta":{"_acf_changed":false},"product_brand":[8466],"product_cat":[7064,7659,7737,7243,7207,7179,7244,7100],"product_tag":[],"class_list":{"0":"post-38898","1":"product","2":"type-product","3":"status-publish","5":"product_brand-iswari-es","6":"product_cat-alimentacion-sana","7":"product_cat-ingrediente-natural-bio","8":"product_cat-maca-es","9":"product_cat-menopausia","10":"product_cat-osteoporosis","11":"product_cat-salud","12":"product_cat-salud-de-la-mujer","13":"product_cat-superalimentos-bio","15":"first","16":"instock","17":"shipping-taxable","18":"purchasable","19":"product-type-simple","20":"add-to-wishlist-before_image"},"acf":[],"yoast_head":"<!-- This site is optimized with the Yoast SEO Premium plugin v27.1 (Yoast SEO v27.4) - https:\/\/yoast.com\/product\/yoast-seo-premium-wordpress\/ -->\n<title>Maca en Polvo Bio 250 g - Iswari<\/title>\n<meta name=\"description\" content=\"La maca es un excelente superalimento para aumentar los niveles de energ\u00eda, promover la salud mental y equilibrar el sistema hormonal.\" \/>\n<meta name=\"robots\" content=\"index, follow, max-snippet:-1, max-image-preview:large, max-video-preview:-1\" \/>\n<link rel=\"canonical\" href=\"https:\/\/www.lifenatura.com\/es\/produto\/maca-en-polvo-bio-250-g-iswari\/\" \/>\n<meta property=\"og:locale\" content=\"es_ES\" \/>\n<meta property=\"og:type\" content=\"article\" \/>\n<meta property=\"og:title\" content=\"Maca en Polvo Bio 250 g - Iswari - Lifenatura\" \/>\n<meta property=\"og:description\" content=\"Compre aqui o seu Maca en Polvo Bio 250 g - Iswari e a Lifenatura Online envia em 48 H com Portes Gratis &gt;35\u20ac de Pedido.\" \/>\n<meta property=\"og:url\" content=\"https:\/\/www.lifenatura.com\/es\/produto\/maca-en-polvo-bio-250-g-iswari\/\" \/>\n<meta property=\"og:site_name\" content=\"Lifenatura\" \/>\n<meta property=\"article:publisher\" content=\"https:\/\/www.facebook.com\/lifenatura\" \/>\n<meta property=\"article:modified_time\" content=\"2024-02-12T17:09:50+00:00\" \/>\n<meta property=\"og:image\" content=\"https:\/\/www.lifenatura.com\/wp-content\/uploads\/2021\/09\/maca-po-iswari.jpg\" \/>\n\t<meta property=\"og:image:width\" content=\"1000\" \/>\n\t<meta property=\"og:image:height\" content=\"1000\" \/>\n\t<meta property=\"og:image:type\" content=\"image\/jpeg\" \/>\n<meta name=\"twitter:card\" content=\"summary_large_image\" \/>\n<meta name=\"twitter:label1\" content=\"Precio\" \/>\n\t<meta name=\"twitter:data1\" content=\"11,27&nbsp;&euro;\" \/>\n\t<meta name=\"twitter:label2\" content=\"Disponibilidad\" \/>\n\t<meta name=\"twitter:data2\" content=\"Disponible\" \/>\n<meta property=\"product:price:amount\" content=\"11.27\" \/>\n<meta property=\"product:price:currency\" content=\"EUR\" \/>\n<meta property=\"og:availability\" content=\"instock\" \/>\n<meta property=\"product:availability\" content=\"instock\" \/>\n<meta property=\"product:retailer_item_id\" content=\"5600872803485\" \/>\n<meta property=\"product:condition\" content=\"new\" \/>\n<!-- \/ Yoast SEO Premium plugin. -->","yoast_head_json":{"title":"Maca en Polvo Bio 250 g - Iswari","description":"La maca es un excelente superalimento para aumentar los niveles de energ\u00eda, promover la salud mental y equilibrar el sistema hormonal.","robots":{"index":"index","follow":"follow","max-snippet":"max-snippet:-1","max-image-preview":"max-image-preview:large","max-video-preview":"max-video-preview:-1"},"canonical":"https:\/\/www.lifenatura.com\/es\/produto\/maca-en-polvo-bio-250-g-iswari\/","og_locale":"es_ES","og_type":"article","og_title":"Maca en Polvo Bio 250 g - Iswari - Lifenatura","og_description":"Compre aqui o seu Maca en Polvo Bio 250 g - Iswari e a Lifenatura Online envia em 48 H com Portes Gratis >35\u20ac de Pedido.","og_url":"https:\/\/www.lifenatura.com\/es\/produto\/maca-en-polvo-bio-250-g-iswari\/","og_site_name":"Lifenatura","article_publisher":"https:\/\/www.facebook.com\/lifenatura","article_modified_time":"2024-02-12T17:09:50+00:00","og_image":[{"width":1000,"height":1000,"url":"https:\/\/www.lifenatura.com\/wp-content\/uploads\/2021\/09\/maca-po-iswari.jpg","type":"image\/jpeg"}],"twitter_card":"summary_large_image","twitter_misc":{"Precio":"11,27&nbsp;&euro;","Disponibilidad":"Disponible"},"schema":{"@context":"https:\/\/schema.org","@graph":[{"@type":"WebPage","@id":"https:\/\/www.lifenatura.com\/es\/produto\/maca-en-polvo-bio-250-g-iswari\/","url":"https:\/\/www.lifenatura.com\/es\/produto\/maca-en-polvo-bio-250-g-iswari\/","name":"Maca en Polvo Bio 250 g - Iswari","isPartOf":{"@id":"https:\/\/www.lifenatura.com\/#website"},"datePublished":"2021-09-30T10:14:14+00:00","dateModified":"2024-02-12T17:09:50+00:00","description":"La maca es un excelente superalimento para aumentar los niveles de energ\u00eda, promover la salud mental y equilibrar el sistema hormonal.","breadcrumb":{"@id":"https:\/\/www.lifenatura.com\/es\/produto\/maca-en-polvo-bio-250-g-iswari\/#breadcrumb"},"inLanguage":"es","potentialAction":[{"@type":"ReadAction","target":["https:\/\/www.lifenatura.com\/es\/produto\/maca-en-polvo-bio-250-g-iswari\/"]}]},{"@type":"BreadcrumbList","@id":"https:\/\/www.lifenatura.com\/es\/produto\/maca-en-polvo-bio-250-g-iswari\/#breadcrumb","itemListElement":[{"@type":"ListItem","position":1,"name":"In\u00edcio","item":"https:\/\/www.lifenatura.com\/es\/"},{"@type":"ListItem","position":2,"name":"Todos los Productos","item":"https:\/\/www.lifenatura.com\/es\/tienda\/"},{"@type":"ListItem","position":3,"name":"Maca en Polvo Bio 250 g &#8211; Iswari"}]},{"@type":"WebSite","@id":"https:\/\/www.lifenatura.com\/#website","url":"https:\/\/www.lifenatura.com\/","name":"Lifenatura","description":"A Lifenatura \u00e9 uma loja de produtos naturais, cosm\u00e9tica natural e alimenta\u00e7\u00e3o Biol\u00f3gica.","publisher":{"@id":"https:\/\/www.lifenatura.com\/#organization"},"potentialAction":[{"@type":"SearchAction","target":{"@type":"EntryPoint","urlTemplate":"https:\/\/www.lifenatura.com\/?s={search_term_string}"},"query-input":{"@type":"PropertyValueSpecification","valueRequired":true,"valueName":"search_term_string"}}],"inLanguage":"es"},{"@type":"Organization","@id":"https:\/\/www.lifenatura.com\/#organization","name":"Lifenatura","url":"https:\/\/www.lifenatura.com\/","logo":{"@type":"ImageObject","inLanguage":"es","@id":"https:\/\/www.lifenatura.com\/#\/schema\/logo\/image\/","url":"https:\/\/www.lifenatura.com\/wp-content\/uploads\/2021\/11\/logo.png","contentUrl":"https:\/\/www.lifenatura.com\/wp-content\/uploads\/2021\/11\/logo.png","width":175,"height":55,"caption":"Lifenatura"},"image":{"@id":"https:\/\/www.lifenatura.com\/#\/schema\/logo\/image\/"},"sameAs":["https:\/\/www.facebook.com\/lifenatura","https:\/\/www.instagram.com\/lifenaturapt\/"]}]},"product_price_amount":"11.27","product_price_currency":"EUR","og_availability":"instock","product_availability":"instock","product_retailer_item_id":"5600872803485","product_condition":"new"},"df_price":11.27,"df_sale_price":"","df_regular_price":11.27,"df_image_link":"https:\/\/www.lifenatura.com\/wp-content\/uploads\/woocommerce-placeholder-300x300.png","_links":{"self":[{"href":"https:\/\/www.lifenatura.com\/es\/wp-json\/wp\/v2\/product\/38898","targetHints":{"allow":["GET"]}}],"collection":[{"href":"https:\/\/www.lifenatura.com\/es\/wp-json\/wp\/v2\/product"}],"about":[{"href":"https:\/\/www.lifenatura.com\/es\/wp-json\/wp\/v2\/types\/product"}],"wp:attachment":[{"href":"https:\/\/www.lifenatura.com\/es\/wp-json\/wp\/v2\/media?parent=38898"}],"wp:term":[{"taxonomy":"product_brand","embeddable":true,"href":"https:\/\/www.lifenatura.com\/es\/wp-json\/wp\/v2\/product_brand?post=38898"},{"taxonomy":"product_cat","embeddable":true,"href":"https:\/\/www.lifenatura.com\/es\/wp-json\/wp\/v2\/product_cat?post=38898"},{"taxonomy":"product_tag","embeddable":true,"href":"https:\/\/www.lifenatura.com\/es\/wp-json\/wp\/v2\/product_tag?post=38898"}],"curies":[{"name":"wp","href":"https:\/\/api.w.org\/{rel}","templated":true}]}}