{"id":38892,"date":"2021-09-30T10:14:14","date_gmt":"2021-09-30T10:14:14","guid":{"rendered":"https:\/\/lifenatura.dev.agenciagetdigital.com\/produto\/despertar-de-buda-proteina-de-canamo-360-g-iswari\/"},"modified":"2024-02-09T18:15:44","modified_gmt":"2024-02-09T18:15:44","slug":"despertar-de-buda-proteina-de-canamo-360-g-iswari","status":"publish","type":"product","link":"https:\/\/www.lifenatura.com\/es\/produto\/despertar-de-buda-proteina-de-canamo-360-g-iswari\/","title":{"rendered":"Prote\u00edna de c\u00e1\u00f1amo Buddha&#8217;s Awakening 360 g &#8211; Iswari"},"content":{"rendered":"<h2 style=\"text-align: left;\">Prote\u00edna de c\u00e1\u00f1amo El Despertar de Buda<\/h2>\n<p>&nbsp;<\/p>\n<p>La prote\u00edna de c\u00e1\u00f1amo de Buda el Despertar es adecuada para aquellos que llevan una vida activa, no quieren sobrecargar el cuerpo y s\u00f3lo quieren comer lo que necesita, liberando al organismo de cargas t\u00f3xicas y az\u00facares totalmente indeseados.<\/p>\n<p>C\u00e1\u00f1amo: La medicina utiliza cada vez m\u00e1s este superalimento para tratar diversas enfermedades como la arteriosclerosis, las enfermedades cardiovasculares, el colesterol, la artritis, las enfermedades del sistema respiratorio, los eczemas, el acn\u00e9, la salud muscular y el sistema nervioso. Pero el c\u00e1\u00f1amo tambi\u00e9n es conocido desde la antig\u00fcedad por sus excepcionales propiedades nutritivas. \u00c9stas son s\u00f3lo algunas de sus muchas virtudes.<\/p>\n<p>Alto contenido en fibra, magnesio y potasio.<\/p>\n<p><strong> PRESENTACI\u00d3N <\/strong><\/p>\n<p>360g<\/p>\n<p>&nbsp;<\/p>\n","protected":false},"excerpt":{"rendered":"<p>La prote\u00edna de c\u00e1\u00f1amo de Buda el Despertar es adecuada para aquellos que llevan una vida activa, no quieren sobrecargar el cuerpo y s\u00f3lo quieren comer lo que necesita, liberando al organismo de cargas t\u00f3xicas y az\u00facares totalmente indeseados. Alto contenido en fibra, magnesio y potasio. [&#8230;]<\/p>\n<p><a class=\"btn btn-secondary understrap-read-more-link\" href=\"https:\/\/www.lifenatura.com\/es\/produto\/despertar-de-buda-proteina-de-canamo-360-g-iswari\/\">Leer m\u00e1s&#8230;<span class=\"screen-reader-text\"> from Prote\u00edna de c\u00e1\u00f1amo Buddha&#8217;s Awakening 360 g &#8211; Iswari<\/span><\/a><\/p>\n","protected":false},"featured_media":0,"template":"","meta":{"_acf_changed":false},"product_brand":[8466],"product_cat":[7064,7659,7100,7791],"product_tag":[],"class_list":{"0":"post-38892","1":"product","2":"type-product","3":"status-publish","5":"product_brand-iswari-es","6":"product_cat-alimentacion-sana","7":"product_cat-ingrediente-natural-bio","8":"product_cat-superalimentos-bio","9":"product_cat-trigo-sarraceno-es","11":"first","12":"instock","13":"shipping-taxable","14":"purchasable","15":"product-type-simple","16":"add-to-wishlist-before_image"},"acf":[],"yoast_head":"<!-- This site is optimized with the Yoast SEO Premium plugin v27.1 (Yoast SEO v27.3) - https:\/\/yoast.com\/product\/yoast-seo-premium-wordpress\/ -->\n<title>Prote\u00edna de c\u00e1\u00f1amo Buddha&#039;s Awakening 360 g - Iswari<\/title>\n<meta name=\"description\" content=\"La prote\u00edna de c\u00e1\u00f1amo Awakening Buddha no sobrecarga el organismo y lo libera de cargas t\u00f3xicas y az\u00facares totalmente indeseados.\" \/>\n<meta name=\"robots\" content=\"index, follow, max-snippet:-1, max-image-preview:large, max-video-preview:-1\" \/>\n<link rel=\"canonical\" href=\"https:\/\/www.lifenatura.com\/es\/produto\/despertar-de-buda-proteina-de-canamo-360-g-iswari\/\" \/>\n<meta property=\"og:locale\" content=\"es_ES\" \/>\n<meta property=\"og:type\" content=\"article\" \/>\n<meta property=\"og:title\" content=\"Prote\u00edna de c\u00e1\u00f1amo Buddha&#039;s Awakening 360 g - Iswari - Lifenatura\" \/>\n<meta property=\"og:description\" content=\"Compre aqui o seu Prote\u00edna de c\u00e1\u00f1amo Buddha&#039;s Awakening 360 g - Iswari e a Lifenatura Online envia em 48 H com Portes Gratis &gt;35\u20ac de Pedido.\" \/>\n<meta property=\"og:url\" content=\"https:\/\/www.lifenatura.com\/es\/produto\/despertar-de-buda-proteina-de-canamo-360-g-iswari\/\" \/>\n<meta property=\"og:site_name\" content=\"Lifenatura\" \/>\n<meta property=\"article:publisher\" content=\"https:\/\/www.facebook.com\/lifenatura\" \/>\n<meta property=\"article:modified_time\" content=\"2024-02-09T18:15:44+00:00\" \/>\n<meta property=\"og:image\" content=\"https:\/\/www.lifenatura.com\/wp-content\/uploads\/2021\/09\/Despertar-de-Buda-Proteina-de-Canhamo-360-g-Iswari-1.jpg\" \/>\n\t<meta property=\"og:image:width\" content=\"1000\" \/>\n\t<meta property=\"og:image:height\" content=\"1000\" \/>\n\t<meta property=\"og:image:type\" content=\"image\/jpeg\" \/>\n<meta name=\"twitter:card\" content=\"summary_large_image\" \/>\n<meta name=\"twitter:label1\" content=\"Precio\" \/>\n\t<meta name=\"twitter:data1\" content=\"11,27&nbsp;&euro;\" \/>\n\t<meta name=\"twitter:label2\" content=\"Disponibilidad\" \/>\n\t<meta name=\"twitter:data2\" content=\"Disponible\" \/>\n<meta property=\"product:price:amount\" content=\"11.27\" \/>\n<meta property=\"product:price:currency\" content=\"EUR\" \/>\n<meta property=\"og:availability\" content=\"instock\" \/>\n<meta property=\"product:availability\" content=\"instock\" \/>\n<meta property=\"product:retailer_item_id\" content=\"5600317473679\" \/>\n<meta property=\"product:condition\" content=\"new\" \/>\n<!-- \/ Yoast SEO Premium plugin. -->","yoast_head_json":{"title":"Prote\u00edna de c\u00e1\u00f1amo Buddha's Awakening 360 g - Iswari","description":"La prote\u00edna de c\u00e1\u00f1amo Awakening Buddha no sobrecarga el organismo y lo libera de cargas t\u00f3xicas y az\u00facares totalmente indeseados.","robots":{"index":"index","follow":"follow","max-snippet":"max-snippet:-1","max-image-preview":"max-image-preview:large","max-video-preview":"max-video-preview:-1"},"canonical":"https:\/\/www.lifenatura.com\/es\/produto\/despertar-de-buda-proteina-de-canamo-360-g-iswari\/","og_locale":"es_ES","og_type":"article","og_title":"Prote\u00edna de c\u00e1\u00f1amo Buddha's Awakening 360 g - Iswari - Lifenatura","og_description":"Compre aqui o seu Prote\u00edna de c\u00e1\u00f1amo Buddha's Awakening 360 g - Iswari e a Lifenatura Online envia em 48 H com Portes Gratis >35\u20ac de Pedido.","og_url":"https:\/\/www.lifenatura.com\/es\/produto\/despertar-de-buda-proteina-de-canamo-360-g-iswari\/","og_site_name":"Lifenatura","article_publisher":"https:\/\/www.facebook.com\/lifenatura","article_modified_time":"2024-02-09T18:15:44+00:00","og_image":[{"width":1000,"height":1000,"url":"https:\/\/www.lifenatura.com\/wp-content\/uploads\/2021\/09\/Despertar-de-Buda-Proteina-de-Canhamo-360-g-Iswari-1.jpg","type":"image\/jpeg"}],"twitter_card":"summary_large_image","twitter_misc":{"Precio":"11,27&nbsp;&euro;","Disponibilidad":"Disponible"},"schema":{"@context":"https:\/\/schema.org","@graph":[{"@type":"WebPage","@id":"https:\/\/www.lifenatura.com\/es\/produto\/despertar-de-buda-proteina-de-canamo-360-g-iswari\/","url":"https:\/\/www.lifenatura.com\/es\/produto\/despertar-de-buda-proteina-de-canamo-360-g-iswari\/","name":"Prote\u00edna de c\u00e1\u00f1amo Buddha's Awakening 360 g - Iswari","isPartOf":{"@id":"https:\/\/www.lifenatura.com\/es\/#website"},"datePublished":"2021-09-30T10:14:14+00:00","dateModified":"2024-02-09T18:15:44+00:00","description":"La prote\u00edna de c\u00e1\u00f1amo Awakening Buddha no sobrecarga el organismo y lo libera de cargas t\u00f3xicas y az\u00facares totalmente indeseados.","breadcrumb":{"@id":"https:\/\/www.lifenatura.com\/es\/produto\/despertar-de-buda-proteina-de-canamo-360-g-iswari\/#breadcrumb"},"inLanguage":"es","potentialAction":[{"@type":"ReadAction","target":["https:\/\/www.lifenatura.com\/es\/produto\/despertar-de-buda-proteina-de-canamo-360-g-iswari\/"]}]},{"@type":"BreadcrumbList","@id":"https:\/\/www.lifenatura.com\/es\/produto\/despertar-de-buda-proteina-de-canamo-360-g-iswari\/#breadcrumb","itemListElement":[{"@type":"ListItem","position":1,"name":"In\u00edcio","item":"https:\/\/www.lifenatura.com\/es\/"},{"@type":"ListItem","position":2,"name":"Todos los Productos","item":"https:\/\/www.lifenatura.com\/es\/tienda\/"},{"@type":"ListItem","position":3,"name":"Prote\u00edna de c\u00e1\u00f1amo Buddha&#8217;s Awakening 360 g &#8211; Iswari"}]},{"@type":"WebSite","@id":"https:\/\/www.lifenatura.com\/es\/#website","url":"https:\/\/www.lifenatura.com\/es\/","name":"Lifenatura","description":"A Lifenatura \u00e9 uma loja de produtos naturais, cosm\u00e9tica natural e alimenta\u00e7\u00e3o Biol\u00f3gica.","publisher":{"@id":"https:\/\/www.lifenatura.com\/es\/#organization"},"potentialAction":[{"@type":"SearchAction","target":{"@type":"EntryPoint","urlTemplate":"https:\/\/www.lifenatura.com\/es\/?s={search_term_string}"},"query-input":{"@type":"PropertyValueSpecification","valueRequired":true,"valueName":"search_term_string"}}],"inLanguage":"es"},{"@type":"Organization","@id":"https:\/\/www.lifenatura.com\/es\/#organization","name":"Lifenatura","url":"https:\/\/www.lifenatura.com\/es\/","logo":{"@type":"ImageObject","inLanguage":"es","@id":"https:\/\/www.lifenatura.com\/es\/#\/schema\/logo\/image\/","url":"https:\/\/www.lifenatura.com\/wp-content\/uploads\/2021\/11\/logo.png","contentUrl":"https:\/\/www.lifenatura.com\/wp-content\/uploads\/2021\/11\/logo.png","width":175,"height":55,"caption":"Lifenatura"},"image":{"@id":"https:\/\/www.lifenatura.com\/es\/#\/schema\/logo\/image\/"},"sameAs":["https:\/\/www.facebook.com\/lifenatura","https:\/\/www.instagram.com\/lifenaturapt\/"]}]},"product_price_amount":"11.27","product_price_currency":"EUR","og_availability":"instock","product_availability":"instock","product_retailer_item_id":"5600317473679","product_condition":"new"},"df_price":11.27,"df_sale_price":"","df_regular_price":11.27,"df_image_link":"https:\/\/www.lifenatura.com\/wp-content\/uploads\/woocommerce-placeholder-300x300.png","_links":{"self":[{"href":"https:\/\/www.lifenatura.com\/es\/wp-json\/wp\/v2\/product\/38892","targetHints":{"allow":["GET"]}}],"collection":[{"href":"https:\/\/www.lifenatura.com\/es\/wp-json\/wp\/v2\/product"}],"about":[{"href":"https:\/\/www.lifenatura.com\/es\/wp-json\/wp\/v2\/types\/product"}],"wp:attachment":[{"href":"https:\/\/www.lifenatura.com\/es\/wp-json\/wp\/v2\/media?parent=38892"}],"wp:term":[{"taxonomy":"product_brand","embeddable":true,"href":"https:\/\/www.lifenatura.com\/es\/wp-json\/wp\/v2\/product_brand?post=38892"},{"taxonomy":"product_cat","embeddable":true,"href":"https:\/\/www.lifenatura.com\/es\/wp-json\/wp\/v2\/product_cat?post=38892"},{"taxonomy":"product_tag","embeddable":true,"href":"https:\/\/www.lifenatura.com\/es\/wp-json\/wp\/v2\/product_tag?post=38892"}],"curies":[{"name":"wp","href":"https:\/\/api.w.org\/{rel}","templated":true}]}}