{"id":38884,"date":"2021-09-30T10:14:14","date_gmt":"2021-09-30T10:14:14","guid":{"rendered":"https:\/\/lifenatura.dev.agenciagetdigital.com\/produto\/clorela-comprimidos-70-g-iswari\/"},"modified":"2024-02-09T18:14:26","modified_gmt":"2024-02-09T18:14:26","slug":"clorela-comprimidos-70-g-iswari","status":"publish","type":"product","link":"https:\/\/www.lifenatura.com\/es\/produto\/clorela-comprimidos-70-g-iswari\/","title":{"rendered":"Chlorella Comprimidos Bio 70 g &#8211; Iswari"},"content":{"rendered":"<h2 style=\"text-align: left;\">Chlorella Comprimidos Bio<\/h2>\n<p>&nbsp;<\/p>\n<p>Iswari Chlorella es org\u00e1nica, producida en las limpias lagunas de agua dulce de Mongolia y tiene las paredes celulares rotas, lo que proporciona una mejor absorci\u00f3n de los nutrientes. Revitaliza la sangre, limpia los intestinos y otros \u00f3rganos de eliminaci\u00f3n, como el h\u00edgado, de toxinas nocivas como metales pesados y pesticidas.<\/p>\n<p>La chlorella es la reina de las algas, una microalga unicelular capaz de desintoxicar el organismo de metales pesados. Rico en vitaminas, nutrientes y antioxidantes. La chlorella es la principal fuente de clorofila del planeta, \u00a1un concentrado de salud!<\/p>\n<p>Alto contenido en vitamina E, alto contenido en hierro, alto contenido en prote\u00ednas.<\/p>\n<p><strong>PRESENTACI\u00d3N <\/strong><\/p>\n<p>70g<\/p>\n<p>&nbsp;<\/p>\n","protected":false},"excerpt":{"rendered":"<p>La chlorella es la reina de las algas, una microalga unicelular capaz de desintoxicar el organismo de metales pesados. Tiene las paredes celulares rotas, lo que permite una mejor absorci\u00f3n de los nutrientes. Revitaliza la sangre, es rica en vitaminas, nutrientes y antioxidantes y limpia los intestinos y otros \u00f3rganos como el h\u00edgado (limpia el organismo de toxinas nocivas como metales pesados y pesticidas). La chlorella es la principal fuente de clorofila del planeta, \u00a1un concentrado de salud!<\/p>\n<p>&nbsp; [&#8230;]<\/p>\n<p><a class=\"btn btn-secondary understrap-read-more-link\" href=\"https:\/\/www.lifenatura.com\/es\/produto\/clorela-comprimidos-70-g-iswari\/\">Leer m\u00e1s&#8230;<span class=\"screen-reader-text\"> from Chlorella Comprimidos Bio 70 g &#8211; Iswari<\/span><\/a><\/p>\n","protected":false},"featured_media":0,"template":"","meta":{"_acf_changed":false},"product_brand":[8466],"product_cat":[7064,7160,7659,7100],"product_tag":[],"class_list":{"0":"post-38884","1":"product","2":"type-product","3":"status-publish","5":"product_brand-iswari-es","6":"product_cat-alimentacion-sana","7":"product_cat-chlorella","8":"product_cat-ingrediente-natural-bio","9":"product_cat-superalimentos-bio","10":"pa_caracteristicas-biologico","11":"pa_caracteristicas-sin-gluten","12":"pa_caracteristicas-vegano","14":"first","15":"instock","16":"shipping-taxable","17":"purchasable","18":"product-type-simple","19":"add-to-wishlist-before_image"},"acf":[],"yoast_head":"<!-- This site is optimized with the Yoast SEO Premium plugin v27.1 (Yoast SEO v27.5) - https:\/\/yoast.com\/product\/yoast-seo-premium-wordpress\/ -->\n<title>Chlorella Comprimidos 70 g - Iswari<\/title>\n<meta name=\"description\" content=\"La Chlorella Iswar es la reina de las algas, una microalga unicelular capaz de desintoxicar el organismo de metales pesados. Rico en vitaminas y nutrientes\" \/>\n<meta name=\"robots\" content=\"index, follow, max-snippet:-1, max-image-preview:large, max-video-preview:-1\" \/>\n<link rel=\"canonical\" href=\"https:\/\/www.lifenatura.com\/es\/produto\/clorela-comprimidos-70-g-iswari\/\" \/>\n<meta property=\"og:locale\" content=\"es_ES\" \/>\n<meta property=\"og:type\" content=\"article\" \/>\n<meta property=\"og:title\" content=\"Chlorella Comprimidos Bio 70 g - Iswari - Na Lifenatura ao Melhor Pre\u00e7o | Envio 48h\" \/>\n<meta property=\"og:description\" content=\"Compre Chlorella Comprimidos Bio 70 g - Iswari com envio r\u00e1pido. Entrega em 48h e portes gr\u00e1tis em compras &gt;35\u20ac. Aproveite j\u00e1 na Lifenatura\" \/>\n<meta property=\"og:url\" content=\"https:\/\/www.lifenatura.com\/es\/produto\/clorela-comprimidos-70-g-iswari\/\" \/>\n<meta property=\"og:site_name\" content=\"Lifenatura\" \/>\n<meta property=\"article:publisher\" content=\"https:\/\/www.facebook.com\/lifenatura\" \/>\n<meta property=\"article:modified_time\" content=\"2024-02-09T18:14:26+00:00\" \/>\n<meta property=\"og:image\" content=\"https:\/\/www.lifenatura.com\/wp-content\/uploads\/2021\/09\/Clorela-Comprimidos-70-g-Iswari.jpg\" \/>\n\t<meta property=\"og:image:width\" content=\"1000\" \/>\n\t<meta property=\"og:image:height\" content=\"1000\" \/>\n\t<meta property=\"og:image:type\" content=\"image\/jpeg\" \/>\n<meta name=\"twitter:card\" content=\"summary_large_image\" \/>\n<meta name=\"twitter:label1\" content=\"Precio\" \/>\n\t<meta name=\"twitter:data1\" content=\"12,76&nbsp;&euro;\" \/>\n\t<meta name=\"twitter:label2\" content=\"Disponibilidad\" \/>\n\t<meta name=\"twitter:data2\" content=\"Disponible\" \/>\n<script type=\"application\/ld+json\" class=\"yoast-schema-graph\">{\"@context\":\"https:\\\/\\\/schema.org\",\"@graph\":[{\"@type\":\"WebPage\",\"@id\":\"https:\\\/\\\/www.lifenatura.com\\\/es\\\/produto\\\/clorela-comprimidos-70-g-iswari\\\/\",\"url\":\"https:\\\/\\\/www.lifenatura.com\\\/es\\\/produto\\\/clorela-comprimidos-70-g-iswari\\\/\",\"name\":\"Chlorella Comprimidos 70 g - Iswari\",\"isPartOf\":{\"@id\":\"https:\\\/\\\/www.lifenatura.com\\\/es\\\/#website\"},\"datePublished\":\"2021-09-30T10:14:14+00:00\",\"dateModified\":\"2024-02-09T18:14:26+00:00\",\"description\":\"La Chlorella Iswar es la reina de las algas, una microalga unicelular capaz de desintoxicar el organismo de metales pesados. Rico en vitaminas y nutrientes\",\"breadcrumb\":{\"@id\":\"https:\\\/\\\/www.lifenatura.com\\\/es\\\/produto\\\/clorela-comprimidos-70-g-iswari\\\/#breadcrumb\"},\"inLanguage\":\"es\",\"potentialAction\":[{\"@type\":\"ReadAction\",\"target\":[\"https:\\\/\\\/www.lifenatura.com\\\/es\\\/produto\\\/clorela-comprimidos-70-g-iswari\\\/\"]}]},{\"@type\":\"BreadcrumbList\",\"@id\":\"https:\\\/\\\/www.lifenatura.com\\\/es\\\/produto\\\/clorela-comprimidos-70-g-iswari\\\/#breadcrumb\",\"itemListElement\":[{\"@type\":\"ListItem\",\"position\":1,\"name\":\"In\u00edcio\",\"item\":\"https:\\\/\\\/www.lifenatura.com\\\/es\\\/\"},{\"@type\":\"ListItem\",\"position\":2,\"name\":\"Todos los Productos\",\"item\":\"https:\\\/\\\/www.lifenatura.com\\\/es\\\/tienda\\\/\"},{\"@type\":\"ListItem\",\"position\":3,\"name\":\"Chlorella Comprimidos Bio 70 g &#8211; Iswari\"}]},{\"@type\":\"WebSite\",\"@id\":\"https:\\\/\\\/www.lifenatura.com\\\/es\\\/#website\",\"url\":\"https:\\\/\\\/www.lifenatura.com\\\/es\\\/\",\"name\":\"Lifenatura\",\"description\":\"A Lifenatura \u00e9 uma loja de produtos naturais, cosm\u00e9tica natural e alimenta\u00e7\u00e3o Biol\u00f3gica.\",\"publisher\":{\"@id\":\"https:\\\/\\\/www.lifenatura.com\\\/es\\\/#organization\"},\"potentialAction\":[{\"@type\":\"SearchAction\",\"target\":{\"@type\":\"EntryPoint\",\"urlTemplate\":\"https:\\\/\\\/www.lifenatura.com\\\/es\\\/?s={search_term_string}\"},\"query-input\":{\"@type\":\"PropertyValueSpecification\",\"valueRequired\":true,\"valueName\":\"search_term_string\"}}],\"inLanguage\":\"es\"},{\"@type\":\"Organization\",\"@id\":\"https:\\\/\\\/www.lifenatura.com\\\/es\\\/#organization\",\"name\":\"Lifenatura\",\"url\":\"https:\\\/\\\/www.lifenatura.com\\\/es\\\/\",\"logo\":{\"@type\":\"ImageObject\",\"inLanguage\":\"es\",\"@id\":\"https:\\\/\\\/www.lifenatura.com\\\/es\\\/#\\\/schema\\\/logo\\\/image\\\/\",\"url\":\"https:\\\/\\\/www.lifenatura.com\\\/wp-content\\\/uploads\\\/2021\\\/07\\\/logo.png\",\"contentUrl\":\"https:\\\/\\\/www.lifenatura.com\\\/wp-content\\\/uploads\\\/2021\\\/07\\\/logo.png\",\"width\":175,\"height\":55,\"caption\":\"Lifenatura\"},\"image\":{\"@id\":\"https:\\\/\\\/www.lifenatura.com\\\/es\\\/#\\\/schema\\\/logo\\\/image\\\/\"},\"sameAs\":[\"https:\\\/\\\/www.facebook.com\\\/lifenatura\",\"https:\\\/\\\/www.instagram.com\\\/lifenaturapt\\\/\"],\"hasMerchantReturnPolicy\":{\"@type\":\"MerchantReturnPolicy\",\"merchantReturnLink\":\"https:\\\/\\\/www.lifenatura.com\\\/termos-condicoes-lifenatura\\\/\"}}]}<\/script>\n<meta property=\"product:price:amount\" content=\"12.76\" \/>\n<meta property=\"product:price:currency\" content=\"EUR\" \/>\n<meta property=\"og:availability\" content=\"instock\" \/>\n<meta property=\"product:availability\" content=\"instock\" \/>\n<meta property=\"product:retailer_item_id\" content=\"5600872803287\" \/>\n<meta property=\"product:condition\" content=\"new\" \/>\n<!-- \/ Yoast SEO Premium plugin. -->","yoast_head_json":{"title":"Chlorella Comprimidos 70 g - Iswari","description":"La Chlorella Iswar es la reina de las algas, una microalga unicelular capaz de desintoxicar el organismo de metales pesados. Rico en vitaminas y nutrientes","robots":{"index":"index","follow":"follow","max-snippet":"max-snippet:-1","max-image-preview":"max-image-preview:large","max-video-preview":"max-video-preview:-1"},"canonical":"https:\/\/www.lifenatura.com\/es\/produto\/clorela-comprimidos-70-g-iswari\/","og_locale":"es_ES","og_type":"article","og_title":"Chlorella Comprimidos Bio 70 g - Iswari - Na Lifenatura ao Melhor Pre\u00e7o | Envio 48h","og_description":"Compre Chlorella Comprimidos Bio 70 g - Iswari com envio r\u00e1pido. Entrega em 48h e portes gr\u00e1tis em compras >35\u20ac. Aproveite j\u00e1 na Lifenatura","og_url":"https:\/\/www.lifenatura.com\/es\/produto\/clorela-comprimidos-70-g-iswari\/","og_site_name":"Lifenatura","article_publisher":"https:\/\/www.facebook.com\/lifenatura","article_modified_time":"2024-02-09T18:14:26+00:00","og_image":[{"width":1000,"height":1000,"url":"https:\/\/www.lifenatura.com\/wp-content\/uploads\/2021\/09\/Clorela-Comprimidos-70-g-Iswari.jpg","type":"image\/jpeg"}],"twitter_card":"summary_large_image","twitter_misc":{"Precio":"12,76&nbsp;&euro;","Disponibilidad":"Disponible"},"schema":{"@context":"https:\/\/schema.org","@graph":[{"@type":"WebPage","@id":"https:\/\/www.lifenatura.com\/es\/produto\/clorela-comprimidos-70-g-iswari\/","url":"https:\/\/www.lifenatura.com\/es\/produto\/clorela-comprimidos-70-g-iswari\/","name":"Chlorella Comprimidos 70 g - Iswari","isPartOf":{"@id":"https:\/\/www.lifenatura.com\/es\/#website"},"datePublished":"2021-09-30T10:14:14+00:00","dateModified":"2024-02-09T18:14:26+00:00","description":"La Chlorella Iswar es la reina de las algas, una microalga unicelular capaz de desintoxicar el organismo de metales pesados. Rico en vitaminas y nutrientes","breadcrumb":{"@id":"https:\/\/www.lifenatura.com\/es\/produto\/clorela-comprimidos-70-g-iswari\/#breadcrumb"},"inLanguage":"es","potentialAction":[{"@type":"ReadAction","target":["https:\/\/www.lifenatura.com\/es\/produto\/clorela-comprimidos-70-g-iswari\/"]}]},{"@type":"BreadcrumbList","@id":"https:\/\/www.lifenatura.com\/es\/produto\/clorela-comprimidos-70-g-iswari\/#breadcrumb","itemListElement":[{"@type":"ListItem","position":1,"name":"In\u00edcio","item":"https:\/\/www.lifenatura.com\/es\/"},{"@type":"ListItem","position":2,"name":"Todos los Productos","item":"https:\/\/www.lifenatura.com\/es\/tienda\/"},{"@type":"ListItem","position":3,"name":"Chlorella Comprimidos Bio 70 g &#8211; Iswari"}]},{"@type":"WebSite","@id":"https:\/\/www.lifenatura.com\/es\/#website","url":"https:\/\/www.lifenatura.com\/es\/","name":"Lifenatura","description":"A Lifenatura \u00e9 uma loja de produtos naturais, cosm\u00e9tica natural e alimenta\u00e7\u00e3o Biol\u00f3gica.","publisher":{"@id":"https:\/\/www.lifenatura.com\/es\/#organization"},"potentialAction":[{"@type":"SearchAction","target":{"@type":"EntryPoint","urlTemplate":"https:\/\/www.lifenatura.com\/es\/?s={search_term_string}"},"query-input":{"@type":"PropertyValueSpecification","valueRequired":true,"valueName":"search_term_string"}}],"inLanguage":"es"},{"@type":"Organization","@id":"https:\/\/www.lifenatura.com\/es\/#organization","name":"Lifenatura","url":"https:\/\/www.lifenatura.com\/es\/","logo":{"@type":"ImageObject","inLanguage":"es","@id":"https:\/\/www.lifenatura.com\/es\/#\/schema\/logo\/image\/","url":"https:\/\/www.lifenatura.com\/wp-content\/uploads\/2021\/07\/logo.png","contentUrl":"https:\/\/www.lifenatura.com\/wp-content\/uploads\/2021\/07\/logo.png","width":175,"height":55,"caption":"Lifenatura"},"image":{"@id":"https:\/\/www.lifenatura.com\/es\/#\/schema\/logo\/image\/"},"sameAs":["https:\/\/www.facebook.com\/lifenatura","https:\/\/www.instagram.com\/lifenaturapt\/"],"hasMerchantReturnPolicy":{"@type":"MerchantReturnPolicy","merchantReturnLink":"https:\/\/www.lifenatura.com\/termos-condicoes-lifenatura\/"}}]},"product_price_amount":"12.76","product_price_currency":"EUR","og_availability":"instock","product_availability":"instock","product_retailer_item_id":"5600872803287","product_condition":"new"},"df_price":12.76,"df_sale_price":"","df_regular_price":12.76,"df_image_link":"https:\/\/www.lifenatura.com\/wp-content\/uploads\/woocommerce-placeholder-300x300.png","_links":{"self":[{"href":"https:\/\/www.lifenatura.com\/es\/wp-json\/wp\/v2\/product\/38884","targetHints":{"allow":["GET"]}}],"collection":[{"href":"https:\/\/www.lifenatura.com\/es\/wp-json\/wp\/v2\/product"}],"about":[{"href":"https:\/\/www.lifenatura.com\/es\/wp-json\/wp\/v2\/types\/product"}],"wp:attachment":[{"href":"https:\/\/www.lifenatura.com\/es\/wp-json\/wp\/v2\/media?parent=38884"}],"wp:term":[{"taxonomy":"product_brand","embeddable":true,"href":"https:\/\/www.lifenatura.com\/es\/wp-json\/wp\/v2\/product_brand?post=38884"},{"taxonomy":"product_cat","embeddable":true,"href":"https:\/\/www.lifenatura.com\/es\/wp-json\/wp\/v2\/product_cat?post=38884"},{"taxonomy":"product_tag","embeddable":true,"href":"https:\/\/www.lifenatura.com\/es\/wp-json\/wp\/v2\/product_tag?post=38884"}],"curies":[{"name":"wp","href":"https:\/\/api.w.org\/{rel}","templated":true}]}}