{"id":38816,"date":"2021-09-30T10:12:49","date_gmt":"2021-09-30T10:12:49","guid":{"rendered":"https:\/\/lifenatura.dev.agenciagetdigital.com\/produto\/pasta-de-dientes-complete-care-75-ml-himalaya\/"},"modified":"2026-02-17T07:57:50","modified_gmt":"2026-02-17T07:57:50","slug":"pasta-de-dientes-complete-care-75-ml-himalaya","status":"publish","type":"product","link":"https:\/\/www.lifenatura.com\/es\/produto\/pasta-de-dientes-complete-care-75-ml-himalaya\/","title":{"rendered":"Pasta de Dientes Complete Care 75 ml &#8211; Himalaya"},"content":{"rendered":"<h2 style=\"text-align: left;\"><strong>Pasta dent\u00edfrica Herbal Complete Care de Himalaya &#8211; 100% Vegetariana<\/strong><\/h2>\n<p>&nbsp;<\/p>\n<p>El dent\u00edfrico Herbal Complete Care de Himalaya es una soluci\u00f3n natural y eficaz para garantizar una higiene bucal completa y saludable. Enriquecido con extractos de plantas reconocidas por sus propiedades terap\u00e9uticas, este dent\u00edfrico ofrece una protecci\u00f3n total contra las caries, la placa y los problemas de enc\u00edas.<\/p>\n<p>Su f\u00f3rmula \u00fanica combina ingredientes vegetales como el Neem, la Granada y el Triphala, utilizados tradicionalmente en Ayurveda, para proporcionar un frescor duradero y un cuidado profundo de dientes y enc\u00edas. Adem\u00e1s, no contiene fl\u00faor ni otros productos qu\u00edmicos agresivos, lo que lo convierte en una opci\u00f3n segura e ideal para el uso diario.<\/p>\n<p><strong>Beneficios principales:<\/strong><\/p>\n<ul>\n<li><strong>Protecci\u00f3n anticaries:<\/strong> Combate las bacterias y ayuda a prevenir la aparici\u00f3n de caries.<\/li>\n<li><strong>Salud de las enc\u00edas<\/strong>: Fortalece y protege las enc\u00edas, reduciendo el riesgo de inflamaci\u00f3n.<\/li>\n<li><strong>Frescor duradero<\/strong>: Proporciona un aliento fresco durante todo el d\u00eda.<\/li>\n<li><strong>Natural y seguro:<\/strong> Formulado con ingredientes vegetales, sin fl\u00faor ni productos qu\u00edmicos agresivos.<\/li>\n<\/ul>\n<p><strong>Adecuado para:<\/strong><\/p>\n<p>La pasta dent\u00edfrica Complete Care Herbal es adecuada para personas de todas las edades que buscan una soluci\u00f3n natural y completa para la higiene bucal. Ideal para quienes prefieren productos sin sustancias qu\u00edmicas agresivas y valoran el uso de ingredientes naturales.<\/p>\n<p>El Dent\u00edfrico 100% Vegetariano ofrece un cuidado bucal completo con acci\u00f3n antioxidante durante todo el d\u00eda. Gracias a su f\u00f3rmula que contiene una rara selecci\u00f3n de plantas ayurv\u00e9dicas, ha sido especialmente desarrollada para que dientes y enc\u00edas est\u00e9n fuertes y sanos.<\/p>\n<p>Protege los dientes de los g\u00e9rmenes, pero tambi\u00e9n tiene antioxidantes que ayudan a eliminar las toxinas de la cavidad bucal, ayudando a mantener las enc\u00edas naturalmente sanas.<\/p>\n<p><strong>PRESENTACI\u00d3N<\/strong><\/p>\n<p>75 ml.<\/p>\n<p>&nbsp;<\/p>\n","protected":false},"excerpt":{"rendered":"<p>Pasta dent\u00edfrica Himalaya Complete Care Herbal, protecci\u00f3n natural contra la caries y la gingivitis. Ingredientes como el Neem y el Triphala para el frescor y la salud bucal. [&#8230;]<\/p>\n<p><a class=\"btn btn-secondary understrap-read-more-link\" href=\"https:\/\/www.lifenatura.com\/es\/produto\/pasta-de-dientes-complete-care-75-ml-himalaya\/\">Leer m\u00e1s&#8230;<span class=\"screen-reader-text\"> from Pasta de Dientes Complete Care 75 ml &#8211; Himalaya<\/span><\/a><\/p>\n","protected":false},"featured_media":104276,"template":"","meta":{"_acf_changed":false},"product_brand":[8281],"product_cat":[7653,7136,7138],"product_tag":[],"class_list":{"0":"post-38816","1":"product","2":"type-product","3":"status-publish","4":"has-post-thumbnail","6":"product_brand-himalaya","7":"product_cat-cosmetica-natural-lifenatura","8":"product_cat-higiene-bucodental","9":"product_cat-pasta-de-dientes","11":"first","12":"instock","13":"shipping-taxable","14":"purchasable","15":"product-type-simple","16":"add-to-wishlist-before_image"},"acf":[],"yoast_head":"<!-- This site is optimized with the Yoast SEO Premium plugin v27.1 (Yoast SEO v27.3) - https:\/\/yoast.com\/product\/yoast-seo-premium-wordpress\/ -->\n<title>Pasta de Dientes Complete Care Himalaya - Lifenatura<\/title>\n<meta name=\"description\" content=\"Pasta dent\u00edfrica Himalaya Herbal, protecci\u00f3n natural contra la caries y gingivitis. Ingredientes como el Neem y el Triphala para el frescor.\" \/>\n<meta name=\"robots\" content=\"index, follow, max-snippet:-1, max-image-preview:large, max-video-preview:-1\" \/>\n<link rel=\"canonical\" href=\"https:\/\/www.lifenatura.com\/es\/produto\/pasta-de-dientes-complete-care-75-ml-himalaya\/\" \/>\n<meta property=\"og:locale\" content=\"es_ES\" \/>\n<meta property=\"og:type\" content=\"article\" \/>\n<meta property=\"og:title\" content=\"Pasta de Dientes Complete Care 75 ml - Himalaya - Lifenatura\" \/>\n<meta property=\"og:description\" content=\"Compre aqui o seu Pasta de Dientes Complete Care 75 ml - Himalaya e a Lifenatura Online envia em 48 H com Portes Gratis &gt;35\u20ac de Pedido.\" \/>\n<meta property=\"og:url\" content=\"https:\/\/www.lifenatura.com\/es\/produto\/pasta-de-dientes-complete-care-75-ml-himalaya\/\" \/>\n<meta property=\"og:site_name\" content=\"Lifenatura\" \/>\n<meta property=\"article:publisher\" content=\"https:\/\/www.facebook.com\/lifenatura\" \/>\n<meta property=\"article:modified_time\" content=\"2026-02-17T07:57:50+00:00\" \/>\n<meta property=\"og:image\" content=\"https:\/\/www.lifenatura.com\/wp-content\/uploads\/2021\/09\/pasta-dentes-complete-care-himalaya.jpg\" \/>\n\t<meta property=\"og:image:width\" content=\"1000\" \/>\n\t<meta property=\"og:image:height\" content=\"1000\" \/>\n\t<meta property=\"og:image:type\" content=\"image\/jpeg\" \/>\n<meta name=\"twitter:card\" content=\"summary_large_image\" \/>\n<meta name=\"twitter:label1\" content=\"Precio\" \/>\n\t<meta name=\"twitter:data1\" content=\"3,90&nbsp;&euro;\" \/>\n\t<meta name=\"twitter:label2\" content=\"Disponibilidad\" \/>\n\t<meta name=\"twitter:data2\" content=\"Disponible\" \/>\n<meta property=\"product:price:amount\" content=\"3.90\" \/>\n<meta property=\"product:price:currency\" content=\"EUR\" \/>\n<meta property=\"og:availability\" content=\"instock\" \/>\n<meta property=\"product:availability\" content=\"instock\" \/>\n<meta property=\"product:retailer_item_id\" content=\"8901138825577\" \/>\n<meta property=\"product:condition\" content=\"new\" \/>\n<!-- \/ Yoast SEO Premium plugin. -->","yoast_head_json":{"title":"Pasta de Dientes Complete Care Himalaya - Lifenatura","description":"Pasta dent\u00edfrica Himalaya Herbal, protecci\u00f3n natural contra la caries y gingivitis. Ingredientes como el Neem y el Triphala para el frescor.","robots":{"index":"index","follow":"follow","max-snippet":"max-snippet:-1","max-image-preview":"max-image-preview:large","max-video-preview":"max-video-preview:-1"},"canonical":"https:\/\/www.lifenatura.com\/es\/produto\/pasta-de-dientes-complete-care-75-ml-himalaya\/","og_locale":"es_ES","og_type":"article","og_title":"Pasta de Dientes Complete Care 75 ml - Himalaya - Lifenatura","og_description":"Compre aqui o seu Pasta de Dientes Complete Care 75 ml - Himalaya e a Lifenatura Online envia em 48 H com Portes Gratis >35\u20ac de Pedido.","og_url":"https:\/\/www.lifenatura.com\/es\/produto\/pasta-de-dientes-complete-care-75-ml-himalaya\/","og_site_name":"Lifenatura","article_publisher":"https:\/\/www.facebook.com\/lifenatura","article_modified_time":"2026-02-17T07:57:50+00:00","og_image":[{"width":1000,"height":1000,"url":"https:\/\/www.lifenatura.com\/wp-content\/uploads\/2021\/09\/pasta-dentes-complete-care-himalaya.jpg","type":"image\/jpeg"}],"twitter_card":"summary_large_image","twitter_misc":{"Precio":"3,90&nbsp;&euro;","Disponibilidad":"Disponible"},"schema":{"@context":"https:\/\/schema.org","@graph":[{"@type":"WebPage","@id":"https:\/\/www.lifenatura.com\/es\/produto\/pasta-de-dientes-complete-care-75-ml-himalaya\/","url":"https:\/\/www.lifenatura.com\/es\/produto\/pasta-de-dientes-complete-care-75-ml-himalaya\/","name":"Pasta de Dientes Complete Care Himalaya - Lifenatura","isPartOf":{"@id":"https:\/\/www.lifenatura.com\/es\/#website"},"primaryImageOfPage":{"@id":"https:\/\/www.lifenatura.com\/es\/produto\/pasta-de-dientes-complete-care-75-ml-himalaya\/#primaryimage"},"image":{"@id":"https:\/\/www.lifenatura.com\/es\/produto\/pasta-de-dientes-complete-care-75-ml-himalaya\/#primaryimage"},"thumbnailUrl":"https:\/\/www.lifenatura.com\/wp-content\/uploads\/2021\/09\/pasta-dentes-complete-care-himalaya.jpg","datePublished":"2021-09-30T10:12:49+00:00","dateModified":"2026-02-17T07:57:50+00:00","description":"Pasta dent\u00edfrica Himalaya Herbal, protecci\u00f3n natural contra la caries y gingivitis. Ingredientes como el Neem y el Triphala para el frescor.","breadcrumb":{"@id":"https:\/\/www.lifenatura.com\/es\/produto\/pasta-de-dientes-complete-care-75-ml-himalaya\/#breadcrumb"},"inLanguage":"es","potentialAction":[{"@type":"ReadAction","target":["https:\/\/www.lifenatura.com\/es\/produto\/pasta-de-dientes-complete-care-75-ml-himalaya\/"]}]},{"@type":"ImageObject","inLanguage":"es","@id":"https:\/\/www.lifenatura.com\/es\/produto\/pasta-de-dientes-complete-care-75-ml-himalaya\/#primaryimage","url":"https:\/\/www.lifenatura.com\/wp-content\/uploads\/2021\/09\/pasta-dentes-complete-care-himalaya.jpg","contentUrl":"https:\/\/www.lifenatura.com\/wp-content\/uploads\/2021\/09\/pasta-dentes-complete-care-himalaya.jpg","width":1000,"height":1000,"caption":"Pasta de dentes complete care da marca himalaya"},{"@type":"BreadcrumbList","@id":"https:\/\/www.lifenatura.com\/es\/produto\/pasta-de-dientes-complete-care-75-ml-himalaya\/#breadcrumb","itemListElement":[{"@type":"ListItem","position":1,"name":"In\u00edcio","item":"https:\/\/www.lifenatura.com\/es\/"},{"@type":"ListItem","position":2,"name":"Todos los Productos","item":"https:\/\/www.lifenatura.com\/es\/tienda\/"},{"@type":"ListItem","position":3,"name":"Pasta de Dientes Complete Care 75 ml &#8211; Himalaya"}]},{"@type":"WebSite","@id":"https:\/\/www.lifenatura.com\/es\/#website","url":"https:\/\/www.lifenatura.com\/es\/","name":"Lifenatura","description":"A Lifenatura \u00e9 uma loja de produtos naturais, cosm\u00e9tica natural e alimenta\u00e7\u00e3o Biol\u00f3gica.","publisher":{"@id":"https:\/\/www.lifenatura.com\/es\/#organization"},"potentialAction":[{"@type":"SearchAction","target":{"@type":"EntryPoint","urlTemplate":"https:\/\/www.lifenatura.com\/es\/?s={search_term_string}"},"query-input":{"@type":"PropertyValueSpecification","valueRequired":true,"valueName":"search_term_string"}}],"inLanguage":"es"},{"@type":"Organization","@id":"https:\/\/www.lifenatura.com\/es\/#organization","name":"Lifenatura","url":"https:\/\/www.lifenatura.com\/es\/","logo":{"@type":"ImageObject","inLanguage":"es","@id":"https:\/\/www.lifenatura.com\/es\/#\/schema\/logo\/image\/","url":"https:\/\/www.lifenatura.com\/wp-content\/uploads\/2021\/11\/logo.png","contentUrl":"https:\/\/www.lifenatura.com\/wp-content\/uploads\/2021\/11\/logo.png","width":175,"height":55,"caption":"Lifenatura"},"image":{"@id":"https:\/\/www.lifenatura.com\/es\/#\/schema\/logo\/image\/"},"sameAs":["https:\/\/www.facebook.com\/lifenatura","https:\/\/www.instagram.com\/lifenaturapt\/"]}]},"product_price_amount":"3.90","product_price_currency":"EUR","og_availability":"instock","product_availability":"instock","product_retailer_item_id":"8901138825577","product_condition":"new"},"df_price":3.9,"df_sale_price":"","df_regular_price":3.9,"df_image_link":"https:\/\/www.lifenatura.com\/wp-content\/uploads\/2021\/09\/pasta-dentes-complete-care-himalaya-300x300.jpg","_links":{"self":[{"href":"https:\/\/www.lifenatura.com\/es\/wp-json\/wp\/v2\/product\/38816","targetHints":{"allow":["GET"]}}],"collection":[{"href":"https:\/\/www.lifenatura.com\/es\/wp-json\/wp\/v2\/product"}],"about":[{"href":"https:\/\/www.lifenatura.com\/es\/wp-json\/wp\/v2\/types\/product"}],"wp:featuredmedia":[{"embeddable":true,"href":"https:\/\/www.lifenatura.com\/es\/wp-json\/wp\/v2\/media\/104276"}],"wp:attachment":[{"href":"https:\/\/www.lifenatura.com\/es\/wp-json\/wp\/v2\/media?parent=38816"}],"wp:term":[{"taxonomy":"product_brand","embeddable":true,"href":"https:\/\/www.lifenatura.com\/es\/wp-json\/wp\/v2\/product_brand?post=38816"},{"taxonomy":"product_cat","embeddable":true,"href":"https:\/\/www.lifenatura.com\/es\/wp-json\/wp\/v2\/product_cat?post=38816"},{"taxonomy":"product_tag","embeddable":true,"href":"https:\/\/www.lifenatura.com\/es\/wp-json\/wp\/v2\/product_tag?post=38816"}],"curies":[{"name":"wp","href":"https:\/\/api.w.org\/{rel}","templated":true}]}}