{"id":38814,"date":"2021-09-30T10:12:49","date_gmt":"2021-09-30T10:12:49","guid":{"rendered":"https:\/\/lifenatura.dev.agenciagetdigital.com\/produto\/chyavanaprasha-500-g-himalaya\/"},"modified":"2026-02-17T07:57:50","modified_gmt":"2026-02-17T07:57:50","slug":"chyavanaprasha-500-g-himalaya","status":"publish","type":"product","link":"https:\/\/www.lifenatura.com\/es\/produto\/chyavanaprasha-500-g-himalaya\/","title":{"rendered":"Chyavanaprasha 500 g &#8211; Himalaya"},"content":{"rendered":"<h2 style=\"text-align: left;\"><strong>Chyavanaprasha Himalaya Inmunidad Natural y Vitalidad Booster<\/strong><\/h2>\n<p>&nbsp;<\/p>\n<p>Chyavanaprasha de Himalaya es un suplemento ayurv\u00e9dico utilizado tradicionalmente para reforzar el sistema inmunitario y mejorar la vitalidad del organismo. Elaborado con una combinaci\u00f3n de m\u00e1s de 40 ingredientes naturales, entre ellos el amalaki (grosella espinosa de la India), rico en vitamina C, este producto es ideal para cualquiera que desee aumentar la energ\u00eda y la resistencia f\u00edsica de forma sana y natural.<\/p>\n<p>La Chyavanaprasha es ampliamente conocida por actuar como un t\u00f3nico vigorizante que contribuye a la salud general, ayudando al organismo a defenderse contra las infecciones y reduciendo la fatiga. Tambi\u00e9n tiene propiedades antioxidantes, esenciales para combatir los radicales libres y ralentizar el envejecimiento celular. Este producto es excelente para reforzar la inmunidad, mejorar la digesti\u00f3n y promover la salud respiratoria, por lo que es una opci\u00f3n popular para las personas que desean mantener una vida activa y equilibrada.<\/p>\n<p><strong>Principales beneficios:<\/strong><br \/>\n<strong>Refuerza el sistema inmunitario:<\/strong> Ayuda al organismo a combatir las infecciones y favorece la salud en general.<br \/>\n<strong>Revitalizante y energizante:<\/strong> Reduce la fatiga y mejora la resistencia f\u00edsica.<br \/>\n<strong>Rico en antioxidantes naturales:<\/strong> Protege las c\u00e9lulas de los radicales libres, retrasando el envejecimiento.<\/p>\n<p><strong>Adecuado para:<\/strong><\/p>\n<p>Adecuado para adultos que desean mejorar la inmunidad, aumentar la vitalidad y fortalecer la salud general, especialmente durante per\u00edodos de mayor exigencia f\u00edsica o mental.<\/p>\n<p>Chyavanaprasha ayuda a proteger contra enfermedades debilitantes como la tos, los resfriados y otras infecciones, reforzando la inmunidad natural del organismo.<\/p>\n<p>Est\u00e1 indicada para favorecer el buen funcionamiento de los sistemas circulatorio, nervioso, digestivo y respiratorio, con el fin de proporcionar una sensaci\u00f3n de bienestar general. Es particularmente \u00fatil en las estaciones m\u00e1s fr\u00edas.<\/p>\n<p><strong>PRESENTACI\u00d3N<\/strong><\/p>\n<p>500g<\/p>\n<p>&nbsp;<\/p>\n","protected":false},"excerpt":{"rendered":"<p>Chyavanaprasha Himalaya refuerzo ayurv\u00e9dico para la inmunidad y la energ\u00eda. Con ingredientes naturales, favorece la vitalidad y la salud respiratoria. [&#8230;]<\/p>\n<p><a class=\"btn btn-secondary understrap-read-more-link\" href=\"https:\/\/www.lifenatura.com\/es\/produto\/chyavanaprasha-500-g-himalaya\/\">Leer m\u00e1s&#8230;<span class=\"screen-reader-text\"> from Chyavanaprasha 500 g &#8211; Himalaya<\/span><\/a><\/p>\n","protected":false},"featured_media":101598,"template":"","meta":{"_acf_changed":false},"product_brand":[8281],"product_cat":[7211,7179],"product_tag":[],"class_list":{"0":"post-38814","1":"product","2":"type-product","3":"status-publish","4":"has-post-thumbnail","6":"product_brand-himalaya","7":"product_cat-reforza-la-inmunidad-salud","8":"product_cat-salud","10":"first","11":"outofstock","12":"shipping-taxable","13":"purchasable","14":"product-type-simple","15":"add-to-wishlist-before_image"},"acf":[],"yoast_head":"<!-- This site is optimized with the Yoast SEO Premium plugin v27.1 (Yoast SEO v27.5) - https:\/\/yoast.com\/product\/yoast-seo-premium-wordpress\/ -->\n<title>Chyavanaprasha 500 g Himalaya - Lifenatura<\/title>\n<meta name=\"description\" content=\"Chyavanaprasha Himalaya refuerzo ayurv\u00e9dico para la inmunidad y la energ\u00eda. Con ingredientes naturales, favorece la vitalidad y la salud respiratoria.\" \/>\n<meta name=\"robots\" content=\"index, follow, max-snippet:-1, max-image-preview:large, max-video-preview:-1\" \/>\n<link rel=\"canonical\" href=\"https:\/\/www.lifenatura.com\/es\/produto\/chyavanaprasha-500-g-himalaya\/\" \/>\n<meta property=\"og:locale\" content=\"es_ES\" \/>\n<meta property=\"og:type\" content=\"article\" \/>\n<meta property=\"og:title\" content=\"Chyavanaprasha 500 g - Himalaya - Na Lifenatura ao Melhor Pre\u00e7o | Envio 48h\" \/>\n<meta property=\"og:description\" content=\"Compre Chyavanaprasha 500 g - Himalaya com envio r\u00e1pido. Entrega em 48h e portes gr\u00e1tis em compras &gt;35\u20ac. Aproveite j\u00e1 na Lifenatura\" \/>\n<meta property=\"og:url\" content=\"https:\/\/www.lifenatura.com\/es\/produto\/chyavanaprasha-500-g-himalaya\/\" \/>\n<meta property=\"og:site_name\" content=\"Lifenatura\" \/>\n<meta property=\"article:publisher\" content=\"https:\/\/www.facebook.com\/lifenatura\" \/>\n<meta property=\"article:modified_time\" content=\"2026-02-17T07:57:50+00:00\" \/>\n<meta property=\"og:image\" content=\"https:\/\/www.lifenatura.com\/wp-content\/uploads\/2021\/09\/chyawanprash-himalaya.jpg\" \/>\n\t<meta property=\"og:image:width\" content=\"1000\" \/>\n\t<meta property=\"og:image:height\" content=\"1000\" \/>\n\t<meta property=\"og:image:type\" content=\"image\/jpeg\" \/>\n<meta name=\"twitter:card\" content=\"summary_large_image\" \/>\n<meta name=\"twitter:label1\" content=\"Precio\" \/>\n\t<meta name=\"twitter:data1\" content=\"12,49&nbsp;&euro;\" \/>\n\t<meta name=\"twitter:label2\" content=\"Disponibilidad\" \/>\n\t<meta name=\"twitter:data2\" content=\"Sin existencias\" \/>\n<script type=\"application\/ld+json\" class=\"yoast-schema-graph\">{\"@context\":\"https:\\\/\\\/schema.org\",\"@graph\":[{\"@type\":\"WebPage\",\"@id\":\"https:\\\/\\\/www.lifenatura.com\\\/es\\\/produto\\\/chyavanaprasha-500-g-himalaya\\\/\",\"url\":\"https:\\\/\\\/www.lifenatura.com\\\/es\\\/produto\\\/chyavanaprasha-500-g-himalaya\\\/\",\"name\":\"Chyavanaprasha 500 g Himalaya - Lifenatura\",\"isPartOf\":{\"@id\":\"https:\\\/\\\/www.lifenatura.com\\\/es\\\/#website\"},\"primaryImageOfPage\":{\"@id\":\"https:\\\/\\\/www.lifenatura.com\\\/es\\\/produto\\\/chyavanaprasha-500-g-himalaya\\\/#primaryimage\"},\"image\":{\"@id\":\"https:\\\/\\\/www.lifenatura.com\\\/es\\\/produto\\\/chyavanaprasha-500-g-himalaya\\\/#primaryimage\"},\"thumbnailUrl\":\"https:\\\/\\\/www.lifenatura.com\\\/wp-content\\\/uploads\\\/2021\\\/09\\\/chyawanprash-himalaya.jpg\",\"datePublished\":\"2021-09-30T10:12:49+00:00\",\"dateModified\":\"2026-02-17T07:57:50+00:00\",\"description\":\"Chyavanaprasha Himalaya refuerzo ayurv\u00e9dico para la inmunidad y la energ\u00eda. Con ingredientes naturales, favorece la vitalidad y la salud respiratoria.\",\"breadcrumb\":{\"@id\":\"https:\\\/\\\/www.lifenatura.com\\\/es\\\/produto\\\/chyavanaprasha-500-g-himalaya\\\/#breadcrumb\"},\"inLanguage\":\"es\",\"potentialAction\":[{\"@type\":\"ReadAction\",\"target\":[\"https:\\\/\\\/www.lifenatura.com\\\/es\\\/produto\\\/chyavanaprasha-500-g-himalaya\\\/\"]}]},{\"@type\":\"ImageObject\",\"inLanguage\":\"es\",\"@id\":\"https:\\\/\\\/www.lifenatura.com\\\/es\\\/produto\\\/chyavanaprasha-500-g-himalaya\\\/#primaryimage\",\"url\":\"https:\\\/\\\/www.lifenatura.com\\\/wp-content\\\/uploads\\\/2021\\\/09\\\/chyawanprash-himalaya.jpg\",\"contentUrl\":\"https:\\\/\\\/www.lifenatura.com\\\/wp-content\\\/uploads\\\/2021\\\/09\\\/chyawanprash-himalaya.jpg\",\"width\":1000,\"height\":1000,\"caption\":\"chyawanprash da marca Himalaya\"},{\"@type\":\"BreadcrumbList\",\"@id\":\"https:\\\/\\\/www.lifenatura.com\\\/es\\\/produto\\\/chyavanaprasha-500-g-himalaya\\\/#breadcrumb\",\"itemListElement\":[{\"@type\":\"ListItem\",\"position\":1,\"name\":\"In\u00edcio\",\"item\":\"https:\\\/\\\/www.lifenatura.com\\\/es\\\/\"},{\"@type\":\"ListItem\",\"position\":2,\"name\":\"Todos los Productos\",\"item\":\"https:\\\/\\\/www.lifenatura.com\\\/es\\\/tienda\\\/\"},{\"@type\":\"ListItem\",\"position\":3,\"name\":\"Chyavanaprasha 500 g &#8211; Himalaya\"}]},{\"@type\":\"WebSite\",\"@id\":\"https:\\\/\\\/www.lifenatura.com\\\/es\\\/#website\",\"url\":\"https:\\\/\\\/www.lifenatura.com\\\/es\\\/\",\"name\":\"Lifenatura\",\"description\":\"A Lifenatura \u00e9 uma loja de produtos naturais, cosm\u00e9tica natural e alimenta\u00e7\u00e3o Biol\u00f3gica.\",\"publisher\":{\"@id\":\"https:\\\/\\\/www.lifenatura.com\\\/es\\\/#organization\"},\"potentialAction\":[{\"@type\":\"SearchAction\",\"target\":{\"@type\":\"EntryPoint\",\"urlTemplate\":\"https:\\\/\\\/www.lifenatura.com\\\/es\\\/?s={search_term_string}\"},\"query-input\":{\"@type\":\"PropertyValueSpecification\",\"valueRequired\":true,\"valueName\":\"search_term_string\"}}],\"inLanguage\":\"es\"},{\"@type\":\"Organization\",\"@id\":\"https:\\\/\\\/www.lifenatura.com\\\/es\\\/#organization\",\"name\":\"Lifenatura\",\"url\":\"https:\\\/\\\/www.lifenatura.com\\\/es\\\/\",\"logo\":{\"@type\":\"ImageObject\",\"inLanguage\":\"es\",\"@id\":\"https:\\\/\\\/www.lifenatura.com\\\/es\\\/#\\\/schema\\\/logo\\\/image\\\/\",\"url\":\"https:\\\/\\\/www.lifenatura.com\\\/wp-content\\\/uploads\\\/2021\\\/07\\\/logo.png\",\"contentUrl\":\"https:\\\/\\\/www.lifenatura.com\\\/wp-content\\\/uploads\\\/2021\\\/07\\\/logo.png\",\"width\":175,\"height\":55,\"caption\":\"Lifenatura\"},\"image\":{\"@id\":\"https:\\\/\\\/www.lifenatura.com\\\/es\\\/#\\\/schema\\\/logo\\\/image\\\/\"},\"sameAs\":[\"https:\\\/\\\/www.facebook.com\\\/lifenatura\",\"https:\\\/\\\/www.instagram.com\\\/lifenaturapt\\\/\"],\"hasMerchantReturnPolicy\":{\"@type\":\"MerchantReturnPolicy\",\"merchantReturnLink\":\"https:\\\/\\\/www.lifenatura.com\\\/termos-condicoes-lifenatura\\\/\"}}]}<\/script>\n<meta property=\"product:price:amount\" content=\"12.49\" \/>\n<meta property=\"product:price:currency\" content=\"EUR\" \/>\n<meta property=\"og:availability\" content=\"out of stock\" \/>\n<meta property=\"product:availability\" content=\"out of stock\" \/>\n<meta property=\"product:retailer_item_id\" content=\"8901138507091\" \/>\n<meta property=\"product:condition\" content=\"new\" \/>\n<!-- \/ Yoast SEO Premium plugin. -->","yoast_head_json":{"title":"Chyavanaprasha 500 g Himalaya - Lifenatura","description":"Chyavanaprasha Himalaya refuerzo ayurv\u00e9dico para la inmunidad y la energ\u00eda. Con ingredientes naturales, favorece la vitalidad y la salud respiratoria.","robots":{"index":"index","follow":"follow","max-snippet":"max-snippet:-1","max-image-preview":"max-image-preview:large","max-video-preview":"max-video-preview:-1"},"canonical":"https:\/\/www.lifenatura.com\/es\/produto\/chyavanaprasha-500-g-himalaya\/","og_locale":"es_ES","og_type":"article","og_title":"Chyavanaprasha 500 g - Himalaya - Na Lifenatura ao Melhor Pre\u00e7o | Envio 48h","og_description":"Compre Chyavanaprasha 500 g - Himalaya com envio r\u00e1pido. Entrega em 48h e portes gr\u00e1tis em compras >35\u20ac. Aproveite j\u00e1 na Lifenatura","og_url":"https:\/\/www.lifenatura.com\/es\/produto\/chyavanaprasha-500-g-himalaya\/","og_site_name":"Lifenatura","article_publisher":"https:\/\/www.facebook.com\/lifenatura","article_modified_time":"2026-02-17T07:57:50+00:00","og_image":[{"width":1000,"height":1000,"url":"https:\/\/www.lifenatura.com\/wp-content\/uploads\/2021\/09\/chyawanprash-himalaya.jpg","type":"image\/jpeg"}],"twitter_card":"summary_large_image","twitter_misc":{"Precio":"12,49&nbsp;&euro;","Disponibilidad":"Sin existencias"},"schema":{"@context":"https:\/\/schema.org","@graph":[{"@type":"WebPage","@id":"https:\/\/www.lifenatura.com\/es\/produto\/chyavanaprasha-500-g-himalaya\/","url":"https:\/\/www.lifenatura.com\/es\/produto\/chyavanaprasha-500-g-himalaya\/","name":"Chyavanaprasha 500 g Himalaya - Lifenatura","isPartOf":{"@id":"https:\/\/www.lifenatura.com\/es\/#website"},"primaryImageOfPage":{"@id":"https:\/\/www.lifenatura.com\/es\/produto\/chyavanaprasha-500-g-himalaya\/#primaryimage"},"image":{"@id":"https:\/\/www.lifenatura.com\/es\/produto\/chyavanaprasha-500-g-himalaya\/#primaryimage"},"thumbnailUrl":"https:\/\/www.lifenatura.com\/wp-content\/uploads\/2021\/09\/chyawanprash-himalaya.jpg","datePublished":"2021-09-30T10:12:49+00:00","dateModified":"2026-02-17T07:57:50+00:00","description":"Chyavanaprasha Himalaya refuerzo ayurv\u00e9dico para la inmunidad y la energ\u00eda. Con ingredientes naturales, favorece la vitalidad y la salud respiratoria.","breadcrumb":{"@id":"https:\/\/www.lifenatura.com\/es\/produto\/chyavanaprasha-500-g-himalaya\/#breadcrumb"},"inLanguage":"es","potentialAction":[{"@type":"ReadAction","target":["https:\/\/www.lifenatura.com\/es\/produto\/chyavanaprasha-500-g-himalaya\/"]}]},{"@type":"ImageObject","inLanguage":"es","@id":"https:\/\/www.lifenatura.com\/es\/produto\/chyavanaprasha-500-g-himalaya\/#primaryimage","url":"https:\/\/www.lifenatura.com\/wp-content\/uploads\/2021\/09\/chyawanprash-himalaya.jpg","contentUrl":"https:\/\/www.lifenatura.com\/wp-content\/uploads\/2021\/09\/chyawanprash-himalaya.jpg","width":1000,"height":1000,"caption":"chyawanprash da marca Himalaya"},{"@type":"BreadcrumbList","@id":"https:\/\/www.lifenatura.com\/es\/produto\/chyavanaprasha-500-g-himalaya\/#breadcrumb","itemListElement":[{"@type":"ListItem","position":1,"name":"In\u00edcio","item":"https:\/\/www.lifenatura.com\/es\/"},{"@type":"ListItem","position":2,"name":"Todos los Productos","item":"https:\/\/www.lifenatura.com\/es\/tienda\/"},{"@type":"ListItem","position":3,"name":"Chyavanaprasha 500 g &#8211; Himalaya"}]},{"@type":"WebSite","@id":"https:\/\/www.lifenatura.com\/es\/#website","url":"https:\/\/www.lifenatura.com\/es\/","name":"Lifenatura","description":"A Lifenatura \u00e9 uma loja de produtos naturais, cosm\u00e9tica natural e alimenta\u00e7\u00e3o Biol\u00f3gica.","publisher":{"@id":"https:\/\/www.lifenatura.com\/es\/#organization"},"potentialAction":[{"@type":"SearchAction","target":{"@type":"EntryPoint","urlTemplate":"https:\/\/www.lifenatura.com\/es\/?s={search_term_string}"},"query-input":{"@type":"PropertyValueSpecification","valueRequired":true,"valueName":"search_term_string"}}],"inLanguage":"es"},{"@type":"Organization","@id":"https:\/\/www.lifenatura.com\/es\/#organization","name":"Lifenatura","url":"https:\/\/www.lifenatura.com\/es\/","logo":{"@type":"ImageObject","inLanguage":"es","@id":"https:\/\/www.lifenatura.com\/es\/#\/schema\/logo\/image\/","url":"https:\/\/www.lifenatura.com\/wp-content\/uploads\/2021\/07\/logo.png","contentUrl":"https:\/\/www.lifenatura.com\/wp-content\/uploads\/2021\/07\/logo.png","width":175,"height":55,"caption":"Lifenatura"},"image":{"@id":"https:\/\/www.lifenatura.com\/es\/#\/schema\/logo\/image\/"},"sameAs":["https:\/\/www.facebook.com\/lifenatura","https:\/\/www.instagram.com\/lifenaturapt\/"],"hasMerchantReturnPolicy":{"@type":"MerchantReturnPolicy","merchantReturnLink":"https:\/\/www.lifenatura.com\/termos-condicoes-lifenatura\/"}}]},"product_price_amount":"12.49","product_price_currency":"EUR","og_availability":"out of stock","product_availability":"out of stock","product_retailer_item_id":"8901138507091","product_condition":"new"},"df_price":12.49,"df_sale_price":"","df_regular_price":12.49,"df_image_link":"https:\/\/www.lifenatura.com\/wp-content\/uploads\/2021\/09\/chyawanprash-himalaya-300x300.jpg","_links":{"self":[{"href":"https:\/\/www.lifenatura.com\/es\/wp-json\/wp\/v2\/product\/38814","targetHints":{"allow":["GET"]}}],"collection":[{"href":"https:\/\/www.lifenatura.com\/es\/wp-json\/wp\/v2\/product"}],"about":[{"href":"https:\/\/www.lifenatura.com\/es\/wp-json\/wp\/v2\/types\/product"}],"wp:featuredmedia":[{"embeddable":true,"href":"https:\/\/www.lifenatura.com\/es\/wp-json\/wp\/v2\/media\/101598"}],"wp:attachment":[{"href":"https:\/\/www.lifenatura.com\/es\/wp-json\/wp\/v2\/media?parent=38814"}],"wp:term":[{"taxonomy":"product_brand","embeddable":true,"href":"https:\/\/www.lifenatura.com\/es\/wp-json\/wp\/v2\/product_brand?post=38814"},{"taxonomy":"product_cat","embeddable":true,"href":"https:\/\/www.lifenatura.com\/es\/wp-json\/wp\/v2\/product_cat?post=38814"},{"taxonomy":"product_tag","embeddable":true,"href":"https:\/\/www.lifenatura.com\/es\/wp-json\/wp\/v2\/product_tag?post=38814"}],"curies":[{"name":"wp","href":"https:\/\/api.w.org\/{rel}","templated":true}]}}