{"id":38806,"date":"2021-09-30T10:12:49","date_gmt":"2021-09-30T10:12:49","guid":{"rendered":"https:\/\/lifenatura.dev.agenciagetdigital.com\/produto\/gel-dentifrico-herbal-75-ml-himalaya\/"},"modified":"2026-02-17T07:57:49","modified_gmt":"2026-02-17T07:57:49","slug":"gel-dentifrico-herbal-75-ml-himalaya","status":"publish","type":"product","link":"https:\/\/www.lifenatura.com\/es\/produto\/gel-dentifrico-herbal-75-ml-himalaya\/","title":{"rendered":"Gel Dent\u00edfrico Herbal Blanqueador 75 ml &#8211; HImalaya"},"content":{"rendered":"<h2><strong>El Gel dent\u00edfrico a base de plantas Himalaya es un blanqueador natural sin productos qu\u00edmicos<\/strong><\/h2>\n<p>&nbsp;<\/p>\n<p><strong>Himalaya Gel Dent\u00edfrico Blanqueador<\/strong> es un producto de higiene bucal formulado para proporcionar unos dientes m\u00e1s blancos y una sonrisa m\u00e1s sana. Utilizando ingredientes naturales, este dent\u00edfrico ofrece una limpieza eficaz, eliminando las manchas superficiales sin utilizar productos qu\u00edmicos abrasivos. Su composici\u00f3n incluye plantas como el miswak y el neem, conocidas por sus propiedades antibacterianas, y clavo, que contribuyen a un aliento fresco y duradero.<\/p>\n<p>Este dent\u00edfrico se ha desarrollado para quienes desean un cuidado bucal natural que no s\u00f3lo proteja sus dientes, sino que tambi\u00e9n favorezca un blanqueamiento suave. Su f\u00f3rmula ayuda a prevenir la aparici\u00f3n de caries y reduce la formaci\u00f3n de placa, proporcionando protecci\u00f3n a las enc\u00edas y previniendo la inflamaci\u00f3n. Es ideal para quienes buscan una sonrisa m\u00e1s brillante sin recurrir a productos agresivos para el esmalte dental.<\/p>\n<h4>Principales beneficios:<\/h4>\n<ul>\n<li><strong>Blanqueamiento natural:<\/strong> Elimina las manchas superficiales, proporcionando una sonrisa m\u00e1s blanca sin da\u00f1ar el esmalte dental.<\/li>\n<li><strong>Protecci\u00f3n e Higiene Bucal<\/strong>: Acci\u00f3n antibacteriana que ayuda a prevenir las caries, la placa y los problemas de enc\u00edas.<\/li>\n<li><strong>Aliento fresco:<\/strong> F\u00f3rmula con clavo para un aliento fresco y duradero.<\/li>\n<\/ul>\n<h2>Indicado para:<\/h2>\n<p>Indicado para personas que buscan un blanqueamiento natural y eficaz, con una f\u00f3rmula que protege y cuida la salud bucal. Ideal para personas con dientes sensibles que quieren evitar productos abrasivos o qu\u00edmicos.<\/p>\n<p>Contiene una f\u00f3rmula avanzada basada en la tecnolog\u00eda de enzimas naturales de plantas como la pi\u00f1a y la papaya, dise\u00f1ada para eliminar suavemente las manchas de los dientes en 2 semanas, dejando los dientes blancos y brillantes.<\/p>\n<p>Tambi\u00e9n ayuda a prevenir la reaparici\u00f3n de manchas dentales y a reducir el sangrado y la inflamaci\u00f3n de las enc\u00edas, proporcionando un aliento fresco y 12 horas de protecci\u00f3n contra los g\u00e9rmenes de la cavidad bucal.<\/p>\n<p><strong>PRESENTACI\u00d3N<\/strong><\/p>\n<p>75 ml.<\/p>\n<p>&nbsp;<\/p>\n","protected":false},"excerpt":{"rendered":"<p>Himalaya Gel Dent\u00edfrico Blanqueador, blanqueador natural y protector de la salud bucal. Elimina suavemente las manchas y disfruta de una sonrisa m\u00e1s blanca. [&#8230;]<\/p>\n<p><a class=\"btn btn-secondary understrap-read-more-link\" href=\"https:\/\/www.lifenatura.com\/es\/produto\/gel-dentifrico-herbal-75-ml-himalaya\/\">Leer m\u00e1s&#8230;<span class=\"screen-reader-text\"> from Gel Dent\u00edfrico Herbal Blanqueador 75 ml &#8211; HImalaya<\/span><\/a><\/p>\n","protected":false},"featured_media":101643,"template":"","meta":{"_acf_changed":false},"product_brand":[8281],"product_cat":[7653,7136,7138],"product_tag":[],"class_list":{"0":"post-38806","1":"product","2":"type-product","3":"status-publish","4":"has-post-thumbnail","6":"product_brand-himalaya","7":"product_cat-cosmetica-natural-lifenatura","8":"product_cat-higiene-bucodental","9":"product_cat-pasta-de-dientes","11":"first","12":"instock","13":"shipping-taxable","14":"purchasable","15":"product-type-simple","16":"add-to-wishlist-before_image"},"acf":[],"yoast_head":"<!-- This site is optimized with the Yoast SEO Premium plugin v27.1 (Yoast SEO v27.5) - https:\/\/yoast.com\/product\/yoast-seo-premium-wordpress\/ -->\n<title>Gel Dent\u00edfrico Herbal Blanqueador HImalaya - Lifenatura<\/title>\n<meta name=\"description\" content=\"Himalaya Gel Dent\u00edfrico Blanqueador, blanqueador natural y protector de la salud bucal. Elimina suavemente las manchas y disfruta de una sonrisa m\u00e1s blanca.\" \/>\n<meta name=\"robots\" content=\"index, follow, max-snippet:-1, max-image-preview:large, max-video-preview:-1\" \/>\n<link rel=\"canonical\" href=\"https:\/\/www.lifenatura.com\/es\/produto\/gel-dentifrico-herbal-75-ml-himalaya\/\" \/>\n<meta property=\"og:locale\" content=\"es_ES\" \/>\n<meta property=\"og:type\" content=\"article\" \/>\n<meta property=\"og:title\" content=\"Gel Dent\u00edfrico Herbal Blanqueador 75 ml - HImalaya - Na Lifenatura ao Melhor Pre\u00e7o | Envio 48h\" \/>\n<meta property=\"og:description\" content=\"Compre Gel Dent\u00edfrico Herbal Blanqueador 75 ml - HImalaya com envio r\u00e1pido. Entrega em 48h e portes gr\u00e1tis em compras &gt;35\u20ac. Aproveite j\u00e1 na Lifenatura\" \/>\n<meta property=\"og:url\" content=\"https:\/\/www.lifenatura.com\/es\/produto\/gel-dentifrico-herbal-75-ml-himalaya\/\" \/>\n<meta property=\"og:site_name\" content=\"Lifenatura\" \/>\n<meta property=\"article:publisher\" content=\"https:\/\/www.facebook.com\/lifenatura\" \/>\n<meta property=\"article:modified_time\" content=\"2026-02-17T07:57:49+00:00\" \/>\n<meta property=\"og:image\" content=\"https:\/\/www.lifenatura.com\/wp-content\/uploads\/2021\/09\/gel-dentifrico-branqueador-himalaya.jpg\" \/>\n\t<meta property=\"og:image:width\" content=\"1000\" \/>\n\t<meta property=\"og:image:height\" content=\"1000\" \/>\n\t<meta property=\"og:image:type\" content=\"image\/jpeg\" \/>\n<meta name=\"twitter:card\" content=\"summary_large_image\" \/>\n<meta name=\"twitter:label1\" content=\"Precio\" \/>\n\t<meta name=\"twitter:data1\" content=\"3,26&nbsp;&euro;\" \/>\n\t<meta name=\"twitter:label2\" content=\"Disponibilidad\" \/>\n\t<meta name=\"twitter:data2\" content=\"Disponible\" \/>\n<script type=\"application\/ld+json\" class=\"yoast-schema-graph\">{\"@context\":\"https:\\\/\\\/schema.org\",\"@graph\":[{\"@type\":\"WebPage\",\"@id\":\"https:\\\/\\\/www.lifenatura.com\\\/es\\\/produto\\\/gel-dentifrico-herbal-75-ml-himalaya\\\/\",\"url\":\"https:\\\/\\\/www.lifenatura.com\\\/es\\\/produto\\\/gel-dentifrico-herbal-75-ml-himalaya\\\/\",\"name\":\"Gel Dent\u00edfrico Herbal Blanqueador HImalaya - Lifenatura\",\"isPartOf\":{\"@id\":\"https:\\\/\\\/www.lifenatura.com\\\/es\\\/#website\"},\"primaryImageOfPage\":{\"@id\":\"https:\\\/\\\/www.lifenatura.com\\\/es\\\/produto\\\/gel-dentifrico-herbal-75-ml-himalaya\\\/#primaryimage\"},\"image\":{\"@id\":\"https:\\\/\\\/www.lifenatura.com\\\/es\\\/produto\\\/gel-dentifrico-herbal-75-ml-himalaya\\\/#primaryimage\"},\"thumbnailUrl\":\"https:\\\/\\\/www.lifenatura.com\\\/wp-content\\\/uploads\\\/2021\\\/09\\\/gel-dentifrico-branqueador-himalaya.jpg\",\"datePublished\":\"2021-09-30T10:12:49+00:00\",\"dateModified\":\"2026-02-17T07:57:49+00:00\",\"description\":\"Himalaya Gel Dent\u00edfrico Blanqueador, blanqueador natural y protector de la salud bucal. Elimina suavemente las manchas y disfruta de una sonrisa m\u00e1s blanca.\",\"breadcrumb\":{\"@id\":\"https:\\\/\\\/www.lifenatura.com\\\/es\\\/produto\\\/gel-dentifrico-herbal-75-ml-himalaya\\\/#breadcrumb\"},\"inLanguage\":\"es\",\"potentialAction\":[{\"@type\":\"ReadAction\",\"target\":[\"https:\\\/\\\/www.lifenatura.com\\\/es\\\/produto\\\/gel-dentifrico-herbal-75-ml-himalaya\\\/\"]}]},{\"@type\":\"ImageObject\",\"inLanguage\":\"es\",\"@id\":\"https:\\\/\\\/www.lifenatura.com\\\/es\\\/produto\\\/gel-dentifrico-herbal-75-ml-himalaya\\\/#primaryimage\",\"url\":\"https:\\\/\\\/www.lifenatura.com\\\/wp-content\\\/uploads\\\/2021\\\/09\\\/gel-dentifrico-branqueador-himalaya.jpg\",\"contentUrl\":\"https:\\\/\\\/www.lifenatura.com\\\/wp-content\\\/uploads\\\/2021\\\/09\\\/gel-dentifrico-branqueador-himalaya.jpg\",\"width\":1000,\"height\":1000,\"caption\":\"Gel dentr\u00edfico branqueador da marca himalaya\"},{\"@type\":\"BreadcrumbList\",\"@id\":\"https:\\\/\\\/www.lifenatura.com\\\/es\\\/produto\\\/gel-dentifrico-herbal-75-ml-himalaya\\\/#breadcrumb\",\"itemListElement\":[{\"@type\":\"ListItem\",\"position\":1,\"name\":\"In\u00edcio\",\"item\":\"https:\\\/\\\/www.lifenatura.com\\\/es\\\/\"},{\"@type\":\"ListItem\",\"position\":2,\"name\":\"Todos los Productos\",\"item\":\"https:\\\/\\\/www.lifenatura.com\\\/es\\\/tienda\\\/\"},{\"@type\":\"ListItem\",\"position\":3,\"name\":\"Gel Dent\u00edfrico Herbal Blanqueador 75 ml &#8211; HImalaya\"}]},{\"@type\":\"WebSite\",\"@id\":\"https:\\\/\\\/www.lifenatura.com\\\/es\\\/#website\",\"url\":\"https:\\\/\\\/www.lifenatura.com\\\/es\\\/\",\"name\":\"Lifenatura\",\"description\":\"A Lifenatura \u00e9 uma loja de produtos naturais, cosm\u00e9tica natural e alimenta\u00e7\u00e3o Biol\u00f3gica.\",\"publisher\":{\"@id\":\"https:\\\/\\\/www.lifenatura.com\\\/es\\\/#organization\"},\"potentialAction\":[{\"@type\":\"SearchAction\",\"target\":{\"@type\":\"EntryPoint\",\"urlTemplate\":\"https:\\\/\\\/www.lifenatura.com\\\/es\\\/?s={search_term_string}\"},\"query-input\":{\"@type\":\"PropertyValueSpecification\",\"valueRequired\":true,\"valueName\":\"search_term_string\"}}],\"inLanguage\":\"es\"},{\"@type\":\"Organization\",\"@id\":\"https:\\\/\\\/www.lifenatura.com\\\/es\\\/#organization\",\"name\":\"Lifenatura\",\"url\":\"https:\\\/\\\/www.lifenatura.com\\\/es\\\/\",\"logo\":{\"@type\":\"ImageObject\",\"inLanguage\":\"es\",\"@id\":\"https:\\\/\\\/www.lifenatura.com\\\/es\\\/#\\\/schema\\\/logo\\\/image\\\/\",\"url\":\"https:\\\/\\\/www.lifenatura.com\\\/wp-content\\\/uploads\\\/2021\\\/07\\\/logo.png\",\"contentUrl\":\"https:\\\/\\\/www.lifenatura.com\\\/wp-content\\\/uploads\\\/2021\\\/07\\\/logo.png\",\"width\":175,\"height\":55,\"caption\":\"Lifenatura\"},\"image\":{\"@id\":\"https:\\\/\\\/www.lifenatura.com\\\/es\\\/#\\\/schema\\\/logo\\\/image\\\/\"},\"sameAs\":[\"https:\\\/\\\/www.facebook.com\\\/lifenatura\",\"https:\\\/\\\/www.instagram.com\\\/lifenaturapt\\\/\"],\"hasMerchantReturnPolicy\":{\"@type\":\"MerchantReturnPolicy\",\"merchantReturnLink\":\"https:\\\/\\\/www.lifenatura.com\\\/termos-condicoes-lifenatura\\\/\"}}]}<\/script>\n<meta property=\"product:price:amount\" content=\"3.26\" \/>\n<meta property=\"product:price:currency\" content=\"EUR\" \/>\n<meta property=\"og:availability\" content=\"instock\" \/>\n<meta property=\"product:availability\" content=\"instock\" \/>\n<meta property=\"product:retailer_item_id\" content=\"6291107220079\" \/>\n<meta property=\"product:condition\" content=\"new\" \/>\n<!-- \/ Yoast SEO Premium plugin. -->","yoast_head_json":{"title":"Gel Dent\u00edfrico Herbal Blanqueador HImalaya - Lifenatura","description":"Himalaya Gel Dent\u00edfrico Blanqueador, blanqueador natural y protector de la salud bucal. Elimina suavemente las manchas y disfruta de una sonrisa m\u00e1s blanca.","robots":{"index":"index","follow":"follow","max-snippet":"max-snippet:-1","max-image-preview":"max-image-preview:large","max-video-preview":"max-video-preview:-1"},"canonical":"https:\/\/www.lifenatura.com\/es\/produto\/gel-dentifrico-herbal-75-ml-himalaya\/","og_locale":"es_ES","og_type":"article","og_title":"Gel Dent\u00edfrico Herbal Blanqueador 75 ml - HImalaya - Na Lifenatura ao Melhor Pre\u00e7o | Envio 48h","og_description":"Compre Gel Dent\u00edfrico Herbal Blanqueador 75 ml - HImalaya com envio r\u00e1pido. Entrega em 48h e portes gr\u00e1tis em compras >35\u20ac. Aproveite j\u00e1 na Lifenatura","og_url":"https:\/\/www.lifenatura.com\/es\/produto\/gel-dentifrico-herbal-75-ml-himalaya\/","og_site_name":"Lifenatura","article_publisher":"https:\/\/www.facebook.com\/lifenatura","article_modified_time":"2026-02-17T07:57:49+00:00","og_image":[{"width":1000,"height":1000,"url":"https:\/\/www.lifenatura.com\/wp-content\/uploads\/2021\/09\/gel-dentifrico-branqueador-himalaya.jpg","type":"image\/jpeg"}],"twitter_card":"summary_large_image","twitter_misc":{"Precio":"3,26&nbsp;&euro;","Disponibilidad":"Disponible"},"schema":{"@context":"https:\/\/schema.org","@graph":[{"@type":"WebPage","@id":"https:\/\/www.lifenatura.com\/es\/produto\/gel-dentifrico-herbal-75-ml-himalaya\/","url":"https:\/\/www.lifenatura.com\/es\/produto\/gel-dentifrico-herbal-75-ml-himalaya\/","name":"Gel Dent\u00edfrico Herbal Blanqueador HImalaya - Lifenatura","isPartOf":{"@id":"https:\/\/www.lifenatura.com\/es\/#website"},"primaryImageOfPage":{"@id":"https:\/\/www.lifenatura.com\/es\/produto\/gel-dentifrico-herbal-75-ml-himalaya\/#primaryimage"},"image":{"@id":"https:\/\/www.lifenatura.com\/es\/produto\/gel-dentifrico-herbal-75-ml-himalaya\/#primaryimage"},"thumbnailUrl":"https:\/\/www.lifenatura.com\/wp-content\/uploads\/2021\/09\/gel-dentifrico-branqueador-himalaya.jpg","datePublished":"2021-09-30T10:12:49+00:00","dateModified":"2026-02-17T07:57:49+00:00","description":"Himalaya Gel Dent\u00edfrico Blanqueador, blanqueador natural y protector de la salud bucal. Elimina suavemente las manchas y disfruta de una sonrisa m\u00e1s blanca.","breadcrumb":{"@id":"https:\/\/www.lifenatura.com\/es\/produto\/gel-dentifrico-herbal-75-ml-himalaya\/#breadcrumb"},"inLanguage":"es","potentialAction":[{"@type":"ReadAction","target":["https:\/\/www.lifenatura.com\/es\/produto\/gel-dentifrico-herbal-75-ml-himalaya\/"]}]},{"@type":"ImageObject","inLanguage":"es","@id":"https:\/\/www.lifenatura.com\/es\/produto\/gel-dentifrico-herbal-75-ml-himalaya\/#primaryimage","url":"https:\/\/www.lifenatura.com\/wp-content\/uploads\/2021\/09\/gel-dentifrico-branqueador-himalaya.jpg","contentUrl":"https:\/\/www.lifenatura.com\/wp-content\/uploads\/2021\/09\/gel-dentifrico-branqueador-himalaya.jpg","width":1000,"height":1000,"caption":"Gel dentr\u00edfico branqueador da marca himalaya"},{"@type":"BreadcrumbList","@id":"https:\/\/www.lifenatura.com\/es\/produto\/gel-dentifrico-herbal-75-ml-himalaya\/#breadcrumb","itemListElement":[{"@type":"ListItem","position":1,"name":"In\u00edcio","item":"https:\/\/www.lifenatura.com\/es\/"},{"@type":"ListItem","position":2,"name":"Todos los Productos","item":"https:\/\/www.lifenatura.com\/es\/tienda\/"},{"@type":"ListItem","position":3,"name":"Gel Dent\u00edfrico Herbal Blanqueador 75 ml &#8211; HImalaya"}]},{"@type":"WebSite","@id":"https:\/\/www.lifenatura.com\/es\/#website","url":"https:\/\/www.lifenatura.com\/es\/","name":"Lifenatura","description":"A Lifenatura \u00e9 uma loja de produtos naturais, cosm\u00e9tica natural e alimenta\u00e7\u00e3o Biol\u00f3gica.","publisher":{"@id":"https:\/\/www.lifenatura.com\/es\/#organization"},"potentialAction":[{"@type":"SearchAction","target":{"@type":"EntryPoint","urlTemplate":"https:\/\/www.lifenatura.com\/es\/?s={search_term_string}"},"query-input":{"@type":"PropertyValueSpecification","valueRequired":true,"valueName":"search_term_string"}}],"inLanguage":"es"},{"@type":"Organization","@id":"https:\/\/www.lifenatura.com\/es\/#organization","name":"Lifenatura","url":"https:\/\/www.lifenatura.com\/es\/","logo":{"@type":"ImageObject","inLanguage":"es","@id":"https:\/\/www.lifenatura.com\/es\/#\/schema\/logo\/image\/","url":"https:\/\/www.lifenatura.com\/wp-content\/uploads\/2021\/07\/logo.png","contentUrl":"https:\/\/www.lifenatura.com\/wp-content\/uploads\/2021\/07\/logo.png","width":175,"height":55,"caption":"Lifenatura"},"image":{"@id":"https:\/\/www.lifenatura.com\/es\/#\/schema\/logo\/image\/"},"sameAs":["https:\/\/www.facebook.com\/lifenatura","https:\/\/www.instagram.com\/lifenaturapt\/"],"hasMerchantReturnPolicy":{"@type":"MerchantReturnPolicy","merchantReturnLink":"https:\/\/www.lifenatura.com\/termos-condicoes-lifenatura\/"}}]},"product_price_amount":"3.26","product_price_currency":"EUR","og_availability":"instock","product_availability":"instock","product_retailer_item_id":"6291107220079","product_condition":"new"},"df_price":3.26,"df_sale_price":"","df_regular_price":3.26,"df_image_link":"https:\/\/www.lifenatura.com\/wp-content\/uploads\/2021\/09\/gel-dentifrico-branqueador-himalaya-300x300.jpg","_links":{"self":[{"href":"https:\/\/www.lifenatura.com\/es\/wp-json\/wp\/v2\/product\/38806","targetHints":{"allow":["GET"]}}],"collection":[{"href":"https:\/\/www.lifenatura.com\/es\/wp-json\/wp\/v2\/product"}],"about":[{"href":"https:\/\/www.lifenatura.com\/es\/wp-json\/wp\/v2\/types\/product"}],"wp:featuredmedia":[{"embeddable":true,"href":"https:\/\/www.lifenatura.com\/es\/wp-json\/wp\/v2\/media\/101643"}],"wp:attachment":[{"href":"https:\/\/www.lifenatura.com\/es\/wp-json\/wp\/v2\/media?parent=38806"}],"wp:term":[{"taxonomy":"product_brand","embeddable":true,"href":"https:\/\/www.lifenatura.com\/es\/wp-json\/wp\/v2\/product_brand?post=38806"},{"taxonomy":"product_cat","embeddable":true,"href":"https:\/\/www.lifenatura.com\/es\/wp-json\/wp\/v2\/product_cat?post=38806"},{"taxonomy":"product_tag","embeddable":true,"href":"https:\/\/www.lifenatura.com\/es\/wp-json\/wp\/v2\/product_tag?post=38806"}],"curies":[{"name":"wp","href":"https:\/\/api.w.org\/{rel}","templated":true}]}}