{"id":38785,"date":"2021-09-30T10:12:32","date_gmt":"2021-09-30T10:12:32","guid":{"rendered":"https:\/\/lifenatura.dev.agenciagetdigital.com\/produto\/shampo-proteico-anti-queda-2-em-1-200-ml-himalaya\/"},"modified":"2026-02-17T07:57:43","modified_gmt":"2026-02-17T07:57:43","slug":"shampo-proteico-anti-queda-2-em-1-200-ml-himalaya","status":"publish","type":"product","link":"https:\/\/www.lifenatura.com\/es\/produto\/shampo-proteico-anti-queda-2-em-1-200-ml-himalaya\/","title":{"rendered":"Shampo Proteico Anti-Queda 2 em 1 200 ml &#8211; Himalaya"},"content":{"rendered":"<p>Shampo Anti-Queda O shampoo proteico anti-queda \u00e9 uma f\u00f3rmula enriquecida com 5 Prote\u00ednas que oferece uma nutri\u00e7\u00e3o completa \u00e0s ra\u00edzes do cabelo e refor\u00e7a o cabelo enfraquecido. Indicado para nutrir e amaciar o cabelo, melhorar a sua textura, de forma a reduzir a queda de cabelo. Indicado para o uso frequente em todos os tipos de cabelo. Pode ser usado em cabelos pintados ou com permanente. APRESENTA\u00c7\u00c3O 200 ml.<\/p>\n","protected":false},"excerpt":{"rendered":"<p>Shampo Anti-Queda O shampoo proteico anti-queda \u00e9 uma f\u00f3rmula enriquecida com 5 Prote\u00ednas que oferece uma nutri\u00e7\u00e3o completa \u00e0s ra\u00edzes do cabelo e refor\u00e7a o cabelo enfraquecido. Indicado para nutrir e amaciar o cabelo, melhorar a sua textura, de forma a reduzir a queda de cabelo. Indicado para o uso frequente em todos os tipos [&#8230;]<\/p>\n<p><a class=\"btn btn-secondary understrap-read-more-link\" href=\"https:\/\/www.lifenatura.com\/es\/produto\/shampo-proteico-anti-queda-2-em-1-200-ml-himalaya\/\">Leer m\u00e1s&#8230;<span class=\"screen-reader-text\"> from Shampo Proteico Anti-Queda 2 em 1 200 ml &#8211; Himalaya<\/span><\/a><\/p>\n","protected":false},"featured_media":0,"template":"","meta":{"_acf_changed":false},"product_brand":[8281],"product_cat":[7291],"product_tag":[],"class_list":{"0":"post-38785","1":"product","2":"type-product","3":"status-publish","5":"product_brand-himalaya","6":"product_cat-agotados","8":"first","9":"outofstock","10":"shipping-taxable","11":"purchasable","12":"product-type-simple","13":"add-to-wishlist-before_image"},"acf":[],"yoast_head":"<!-- This site is optimized with the Yoast SEO Premium plugin v27.1 (Yoast SEO v27.3) - https:\/\/yoast.com\/product\/yoast-seo-premium-wordpress\/ -->\n<title>Shampo Proteico Anti-Queda 2 em 1 200 ml - Himalaya<\/title>\n<meta name=\"description\" content=\"Compre aqui o seu Shampo Proteico Anti-Queda 2 em 1 200 ml - Himalaya e a Lifenatura Online envia em 48 H com Portes Gratis &gt;35\u20ac de Pedido.\" \/>\n<meta name=\"robots\" content=\"index, follow, max-snippet:-1, max-image-preview:large, max-video-preview:-1\" \/>\n<link rel=\"canonical\" href=\"https:\/\/www.lifenatura.com\/es\/produto\/shampo-proteico-anti-queda-2-em-1-200-ml-himalaya\/\" \/>\n<meta property=\"og:locale\" content=\"es_ES\" \/>\n<meta property=\"og:type\" content=\"article\" \/>\n<meta property=\"og:title\" content=\"Shampo Proteico Anti-Queda 2 em 1 200 ml - Himalaya - Lifenatura\" \/>\n<meta property=\"og:description\" content=\"Compre aqui o seu Shampo Proteico Anti-Queda 2 em 1 200 ml - Himalaya e a Lifenatura Online envia em 48 H com Portes Gratis &gt;35\u20ac de Pedido.\" \/>\n<meta property=\"og:url\" content=\"https:\/\/www.lifenatura.com\/es\/produto\/shampo-proteico-anti-queda-2-em-1-200-ml-himalaya\/\" \/>\n<meta property=\"og:site_name\" content=\"Lifenatura\" \/>\n<meta property=\"article:publisher\" content=\"https:\/\/www.facebook.com\/lifenatura\" \/>\n<meta property=\"article:modified_time\" content=\"2026-02-17T07:57:43+00:00\" \/>\n<meta property=\"og:image\" content=\"https:\/\/www.lifenatura.com\/wp-content\/uploads\/2021\/07\/logo.png\" \/>\n\t<meta property=\"og:image:width\" content=\"175\" \/>\n\t<meta property=\"og:image:height\" content=\"55\" \/>\n\t<meta property=\"og:image:type\" content=\"image\/png\" \/>\n<meta name=\"twitter:card\" content=\"summary_large_image\" \/>\n<meta name=\"twitter:label1\" content=\"Precio\" \/>\n\t<meta name=\"twitter:data1\" content=\"5,99&nbsp;&euro;\" \/>\n\t<meta name=\"twitter:label2\" content=\"Disponibilidad\" \/>\n\t<meta name=\"twitter:data2\" content=\"Sin existencias\" \/>\n<meta property=\"product:price:amount\" content=\"5.99\" \/>\n<meta property=\"product:price:currency\" content=\"EUR\" \/>\n<meta property=\"og:availability\" content=\"out of stock\" \/>\n<meta property=\"product:availability\" content=\"out of stock\" \/>\n<meta property=\"product:retailer_item_id\" content=\"6291107220963\" \/>\n<meta property=\"product:condition\" content=\"new\" \/>\n<!-- \/ Yoast SEO Premium plugin. -->","yoast_head_json":{"title":"Shampo Proteico Anti-Queda 2 em 1 200 ml - Himalaya","description":"Compre aqui o seu Shampo Proteico Anti-Queda 2 em 1 200 ml - Himalaya e a Lifenatura Online envia em 48 H com Portes Gratis >35\u20ac de Pedido.","robots":{"index":"index","follow":"follow","max-snippet":"max-snippet:-1","max-image-preview":"max-image-preview:large","max-video-preview":"max-video-preview:-1"},"canonical":"https:\/\/www.lifenatura.com\/es\/produto\/shampo-proteico-anti-queda-2-em-1-200-ml-himalaya\/","og_locale":"es_ES","og_type":"article","og_title":"Shampo Proteico Anti-Queda 2 em 1 200 ml - Himalaya - Lifenatura","og_description":"Compre aqui o seu Shampo Proteico Anti-Queda 2 em 1 200 ml - Himalaya e a Lifenatura Online envia em 48 H com Portes Gratis >35\u20ac de Pedido.","og_url":"https:\/\/www.lifenatura.com\/es\/produto\/shampo-proteico-anti-queda-2-em-1-200-ml-himalaya\/","og_site_name":"Lifenatura","article_publisher":"https:\/\/www.facebook.com\/lifenatura","article_modified_time":"2026-02-17T07:57:43+00:00","og_image":[{"width":175,"height":55,"url":"https:\/\/www.lifenatura.com\/wp-content\/uploads\/2021\/07\/logo.png","type":"image\/png"}],"twitter_card":"summary_large_image","twitter_misc":{"Precio":"5,99&nbsp;&euro;","Disponibilidad":"Sin existencias"},"schema":{"@context":"https:\/\/schema.org","@graph":[{"@type":"WebPage","@id":"https:\/\/www.lifenatura.com\/es\/produto\/shampo-proteico-anti-queda-2-em-1-200-ml-himalaya\/","url":"https:\/\/www.lifenatura.com\/es\/produto\/shampo-proteico-anti-queda-2-em-1-200-ml-himalaya\/","name":"Shampo Proteico Anti-Queda 2 em 1 200 ml - Himalaya","isPartOf":{"@id":"https:\/\/www.lifenatura.com\/es\/#website"},"datePublished":"2021-09-30T10:12:32+00:00","dateModified":"2026-02-17T07:57:43+00:00","description":"Compre aqui o seu Shampo Proteico Anti-Queda 2 em 1 200 ml - Himalaya e a Lifenatura Online envia em 48 H com Portes Gratis >35\u20ac de Pedido.","breadcrumb":{"@id":"https:\/\/www.lifenatura.com\/es\/produto\/shampo-proteico-anti-queda-2-em-1-200-ml-himalaya\/#breadcrumb"},"inLanguage":"es","potentialAction":[{"@type":"ReadAction","target":["https:\/\/www.lifenatura.com\/es\/produto\/shampo-proteico-anti-queda-2-em-1-200-ml-himalaya\/"]}]},{"@type":"BreadcrumbList","@id":"https:\/\/www.lifenatura.com\/es\/produto\/shampo-proteico-anti-queda-2-em-1-200-ml-himalaya\/#breadcrumb","itemListElement":[{"@type":"ListItem","position":1,"name":"In\u00edcio","item":"https:\/\/www.lifenatura.com\/es\/"},{"@type":"ListItem","position":2,"name":"Todos los Productos","item":"https:\/\/www.lifenatura.com\/es\/tienda\/"},{"@type":"ListItem","position":3,"name":"Shampo Proteico Anti-Queda 2 em 1 200 ml &#8211; Himalaya"}]},{"@type":"WebSite","@id":"https:\/\/www.lifenatura.com\/es\/#website","url":"https:\/\/www.lifenatura.com\/es\/","name":"Lifenatura","description":"A Lifenatura \u00e9 uma loja de produtos naturais, cosm\u00e9tica natural e alimenta\u00e7\u00e3o Biol\u00f3gica.","publisher":{"@id":"https:\/\/www.lifenatura.com\/es\/#organization"},"potentialAction":[{"@type":"SearchAction","target":{"@type":"EntryPoint","urlTemplate":"https:\/\/www.lifenatura.com\/es\/?s={search_term_string}"},"query-input":{"@type":"PropertyValueSpecification","valueRequired":true,"valueName":"search_term_string"}}],"inLanguage":"es"},{"@type":"Organization","@id":"https:\/\/www.lifenatura.com\/es\/#organization","name":"Lifenatura","url":"https:\/\/www.lifenatura.com\/es\/","logo":{"@type":"ImageObject","inLanguage":"es","@id":"https:\/\/www.lifenatura.com\/es\/#\/schema\/logo\/image\/","url":"https:\/\/www.lifenatura.com\/wp-content\/uploads\/2021\/11\/logo.png","contentUrl":"https:\/\/www.lifenatura.com\/wp-content\/uploads\/2021\/11\/logo.png","width":175,"height":55,"caption":"Lifenatura"},"image":{"@id":"https:\/\/www.lifenatura.com\/es\/#\/schema\/logo\/image\/"},"sameAs":["https:\/\/www.facebook.com\/lifenatura","https:\/\/www.instagram.com\/lifenaturapt\/"]}]},"product_price_amount":"5.99","product_price_currency":"EUR","og_availability":"out of stock","product_availability":"out of stock","product_retailer_item_id":"6291107220963","product_condition":"new"},"df_price":5.99,"df_sale_price":"","df_regular_price":5.99,"df_image_link":"https:\/\/www.lifenatura.com\/wp-content\/uploads\/woocommerce-placeholder-300x300.png","_links":{"self":[{"href":"https:\/\/www.lifenatura.com\/es\/wp-json\/wp\/v2\/product\/38785","targetHints":{"allow":["GET"]}}],"collection":[{"href":"https:\/\/www.lifenatura.com\/es\/wp-json\/wp\/v2\/product"}],"about":[{"href":"https:\/\/www.lifenatura.com\/es\/wp-json\/wp\/v2\/types\/product"}],"wp:attachment":[{"href":"https:\/\/www.lifenatura.com\/es\/wp-json\/wp\/v2\/media?parent=38785"}],"wp:term":[{"taxonomy":"product_brand","embeddable":true,"href":"https:\/\/www.lifenatura.com\/es\/wp-json\/wp\/v2\/product_brand?post=38785"},{"taxonomy":"product_cat","embeddable":true,"href":"https:\/\/www.lifenatura.com\/es\/wp-json\/wp\/v2\/product_cat?post=38785"},{"taxonomy":"product_tag","embeddable":true,"href":"https:\/\/www.lifenatura.com\/es\/wp-json\/wp\/v2\/product_tag?post=38785"}],"curies":[{"name":"wp","href":"https:\/\/api.w.org\/{rel}","templated":true}]}}