{"id":38769,"date":"2021-09-30T10:12:14","date_gmt":"2021-09-30T10:12:14","guid":{"rendered":"https:\/\/lifenatura.dev.agenciagetdigital.com\/produto\/bacopa-60-capsulas-himalaya\/"},"modified":"2026-02-17T07:57:40","modified_gmt":"2026-02-17T07:57:40","slug":"bacopa-60-capsulas-himalaya","status":"publish","type":"product","link":"https:\/\/www.lifenatura.com\/es\/produto\/bacopa-60-capsulas-himalaya\/","title":{"rendered":"Bacopa 60 c\u00e1psulas &#8211; Himalaya"},"content":{"rendered":"<h2 style=\"text-align: left;\"><strong>Himalaya Organic Bacopa Apoyo natural para la memoria y la concentraci\u00f3n<\/strong><\/h2>\n<p>&nbsp;<\/p>\n<p>Himalaya Organic Bacopa es un suplemento a base de Bacopa monnieri, una planta utilizada tradicionalmente en la medicina ayurv\u00e9dica para mejorar la salud mental. Este producto es ideal para cualquier persona que desee mejorar las funciones cognitivas como la memoria, la concentraci\u00f3n y la claridad mental. La bacopa es conocida por sus propiedades adapt\u00f3genas, lo que significa que ayuda al organismo a afrontar mejor el estr\u00e9s, promoviendo una sensaci\u00f3n de calma y concentraci\u00f3n.<\/p>\n<p>Con un consumo regular, la Bacopa Org\u00e1nica del Himalaya ofrece un apoyo natural al cerebro, contribuyendo a una memoria m\u00e1s \u00e1gil y a una mejor capacidad de aprendizaje. Adem\u00e1s, este suplemento es 100% ecol\u00f3gico, lo que garantiza la m\u00e1xima pureza y eficacia de sus principios activos, sin productos qu\u00edmicos ni pesticidas a\u00f1adidos.<\/p>\n<p>La Bacopa puede ser especialmente beneficiosa para estudiantes, profesionales o cualquier persona que necesite mejorar su rendimiento mental y su bienestar psicol\u00f3gico.<\/p>\n<p><strong>Principales beneficios:<\/strong><br \/>\n<strong>Ayuda a la memoria y a la concentraci\u00f3n:<\/strong> Favorece la retenci\u00f3n de la informaci\u00f3n y la concentraci\u00f3n mental.<br \/>\n<strong>Propiedades adapt\u00f3genas:<\/strong> Ayuda al organismo a responder mejor al estr\u00e9s.<br \/>\n<strong>Producto org\u00e1nico y natural:<\/strong> Sin aditivos qu\u00edmicos, promoviendo una opci\u00f3n sana y pura.<\/p>\n<p><strong>Adecuado para:<\/strong><\/p>\n<p>Adecuado para adultos que buscan una soluci\u00f3n natural para mejorar la funci\u00f3n cognitiva, especialmente \u00fatil para estudiantes, profesionales con una alta carga mental y personas mayores que desean mantener una salud mental activa.<\/p>\n<p>La bacopa es una planta muy conocida que ayuda a mejorar la agudeza mental. Tambi\u00e9n funciona en casos de ansiedad debido a su efecto calmante. Tiene propiedades t\u00f3nicas del sistema nervioso que favorecen la capacidad de aprendizaje, el rendimiento acad\u00e9mico y mejoran las habilidades mentales.<\/p>\n<p><strong>PRESENTACI\u00d3N<\/strong><\/p>\n<p>60 c\u00e1psulas<\/p>\n<p>&nbsp;<\/p>\n","protected":false},"excerpt":{"rendered":"<p>Bacopa da Himalaya suplemento natural para la memoria y la concentraci\u00f3n. Favorece la concentraci\u00f3n y la respuesta al estr\u00e9s. Ideal para estudiantes. [&#8230;]<\/p>\n<p><a class=\"btn btn-secondary understrap-read-more-link\" href=\"https:\/\/www.lifenatura.com\/es\/produto\/bacopa-60-capsulas-himalaya\/\">Leer m\u00e1s&#8230;<span class=\"screen-reader-text\"> from Bacopa 60 c\u00e1psulas &#8211; Himalaya<\/span><\/a><\/p>\n","protected":false},"featured_media":101594,"template":"","meta":{"_acf_changed":false},"product_brand":[8281],"product_cat":[7223,7179],"product_tag":[],"class_list":{"0":"post-38769","1":"product","2":"type-product","3":"status-publish","4":"has-post-thumbnail","6":"product_brand-himalaya","7":"product_cat-concentracion-memoria-salud","8":"product_cat-salud","10":"first","11":"instock","12":"shipping-taxable","13":"purchasable","14":"product-type-simple","15":"add-to-wishlist-before_image"},"acf":[],"yoast_head":"<!-- This site is optimized with the Yoast SEO Premium plugin v27.1 (Yoast SEO v27.5) - https:\/\/yoast.com\/product\/yoast-seo-premium-wordpress\/ -->\n<title>Bacopa Organico Himalaya - Lifenatura<\/title>\n<meta name=\"description\" content=\"Bacopa da Himalaya suplemento natural para la memoria y la concentraci\u00f3n. Favorece la concentraci\u00f3n y la respuesta al estr\u00e9s. Ideal para estudiantes.\" \/>\n<meta name=\"robots\" content=\"index, follow, max-snippet:-1, max-image-preview:large, max-video-preview:-1\" \/>\n<link rel=\"canonical\" href=\"https:\/\/www.lifenatura.com\/es\/produto\/bacopa-60-capsulas-himalaya\/\" \/>\n<meta property=\"og:locale\" content=\"es_ES\" \/>\n<meta property=\"og:type\" content=\"article\" \/>\n<meta property=\"og:title\" content=\"Bacopa 60 c\u00e1psulas - Himalaya - Na Lifenatura ao Melhor Pre\u00e7o | Envio 48h\" \/>\n<meta property=\"og:description\" content=\"Compre Bacopa 60 c\u00e1psulas - Himalaya com envio r\u00e1pido. Entrega em 48h e portes gr\u00e1tis em compras &gt;35\u20ac. Aproveite j\u00e1 na Lifenatura\" \/>\n<meta property=\"og:url\" content=\"https:\/\/www.lifenatura.com\/es\/produto\/bacopa-60-capsulas-himalaya\/\" \/>\n<meta property=\"og:site_name\" content=\"Lifenatura\" \/>\n<meta property=\"article:publisher\" content=\"https:\/\/www.facebook.com\/lifenatura\" \/>\n<meta property=\"article:modified_time\" content=\"2026-02-17T07:57:40+00:00\" \/>\n<meta property=\"og:image\" content=\"https:\/\/www.lifenatura.com\/wp-content\/uploads\/2021\/09\/bacopa-organico-himalaya.jpg\" \/>\n\t<meta property=\"og:image:width\" content=\"1000\" \/>\n\t<meta property=\"og:image:height\" content=\"1000\" \/>\n\t<meta property=\"og:image:type\" content=\"image\/jpeg\" \/>\n<meta name=\"twitter:card\" content=\"summary_large_image\" \/>\n<meta name=\"twitter:label1\" content=\"Precio\" \/>\n\t<meta name=\"twitter:data1\" content=\"19,67&nbsp;&euro;\" \/>\n\t<meta name=\"twitter:label2\" content=\"Disponibilidad\" \/>\n\t<meta name=\"twitter:data2\" content=\"Disponible\" \/>\n<script type=\"application\/ld+json\" class=\"yoast-schema-graph\">{\"@context\":\"https:\\\/\\\/schema.org\",\"@graph\":[{\"@type\":\"WebPage\",\"@id\":\"https:\\\/\\\/www.lifenatura.com\\\/es\\\/produto\\\/bacopa-60-capsulas-himalaya\\\/\",\"url\":\"https:\\\/\\\/www.lifenatura.com\\\/es\\\/produto\\\/bacopa-60-capsulas-himalaya\\\/\",\"name\":\"Bacopa Organico Himalaya - Lifenatura\",\"isPartOf\":{\"@id\":\"https:\\\/\\\/www.lifenatura.com\\\/es\\\/#website\"},\"primaryImageOfPage\":{\"@id\":\"https:\\\/\\\/www.lifenatura.com\\\/es\\\/produto\\\/bacopa-60-capsulas-himalaya\\\/#primaryimage\"},\"image\":{\"@id\":\"https:\\\/\\\/www.lifenatura.com\\\/es\\\/produto\\\/bacopa-60-capsulas-himalaya\\\/#primaryimage\"},\"thumbnailUrl\":\"https:\\\/\\\/www.lifenatura.com\\\/wp-content\\\/uploads\\\/2021\\\/09\\\/bacopa-organico-himalaya.jpg\",\"datePublished\":\"2021-09-30T10:12:14+00:00\",\"dateModified\":\"2026-02-17T07:57:40+00:00\",\"description\":\"Bacopa da Himalaya suplemento natural para la memoria y la concentraci\u00f3n. Favorece la concentraci\u00f3n y la respuesta al estr\u00e9s. Ideal para estudiantes.\",\"breadcrumb\":{\"@id\":\"https:\\\/\\\/www.lifenatura.com\\\/es\\\/produto\\\/bacopa-60-capsulas-himalaya\\\/#breadcrumb\"},\"inLanguage\":\"es\",\"potentialAction\":[{\"@type\":\"ReadAction\",\"target\":[\"https:\\\/\\\/www.lifenatura.com\\\/es\\\/produto\\\/bacopa-60-capsulas-himalaya\\\/\"]}]},{\"@type\":\"ImageObject\",\"inLanguage\":\"es\",\"@id\":\"https:\\\/\\\/www.lifenatura.com\\\/es\\\/produto\\\/bacopa-60-capsulas-himalaya\\\/#primaryimage\",\"url\":\"https:\\\/\\\/www.lifenatura.com\\\/wp-content\\\/uploads\\\/2021\\\/09\\\/bacopa-organico-himalaya.jpg\",\"contentUrl\":\"https:\\\/\\\/www.lifenatura.com\\\/wp-content\\\/uploads\\\/2021\\\/09\\\/bacopa-organico-himalaya.jpg\",\"width\":1000,\"height\":1000,\"caption\":\"Bacopa Org\u00e2nica da marca Himalaya\"},{\"@type\":\"BreadcrumbList\",\"@id\":\"https:\\\/\\\/www.lifenatura.com\\\/es\\\/produto\\\/bacopa-60-capsulas-himalaya\\\/#breadcrumb\",\"itemListElement\":[{\"@type\":\"ListItem\",\"position\":1,\"name\":\"In\u00edcio\",\"item\":\"https:\\\/\\\/www.lifenatura.com\\\/es\\\/\"},{\"@type\":\"ListItem\",\"position\":2,\"name\":\"Todos los Productos\",\"item\":\"https:\\\/\\\/www.lifenatura.com\\\/es\\\/tienda\\\/\"},{\"@type\":\"ListItem\",\"position\":3,\"name\":\"Bacopa 60 c\u00e1psulas &#8211; Himalaya\"}]},{\"@type\":\"WebSite\",\"@id\":\"https:\\\/\\\/www.lifenatura.com\\\/es\\\/#website\",\"url\":\"https:\\\/\\\/www.lifenatura.com\\\/es\\\/\",\"name\":\"Lifenatura\",\"description\":\"A Lifenatura \u00e9 uma loja de produtos naturais, cosm\u00e9tica natural e alimenta\u00e7\u00e3o Biol\u00f3gica.\",\"publisher\":{\"@id\":\"https:\\\/\\\/www.lifenatura.com\\\/es\\\/#organization\"},\"potentialAction\":[{\"@type\":\"SearchAction\",\"target\":{\"@type\":\"EntryPoint\",\"urlTemplate\":\"https:\\\/\\\/www.lifenatura.com\\\/es\\\/?s={search_term_string}\"},\"query-input\":{\"@type\":\"PropertyValueSpecification\",\"valueRequired\":true,\"valueName\":\"search_term_string\"}}],\"inLanguage\":\"es\"},{\"@type\":\"Organization\",\"@id\":\"https:\\\/\\\/www.lifenatura.com\\\/es\\\/#organization\",\"name\":\"Lifenatura\",\"url\":\"https:\\\/\\\/www.lifenatura.com\\\/es\\\/\",\"logo\":{\"@type\":\"ImageObject\",\"inLanguage\":\"es\",\"@id\":\"https:\\\/\\\/www.lifenatura.com\\\/es\\\/#\\\/schema\\\/logo\\\/image\\\/\",\"url\":\"https:\\\/\\\/www.lifenatura.com\\\/wp-content\\\/uploads\\\/2021\\\/07\\\/logo.png\",\"contentUrl\":\"https:\\\/\\\/www.lifenatura.com\\\/wp-content\\\/uploads\\\/2021\\\/07\\\/logo.png\",\"width\":175,\"height\":55,\"caption\":\"Lifenatura\"},\"image\":{\"@id\":\"https:\\\/\\\/www.lifenatura.com\\\/es\\\/#\\\/schema\\\/logo\\\/image\\\/\"},\"sameAs\":[\"https:\\\/\\\/www.facebook.com\\\/lifenatura\",\"https:\\\/\\\/www.instagram.com\\\/lifenaturapt\\\/\"],\"hasMerchantReturnPolicy\":{\"@type\":\"MerchantReturnPolicy\",\"merchantReturnLink\":\"https:\\\/\\\/www.lifenatura.com\\\/termos-condicoes-lifenatura\\\/\"}}]}<\/script>\n<meta property=\"product:price:amount\" content=\"19.67\" \/>\n<meta property=\"product:price:currency\" content=\"EUR\" \/>\n<meta property=\"og:availability\" content=\"instock\" \/>\n<meta property=\"product:availability\" content=\"instock\" \/>\n<meta property=\"product:retailer_item_id\" content=\"605069403016\" \/>\n<meta property=\"product:condition\" content=\"new\" \/>\n<!-- \/ Yoast SEO Premium plugin. -->","yoast_head_json":{"title":"Bacopa Organico Himalaya - Lifenatura","description":"Bacopa da Himalaya suplemento natural para la memoria y la concentraci\u00f3n. Favorece la concentraci\u00f3n y la respuesta al estr\u00e9s. Ideal para estudiantes.","robots":{"index":"index","follow":"follow","max-snippet":"max-snippet:-1","max-image-preview":"max-image-preview:large","max-video-preview":"max-video-preview:-1"},"canonical":"https:\/\/www.lifenatura.com\/es\/produto\/bacopa-60-capsulas-himalaya\/","og_locale":"es_ES","og_type":"article","og_title":"Bacopa 60 c\u00e1psulas - Himalaya - Na Lifenatura ao Melhor Pre\u00e7o | Envio 48h","og_description":"Compre Bacopa 60 c\u00e1psulas - Himalaya com envio r\u00e1pido. Entrega em 48h e portes gr\u00e1tis em compras >35\u20ac. Aproveite j\u00e1 na Lifenatura","og_url":"https:\/\/www.lifenatura.com\/es\/produto\/bacopa-60-capsulas-himalaya\/","og_site_name":"Lifenatura","article_publisher":"https:\/\/www.facebook.com\/lifenatura","article_modified_time":"2026-02-17T07:57:40+00:00","og_image":[{"width":1000,"height":1000,"url":"https:\/\/www.lifenatura.com\/wp-content\/uploads\/2021\/09\/bacopa-organico-himalaya.jpg","type":"image\/jpeg"}],"twitter_card":"summary_large_image","twitter_misc":{"Precio":"19,67&nbsp;&euro;","Disponibilidad":"Disponible"},"schema":{"@context":"https:\/\/schema.org","@graph":[{"@type":"WebPage","@id":"https:\/\/www.lifenatura.com\/es\/produto\/bacopa-60-capsulas-himalaya\/","url":"https:\/\/www.lifenatura.com\/es\/produto\/bacopa-60-capsulas-himalaya\/","name":"Bacopa Organico Himalaya - Lifenatura","isPartOf":{"@id":"https:\/\/www.lifenatura.com\/es\/#website"},"primaryImageOfPage":{"@id":"https:\/\/www.lifenatura.com\/es\/produto\/bacopa-60-capsulas-himalaya\/#primaryimage"},"image":{"@id":"https:\/\/www.lifenatura.com\/es\/produto\/bacopa-60-capsulas-himalaya\/#primaryimage"},"thumbnailUrl":"https:\/\/www.lifenatura.com\/wp-content\/uploads\/2021\/09\/bacopa-organico-himalaya.jpg","datePublished":"2021-09-30T10:12:14+00:00","dateModified":"2026-02-17T07:57:40+00:00","description":"Bacopa da Himalaya suplemento natural para la memoria y la concentraci\u00f3n. Favorece la concentraci\u00f3n y la respuesta al estr\u00e9s. Ideal para estudiantes.","breadcrumb":{"@id":"https:\/\/www.lifenatura.com\/es\/produto\/bacopa-60-capsulas-himalaya\/#breadcrumb"},"inLanguage":"es","potentialAction":[{"@type":"ReadAction","target":["https:\/\/www.lifenatura.com\/es\/produto\/bacopa-60-capsulas-himalaya\/"]}]},{"@type":"ImageObject","inLanguage":"es","@id":"https:\/\/www.lifenatura.com\/es\/produto\/bacopa-60-capsulas-himalaya\/#primaryimage","url":"https:\/\/www.lifenatura.com\/wp-content\/uploads\/2021\/09\/bacopa-organico-himalaya.jpg","contentUrl":"https:\/\/www.lifenatura.com\/wp-content\/uploads\/2021\/09\/bacopa-organico-himalaya.jpg","width":1000,"height":1000,"caption":"Bacopa Org\u00e2nica da marca Himalaya"},{"@type":"BreadcrumbList","@id":"https:\/\/www.lifenatura.com\/es\/produto\/bacopa-60-capsulas-himalaya\/#breadcrumb","itemListElement":[{"@type":"ListItem","position":1,"name":"In\u00edcio","item":"https:\/\/www.lifenatura.com\/es\/"},{"@type":"ListItem","position":2,"name":"Todos los Productos","item":"https:\/\/www.lifenatura.com\/es\/tienda\/"},{"@type":"ListItem","position":3,"name":"Bacopa 60 c\u00e1psulas &#8211; Himalaya"}]},{"@type":"WebSite","@id":"https:\/\/www.lifenatura.com\/es\/#website","url":"https:\/\/www.lifenatura.com\/es\/","name":"Lifenatura","description":"A Lifenatura \u00e9 uma loja de produtos naturais, cosm\u00e9tica natural e alimenta\u00e7\u00e3o Biol\u00f3gica.","publisher":{"@id":"https:\/\/www.lifenatura.com\/es\/#organization"},"potentialAction":[{"@type":"SearchAction","target":{"@type":"EntryPoint","urlTemplate":"https:\/\/www.lifenatura.com\/es\/?s={search_term_string}"},"query-input":{"@type":"PropertyValueSpecification","valueRequired":true,"valueName":"search_term_string"}}],"inLanguage":"es"},{"@type":"Organization","@id":"https:\/\/www.lifenatura.com\/es\/#organization","name":"Lifenatura","url":"https:\/\/www.lifenatura.com\/es\/","logo":{"@type":"ImageObject","inLanguage":"es","@id":"https:\/\/www.lifenatura.com\/es\/#\/schema\/logo\/image\/","url":"https:\/\/www.lifenatura.com\/wp-content\/uploads\/2021\/07\/logo.png","contentUrl":"https:\/\/www.lifenatura.com\/wp-content\/uploads\/2021\/07\/logo.png","width":175,"height":55,"caption":"Lifenatura"},"image":{"@id":"https:\/\/www.lifenatura.com\/es\/#\/schema\/logo\/image\/"},"sameAs":["https:\/\/www.facebook.com\/lifenatura","https:\/\/www.instagram.com\/lifenaturapt\/"],"hasMerchantReturnPolicy":{"@type":"MerchantReturnPolicy","merchantReturnLink":"https:\/\/www.lifenatura.com\/termos-condicoes-lifenatura\/"}}]},"product_price_amount":"19.67","product_price_currency":"EUR","og_availability":"instock","product_availability":"instock","product_retailer_item_id":"605069403016","product_condition":"new"},"df_price":19.67,"df_sale_price":"","df_regular_price":19.67,"df_image_link":"https:\/\/www.lifenatura.com\/wp-content\/uploads\/2021\/09\/bacopa-organico-himalaya-300x300.jpg","_links":{"self":[{"href":"https:\/\/www.lifenatura.com\/es\/wp-json\/wp\/v2\/product\/38769","targetHints":{"allow":["GET"]}}],"collection":[{"href":"https:\/\/www.lifenatura.com\/es\/wp-json\/wp\/v2\/product"}],"about":[{"href":"https:\/\/www.lifenatura.com\/es\/wp-json\/wp\/v2\/types\/product"}],"wp:featuredmedia":[{"embeddable":true,"href":"https:\/\/www.lifenatura.com\/es\/wp-json\/wp\/v2\/media\/101594"}],"wp:attachment":[{"href":"https:\/\/www.lifenatura.com\/es\/wp-json\/wp\/v2\/media?parent=38769"}],"wp:term":[{"taxonomy":"product_brand","embeddable":true,"href":"https:\/\/www.lifenatura.com\/es\/wp-json\/wp\/v2\/product_brand?post=38769"},{"taxonomy":"product_cat","embeddable":true,"href":"https:\/\/www.lifenatura.com\/es\/wp-json\/wp\/v2\/product_cat?post=38769"},{"taxonomy":"product_tag","embeddable":true,"href":"https:\/\/www.lifenatura.com\/es\/wp-json\/wp\/v2\/product_tag?post=38769"}],"curies":[{"name":"wp","href":"https:\/\/api.w.org\/{rel}","templated":true}]}}