{"id":38768,"date":"2021-09-30T10:12:14","date_gmt":"2021-09-30T10:12:14","guid":{"rendered":"https:\/\/lifenatura.dev.agenciagetdigital.com\/produto\/rumalaya-forte-60-drageias-himalaya\/"},"modified":"2024-12-14T10:48:56","modified_gmt":"2024-12-14T10:48:56","slug":"rumalaya-forte-60-drageias-himalaya","status":"publish","type":"product","link":"https:\/\/www.lifenatura.com\/es\/produto\/rumalaya-forte-60-drageias-himalaya\/","title":{"rendered":"Rumalaya Forte 60 drageias &#8211; Himalaya"},"content":{"rendered":"<h2 style=\"text-align: left;\"><strong>Rumalaya Forte de Himalaya &#8211; Apoyo natural para las articulaciones y la movilidad<\/strong><\/h2>\n<p>&nbsp;<\/p>\n<p>Rumalaya Forte de Himalaya es un suplemento natural formulado para apoyar la salud de las articulaciones y mejorar la movilidad. Desarrollado en base a principios ayurv\u00e9dicos, combina extractos de plantas medicinales cuidadosamente seleccionadas como la Boswellia y el Guggul, conocidas por sus propiedades antiinflamatorias y analg\u00e9sicas.<\/p>\n<p>Este suplemento es ideal para las personas que sufren molestias articulares debidas al envejecimiento, a una actividad f\u00edsica intensa o a afecciones inflamatorias cr\u00f3nicas. Rumalaya Forte ayuda a reducir la rigidez articular, favoreciendo la flexibilidad y permitiendo una vida m\u00e1s activa. Adem\u00e1s, contribuye a mantener la salud del tejido conjuntivo y protege las articulaciones de los da\u00f1os causados por el desgaste diario.<\/p>\n<p><strong>Principales beneficios:<\/strong><\/p>\n<p>Alivia las molestias articulares: Reduce la inflamaci\u00f3n y proporciona alivio del dolor.<br \/>\nMejora la Movilidad: Promueve articulaciones m\u00e1s flexibles y mayor libertad de movimiento.<br \/>\nAyuda a la salud articular: Protege el tejido articular de da\u00f1os y desgaste, promoviendo la regeneraci\u00f3n.<br \/>\nF\u00f3rmula natural: Elaborado con ingredientes de origen vegetal, respetando el equilibrio del organismo.<\/p>\n<p><strong>Adecuado para:<\/strong><\/p>\n<p>Rumalaya Forte es adecuado para cualquier persona que sufra dolor articular, rigidez, artritis o inflamaci\u00f3n cr\u00f3nica. Tambi\u00e9n es una excelente opci\u00f3n para deportistas y personas que desean prevenir el desgaste articular.<\/p>\n<p>Tomado diariamente, Rumalaya Forte ha demostrado ser efectivo para la artritis, artrosis, dolor de espalda, capsulitis adhesiva (hombro congelado) y otras condiciones comunes. Rumalaya Forte es 100% natural y 100% seguro sin efectos secundarios.<\/p>\n<p>El estudio cl\u00c3nico comparativo de Rumalaya forte muestra que es m\u00c3\u00a1s beneficioso que la glucosamina y la condroitina para aliviar el dolor debido a la artritis.<\/p>\n<p><strong>PRESENTACI\u00d3N<\/strong><\/p>\n<p>60 comprimidos.<\/p>\n<p>&nbsp;<\/p>\n","protected":false},"excerpt":{"rendered":"<p>Rumalaya forte est\u00e1 indicada para reconstruir el tejido conjuntivo, aliviar las molestias de la mala circulaci\u00f3n, eficaz en artritis y artrosis. [&#8230;]<\/p>\n<p><a class=\"btn btn-secondary understrap-read-more-link\" href=\"https:\/\/www.lifenatura.com\/es\/produto\/rumalaya-forte-60-drageias-himalaya\/\">Leer m\u00e1s&#8230;<span class=\"screen-reader-text\"> from Rumalaya Forte 60 drageias &#8211; Himalaya<\/span><\/a><\/p>\n","protected":false},"featured_media":104294,"template":"","meta":{"_acf_changed":false},"product_brand":[8281],"product_cat":[7205,7179],"product_tag":[],"class_list":{"0":"post-38768","1":"product","2":"type-product","3":"status-publish","4":"has-post-thumbnail","6":"product_brand-himalaya","7":"product_cat-articulaciones","8":"product_cat-salud","10":"first","11":"instock","12":"shipping-taxable","13":"purchasable","14":"product-type-simple","15":"add-to-wishlist-before_image"},"acf":[],"yoast_head":"<!-- This site is optimized with the Yoast SEO Premium plugin v27.1 (Yoast SEO v27.3) - https:\/\/yoast.com\/product\/yoast-seo-premium-wordpress\/ -->\n<title>Rumalaya Forte Himalaya - Lifenatura<\/title>\n<meta name=\"description\" content=\"Rumalaya forte est\u00e1 indicada para reconstruir el tejido conjuntivo, aliviar las molestias de la mala circulaci\u00f3n, eficaz en artritis y artrosis.\" \/>\n<meta name=\"robots\" content=\"index, follow, max-snippet:-1, max-image-preview:large, max-video-preview:-1\" \/>\n<link rel=\"canonical\" href=\"https:\/\/www.lifenatura.com\/es\/produto\/rumalaya-forte-60-drageias-himalaya\/\" \/>\n<meta property=\"og:locale\" content=\"es_ES\" \/>\n<meta property=\"og:type\" content=\"article\" \/>\n<meta property=\"og:title\" content=\"Rumalaya Forte 60 drageias - Himalaya - Lifenatura\" \/>\n<meta property=\"og:description\" content=\"Compre aqui o seu Rumalaya Forte 60 drageias - Himalaya e a Lifenatura Online envia em 48 H com Portes Gratis &gt;35\u20ac de Pedido.\" \/>\n<meta property=\"og:url\" content=\"https:\/\/www.lifenatura.com\/es\/produto\/rumalaya-forte-60-drageias-himalaya\/\" \/>\n<meta property=\"og:site_name\" content=\"Lifenatura\" \/>\n<meta property=\"article:publisher\" content=\"https:\/\/www.facebook.com\/lifenatura\" \/>\n<meta property=\"article:modified_time\" content=\"2024-12-14T10:48:56+00:00\" \/>\n<meta property=\"og:image\" content=\"https:\/\/www.lifenatura.com\/wp-content\/uploads\/2021\/09\/rumalaya-forte-himalaya.jpg\" \/>\n\t<meta property=\"og:image:width\" content=\"1000\" \/>\n\t<meta property=\"og:image:height\" content=\"1000\" \/>\n\t<meta property=\"og:image:type\" content=\"image\/jpeg\" \/>\n<meta name=\"twitter:card\" content=\"summary_large_image\" \/>\n<meta name=\"twitter:label1\" content=\"Precio\" \/>\n\t<meta name=\"twitter:data1\" content=\"9,90&nbsp;&euro;\" \/>\n\t<meta name=\"twitter:label2\" content=\"Disponibilidad\" \/>\n\t<meta name=\"twitter:data2\" content=\"Disponible\" \/>\n<meta property=\"product:price:amount\" content=\"9.90\" \/>\n<meta property=\"product:price:currency\" content=\"EUR\" \/>\n<meta property=\"og:availability\" content=\"instock\" \/>\n<meta property=\"product:availability\" content=\"instock\" \/>\n<meta property=\"product:retailer_item_id\" content=\"8901138511777\" \/>\n<meta property=\"product:condition\" content=\"new\" \/>\n<!-- \/ Yoast SEO Premium plugin. -->","yoast_head_json":{"title":"Rumalaya Forte Himalaya - Lifenatura","description":"Rumalaya forte est\u00e1 indicada para reconstruir el tejido conjuntivo, aliviar las molestias de la mala circulaci\u00f3n, eficaz en artritis y artrosis.","robots":{"index":"index","follow":"follow","max-snippet":"max-snippet:-1","max-image-preview":"max-image-preview:large","max-video-preview":"max-video-preview:-1"},"canonical":"https:\/\/www.lifenatura.com\/es\/produto\/rumalaya-forte-60-drageias-himalaya\/","og_locale":"es_ES","og_type":"article","og_title":"Rumalaya Forte 60 drageias - Himalaya - Lifenatura","og_description":"Compre aqui o seu Rumalaya Forte 60 drageias - Himalaya e a Lifenatura Online envia em 48 H com Portes Gratis >35\u20ac de Pedido.","og_url":"https:\/\/www.lifenatura.com\/es\/produto\/rumalaya-forte-60-drageias-himalaya\/","og_site_name":"Lifenatura","article_publisher":"https:\/\/www.facebook.com\/lifenatura","article_modified_time":"2024-12-14T10:48:56+00:00","og_image":[{"width":1000,"height":1000,"url":"https:\/\/www.lifenatura.com\/wp-content\/uploads\/2021\/09\/rumalaya-forte-himalaya.jpg","type":"image\/jpeg"}],"twitter_card":"summary_large_image","twitter_misc":{"Precio":"9,90&nbsp;&euro;","Disponibilidad":"Disponible"},"schema":{"@context":"https:\/\/schema.org","@graph":[{"@type":"WebPage","@id":"https:\/\/www.lifenatura.com\/es\/produto\/rumalaya-forte-60-drageias-himalaya\/","url":"https:\/\/www.lifenatura.com\/es\/produto\/rumalaya-forte-60-drageias-himalaya\/","name":"Rumalaya Forte Himalaya - Lifenatura","isPartOf":{"@id":"https:\/\/www.lifenatura.com\/es\/#website"},"primaryImageOfPage":{"@id":"https:\/\/www.lifenatura.com\/es\/produto\/rumalaya-forte-60-drageias-himalaya\/#primaryimage"},"image":{"@id":"https:\/\/www.lifenatura.com\/es\/produto\/rumalaya-forte-60-drageias-himalaya\/#primaryimage"},"thumbnailUrl":"https:\/\/www.lifenatura.com\/wp-content\/uploads\/2021\/09\/rumalaya-forte-himalaya.jpg","datePublished":"2021-09-30T10:12:14+00:00","dateModified":"2024-12-14T10:48:56+00:00","description":"Rumalaya forte est\u00e1 indicada para reconstruir el tejido conjuntivo, aliviar las molestias de la mala circulaci\u00f3n, eficaz en artritis y artrosis.","breadcrumb":{"@id":"https:\/\/www.lifenatura.com\/es\/produto\/rumalaya-forte-60-drageias-himalaya\/#breadcrumb"},"inLanguage":"es","potentialAction":[{"@type":"ReadAction","target":["https:\/\/www.lifenatura.com\/es\/produto\/rumalaya-forte-60-drageias-himalaya\/"]}]},{"@type":"ImageObject","inLanguage":"es","@id":"https:\/\/www.lifenatura.com\/es\/produto\/rumalaya-forte-60-drageias-himalaya\/#primaryimage","url":"https:\/\/www.lifenatura.com\/wp-content\/uploads\/2021\/09\/rumalaya-forte-himalaya.jpg","contentUrl":"https:\/\/www.lifenatura.com\/wp-content\/uploads\/2021\/09\/rumalaya-forte-himalaya.jpg","width":1000,"height":1000,"caption":"Rumalaya forte da marca himalaya"},{"@type":"BreadcrumbList","@id":"https:\/\/www.lifenatura.com\/es\/produto\/rumalaya-forte-60-drageias-himalaya\/#breadcrumb","itemListElement":[{"@type":"ListItem","position":1,"name":"In\u00edcio","item":"https:\/\/www.lifenatura.com\/es\/"},{"@type":"ListItem","position":2,"name":"Todos los Productos","item":"https:\/\/www.lifenatura.com\/es\/tienda\/"},{"@type":"ListItem","position":3,"name":"Rumalaya Forte 60 drageias &#8211; Himalaya"}]},{"@type":"WebSite","@id":"https:\/\/www.lifenatura.com\/es\/#website","url":"https:\/\/www.lifenatura.com\/es\/","name":"Lifenatura","description":"A Lifenatura \u00e9 uma loja de produtos naturais, cosm\u00e9tica natural e alimenta\u00e7\u00e3o Biol\u00f3gica.","publisher":{"@id":"https:\/\/www.lifenatura.com\/es\/#organization"},"potentialAction":[{"@type":"SearchAction","target":{"@type":"EntryPoint","urlTemplate":"https:\/\/www.lifenatura.com\/es\/?s={search_term_string}"},"query-input":{"@type":"PropertyValueSpecification","valueRequired":true,"valueName":"search_term_string"}}],"inLanguage":"es"},{"@type":"Organization","@id":"https:\/\/www.lifenatura.com\/es\/#organization","name":"Lifenatura","url":"https:\/\/www.lifenatura.com\/es\/","logo":{"@type":"ImageObject","inLanguage":"es","@id":"https:\/\/www.lifenatura.com\/es\/#\/schema\/logo\/image\/","url":"https:\/\/www.lifenatura.com\/wp-content\/uploads\/2021\/11\/logo.png","contentUrl":"https:\/\/www.lifenatura.com\/wp-content\/uploads\/2021\/11\/logo.png","width":175,"height":55,"caption":"Lifenatura"},"image":{"@id":"https:\/\/www.lifenatura.com\/es\/#\/schema\/logo\/image\/"},"sameAs":["https:\/\/www.facebook.com\/lifenatura","https:\/\/www.instagram.com\/lifenaturapt\/"]}]},"product_price_amount":"9.90","product_price_currency":"EUR","og_availability":"instock","product_availability":"instock","product_retailer_item_id":"8901138511777","product_condition":"new"},"df_price":9.9,"df_sale_price":"","df_regular_price":9.9,"df_image_link":"https:\/\/www.lifenatura.com\/wp-content\/uploads\/2021\/09\/rumalaya-forte-himalaya-300x300.jpg","_links":{"self":[{"href":"https:\/\/www.lifenatura.com\/es\/wp-json\/wp\/v2\/product\/38768","targetHints":{"allow":["GET"]}}],"collection":[{"href":"https:\/\/www.lifenatura.com\/es\/wp-json\/wp\/v2\/product"}],"about":[{"href":"https:\/\/www.lifenatura.com\/es\/wp-json\/wp\/v2\/types\/product"}],"wp:featuredmedia":[{"embeddable":true,"href":"https:\/\/www.lifenatura.com\/es\/wp-json\/wp\/v2\/media\/104294"}],"wp:attachment":[{"href":"https:\/\/www.lifenatura.com\/es\/wp-json\/wp\/v2\/media?parent=38768"}],"wp:term":[{"taxonomy":"product_brand","embeddable":true,"href":"https:\/\/www.lifenatura.com\/es\/wp-json\/wp\/v2\/product_brand?post=38768"},{"taxonomy":"product_cat","embeddable":true,"href":"https:\/\/www.lifenatura.com\/es\/wp-json\/wp\/v2\/product_cat?post=38768"},{"taxonomy":"product_tag","embeddable":true,"href":"https:\/\/www.lifenatura.com\/es\/wp-json\/wp\/v2\/product_tag?post=38768"}],"curies":[{"name":"wp","href":"https:\/\/api.w.org\/{rel}","templated":true}]}}