{"id":38760,"date":"2021-09-30T10:11:49","date_gmt":"2021-09-30T10:11:49","guid":{"rendered":"https:\/\/lifenatura.dev.agenciagetdigital.com\/produto\/cystone-100-comprimidos-himalaya\/"},"modified":"2026-02-17T07:57:38","modified_gmt":"2026-02-17T07:57:38","slug":"cystone-100-comprimidos-himalaya","status":"publish","type":"product","link":"https:\/\/www.lifenatura.com\/es\/produto\/cystone-100-comprimidos-himalaya\/","title":{"rendered":"Cystone 100 comprimidos &#8211; Himalaya"},"content":{"rendered":"<h2 style=\"text-align: left;\"><strong>Cystone Himalaya para el apoyo natural del sistema urinario<\/strong><\/h2>\n<p>&nbsp;<\/p>\n<p>Cystone de Himalaya es un suplemento natural formulado para promover la salud del sistema urinario y ayudar a eliminar impurezas. Elaborado a partir de extractos de plantas como Didymocarpus pedicellata y Saxifraga ligulata, este producto tiene propiedades que favorecen la disoluci\u00f3n y expulsi\u00f3n de peque\u00f1os c\u00e1lculos renales, ayudando a mantener un sistema urinario sano.<\/p>\n<p>Cystone act\u00faa minimizando las molestias, facilitando la eliminaci\u00f3n de impurezas y promoviendo el bienestar del tracto urinario.<\/p>\n<p>Indicado para personas que desean un apoyo adicional para la salud urinaria, especialmente \u00fatil para aquellos que son susceptibles a la formaci\u00f3n de c\u00e1lculos renales o molestias urinarias. Cystone da Himalaya es una opci\u00f3n segura y natural que pretende mejorar la salud urinaria sin provocar cambios en el funcionamiento del organismo. Su uso regular puede prevenir la recurrencia de problemas, proporcionando una calidad de vida m\u00e1s equilibrada.<\/p>\n<p><strong>Principales beneficios:<\/strong><br \/>\n<strong>Apoyo al sistema urinario<\/strong>: Ayuda a disolver peque\u00f1os c\u00e1lculos y facilita la eliminaci\u00f3n de impurezas.<br \/>\n<strong>Prevenci\u00f3n de recidivas:<\/strong> Ayuda a reducir la formaci\u00f3n de nuevos c\u00e1lculos, promoviendo una salud urinaria continua.<br \/>\n<strong>Alivio de las molestias urinarias:<\/strong> Contribuye al alivio de las molestias urinarias, promoviendo un funcionamiento saludable del tracto urinario.<\/p>\n<p><strong>Adecuado para:<\/strong><\/p>\n<p>Personas que buscan un apoyo natural para la salud del sistema urinario, especialmente aquellas que desean prevenir las molestias urinarias y minimizar el riesgo de formaci\u00f3n de c\u00e1lculos renales.<\/p>\n<p>Ayuda a normalizar la acidez de la orina, aliviando la sensaci\u00f3n de ardor al orinar. Previene la saturaci\u00f3n de sustancias litog\u00e9nicas, controla la oxamida (sustancia que favorece la formaci\u00f3n de c\u00e1lculos renales), mejora la absorci\u00f3n intestinal y favorece la desintegraci\u00f3n de los cristales.<\/p>\n<p><strong>PRESENTACI\u00d3N<\/strong><\/p>\n<p>100 comprimidos.<\/p>\n<p>&nbsp;<\/p>\n","protected":false},"excerpt":{"rendered":"<p>Cystone promueve un buen funcionamiento del sistema urinario y ayuda a normalizar la orina \u00e1cida, aliviando la sensaci\u00f3n ardiente al orinar. [&#8230;]<\/p>\n<p><a class=\"btn btn-secondary understrap-read-more-link\" href=\"https:\/\/www.lifenatura.com\/es\/produto\/cystone-100-comprimidos-himalaya\/\">Leer m\u00e1s&#8230;<span class=\"screen-reader-text\"> from Cystone 100 comprimidos &#8211; Himalaya<\/span><\/a><\/p>\n","protected":false},"featured_media":101627,"template":"","meta":{"_acf_changed":false},"product_brand":[8281],"product_cat":[7249,7179],"product_tag":[],"class_list":{"0":"post-38760","1":"product","2":"type-product","3":"status-publish","4":"has-post-thumbnail","6":"product_brand-himalaya","7":"product_cat-infecciones-urinarias","8":"product_cat-salud","10":"first","11":"instock","12":"shipping-taxable","13":"purchasable","14":"product-type-simple","15":"add-to-wishlist-before_image"},"acf":[],"yoast_head":"<!-- This site is optimized with the Yoast SEO Premium plugin v27.1 (Yoast SEO v27.4) - https:\/\/yoast.com\/product\/yoast-seo-premium-wordpress\/ -->\n<title>Cystone de los Himalaya - Lifenatura<\/title>\n<meta name=\"description\" content=\"Cystone promueve un buen funcionamiento del sistema urinario y ayuda a normalizar la orina \u00e1cida, aliviando la sensaci\u00f3n ardiente al orinar.\" \/>\n<meta name=\"robots\" content=\"index, follow, max-snippet:-1, max-image-preview:large, max-video-preview:-1\" \/>\n<link rel=\"canonical\" href=\"https:\/\/www.lifenatura.com\/es\/produto\/cystone-100-comprimidos-himalaya\/\" \/>\n<meta property=\"og:locale\" content=\"es_ES\" \/>\n<meta property=\"og:type\" content=\"article\" \/>\n<meta property=\"og:title\" content=\"Cystone 100 comprimidos - Himalaya - Lifenatura\" \/>\n<meta property=\"og:description\" content=\"Compre aqui o seu Cystone 100 comprimidos - Himalaya e a Lifenatura Online envia em 48 H com Portes Gratis &gt;35\u20ac de Pedido.\" \/>\n<meta property=\"og:url\" content=\"https:\/\/www.lifenatura.com\/es\/produto\/cystone-100-comprimidos-himalaya\/\" \/>\n<meta property=\"og:site_name\" content=\"Lifenatura\" \/>\n<meta property=\"article:publisher\" content=\"https:\/\/www.facebook.com\/lifenatura\" \/>\n<meta property=\"article:modified_time\" content=\"2026-02-17T07:57:38+00:00\" \/>\n<meta property=\"og:image\" content=\"https:\/\/www.lifenatura.com\/wp-content\/uploads\/2021\/09\/cystone-himalaya.jpg\" \/>\n\t<meta property=\"og:image:width\" content=\"1000\" \/>\n\t<meta property=\"og:image:height\" content=\"1000\" \/>\n\t<meta property=\"og:image:type\" content=\"image\/jpeg\" \/>\n<meta name=\"twitter:card\" content=\"summary_large_image\" \/>\n<meta name=\"twitter:label1\" content=\"Precio\" \/>\n\t<meta name=\"twitter:data1\" content=\"11,45&nbsp;&euro;\" \/>\n\t<meta name=\"twitter:label2\" content=\"Disponibilidad\" \/>\n\t<meta name=\"twitter:data2\" content=\"Disponible\" \/>\n<meta property=\"product:price:amount\" content=\"11.45\" \/>\n<meta property=\"product:price:currency\" content=\"EUR\" \/>\n<meta property=\"og:availability\" content=\"instock\" \/>\n<meta property=\"product:availability\" content=\"instock\" \/>\n<meta property=\"product:retailer_item_id\" content=\"8901138030711\" \/>\n<meta property=\"product:condition\" content=\"new\" \/>\n<!-- \/ Yoast SEO Premium plugin. -->","yoast_head_json":{"title":"Cystone de los Himalaya - Lifenatura","description":"Cystone promueve un buen funcionamiento del sistema urinario y ayuda a normalizar la orina \u00e1cida, aliviando la sensaci\u00f3n ardiente al orinar.","robots":{"index":"index","follow":"follow","max-snippet":"max-snippet:-1","max-image-preview":"max-image-preview:large","max-video-preview":"max-video-preview:-1"},"canonical":"https:\/\/www.lifenatura.com\/es\/produto\/cystone-100-comprimidos-himalaya\/","og_locale":"es_ES","og_type":"article","og_title":"Cystone 100 comprimidos - Himalaya - Lifenatura","og_description":"Compre aqui o seu Cystone 100 comprimidos - Himalaya e a Lifenatura Online envia em 48 H com Portes Gratis >35\u20ac de Pedido.","og_url":"https:\/\/www.lifenatura.com\/es\/produto\/cystone-100-comprimidos-himalaya\/","og_site_name":"Lifenatura","article_publisher":"https:\/\/www.facebook.com\/lifenatura","article_modified_time":"2026-02-17T07:57:38+00:00","og_image":[{"width":1000,"height":1000,"url":"https:\/\/www.lifenatura.com\/wp-content\/uploads\/2021\/09\/cystone-himalaya.jpg","type":"image\/jpeg"}],"twitter_card":"summary_large_image","twitter_misc":{"Precio":"11,45&nbsp;&euro;","Disponibilidad":"Disponible"},"schema":{"@context":"https:\/\/schema.org","@graph":[{"@type":"WebPage","@id":"https:\/\/www.lifenatura.com\/es\/produto\/cystone-100-comprimidos-himalaya\/","url":"https:\/\/www.lifenatura.com\/es\/produto\/cystone-100-comprimidos-himalaya\/","name":"Cystone de los Himalaya - Lifenatura","isPartOf":{"@id":"https:\/\/www.lifenatura.com\/es\/#website"},"primaryImageOfPage":{"@id":"https:\/\/www.lifenatura.com\/es\/produto\/cystone-100-comprimidos-himalaya\/#primaryimage"},"image":{"@id":"https:\/\/www.lifenatura.com\/es\/produto\/cystone-100-comprimidos-himalaya\/#primaryimage"},"thumbnailUrl":"https:\/\/www.lifenatura.com\/wp-content\/uploads\/2021\/09\/cystone-himalaya.jpg","datePublished":"2021-09-30T10:11:49+00:00","dateModified":"2026-02-17T07:57:38+00:00","description":"Cystone promueve un buen funcionamiento del sistema urinario y ayuda a normalizar la orina \u00e1cida, aliviando la sensaci\u00f3n ardiente al orinar.","breadcrumb":{"@id":"https:\/\/www.lifenatura.com\/es\/produto\/cystone-100-comprimidos-himalaya\/#breadcrumb"},"inLanguage":"es","potentialAction":[{"@type":"ReadAction","target":["https:\/\/www.lifenatura.com\/es\/produto\/cystone-100-comprimidos-himalaya\/"]}]},{"@type":"ImageObject","inLanguage":"es","@id":"https:\/\/www.lifenatura.com\/es\/produto\/cystone-100-comprimidos-himalaya\/#primaryimage","url":"https:\/\/www.lifenatura.com\/wp-content\/uploads\/2021\/09\/cystone-himalaya.jpg","contentUrl":"https:\/\/www.lifenatura.com\/wp-content\/uploads\/2021\/09\/cystone-himalaya.jpg","width":1000,"height":1000,"caption":"Cystone da marca Himalaya"},{"@type":"BreadcrumbList","@id":"https:\/\/www.lifenatura.com\/es\/produto\/cystone-100-comprimidos-himalaya\/#breadcrumb","itemListElement":[{"@type":"ListItem","position":1,"name":"In\u00edcio","item":"https:\/\/www.lifenatura.com\/es\/"},{"@type":"ListItem","position":2,"name":"Todos los Productos","item":"https:\/\/www.lifenatura.com\/es\/tienda\/"},{"@type":"ListItem","position":3,"name":"Cystone 100 comprimidos &#8211; Himalaya"}]},{"@type":"WebSite","@id":"https:\/\/www.lifenatura.com\/es\/#website","url":"https:\/\/www.lifenatura.com\/es\/","name":"Lifenatura","description":"A Lifenatura \u00e9 uma loja de produtos naturais, cosm\u00e9tica natural e alimenta\u00e7\u00e3o Biol\u00f3gica.","publisher":{"@id":"https:\/\/www.lifenatura.com\/es\/#organization"},"potentialAction":[{"@type":"SearchAction","target":{"@type":"EntryPoint","urlTemplate":"https:\/\/www.lifenatura.com\/es\/?s={search_term_string}"},"query-input":{"@type":"PropertyValueSpecification","valueRequired":true,"valueName":"search_term_string"}}],"inLanguage":"es"},{"@type":"Organization","@id":"https:\/\/www.lifenatura.com\/es\/#organization","name":"Lifenatura","url":"https:\/\/www.lifenatura.com\/es\/","logo":{"@type":"ImageObject","inLanguage":"es","@id":"https:\/\/www.lifenatura.com\/es\/#\/schema\/logo\/image\/","url":"https:\/\/www.lifenatura.com\/wp-content\/uploads\/2021\/11\/logo.png","contentUrl":"https:\/\/www.lifenatura.com\/wp-content\/uploads\/2021\/11\/logo.png","width":175,"height":55,"caption":"Lifenatura"},"image":{"@id":"https:\/\/www.lifenatura.com\/es\/#\/schema\/logo\/image\/"},"sameAs":["https:\/\/www.facebook.com\/lifenatura","https:\/\/www.instagram.com\/lifenaturapt\/"]}]},"product_price_amount":"11.45","product_price_currency":"EUR","og_availability":"instock","product_availability":"instock","product_retailer_item_id":"8901138030711","product_condition":"new"},"df_price":11.45,"df_sale_price":"","df_regular_price":11.45,"df_image_link":"https:\/\/www.lifenatura.com\/wp-content\/uploads\/2021\/09\/cystone-himalaya-300x300.jpg","_links":{"self":[{"href":"https:\/\/www.lifenatura.com\/es\/wp-json\/wp\/v2\/product\/38760","targetHints":{"allow":["GET"]}}],"collection":[{"href":"https:\/\/www.lifenatura.com\/es\/wp-json\/wp\/v2\/product"}],"about":[{"href":"https:\/\/www.lifenatura.com\/es\/wp-json\/wp\/v2\/types\/product"}],"wp:featuredmedia":[{"embeddable":true,"href":"https:\/\/www.lifenatura.com\/es\/wp-json\/wp\/v2\/media\/101627"}],"wp:attachment":[{"href":"https:\/\/www.lifenatura.com\/es\/wp-json\/wp\/v2\/media?parent=38760"}],"wp:term":[{"taxonomy":"product_brand","embeddable":true,"href":"https:\/\/www.lifenatura.com\/es\/wp-json\/wp\/v2\/product_brand?post=38760"},{"taxonomy":"product_cat","embeddable":true,"href":"https:\/\/www.lifenatura.com\/es\/wp-json\/wp\/v2\/product_cat?post=38760"},{"taxonomy":"product_tag","embeddable":true,"href":"https:\/\/www.lifenatura.com\/es\/wp-json\/wp\/v2\/product_tag?post=38760"}],"curies":[{"name":"wp","href":"https:\/\/api.w.org\/{rel}","templated":true}]}}