{"id":38759,"date":"2021-09-30T10:11:49","date_gmt":"2021-09-30T10:11:49","guid":{"rendered":"https:\/\/lifenatura.dev.agenciagetdigital.com\/produto\/ayurslim-60-capsulas-himalaya\/"},"modified":"2026-02-17T07:57:37","modified_gmt":"2026-02-17T07:57:37","slug":"ayurslim-60-capsulas-himalaya","status":"publish","type":"product","link":"https:\/\/www.lifenatura.com\/es\/produto\/ayurslim-60-capsulas-himalaya\/","title":{"rendered":"Ayurslim 60 c\u00e1psulas &#8211; Himalaya"},"content":{"rendered":"<h2 style=\"text-align: left;\"><strong>Ayurslim Himalaya &#8211; Ayuda natural para el control del peso<\/strong><\/h2>\n<p>&nbsp;<\/p>\n<p>Ayurslim de la marca Himalaya es un suplemento natural especialmente formulado para ayudar al control del peso mediante una combinaci\u00f3n de extractos de plantas tradicionalmente utilizados en la medicina ayurv\u00e9dica. Este producto ofrece un apoyo seguro y eficaz, actuando sobre el metabolismo de las grasas y favoreciendo una digesti\u00f3n sana.<\/p>\n<p>Ayurslim combina ingredientes como la Garcinia, que ayuda a reducir el apetito, y la Gymnema, conocida por ayudar a equilibrar los niveles de az\u00facar en sangre, lo que lo convierte en un excelente aliado en el control del peso.<\/p>\n<p>Este suplemento no es s\u00f3lo para aquellos que buscan perder peso, sino tambi\u00e9n para aquellos que quieren mejorar su salud metab\u00f3lica general. Ayurslim promueve un enfoque equilibrado y sostenible de la p\u00e9rdida de peso, sin exigir cambios radicales. Con su uso regular, ayuda a reducir el apetito y a disminuir la acumulaci\u00f3n de grasa en el organismo, preservando al mismo tiempo los nutrientes esenciales necesarios para un bienestar completo.<\/p>\n<p><strong>Principales beneficios:<\/strong><\/p>\n<ul>\n<li><strong>Ayuda a controlar el peso:<\/strong> Ayuda a reducir el apetito y la acumulaci\u00f3n de grasa.<\/li>\n<li><strong>Equilibra los niveles de az\u00facar en sangre:<\/strong> Ayuda a mantener estables los niveles de glucosa.<\/li>\n<li><strong>Mejora la salud metab\u00f3lica:<\/strong> Estimula el metabolismo saludable de las grasas.<\/li>\n<\/ul>\n<p><strong>Adecuado para:<\/strong><\/p>\n<p>Adecuado para adultos que buscan un apoyo natural para el control de peso y que desean controlar su apetito de forma equilibrada. Es ideal para cualquier persona que desee adoptar un enfoque saludable y sostenible para mejorar la salud metab\u00f3lica.<\/p>\n<p>AyurSlim C\u00e1psulas es una f\u00f3rmula a base de plantas cl\u00ednicamente probada, segura y eficaz que ayuda a regular la producci\u00f3n y utilizaci\u00f3n de las grasas en el organismo.<\/p>\n<p><strong>PRESENTACI\u00d3N<\/strong><\/p>\n<p>60 c\u00e1psulas.<\/p>\n<p>&nbsp;<\/p>\n","protected":false},"excerpt":{"rendered":"<p>Ayurslim es una f\u00f3rmula segura y eficaz a base de plantas cl\u00ednicamente comprobada, que ayuda a regular la producci\u00f3n y el uso de grasas. [&#8230;]<\/p>\n<p><a class=\"btn btn-secondary understrap-read-more-link\" href=\"https:\/\/www.lifenatura.com\/es\/produto\/ayurslim-60-capsulas-himalaya\/\">Leer m\u00e1s&#8230;<span class=\"screen-reader-text\"> from Ayurslim 60 c\u00e1psulas &#8211; Himalaya<\/span><\/a><\/p>\n","protected":false},"featured_media":101546,"template":"","meta":{"_acf_changed":false},"product_brand":[8281],"product_cat":[7190,7701,7659,7195,7179],"product_tag":[],"class_list":{"0":"post-38759","1":"product","2":"type-product","3":"status-publish","4":"has-post-thumbnail","6":"product_brand-himalaya","7":"product_cat-adelgazar","8":"product_cat-garcinia-cambogia-es","9":"product_cat-ingrediente-natural-bio","10":"product_cat-quemagrasas","11":"product_cat-salud","13":"first","14":"instock","15":"shipping-taxable","16":"purchasable","17":"product-type-simple","18":"add-to-wishlist-before_image"},"acf":[],"yoast_head":"<!-- This site is optimized with the Yoast SEO Premium plugin v27.1 (Yoast SEO v27.4) - https:\/\/yoast.com\/product\/yoast-seo-premium-wordpress\/ -->\n<title>Ayurslim 60 c\u00e1psulas Himalaya - Lifenatura<\/title>\n<meta name=\"description\" content=\"Ayurslim es una f\u00f3rmula segura y eficaz a base de plantas cl\u00ednicamente comprobada, que ayuda a regular la producci\u00f3n y el uso de grasas.\" \/>\n<meta name=\"robots\" content=\"index, follow, max-snippet:-1, max-image-preview:large, max-video-preview:-1\" \/>\n<link rel=\"canonical\" href=\"https:\/\/www.lifenatura.com\/es\/produto\/ayurslim-60-capsulas-himalaya\/\" \/>\n<meta property=\"og:locale\" content=\"es_ES\" \/>\n<meta property=\"og:type\" content=\"article\" \/>\n<meta property=\"og:title\" content=\"Ayurslim 60 c\u00e1psulas - Himalaya - Na Lifenatura ao Melhor Pre\u00e7o | Envio 48h\" \/>\n<meta property=\"og:description\" content=\"Compre Ayurslim 60 c\u00e1psulas - Himalaya com envio r\u00e1pido. Entrega em 48h e portes gr\u00e1tis em compras &gt;35\u20ac. Aproveite j\u00e1 na Lifenatura\" \/>\n<meta property=\"og:url\" content=\"https:\/\/www.lifenatura.com\/es\/produto\/ayurslim-60-capsulas-himalaya\/\" \/>\n<meta property=\"og:site_name\" content=\"Lifenatura\" \/>\n<meta property=\"article:publisher\" content=\"https:\/\/www.facebook.com\/lifenatura\" \/>\n<meta property=\"article:modified_time\" content=\"2026-02-17T07:57:37+00:00\" \/>\n<meta property=\"og:image\" content=\"https:\/\/www.lifenatura.com\/wp-content\/uploads\/2021\/09\/ayurslim-60-capsulas-himalaya.jpg\" \/>\n\t<meta property=\"og:image:width\" content=\"1000\" \/>\n\t<meta property=\"og:image:height\" content=\"1000\" \/>\n\t<meta property=\"og:image:type\" content=\"image\/jpeg\" \/>\n<meta name=\"twitter:card\" content=\"summary_large_image\" \/>\n<meta name=\"twitter:label1\" content=\"Precio\" \/>\n\t<meta name=\"twitter:data1\" content=\"9,80&nbsp;&euro;\" \/>\n\t<meta name=\"twitter:label2\" content=\"Disponibilidad\" \/>\n\t<meta name=\"twitter:data2\" content=\"Disponible\" \/>\n<script type=\"application\/ld+json\" class=\"yoast-schema-graph\">{\"@context\":\"https:\\\/\\\/schema.org\",\"@graph\":[{\"@type\":\"WebPage\",\"@id\":\"https:\\\/\\\/www.lifenatura.com\\\/es\\\/produto\\\/ayurslim-60-capsulas-himalaya\\\/\",\"url\":\"https:\\\/\\\/www.lifenatura.com\\\/es\\\/produto\\\/ayurslim-60-capsulas-himalaya\\\/\",\"name\":\"Ayurslim 60 c\u00e1psulas Himalaya - Lifenatura\",\"isPartOf\":{\"@id\":\"https:\\\/\\\/www.lifenatura.com\\\/es\\\/#website\"},\"primaryImageOfPage\":{\"@id\":\"https:\\\/\\\/www.lifenatura.com\\\/es\\\/produto\\\/ayurslim-60-capsulas-himalaya\\\/#primaryimage\"},\"image\":{\"@id\":\"https:\\\/\\\/www.lifenatura.com\\\/es\\\/produto\\\/ayurslim-60-capsulas-himalaya\\\/#primaryimage\"},\"thumbnailUrl\":\"https:\\\/\\\/www.lifenatura.com\\\/wp-content\\\/uploads\\\/2021\\\/09\\\/ayurslim-60-capsulas-himalaya.jpg\",\"datePublished\":\"2021-09-30T10:11:49+00:00\",\"dateModified\":\"2026-02-17T07:57:37+00:00\",\"description\":\"Ayurslim es una f\u00f3rmula segura y eficaz a base de plantas cl\u00ednicamente comprobada, que ayuda a regular la producci\u00f3n y el uso de grasas.\",\"breadcrumb\":{\"@id\":\"https:\\\/\\\/www.lifenatura.com\\\/es\\\/produto\\\/ayurslim-60-capsulas-himalaya\\\/#breadcrumb\"},\"inLanguage\":\"es\",\"potentialAction\":[{\"@type\":\"ReadAction\",\"target\":[\"https:\\\/\\\/www.lifenatura.com\\\/es\\\/produto\\\/ayurslim-60-capsulas-himalaya\\\/\"]}]},{\"@type\":\"ImageObject\",\"inLanguage\":\"es\",\"@id\":\"https:\\\/\\\/www.lifenatura.com\\\/es\\\/produto\\\/ayurslim-60-capsulas-himalaya\\\/#primaryimage\",\"url\":\"https:\\\/\\\/www.lifenatura.com\\\/wp-content\\\/uploads\\\/2021\\\/09\\\/ayurslim-60-capsulas-himalaya.jpg\",\"contentUrl\":\"https:\\\/\\\/www.lifenatura.com\\\/wp-content\\\/uploads\\\/2021\\\/09\\\/ayurslim-60-capsulas-himalaya.jpg\",\"width\":1000,\"height\":1000,\"caption\":\"Ayurslim da marca Himalaya\"},{\"@type\":\"BreadcrumbList\",\"@id\":\"https:\\\/\\\/www.lifenatura.com\\\/es\\\/produto\\\/ayurslim-60-capsulas-himalaya\\\/#breadcrumb\",\"itemListElement\":[{\"@type\":\"ListItem\",\"position\":1,\"name\":\"In\u00edcio\",\"item\":\"https:\\\/\\\/www.lifenatura.com\\\/es\\\/\"},{\"@type\":\"ListItem\",\"position\":2,\"name\":\"Todos los Productos\",\"item\":\"https:\\\/\\\/www.lifenatura.com\\\/es\\\/tienda\\\/\"},{\"@type\":\"ListItem\",\"position\":3,\"name\":\"Ayurslim 60 c\u00e1psulas &#8211; Himalaya\"}]},{\"@type\":\"WebSite\",\"@id\":\"https:\\\/\\\/www.lifenatura.com\\\/es\\\/#website\",\"url\":\"https:\\\/\\\/www.lifenatura.com\\\/es\\\/\",\"name\":\"Lifenatura\",\"description\":\"A Lifenatura \u00e9 uma loja de produtos naturais, cosm\u00e9tica natural e alimenta\u00e7\u00e3o Biol\u00f3gica.\",\"publisher\":{\"@id\":\"https:\\\/\\\/www.lifenatura.com\\\/es\\\/#organization\"},\"potentialAction\":[{\"@type\":\"SearchAction\",\"target\":{\"@type\":\"EntryPoint\",\"urlTemplate\":\"https:\\\/\\\/www.lifenatura.com\\\/es\\\/?s={search_term_string}\"},\"query-input\":{\"@type\":\"PropertyValueSpecification\",\"valueRequired\":true,\"valueName\":\"search_term_string\"}}],\"inLanguage\":\"es\"},{\"@type\":\"Organization\",\"@id\":\"https:\\\/\\\/www.lifenatura.com\\\/es\\\/#organization\",\"name\":\"Lifenatura\",\"url\":\"https:\\\/\\\/www.lifenatura.com\\\/es\\\/\",\"logo\":{\"@type\":\"ImageObject\",\"inLanguage\":\"es\",\"@id\":\"https:\\\/\\\/www.lifenatura.com\\\/es\\\/#\\\/schema\\\/logo\\\/image\\\/\",\"url\":\"https:\\\/\\\/www.lifenatura.com\\\/wp-content\\\/uploads\\\/2021\\\/07\\\/logo.png\",\"contentUrl\":\"https:\\\/\\\/www.lifenatura.com\\\/wp-content\\\/uploads\\\/2021\\\/07\\\/logo.png\",\"width\":175,\"height\":55,\"caption\":\"Lifenatura\"},\"image\":{\"@id\":\"https:\\\/\\\/www.lifenatura.com\\\/es\\\/#\\\/schema\\\/logo\\\/image\\\/\"},\"sameAs\":[\"https:\\\/\\\/www.facebook.com\\\/lifenatura\",\"https:\\\/\\\/www.instagram.com\\\/lifenaturapt\\\/\"],\"hasMerchantReturnPolicy\":{\"@type\":\"MerchantReturnPolicy\",\"merchantReturnLink\":\"https:\\\/\\\/www.lifenatura.com\\\/termos-condicoes-lifenatura\\\/\"}}]}<\/script>\n<meta property=\"product:price:amount\" content=\"9.80\" \/>\n<meta property=\"product:price:currency\" content=\"EUR\" \/>\n<meta property=\"og:availability\" content=\"instock\" \/>\n<meta property=\"product:availability\" content=\"instock\" \/>\n<meta property=\"product:retailer_item_id\" content=\"8901138011000\" \/>\n<meta property=\"product:condition\" content=\"new\" \/>\n<!-- \/ Yoast SEO Premium plugin. -->","yoast_head_json":{"title":"Ayurslim 60 c\u00e1psulas Himalaya - Lifenatura","description":"Ayurslim es una f\u00f3rmula segura y eficaz a base de plantas cl\u00ednicamente comprobada, que ayuda a regular la producci\u00f3n y el uso de grasas.","robots":{"index":"index","follow":"follow","max-snippet":"max-snippet:-1","max-image-preview":"max-image-preview:large","max-video-preview":"max-video-preview:-1"},"canonical":"https:\/\/www.lifenatura.com\/es\/produto\/ayurslim-60-capsulas-himalaya\/","og_locale":"es_ES","og_type":"article","og_title":"Ayurslim 60 c\u00e1psulas - Himalaya - Na Lifenatura ao Melhor Pre\u00e7o | Envio 48h","og_description":"Compre Ayurslim 60 c\u00e1psulas - Himalaya com envio r\u00e1pido. Entrega em 48h e portes gr\u00e1tis em compras >35\u20ac. Aproveite j\u00e1 na Lifenatura","og_url":"https:\/\/www.lifenatura.com\/es\/produto\/ayurslim-60-capsulas-himalaya\/","og_site_name":"Lifenatura","article_publisher":"https:\/\/www.facebook.com\/lifenatura","article_modified_time":"2026-02-17T07:57:37+00:00","og_image":[{"width":1000,"height":1000,"url":"https:\/\/www.lifenatura.com\/wp-content\/uploads\/2021\/09\/ayurslim-60-capsulas-himalaya.jpg","type":"image\/jpeg"}],"twitter_card":"summary_large_image","twitter_misc":{"Precio":"9,80&nbsp;&euro;","Disponibilidad":"Disponible"},"schema":{"@context":"https:\/\/schema.org","@graph":[{"@type":"WebPage","@id":"https:\/\/www.lifenatura.com\/es\/produto\/ayurslim-60-capsulas-himalaya\/","url":"https:\/\/www.lifenatura.com\/es\/produto\/ayurslim-60-capsulas-himalaya\/","name":"Ayurslim 60 c\u00e1psulas Himalaya - Lifenatura","isPartOf":{"@id":"https:\/\/www.lifenatura.com\/es\/#website"},"primaryImageOfPage":{"@id":"https:\/\/www.lifenatura.com\/es\/produto\/ayurslim-60-capsulas-himalaya\/#primaryimage"},"image":{"@id":"https:\/\/www.lifenatura.com\/es\/produto\/ayurslim-60-capsulas-himalaya\/#primaryimage"},"thumbnailUrl":"https:\/\/www.lifenatura.com\/wp-content\/uploads\/2021\/09\/ayurslim-60-capsulas-himalaya.jpg","datePublished":"2021-09-30T10:11:49+00:00","dateModified":"2026-02-17T07:57:37+00:00","description":"Ayurslim es una f\u00f3rmula segura y eficaz a base de plantas cl\u00ednicamente comprobada, que ayuda a regular la producci\u00f3n y el uso de grasas.","breadcrumb":{"@id":"https:\/\/www.lifenatura.com\/es\/produto\/ayurslim-60-capsulas-himalaya\/#breadcrumb"},"inLanguage":"es","potentialAction":[{"@type":"ReadAction","target":["https:\/\/www.lifenatura.com\/es\/produto\/ayurslim-60-capsulas-himalaya\/"]}]},{"@type":"ImageObject","inLanguage":"es","@id":"https:\/\/www.lifenatura.com\/es\/produto\/ayurslim-60-capsulas-himalaya\/#primaryimage","url":"https:\/\/www.lifenatura.com\/wp-content\/uploads\/2021\/09\/ayurslim-60-capsulas-himalaya.jpg","contentUrl":"https:\/\/www.lifenatura.com\/wp-content\/uploads\/2021\/09\/ayurslim-60-capsulas-himalaya.jpg","width":1000,"height":1000,"caption":"Ayurslim da marca Himalaya"},{"@type":"BreadcrumbList","@id":"https:\/\/www.lifenatura.com\/es\/produto\/ayurslim-60-capsulas-himalaya\/#breadcrumb","itemListElement":[{"@type":"ListItem","position":1,"name":"In\u00edcio","item":"https:\/\/www.lifenatura.com\/es\/"},{"@type":"ListItem","position":2,"name":"Todos los Productos","item":"https:\/\/www.lifenatura.com\/es\/tienda\/"},{"@type":"ListItem","position":3,"name":"Ayurslim 60 c\u00e1psulas &#8211; Himalaya"}]},{"@type":"WebSite","@id":"https:\/\/www.lifenatura.com\/es\/#website","url":"https:\/\/www.lifenatura.com\/es\/","name":"Lifenatura","description":"A Lifenatura \u00e9 uma loja de produtos naturais, cosm\u00e9tica natural e alimenta\u00e7\u00e3o Biol\u00f3gica.","publisher":{"@id":"https:\/\/www.lifenatura.com\/es\/#organization"},"potentialAction":[{"@type":"SearchAction","target":{"@type":"EntryPoint","urlTemplate":"https:\/\/www.lifenatura.com\/es\/?s={search_term_string}"},"query-input":{"@type":"PropertyValueSpecification","valueRequired":true,"valueName":"search_term_string"}}],"inLanguage":"es"},{"@type":"Organization","@id":"https:\/\/www.lifenatura.com\/es\/#organization","name":"Lifenatura","url":"https:\/\/www.lifenatura.com\/es\/","logo":{"@type":"ImageObject","inLanguage":"es","@id":"https:\/\/www.lifenatura.com\/es\/#\/schema\/logo\/image\/","url":"https:\/\/www.lifenatura.com\/wp-content\/uploads\/2021\/07\/logo.png","contentUrl":"https:\/\/www.lifenatura.com\/wp-content\/uploads\/2021\/07\/logo.png","width":175,"height":55,"caption":"Lifenatura"},"image":{"@id":"https:\/\/www.lifenatura.com\/es\/#\/schema\/logo\/image\/"},"sameAs":["https:\/\/www.facebook.com\/lifenatura","https:\/\/www.instagram.com\/lifenaturapt\/"],"hasMerchantReturnPolicy":{"@type":"MerchantReturnPolicy","merchantReturnLink":"https:\/\/www.lifenatura.com\/termos-condicoes-lifenatura\/"}}]},"product_price_amount":"9.80","product_price_currency":"EUR","og_availability":"instock","product_availability":"instock","product_retailer_item_id":"8901138011000","product_condition":"new"},"df_price":9.8,"df_sale_price":"","df_regular_price":9.8,"df_image_link":"https:\/\/www.lifenatura.com\/wp-content\/uploads\/2021\/09\/ayurslim-60-capsulas-himalaya-300x300.jpg","_links":{"self":[{"href":"https:\/\/www.lifenatura.com\/es\/wp-json\/wp\/v2\/product\/38759","targetHints":{"allow":["GET"]}}],"collection":[{"href":"https:\/\/www.lifenatura.com\/es\/wp-json\/wp\/v2\/product"}],"about":[{"href":"https:\/\/www.lifenatura.com\/es\/wp-json\/wp\/v2\/types\/product"}],"wp:featuredmedia":[{"embeddable":true,"href":"https:\/\/www.lifenatura.com\/es\/wp-json\/wp\/v2\/media\/101546"}],"wp:attachment":[{"href":"https:\/\/www.lifenatura.com\/es\/wp-json\/wp\/v2\/media?parent=38759"}],"wp:term":[{"taxonomy":"product_brand","embeddable":true,"href":"https:\/\/www.lifenatura.com\/es\/wp-json\/wp\/v2\/product_brand?post=38759"},{"taxonomy":"product_cat","embeddable":true,"href":"https:\/\/www.lifenatura.com\/es\/wp-json\/wp\/v2\/product_cat?post=38759"},{"taxonomy":"product_tag","embeddable":true,"href":"https:\/\/www.lifenatura.com\/es\/wp-json\/wp\/v2\/product_tag?post=38759"}],"curies":[{"name":"wp","href":"https:\/\/api.w.org\/{rel}","templated":true}]}}