{"id":38754,"date":"2021-09-30T10:11:49","date_gmt":"2021-09-30T10:11:49","guid":{"rendered":"https:\/\/lifenatura.dev.agenciagetdigital.com\/produto\/mico-pneumo-30-capsulas-hifas-da-terra\/"},"modified":"2026-02-17T07:57:35","modified_gmt":"2026-02-17T07:57:35","slug":"mico-pneumo-30-capsulas-hifas-da-terra","status":"publish","type":"product","link":"https:\/\/www.lifenatura.com\/es\/produto\/mico-pneumo-30-capsulas-hifas-da-terra\/","title":{"rendered":"Mico-Pneumo 2.0 &#8211; Hifas da Terra"},"content":{"rendered":"<p>Mico-Pneumo 30 c\u00e1psulas &#8211; Hifas da Terra es indicado para el Sistema Inmunitario Mico-Pne (Pneumo) es la f\u00f3rmula exclusiva dise\u00f1ada para satisfacer las necesidades espec\u00edficas de cada paciente. Contiene una variedad de ingredientes bioactivos que provienen de hongos que son beneficiosos para la salud:\u03b2-glucanos, \u03b1-glucanos, triterpenos, oligosac\u00e1ridos, prote\u00ednas, antioxidantes, amino\u00e1cidos esenciales, oligoelementos, vitaminas, minerales, etc. Mico-Pne Pneumo) contribuye a una mejor calidad de vida y un mejor estado nutricional. PRESENTACI\u00d3N 30 C\u00e1psulas.<\/p>\n","protected":false},"excerpt":{"rendered":"<p>Mico-Pneumo 30 c\u00e1psulas &#8211; Hifas da Terra es indicado para el Sistema Inmunitario Mico-Pne (Pneumo) es la f\u00f3rmula exclusiva dise\u00f1ada para satisfacer las necesidades espec\u00edficas de cada paciente. Contiene una variedad de ingredientes bioactivos que provienen de hongos que son beneficiosos para la salud:\u03b2-glucanos, \u03b1-glucanos, triterpenos, oligosac\u00e1ridos, prote\u00ednas, antioxidantes, amino\u00e1cidos esenciales, oligoelementos, vitaminas, minerales, etc. [&#8230;]<\/p>\n<p><a class=\"btn btn-secondary understrap-read-more-link\" href=\"https:\/\/www.lifenatura.com\/es\/produto\/mico-pneumo-30-capsulas-hifas-da-terra\/\">Leer m\u00e1s&#8230;<span class=\"screen-reader-text\"> from Mico-Pneumo 2.0 &#8211; Hifas da Terra<\/span><\/a><\/p>\n","protected":false},"featured_media":111122,"template":"","meta":{"_acf_changed":false},"product_brand":[8558],"product_cat":[7211,7179],"product_tag":[],"class_list":{"0":"post-38754","1":"product","2":"type-product","3":"status-publish","4":"has-post-thumbnail","6":"product_brand-hifas-da-terra-es","7":"product_cat-reforza-la-inmunidad-salud","8":"product_cat-salud","10":"first","11":"instock","12":"shipping-taxable","13":"purchasable","14":"product-type-simple","15":"add-to-wishlist-before_image"},"acf":[],"yoast_head":"<!-- This site is optimized with the Yoast SEO Premium plugin v27.1 (Yoast SEO v27.5) - https:\/\/yoast.com\/product\/yoast-seo-premium-wordpress\/ -->\n<title>Mico-Pneumo 2.0 Hifas da Terra - Lifenatura<\/title>\n<meta name=\"description\" content=\"Mico-Pneumo es la f\u00f3rmula exclusiva dise\u00f1ada para satisfacer las necesidades espec\u00edficas de cada paciente, contribuye a una mejor calidad de vida.\" \/>\n<meta name=\"robots\" content=\"index, follow, max-snippet:-1, max-image-preview:large, max-video-preview:-1\" \/>\n<link rel=\"canonical\" href=\"https:\/\/www.lifenatura.com\/es\/produto\/mico-pneumo-30-capsulas-hifas-da-terra\/\" \/>\n<meta property=\"og:locale\" content=\"es_ES\" \/>\n<meta property=\"og:type\" content=\"article\" \/>\n<meta property=\"og:title\" content=\"Mico-Pneumo 2.0 - Hifas da Terra - Na Lifenatura ao Melhor Pre\u00e7o | Envio 48h\" \/>\n<meta property=\"og:description\" content=\"Compre Mico-Pneumo 2.0 - Hifas da Terra com envio r\u00e1pido. Entrega em 48h e portes gr\u00e1tis em compras &gt;35\u20ac. Aproveite j\u00e1 na Lifenatura\" \/>\n<meta property=\"og:url\" content=\"https:\/\/www.lifenatura.com\/es\/produto\/mico-pneumo-30-capsulas-hifas-da-terra\/\" \/>\n<meta property=\"og:site_name\" content=\"Lifenatura\" \/>\n<meta property=\"article:publisher\" content=\"https:\/\/www.facebook.com\/lifenatura\" \/>\n<meta property=\"article:modified_time\" content=\"2026-02-17T07:57:35+00:00\" \/>\n<meta property=\"og:image\" content=\"https:\/\/www.lifenatura.com\/wp-content\/uploads\/2021\/09\/mico-pneumo-2-0-hifas-da-terra.jpg\" \/>\n\t<meta property=\"og:image:width\" content=\"1000\" \/>\n\t<meta property=\"og:image:height\" content=\"1000\" \/>\n\t<meta property=\"og:image:type\" content=\"image\/jpeg\" \/>\n<meta name=\"twitter:card\" content=\"summary_large_image\" \/>\n<meta name=\"twitter:label1\" content=\"Precio\" \/>\n\t<meta name=\"twitter:data1\" content=\"280,00&nbsp;&euro;\" \/>\n\t<meta name=\"twitter:label2\" content=\"Disponibilidad\" \/>\n\t<meta name=\"twitter:data2\" content=\"Disponible\" \/>\n<script type=\"application\/ld+json\" class=\"yoast-schema-graph\">{\"@context\":\"https:\\\/\\\/schema.org\",\"@graph\":[{\"@type\":\"WebPage\",\"@id\":\"https:\\\/\\\/www.lifenatura.com\\\/es\\\/produto\\\/mico-pneumo-30-capsulas-hifas-da-terra\\\/\",\"url\":\"https:\\\/\\\/www.lifenatura.com\\\/es\\\/produto\\\/mico-pneumo-30-capsulas-hifas-da-terra\\\/\",\"name\":\"Mico-Pneumo 2.0 Hifas da Terra - Lifenatura\",\"isPartOf\":{\"@id\":\"https:\\\/\\\/www.lifenatura.com\\\/es\\\/#website\"},\"primaryImageOfPage\":{\"@id\":\"https:\\\/\\\/www.lifenatura.com\\\/es\\\/produto\\\/mico-pneumo-30-capsulas-hifas-da-terra\\\/#primaryimage\"},\"image\":{\"@id\":\"https:\\\/\\\/www.lifenatura.com\\\/es\\\/produto\\\/mico-pneumo-30-capsulas-hifas-da-terra\\\/#primaryimage\"},\"thumbnailUrl\":\"https:\\\/\\\/www.lifenatura.com\\\/wp-content\\\/uploads\\\/2021\\\/09\\\/mico-pneumo-2-0-hifas-da-terra.jpg\",\"datePublished\":\"2021-09-30T10:11:49+00:00\",\"dateModified\":\"2026-02-17T07:57:35+00:00\",\"description\":\"Mico-Pneumo es la f\u00f3rmula exclusiva dise\u00f1ada para satisfacer las necesidades espec\u00edficas de cada paciente, contribuye a una mejor calidad de vida.\",\"breadcrumb\":{\"@id\":\"https:\\\/\\\/www.lifenatura.com\\\/es\\\/produto\\\/mico-pneumo-30-capsulas-hifas-da-terra\\\/#breadcrumb\"},\"inLanguage\":\"es\",\"potentialAction\":[{\"@type\":\"ReadAction\",\"target\":[\"https:\\\/\\\/www.lifenatura.com\\\/es\\\/produto\\\/mico-pneumo-30-capsulas-hifas-da-terra\\\/\"]}]},{\"@type\":\"ImageObject\",\"inLanguage\":\"es\",\"@id\":\"https:\\\/\\\/www.lifenatura.com\\\/es\\\/produto\\\/mico-pneumo-30-capsulas-hifas-da-terra\\\/#primaryimage\",\"url\":\"https:\\\/\\\/www.lifenatura.com\\\/wp-content\\\/uploads\\\/2021\\\/09\\\/mico-pneumo-2-0-hifas-da-terra.jpg\",\"contentUrl\":\"https:\\\/\\\/www.lifenatura.com\\\/wp-content\\\/uploads\\\/2021\\\/09\\\/mico-pneumo-2-0-hifas-da-terra.jpg\",\"width\":1000,\"height\":1000,\"caption\":\"Mico Pneumo da marca Hifas da Terra\"},{\"@type\":\"BreadcrumbList\",\"@id\":\"https:\\\/\\\/www.lifenatura.com\\\/es\\\/produto\\\/mico-pneumo-30-capsulas-hifas-da-terra\\\/#breadcrumb\",\"itemListElement\":[{\"@type\":\"ListItem\",\"position\":1,\"name\":\"In\u00edcio\",\"item\":\"https:\\\/\\\/www.lifenatura.com\\\/es\\\/\"},{\"@type\":\"ListItem\",\"position\":2,\"name\":\"Todos los Productos\",\"item\":\"https:\\\/\\\/www.lifenatura.com\\\/es\\\/tienda\\\/\"},{\"@type\":\"ListItem\",\"position\":3,\"name\":\"Mico-Pneumo 2.0 &#8211; Hifas da Terra\"}]},{\"@type\":\"WebSite\",\"@id\":\"https:\\\/\\\/www.lifenatura.com\\\/es\\\/#website\",\"url\":\"https:\\\/\\\/www.lifenatura.com\\\/es\\\/\",\"name\":\"Lifenatura\",\"description\":\"A Lifenatura \u00e9 uma loja de produtos naturais, cosm\u00e9tica natural e alimenta\u00e7\u00e3o Biol\u00f3gica.\",\"publisher\":{\"@id\":\"https:\\\/\\\/www.lifenatura.com\\\/es\\\/#organization\"},\"potentialAction\":[{\"@type\":\"SearchAction\",\"target\":{\"@type\":\"EntryPoint\",\"urlTemplate\":\"https:\\\/\\\/www.lifenatura.com\\\/es\\\/?s={search_term_string}\"},\"query-input\":{\"@type\":\"PropertyValueSpecification\",\"valueRequired\":true,\"valueName\":\"search_term_string\"}}],\"inLanguage\":\"es\"},{\"@type\":\"Organization\",\"@id\":\"https:\\\/\\\/www.lifenatura.com\\\/es\\\/#organization\",\"name\":\"Lifenatura\",\"url\":\"https:\\\/\\\/www.lifenatura.com\\\/es\\\/\",\"logo\":{\"@type\":\"ImageObject\",\"inLanguage\":\"es\",\"@id\":\"https:\\\/\\\/www.lifenatura.com\\\/es\\\/#\\\/schema\\\/logo\\\/image\\\/\",\"url\":\"https:\\\/\\\/www.lifenatura.com\\\/wp-content\\\/uploads\\\/2021\\\/07\\\/logo.png\",\"contentUrl\":\"https:\\\/\\\/www.lifenatura.com\\\/wp-content\\\/uploads\\\/2021\\\/07\\\/logo.png\",\"width\":175,\"height\":55,\"caption\":\"Lifenatura\"},\"image\":{\"@id\":\"https:\\\/\\\/www.lifenatura.com\\\/es\\\/#\\\/schema\\\/logo\\\/image\\\/\"},\"sameAs\":[\"https:\\\/\\\/www.facebook.com\\\/lifenatura\",\"https:\\\/\\\/www.instagram.com\\\/lifenaturapt\\\/\"],\"hasMerchantReturnPolicy\":{\"@type\":\"MerchantReturnPolicy\",\"merchantReturnLink\":\"https:\\\/\\\/www.lifenatura.com\\\/termos-condicoes-lifenatura\\\/\"}}]}<\/script>\n<meta property=\"product:price:amount\" content=\"280.00\" \/>\n<meta property=\"product:price:currency\" content=\"EUR\" \/>\n<meta property=\"og:availability\" content=\"instock\" \/>\n<meta property=\"product:availability\" content=\"instock\" \/>\n<meta property=\"product:retailer_item_id\" content=\"8437014699265\" \/>\n<meta property=\"product:condition\" content=\"new\" \/>\n<!-- \/ Yoast SEO Premium plugin. -->","yoast_head_json":{"title":"Mico-Pneumo 2.0 Hifas da Terra - Lifenatura","description":"Mico-Pneumo es la f\u00f3rmula exclusiva dise\u00f1ada para satisfacer las necesidades espec\u00edficas de cada paciente, contribuye a una mejor calidad de vida.","robots":{"index":"index","follow":"follow","max-snippet":"max-snippet:-1","max-image-preview":"max-image-preview:large","max-video-preview":"max-video-preview:-1"},"canonical":"https:\/\/www.lifenatura.com\/es\/produto\/mico-pneumo-30-capsulas-hifas-da-terra\/","og_locale":"es_ES","og_type":"article","og_title":"Mico-Pneumo 2.0 - Hifas da Terra - Na Lifenatura ao Melhor Pre\u00e7o | Envio 48h","og_description":"Compre Mico-Pneumo 2.0 - Hifas da Terra com envio r\u00e1pido. Entrega em 48h e portes gr\u00e1tis em compras >35\u20ac. Aproveite j\u00e1 na Lifenatura","og_url":"https:\/\/www.lifenatura.com\/es\/produto\/mico-pneumo-30-capsulas-hifas-da-terra\/","og_site_name":"Lifenatura","article_publisher":"https:\/\/www.facebook.com\/lifenatura","article_modified_time":"2026-02-17T07:57:35+00:00","og_image":[{"width":1000,"height":1000,"url":"https:\/\/www.lifenatura.com\/wp-content\/uploads\/2021\/09\/mico-pneumo-2-0-hifas-da-terra.jpg","type":"image\/jpeg"}],"twitter_card":"summary_large_image","twitter_misc":{"Precio":"280,00&nbsp;&euro;","Disponibilidad":"Disponible"},"schema":{"@context":"https:\/\/schema.org","@graph":[{"@type":"WebPage","@id":"https:\/\/www.lifenatura.com\/es\/produto\/mico-pneumo-30-capsulas-hifas-da-terra\/","url":"https:\/\/www.lifenatura.com\/es\/produto\/mico-pneumo-30-capsulas-hifas-da-terra\/","name":"Mico-Pneumo 2.0 Hifas da Terra - Lifenatura","isPartOf":{"@id":"https:\/\/www.lifenatura.com\/es\/#website"},"primaryImageOfPage":{"@id":"https:\/\/www.lifenatura.com\/es\/produto\/mico-pneumo-30-capsulas-hifas-da-terra\/#primaryimage"},"image":{"@id":"https:\/\/www.lifenatura.com\/es\/produto\/mico-pneumo-30-capsulas-hifas-da-terra\/#primaryimage"},"thumbnailUrl":"https:\/\/www.lifenatura.com\/wp-content\/uploads\/2021\/09\/mico-pneumo-2-0-hifas-da-terra.jpg","datePublished":"2021-09-30T10:11:49+00:00","dateModified":"2026-02-17T07:57:35+00:00","description":"Mico-Pneumo es la f\u00f3rmula exclusiva dise\u00f1ada para satisfacer las necesidades espec\u00edficas de cada paciente, contribuye a una mejor calidad de vida.","breadcrumb":{"@id":"https:\/\/www.lifenatura.com\/es\/produto\/mico-pneumo-30-capsulas-hifas-da-terra\/#breadcrumb"},"inLanguage":"es","potentialAction":[{"@type":"ReadAction","target":["https:\/\/www.lifenatura.com\/es\/produto\/mico-pneumo-30-capsulas-hifas-da-terra\/"]}]},{"@type":"ImageObject","inLanguage":"es","@id":"https:\/\/www.lifenatura.com\/es\/produto\/mico-pneumo-30-capsulas-hifas-da-terra\/#primaryimage","url":"https:\/\/www.lifenatura.com\/wp-content\/uploads\/2021\/09\/mico-pneumo-2-0-hifas-da-terra.jpg","contentUrl":"https:\/\/www.lifenatura.com\/wp-content\/uploads\/2021\/09\/mico-pneumo-2-0-hifas-da-terra.jpg","width":1000,"height":1000,"caption":"Mico Pneumo da marca Hifas da Terra"},{"@type":"BreadcrumbList","@id":"https:\/\/www.lifenatura.com\/es\/produto\/mico-pneumo-30-capsulas-hifas-da-terra\/#breadcrumb","itemListElement":[{"@type":"ListItem","position":1,"name":"In\u00edcio","item":"https:\/\/www.lifenatura.com\/es\/"},{"@type":"ListItem","position":2,"name":"Todos los Productos","item":"https:\/\/www.lifenatura.com\/es\/tienda\/"},{"@type":"ListItem","position":3,"name":"Mico-Pneumo 2.0 &#8211; Hifas da Terra"}]},{"@type":"WebSite","@id":"https:\/\/www.lifenatura.com\/es\/#website","url":"https:\/\/www.lifenatura.com\/es\/","name":"Lifenatura","description":"A Lifenatura \u00e9 uma loja de produtos naturais, cosm\u00e9tica natural e alimenta\u00e7\u00e3o Biol\u00f3gica.","publisher":{"@id":"https:\/\/www.lifenatura.com\/es\/#organization"},"potentialAction":[{"@type":"SearchAction","target":{"@type":"EntryPoint","urlTemplate":"https:\/\/www.lifenatura.com\/es\/?s={search_term_string}"},"query-input":{"@type":"PropertyValueSpecification","valueRequired":true,"valueName":"search_term_string"}}],"inLanguage":"es"},{"@type":"Organization","@id":"https:\/\/www.lifenatura.com\/es\/#organization","name":"Lifenatura","url":"https:\/\/www.lifenatura.com\/es\/","logo":{"@type":"ImageObject","inLanguage":"es","@id":"https:\/\/www.lifenatura.com\/es\/#\/schema\/logo\/image\/","url":"https:\/\/www.lifenatura.com\/wp-content\/uploads\/2021\/07\/logo.png","contentUrl":"https:\/\/www.lifenatura.com\/wp-content\/uploads\/2021\/07\/logo.png","width":175,"height":55,"caption":"Lifenatura"},"image":{"@id":"https:\/\/www.lifenatura.com\/es\/#\/schema\/logo\/image\/"},"sameAs":["https:\/\/www.facebook.com\/lifenatura","https:\/\/www.instagram.com\/lifenaturapt\/"],"hasMerchantReturnPolicy":{"@type":"MerchantReturnPolicy","merchantReturnLink":"https:\/\/www.lifenatura.com\/termos-condicoes-lifenatura\/"}}]},"product_price_amount":"280.00","product_price_currency":"EUR","og_availability":"instock","product_availability":"instock","product_retailer_item_id":"8437014699265","product_condition":"new"},"df_price":280,"df_sale_price":"","df_regular_price":280,"df_image_link":"https:\/\/www.lifenatura.com\/wp-content\/uploads\/2021\/09\/mico-pneumo-2-0-hifas-da-terra-300x300.jpg","_links":{"self":[{"href":"https:\/\/www.lifenatura.com\/es\/wp-json\/wp\/v2\/product\/38754","targetHints":{"allow":["GET"]}}],"collection":[{"href":"https:\/\/www.lifenatura.com\/es\/wp-json\/wp\/v2\/product"}],"about":[{"href":"https:\/\/www.lifenatura.com\/es\/wp-json\/wp\/v2\/types\/product"}],"wp:featuredmedia":[{"embeddable":true,"href":"https:\/\/www.lifenatura.com\/es\/wp-json\/wp\/v2\/media\/111122"}],"wp:attachment":[{"href":"https:\/\/www.lifenatura.com\/es\/wp-json\/wp\/v2\/media?parent=38754"}],"wp:term":[{"taxonomy":"product_brand","embeddable":true,"href":"https:\/\/www.lifenatura.com\/es\/wp-json\/wp\/v2\/product_brand?post=38754"},{"taxonomy":"product_cat","embeddable":true,"href":"https:\/\/www.lifenatura.com\/es\/wp-json\/wp\/v2\/product_cat?post=38754"},{"taxonomy":"product_tag","embeddable":true,"href":"https:\/\/www.lifenatura.com\/es\/wp-json\/wp\/v2\/product_tag?post=38754"}],"curies":[{"name":"wp","href":"https:\/\/api.w.org\/{rel}","templated":true}]}}