{"id":38719,"date":"2021-09-30T10:11:13","date_gmt":"2021-09-30T10:11:13","guid":{"rendered":"https:\/\/lifenatura.dev.agenciagetdigital.com\/produto\/jalea-junior-15-ampolas-10-ml-herbora\/"},"modified":"2026-02-17T07:57:25","modified_gmt":"2026-02-17T07:57:25","slug":"jalea-junior-15-ampolas-10-ml-herbora","status":"publish","type":"product","link":"https:\/\/www.lifenatura.com\/es\/produto\/jalea-junior-15-ampolas-10-ml-herbora\/","title":{"rendered":"Jalea Junior 15 ampolas 10 ml &#8211; Herbora"},"content":{"rendered":"<p>Tonificante para Crian\u00e7as Jalea Junior da Herbora \u00e9 um suplemento alimentar \u00e0 base de geleia real liofilizada, complementado com L-Carnitina (combate o cansa\u00e7o prematuro), P\u00f3len (t\u00f3nico energ\u00e9tico e revitalizante), C\u00e1lcio (contribui para a forma\u00e7\u00e3o \u00f3ssea e funcionamento do cora\u00e7\u00e3o), Ferro (previne a anemia), Biotina (participa no processo de obten\u00e7\u00e3o de energia), Vit. C (crescimento e repara\u00e7\u00e3o dos tecidos, cartilagem, ossos e dentes), Vit. B1 e B6 (fundamentais para as fun\u00e7\u00f5es cerebrais), Vit. B12 (diminui o cansa\u00e7o e a fadiga e refor\u00e7a o Sistema Imunit\u00e1rio) e Vit. D3 (ajuda na forma\u00e7\u00e3o da massa \u00f3ssea). Desenvolvido para satisfazer as necessidades nutricionais dos jovens que est\u00e3o sujeitos a um maior esfor\u00e7o f\u00edsico e intelectual. APRESENTA\u00c7\u00c3O 15 ampolas 10 ml.<\/p>\n","protected":false},"excerpt":{"rendered":"<p>Tonificante para Crian\u00e7as Jalea Junior da Herbora \u00e9 um suplemento alimentar \u00e0 base de geleia real liofilizada, complementado com L-Carnitina (combate o cansa\u00e7o prematuro), P\u00f3len (t\u00f3nico energ\u00e9tico e revitalizante), C\u00e1lcio (contribui para a forma\u00e7\u00e3o \u00f3ssea e funcionamento do cora\u00e7\u00e3o), Ferro (previne a anemia), Biotina (participa no processo de obten\u00e7\u00e3o de energia), Vit. C (crescimento e [&#8230;]<\/p>\n<p><a class=\"btn btn-secondary understrap-read-more-link\" href=\"https:\/\/www.lifenatura.com\/es\/produto\/jalea-junior-15-ampolas-10-ml-herbora\/\">Leer m\u00e1s&#8230;<span class=\"screen-reader-text\"> from Jalea Junior 15 ampolas 10 ml &#8211; Herbora<\/span><\/a><\/p>\n","protected":false},"featured_media":0,"template":"","meta":{"_acf_changed":false},"product_brand":[8475],"product_cat":[7659,7164,7728,7180,7179,7189],"product_tag":[],"class_list":{"0":"post-38719","1":"product","2":"type-product","3":"status-publish","5":"product_brand-herbora","6":"product_cat-ingrediente-natural-bio","7":"product_cat-jalea-real","8":"product_cat-l-carnitina-es","9":"product_cat-para-los-ninos","10":"product_cat-salud","11":"product_cat-vitaminas-kids-para-ninos","13":"first","14":"instock","15":"shipping-taxable","16":"purchasable","17":"product-type-simple","18":"add-to-wishlist-before_image"},"acf":[],"yoast_head":"<!-- This site is optimized with the Yoast SEO Premium plugin v27.1 (Yoast SEO v27.4) - https:\/\/yoast.com\/product\/yoast-seo-premium-wordpress\/ -->\n<title>Jalea Junior 15 ampolas 10 ml - Herbora<\/title>\n<meta name=\"description\" content=\"Compre aqui o seu Jalea Junior 15 ampolas 10 ml - Herbora e a Lifenatura Online envia em 48 H com Portes Gratis &gt;35\u20ac de Pedido.\" \/>\n<meta name=\"robots\" content=\"index, follow, max-snippet:-1, max-image-preview:large, max-video-preview:-1\" \/>\n<link rel=\"canonical\" href=\"https:\/\/www.lifenatura.com\/produto\/jalea-junior-15-ampolas-10-ml-herbora\/\" \/>\n<meta property=\"og:locale\" content=\"es_ES\" \/>\n<meta property=\"og:type\" content=\"article\" \/>\n<meta property=\"og:title\" content=\"Jalea Junior 15 ampolas 10 ml - Herbora - Lifenatura\" \/>\n<meta property=\"og:description\" content=\"Compre aqui o seu Jalea Junior 15 ampolas 10 ml - Herbora e a Lifenatura Online envia em 48 H com Portes Gratis &gt;35\u20ac de Pedido.\" \/>\n<meta property=\"og:url\" content=\"https:\/\/www.lifenatura.com\/produto\/jalea-junior-15-ampolas-10-ml-herbora\/\" \/>\n<meta property=\"og:site_name\" content=\"Lifenatura\" \/>\n<meta property=\"article:publisher\" content=\"https:\/\/www.facebook.com\/lifenatura\" \/>\n<meta property=\"article:modified_time\" content=\"2026-02-17T07:57:25+00:00\" \/>\n<meta property=\"og:image\" content=\"https:\/\/www.lifenatura.com\/wp-content\/uploads\/2021\/07\/logo.png\" \/>\n\t<meta property=\"og:image:width\" content=\"175\" \/>\n\t<meta property=\"og:image:height\" content=\"55\" \/>\n\t<meta property=\"og:image:type\" content=\"image\/png\" \/>\n<meta name=\"twitter:card\" content=\"summary_large_image\" \/>\n<meta name=\"twitter:label1\" content=\"Precio\" \/>\n\t<meta name=\"twitter:data1\" content=\"23,73&nbsp;&euro;\" \/>\n\t<meta name=\"twitter:label2\" content=\"Disponibilidad\" \/>\n\t<meta name=\"twitter:data2\" content=\"Disponible\" \/>\n<meta property=\"product:price:amount\" content=\"23.73\" \/>\n<meta property=\"product:price:currency\" content=\"EUR\" \/>\n<meta property=\"og:availability\" content=\"instock\" \/>\n<meta property=\"product:availability\" content=\"instock\" \/>\n<meta property=\"product:retailer_item_id\" content=\"503111\" \/>\n<meta property=\"product:condition\" content=\"new\" \/>\n<!-- \/ Yoast SEO Premium plugin. -->","yoast_head_json":{"title":"Jalea Junior 15 ampolas 10 ml - Herbora","description":"Compre aqui o seu Jalea Junior 15 ampolas 10 ml - Herbora e a Lifenatura Online envia em 48 H com Portes Gratis >35\u20ac de Pedido.","robots":{"index":"index","follow":"follow","max-snippet":"max-snippet:-1","max-image-preview":"max-image-preview:large","max-video-preview":"max-video-preview:-1"},"canonical":"https:\/\/www.lifenatura.com\/produto\/jalea-junior-15-ampolas-10-ml-herbora\/","og_locale":"es_ES","og_type":"article","og_title":"Jalea Junior 15 ampolas 10 ml - Herbora - Lifenatura","og_description":"Compre aqui o seu Jalea Junior 15 ampolas 10 ml - Herbora e a Lifenatura Online envia em 48 H com Portes Gratis >35\u20ac de Pedido.","og_url":"https:\/\/www.lifenatura.com\/produto\/jalea-junior-15-ampolas-10-ml-herbora\/","og_site_name":"Lifenatura","article_publisher":"https:\/\/www.facebook.com\/lifenatura","article_modified_time":"2026-02-17T07:57:25+00:00","og_image":[{"width":175,"height":55,"url":"https:\/\/www.lifenatura.com\/wp-content\/uploads\/2021\/07\/logo.png","type":"image\/png"}],"twitter_card":"summary_large_image","twitter_misc":{"Precio":"23,73&nbsp;&euro;","Disponibilidad":"Disponible"},"schema":{"@context":"https:\/\/schema.org","@graph":[{"@type":"WebPage","@id":"https:\/\/www.lifenatura.com\/produto\/jalea-junior-15-ampolas-10-ml-herbora\/","url":"https:\/\/www.lifenatura.com\/produto\/jalea-junior-15-ampolas-10-ml-herbora\/","name":"Jalea Junior 15 ampolas 10 ml - Herbora","isPartOf":{"@id":"https:\/\/www.lifenatura.com\/#website"},"datePublished":"2021-09-30T10:11:13+00:00","dateModified":"2026-02-17T07:57:25+00:00","description":"Compre aqui o seu Jalea Junior 15 ampolas 10 ml - Herbora e a Lifenatura Online envia em 48 H com Portes Gratis >35\u20ac de Pedido.","breadcrumb":{"@id":"https:\/\/www.lifenatura.com\/produto\/jalea-junior-15-ampolas-10-ml-herbora\/#breadcrumb"},"inLanguage":"es","potentialAction":[{"@type":"ReadAction","target":["https:\/\/www.lifenatura.com\/produto\/jalea-junior-15-ampolas-10-ml-herbora\/"]}]},{"@type":"BreadcrumbList","@id":"https:\/\/www.lifenatura.com\/produto\/jalea-junior-15-ampolas-10-ml-herbora\/#breadcrumb","itemListElement":[{"@type":"ListItem","position":1,"name":"In\u00edcio","item":"https:\/\/www.lifenatura.com\/es\/"},{"@type":"ListItem","position":2,"name":"Todos los Productos","item":"https:\/\/www.lifenatura.com\/es\/tienda\/"},{"@type":"ListItem","position":3,"name":"Jalea Junior 15 ampolas 10 ml &#8211; Herbora"}]},{"@type":"WebSite","@id":"https:\/\/www.lifenatura.com\/#website","url":"https:\/\/www.lifenatura.com\/","name":"Lifenatura","description":"A Lifenatura \u00e9 uma loja de produtos naturais, cosm\u00e9tica natural e alimenta\u00e7\u00e3o Biol\u00f3gica.","publisher":{"@id":"https:\/\/www.lifenatura.com\/#organization"},"potentialAction":[{"@type":"SearchAction","target":{"@type":"EntryPoint","urlTemplate":"https:\/\/www.lifenatura.com\/?s={search_term_string}"},"query-input":{"@type":"PropertyValueSpecification","valueRequired":true,"valueName":"search_term_string"}}],"inLanguage":"es"},{"@type":"Organization","@id":"https:\/\/www.lifenatura.com\/#organization","name":"Lifenatura","url":"https:\/\/www.lifenatura.com\/","logo":{"@type":"ImageObject","inLanguage":"es","@id":"https:\/\/www.lifenatura.com\/#\/schema\/logo\/image\/","url":"https:\/\/www.lifenatura.com\/wp-content\/uploads\/2021\/11\/logo.png","contentUrl":"https:\/\/www.lifenatura.com\/wp-content\/uploads\/2021\/11\/logo.png","width":175,"height":55,"caption":"Lifenatura"},"image":{"@id":"https:\/\/www.lifenatura.com\/#\/schema\/logo\/image\/"},"sameAs":["https:\/\/www.facebook.com\/lifenatura","https:\/\/www.instagram.com\/lifenaturapt\/"]}]},"product_price_amount":"23.73","product_price_currency":"EUR","og_availability":"instock","product_availability":"instock","product_retailer_item_id":"503111","product_condition":"new"},"df_price":23.73,"df_sale_price":"","df_regular_price":23.73,"df_image_link":"https:\/\/www.lifenatura.com\/wp-content\/uploads\/woocommerce-placeholder-300x300.png","_links":{"self":[{"href":"https:\/\/www.lifenatura.com\/es\/wp-json\/wp\/v2\/product\/38719","targetHints":{"allow":["GET"]}}],"collection":[{"href":"https:\/\/www.lifenatura.com\/es\/wp-json\/wp\/v2\/product"}],"about":[{"href":"https:\/\/www.lifenatura.com\/es\/wp-json\/wp\/v2\/types\/product"}],"wp:attachment":[{"href":"https:\/\/www.lifenatura.com\/es\/wp-json\/wp\/v2\/media?parent=38719"}],"wp:term":[{"taxonomy":"product_brand","embeddable":true,"href":"https:\/\/www.lifenatura.com\/es\/wp-json\/wp\/v2\/product_brand?post=38719"},{"taxonomy":"product_cat","embeddable":true,"href":"https:\/\/www.lifenatura.com\/es\/wp-json\/wp\/v2\/product_cat?post=38719"},{"taxonomy":"product_tag","embeddable":true,"href":"https:\/\/www.lifenatura.com\/es\/wp-json\/wp\/v2\/product_tag?post=38719"}],"curies":[{"name":"wp","href":"https:\/\/api.w.org\/{rel}","templated":true}]}}