{"id":38673,"date":"2021-09-30T10:10:37","date_gmt":"2021-09-30T10:10:37","guid":{"rendered":"https:\/\/lifenatura.dev.agenciagetdigital.com\/produto\/artioptim-plus-ampolas-20-ampolas-de-10-ml-herbora\/"},"modified":"2026-02-17T07:56:59","modified_gmt":"2026-02-17T07:56:59","slug":"artioptim-plus-ampolas-20-ampolas-de-10-ml-herbora","status":"publish","type":"product","link":"https:\/\/www.lifenatura.com\/es\/produto\/artioptim-plus-ampolas-20-ampolas-de-10-ml-herbora\/","title":{"rendered":"Arti\u00f3ptim Plus Ampolas 20 ampolas de 10 ml &#8211; Herbora"},"content":{"rendered":"<p>Indicado para o Sistema Muscular Arti\u00f3ptim plus \u00e9 um produto que cont\u00e9m: Boswelia, Condroitina, MSM, C\u00farcuma, Harpag\u00f3fito, Colag\u00e9nio hidrolisado, Vitamina C, Magn\u00e9sio, Bromela\u00edna, \u00c1cido hialur\u00f3nico, Bamb\u00fa e Pimenta negra. \u00c9 f\u00f3rmula \u00fanica que ajuda a neutralizar problemas do sistema locomotor e \u00f3sseo, em particular problemas nas cartilagens. Com sabor a p\u00eassego e de f\u00e1cil absor\u00e7\u00e3o. Apto para Cel\u00edacos, Apto para diab\u00e9ticos e intolerantes \u00e0 lactose. APRESENTA\u00c7\u00c3O 20 ampolas de 10 ml.<\/p>\n","protected":false},"excerpt":{"rendered":"<p>Indicado para o Sistema Muscular Arti\u00f3ptim plus \u00e9 um produto que cont\u00e9m: Boswelia, Condroitina, MSM, C\u00farcuma, Harpag\u00f3fito, Colag\u00e9nio hidrolisado, Vitamina C, Magn\u00e9sio, Bromela\u00edna, \u00c1cido hialur\u00f3nico, Bamb\u00fa e Pimenta negra. \u00c9 f\u00f3rmula \u00fanica que ajuda a neutralizar problemas do sistema locomotor e \u00f3sseo, em particular problemas nas cartilagens. Com sabor a p\u00eassego e de f\u00e1cil absor\u00e7\u00e3o. [&#8230;]<\/p>\n<p><a class=\"btn btn-secondary understrap-read-more-link\" href=\"https:\/\/www.lifenatura.com\/es\/produto\/artioptim-plus-ampolas-20-ampolas-de-10-ml-herbora\/\">Leer m\u00e1s&#8230;<span class=\"screen-reader-text\"> from Arti\u00f3ptim Plus Ampolas 20 ampolas de 10 ml &#8211; Herbora<\/span><\/a><\/p>\n","protected":false},"featured_media":0,"template":"","meta":{"_acf_changed":false},"product_brand":[8475],"product_cat":[7665,7205,7689,7695,7659,7740,7179],"product_tag":[],"class_list":{"0":"post-38673","1":"product","2":"type-product","3":"status-publish","5":"product_brand-herbora","6":"product_cat-acido-hialuronico-bio","7":"product_cat-articulaciones","8":"product_cat-colagenio-natural","9":"product_cat-curcuma-bio","10":"product_cat-ingrediente-natural-bio","11":"product_cat-magnesio-es","12":"product_cat-salud","14":"first","15":"instock","16":"shipping-taxable","17":"purchasable","18":"product-type-simple","19":"add-to-wishlist-before_image"},"acf":[],"yoast_head":"<!-- This site is optimized with the Yoast SEO Premium plugin v27.1 (Yoast SEO v27.4) - https:\/\/yoast.com\/product\/yoast-seo-premium-wordpress\/ -->\n<title>Arti\u00f3ptim Plus Ampolas 20 ampolas de 10 ml - Herbora<\/title>\n<meta name=\"description\" content=\"Compre aqui o seu Arti\u00f3ptim Plus Ampolas 20 ampolas de 10 ml - Herbora e a Lifenatura Online envia em 48 H com Portes Gratis &gt;35\u20ac de Pedido.\" \/>\n<meta name=\"robots\" content=\"index, follow, max-snippet:-1, max-image-preview:large, max-video-preview:-1\" \/>\n<link rel=\"canonical\" href=\"https:\/\/www.lifenatura.com\/es\/produto\/artioptim-plus-ampolas-20-ampolas-de-10-ml-herbora\/\" \/>\n<meta property=\"og:locale\" content=\"es_ES\" \/>\n<meta property=\"og:type\" content=\"article\" \/>\n<meta property=\"og:title\" content=\"Arti\u00f3ptim Plus Ampolas 20 ampolas de 10 ml - Herbora - Lifenatura\" \/>\n<meta property=\"og:description\" content=\"Compre aqui o seu Arti\u00f3ptim Plus Ampolas 20 ampolas de 10 ml - Herbora e a Lifenatura Online envia em 48 H com Portes Gratis &gt;35\u20ac de Pedido.\" \/>\n<meta property=\"og:url\" content=\"https:\/\/www.lifenatura.com\/es\/produto\/artioptim-plus-ampolas-20-ampolas-de-10-ml-herbora\/\" \/>\n<meta property=\"og:site_name\" content=\"Lifenatura\" \/>\n<meta property=\"article:publisher\" content=\"https:\/\/www.facebook.com\/lifenatura\" \/>\n<meta property=\"article:modified_time\" content=\"2026-02-17T07:56:59+00:00\" \/>\n<meta property=\"og:image\" content=\"https:\/\/www.lifenatura.com\/wp-content\/uploads\/2021\/07\/logo.png\" \/>\n\t<meta property=\"og:image:width\" content=\"175\" \/>\n\t<meta property=\"og:image:height\" content=\"55\" \/>\n\t<meta property=\"og:image:type\" content=\"image\/png\" \/>\n<meta name=\"twitter:card\" content=\"summary_large_image\" \/>\n<meta name=\"twitter:label1\" content=\"Precio\" \/>\n\t<meta name=\"twitter:data1\" content=\"33,02&nbsp;&euro;\" \/>\n\t<meta name=\"twitter:label2\" content=\"Disponibilidad\" \/>\n\t<meta name=\"twitter:data2\" content=\"Disponible\" \/>\n<meta property=\"product:price:amount\" content=\"33.02\" \/>\n<meta property=\"product:price:currency\" content=\"EUR\" \/>\n<meta property=\"og:availability\" content=\"instock\" \/>\n<meta property=\"product:availability\" content=\"instock\" \/>\n<meta property=\"product:retailer_item_id\" content=\"H13203\" \/>\n<meta property=\"product:condition\" content=\"new\" \/>\n<!-- \/ Yoast SEO Premium plugin. -->","yoast_head_json":{"title":"Arti\u00f3ptim Plus Ampolas 20 ampolas de 10 ml - Herbora","description":"Compre aqui o seu Arti\u00f3ptim Plus Ampolas 20 ampolas de 10 ml - Herbora e a Lifenatura Online envia em 48 H com Portes Gratis >35\u20ac de Pedido.","robots":{"index":"index","follow":"follow","max-snippet":"max-snippet:-1","max-image-preview":"max-image-preview:large","max-video-preview":"max-video-preview:-1"},"canonical":"https:\/\/www.lifenatura.com\/es\/produto\/artioptim-plus-ampolas-20-ampolas-de-10-ml-herbora\/","og_locale":"es_ES","og_type":"article","og_title":"Arti\u00f3ptim Plus Ampolas 20 ampolas de 10 ml - Herbora - Lifenatura","og_description":"Compre aqui o seu Arti\u00f3ptim Plus Ampolas 20 ampolas de 10 ml - Herbora e a Lifenatura Online envia em 48 H com Portes Gratis >35\u20ac de Pedido.","og_url":"https:\/\/www.lifenatura.com\/es\/produto\/artioptim-plus-ampolas-20-ampolas-de-10-ml-herbora\/","og_site_name":"Lifenatura","article_publisher":"https:\/\/www.facebook.com\/lifenatura","article_modified_time":"2026-02-17T07:56:59+00:00","og_image":[{"width":175,"height":55,"url":"https:\/\/www.lifenatura.com\/wp-content\/uploads\/2021\/07\/logo.png","type":"image\/png"}],"twitter_card":"summary_large_image","twitter_misc":{"Precio":"33,02&nbsp;&euro;","Disponibilidad":"Disponible"},"schema":{"@context":"https:\/\/schema.org","@graph":[{"@type":"WebPage","@id":"https:\/\/www.lifenatura.com\/es\/produto\/artioptim-plus-ampolas-20-ampolas-de-10-ml-herbora\/","url":"https:\/\/www.lifenatura.com\/es\/produto\/artioptim-plus-ampolas-20-ampolas-de-10-ml-herbora\/","name":"Arti\u00f3ptim Plus Ampolas 20 ampolas de 10 ml - Herbora","isPartOf":{"@id":"https:\/\/www.lifenatura.com\/es\/#website"},"datePublished":"2021-09-30T10:10:37+00:00","dateModified":"2026-02-17T07:56:59+00:00","description":"Compre aqui o seu Arti\u00f3ptim Plus Ampolas 20 ampolas de 10 ml - Herbora e a Lifenatura Online envia em 48 H com Portes Gratis >35\u20ac de Pedido.","breadcrumb":{"@id":"https:\/\/www.lifenatura.com\/es\/produto\/artioptim-plus-ampolas-20-ampolas-de-10-ml-herbora\/#breadcrumb"},"inLanguage":"es","potentialAction":[{"@type":"ReadAction","target":["https:\/\/www.lifenatura.com\/es\/produto\/artioptim-plus-ampolas-20-ampolas-de-10-ml-herbora\/"]}]},{"@type":"BreadcrumbList","@id":"https:\/\/www.lifenatura.com\/es\/produto\/artioptim-plus-ampolas-20-ampolas-de-10-ml-herbora\/#breadcrumb","itemListElement":[{"@type":"ListItem","position":1,"name":"In\u00edcio","item":"https:\/\/www.lifenatura.com\/es\/"},{"@type":"ListItem","position":2,"name":"Todos los Productos","item":"https:\/\/www.lifenatura.com\/es\/tienda\/"},{"@type":"ListItem","position":3,"name":"Arti\u00f3ptim Plus Ampolas 20 ampolas de 10 ml &#8211; Herbora"}]},{"@type":"WebSite","@id":"https:\/\/www.lifenatura.com\/es\/#website","url":"https:\/\/www.lifenatura.com\/es\/","name":"Lifenatura","description":"A Lifenatura \u00e9 uma loja de produtos naturais, cosm\u00e9tica natural e alimenta\u00e7\u00e3o Biol\u00f3gica.","publisher":{"@id":"https:\/\/www.lifenatura.com\/es\/#organization"},"potentialAction":[{"@type":"SearchAction","target":{"@type":"EntryPoint","urlTemplate":"https:\/\/www.lifenatura.com\/es\/?s={search_term_string}"},"query-input":{"@type":"PropertyValueSpecification","valueRequired":true,"valueName":"search_term_string"}}],"inLanguage":"es"},{"@type":"Organization","@id":"https:\/\/www.lifenatura.com\/es\/#organization","name":"Lifenatura","url":"https:\/\/www.lifenatura.com\/es\/","logo":{"@type":"ImageObject","inLanguage":"es","@id":"https:\/\/www.lifenatura.com\/es\/#\/schema\/logo\/image\/","url":"https:\/\/www.lifenatura.com\/wp-content\/uploads\/2021\/11\/logo.png","contentUrl":"https:\/\/www.lifenatura.com\/wp-content\/uploads\/2021\/11\/logo.png","width":175,"height":55,"caption":"Lifenatura"},"image":{"@id":"https:\/\/www.lifenatura.com\/es\/#\/schema\/logo\/image\/"},"sameAs":["https:\/\/www.facebook.com\/lifenatura","https:\/\/www.instagram.com\/lifenaturapt\/"]}]},"product_price_amount":"33.02","product_price_currency":"EUR","og_availability":"instock","product_availability":"instock","product_retailer_item_id":"H13203","product_condition":"new"},"df_price":33.02,"df_sale_price":"","df_regular_price":33.02,"df_image_link":"https:\/\/www.lifenatura.com\/wp-content\/uploads\/woocommerce-placeholder-300x300.png","_links":{"self":[{"href":"https:\/\/www.lifenatura.com\/es\/wp-json\/wp\/v2\/product\/38673","targetHints":{"allow":["GET"]}}],"collection":[{"href":"https:\/\/www.lifenatura.com\/es\/wp-json\/wp\/v2\/product"}],"about":[{"href":"https:\/\/www.lifenatura.com\/es\/wp-json\/wp\/v2\/types\/product"}],"wp:attachment":[{"href":"https:\/\/www.lifenatura.com\/es\/wp-json\/wp\/v2\/media?parent=38673"}],"wp:term":[{"taxonomy":"product_brand","embeddable":true,"href":"https:\/\/www.lifenatura.com\/es\/wp-json\/wp\/v2\/product_brand?post=38673"},{"taxonomy":"product_cat","embeddable":true,"href":"https:\/\/www.lifenatura.com\/es\/wp-json\/wp\/v2\/product_cat?post=38673"},{"taxonomy":"product_tag","embeddable":true,"href":"https:\/\/www.lifenatura.com\/es\/wp-json\/wp\/v2\/product_tag?post=38673"}],"curies":[{"name":"wp","href":"https:\/\/api.w.org\/{rel}","templated":true}]}}