{"id":38651,"date":"2021-09-30T10:10:15","date_gmt":"2021-09-30T10:10:15","guid":{"rendered":"https:\/\/lifenatura.dev.agenciagetdigital.com\/produto\/herbatint-5r-castano-claro-acobreado\/"},"modified":"2026-02-02T11:11:39","modified_gmt":"2026-02-02T11:11:39","slug":"herbatint-5r-castano-claro-acobreado","status":"publish","type":"product","link":"https:\/\/www.lifenatura.com\/es\/produto\/herbatint-5r-castano-claro-acobreado\/","title":{"rendered":"Herbatint 5R &#8211; Casta\u00f1o Claro Acobreado"},"content":{"rendered":"<p>Para colorear el pelo Herbatint 5R es un gel colorante capilar permanente y protector con extractos vegetales activos. Con el componente de Aloe vera que protege y nutre el cabello mientras se pega, con espuma de los prados que asegura una mejor penetraci\u00f3n del color, con abedul alba que tiene una acci\u00f3n remineralizante, hemimelia (hamamelis virginiana) que cuida del cuero cabelludo y echinacea angustifolia tiene una acci\u00f3n hidratante y protectora. Cobre 100% de los cabellos blancos y el color es duradero. Sin amoniaco, parabenos y resorcinol. PRESENTACI\u00d3N 150 Ml.<\/p>\n","protected":false},"excerpt":{"rendered":"<p>Para colorear el pelo Herbatint 5R es un gel colorante capilar permanente y protector con extractos vegetales activos. Con el componente de Aloe vera que protege y nutre el cabello mientras se pega, con espuma de los prados que asegura una mejor penetraci\u00f3n del color, con abedul alba que tiene una acci\u00f3n remineralizante, hemimelia (hamamelis [&#8230;]<\/p>\n<p><a class=\"btn btn-secondary understrap-read-more-link\" href=\"https:\/\/www.lifenatura.com\/es\/produto\/herbatint-5r-castano-claro-acobreado\/\">Leer m\u00e1s&#8230;<span class=\"screen-reader-text\"> from Herbatint 5R &#8211; Casta\u00f1o Claro Acobreado<\/span><\/a><\/p>\n","protected":false},"featured_media":20200,"template":"","meta":{"_acf_changed":false},"product_brand":[8476],"product_cat":[7668,7124,7653,7659,7128],"product_tag":[],"class_list":{"0":"post-38651","1":"product","2":"type-product","3":"status-publish","4":"has-post-thumbnail","6":"product_brand-herbatint","7":"product_cat-aloe-vera-bio","8":"product_cat-cabello","9":"product_cat-cosmetica-natural-lifenatura","10":"product_cat-ingrediente-natural-bio","11":"product_cat-tintes-sin-amoniaco","13":"first","14":"instock","15":"sale","16":"shipping-taxable","17":"purchasable","18":"product-type-simple","19":"add-to-wishlist-before_image"},"acf":[],"yoast_head":"<!-- This site is optimized with the Yoast SEO Premium plugin v27.1 (Yoast SEO v27.5) - https:\/\/yoast.com\/product\/yoast-seo-premium-wordpress\/ -->\n<title>Herbatint 5R - Casta\u00f1o Claro Acobreado<\/title>\n<meta name=\"description\" content=\"Herbatint 5R es un gel colorante capilar permanente y protector con extractos vegetales activos.\" \/>\n<meta name=\"robots\" content=\"index, follow, max-snippet:-1, max-image-preview:large, max-video-preview:-1\" \/>\n<link rel=\"canonical\" href=\"https:\/\/www.lifenatura.com\/es\/produto\/herbatint-5r-castano-claro-acobreado\/\" \/>\n<meta property=\"og:locale\" content=\"es_ES\" \/>\n<meta property=\"og:type\" content=\"article\" \/>\n<meta property=\"og:title\" content=\"Herbatint 5R - Casta\u00f1o Claro Acobreado - Na Lifenatura ao Melhor Pre\u00e7o | Envio 48h\" \/>\n<meta property=\"og:description\" content=\"Compre Herbatint 5R - Casta\u00f1o Claro Acobreado com envio r\u00e1pido. Entrega em 48h e portes gr\u00e1tis em compras &gt;35\u20ac. Aproveite j\u00e1 na Lifenatura\" \/>\n<meta property=\"og:url\" content=\"https:\/\/www.lifenatura.com\/es\/produto\/herbatint-5r-castano-claro-acobreado\/\" \/>\n<meta property=\"og:site_name\" content=\"Lifenatura\" \/>\n<meta property=\"article:publisher\" content=\"https:\/\/www.facebook.com\/lifenatura\" \/>\n<meta property=\"article:modified_time\" content=\"2026-02-02T11:11:39+00:00\" \/>\n<meta property=\"og:image\" content=\"https:\/\/www.lifenatura.com\/wp-content\/uploads\/2021\/09\/gd_r5-castanho-claro-acobreado-150ml-herbatint.jpg\" \/>\n\t<meta property=\"og:image:width\" content=\"1000\" \/>\n\t<meta property=\"og:image:height\" content=\"1000\" \/>\n\t<meta property=\"og:image:type\" content=\"image\/jpeg\" \/>\n<meta name=\"twitter:card\" content=\"summary_large_image\" \/>\n<meta name=\"twitter:label1\" content=\"Precio\" \/>\n\t<meta name=\"twitter:data1\" content=\"10,99&nbsp;&euro;\" \/>\n\t<meta name=\"twitter:label2\" content=\"Disponibilidad\" \/>\n\t<meta name=\"twitter:data2\" content=\"Disponible\" \/>\n<script type=\"application\/ld+json\" class=\"yoast-schema-graph\">{\"@context\":\"https:\\\/\\\/schema.org\",\"@graph\":[{\"@type\":\"WebPage\",\"@id\":\"https:\\\/\\\/www.lifenatura.com\\\/es\\\/produto\\\/herbatint-5r-castano-claro-acobreado\\\/\",\"url\":\"https:\\\/\\\/www.lifenatura.com\\\/es\\\/produto\\\/herbatint-5r-castano-claro-acobreado\\\/\",\"name\":\"Herbatint 5R - Casta\u00f1o Claro Acobreado\",\"isPartOf\":{\"@id\":\"https:\\\/\\\/www.lifenatura.com\\\/es\\\/#website\"},\"primaryImageOfPage\":{\"@id\":\"https:\\\/\\\/www.lifenatura.com\\\/es\\\/produto\\\/herbatint-5r-castano-claro-acobreado\\\/#primaryimage\"},\"image\":{\"@id\":\"https:\\\/\\\/www.lifenatura.com\\\/es\\\/produto\\\/herbatint-5r-castano-claro-acobreado\\\/#primaryimage\"},\"thumbnailUrl\":\"https:\\\/\\\/www.lifenatura.com\\\/wp-content\\\/uploads\\\/2021\\\/09\\\/gd_r5-castanho-claro-acobreado-150ml-herbatint.jpg\",\"datePublished\":\"2021-09-30T10:10:15+00:00\",\"dateModified\":\"2026-02-02T11:11:39+00:00\",\"description\":\"Herbatint 5R es un gel colorante capilar permanente y protector con extractos vegetales activos.\",\"breadcrumb\":{\"@id\":\"https:\\\/\\\/www.lifenatura.com\\\/es\\\/produto\\\/herbatint-5r-castano-claro-acobreado\\\/#breadcrumb\"},\"inLanguage\":\"es\",\"potentialAction\":[{\"@type\":\"ReadAction\",\"target\":[\"https:\\\/\\\/www.lifenatura.com\\\/es\\\/produto\\\/herbatint-5r-castano-claro-acobreado\\\/\"]}]},{\"@type\":\"ImageObject\",\"inLanguage\":\"es\",\"@id\":\"https:\\\/\\\/www.lifenatura.com\\\/es\\\/produto\\\/herbatint-5r-castano-claro-acobreado\\\/#primaryimage\",\"url\":\"https:\\\/\\\/www.lifenatura.com\\\/wp-content\\\/uploads\\\/2021\\\/09\\\/gd_r5-castanho-claro-acobreado-150ml-herbatint.jpg\",\"contentUrl\":\"https:\\\/\\\/www.lifenatura.com\\\/wp-content\\\/uploads\\\/2021\\\/09\\\/gd_r5-castanho-claro-acobreado-150ml-herbatint.jpg\",\"width\":1000,\"height\":1000,\"caption\":\"Herbatint 5R - Casta\u00f1o Claro Acobreado\"},{\"@type\":\"BreadcrumbList\",\"@id\":\"https:\\\/\\\/www.lifenatura.com\\\/es\\\/produto\\\/herbatint-5r-castano-claro-acobreado\\\/#breadcrumb\",\"itemListElement\":[{\"@type\":\"ListItem\",\"position\":1,\"name\":\"In\u00edcio\",\"item\":\"https:\\\/\\\/www.lifenatura.com\\\/es\\\/\"},{\"@type\":\"ListItem\",\"position\":2,\"name\":\"Todos los Productos\",\"item\":\"https:\\\/\\\/www.lifenatura.com\\\/es\\\/tienda\\\/\"},{\"@type\":\"ListItem\",\"position\":3,\"name\":\"Herbatint 5R &#8211; Casta\u00f1o Claro Acobreado\"}]},{\"@type\":\"WebSite\",\"@id\":\"https:\\\/\\\/www.lifenatura.com\\\/es\\\/#website\",\"url\":\"https:\\\/\\\/www.lifenatura.com\\\/es\\\/\",\"name\":\"Lifenatura\",\"description\":\"A Lifenatura \u00e9 uma loja de produtos naturais, cosm\u00e9tica natural e alimenta\u00e7\u00e3o Biol\u00f3gica.\",\"publisher\":{\"@id\":\"https:\\\/\\\/www.lifenatura.com\\\/es\\\/#organization\"},\"potentialAction\":[{\"@type\":\"SearchAction\",\"target\":{\"@type\":\"EntryPoint\",\"urlTemplate\":\"https:\\\/\\\/www.lifenatura.com\\\/es\\\/?s={search_term_string}\"},\"query-input\":{\"@type\":\"PropertyValueSpecification\",\"valueRequired\":true,\"valueName\":\"search_term_string\"}}],\"inLanguage\":\"es\"},{\"@type\":\"Organization\",\"@id\":\"https:\\\/\\\/www.lifenatura.com\\\/es\\\/#organization\",\"name\":\"Lifenatura\",\"url\":\"https:\\\/\\\/www.lifenatura.com\\\/es\\\/\",\"logo\":{\"@type\":\"ImageObject\",\"inLanguage\":\"es\",\"@id\":\"https:\\\/\\\/www.lifenatura.com\\\/es\\\/#\\\/schema\\\/logo\\\/image\\\/\",\"url\":\"https:\\\/\\\/www.lifenatura.com\\\/wp-content\\\/uploads\\\/2021\\\/07\\\/logo.png\",\"contentUrl\":\"https:\\\/\\\/www.lifenatura.com\\\/wp-content\\\/uploads\\\/2021\\\/07\\\/logo.png\",\"width\":175,\"height\":55,\"caption\":\"Lifenatura\"},\"image\":{\"@id\":\"https:\\\/\\\/www.lifenatura.com\\\/es\\\/#\\\/schema\\\/logo\\\/image\\\/\"},\"sameAs\":[\"https:\\\/\\\/www.facebook.com\\\/lifenatura\",\"https:\\\/\\\/www.instagram.com\\\/lifenaturapt\\\/\"],\"hasMerchantReturnPolicy\":{\"@type\":\"MerchantReturnPolicy\",\"merchantReturnLink\":\"https:\\\/\\\/www.lifenatura.com\\\/termos-condicoes-lifenatura\\\/\"}}]}<\/script>\n<meta property=\"product:price:amount\" content=\"10.99\" \/>\n<meta property=\"product:price:currency\" content=\"EUR\" \/>\n<meta property=\"og:availability\" content=\"instock\" \/>\n<meta property=\"product:availability\" content=\"instock\" \/>\n<meta property=\"product:retailer_item_id\" content=\"8016744500203\" \/>\n<meta property=\"product:condition\" content=\"new\" \/>\n<!-- \/ Yoast SEO Premium plugin. -->","yoast_head_json":{"title":"Herbatint 5R - Casta\u00f1o Claro Acobreado","description":"Herbatint 5R es un gel colorante capilar permanente y protector con extractos vegetales activos.","robots":{"index":"index","follow":"follow","max-snippet":"max-snippet:-1","max-image-preview":"max-image-preview:large","max-video-preview":"max-video-preview:-1"},"canonical":"https:\/\/www.lifenatura.com\/es\/produto\/herbatint-5r-castano-claro-acobreado\/","og_locale":"es_ES","og_type":"article","og_title":"Herbatint 5R - Casta\u00f1o Claro Acobreado - Na Lifenatura ao Melhor Pre\u00e7o | Envio 48h","og_description":"Compre Herbatint 5R - Casta\u00f1o Claro Acobreado com envio r\u00e1pido. Entrega em 48h e portes gr\u00e1tis em compras >35\u20ac. Aproveite j\u00e1 na Lifenatura","og_url":"https:\/\/www.lifenatura.com\/es\/produto\/herbatint-5r-castano-claro-acobreado\/","og_site_name":"Lifenatura","article_publisher":"https:\/\/www.facebook.com\/lifenatura","article_modified_time":"2026-02-02T11:11:39+00:00","og_image":[{"width":1000,"height":1000,"url":"https:\/\/www.lifenatura.com\/wp-content\/uploads\/2021\/09\/gd_r5-castanho-claro-acobreado-150ml-herbatint.jpg","type":"image\/jpeg"}],"twitter_card":"summary_large_image","twitter_misc":{"Precio":"10,99&nbsp;&euro;","Disponibilidad":"Disponible"},"schema":{"@context":"https:\/\/schema.org","@graph":[{"@type":"WebPage","@id":"https:\/\/www.lifenatura.com\/es\/produto\/herbatint-5r-castano-claro-acobreado\/","url":"https:\/\/www.lifenatura.com\/es\/produto\/herbatint-5r-castano-claro-acobreado\/","name":"Herbatint 5R - Casta\u00f1o Claro Acobreado","isPartOf":{"@id":"https:\/\/www.lifenatura.com\/es\/#website"},"primaryImageOfPage":{"@id":"https:\/\/www.lifenatura.com\/es\/produto\/herbatint-5r-castano-claro-acobreado\/#primaryimage"},"image":{"@id":"https:\/\/www.lifenatura.com\/es\/produto\/herbatint-5r-castano-claro-acobreado\/#primaryimage"},"thumbnailUrl":"https:\/\/www.lifenatura.com\/wp-content\/uploads\/2021\/09\/gd_r5-castanho-claro-acobreado-150ml-herbatint.jpg","datePublished":"2021-09-30T10:10:15+00:00","dateModified":"2026-02-02T11:11:39+00:00","description":"Herbatint 5R es un gel colorante capilar permanente y protector con extractos vegetales activos.","breadcrumb":{"@id":"https:\/\/www.lifenatura.com\/es\/produto\/herbatint-5r-castano-claro-acobreado\/#breadcrumb"},"inLanguage":"es","potentialAction":[{"@type":"ReadAction","target":["https:\/\/www.lifenatura.com\/es\/produto\/herbatint-5r-castano-claro-acobreado\/"]}]},{"@type":"ImageObject","inLanguage":"es","@id":"https:\/\/www.lifenatura.com\/es\/produto\/herbatint-5r-castano-claro-acobreado\/#primaryimage","url":"https:\/\/www.lifenatura.com\/wp-content\/uploads\/2021\/09\/gd_r5-castanho-claro-acobreado-150ml-herbatint.jpg","contentUrl":"https:\/\/www.lifenatura.com\/wp-content\/uploads\/2021\/09\/gd_r5-castanho-claro-acobreado-150ml-herbatint.jpg","width":1000,"height":1000,"caption":"Herbatint 5R - Casta\u00f1o Claro Acobreado"},{"@type":"BreadcrumbList","@id":"https:\/\/www.lifenatura.com\/es\/produto\/herbatint-5r-castano-claro-acobreado\/#breadcrumb","itemListElement":[{"@type":"ListItem","position":1,"name":"In\u00edcio","item":"https:\/\/www.lifenatura.com\/es\/"},{"@type":"ListItem","position":2,"name":"Todos los Productos","item":"https:\/\/www.lifenatura.com\/es\/tienda\/"},{"@type":"ListItem","position":3,"name":"Herbatint 5R &#8211; Casta\u00f1o Claro Acobreado"}]},{"@type":"WebSite","@id":"https:\/\/www.lifenatura.com\/es\/#website","url":"https:\/\/www.lifenatura.com\/es\/","name":"Lifenatura","description":"A Lifenatura \u00e9 uma loja de produtos naturais, cosm\u00e9tica natural e alimenta\u00e7\u00e3o Biol\u00f3gica.","publisher":{"@id":"https:\/\/www.lifenatura.com\/es\/#organization"},"potentialAction":[{"@type":"SearchAction","target":{"@type":"EntryPoint","urlTemplate":"https:\/\/www.lifenatura.com\/es\/?s={search_term_string}"},"query-input":{"@type":"PropertyValueSpecification","valueRequired":true,"valueName":"search_term_string"}}],"inLanguage":"es"},{"@type":"Organization","@id":"https:\/\/www.lifenatura.com\/es\/#organization","name":"Lifenatura","url":"https:\/\/www.lifenatura.com\/es\/","logo":{"@type":"ImageObject","inLanguage":"es","@id":"https:\/\/www.lifenatura.com\/es\/#\/schema\/logo\/image\/","url":"https:\/\/www.lifenatura.com\/wp-content\/uploads\/2021\/07\/logo.png","contentUrl":"https:\/\/www.lifenatura.com\/wp-content\/uploads\/2021\/07\/logo.png","width":175,"height":55,"caption":"Lifenatura"},"image":{"@id":"https:\/\/www.lifenatura.com\/es\/#\/schema\/logo\/image\/"},"sameAs":["https:\/\/www.facebook.com\/lifenatura","https:\/\/www.instagram.com\/lifenaturapt\/"],"hasMerchantReturnPolicy":{"@type":"MerchantReturnPolicy","merchantReturnLink":"https:\/\/www.lifenatura.com\/termos-condicoes-lifenatura\/"}}]},"product_price_amount":"10.99","product_price_currency":"EUR","og_availability":"instock","product_availability":"instock","product_retailer_item_id":"8016744500203","product_condition":"new"},"df_price":10.99,"df_sale_price":10.99,"df_regular_price":14.28,"df_image_link":"https:\/\/www.lifenatura.com\/wp-content\/uploads\/2021\/09\/gd_r5-castanho-claro-acobreado-150ml-herbatint-300x300.jpg","_links":{"self":[{"href":"https:\/\/www.lifenatura.com\/es\/wp-json\/wp\/v2\/product\/38651","targetHints":{"allow":["GET"]}}],"collection":[{"href":"https:\/\/www.lifenatura.com\/es\/wp-json\/wp\/v2\/product"}],"about":[{"href":"https:\/\/www.lifenatura.com\/es\/wp-json\/wp\/v2\/types\/product"}],"wp:featuredmedia":[{"embeddable":true,"href":"https:\/\/www.lifenatura.com\/es\/wp-json\/wp\/v2\/media\/20200"}],"wp:attachment":[{"href":"https:\/\/www.lifenatura.com\/es\/wp-json\/wp\/v2\/media?parent=38651"}],"wp:term":[{"taxonomy":"product_brand","embeddable":true,"href":"https:\/\/www.lifenatura.com\/es\/wp-json\/wp\/v2\/product_brand?post=38651"},{"taxonomy":"product_cat","embeddable":true,"href":"https:\/\/www.lifenatura.com\/es\/wp-json\/wp\/v2\/product_cat?post=38651"},{"taxonomy":"product_tag","embeddable":true,"href":"https:\/\/www.lifenatura.com\/es\/wp-json\/wp\/v2\/product_tag?post=38651"}],"curies":[{"name":"wp","href":"https:\/\/api.w.org\/{rel}","templated":true}]}}