{"id":38641,"date":"2021-09-30T10:09:54","date_gmt":"2021-09-30T10:09:54","guid":{"rendered":"https:\/\/lifenatura.dev.agenciagetdigital.com\/produto\/herbatint-3n-castano-oscuro\/"},"modified":"2025-02-08T12:22:55","modified_gmt":"2025-02-08T12:22:55","slug":"herbatint-3n-castano-oscuro","status":"publish","type":"product","link":"https:\/\/www.lifenatura.com\/es\/produto\/herbatint-3n-castano-oscuro\/","title":{"rendered":"Herbatint 3N &#8211; Casta\u00f1o Oscuro"},"content":{"rendered":"<h2 style=\"text-align: left;\"><strong>Herbatint 3N Casta\u00f1o Oscuro: tinte permanente natural para el cabello<\/strong><\/h2>\n<p>&nbsp;<\/p>\n<p>Herbatint 3N Cabello Casta\u00f1o Oscuro es una coloraci\u00f3n permanente a base de extractos vegetales, especialmente formulada para proporcionar una cobertura total de las canas cuidando al mismo tiempo la salud del cabello y del cuero cabelludo.<\/p>\n<p>Con una f\u00f3rmula suave, sin amon\u00edaco, resorcinol ni parabenos, est\u00e1 enriquecida con ingredientes naturales como el aloe vera, el hamamelis y la betula, que nutren y protegen el cabello durante el proceso de coloraci\u00f3n. El resultado es un color intenso, natural y duradero, con un brillo intenso y un tacto sedoso.<\/p>\n<p><strong>Principales beneficios:<\/strong><\/p>\n<ul>\n<li><strong>Cobertura total de las canas:<\/strong> Proporciona un color uniforme y duradero, incluso en cabellos grises.<\/li>\n<li><strong>F\u00f3rmula suave y natural:<\/strong> Sin amon\u00edaco, resorcinol ni parabenos, reduce el riesgo de irritaci\u00f3n y protege el cuero cabelludo.<\/li>\n<li><strong>Nutrici\u00f3n y protecci\u00f3n:<\/strong> Los extractos vegetales hidratan, fortalecen y revitalizan el cabello, manteni\u00e9ndolo sano y brillante.<\/li>\n<li><strong>Resultados naturales y vibrantes:<\/strong> Garantiza un color intenso con reflejos luminosos y un acabado suave y sedoso.<\/li>\n<li><strong>F\u00e1cil de aplicar:<\/strong> La textura en gel facilita su aplicaci\u00f3n, garantizando una coloraci\u00f3n uniforme y profesional en casa.<\/li>\n<\/ul>\n<p><strong>Adecuado para:<\/strong><\/p>\n<p>Personas que buscan una coloraci\u00f3n permanente m\u00e1s natural y menos agresiva.<br \/>\nQuienes desean una cobertura eficaz de las canas con un acabado brillante y saludable.<br \/>\nIdeal para cueros cabelludos sensibles y para quienes prefieren f\u00f3rmulas sin productos qu\u00edmicos agresivos.<\/p>\n<p>Herbatint 3N es un gel colorante permanente y protector con extractos activos de plantas. Contiene aloe vera que protege y nutre el cabello durante la coloraci\u00f3n, espuma de la pradera que garantiza una mejor penetraci\u00f3n del color, abedul alba que ejerce una acci\u00f3n remineralizante, hemimelia (hamamelis virginiana) que cuida el cuero cabelludo y equin\u00e1cea angustifolia que ejerce una acci\u00f3n hidratante y protectora.<\/p>\n<p>Cubre el 100% de las canas y el color perdura. Sin amon\u00edaco, parabenos ni resorcinol. Con 8 extractos naturales y una f\u00f3rmula suave. Nuevo formato de 170 ml: Misma f\u00f3rmula &#8211; Menos envase &#8211; M\u00e1s brillo y fijaci\u00f3n con el Acondicionador Real 50 ml incluido en el envase.<\/p>\n<p><strong>PRESENTACI\u00d3N<\/strong><\/p>\n<p>170 ml<\/p>\n<p>&nbsp;<\/p>\n","protected":false},"excerpt":{"rendered":"<p>Herbatint 3N Cabello Casta\u00f1o Oscuro ofrece una coloraci\u00f3n permanente natural, sin amoniaco, con cobertura total de canas y un acabado brillante y saludable. [&#8230;]<\/p>\n<p><a class=\"btn btn-secondary understrap-read-more-link\" href=\"https:\/\/www.lifenatura.com\/es\/produto\/herbatint-3n-castano-oscuro\/\">Leer m\u00e1s&#8230;<span class=\"screen-reader-text\"> from Herbatint 3N &#8211; Casta\u00f1o Oscuro<\/span><\/a><\/p>\n","protected":false},"featured_media":107005,"template":"","meta":{"_acf_changed":false},"product_brand":[8476],"product_cat":[7668,7124,7653,7659,7128],"product_tag":[],"class_list":{"0":"post-38641","1":"product","2":"type-product","3":"status-publish","4":"has-post-thumbnail","6":"product_brand-herbatint","7":"product_cat-aloe-vera-bio","8":"product_cat-cabello","9":"product_cat-cosmetica-natural-lifenatura","10":"product_cat-ingrediente-natural-bio","11":"product_cat-tintes-sin-amoniaco","13":"first","14":"instock","15":"sale","16":"shipping-taxable","17":"purchasable","18":"product-type-simple","19":"add-to-wishlist-before_image"},"acf":[],"yoast_head":"<!-- This site is optimized with the Yoast SEO Premium plugin v27.1 (Yoast SEO v27.6) - https:\/\/yoast.com\/product\/yoast-seo-premium-wordpress\/ -->\n<title>Herbatint 3N Casta\u00f1o Oscuro - Lifenatura<\/title>\n<meta name=\"description\" content=\"Herbatint 3N Cabello Casta\u00f1o Oscuro ofrece una coloraci\u00f3n permanente natural, sin amoniaco, con cobertura total de canas y un acabado brillante y saludable.\" \/>\n<meta name=\"robots\" content=\"index, follow, max-snippet:-1, max-image-preview:large, max-video-preview:-1\" \/>\n<link rel=\"canonical\" href=\"https:\/\/www.lifenatura.com\/es\/produto\/herbatint-3n-castano-oscuro\/\" \/>\n<meta property=\"og:locale\" content=\"es_ES\" \/>\n<meta property=\"og:type\" content=\"article\" \/>\n<meta property=\"og:title\" content=\"Herbatint 3N - Casta\u00f1o Oscuro - Na Lifenatura ao Melhor Pre\u00e7o | Envio 48h\" \/>\n<meta property=\"og:description\" content=\"Compre Herbatint 3N - Casta\u00f1o Oscuro com envio r\u00e1pido. Entrega em 48h e portes gr\u00e1tis em compras &gt;35\u20ac. Aproveite j\u00e1 na Lifenatura\" \/>\n<meta property=\"og:url\" content=\"https:\/\/www.lifenatura.com\/es\/produto\/herbatint-3n-castano-oscuro\/\" \/>\n<meta property=\"og:site_name\" content=\"Lifenatura\" \/>\n<meta property=\"article:publisher\" content=\"https:\/\/www.facebook.com\/lifenatura\" \/>\n<meta property=\"article:modified_time\" content=\"2025-02-08T12:22:55+00:00\" \/>\n<meta property=\"og:image\" content=\"https:\/\/www.lifenatura.com\/wp-content\/uploads\/2021\/09\/herbatint-3n-castanho-escuro-gel-colorante.jpg\" \/>\n\t<meta property=\"og:image:width\" content=\"1000\" \/>\n\t<meta property=\"og:image:height\" content=\"1000\" \/>\n\t<meta property=\"og:image:type\" content=\"image\/jpeg\" \/>\n<meta name=\"twitter:card\" content=\"summary_large_image\" \/>\n<meta name=\"twitter:label1\" content=\"Precio\" \/>\n\t<meta name=\"twitter:data1\" content=\"11,42&nbsp;&euro;\" \/>\n\t<meta name=\"twitter:label2\" content=\"Disponibilidad\" \/>\n\t<meta name=\"twitter:data2\" content=\"Disponible\" \/>\n<script type=\"application\/ld+json\" class=\"yoast-schema-graph\">{\"@context\":\"https:\\\/\\\/schema.org\",\"@graph\":[{\"@type\":\"WebPage\",\"@id\":\"https:\\\/\\\/www.lifenatura.com\\\/es\\\/produto\\\/herbatint-3n-castano-oscuro\\\/\",\"url\":\"https:\\\/\\\/www.lifenatura.com\\\/es\\\/produto\\\/herbatint-3n-castano-oscuro\\\/\",\"name\":\"Herbatint 3N Casta\u00f1o Oscuro - Lifenatura\",\"isPartOf\":{\"@id\":\"https:\\\/\\\/www.lifenatura.com\\\/es\\\/#website\"},\"primaryImageOfPage\":{\"@id\":\"https:\\\/\\\/www.lifenatura.com\\\/es\\\/produto\\\/herbatint-3n-castano-oscuro\\\/#primaryimage\"},\"image\":{\"@id\":\"https:\\\/\\\/www.lifenatura.com\\\/es\\\/produto\\\/herbatint-3n-castano-oscuro\\\/#primaryimage\"},\"thumbnailUrl\":\"https:\\\/\\\/www.lifenatura.com\\\/wp-content\\\/uploads\\\/2021\\\/09\\\/herbatint-3n-castanho-escuro-gel-colorante.jpg\",\"datePublished\":\"2021-09-30T10:09:54+00:00\",\"dateModified\":\"2025-02-08T12:22:55+00:00\",\"description\":\"Herbatint 3N Cabello Casta\u00f1o Oscuro ofrece una coloraci\u00f3n permanente natural, sin amoniaco, con cobertura total de canas y un acabado brillante y saludable.\",\"breadcrumb\":{\"@id\":\"https:\\\/\\\/www.lifenatura.com\\\/es\\\/produto\\\/herbatint-3n-castano-oscuro\\\/#breadcrumb\"},\"inLanguage\":\"es\",\"potentialAction\":[{\"@type\":\"ReadAction\",\"target\":[\"https:\\\/\\\/www.lifenatura.com\\\/es\\\/produto\\\/herbatint-3n-castano-oscuro\\\/\"]}]},{\"@type\":\"ImageObject\",\"inLanguage\":\"es\",\"@id\":\"https:\\\/\\\/www.lifenatura.com\\\/es\\\/produto\\\/herbatint-3n-castano-oscuro\\\/#primaryimage\",\"url\":\"https:\\\/\\\/www.lifenatura.com\\\/wp-content\\\/uploads\\\/2021\\\/09\\\/herbatint-3n-castanho-escuro-gel-colorante.jpg\",\"contentUrl\":\"https:\\\/\\\/www.lifenatura.com\\\/wp-content\\\/uploads\\\/2021\\\/09\\\/herbatint-3n-castanho-escuro-gel-colorante.jpg\",\"width\":1000,\"height\":1000,\"caption\":\"Gel colorante herbatint 3n\"},{\"@type\":\"BreadcrumbList\",\"@id\":\"https:\\\/\\\/www.lifenatura.com\\\/es\\\/produto\\\/herbatint-3n-castano-oscuro\\\/#breadcrumb\",\"itemListElement\":[{\"@type\":\"ListItem\",\"position\":1,\"name\":\"In\u00edcio\",\"item\":\"https:\\\/\\\/www.lifenatura.com\\\/es\\\/\"},{\"@type\":\"ListItem\",\"position\":2,\"name\":\"Todos los Productos\",\"item\":\"https:\\\/\\\/www.lifenatura.com\\\/es\\\/tienda\\\/\"},{\"@type\":\"ListItem\",\"position\":3,\"name\":\"Herbatint 3N &#8211; Casta\u00f1o Oscuro\"}]},{\"@type\":\"WebSite\",\"@id\":\"https:\\\/\\\/www.lifenatura.com\\\/es\\\/#website\",\"url\":\"https:\\\/\\\/www.lifenatura.com\\\/es\\\/\",\"name\":\"Lifenatura\",\"description\":\"A Lifenatura \u00e9 uma loja de produtos naturais, cosm\u00e9tica natural e alimenta\u00e7\u00e3o Biol\u00f3gica.\",\"publisher\":{\"@id\":\"https:\\\/\\\/www.lifenatura.com\\\/es\\\/#organization\"},\"potentialAction\":[{\"@type\":\"SearchAction\",\"target\":{\"@type\":\"EntryPoint\",\"urlTemplate\":\"https:\\\/\\\/www.lifenatura.com\\\/es\\\/?s={search_term_string}\"},\"query-input\":{\"@type\":\"PropertyValueSpecification\",\"valueRequired\":true,\"valueName\":\"search_term_string\"}}],\"inLanguage\":\"es\"},{\"@type\":\"Organization\",\"@id\":\"https:\\\/\\\/www.lifenatura.com\\\/es\\\/#organization\",\"name\":\"Lifenatura\",\"url\":\"https:\\\/\\\/www.lifenatura.com\\\/es\\\/\",\"logo\":{\"@type\":\"ImageObject\",\"inLanguage\":\"es\",\"@id\":\"https:\\\/\\\/www.lifenatura.com\\\/es\\\/#\\\/schema\\\/logo\\\/image\\\/\",\"url\":\"https:\\\/\\\/www.lifenatura.com\\\/wp-content\\\/uploads\\\/2021\\\/07\\\/logo.png\",\"contentUrl\":\"https:\\\/\\\/www.lifenatura.com\\\/wp-content\\\/uploads\\\/2021\\\/07\\\/logo.png\",\"width\":175,\"height\":55,\"caption\":\"Lifenatura\"},\"image\":{\"@id\":\"https:\\\/\\\/www.lifenatura.com\\\/es\\\/#\\\/schema\\\/logo\\\/image\\\/\"},\"sameAs\":[\"https:\\\/\\\/www.facebook.com\\\/lifenatura\",\"https:\\\/\\\/www.instagram.com\\\/lifenaturapt\\\/\"],\"hasMerchantReturnPolicy\":{\"@type\":\"MerchantReturnPolicy\",\"merchantReturnLink\":\"https:\\\/\\\/www.lifenatura.com\\\/termos-condicoes-lifenatura\\\/\"}}]}<\/script>\n<meta property=\"product:price:amount\" content=\"11.42\" \/>\n<meta property=\"product:price:currency\" content=\"EUR\" \/>\n<meta property=\"og:availability\" content=\"instock\" \/>\n<meta property=\"product:availability\" content=\"instock\" \/>\n<meta property=\"product:retailer_item_id\" content=\"8016744809719\" \/>\n<meta property=\"product:condition\" content=\"new\" \/>\n<!-- \/ Yoast SEO Premium plugin. -->","yoast_head_json":{"title":"Herbatint 3N Casta\u00f1o Oscuro - Lifenatura","description":"Herbatint 3N Cabello Casta\u00f1o Oscuro ofrece una coloraci\u00f3n permanente natural, sin amoniaco, con cobertura total de canas y un acabado brillante y saludable.","robots":{"index":"index","follow":"follow","max-snippet":"max-snippet:-1","max-image-preview":"max-image-preview:large","max-video-preview":"max-video-preview:-1"},"canonical":"https:\/\/www.lifenatura.com\/es\/produto\/herbatint-3n-castano-oscuro\/","og_locale":"es_ES","og_type":"article","og_title":"Herbatint 3N - Casta\u00f1o Oscuro - Na Lifenatura ao Melhor Pre\u00e7o | Envio 48h","og_description":"Compre Herbatint 3N - Casta\u00f1o Oscuro com envio r\u00e1pido. Entrega em 48h e portes gr\u00e1tis em compras >35\u20ac. Aproveite j\u00e1 na Lifenatura","og_url":"https:\/\/www.lifenatura.com\/es\/produto\/herbatint-3n-castano-oscuro\/","og_site_name":"Lifenatura","article_publisher":"https:\/\/www.facebook.com\/lifenatura","article_modified_time":"2025-02-08T12:22:55+00:00","og_image":[{"width":1000,"height":1000,"url":"https:\/\/www.lifenatura.com\/wp-content\/uploads\/2021\/09\/herbatint-3n-castanho-escuro-gel-colorante.jpg","type":"image\/jpeg"}],"twitter_card":"summary_large_image","twitter_misc":{"Precio":"11,42&nbsp;&euro;","Disponibilidad":"Disponible"},"schema":{"@context":"https:\/\/schema.org","@graph":[{"@type":"WebPage","@id":"https:\/\/www.lifenatura.com\/es\/produto\/herbatint-3n-castano-oscuro\/","url":"https:\/\/www.lifenatura.com\/es\/produto\/herbatint-3n-castano-oscuro\/","name":"Herbatint 3N Casta\u00f1o Oscuro - Lifenatura","isPartOf":{"@id":"https:\/\/www.lifenatura.com\/es\/#website"},"primaryImageOfPage":{"@id":"https:\/\/www.lifenatura.com\/es\/produto\/herbatint-3n-castano-oscuro\/#primaryimage"},"image":{"@id":"https:\/\/www.lifenatura.com\/es\/produto\/herbatint-3n-castano-oscuro\/#primaryimage"},"thumbnailUrl":"https:\/\/www.lifenatura.com\/wp-content\/uploads\/2021\/09\/herbatint-3n-castanho-escuro-gel-colorante.jpg","datePublished":"2021-09-30T10:09:54+00:00","dateModified":"2025-02-08T12:22:55+00:00","description":"Herbatint 3N Cabello Casta\u00f1o Oscuro ofrece una coloraci\u00f3n permanente natural, sin amoniaco, con cobertura total de canas y un acabado brillante y saludable.","breadcrumb":{"@id":"https:\/\/www.lifenatura.com\/es\/produto\/herbatint-3n-castano-oscuro\/#breadcrumb"},"inLanguage":"es","potentialAction":[{"@type":"ReadAction","target":["https:\/\/www.lifenatura.com\/es\/produto\/herbatint-3n-castano-oscuro\/"]}]},{"@type":"ImageObject","inLanguage":"es","@id":"https:\/\/www.lifenatura.com\/es\/produto\/herbatint-3n-castano-oscuro\/#primaryimage","url":"https:\/\/www.lifenatura.com\/wp-content\/uploads\/2021\/09\/herbatint-3n-castanho-escuro-gel-colorante.jpg","contentUrl":"https:\/\/www.lifenatura.com\/wp-content\/uploads\/2021\/09\/herbatint-3n-castanho-escuro-gel-colorante.jpg","width":1000,"height":1000,"caption":"Gel colorante herbatint 3n"},{"@type":"BreadcrumbList","@id":"https:\/\/www.lifenatura.com\/es\/produto\/herbatint-3n-castano-oscuro\/#breadcrumb","itemListElement":[{"@type":"ListItem","position":1,"name":"In\u00edcio","item":"https:\/\/www.lifenatura.com\/es\/"},{"@type":"ListItem","position":2,"name":"Todos los Productos","item":"https:\/\/www.lifenatura.com\/es\/tienda\/"},{"@type":"ListItem","position":3,"name":"Herbatint 3N &#8211; Casta\u00f1o Oscuro"}]},{"@type":"WebSite","@id":"https:\/\/www.lifenatura.com\/es\/#website","url":"https:\/\/www.lifenatura.com\/es\/","name":"Lifenatura","description":"A Lifenatura \u00e9 uma loja de produtos naturais, cosm\u00e9tica natural e alimenta\u00e7\u00e3o Biol\u00f3gica.","publisher":{"@id":"https:\/\/www.lifenatura.com\/es\/#organization"},"potentialAction":[{"@type":"SearchAction","target":{"@type":"EntryPoint","urlTemplate":"https:\/\/www.lifenatura.com\/es\/?s={search_term_string}"},"query-input":{"@type":"PropertyValueSpecification","valueRequired":true,"valueName":"search_term_string"}}],"inLanguage":"es"},{"@type":"Organization","@id":"https:\/\/www.lifenatura.com\/es\/#organization","name":"Lifenatura","url":"https:\/\/www.lifenatura.com\/es\/","logo":{"@type":"ImageObject","inLanguage":"es","@id":"https:\/\/www.lifenatura.com\/es\/#\/schema\/logo\/image\/","url":"https:\/\/www.lifenatura.com\/wp-content\/uploads\/2021\/07\/logo.png","contentUrl":"https:\/\/www.lifenatura.com\/wp-content\/uploads\/2021\/07\/logo.png","width":175,"height":55,"caption":"Lifenatura"},"image":{"@id":"https:\/\/www.lifenatura.com\/es\/#\/schema\/logo\/image\/"},"sameAs":["https:\/\/www.facebook.com\/lifenatura","https:\/\/www.instagram.com\/lifenaturapt\/"],"hasMerchantReturnPolicy":{"@type":"MerchantReturnPolicy","merchantReturnLink":"https:\/\/www.lifenatura.com\/termos-condicoes-lifenatura\/"}}]},"product_price_amount":"11.42","product_price_currency":"EUR","og_availability":"instock","product_availability":"instock","product_retailer_item_id":"8016744809719","product_condition":"new"},"df_price":11.42,"df_sale_price":11.42,"df_regular_price":14.28,"df_image_link":"https:\/\/www.lifenatura.com\/wp-content\/uploads\/2021\/09\/herbatint-3n-castanho-escuro-gel-colorante-300x300.jpg","_links":{"self":[{"href":"https:\/\/www.lifenatura.com\/es\/wp-json\/wp\/v2\/product\/38641","targetHints":{"allow":["GET"]}}],"collection":[{"href":"https:\/\/www.lifenatura.com\/es\/wp-json\/wp\/v2\/product"}],"about":[{"href":"https:\/\/www.lifenatura.com\/es\/wp-json\/wp\/v2\/types\/product"}],"wp:featuredmedia":[{"embeddable":true,"href":"https:\/\/www.lifenatura.com\/es\/wp-json\/wp\/v2\/media\/107005"}],"wp:attachment":[{"href":"https:\/\/www.lifenatura.com\/es\/wp-json\/wp\/v2\/media?parent=38641"}],"wp:term":[{"taxonomy":"product_brand","embeddable":true,"href":"https:\/\/www.lifenatura.com\/es\/wp-json\/wp\/v2\/product_brand?post=38641"},{"taxonomy":"product_cat","embeddable":true,"href":"https:\/\/www.lifenatura.com\/es\/wp-json\/wp\/v2\/product_cat?post=38641"},{"taxonomy":"product_tag","embeddable":true,"href":"https:\/\/www.lifenatura.com\/es\/wp-json\/wp\/v2\/product_tag?post=38641"}],"curies":[{"name":"wp","href":"https:\/\/api.w.org\/{rel}","templated":true}]}}