{"id":38630,"date":"2021-09-30T10:09:54","date_gmt":"2021-09-30T10:09:54","guid":{"rendered":"https:\/\/lifenatura.dev.agenciagetdigital.com\/produto\/traumeel-s-gotas-30-ml-heel\/"},"modified":"2025-02-02T00:02:39","modified_gmt":"2025-02-02T00:02:39","slug":"traumeel-s-gotas-30-ml-heel","status":"publish","type":"product","link":"https:\/\/www.lifenatura.com\/es\/produto\/traumeel-s-gotas-30-ml-heel\/","title":{"rendered":"Traumeel S Gotas 30 ml &#8211; Heel"},"content":{"rendered":"<h2 style=\"text-align: left;\"><strong>Traumeel S en Gotas est\u00e1 indicado en la reducci\u00f3n de infecciones<\/strong><\/h2>\n<p>&nbsp;<\/p>\n<p>Traumeel S en Gotas est\u00e1 indicado para el tratamiento de lesiones como esguinces y torceduras, contusiones, hematomas y hemartrosis, fracturas, edemas postraum\u00e1ticos y postoperatorios e hinchaz\u00f3n edematosa de tejidos blandos.<\/p>\n<p>Estas gotas orales tambi\u00e9n est\u00e1n indicadas para el alivio del dolor y la inflamaci\u00f3n, mediante una combinaci\u00f3n de ingredientes naturales seleccionados por sus propiedades antiinflamatorias y analg\u00e9sicas.<\/p>\n<p>Este complemento puede utilizarse al mismo tiempo que la aplicaci\u00f3n local de la Pomada Traumeel S para una recuperaci\u00f3n m\u00e1s r\u00e1pida y duradera. Como la pomada tiene una aplicaci\u00f3n local, puede utilizarse con las gotas sin problemas de superposici\u00f3n de dosis.<\/p>\n<p><strong>Los 5 principales beneficios de estas gotas:<\/strong><\/p>\n<ul>\n<li><strong>Alivio del dolor y la inflamaci\u00f3n:<\/strong> Traumeel se utiliza a menudo para aliviar el dolor muscular y articular y la inflamaci\u00f3n asociada a lesiones o traumatismos f\u00edsicos.<\/li>\n<li><strong style=\"background-color: var(--bs-body-bg); color: var(--bs-body-color); font-family: var(--bs-body-font-family); font-size: var(--bs-body-font-size); text-align: var(--bs-body-text-align);\">Recuperaci\u00f3n postrauma<\/strong><span style=\"background-color: var(--bs-body-bg); color: var(--bs-body-color); font-family: var(--bs-body-font-family); font-size: var(--bs-body-font-size); font-weight: var(--bs-body-font-weight); text-align: var(--bs-body-text-align);\">: Puede ayudar a acelerar la recuperaci\u00f3n despu\u00e9s de contusiones, esguinces y otras lesiones musculares.<\/span><\/li>\n<li><strong style=\"background-color: var(--bs-body-bg); color: var(--bs-body-color); font-family: var(--bs-body-font-family); font-size: var(--bs-body-font-size); text-align: var(--bs-body-text-align);\">Acci\u00f3n antiinflamatoria<\/strong><span style=\"background-color: var(--bs-body-bg); color: var(--bs-body-color); font-family: var(--bs-body-font-family); font-size: var(--bs-body-font-size); font-weight: var(--bs-body-font-weight); text-align: var(--bs-body-text-align);\">: La combinaci\u00f3n de ingredientes homeop\u00e1ticos tiene como objetivo proporcionar efectos antiinflamatorios, ayudando a reducir la hinchaz\u00f3n.<\/span><\/li>\n<li><strong style=\"background-color: var(--bs-body-bg); color: var(--bs-body-color); font-family: var(--bs-body-font-family); font-size: var(--bs-body-font-size); text-align: var(--bs-body-text-align);\">Apoyo al sistema musculoesquel\u00e9tico<\/strong><span style=\"background-color: var(--bs-body-bg); color: var(--bs-body-color); font-family: var(--bs-body-font-family); font-size: var(--bs-body-font-size); font-weight: var(--bs-body-font-weight); text-align: var(--bs-body-text-align);\">: Puede ofrecer apoyo al sistema musculoesquel\u00e9tico, ayudando a mejorar la movilidad y la flexibilidad.<\/span><\/li>\n<li><strong style=\"background-color: var(--bs-body-bg); color: var(--bs-body-color); font-family: var(--bs-body-font-family); font-size: var(--bs-body-font-size); text-align: var(--bs-body-text-align);\">Uso Vers\u00e1til:<\/strong><span style=\"background-color: var(--bs-body-bg); color: var(--bs-body-color); font-family: var(--bs-body-font-family); font-size: var(--bs-body-font-size); font-weight: var(--bs-body-font-weight); text-align: var(--bs-body-text-align);\"> Traumeel es utilizado para tratar una variedad de condiciones relacionadas a traumas f\u00edsicos, como contusiones, distensiones musculares, esguinces, entre otros.<\/span><\/li>\n<\/ul>\n<p><strong>PRESENTACI\u00d3N<\/strong><\/p>\n<p>30ml<\/p>\n<p>&nbsp;<\/p>\n","protected":false},"excerpt":{"rendered":"<p>Traumeel S en gotas est\u00e1 indicado para el tratamiento de lesiones musculoesquel\u00e9ticas como esguinces, contusiones, hemartrosis y derrames articulares. [&#8230;]<\/p>\n<p><a class=\"btn btn-secondary understrap-read-more-link\" href=\"https:\/\/www.lifenatura.com\/es\/produto\/traumeel-s-gotas-30-ml-heel\/\">Leer m\u00e1s&#8230;<span class=\"screen-reader-text\"> from Traumeel S Gotas 30 ml &#8211; Heel<\/span><\/a><\/p>\n","protected":false},"featured_media":20179,"template":"","meta":{"_acf_changed":false},"product_brand":[8478],"product_cat":[7671,7196,7659,7179,7273],"product_tag":[],"class_list":{"0":"post-38630","1":"product","2":"type-product","3":"status-publish","4":"has-post-thumbnail","6":"product_brand-heel","7":"product_cat-arnica-bio","8":"product_cat-homeopatia-salud","9":"product_cat-ingrediente-natural-bio","10":"product_cat-salud","11":"product_cat-top-10-ventas","12":"pa_caracteristicas-gotas-orales-homeopaticas","13":"pa_dicas-traumeel-pomada-para-que-sirve","15":"first","16":"instock","17":"sale","18":"shipping-taxable","19":"purchasable","20":"product-type-simple","21":"add-to-wishlist-before_image"},"acf":[],"yoast_head":"<!-- This site is optimized with the Yoast SEO Premium plugin v27.1 (Yoast SEO v27.5) - https:\/\/yoast.com\/product\/yoast-seo-premium-wordpress\/ -->\n<title>Traumeel S Gotas 30 ml - Heel - Na Lifenatura ao Melhor Pre\u00e7o | Envio em 48h<\/title>\n<meta name=\"description\" content=\"Traumeel S en gotas est\u00e1 indicado para el tratamiento de lesiones musculoesquel\u00e9ticas como esguinces, contusiones, hemartrosis y derrames articulares.\" \/>\n<meta name=\"robots\" content=\"index, follow, max-snippet:-1, max-image-preview:large, max-video-preview:-1\" \/>\n<link rel=\"canonical\" href=\"https:\/\/www.lifenatura.com\/es\/produto\/traumeel-s-gotas-30-ml-heel\/\" \/>\n<meta property=\"og:locale\" content=\"es_ES\" \/>\n<meta property=\"og:type\" content=\"article\" \/>\n<meta property=\"og:title\" content=\"Traumeel S Gotas 30 ml - Heel - Na Lifenatura ao Melhor Pre\u00e7o | Envio 48h\" \/>\n<meta property=\"og:description\" content=\"Compre Traumeel S Gotas 30 ml - Heel com envio r\u00e1pido. Entrega em 48h e portes gr\u00e1tis em compras &gt;35\u20ac. Aproveite j\u00e1 na Lifenatura\" \/>\n<meta property=\"og:url\" content=\"https:\/\/www.lifenatura.com\/es\/produto\/traumeel-s-gotas-30-ml-heel\/\" \/>\n<meta property=\"og:site_name\" content=\"Lifenatura\" \/>\n<meta property=\"article:publisher\" content=\"https:\/\/www.facebook.com\/lifenatura\" \/>\n<meta property=\"article:modified_time\" content=\"2025-02-02T00:02:39+00:00\" \/>\n<meta property=\"og:image\" content=\"https:\/\/www.lifenatura.com\/wp-content\/uploads\/2021\/09\/gd_traumeel-s-gotas-heel.jpg\" \/>\n\t<meta property=\"og:image:width\" content=\"1000\" \/>\n\t<meta property=\"og:image:height\" content=\"1000\" \/>\n\t<meta property=\"og:image:type\" content=\"image\/jpeg\" \/>\n<meta name=\"twitter:card\" content=\"summary_large_image\" \/>\n<meta name=\"twitter:label1\" content=\"Precio\" \/>\n\t<meta name=\"twitter:data1\" content=\"13,90&nbsp;&euro;\" \/>\n\t<meta name=\"twitter:label2\" content=\"Disponibilidad\" \/>\n\t<meta name=\"twitter:data2\" content=\"Disponible\" \/>\n<script type=\"application\/ld+json\" class=\"yoast-schema-graph\">{\"@context\":\"https:\\\/\\\/schema.org\",\"@graph\":[{\"@type\":\"WebPage\",\"@id\":\"https:\\\/\\\/www.lifenatura.com\\\/es\\\/produto\\\/traumeel-s-gotas-30-ml-heel\\\/\",\"url\":\"https:\\\/\\\/www.lifenatura.com\\\/es\\\/produto\\\/traumeel-s-gotas-30-ml-heel\\\/\",\"name\":\"Traumeel S Gotas 30 ml - Heel - Na Lifenatura ao Melhor Pre\u00e7o | Envio em 48h\",\"isPartOf\":{\"@id\":\"https:\\\/\\\/www.lifenatura.com\\\/es\\\/#website\"},\"primaryImageOfPage\":{\"@id\":\"https:\\\/\\\/www.lifenatura.com\\\/es\\\/produto\\\/traumeel-s-gotas-30-ml-heel\\\/#primaryimage\"},\"image\":{\"@id\":\"https:\\\/\\\/www.lifenatura.com\\\/es\\\/produto\\\/traumeel-s-gotas-30-ml-heel\\\/#primaryimage\"},\"thumbnailUrl\":\"https:\\\/\\\/www.lifenatura.com\\\/wp-content\\\/uploads\\\/2021\\\/09\\\/gd_traumeel-s-gotas-heel.jpg\",\"datePublished\":\"2021-09-30T10:09:54+00:00\",\"dateModified\":\"2025-02-02T00:02:39+00:00\",\"description\":\"Traumeel S en gotas est\u00e1 indicado para el tratamiento de lesiones musculoesquel\u00e9ticas como esguinces, contusiones, hemartrosis y derrames articulares.\",\"breadcrumb\":{\"@id\":\"https:\\\/\\\/www.lifenatura.com\\\/es\\\/produto\\\/traumeel-s-gotas-30-ml-heel\\\/#breadcrumb\"},\"inLanguage\":\"es\",\"potentialAction\":[{\"@type\":\"ReadAction\",\"target\":[\"https:\\\/\\\/www.lifenatura.com\\\/es\\\/produto\\\/traumeel-s-gotas-30-ml-heel\\\/\"]}]},{\"@type\":\"ImageObject\",\"inLanguage\":\"es\",\"@id\":\"https:\\\/\\\/www.lifenatura.com\\\/es\\\/produto\\\/traumeel-s-gotas-30-ml-heel\\\/#primaryimage\",\"url\":\"https:\\\/\\\/www.lifenatura.com\\\/wp-content\\\/uploads\\\/2021\\\/09\\\/gd_traumeel-s-gotas-heel.jpg\",\"contentUrl\":\"https:\\\/\\\/www.lifenatura.com\\\/wp-content\\\/uploads\\\/2021\\\/09\\\/gd_traumeel-s-gotas-heel.jpg\",\"width\":1000,\"height\":1000,\"caption\":\"Traumeel S Gotas 30 ml - Heel\"},{\"@type\":\"BreadcrumbList\",\"@id\":\"https:\\\/\\\/www.lifenatura.com\\\/es\\\/produto\\\/traumeel-s-gotas-30-ml-heel\\\/#breadcrumb\",\"itemListElement\":[{\"@type\":\"ListItem\",\"position\":1,\"name\":\"In\u00edcio\",\"item\":\"https:\\\/\\\/www.lifenatura.com\\\/es\\\/\"},{\"@type\":\"ListItem\",\"position\":2,\"name\":\"Todos los Productos\",\"item\":\"https:\\\/\\\/www.lifenatura.com\\\/es\\\/tienda\\\/\"},{\"@type\":\"ListItem\",\"position\":3,\"name\":\"Traumeel S Gotas 30 ml &#8211; Heel\"}]},{\"@type\":\"WebSite\",\"@id\":\"https:\\\/\\\/www.lifenatura.com\\\/es\\\/#website\",\"url\":\"https:\\\/\\\/www.lifenatura.com\\\/es\\\/\",\"name\":\"Lifenatura\",\"description\":\"A Lifenatura \u00e9 uma loja de produtos naturais, cosm\u00e9tica natural e alimenta\u00e7\u00e3o Biol\u00f3gica.\",\"publisher\":{\"@id\":\"https:\\\/\\\/www.lifenatura.com\\\/es\\\/#organization\"},\"potentialAction\":[{\"@type\":\"SearchAction\",\"target\":{\"@type\":\"EntryPoint\",\"urlTemplate\":\"https:\\\/\\\/www.lifenatura.com\\\/es\\\/?s={search_term_string}\"},\"query-input\":{\"@type\":\"PropertyValueSpecification\",\"valueRequired\":true,\"valueName\":\"search_term_string\"}}],\"inLanguage\":\"es\"},{\"@type\":\"Organization\",\"@id\":\"https:\\\/\\\/www.lifenatura.com\\\/es\\\/#organization\",\"name\":\"Lifenatura\",\"url\":\"https:\\\/\\\/www.lifenatura.com\\\/es\\\/\",\"logo\":{\"@type\":\"ImageObject\",\"inLanguage\":\"es\",\"@id\":\"https:\\\/\\\/www.lifenatura.com\\\/es\\\/#\\\/schema\\\/logo\\\/image\\\/\",\"url\":\"https:\\\/\\\/www.lifenatura.com\\\/wp-content\\\/uploads\\\/2021\\\/07\\\/logo.png\",\"contentUrl\":\"https:\\\/\\\/www.lifenatura.com\\\/wp-content\\\/uploads\\\/2021\\\/07\\\/logo.png\",\"width\":175,\"height\":55,\"caption\":\"Lifenatura\"},\"image\":{\"@id\":\"https:\\\/\\\/www.lifenatura.com\\\/es\\\/#\\\/schema\\\/logo\\\/image\\\/\"},\"sameAs\":[\"https:\\\/\\\/www.facebook.com\\\/lifenatura\",\"https:\\\/\\\/www.instagram.com\\\/lifenaturapt\\\/\"],\"hasMerchantReturnPolicy\":{\"@type\":\"MerchantReturnPolicy\",\"merchantReturnLink\":\"https:\\\/\\\/www.lifenatura.com\\\/termos-condicoes-lifenatura\\\/\"}}]}<\/script>\n<meta property=\"product:price:amount\" content=\"13.90\" \/>\n<meta property=\"product:price:currency\" content=\"EUR\" \/>\n<meta property=\"og:availability\" content=\"instock\" \/>\n<meta property=\"product:availability\" content=\"instock\" \/>\n<meta property=\"product:retailer_item_id\" content=\"5551577\" \/>\n<meta property=\"product:condition\" content=\"new\" \/>\n<!-- \/ Yoast SEO Premium plugin. -->","yoast_head_json":{"title":"Traumeel S Gotas 30 ml - Heel - Na Lifenatura ao Melhor Pre\u00e7o | Envio em 48h","description":"Traumeel S en gotas est\u00e1 indicado para el tratamiento de lesiones musculoesquel\u00e9ticas como esguinces, contusiones, hemartrosis y derrames articulares.","robots":{"index":"index","follow":"follow","max-snippet":"max-snippet:-1","max-image-preview":"max-image-preview:large","max-video-preview":"max-video-preview:-1"},"canonical":"https:\/\/www.lifenatura.com\/es\/produto\/traumeel-s-gotas-30-ml-heel\/","og_locale":"es_ES","og_type":"article","og_title":"Traumeel S Gotas 30 ml - Heel - Na Lifenatura ao Melhor Pre\u00e7o | Envio 48h","og_description":"Compre Traumeel S Gotas 30 ml - Heel com envio r\u00e1pido. Entrega em 48h e portes gr\u00e1tis em compras >35\u20ac. Aproveite j\u00e1 na Lifenatura","og_url":"https:\/\/www.lifenatura.com\/es\/produto\/traumeel-s-gotas-30-ml-heel\/","og_site_name":"Lifenatura","article_publisher":"https:\/\/www.facebook.com\/lifenatura","article_modified_time":"2025-02-02T00:02:39+00:00","og_image":[{"width":1000,"height":1000,"url":"https:\/\/www.lifenatura.com\/wp-content\/uploads\/2021\/09\/gd_traumeel-s-gotas-heel.jpg","type":"image\/jpeg"}],"twitter_card":"summary_large_image","twitter_misc":{"Precio":"13,90&nbsp;&euro;","Disponibilidad":"Disponible"},"schema":{"@context":"https:\/\/schema.org","@graph":[{"@type":"WebPage","@id":"https:\/\/www.lifenatura.com\/es\/produto\/traumeel-s-gotas-30-ml-heel\/","url":"https:\/\/www.lifenatura.com\/es\/produto\/traumeel-s-gotas-30-ml-heel\/","name":"Traumeel S Gotas 30 ml - Heel - Na Lifenatura ao Melhor Pre\u00e7o | Envio em 48h","isPartOf":{"@id":"https:\/\/www.lifenatura.com\/es\/#website"},"primaryImageOfPage":{"@id":"https:\/\/www.lifenatura.com\/es\/produto\/traumeel-s-gotas-30-ml-heel\/#primaryimage"},"image":{"@id":"https:\/\/www.lifenatura.com\/es\/produto\/traumeel-s-gotas-30-ml-heel\/#primaryimage"},"thumbnailUrl":"https:\/\/www.lifenatura.com\/wp-content\/uploads\/2021\/09\/gd_traumeel-s-gotas-heel.jpg","datePublished":"2021-09-30T10:09:54+00:00","dateModified":"2025-02-02T00:02:39+00:00","description":"Traumeel S en gotas est\u00e1 indicado para el tratamiento de lesiones musculoesquel\u00e9ticas como esguinces, contusiones, hemartrosis y derrames articulares.","breadcrumb":{"@id":"https:\/\/www.lifenatura.com\/es\/produto\/traumeel-s-gotas-30-ml-heel\/#breadcrumb"},"inLanguage":"es","potentialAction":[{"@type":"ReadAction","target":["https:\/\/www.lifenatura.com\/es\/produto\/traumeel-s-gotas-30-ml-heel\/"]}]},{"@type":"ImageObject","inLanguage":"es","@id":"https:\/\/www.lifenatura.com\/es\/produto\/traumeel-s-gotas-30-ml-heel\/#primaryimage","url":"https:\/\/www.lifenatura.com\/wp-content\/uploads\/2021\/09\/gd_traumeel-s-gotas-heel.jpg","contentUrl":"https:\/\/www.lifenatura.com\/wp-content\/uploads\/2021\/09\/gd_traumeel-s-gotas-heel.jpg","width":1000,"height":1000,"caption":"Traumeel S Gotas 30 ml - Heel"},{"@type":"BreadcrumbList","@id":"https:\/\/www.lifenatura.com\/es\/produto\/traumeel-s-gotas-30-ml-heel\/#breadcrumb","itemListElement":[{"@type":"ListItem","position":1,"name":"In\u00edcio","item":"https:\/\/www.lifenatura.com\/es\/"},{"@type":"ListItem","position":2,"name":"Todos los Productos","item":"https:\/\/www.lifenatura.com\/es\/tienda\/"},{"@type":"ListItem","position":3,"name":"Traumeel S Gotas 30 ml &#8211; Heel"}]},{"@type":"WebSite","@id":"https:\/\/www.lifenatura.com\/es\/#website","url":"https:\/\/www.lifenatura.com\/es\/","name":"Lifenatura","description":"A Lifenatura \u00e9 uma loja de produtos naturais, cosm\u00e9tica natural e alimenta\u00e7\u00e3o Biol\u00f3gica.","publisher":{"@id":"https:\/\/www.lifenatura.com\/es\/#organization"},"potentialAction":[{"@type":"SearchAction","target":{"@type":"EntryPoint","urlTemplate":"https:\/\/www.lifenatura.com\/es\/?s={search_term_string}"},"query-input":{"@type":"PropertyValueSpecification","valueRequired":true,"valueName":"search_term_string"}}],"inLanguage":"es"},{"@type":"Organization","@id":"https:\/\/www.lifenatura.com\/es\/#organization","name":"Lifenatura","url":"https:\/\/www.lifenatura.com\/es\/","logo":{"@type":"ImageObject","inLanguage":"es","@id":"https:\/\/www.lifenatura.com\/es\/#\/schema\/logo\/image\/","url":"https:\/\/www.lifenatura.com\/wp-content\/uploads\/2021\/07\/logo.png","contentUrl":"https:\/\/www.lifenatura.com\/wp-content\/uploads\/2021\/07\/logo.png","width":175,"height":55,"caption":"Lifenatura"},"image":{"@id":"https:\/\/www.lifenatura.com\/es\/#\/schema\/logo\/image\/"},"sameAs":["https:\/\/www.facebook.com\/lifenatura","https:\/\/www.instagram.com\/lifenaturapt\/"],"hasMerchantReturnPolicy":{"@type":"MerchantReturnPolicy","merchantReturnLink":"https:\/\/www.lifenatura.com\/termos-condicoes-lifenatura\/"}}]},"product_price_amount":"13.90","product_price_currency":"EUR","og_availability":"instock","product_availability":"instock","product_retailer_item_id":"5551577","product_condition":"new"},"df_price":13.9,"df_sale_price":13.9,"df_regular_price":23.12,"df_image_link":"https:\/\/www.lifenatura.com\/wp-content\/uploads\/2021\/09\/gd_traumeel-s-gotas-heel-300x300.jpg","_links":{"self":[{"href":"https:\/\/www.lifenatura.com\/es\/wp-json\/wp\/v2\/product\/38630","targetHints":{"allow":["GET"]}}],"collection":[{"href":"https:\/\/www.lifenatura.com\/es\/wp-json\/wp\/v2\/product"}],"about":[{"href":"https:\/\/www.lifenatura.com\/es\/wp-json\/wp\/v2\/types\/product"}],"wp:featuredmedia":[{"embeddable":true,"href":"https:\/\/www.lifenatura.com\/es\/wp-json\/wp\/v2\/media\/20179"}],"wp:attachment":[{"href":"https:\/\/www.lifenatura.com\/es\/wp-json\/wp\/v2\/media?parent=38630"}],"wp:term":[{"taxonomy":"product_brand","embeddable":true,"href":"https:\/\/www.lifenatura.com\/es\/wp-json\/wp\/v2\/product_brand?post=38630"},{"taxonomy":"product_cat","embeddable":true,"href":"https:\/\/www.lifenatura.com\/es\/wp-json\/wp\/v2\/product_cat?post=38630"},{"taxonomy":"product_tag","embeddable":true,"href":"https:\/\/www.lifenatura.com\/es\/wp-json\/wp\/v2\/product_tag?post=38630"}],"curies":[{"name":"wp","href":"https:\/\/api.w.org\/{rel}","templated":true}]}}