{"id":38625,"date":"2021-09-30T10:09:54","date_gmt":"2021-09-30T10:09:54","guid":{"rendered":"https:\/\/lifenatura.dev.agenciagetdigital.com\/produto\/oculoheel-gotas-oftalmicas-heel\/"},"modified":"2025-02-02T00:02:38","modified_gmt":"2025-02-02T00:02:38","slug":"oculoheel-gotas-oftalmicas-heel","status":"publish","type":"product","link":"https:\/\/www.lifenatura.com\/es\/produto\/oculoheel-gotas-oftalmicas-heel\/","title":{"rendered":"Oculoheel Gotas Oft\u00e1lmicas &#8211; Heel"},"content":{"rendered":"<h2 style=\"text-align: left;\"><strong>Oculoheel est\u00e1 indicado para la irritaci\u00f3n e inflamaci\u00f3n ocular leve<\/strong><\/h2>\n<p>&nbsp;<\/p>\n<p>Oculoheel es un complemento homeop\u00e1tico desarrollado por Heel, que se especializa en el tratamiento de los trastornos oculares, tambi\u00e9n tiene como objetivo aliviar los s\u00edntomas relacionados con la irritaci\u00f3n, la inflamaci\u00f3n y las molestias oculares.<\/p>\n<p>Gracias a una combinaci\u00f3n cuidadosamente seleccionada de ingredientes naturales, Oculoheel estimula el proceso de curaci\u00f3n y favorece el equilibrio de la regi\u00f3n ocular.<\/p>\n<p>Algunos de los principios activos presentes en este medicamento son Euphrasia officinalis, Hepar sulphuris calcareum y Mercurius sublimatus corrosivus, conocidos por sus propiedades terap\u00e9uticas en homeopat\u00eda.<\/p>\n<p>Oculoheel puede utilizarse para aliviar diversos s\u00edntomas oculares como enrojecimiento, picor, quemaz\u00f3n, sequedad ocular, lagrimeo excesivo y sensibilidad a la luz.<\/p>\n<p><strong>PRESENTACI\u00d3N<\/strong><\/p>\n<p>15 ampollas.<\/p>\n<p>&nbsp;<\/p>\n","protected":false},"excerpt":{"rendered":"<p>Oculoheel es una gota homeop\u00e1tica para aliviar la inflamaci\u00f3n en la zona ocular, alivia los s\u00edntomas relacionados con la irritaci\u00f3n y el malestar ocular. [&#8230;]<\/p>\n<p><a class=\"btn btn-secondary understrap-read-more-link\" href=\"https:\/\/www.lifenatura.com\/es\/produto\/oculoheel-gotas-oftalmicas-heel\/\">Leer m\u00e1s&#8230;<span class=\"screen-reader-text\"> from Oculoheel Gotas Oft\u00e1lmicas &#8211; Heel<\/span><\/a><\/p>\n","protected":false},"featured_media":67206,"template":"","meta":{"_acf_changed":false},"product_brand":[8478],"product_cat":[7196,7179,7218],"product_tag":[],"class_list":{"0":"post-38625","1":"product","2":"type-product","3":"status-publish","4":"has-post-thumbnail","6":"product_brand-heel","7":"product_cat-homeopatia-salud","8":"product_cat-salud","9":"product_cat-salud-ocular","10":"pa_caracteristicas-gotas-orales-homeopaticas","12":"first","13":"instock","14":"sale","15":"shipping-taxable","16":"purchasable","17":"product-type-simple","18":"add-to-wishlist-before_image"},"acf":[],"yoast_head":"<!-- This site is optimized with the Yoast SEO Premium plugin v27.1 (Yoast SEO v27.5) - https:\/\/yoast.com\/product\/yoast-seo-premium-wordpress\/ -->\n<title>Oculoheel Gotas Oft\u00e1lmicas Heel - Lifenatura<\/title>\n<meta name=\"description\" content=\"Oculoheel es una gota homeop\u00e1tica para aliviar la inflamaci\u00f3n en la zona ocular, alivia los s\u00edntomas relacionados con la irritaci\u00f3n y el malestar ocular.\" \/>\n<meta name=\"robots\" content=\"index, follow, max-snippet:-1, max-image-preview:large, max-video-preview:-1\" \/>\n<link rel=\"canonical\" href=\"https:\/\/www.lifenatura.com\/es\/produto\/oculoheel-gotas-oftalmicas-heel\/\" \/>\n<meta property=\"og:locale\" content=\"es_ES\" \/>\n<meta property=\"og:type\" content=\"article\" \/>\n<meta property=\"og:title\" content=\"Oculoheel Gotas Oft\u00e1lmicas - Heel - Na Lifenatura ao Melhor Pre\u00e7o | Envio 48h\" \/>\n<meta property=\"og:description\" content=\"Compre Oculoheel Gotas Oft\u00e1lmicas - Heel com envio r\u00e1pido. Entrega em 48h e portes gr\u00e1tis em compras &gt;35\u20ac. Aproveite j\u00e1 na Lifenatura\" \/>\n<meta property=\"og:url\" content=\"https:\/\/www.lifenatura.com\/es\/produto\/oculoheel-gotas-oftalmicas-heel\/\" \/>\n<meta property=\"og:site_name\" content=\"Lifenatura\" \/>\n<meta property=\"article:publisher\" content=\"https:\/\/www.facebook.com\/lifenatura\" \/>\n<meta property=\"article:modified_time\" content=\"2025-02-02T00:02:38+00:00\" \/>\n<meta property=\"og:image\" content=\"https:\/\/www.lifenatura.com\/wp-content\/uploads\/2021\/09\/oculoheel-colirio-15-monodosis-heel.jpg\" \/>\n\t<meta property=\"og:image:width\" content=\"1000\" \/>\n\t<meta property=\"og:image:height\" content=\"1000\" \/>\n\t<meta property=\"og:image:type\" content=\"image\/jpeg\" \/>\n<meta name=\"twitter:card\" content=\"summary_large_image\" \/>\n<meta name=\"twitter:label1\" content=\"Precio\" \/>\n\t<meta name=\"twitter:data1\" content=\"12,75&nbsp;&euro;\" \/>\n\t<meta name=\"twitter:label2\" content=\"Disponibilidad\" \/>\n\t<meta name=\"twitter:data2\" content=\"Disponible\" \/>\n<script type=\"application\/ld+json\" class=\"yoast-schema-graph\">{\"@context\":\"https:\\\/\\\/schema.org\",\"@graph\":[{\"@type\":\"WebPage\",\"@id\":\"https:\\\/\\\/www.lifenatura.com\\\/es\\\/produto\\\/oculoheel-gotas-oftalmicas-heel\\\/\",\"url\":\"https:\\\/\\\/www.lifenatura.com\\\/es\\\/produto\\\/oculoheel-gotas-oftalmicas-heel\\\/\",\"name\":\"Oculoheel Gotas Oft\u00e1lmicas Heel - Lifenatura\",\"isPartOf\":{\"@id\":\"https:\\\/\\\/www.lifenatura.com\\\/es\\\/#website\"},\"primaryImageOfPage\":{\"@id\":\"https:\\\/\\\/www.lifenatura.com\\\/es\\\/produto\\\/oculoheel-gotas-oftalmicas-heel\\\/#primaryimage\"},\"image\":{\"@id\":\"https:\\\/\\\/www.lifenatura.com\\\/es\\\/produto\\\/oculoheel-gotas-oftalmicas-heel\\\/#primaryimage\"},\"thumbnailUrl\":\"https:\\\/\\\/www.lifenatura.com\\\/wp-content\\\/uploads\\\/2021\\\/09\\\/oculoheel-colirio-15-monodosis-heel.jpg\",\"datePublished\":\"2021-09-30T10:09:54+00:00\",\"dateModified\":\"2025-02-02T00:02:38+00:00\",\"description\":\"Oculoheel es una gota homeop\u00e1tica para aliviar la inflamaci\u00f3n en la zona ocular, alivia los s\u00edntomas relacionados con la irritaci\u00f3n y el malestar ocular.\",\"breadcrumb\":{\"@id\":\"https:\\\/\\\/www.lifenatura.com\\\/es\\\/produto\\\/oculoheel-gotas-oftalmicas-heel\\\/#breadcrumb\"},\"inLanguage\":\"es\",\"potentialAction\":[{\"@type\":\"ReadAction\",\"target\":[\"https:\\\/\\\/www.lifenatura.com\\\/es\\\/produto\\\/oculoheel-gotas-oftalmicas-heel\\\/\"]}]},{\"@type\":\"ImageObject\",\"inLanguage\":\"es\",\"@id\":\"https:\\\/\\\/www.lifenatura.com\\\/es\\\/produto\\\/oculoheel-gotas-oftalmicas-heel\\\/#primaryimage\",\"url\":\"https:\\\/\\\/www.lifenatura.com\\\/wp-content\\\/uploads\\\/2021\\\/09\\\/oculoheel-colirio-15-monodosis-heel.jpg\",\"contentUrl\":\"https:\\\/\\\/www.lifenatura.com\\\/wp-content\\\/uploads\\\/2021\\\/09\\\/oculoheel-colirio-15-monodosis-heel.jpg\",\"width\":1000,\"height\":1000,\"caption\":\"Oculoheel Gotas Oft\u00e1lmicas da marca Heel\"},{\"@type\":\"BreadcrumbList\",\"@id\":\"https:\\\/\\\/www.lifenatura.com\\\/es\\\/produto\\\/oculoheel-gotas-oftalmicas-heel\\\/#breadcrumb\",\"itemListElement\":[{\"@type\":\"ListItem\",\"position\":1,\"name\":\"In\u00edcio\",\"item\":\"https:\\\/\\\/www.lifenatura.com\\\/es\\\/\"},{\"@type\":\"ListItem\",\"position\":2,\"name\":\"Todos los Productos\",\"item\":\"https:\\\/\\\/www.lifenatura.com\\\/es\\\/tienda\\\/\"},{\"@type\":\"ListItem\",\"position\":3,\"name\":\"Oculoheel Gotas Oft\u00e1lmicas &#8211; Heel\"}]},{\"@type\":\"WebSite\",\"@id\":\"https:\\\/\\\/www.lifenatura.com\\\/es\\\/#website\",\"url\":\"https:\\\/\\\/www.lifenatura.com\\\/es\\\/\",\"name\":\"Lifenatura\",\"description\":\"A Lifenatura \u00e9 uma loja de produtos naturais, cosm\u00e9tica natural e alimenta\u00e7\u00e3o Biol\u00f3gica.\",\"publisher\":{\"@id\":\"https:\\\/\\\/www.lifenatura.com\\\/es\\\/#organization\"},\"potentialAction\":[{\"@type\":\"SearchAction\",\"target\":{\"@type\":\"EntryPoint\",\"urlTemplate\":\"https:\\\/\\\/www.lifenatura.com\\\/es\\\/?s={search_term_string}\"},\"query-input\":{\"@type\":\"PropertyValueSpecification\",\"valueRequired\":true,\"valueName\":\"search_term_string\"}}],\"inLanguage\":\"es\"},{\"@type\":\"Organization\",\"@id\":\"https:\\\/\\\/www.lifenatura.com\\\/es\\\/#organization\",\"name\":\"Lifenatura\",\"url\":\"https:\\\/\\\/www.lifenatura.com\\\/es\\\/\",\"logo\":{\"@type\":\"ImageObject\",\"inLanguage\":\"es\",\"@id\":\"https:\\\/\\\/www.lifenatura.com\\\/es\\\/#\\\/schema\\\/logo\\\/image\\\/\",\"url\":\"https:\\\/\\\/www.lifenatura.com\\\/wp-content\\\/uploads\\\/2021\\\/07\\\/logo.png\",\"contentUrl\":\"https:\\\/\\\/www.lifenatura.com\\\/wp-content\\\/uploads\\\/2021\\\/07\\\/logo.png\",\"width\":175,\"height\":55,\"caption\":\"Lifenatura\"},\"image\":{\"@id\":\"https:\\\/\\\/www.lifenatura.com\\\/es\\\/#\\\/schema\\\/logo\\\/image\\\/\"},\"sameAs\":[\"https:\\\/\\\/www.facebook.com\\\/lifenatura\",\"https:\\\/\\\/www.instagram.com\\\/lifenaturapt\\\/\"],\"hasMerchantReturnPolicy\":{\"@type\":\"MerchantReturnPolicy\",\"merchantReturnLink\":\"https:\\\/\\\/www.lifenatura.com\\\/termos-condicoes-lifenatura\\\/\"}}]}<\/script>\n<meta property=\"product:price:amount\" content=\"12.75\" \/>\n<meta property=\"product:price:currency\" content=\"EUR\" \/>\n<meta property=\"og:availability\" content=\"instock\" \/>\n<meta property=\"product:availability\" content=\"instock\" \/>\n<meta property=\"product:retailer_item_id\" content=\"7377127\" \/>\n<meta property=\"product:condition\" content=\"new\" \/>\n<!-- \/ Yoast SEO Premium plugin. -->","yoast_head_json":{"title":"Oculoheel Gotas Oft\u00e1lmicas Heel - Lifenatura","description":"Oculoheel es una gota homeop\u00e1tica para aliviar la inflamaci\u00f3n en la zona ocular, alivia los s\u00edntomas relacionados con la irritaci\u00f3n y el malestar ocular.","robots":{"index":"index","follow":"follow","max-snippet":"max-snippet:-1","max-image-preview":"max-image-preview:large","max-video-preview":"max-video-preview:-1"},"canonical":"https:\/\/www.lifenatura.com\/es\/produto\/oculoheel-gotas-oftalmicas-heel\/","og_locale":"es_ES","og_type":"article","og_title":"Oculoheel Gotas Oft\u00e1lmicas - Heel - Na Lifenatura ao Melhor Pre\u00e7o | Envio 48h","og_description":"Compre Oculoheel Gotas Oft\u00e1lmicas - Heel com envio r\u00e1pido. Entrega em 48h e portes gr\u00e1tis em compras >35\u20ac. Aproveite j\u00e1 na Lifenatura","og_url":"https:\/\/www.lifenatura.com\/es\/produto\/oculoheel-gotas-oftalmicas-heel\/","og_site_name":"Lifenatura","article_publisher":"https:\/\/www.facebook.com\/lifenatura","article_modified_time":"2025-02-02T00:02:38+00:00","og_image":[{"width":1000,"height":1000,"url":"https:\/\/www.lifenatura.com\/wp-content\/uploads\/2021\/09\/oculoheel-colirio-15-monodosis-heel.jpg","type":"image\/jpeg"}],"twitter_card":"summary_large_image","twitter_misc":{"Precio":"12,75&nbsp;&euro;","Disponibilidad":"Disponible"},"schema":{"@context":"https:\/\/schema.org","@graph":[{"@type":"WebPage","@id":"https:\/\/www.lifenatura.com\/es\/produto\/oculoheel-gotas-oftalmicas-heel\/","url":"https:\/\/www.lifenatura.com\/es\/produto\/oculoheel-gotas-oftalmicas-heel\/","name":"Oculoheel Gotas Oft\u00e1lmicas Heel - Lifenatura","isPartOf":{"@id":"https:\/\/www.lifenatura.com\/es\/#website"},"primaryImageOfPage":{"@id":"https:\/\/www.lifenatura.com\/es\/produto\/oculoheel-gotas-oftalmicas-heel\/#primaryimage"},"image":{"@id":"https:\/\/www.lifenatura.com\/es\/produto\/oculoheel-gotas-oftalmicas-heel\/#primaryimage"},"thumbnailUrl":"https:\/\/www.lifenatura.com\/wp-content\/uploads\/2021\/09\/oculoheel-colirio-15-monodosis-heel.jpg","datePublished":"2021-09-30T10:09:54+00:00","dateModified":"2025-02-02T00:02:38+00:00","description":"Oculoheel es una gota homeop\u00e1tica para aliviar la inflamaci\u00f3n en la zona ocular, alivia los s\u00edntomas relacionados con la irritaci\u00f3n y el malestar ocular.","breadcrumb":{"@id":"https:\/\/www.lifenatura.com\/es\/produto\/oculoheel-gotas-oftalmicas-heel\/#breadcrumb"},"inLanguage":"es","potentialAction":[{"@type":"ReadAction","target":["https:\/\/www.lifenatura.com\/es\/produto\/oculoheel-gotas-oftalmicas-heel\/"]}]},{"@type":"ImageObject","inLanguage":"es","@id":"https:\/\/www.lifenatura.com\/es\/produto\/oculoheel-gotas-oftalmicas-heel\/#primaryimage","url":"https:\/\/www.lifenatura.com\/wp-content\/uploads\/2021\/09\/oculoheel-colirio-15-monodosis-heel.jpg","contentUrl":"https:\/\/www.lifenatura.com\/wp-content\/uploads\/2021\/09\/oculoheel-colirio-15-monodosis-heel.jpg","width":1000,"height":1000,"caption":"Oculoheel Gotas Oft\u00e1lmicas da marca Heel"},{"@type":"BreadcrumbList","@id":"https:\/\/www.lifenatura.com\/es\/produto\/oculoheel-gotas-oftalmicas-heel\/#breadcrumb","itemListElement":[{"@type":"ListItem","position":1,"name":"In\u00edcio","item":"https:\/\/www.lifenatura.com\/es\/"},{"@type":"ListItem","position":2,"name":"Todos los Productos","item":"https:\/\/www.lifenatura.com\/es\/tienda\/"},{"@type":"ListItem","position":3,"name":"Oculoheel Gotas Oft\u00e1lmicas &#8211; Heel"}]},{"@type":"WebSite","@id":"https:\/\/www.lifenatura.com\/es\/#website","url":"https:\/\/www.lifenatura.com\/es\/","name":"Lifenatura","description":"A Lifenatura \u00e9 uma loja de produtos naturais, cosm\u00e9tica natural e alimenta\u00e7\u00e3o Biol\u00f3gica.","publisher":{"@id":"https:\/\/www.lifenatura.com\/es\/#organization"},"potentialAction":[{"@type":"SearchAction","target":{"@type":"EntryPoint","urlTemplate":"https:\/\/www.lifenatura.com\/es\/?s={search_term_string}"},"query-input":{"@type":"PropertyValueSpecification","valueRequired":true,"valueName":"search_term_string"}}],"inLanguage":"es"},{"@type":"Organization","@id":"https:\/\/www.lifenatura.com\/es\/#organization","name":"Lifenatura","url":"https:\/\/www.lifenatura.com\/es\/","logo":{"@type":"ImageObject","inLanguage":"es","@id":"https:\/\/www.lifenatura.com\/es\/#\/schema\/logo\/image\/","url":"https:\/\/www.lifenatura.com\/wp-content\/uploads\/2021\/07\/logo.png","contentUrl":"https:\/\/www.lifenatura.com\/wp-content\/uploads\/2021\/07\/logo.png","width":175,"height":55,"caption":"Lifenatura"},"image":{"@id":"https:\/\/www.lifenatura.com\/es\/#\/schema\/logo\/image\/"},"sameAs":["https:\/\/www.facebook.com\/lifenatura","https:\/\/www.instagram.com\/lifenaturapt\/"],"hasMerchantReturnPolicy":{"@type":"MerchantReturnPolicy","merchantReturnLink":"https:\/\/www.lifenatura.com\/termos-condicoes-lifenatura\/"}}]},"product_price_amount":"12.75","product_price_currency":"EUR","og_availability":"instock","product_availability":"instock","product_retailer_item_id":"7377127","product_condition":"new"},"df_price":12.75,"df_sale_price":12.75,"df_regular_price":18.4,"df_image_link":"https:\/\/www.lifenatura.com\/wp-content\/uploads\/2021\/09\/oculoheel-colirio-15-monodosis-heel-300x300.jpg","_links":{"self":[{"href":"https:\/\/www.lifenatura.com\/es\/wp-json\/wp\/v2\/product\/38625","targetHints":{"allow":["GET"]}}],"collection":[{"href":"https:\/\/www.lifenatura.com\/es\/wp-json\/wp\/v2\/product"}],"about":[{"href":"https:\/\/www.lifenatura.com\/es\/wp-json\/wp\/v2\/types\/product"}],"wp:featuredmedia":[{"embeddable":true,"href":"https:\/\/www.lifenatura.com\/es\/wp-json\/wp\/v2\/media\/67206"}],"wp:attachment":[{"href":"https:\/\/www.lifenatura.com\/es\/wp-json\/wp\/v2\/media?parent=38625"}],"wp:term":[{"taxonomy":"product_brand","embeddable":true,"href":"https:\/\/www.lifenatura.com\/es\/wp-json\/wp\/v2\/product_brand?post=38625"},{"taxonomy":"product_cat","embeddable":true,"href":"https:\/\/www.lifenatura.com\/es\/wp-json\/wp\/v2\/product_cat?post=38625"},{"taxonomy":"product_tag","embeddable":true,"href":"https:\/\/www.lifenatura.com\/es\/wp-json\/wp\/v2\/product_tag?post=38625"}],"curies":[{"name":"wp","href":"https:\/\/api.w.org\/{rel}","templated":true}]}}