{"id":38620,"date":"2021-09-30T10:09:32","date_gmt":"2021-09-30T10:09:32","guid":{"rendered":"https:\/\/lifenatura.dev.agenciagetdigital.com\/produto\/luffeel-spray-nasal-20-ml-heel\/"},"modified":"2025-02-02T00:02:37","modified_gmt":"2025-02-02T00:02:37","slug":"luffeel-spray-nasal-20-ml-heel","status":"publish","type":"product","link":"https:\/\/www.lifenatura.com\/es\/produto\/luffeel-spray-nasal-20-ml-heel\/","title":{"rendered":"Luffeel Spray Nasal 20 ml &#8211; Heel"},"content":{"rendered":"<h2 style=\"text-align: left;\"><strong>Luffel Nebulizador Nasal est\u00e1 indicado para el tratamiento de la rinitis<\/strong><\/h2>\n<p>&nbsp;<\/p>\n<p>Luffel Nebulizador Nasal es un complemento homeop\u00e1tico indicado como coadyuvante en el tratamiento de la rinitis al\u00e9rgica estacional o cr\u00f3nica. Ha sido desarrollado por los Laboratorios Heel, formulado a partir de los principios de la homeopat\u00eda para el tratamiento de los s\u00edntomas asociados a las alergias respiratorias estacionales y perennes.<\/p>\n<p>Este complemento est\u00e1 compuesto por una combinaci\u00f3n de ingredientes naturales seleccionados por sus propiedades terap\u00e9uticas en homeopat\u00eda. Algunos de los ingredientes activos de Luffeel incluyen Luffa operculata, Galphimia glauca y Cardiospermum halicacabum.<\/p>\n<p>Estas sustancias son conocidas por su capacidad para aliviar los s\u00edntomas t\u00edpicos de las alergias respiratorias, como estornudos, goteo nasal, congesti\u00f3n nasal e irritaci\u00f3n de garganta.<\/p>\n<p>Tambi\u00e9n act\u00faa sobre el sistema inmunitario, ayudando a reducir la reacci\u00f3n exagerada del organismo a las sustancias alerg\u00e9nicas, aliviando los s\u00edntomas molestos y favoreciendo la sensaci\u00f3n de alivio.<\/p>\n<p><strong>PRESENTACI\u00d3N<\/strong><\/p>\n<p>20 ml<\/p>\n","protected":false},"excerpt":{"rendered":"<p>Luffel Nebulizador Nasal es un complemento homeop\u00e1tico indicado como coadyuvante en el tratamiento de la rinitis al\u00e9rgica, alivia los s\u00edntomas de la alergia. [&#8230;]<\/p>\n<p><a class=\"btn btn-secondary understrap-read-more-link\" href=\"https:\/\/www.lifenatura.com\/es\/produto\/luffeel-spray-nasal-20-ml-heel\/\">Leer m\u00e1s&#8230;<span class=\"screen-reader-text\"> from Luffeel Spray Nasal 20 ml &#8211; Heel<\/span><\/a><\/p>\n","protected":false},"featured_media":67192,"template":"","meta":{"_acf_changed":false},"product_brand":[8478],"product_cat":[7230,7196,7179,7883],"product_tag":[],"class_list":{"0":"post-38620","1":"product","2":"type-product","3":"status-publish","4":"has-post-thumbnail","6":"product_brand-heel","7":"product_cat-alergias-respiratorias","8":"product_cat-homeopatia-salud","9":"product_cat-salud","10":"product_cat-suplementos-alimenticios","11":"pa_caracteristicas-outras-formulaciones-homeopaticas","13":"first","14":"instock","15":"sale","16":"shipping-taxable","17":"purchasable","18":"product-type-simple","19":"add-to-wishlist-before_image"},"acf":[],"yoast_head":"<!-- This site is optimized with the Yoast SEO Premium plugin v27.1 (Yoast SEO v27.5) - https:\/\/yoast.com\/product\/yoast-seo-premium-wordpress\/ -->\n<title>Luffeel Spray Nasal Heel - Lifenatura<\/title>\n<meta name=\"description\" content=\"Luffel Nebulizador es un complemento homeop\u00e1tico indicado como coadyuvante en el tratamiento de la rinitis al\u00e9rgica, alivia los s\u00edntomas de la alergia.\" \/>\n<meta name=\"robots\" content=\"index, follow, max-snippet:-1, max-image-preview:large, max-video-preview:-1\" \/>\n<link rel=\"canonical\" href=\"https:\/\/www.lifenatura.com\/es\/produto\/luffeel-spray-nasal-20-ml-heel\/\" \/>\n<meta property=\"og:locale\" content=\"es_ES\" \/>\n<meta property=\"og:type\" content=\"article\" \/>\n<meta property=\"og:title\" content=\"Luffeel Spray Nasal 20 ml - Heel - Na Lifenatura ao Melhor Pre\u00e7o | Envio 48h\" \/>\n<meta property=\"og:description\" content=\"Compre Luffeel Spray Nasal 20 ml - Heel com envio r\u00e1pido. Entrega em 48h e portes gr\u00e1tis em compras &gt;35\u20ac. Aproveite j\u00e1 na Lifenatura\" \/>\n<meta property=\"og:url\" content=\"https:\/\/www.lifenatura.com\/es\/produto\/luffeel-spray-nasal-20-ml-heel\/\" \/>\n<meta property=\"og:site_name\" content=\"Lifenatura\" \/>\n<meta property=\"article:publisher\" content=\"https:\/\/www.facebook.com\/lifenatura\" \/>\n<meta property=\"article:modified_time\" content=\"2025-02-02T00:02:37+00:00\" \/>\n<meta property=\"og:image\" content=\"https:\/\/www.lifenatura.com\/wp-content\/uploads\/2021\/09\/luffeel-nebolizador-nasal-heel.jpg\" \/>\n\t<meta property=\"og:image:width\" content=\"1000\" \/>\n\t<meta property=\"og:image:height\" content=\"1000\" \/>\n\t<meta property=\"og:image:type\" content=\"image\/jpeg\" \/>\n<meta name=\"twitter:card\" content=\"summary_large_image\" \/>\n<meta name=\"twitter:label1\" content=\"Precio\" \/>\n\t<meta name=\"twitter:data1\" content=\"11,90&nbsp;&euro;\" \/>\n\t<meta name=\"twitter:label2\" content=\"Disponibilidad\" \/>\n\t<meta name=\"twitter:data2\" content=\"Disponible\" \/>\n<script type=\"application\/ld+json\" class=\"yoast-schema-graph\">{\"@context\":\"https:\\\/\\\/schema.org\",\"@graph\":[{\"@type\":\"WebPage\",\"@id\":\"https:\\\/\\\/www.lifenatura.com\\\/es\\\/produto\\\/luffeel-spray-nasal-20-ml-heel\\\/\",\"url\":\"https:\\\/\\\/www.lifenatura.com\\\/es\\\/produto\\\/luffeel-spray-nasal-20-ml-heel\\\/\",\"name\":\"Luffeel Spray Nasal Heel - Lifenatura\",\"isPartOf\":{\"@id\":\"https:\\\/\\\/www.lifenatura.com\\\/es\\\/#website\"},\"primaryImageOfPage\":{\"@id\":\"https:\\\/\\\/www.lifenatura.com\\\/es\\\/produto\\\/luffeel-spray-nasal-20-ml-heel\\\/#primaryimage\"},\"image\":{\"@id\":\"https:\\\/\\\/www.lifenatura.com\\\/es\\\/produto\\\/luffeel-spray-nasal-20-ml-heel\\\/#primaryimage\"},\"thumbnailUrl\":\"https:\\\/\\\/www.lifenatura.com\\\/wp-content\\\/uploads\\\/2021\\\/09\\\/luffeel-nebolizador-nasal-heel.jpg\",\"datePublished\":\"2021-09-30T10:09:32+00:00\",\"dateModified\":\"2025-02-02T00:02:37+00:00\",\"description\":\"Luffel Nebulizador es un complemento homeop\u00e1tico indicado como coadyuvante en el tratamiento de la rinitis al\u00e9rgica, alivia los s\u00edntomas de la alergia.\",\"breadcrumb\":{\"@id\":\"https:\\\/\\\/www.lifenatura.com\\\/es\\\/produto\\\/luffeel-spray-nasal-20-ml-heel\\\/#breadcrumb\"},\"inLanguage\":\"es\",\"potentialAction\":[{\"@type\":\"ReadAction\",\"target\":[\"https:\\\/\\\/www.lifenatura.com\\\/es\\\/produto\\\/luffeel-spray-nasal-20-ml-heel\\\/\"]}]},{\"@type\":\"ImageObject\",\"inLanguage\":\"es\",\"@id\":\"https:\\\/\\\/www.lifenatura.com\\\/es\\\/produto\\\/luffeel-spray-nasal-20-ml-heel\\\/#primaryimage\",\"url\":\"https:\\\/\\\/www.lifenatura.com\\\/wp-content\\\/uploads\\\/2021\\\/09\\\/luffeel-nebolizador-nasal-heel.jpg\",\"contentUrl\":\"https:\\\/\\\/www.lifenatura.com\\\/wp-content\\\/uploads\\\/2021\\\/09\\\/luffeel-nebolizador-nasal-heel.jpg\",\"width\":1000,\"height\":1000,\"caption\":\"Nebulizador nasal Luffeel Heel\"},{\"@type\":\"BreadcrumbList\",\"@id\":\"https:\\\/\\\/www.lifenatura.com\\\/es\\\/produto\\\/luffeel-spray-nasal-20-ml-heel\\\/#breadcrumb\",\"itemListElement\":[{\"@type\":\"ListItem\",\"position\":1,\"name\":\"In\u00edcio\",\"item\":\"https:\\\/\\\/www.lifenatura.com\\\/es\\\/\"},{\"@type\":\"ListItem\",\"position\":2,\"name\":\"Todos los Productos\",\"item\":\"https:\\\/\\\/www.lifenatura.com\\\/es\\\/tienda\\\/\"},{\"@type\":\"ListItem\",\"position\":3,\"name\":\"Luffeel Spray Nasal 20 ml &#8211; Heel\"}]},{\"@type\":\"WebSite\",\"@id\":\"https:\\\/\\\/www.lifenatura.com\\\/es\\\/#website\",\"url\":\"https:\\\/\\\/www.lifenatura.com\\\/es\\\/\",\"name\":\"Lifenatura\",\"description\":\"A Lifenatura \u00e9 uma loja de produtos naturais, cosm\u00e9tica natural e alimenta\u00e7\u00e3o Biol\u00f3gica.\",\"publisher\":{\"@id\":\"https:\\\/\\\/www.lifenatura.com\\\/es\\\/#organization\"},\"potentialAction\":[{\"@type\":\"SearchAction\",\"target\":{\"@type\":\"EntryPoint\",\"urlTemplate\":\"https:\\\/\\\/www.lifenatura.com\\\/es\\\/?s={search_term_string}\"},\"query-input\":{\"@type\":\"PropertyValueSpecification\",\"valueRequired\":true,\"valueName\":\"search_term_string\"}}],\"inLanguage\":\"es\"},{\"@type\":\"Organization\",\"@id\":\"https:\\\/\\\/www.lifenatura.com\\\/es\\\/#organization\",\"name\":\"Lifenatura\",\"url\":\"https:\\\/\\\/www.lifenatura.com\\\/es\\\/\",\"logo\":{\"@type\":\"ImageObject\",\"inLanguage\":\"es\",\"@id\":\"https:\\\/\\\/www.lifenatura.com\\\/es\\\/#\\\/schema\\\/logo\\\/image\\\/\",\"url\":\"https:\\\/\\\/www.lifenatura.com\\\/wp-content\\\/uploads\\\/2021\\\/07\\\/logo.png\",\"contentUrl\":\"https:\\\/\\\/www.lifenatura.com\\\/wp-content\\\/uploads\\\/2021\\\/07\\\/logo.png\",\"width\":175,\"height\":55,\"caption\":\"Lifenatura\"},\"image\":{\"@id\":\"https:\\\/\\\/www.lifenatura.com\\\/es\\\/#\\\/schema\\\/logo\\\/image\\\/\"},\"sameAs\":[\"https:\\\/\\\/www.facebook.com\\\/lifenatura\",\"https:\\\/\\\/www.instagram.com\\\/lifenaturapt\\\/\"],\"hasMerchantReturnPolicy\":{\"@type\":\"MerchantReturnPolicy\",\"merchantReturnLink\":\"https:\\\/\\\/www.lifenatura.com\\\/termos-condicoes-lifenatura\\\/\"}}]}<\/script>\n<meta property=\"product:price:amount\" content=\"11.90\" \/>\n<meta property=\"product:price:currency\" content=\"EUR\" \/>\n<meta property=\"og:availability\" content=\"instock\" \/>\n<meta property=\"product:availability\" content=\"instock\" \/>\n<meta property=\"product:retailer_item_id\" content=\"6656157\" \/>\n<meta property=\"product:condition\" content=\"new\" \/>\n<!-- \/ Yoast SEO Premium plugin. -->","yoast_head_json":{"title":"Luffeel Spray Nasal Heel - Lifenatura","description":"Luffel Nebulizador es un complemento homeop\u00e1tico indicado como coadyuvante en el tratamiento de la rinitis al\u00e9rgica, alivia los s\u00edntomas de la alergia.","robots":{"index":"index","follow":"follow","max-snippet":"max-snippet:-1","max-image-preview":"max-image-preview:large","max-video-preview":"max-video-preview:-1"},"canonical":"https:\/\/www.lifenatura.com\/es\/produto\/luffeel-spray-nasal-20-ml-heel\/","og_locale":"es_ES","og_type":"article","og_title":"Luffeel Spray Nasal 20 ml - Heel - Na Lifenatura ao Melhor Pre\u00e7o | Envio 48h","og_description":"Compre Luffeel Spray Nasal 20 ml - Heel com envio r\u00e1pido. Entrega em 48h e portes gr\u00e1tis em compras >35\u20ac. Aproveite j\u00e1 na Lifenatura","og_url":"https:\/\/www.lifenatura.com\/es\/produto\/luffeel-spray-nasal-20-ml-heel\/","og_site_name":"Lifenatura","article_publisher":"https:\/\/www.facebook.com\/lifenatura","article_modified_time":"2025-02-02T00:02:37+00:00","og_image":[{"width":1000,"height":1000,"url":"https:\/\/www.lifenatura.com\/wp-content\/uploads\/2021\/09\/luffeel-nebolizador-nasal-heel.jpg","type":"image\/jpeg"}],"twitter_card":"summary_large_image","twitter_misc":{"Precio":"11,90&nbsp;&euro;","Disponibilidad":"Disponible"},"schema":{"@context":"https:\/\/schema.org","@graph":[{"@type":"WebPage","@id":"https:\/\/www.lifenatura.com\/es\/produto\/luffeel-spray-nasal-20-ml-heel\/","url":"https:\/\/www.lifenatura.com\/es\/produto\/luffeel-spray-nasal-20-ml-heel\/","name":"Luffeel Spray Nasal Heel - Lifenatura","isPartOf":{"@id":"https:\/\/www.lifenatura.com\/es\/#website"},"primaryImageOfPage":{"@id":"https:\/\/www.lifenatura.com\/es\/produto\/luffeel-spray-nasal-20-ml-heel\/#primaryimage"},"image":{"@id":"https:\/\/www.lifenatura.com\/es\/produto\/luffeel-spray-nasal-20-ml-heel\/#primaryimage"},"thumbnailUrl":"https:\/\/www.lifenatura.com\/wp-content\/uploads\/2021\/09\/luffeel-nebolizador-nasal-heel.jpg","datePublished":"2021-09-30T10:09:32+00:00","dateModified":"2025-02-02T00:02:37+00:00","description":"Luffel Nebulizador es un complemento homeop\u00e1tico indicado como coadyuvante en el tratamiento de la rinitis al\u00e9rgica, alivia los s\u00edntomas de la alergia.","breadcrumb":{"@id":"https:\/\/www.lifenatura.com\/es\/produto\/luffeel-spray-nasal-20-ml-heel\/#breadcrumb"},"inLanguage":"es","potentialAction":[{"@type":"ReadAction","target":["https:\/\/www.lifenatura.com\/es\/produto\/luffeel-spray-nasal-20-ml-heel\/"]}]},{"@type":"ImageObject","inLanguage":"es","@id":"https:\/\/www.lifenatura.com\/es\/produto\/luffeel-spray-nasal-20-ml-heel\/#primaryimage","url":"https:\/\/www.lifenatura.com\/wp-content\/uploads\/2021\/09\/luffeel-nebolizador-nasal-heel.jpg","contentUrl":"https:\/\/www.lifenatura.com\/wp-content\/uploads\/2021\/09\/luffeel-nebolizador-nasal-heel.jpg","width":1000,"height":1000,"caption":"Nebulizador nasal Luffeel Heel"},{"@type":"BreadcrumbList","@id":"https:\/\/www.lifenatura.com\/es\/produto\/luffeel-spray-nasal-20-ml-heel\/#breadcrumb","itemListElement":[{"@type":"ListItem","position":1,"name":"In\u00edcio","item":"https:\/\/www.lifenatura.com\/es\/"},{"@type":"ListItem","position":2,"name":"Todos los Productos","item":"https:\/\/www.lifenatura.com\/es\/tienda\/"},{"@type":"ListItem","position":3,"name":"Luffeel Spray Nasal 20 ml &#8211; Heel"}]},{"@type":"WebSite","@id":"https:\/\/www.lifenatura.com\/es\/#website","url":"https:\/\/www.lifenatura.com\/es\/","name":"Lifenatura","description":"A Lifenatura \u00e9 uma loja de produtos naturais, cosm\u00e9tica natural e alimenta\u00e7\u00e3o Biol\u00f3gica.","publisher":{"@id":"https:\/\/www.lifenatura.com\/es\/#organization"},"potentialAction":[{"@type":"SearchAction","target":{"@type":"EntryPoint","urlTemplate":"https:\/\/www.lifenatura.com\/es\/?s={search_term_string}"},"query-input":{"@type":"PropertyValueSpecification","valueRequired":true,"valueName":"search_term_string"}}],"inLanguage":"es"},{"@type":"Organization","@id":"https:\/\/www.lifenatura.com\/es\/#organization","name":"Lifenatura","url":"https:\/\/www.lifenatura.com\/es\/","logo":{"@type":"ImageObject","inLanguage":"es","@id":"https:\/\/www.lifenatura.com\/es\/#\/schema\/logo\/image\/","url":"https:\/\/www.lifenatura.com\/wp-content\/uploads\/2021\/07\/logo.png","contentUrl":"https:\/\/www.lifenatura.com\/wp-content\/uploads\/2021\/07\/logo.png","width":175,"height":55,"caption":"Lifenatura"},"image":{"@id":"https:\/\/www.lifenatura.com\/es\/#\/schema\/logo\/image\/"},"sameAs":["https:\/\/www.facebook.com\/lifenatura","https:\/\/www.instagram.com\/lifenaturapt\/"],"hasMerchantReturnPolicy":{"@type":"MerchantReturnPolicy","merchantReturnLink":"https:\/\/www.lifenatura.com\/termos-condicoes-lifenatura\/"}}]},"product_price_amount":"11.90","product_price_currency":"EUR","og_availability":"instock","product_availability":"instock","product_retailer_item_id":"6656157","product_condition":"new"},"df_price":11.9,"df_sale_price":11.9,"df_regular_price":17.2,"df_image_link":"https:\/\/www.lifenatura.com\/wp-content\/uploads\/2021\/09\/luffeel-nebolizador-nasal-heel-300x300.jpg","_links":{"self":[{"href":"https:\/\/www.lifenatura.com\/es\/wp-json\/wp\/v2\/product\/38620","targetHints":{"allow":["GET"]}}],"collection":[{"href":"https:\/\/www.lifenatura.com\/es\/wp-json\/wp\/v2\/product"}],"about":[{"href":"https:\/\/www.lifenatura.com\/es\/wp-json\/wp\/v2\/types\/product"}],"wp:featuredmedia":[{"embeddable":true,"href":"https:\/\/www.lifenatura.com\/es\/wp-json\/wp\/v2\/media\/67192"}],"wp:attachment":[{"href":"https:\/\/www.lifenatura.com\/es\/wp-json\/wp\/v2\/media?parent=38620"}],"wp:term":[{"taxonomy":"product_brand","embeddable":true,"href":"https:\/\/www.lifenatura.com\/es\/wp-json\/wp\/v2\/product_brand?post=38620"},{"taxonomy":"product_cat","embeddable":true,"href":"https:\/\/www.lifenatura.com\/es\/wp-json\/wp\/v2\/product_cat?post=38620"},{"taxonomy":"product_tag","embeddable":true,"href":"https:\/\/www.lifenatura.com\/es\/wp-json\/wp\/v2\/product_tag?post=38620"}],"curies":[{"name":"wp","href":"https:\/\/api.w.org\/{rel}","templated":true}]}}