{"id":38602,"date":"2021-09-30T10:09:10","date_gmt":"2021-09-30T10:09:10","guid":{"rendered":"https:\/\/lifenatura.dev.agenciagetdigital.com\/produto\/berberis-homaccord-gotas-30-ml-heel\/"},"modified":"2025-02-02T00:02:33","modified_gmt":"2025-02-02T00:02:33","slug":"berberis-homaccord-gotas-30-ml-heel","status":"publish","type":"product","link":"https:\/\/www.lifenatura.com\/es\/produto\/berberis-homaccord-gotas-30-ml-heel\/","title":{"rendered":"Berberis Homaccord Gotas 30 ml &#8211; Heel"},"content":{"rendered":"<h2><strong>Berberis-Homaccord est\u00e1 indicado para reducir la inflamaci\u00f3n urinaria<\/strong><\/h2>\n<p>&nbsp;<\/p>\n<p>Berberis-Homaccord es un complemento homeop\u00e1tico de la marca Heel, disponible en forma l\u00edquida. Est\u00e1 formulado bas\u00e1ndose en principios homeop\u00e1ticos para proporcionar apoyo terap\u00e9utico en una variedad de afecciones relacionadas con los sistemas urinario y musculoesquel\u00e9tico.<\/p>\n<p>Berberis-Homaccord est\u00e1 indicado para ayudar en el tratamiento de procesos inflamatorios e irritativos a nivel del tracto urogenital y v\u00edas biliares.<\/p>\n<p>Este producto contiene el extracto de la planta medicinal Berberis vulgaris, conocida por sus propiedades medicinales. El Berberis vulgaris se utiliza tradicionalmente en medicina homeop\u00e1tica para tratar s\u00edntomas como el dolor, la inflamaci\u00f3n, la irritaci\u00f3n y el malestar en diferentes partes del cuerpo.<\/p>\n<p>Berberis-Homaccord est\u00e1 indicado para aliviar los s\u00edntomas asociados a trastornos renales, como dolor lumbar, dolor o ardor al orinar, sensaci\u00f3n de quemaz\u00f3n y molestias en la regi\u00f3n renal. Tambi\u00e9n puede ser utilizado para tratar dolores musculares y articulares, como dolor de espalda, rigidez e inflamaci\u00f3n.<\/p>\n<p><strong>PRESENTACI\u00d3N<\/strong><\/p>\n<p>30ml<\/p>\n<p>&nbsp;<\/p>\n","protected":false},"excerpt":{"rendered":"<p>Berberis-Homaccord es indicado para ayudar en el tratamiento de procesos inflamatorios e irritativos a nivel del tracto urogenital y de las v\u00edas biliares. [&#8230;]<\/p>\n<p><a class=\"btn btn-secondary understrap-read-more-link\" href=\"https:\/\/www.lifenatura.com\/es\/produto\/berberis-homaccord-gotas-30-ml-heel\/\">Leer m\u00e1s&#8230;<span class=\"screen-reader-text\"> from Berberis Homaccord Gotas 30 ml &#8211; Heel<\/span><\/a><\/p>\n","protected":false},"featured_media":132781,"template":"","meta":{"_acf_changed":false},"product_brand":[8478],"product_cat":[7196,7179],"product_tag":[],"class_list":{"0":"post-38602","1":"product","2":"type-product","3":"status-publish","4":"has-post-thumbnail","6":"product_brand-heel","7":"product_cat-homeopatia-salud","8":"product_cat-salud","9":"pa_caracteristicas-gotas-orales-homeopaticas","11":"first","12":"instock","13":"sale","14":"shipping-taxable","15":"purchasable","16":"product-type-simple","17":"add-to-wishlist-before_image"},"acf":[],"yoast_head":"<!-- This site is optimized with the Yoast SEO Premium plugin v27.1 (Yoast SEO v27.5) - https:\/\/yoast.com\/product\/yoast-seo-premium-wordpress\/ -->\n<title>Berberis Homaccord Gotas Heel - Lifenatura<\/title>\n<meta name=\"description\" content=\"Berberis-Homaccord es indicado para ayudar en el tratamiento de procesos inflamatorios e irritativos a nivel del tracto urogenital y de las v\u00edas biliares.\" \/>\n<meta name=\"robots\" content=\"index, follow, max-snippet:-1, max-image-preview:large, max-video-preview:-1\" \/>\n<link rel=\"canonical\" href=\"https:\/\/www.lifenatura.com\/es\/produto\/berberis-homaccord-gotas-30-ml-heel\/\" \/>\n<meta property=\"og:locale\" content=\"es_ES\" \/>\n<meta property=\"og:type\" content=\"article\" \/>\n<meta property=\"og:title\" content=\"Berberis Homaccord Gotas 30 ml - Heel - Na Lifenatura ao Melhor Pre\u00e7o | Envio 48h\" \/>\n<meta property=\"og:description\" content=\"Compre Berberis Homaccord Gotas 30 ml - Heel com envio r\u00e1pido. Entrega em 48h e portes gr\u00e1tis em compras &gt;35\u20ac. Aproveite j\u00e1 na Lifenatura\" \/>\n<meta property=\"og:url\" content=\"https:\/\/www.lifenatura.com\/es\/produto\/berberis-homaccord-gotas-30-ml-heel\/\" \/>\n<meta property=\"og:site_name\" content=\"Lifenatura\" \/>\n<meta property=\"article:publisher\" content=\"https:\/\/www.facebook.com\/lifenatura\" \/>\n<meta property=\"article:modified_time\" content=\"2025-02-02T00:02:33+00:00\" \/>\n<meta property=\"og:image\" content=\"https:\/\/www.lifenatura.com\/wp-content\/uploads\/2021\/09\/berberis-heelaccord-gotas-heel.jpg\" \/>\n\t<meta property=\"og:image:width\" content=\"1000\" \/>\n\t<meta property=\"og:image:height\" content=\"1000\" \/>\n\t<meta property=\"og:image:type\" content=\"image\/jpeg\" \/>\n<meta name=\"twitter:card\" content=\"summary_large_image\" \/>\n<meta name=\"twitter:label1\" content=\"Precio\" \/>\n\t<meta name=\"twitter:data1\" content=\"13,90&nbsp;&euro;\" \/>\n\t<meta name=\"twitter:label2\" content=\"Disponibilidad\" \/>\n\t<meta name=\"twitter:data2\" content=\"Disponible\" \/>\n<script type=\"application\/ld+json\" class=\"yoast-schema-graph\">{\"@context\":\"https:\\\/\\\/schema.org\",\"@graph\":[{\"@type\":\"WebPage\",\"@id\":\"https:\\\/\\\/www.lifenatura.com\\\/es\\\/produto\\\/berberis-homaccord-gotas-30-ml-heel\\\/\",\"url\":\"https:\\\/\\\/www.lifenatura.com\\\/es\\\/produto\\\/berberis-homaccord-gotas-30-ml-heel\\\/\",\"name\":\"Berberis Homaccord Gotas Heel - Lifenatura\",\"isPartOf\":{\"@id\":\"https:\\\/\\\/www.lifenatura.com\\\/es\\\/#website\"},\"primaryImageOfPage\":{\"@id\":\"https:\\\/\\\/www.lifenatura.com\\\/es\\\/produto\\\/berberis-homaccord-gotas-30-ml-heel\\\/#primaryimage\"},\"image\":{\"@id\":\"https:\\\/\\\/www.lifenatura.com\\\/es\\\/produto\\\/berberis-homaccord-gotas-30-ml-heel\\\/#primaryimage\"},\"thumbnailUrl\":\"https:\\\/\\\/www.lifenatura.com\\\/wp-content\\\/uploads\\\/2021\\\/09\\\/Berberis-Homaccord-Gotas.jpg\",\"datePublished\":\"2021-09-30T10:09:10+00:00\",\"dateModified\":\"2025-02-02T00:02:33+00:00\",\"description\":\"Berberis-Homaccord es indicado para ayudar en el tratamiento de procesos inflamatorios e irritativos a nivel del tracto urogenital y de las v\u00edas biliares.\",\"breadcrumb\":{\"@id\":\"https:\\\/\\\/www.lifenatura.com\\\/es\\\/produto\\\/berberis-homaccord-gotas-30-ml-heel\\\/#breadcrumb\"},\"inLanguage\":\"es\",\"potentialAction\":[{\"@type\":\"ReadAction\",\"target\":[\"https:\\\/\\\/www.lifenatura.com\\\/es\\\/produto\\\/berberis-homaccord-gotas-30-ml-heel\\\/\"]}]},{\"@type\":\"ImageObject\",\"inLanguage\":\"es\",\"@id\":\"https:\\\/\\\/www.lifenatura.com\\\/es\\\/produto\\\/berberis-homaccord-gotas-30-ml-heel\\\/#primaryimage\",\"url\":\"https:\\\/\\\/www.lifenatura.com\\\/wp-content\\\/uploads\\\/2021\\\/09\\\/Berberis-Homaccord-Gotas.jpg\",\"contentUrl\":\"https:\\\/\\\/www.lifenatura.com\\\/wp-content\\\/uploads\\\/2021\\\/09\\\/Berberis-Homaccord-Gotas.jpg\",\"width\":1000,\"height\":1000},{\"@type\":\"BreadcrumbList\",\"@id\":\"https:\\\/\\\/www.lifenatura.com\\\/es\\\/produto\\\/berberis-homaccord-gotas-30-ml-heel\\\/#breadcrumb\",\"itemListElement\":[{\"@type\":\"ListItem\",\"position\":1,\"name\":\"In\u00edcio\",\"item\":\"https:\\\/\\\/www.lifenatura.com\\\/es\\\/\"},{\"@type\":\"ListItem\",\"position\":2,\"name\":\"Todos los Productos\",\"item\":\"https:\\\/\\\/www.lifenatura.com\\\/es\\\/tienda\\\/\"},{\"@type\":\"ListItem\",\"position\":3,\"name\":\"Berberis Homaccord Gotas 30 ml &#8211; Heel\"}]},{\"@type\":\"WebSite\",\"@id\":\"https:\\\/\\\/www.lifenatura.com\\\/es\\\/#website\",\"url\":\"https:\\\/\\\/www.lifenatura.com\\\/es\\\/\",\"name\":\"Lifenatura\",\"description\":\"A Lifenatura \u00e9 uma loja de produtos naturais, cosm\u00e9tica natural e alimenta\u00e7\u00e3o Biol\u00f3gica.\",\"publisher\":{\"@id\":\"https:\\\/\\\/www.lifenatura.com\\\/es\\\/#organization\"},\"potentialAction\":[{\"@type\":\"SearchAction\",\"target\":{\"@type\":\"EntryPoint\",\"urlTemplate\":\"https:\\\/\\\/www.lifenatura.com\\\/es\\\/?s={search_term_string}\"},\"query-input\":{\"@type\":\"PropertyValueSpecification\",\"valueRequired\":true,\"valueName\":\"search_term_string\"}}],\"inLanguage\":\"es\"},{\"@type\":\"Organization\",\"@id\":\"https:\\\/\\\/www.lifenatura.com\\\/es\\\/#organization\",\"name\":\"Lifenatura\",\"url\":\"https:\\\/\\\/www.lifenatura.com\\\/es\\\/\",\"logo\":{\"@type\":\"ImageObject\",\"inLanguage\":\"es\",\"@id\":\"https:\\\/\\\/www.lifenatura.com\\\/es\\\/#\\\/schema\\\/logo\\\/image\\\/\",\"url\":\"https:\\\/\\\/www.lifenatura.com\\\/wp-content\\\/uploads\\\/2021\\\/07\\\/logo.png\",\"contentUrl\":\"https:\\\/\\\/www.lifenatura.com\\\/wp-content\\\/uploads\\\/2021\\\/07\\\/logo.png\",\"width\":175,\"height\":55,\"caption\":\"Lifenatura\"},\"image\":{\"@id\":\"https:\\\/\\\/www.lifenatura.com\\\/es\\\/#\\\/schema\\\/logo\\\/image\\\/\"},\"sameAs\":[\"https:\\\/\\\/www.facebook.com\\\/lifenatura\",\"https:\\\/\\\/www.instagram.com\\\/lifenaturapt\\\/\"],\"hasMerchantReturnPolicy\":{\"@type\":\"MerchantReturnPolicy\",\"merchantReturnLink\":\"https:\\\/\\\/www.lifenatura.com\\\/termos-condicoes-lifenatura\\\/\"}}]}<\/script>\n<meta property=\"product:price:amount\" content=\"13.90\" \/>\n<meta property=\"product:price:currency\" content=\"EUR\" \/>\n<meta property=\"og:availability\" content=\"instock\" \/>\n<meta property=\"product:availability\" content=\"instock\" \/>\n<meta property=\"product:retailer_item_id\" content=\"7377028\" \/>\n<meta property=\"product:condition\" content=\"new\" \/>\n<!-- \/ Yoast SEO Premium plugin. -->","yoast_head_json":{"title":"Berberis Homaccord Gotas Heel - Lifenatura","description":"Berberis-Homaccord es indicado para ayudar en el tratamiento de procesos inflamatorios e irritativos a nivel del tracto urogenital y de las v\u00edas biliares.","robots":{"index":"index","follow":"follow","max-snippet":"max-snippet:-1","max-image-preview":"max-image-preview:large","max-video-preview":"max-video-preview:-1"},"canonical":"https:\/\/www.lifenatura.com\/es\/produto\/berberis-homaccord-gotas-30-ml-heel\/","og_locale":"es_ES","og_type":"article","og_title":"Berberis Homaccord Gotas 30 ml - Heel - Na Lifenatura ao Melhor Pre\u00e7o | Envio 48h","og_description":"Compre Berberis Homaccord Gotas 30 ml - Heel com envio r\u00e1pido. Entrega em 48h e portes gr\u00e1tis em compras >35\u20ac. Aproveite j\u00e1 na Lifenatura","og_url":"https:\/\/www.lifenatura.com\/es\/produto\/berberis-homaccord-gotas-30-ml-heel\/","og_site_name":"Lifenatura","article_publisher":"https:\/\/www.facebook.com\/lifenatura","article_modified_time":"2025-02-02T00:02:33+00:00","og_image":[{"width":1000,"height":1000,"url":"https:\/\/www.lifenatura.com\/wp-content\/uploads\/2021\/09\/berberis-heelaccord-gotas-heel.jpg","type":"image\/jpeg"}],"twitter_card":"summary_large_image","twitter_misc":{"Precio":"13,90&nbsp;&euro;","Disponibilidad":"Disponible"},"schema":{"@context":"https:\/\/schema.org","@graph":[{"@type":"WebPage","@id":"https:\/\/www.lifenatura.com\/es\/produto\/berberis-homaccord-gotas-30-ml-heel\/","url":"https:\/\/www.lifenatura.com\/es\/produto\/berberis-homaccord-gotas-30-ml-heel\/","name":"Berberis Homaccord Gotas Heel - Lifenatura","isPartOf":{"@id":"https:\/\/www.lifenatura.com\/es\/#website"},"primaryImageOfPage":{"@id":"https:\/\/www.lifenatura.com\/es\/produto\/berberis-homaccord-gotas-30-ml-heel\/#primaryimage"},"image":{"@id":"https:\/\/www.lifenatura.com\/es\/produto\/berberis-homaccord-gotas-30-ml-heel\/#primaryimage"},"thumbnailUrl":"https:\/\/www.lifenatura.com\/wp-content\/uploads\/2021\/09\/Berberis-Homaccord-Gotas.jpg","datePublished":"2021-09-30T10:09:10+00:00","dateModified":"2025-02-02T00:02:33+00:00","description":"Berberis-Homaccord es indicado para ayudar en el tratamiento de procesos inflamatorios e irritativos a nivel del tracto urogenital y de las v\u00edas biliares.","breadcrumb":{"@id":"https:\/\/www.lifenatura.com\/es\/produto\/berberis-homaccord-gotas-30-ml-heel\/#breadcrumb"},"inLanguage":"es","potentialAction":[{"@type":"ReadAction","target":["https:\/\/www.lifenatura.com\/es\/produto\/berberis-homaccord-gotas-30-ml-heel\/"]}]},{"@type":"ImageObject","inLanguage":"es","@id":"https:\/\/www.lifenatura.com\/es\/produto\/berberis-homaccord-gotas-30-ml-heel\/#primaryimage","url":"https:\/\/www.lifenatura.com\/wp-content\/uploads\/2021\/09\/Berberis-Homaccord-Gotas.jpg","contentUrl":"https:\/\/www.lifenatura.com\/wp-content\/uploads\/2021\/09\/Berberis-Homaccord-Gotas.jpg","width":1000,"height":1000},{"@type":"BreadcrumbList","@id":"https:\/\/www.lifenatura.com\/es\/produto\/berberis-homaccord-gotas-30-ml-heel\/#breadcrumb","itemListElement":[{"@type":"ListItem","position":1,"name":"In\u00edcio","item":"https:\/\/www.lifenatura.com\/es\/"},{"@type":"ListItem","position":2,"name":"Todos los Productos","item":"https:\/\/www.lifenatura.com\/es\/tienda\/"},{"@type":"ListItem","position":3,"name":"Berberis Homaccord Gotas 30 ml &#8211; Heel"}]},{"@type":"WebSite","@id":"https:\/\/www.lifenatura.com\/es\/#website","url":"https:\/\/www.lifenatura.com\/es\/","name":"Lifenatura","description":"A Lifenatura \u00e9 uma loja de produtos naturais, cosm\u00e9tica natural e alimenta\u00e7\u00e3o Biol\u00f3gica.","publisher":{"@id":"https:\/\/www.lifenatura.com\/es\/#organization"},"potentialAction":[{"@type":"SearchAction","target":{"@type":"EntryPoint","urlTemplate":"https:\/\/www.lifenatura.com\/es\/?s={search_term_string}"},"query-input":{"@type":"PropertyValueSpecification","valueRequired":true,"valueName":"search_term_string"}}],"inLanguage":"es"},{"@type":"Organization","@id":"https:\/\/www.lifenatura.com\/es\/#organization","name":"Lifenatura","url":"https:\/\/www.lifenatura.com\/es\/","logo":{"@type":"ImageObject","inLanguage":"es","@id":"https:\/\/www.lifenatura.com\/es\/#\/schema\/logo\/image\/","url":"https:\/\/www.lifenatura.com\/wp-content\/uploads\/2021\/07\/logo.png","contentUrl":"https:\/\/www.lifenatura.com\/wp-content\/uploads\/2021\/07\/logo.png","width":175,"height":55,"caption":"Lifenatura"},"image":{"@id":"https:\/\/www.lifenatura.com\/es\/#\/schema\/logo\/image\/"},"sameAs":["https:\/\/www.facebook.com\/lifenatura","https:\/\/www.instagram.com\/lifenaturapt\/"],"hasMerchantReturnPolicy":{"@type":"MerchantReturnPolicy","merchantReturnLink":"https:\/\/www.lifenatura.com\/termos-condicoes-lifenatura\/"}}]},"product_price_amount":"13.90","product_price_currency":"EUR","og_availability":"instock","product_availability":"instock","product_retailer_item_id":"7377028","product_condition":"new"},"df_price":13.9,"df_sale_price":13.9,"df_regular_price":20.32,"df_image_link":"https:\/\/www.lifenatura.com\/wp-content\/uploads\/2021\/09\/Berberis-Homaccord-Gotas-300x300.jpg","_links":{"self":[{"href":"https:\/\/www.lifenatura.com\/es\/wp-json\/wp\/v2\/product\/38602","targetHints":{"allow":["GET"]}}],"collection":[{"href":"https:\/\/www.lifenatura.com\/es\/wp-json\/wp\/v2\/product"}],"about":[{"href":"https:\/\/www.lifenatura.com\/es\/wp-json\/wp\/v2\/types\/product"}],"wp:featuredmedia":[{"embeddable":true,"href":"https:\/\/www.lifenatura.com\/es\/wp-json\/wp\/v2\/media\/132781"}],"wp:attachment":[{"href":"https:\/\/www.lifenatura.com\/es\/wp-json\/wp\/v2\/media?parent=38602"}],"wp:term":[{"taxonomy":"product_brand","embeddable":true,"href":"https:\/\/www.lifenatura.com\/es\/wp-json\/wp\/v2\/product_brand?post=38602"},{"taxonomy":"product_cat","embeddable":true,"href":"https:\/\/www.lifenatura.com\/es\/wp-json\/wp\/v2\/product_cat?post=38602"},{"taxonomy":"product_tag","embeddable":true,"href":"https:\/\/www.lifenatura.com\/es\/wp-json\/wp\/v2\/product_tag?post=38602"}],"curies":[{"name":"wp","href":"https:\/\/api.w.org\/{rel}","templated":true}]}}