{"id":38588,"date":"2021-09-30T10:09:10","date_gmt":"2021-09-30T10:09:10","guid":{"rendered":"https:\/\/lifenatura.dev.agenciagetdigital.com\/produto\/hawa-veno-vasc-60-comprimidos-hawa-pharma\/"},"modified":"2026-02-02T11:11:31","modified_gmt":"2026-02-02T11:11:31","slug":"hawa-veno-vasc-60-comprimidos-hawa-pharma","status":"publish","type":"product","link":"https:\/\/www.lifenatura.com\/es\/produto\/hawa-veno-vasc-60-comprimidos-hawa-pharma\/","title":{"rendered":"Hawa Veno-Vasc 60 comprimidos &#8211; Hawa Pharma"},"content":{"rendered":"<h2 style=\"text-align: left;\"><strong>Hawa Veno Vas esta indicado para mejorar la circulaci\u00f3n sangu\u00ednea<\/strong><\/h2>\n<p>&nbsp;<\/p>\n<p>Hawa Veno-Vasc es una f\u00f3rmula completa con efecto sin\u00e9rgico que combina la acci\u00f3n de las principales hierbas medicinales de uso tradicional, validada por la ciencia actual. El sistema circulatorio es responsable de mantener la homeostasis de todas las c\u00e9lulas. Los vasos sangu\u00edneos (arterias, capilares y venas) forman una compleja red de suministro celular, que se extiende por todo el cuerpo, transportando sangre rica en ox\u00edgeno, nutrientes y mol\u00e9culas a los tejidos, regresando con sus productos de desecho.<\/p>\n<p>Las afecciones que afectan el sistema venoso, especialmente las extremidades inferiores, provocan dificultades en el retorno de la sangre al coraz\u00f3n, lo que resulta en un conjunto de s\u00edntomas inc\u00f3modos y nocivos. El uso de nutrac\u00e9uticos juega un papel importante en la prevenci\u00f3n y el tratamiento de los trastornos circulatorios.<\/p>\n<p>Este complemento alimenticio natural est\u00e1 indicado para eliminar la retenci\u00f3n de l\u00edquidos y es eficaz como venot\u00f3nico, venoprotector, antioxidante y antiinflamatorio.<\/p>\n<p><strong>PRESENTACI\u00d3N<\/strong><\/p>\n<p>60 pastillas.<\/p>\n<p>&nbsp;<\/p>\n","protected":false},"excerpt":{"rendered":"<p>Hawa Pharma Veno vasc indicado para eliminar la retenci\u00f3n de l\u00edquidos y es eficaz como venot\u00f3nico, venoprotector, antioxidante y antiinflamatorio. [&#8230;]<\/p>\n<p><a class=\"btn btn-secondary understrap-read-more-link\" href=\"https:\/\/www.lifenatura.com\/es\/produto\/hawa-veno-vasc-60-comprimidos-hawa-pharma\/\">Leer m\u00e1s&#8230;<span class=\"screen-reader-text\"> from Hawa Veno-Vasc 60 comprimidos &#8211; Hawa Pharma<\/span><\/a><\/p>\n","protected":false},"featured_media":20137,"template":"","meta":{"_acf_changed":false},"product_brand":[8480],"product_cat":[7157,7221,7659,7179],"product_tag":[],"class_list":{"0":"post-38588","1":"product","2":"type-product","3":"status-publish","4":"has-post-thumbnail","6":"product_brand-hawa-pharma","7":"product_cat-centella-asiatica","8":"product_cat-sistema-circulatorio","9":"product_cat-ingrediente-natural-bio","10":"product_cat-salud","12":"first","13":"instock","14":"sale","15":"shipping-taxable","16":"purchasable","17":"product-type-simple","18":"add-to-wishlist-before_image"},"acf":[],"yoast_head":"<!-- This site is optimized with the Yoast SEO Premium plugin v27.1 (Yoast SEO v27.6) - https:\/\/yoast.com\/product\/yoast-seo-premium-wordpress\/ -->\n<title>Hawa Pharma Veno-Vasc - Lifenatura<\/title>\n<meta name=\"description\" content=\"Hawa Pharma Veno vasc indicado para eliminar la retenci\u00f3n de l\u00edquidos y es eficaz como venot\u00f3nico, venoprotector, antioxidante y antiinflamatorio.\" \/>\n<meta name=\"robots\" content=\"index, follow, max-snippet:-1, max-image-preview:large, max-video-preview:-1\" \/>\n<link rel=\"canonical\" href=\"https:\/\/www.lifenatura.com\/es\/produto\/hawa-veno-vasc-60-comprimidos-hawa-pharma\/\" \/>\n<meta property=\"og:locale\" content=\"es_ES\" \/>\n<meta property=\"og:type\" content=\"article\" \/>\n<meta property=\"og:title\" content=\"Hawa Veno-Vasc 60 comprimidos - Hawa Pharma - Na Lifenatura ao Melhor Pre\u00e7o | Envio 48h\" \/>\n<meta property=\"og:description\" content=\"Compre Hawa Veno-Vasc 60 comprimidos - Hawa Pharma com envio r\u00e1pido. Entrega em 48h e portes gr\u00e1tis em compras &gt;35\u20ac. Aproveite j\u00e1 na Lifenatura\" \/>\n<meta property=\"og:url\" content=\"https:\/\/www.lifenatura.com\/es\/produto\/hawa-veno-vasc-60-comprimidos-hawa-pharma\/\" \/>\n<meta property=\"og:site_name\" content=\"Lifenatura\" \/>\n<meta property=\"article:publisher\" content=\"https:\/\/www.facebook.com\/lifenatura\" \/>\n<meta property=\"article:modified_time\" content=\"2026-02-02T11:11:31+00:00\" \/>\n<meta property=\"og:image\" content=\"https:\/\/www.lifenatura.com\/wp-content\/uploads\/2021\/09\/gd_veno_vasc_hawa_pharma.jpg\" \/>\n\t<meta property=\"og:image:width\" content=\"1000\" \/>\n\t<meta property=\"og:image:height\" content=\"1000\" \/>\n\t<meta property=\"og:image:type\" content=\"image\/jpeg\" \/>\n<meta name=\"twitter:card\" content=\"summary_large_image\" \/>\n<meta name=\"twitter:label1\" content=\"Precio\" \/>\n\t<meta name=\"twitter:data1\" content=\"26,92&nbsp;&euro;\" \/>\n\t<meta name=\"twitter:label2\" content=\"Disponibilidad\" \/>\n\t<meta name=\"twitter:data2\" content=\"Disponible\" \/>\n<script type=\"application\/ld+json\" class=\"yoast-schema-graph\">{\"@context\":\"https:\\\/\\\/schema.org\",\"@graph\":[{\"@type\":\"WebPage\",\"@id\":\"https:\\\/\\\/www.lifenatura.com\\\/es\\\/produto\\\/hawa-veno-vasc-60-comprimidos-hawa-pharma\\\/\",\"url\":\"https:\\\/\\\/www.lifenatura.com\\\/es\\\/produto\\\/hawa-veno-vasc-60-comprimidos-hawa-pharma\\\/\",\"name\":\"Hawa Pharma Veno-Vasc - Lifenatura\",\"isPartOf\":{\"@id\":\"https:\\\/\\\/www.lifenatura.com\\\/es\\\/#website\"},\"primaryImageOfPage\":{\"@id\":\"https:\\\/\\\/www.lifenatura.com\\\/es\\\/produto\\\/hawa-veno-vasc-60-comprimidos-hawa-pharma\\\/#primaryimage\"},\"image\":{\"@id\":\"https:\\\/\\\/www.lifenatura.com\\\/es\\\/produto\\\/hawa-veno-vasc-60-comprimidos-hawa-pharma\\\/#primaryimage\"},\"thumbnailUrl\":\"https:\\\/\\\/www.lifenatura.com\\\/wp-content\\\/uploads\\\/2021\\\/09\\\/gd_veno_vasc_hawa_pharma.jpg\",\"datePublished\":\"2021-09-30T10:09:10+00:00\",\"dateModified\":\"2026-02-02T11:11:31+00:00\",\"description\":\"Hawa Pharma Veno vasc indicado para eliminar la retenci\u00f3n de l\u00edquidos y es eficaz como venot\u00f3nico, venoprotector, antioxidante y antiinflamatorio.\",\"breadcrumb\":{\"@id\":\"https:\\\/\\\/www.lifenatura.com\\\/es\\\/produto\\\/hawa-veno-vasc-60-comprimidos-hawa-pharma\\\/#breadcrumb\"},\"inLanguage\":\"es\",\"potentialAction\":[{\"@type\":\"ReadAction\",\"target\":[\"https:\\\/\\\/www.lifenatura.com\\\/es\\\/produto\\\/hawa-veno-vasc-60-comprimidos-hawa-pharma\\\/\"]}]},{\"@type\":\"ImageObject\",\"inLanguage\":\"es\",\"@id\":\"https:\\\/\\\/www.lifenatura.com\\\/es\\\/produto\\\/hawa-veno-vasc-60-comprimidos-hawa-pharma\\\/#primaryimage\",\"url\":\"https:\\\/\\\/www.lifenatura.com\\\/wp-content\\\/uploads\\\/2021\\\/09\\\/gd_veno_vasc_hawa_pharma.jpg\",\"contentUrl\":\"https:\\\/\\\/www.lifenatura.com\\\/wp-content\\\/uploads\\\/2021\\\/09\\\/gd_veno_vasc_hawa_pharma.jpg\",\"width\":1000,\"height\":1000,\"caption\":\"Hawa Veno-Vasc 60 comprimidos - Hawa Pharma\"},{\"@type\":\"BreadcrumbList\",\"@id\":\"https:\\\/\\\/www.lifenatura.com\\\/es\\\/produto\\\/hawa-veno-vasc-60-comprimidos-hawa-pharma\\\/#breadcrumb\",\"itemListElement\":[{\"@type\":\"ListItem\",\"position\":1,\"name\":\"In\u00edcio\",\"item\":\"https:\\\/\\\/www.lifenatura.com\\\/es\\\/\"},{\"@type\":\"ListItem\",\"position\":2,\"name\":\"Todos los Productos\",\"item\":\"https:\\\/\\\/www.lifenatura.com\\\/es\\\/tienda\\\/\"},{\"@type\":\"ListItem\",\"position\":3,\"name\":\"Hawa Veno-Vasc 60 comprimidos &#8211; Hawa Pharma\"}]},{\"@type\":\"WebSite\",\"@id\":\"https:\\\/\\\/www.lifenatura.com\\\/es\\\/#website\",\"url\":\"https:\\\/\\\/www.lifenatura.com\\\/es\\\/\",\"name\":\"Lifenatura\",\"description\":\"A Lifenatura \u00e9 uma loja de produtos naturais, cosm\u00e9tica natural e alimenta\u00e7\u00e3o Biol\u00f3gica.\",\"publisher\":{\"@id\":\"https:\\\/\\\/www.lifenatura.com\\\/es\\\/#organization\"},\"potentialAction\":[{\"@type\":\"SearchAction\",\"target\":{\"@type\":\"EntryPoint\",\"urlTemplate\":\"https:\\\/\\\/www.lifenatura.com\\\/es\\\/?s={search_term_string}\"},\"query-input\":{\"@type\":\"PropertyValueSpecification\",\"valueRequired\":true,\"valueName\":\"search_term_string\"}}],\"inLanguage\":\"es\"},{\"@type\":\"Organization\",\"@id\":\"https:\\\/\\\/www.lifenatura.com\\\/es\\\/#organization\",\"name\":\"Lifenatura\",\"url\":\"https:\\\/\\\/www.lifenatura.com\\\/es\\\/\",\"logo\":{\"@type\":\"ImageObject\",\"inLanguage\":\"es\",\"@id\":\"https:\\\/\\\/www.lifenatura.com\\\/es\\\/#\\\/schema\\\/logo\\\/image\\\/\",\"url\":\"https:\\\/\\\/www.lifenatura.com\\\/wp-content\\\/uploads\\\/2021\\\/07\\\/logo.png\",\"contentUrl\":\"https:\\\/\\\/www.lifenatura.com\\\/wp-content\\\/uploads\\\/2021\\\/07\\\/logo.png\",\"width\":175,\"height\":55,\"caption\":\"Lifenatura\"},\"image\":{\"@id\":\"https:\\\/\\\/www.lifenatura.com\\\/es\\\/#\\\/schema\\\/logo\\\/image\\\/\"},\"sameAs\":[\"https:\\\/\\\/www.facebook.com\\\/lifenatura\",\"https:\\\/\\\/www.instagram.com\\\/lifenaturapt\\\/\"],\"hasMerchantReturnPolicy\":{\"@type\":\"MerchantReturnPolicy\",\"merchantReturnLink\":\"https:\\\/\\\/www.lifenatura.com\\\/termos-condicoes-lifenatura\\\/\"}}]}<\/script>\n<meta property=\"product:price:amount\" content=\"26.92\" \/>\n<meta property=\"product:price:currency\" content=\"EUR\" \/>\n<meta property=\"og:availability\" content=\"instock\" \/>\n<meta property=\"product:availability\" content=\"instock\" \/>\n<meta property=\"product:retailer_item_id\" content=\"5600229712798\" \/>\n<meta property=\"product:condition\" content=\"new\" \/>\n<!-- \/ Yoast SEO Premium plugin. -->","yoast_head_json":{"title":"Hawa Pharma Veno-Vasc - Lifenatura","description":"Hawa Pharma Veno vasc indicado para eliminar la retenci\u00f3n de l\u00edquidos y es eficaz como venot\u00f3nico, venoprotector, antioxidante y antiinflamatorio.","robots":{"index":"index","follow":"follow","max-snippet":"max-snippet:-1","max-image-preview":"max-image-preview:large","max-video-preview":"max-video-preview:-1"},"canonical":"https:\/\/www.lifenatura.com\/es\/produto\/hawa-veno-vasc-60-comprimidos-hawa-pharma\/","og_locale":"es_ES","og_type":"article","og_title":"Hawa Veno-Vasc 60 comprimidos - Hawa Pharma - Na Lifenatura ao Melhor Pre\u00e7o | Envio 48h","og_description":"Compre Hawa Veno-Vasc 60 comprimidos - Hawa Pharma com envio r\u00e1pido. Entrega em 48h e portes gr\u00e1tis em compras >35\u20ac. Aproveite j\u00e1 na Lifenatura","og_url":"https:\/\/www.lifenatura.com\/es\/produto\/hawa-veno-vasc-60-comprimidos-hawa-pharma\/","og_site_name":"Lifenatura","article_publisher":"https:\/\/www.facebook.com\/lifenatura","article_modified_time":"2026-02-02T11:11:31+00:00","og_image":[{"width":1000,"height":1000,"url":"https:\/\/www.lifenatura.com\/wp-content\/uploads\/2021\/09\/gd_veno_vasc_hawa_pharma.jpg","type":"image\/jpeg"}],"twitter_card":"summary_large_image","twitter_misc":{"Precio":"26,92&nbsp;&euro;","Disponibilidad":"Disponible"},"schema":{"@context":"https:\/\/schema.org","@graph":[{"@type":"WebPage","@id":"https:\/\/www.lifenatura.com\/es\/produto\/hawa-veno-vasc-60-comprimidos-hawa-pharma\/","url":"https:\/\/www.lifenatura.com\/es\/produto\/hawa-veno-vasc-60-comprimidos-hawa-pharma\/","name":"Hawa Pharma Veno-Vasc - Lifenatura","isPartOf":{"@id":"https:\/\/www.lifenatura.com\/es\/#website"},"primaryImageOfPage":{"@id":"https:\/\/www.lifenatura.com\/es\/produto\/hawa-veno-vasc-60-comprimidos-hawa-pharma\/#primaryimage"},"image":{"@id":"https:\/\/www.lifenatura.com\/es\/produto\/hawa-veno-vasc-60-comprimidos-hawa-pharma\/#primaryimage"},"thumbnailUrl":"https:\/\/www.lifenatura.com\/wp-content\/uploads\/2021\/09\/gd_veno_vasc_hawa_pharma.jpg","datePublished":"2021-09-30T10:09:10+00:00","dateModified":"2026-02-02T11:11:31+00:00","description":"Hawa Pharma Veno vasc indicado para eliminar la retenci\u00f3n de l\u00edquidos y es eficaz como venot\u00f3nico, venoprotector, antioxidante y antiinflamatorio.","breadcrumb":{"@id":"https:\/\/www.lifenatura.com\/es\/produto\/hawa-veno-vasc-60-comprimidos-hawa-pharma\/#breadcrumb"},"inLanguage":"es","potentialAction":[{"@type":"ReadAction","target":["https:\/\/www.lifenatura.com\/es\/produto\/hawa-veno-vasc-60-comprimidos-hawa-pharma\/"]}]},{"@type":"ImageObject","inLanguage":"es","@id":"https:\/\/www.lifenatura.com\/es\/produto\/hawa-veno-vasc-60-comprimidos-hawa-pharma\/#primaryimage","url":"https:\/\/www.lifenatura.com\/wp-content\/uploads\/2021\/09\/gd_veno_vasc_hawa_pharma.jpg","contentUrl":"https:\/\/www.lifenatura.com\/wp-content\/uploads\/2021\/09\/gd_veno_vasc_hawa_pharma.jpg","width":1000,"height":1000,"caption":"Hawa Veno-Vasc 60 comprimidos - Hawa Pharma"},{"@type":"BreadcrumbList","@id":"https:\/\/www.lifenatura.com\/es\/produto\/hawa-veno-vasc-60-comprimidos-hawa-pharma\/#breadcrumb","itemListElement":[{"@type":"ListItem","position":1,"name":"In\u00edcio","item":"https:\/\/www.lifenatura.com\/es\/"},{"@type":"ListItem","position":2,"name":"Todos los Productos","item":"https:\/\/www.lifenatura.com\/es\/tienda\/"},{"@type":"ListItem","position":3,"name":"Hawa Veno-Vasc 60 comprimidos &#8211; Hawa Pharma"}]},{"@type":"WebSite","@id":"https:\/\/www.lifenatura.com\/es\/#website","url":"https:\/\/www.lifenatura.com\/es\/","name":"Lifenatura","description":"A Lifenatura \u00e9 uma loja de produtos naturais, cosm\u00e9tica natural e alimenta\u00e7\u00e3o Biol\u00f3gica.","publisher":{"@id":"https:\/\/www.lifenatura.com\/es\/#organization"},"potentialAction":[{"@type":"SearchAction","target":{"@type":"EntryPoint","urlTemplate":"https:\/\/www.lifenatura.com\/es\/?s={search_term_string}"},"query-input":{"@type":"PropertyValueSpecification","valueRequired":true,"valueName":"search_term_string"}}],"inLanguage":"es"},{"@type":"Organization","@id":"https:\/\/www.lifenatura.com\/es\/#organization","name":"Lifenatura","url":"https:\/\/www.lifenatura.com\/es\/","logo":{"@type":"ImageObject","inLanguage":"es","@id":"https:\/\/www.lifenatura.com\/es\/#\/schema\/logo\/image\/","url":"https:\/\/www.lifenatura.com\/wp-content\/uploads\/2021\/07\/logo.png","contentUrl":"https:\/\/www.lifenatura.com\/wp-content\/uploads\/2021\/07\/logo.png","width":175,"height":55,"caption":"Lifenatura"},"image":{"@id":"https:\/\/www.lifenatura.com\/es\/#\/schema\/logo\/image\/"},"sameAs":["https:\/\/www.facebook.com\/lifenatura","https:\/\/www.instagram.com\/lifenaturapt\/"],"hasMerchantReturnPolicy":{"@type":"MerchantReturnPolicy","merchantReturnLink":"https:\/\/www.lifenatura.com\/termos-condicoes-lifenatura\/"}}]},"product_price_amount":"26.92","product_price_currency":"EUR","og_availability":"instock","product_availability":"instock","product_retailer_item_id":"5600229712798","product_condition":"new"},"df_price":26.92,"df_sale_price":26.92,"df_regular_price":30.94,"df_image_link":"https:\/\/www.lifenatura.com\/wp-content\/uploads\/2021\/09\/gd_veno_vasc_hawa_pharma-300x300.jpg","_links":{"self":[{"href":"https:\/\/www.lifenatura.com\/es\/wp-json\/wp\/v2\/product\/38588","targetHints":{"allow":["GET"]}}],"collection":[{"href":"https:\/\/www.lifenatura.com\/es\/wp-json\/wp\/v2\/product"}],"about":[{"href":"https:\/\/www.lifenatura.com\/es\/wp-json\/wp\/v2\/types\/product"}],"wp:featuredmedia":[{"embeddable":true,"href":"https:\/\/www.lifenatura.com\/es\/wp-json\/wp\/v2\/media\/20137"}],"wp:attachment":[{"href":"https:\/\/www.lifenatura.com\/es\/wp-json\/wp\/v2\/media?parent=38588"}],"wp:term":[{"taxonomy":"product_brand","embeddable":true,"href":"https:\/\/www.lifenatura.com\/es\/wp-json\/wp\/v2\/product_brand?post=38588"},{"taxonomy":"product_cat","embeddable":true,"href":"https:\/\/www.lifenatura.com\/es\/wp-json\/wp\/v2\/product_cat?post=38588"},{"taxonomy":"product_tag","embeddable":true,"href":"https:\/\/www.lifenatura.com\/es\/wp-json\/wp\/v2\/product_tag?post=38588"}],"curies":[{"name":"wp","href":"https:\/\/api.w.org\/{rel}","templated":true}]}}