{"id":38581,"date":"2021-09-30T10:08:48","date_gmt":"2021-09-30T10:08:48","guid":{"rendered":"https:\/\/lifenatura.dev.agenciagetdigital.com\/produto\/hawa-allerg-60-comprimidos-hawa-pharma\/"},"modified":"2026-02-02T11:11:28","modified_gmt":"2026-02-02T11:11:28","slug":"hawa-allerg-60-comprimidos-hawa-pharma","status":"publish","type":"product","link":"https:\/\/www.lifenatura.com\/es\/produto\/hawa-allerg-60-comprimidos-hawa-pharma\/","title":{"rendered":"Hawa Allerg 60 comprimidos &#8211; Hawa Pharma"},"content":{"rendered":"<h2 style=\"text-align: left;\"><strong>Combatir las alergias de forma natural<\/strong><\/h2>\n<p>&nbsp;<\/p>\n<p>Hawa Allerg 60 comprimidos de Hawa Pharma est\u00e1 indicado para alergias, rinitis al\u00e9rgica, asma al\u00e9rgica, congesti\u00f3n nasal, secreci\u00f3n nasal, ojos y nariz llorosos o picor y estornudos, dermatitis at\u00f3pica. Ayuda a fortalecer el sistema inmunol\u00f3gico. Efecto antihistam\u00ednico.<\/p>\n<p>La alergia se describe como una respuesta excesiva e inapropiada del sistema inmunol\u00f3gico, que reacciona de forma exagerada a sustancias extra\u00f1as (al\u00e9rgenos) presentes en el medio ambiente. Estas reacciones de hipersensibilidad inmunitaria son una respuesta inadecuada a ant\u00edgenos comunes y generalmente inofensivos, con un continuo de manifestaciones leves a graves.<\/p>\n<p><strong> PRESENTACI\u00d3N<\/strong><\/p>\n<p>60 pastillas.<\/p>\n<p>&nbsp;<\/p>\n","protected":false},"excerpt":{"rendered":"<p>Hawa Pharma Aller combate as Alergias, rinitis al\u00e9rgica, asma al\u00e9rgica, congesti\u00f3n nasal, secreci\u00f3n nasal, ojos y nariz llorosos o picor y estornudos. [&#8230;]<\/p>\n<p><a class=\"btn btn-secondary understrap-read-more-link\" href=\"https:\/\/www.lifenatura.com\/es\/produto\/hawa-allerg-60-comprimidos-hawa-pharma\/\">Leer m\u00e1s&#8230;<span class=\"screen-reader-text\"> from Hawa Allerg 60 comprimidos &#8211; Hawa Pharma<\/span><\/a><\/p>\n","protected":false},"featured_media":20130,"template":"","meta":{"_acf_changed":false},"product_brand":[8480],"product_cat":[7230,7179],"product_tag":[],"class_list":{"0":"post-38581","1":"product","2":"type-product","3":"status-publish","4":"has-post-thumbnail","6":"product_brand-hawa-pharma","7":"product_cat-alergias-respiratorias","8":"product_cat-salud","10":"first","11":"instock","12":"shipping-taxable","13":"purchasable","14":"product-type-simple","15":"add-to-wishlist-before_image"},"acf":[],"yoast_head":"<!-- This site is optimized with the Yoast SEO Premium plugin v27.1 (Yoast SEO v27.3) - https:\/\/yoast.com\/product\/yoast-seo-premium-wordpress\/ -->\n<title>Hawa Pharma Allerg 60 comprimidos - Lifenatura<\/title>\n<meta name=\"description\" content=\"Hawa Pharma Aller combate as Alergias, rinitis al\u00e9rgica, asma al\u00e9rgica, congesti\u00f3n nasal, secreci\u00f3n nasal, ojos y nariz llorosos o picor y estornudos.\" \/>\n<meta name=\"robots\" content=\"index, follow, max-snippet:-1, max-image-preview:large, max-video-preview:-1\" \/>\n<link rel=\"canonical\" href=\"https:\/\/www.lifenatura.com\/es\/produto\/hawa-allerg-60-comprimidos-hawa-pharma\/\" \/>\n<meta property=\"og:locale\" content=\"es_ES\" \/>\n<meta property=\"og:type\" content=\"article\" \/>\n<meta property=\"og:title\" content=\"Hawa Allerg 60 comprimidos - Hawa Pharma - Lifenatura\" \/>\n<meta property=\"og:description\" content=\"Compre aqui o seu Hawa Allerg 60 comprimidos - Hawa Pharma e a Lifenatura Online envia em 48 H com Portes Gratis &gt;35\u20ac de Pedido.\" \/>\n<meta property=\"og:url\" content=\"https:\/\/www.lifenatura.com\/es\/produto\/hawa-allerg-60-comprimidos-hawa-pharma\/\" \/>\n<meta property=\"og:site_name\" content=\"Lifenatura\" \/>\n<meta property=\"article:publisher\" content=\"https:\/\/www.facebook.com\/lifenatura\" \/>\n<meta property=\"article:modified_time\" content=\"2026-02-02T11:11:28+00:00\" \/>\n<meta property=\"og:image\" content=\"https:\/\/www.lifenatura.com\/wp-content\/uploads\/2021\/09\/gd_allerg_hawa_pharma.jpg\" \/>\n\t<meta property=\"og:image:width\" content=\"1000\" \/>\n\t<meta property=\"og:image:height\" content=\"1000\" \/>\n\t<meta property=\"og:image:type\" content=\"image\/jpeg\" \/>\n<meta name=\"twitter:card\" content=\"summary_large_image\" \/>\n<meta name=\"twitter:label1\" content=\"Precio\" \/>\n\t<meta name=\"twitter:data1\" content=\"18,72&nbsp;&euro;\" \/>\n\t<meta name=\"twitter:label2\" content=\"Disponibilidad\" \/>\n\t<meta name=\"twitter:data2\" content=\"Disponible\" \/>\n<meta property=\"product:price:amount\" content=\"18.72\" \/>\n<meta property=\"product:price:currency\" content=\"EUR\" \/>\n<meta property=\"og:availability\" content=\"instock\" \/>\n<meta property=\"product:availability\" content=\"instock\" \/>\n<meta property=\"product:retailer_item_id\" content=\"5600229712781\" \/>\n<meta property=\"product:condition\" content=\"new\" \/>\n<!-- \/ Yoast SEO Premium plugin. -->","yoast_head_json":{"title":"Hawa Pharma Allerg 60 comprimidos - Lifenatura","description":"Hawa Pharma Aller combate as Alergias, rinitis al\u00e9rgica, asma al\u00e9rgica, congesti\u00f3n nasal, secreci\u00f3n nasal, ojos y nariz llorosos o picor y estornudos.","robots":{"index":"index","follow":"follow","max-snippet":"max-snippet:-1","max-image-preview":"max-image-preview:large","max-video-preview":"max-video-preview:-1"},"canonical":"https:\/\/www.lifenatura.com\/es\/produto\/hawa-allerg-60-comprimidos-hawa-pharma\/","og_locale":"es_ES","og_type":"article","og_title":"Hawa Allerg 60 comprimidos - Hawa Pharma - Lifenatura","og_description":"Compre aqui o seu Hawa Allerg 60 comprimidos - Hawa Pharma e a Lifenatura Online envia em 48 H com Portes Gratis >35\u20ac de Pedido.","og_url":"https:\/\/www.lifenatura.com\/es\/produto\/hawa-allerg-60-comprimidos-hawa-pharma\/","og_site_name":"Lifenatura","article_publisher":"https:\/\/www.facebook.com\/lifenatura","article_modified_time":"2026-02-02T11:11:28+00:00","og_image":[{"width":1000,"height":1000,"url":"https:\/\/www.lifenatura.com\/wp-content\/uploads\/2021\/09\/gd_allerg_hawa_pharma.jpg","type":"image\/jpeg"}],"twitter_card":"summary_large_image","twitter_misc":{"Precio":"18,72&nbsp;&euro;","Disponibilidad":"Disponible"},"schema":{"@context":"https:\/\/schema.org","@graph":[{"@type":"WebPage","@id":"https:\/\/www.lifenatura.com\/es\/produto\/hawa-allerg-60-comprimidos-hawa-pharma\/","url":"https:\/\/www.lifenatura.com\/es\/produto\/hawa-allerg-60-comprimidos-hawa-pharma\/","name":"Hawa Pharma Allerg 60 comprimidos - Lifenatura","isPartOf":{"@id":"https:\/\/www.lifenatura.com\/es\/#website"},"primaryImageOfPage":{"@id":"https:\/\/www.lifenatura.com\/es\/produto\/hawa-allerg-60-comprimidos-hawa-pharma\/#primaryimage"},"image":{"@id":"https:\/\/www.lifenatura.com\/es\/produto\/hawa-allerg-60-comprimidos-hawa-pharma\/#primaryimage"},"thumbnailUrl":"https:\/\/www.lifenatura.com\/wp-content\/uploads\/2021\/09\/gd_allerg_hawa_pharma.jpg","datePublished":"2021-09-30T10:08:48+00:00","dateModified":"2026-02-02T11:11:28+00:00","description":"Hawa Pharma Aller combate as Alergias, rinitis al\u00e9rgica, asma al\u00e9rgica, congesti\u00f3n nasal, secreci\u00f3n nasal, ojos y nariz llorosos o picor y estornudos.","breadcrumb":{"@id":"https:\/\/www.lifenatura.com\/es\/produto\/hawa-allerg-60-comprimidos-hawa-pharma\/#breadcrumb"},"inLanguage":"es","potentialAction":[{"@type":"ReadAction","target":["https:\/\/www.lifenatura.com\/es\/produto\/hawa-allerg-60-comprimidos-hawa-pharma\/"]}]},{"@type":"ImageObject","inLanguage":"es","@id":"https:\/\/www.lifenatura.com\/es\/produto\/hawa-allerg-60-comprimidos-hawa-pharma\/#primaryimage","url":"https:\/\/www.lifenatura.com\/wp-content\/uploads\/2021\/09\/gd_allerg_hawa_pharma.jpg","contentUrl":"https:\/\/www.lifenatura.com\/wp-content\/uploads\/2021\/09\/gd_allerg_hawa_pharma.jpg","width":1000,"height":1000,"caption":"Hawa Allerg 60 comprimidos - Hawa Pharma"},{"@type":"BreadcrumbList","@id":"https:\/\/www.lifenatura.com\/es\/produto\/hawa-allerg-60-comprimidos-hawa-pharma\/#breadcrumb","itemListElement":[{"@type":"ListItem","position":1,"name":"In\u00edcio","item":"https:\/\/www.lifenatura.com\/es\/"},{"@type":"ListItem","position":2,"name":"Todos los Productos","item":"https:\/\/www.lifenatura.com\/es\/tienda\/"},{"@type":"ListItem","position":3,"name":"Hawa Allerg 60 comprimidos &#8211; Hawa Pharma"}]},{"@type":"WebSite","@id":"https:\/\/www.lifenatura.com\/es\/#website","url":"https:\/\/www.lifenatura.com\/es\/","name":"Lifenatura","description":"A Lifenatura \u00e9 uma loja de produtos naturais, cosm\u00e9tica natural e alimenta\u00e7\u00e3o Biol\u00f3gica.","publisher":{"@id":"https:\/\/www.lifenatura.com\/es\/#organization"},"potentialAction":[{"@type":"SearchAction","target":{"@type":"EntryPoint","urlTemplate":"https:\/\/www.lifenatura.com\/es\/?s={search_term_string}"},"query-input":{"@type":"PropertyValueSpecification","valueRequired":true,"valueName":"search_term_string"}}],"inLanguage":"es"},{"@type":"Organization","@id":"https:\/\/www.lifenatura.com\/es\/#organization","name":"Lifenatura","url":"https:\/\/www.lifenatura.com\/es\/","logo":{"@type":"ImageObject","inLanguage":"es","@id":"https:\/\/www.lifenatura.com\/es\/#\/schema\/logo\/image\/","url":"https:\/\/www.lifenatura.com\/wp-content\/uploads\/2021\/11\/logo.png","contentUrl":"https:\/\/www.lifenatura.com\/wp-content\/uploads\/2021\/11\/logo.png","width":175,"height":55,"caption":"Lifenatura"},"image":{"@id":"https:\/\/www.lifenatura.com\/es\/#\/schema\/logo\/image\/"},"sameAs":["https:\/\/www.facebook.com\/lifenatura","https:\/\/www.instagram.com\/lifenaturapt\/"]}]},"product_price_amount":"18.72","product_price_currency":"EUR","og_availability":"instock","product_availability":"instock","product_retailer_item_id":"5600229712781","product_condition":"new"},"df_price":18.72,"df_sale_price":"","df_regular_price":18.72,"df_image_link":"https:\/\/www.lifenatura.com\/wp-content\/uploads\/2021\/09\/gd_allerg_hawa_pharma-300x300.jpg","_links":{"self":[{"href":"https:\/\/www.lifenatura.com\/es\/wp-json\/wp\/v2\/product\/38581","targetHints":{"allow":["GET"]}}],"collection":[{"href":"https:\/\/www.lifenatura.com\/es\/wp-json\/wp\/v2\/product"}],"about":[{"href":"https:\/\/www.lifenatura.com\/es\/wp-json\/wp\/v2\/types\/product"}],"wp:featuredmedia":[{"embeddable":true,"href":"https:\/\/www.lifenatura.com\/es\/wp-json\/wp\/v2\/media\/20130"}],"wp:attachment":[{"href":"https:\/\/www.lifenatura.com\/es\/wp-json\/wp\/v2\/media?parent=38581"}],"wp:term":[{"taxonomy":"product_brand","embeddable":true,"href":"https:\/\/www.lifenatura.com\/es\/wp-json\/wp\/v2\/product_brand?post=38581"},{"taxonomy":"product_cat","embeddable":true,"href":"https:\/\/www.lifenatura.com\/es\/wp-json\/wp\/v2\/product_cat?post=38581"},{"taxonomy":"product_tag","embeddable":true,"href":"https:\/\/www.lifenatura.com\/es\/wp-json\/wp\/v2\/product_tag?post=38581"}],"curies":[{"name":"wp","href":"https:\/\/api.w.org\/{rel}","templated":true}]}}