{"id":38568,"date":"2021-09-30T10:08:48","date_gmt":"2021-09-30T10:08:48","guid":{"rendered":"https:\/\/lifenatura.dev.agenciagetdigital.com\/produto\/hawa-enzym-60-capsulas-hawa-pharma\/"},"modified":"2026-02-02T11:11:22","modified_gmt":"2026-02-02T11:11:22","slug":"hawa-enzym-60-capsulas-hawa-pharma","status":"publish","type":"product","link":"https:\/\/www.lifenatura.com\/es\/produto\/hawa-enzym-60-capsulas-hawa-pharma\/","title":{"rendered":"Hawa Enzym 60 c\u00e1psulas &#8211; Hawa Pharma"},"content":{"rendered":"<h2 style=\"text-align: left;\"><strong>Hawa Enzym aliado en el bienestar cardiovascular y circulatorio<\/strong><\/h2>\n<p>&nbsp;<\/p>\n<p>Hawa Enzym est\u00e1 indicado para contribuir a la reducci\u00f3n de la inflamaci\u00f3n y, en consecuencia, de la fibrosis, incluso en situaciones de agotamiento debido al ejercicio excesivo. Los extractos de plantas que contienen un alto contenido de enzimas proteol\u00edticas, y enzimas proteol\u00edticas aisladas y purificadas, intervienen a nivel de procesos inflamatorios (modulaci\u00f3n en la funcionalidad de las citocinas en particular), y obstructivos, con posible disminuci\u00f3n de fibrina y macroprote\u00ednas inflamatorias. Las enzimas son efectivas para prevenir y tratar los trastornos cardiovasculares y circulatorios, inhiben la agregaci\u00f3n plaquetaria y minimizan el riesgo de trombosis y embolia.<\/p>\n<p>Contiene bromelina, una enzima proteol\u00edtica extra\u00edda de la pi\u00f1a, que est\u00e1 indicada para el funcionamiento fibrinol\u00edtico, fluidificando y reduciendo las placas ateromatosas, contribuyendo a un sistema cardiovascular saludable. La rutina en las patolog\u00edas venosas contribuye al fortalecimiento de los vasos sangu\u00edneos y a la reducci\u00f3n del edema.<\/p>\n<p>La papa\u00edna es efectiva en la degradaci\u00f3n de los complejos inmunes circulantes (CIC) y de tejidos asociados con enfermedades autoinmunes, mejorando la inflamaci\u00f3n y la respuesta inmunobiol\u00f3gica.<\/p>\n<p><strong>PRESENTACI\u00d3N<\/strong><\/p>\n<p>60 c\u00e1psulas<\/p>\n<p>&nbsp;<\/p>\n","protected":false},"excerpt":{"rendered":"<p>Hawa Pharma Enzym indicado para contribuir a la reducci\u00f3n de la inflamaci\u00f3n y, incluso en situaciones de agotamiento debido al ejercicio excesivo. [&#8230;]<\/p>\n<p><a class=\"btn btn-secondary understrap-read-more-link\" href=\"https:\/\/www.lifenatura.com\/es\/produto\/hawa-enzym-60-capsulas-hawa-pharma\/\">Leer m\u00e1s&#8230;<span class=\"screen-reader-text\"> from Hawa Enzym 60 c\u00e1psulas &#8211; Hawa Pharma<\/span><\/a><\/p>\n","protected":false},"featured_media":20117,"template":"","meta":{"_acf_changed":false},"product_brand":[8480],"product_cat":[7221,7179],"product_tag":[],"class_list":{"0":"post-38568","1":"product","2":"type-product","3":"status-publish","4":"has-post-thumbnail","6":"product_brand-hawa-pharma","7":"product_cat-sistema-circulatorio","8":"product_cat-salud","10":"first","11":"instock","12":"shipping-taxable","13":"purchasable","14":"product-type-simple","15":"add-to-wishlist-before_image"},"acf":[],"yoast_head":"<!-- This site is optimized with the Yoast SEO Premium plugin v27.1 (Yoast SEO v27.3) - https:\/\/yoast.com\/product\/yoast-seo-premium-wordpress\/ -->\n<title>Hawa Pharma Enzym - Lifenatura<\/title>\n<meta name=\"description\" content=\"Hawa Pharma Enzym indicado para contribuir a la reducci\u00f3n de la inflamaci\u00f3n y, incluso en situaciones de agotamiento debido al ejercicio excesivo.\" \/>\n<meta name=\"robots\" content=\"index, follow, max-snippet:-1, max-image-preview:large, max-video-preview:-1\" \/>\n<link rel=\"canonical\" href=\"https:\/\/www.lifenatura.com\/es\/produto\/hawa-enzym-60-capsulas-hawa-pharma\/\" \/>\n<meta property=\"og:locale\" content=\"es_ES\" \/>\n<meta property=\"og:type\" content=\"article\" \/>\n<meta property=\"og:title\" content=\"Hawa Enzym 60 c\u00e1psulas - Hawa Pharma - Lifenatura\" \/>\n<meta property=\"og:description\" content=\"Compre aqui o seu Hawa Enzym 60 c\u00e1psulas - Hawa Pharma e a Lifenatura Online envia em 48 H com Portes Gratis &gt;35\u20ac de Pedido.\" \/>\n<meta property=\"og:url\" content=\"https:\/\/www.lifenatura.com\/es\/produto\/hawa-enzym-60-capsulas-hawa-pharma\/\" \/>\n<meta property=\"og:site_name\" content=\"Lifenatura\" \/>\n<meta property=\"article:publisher\" content=\"https:\/\/www.facebook.com\/lifenatura\" \/>\n<meta property=\"article:modified_time\" content=\"2026-02-02T11:11:22+00:00\" \/>\n<meta property=\"og:image\" content=\"https:\/\/www.lifenatura.com\/wp-content\/uploads\/2021\/09\/gd_enzym_hawa_60_capsulas.jpg\" \/>\n\t<meta property=\"og:image:width\" content=\"1000\" \/>\n\t<meta property=\"og:image:height\" content=\"1000\" \/>\n\t<meta property=\"og:image:type\" content=\"image\/jpeg\" \/>\n<meta name=\"twitter:card\" content=\"summary_large_image\" \/>\n<meta name=\"twitter:label1\" content=\"Precio\" \/>\n\t<meta name=\"twitter:data1\" content=\"28,69&nbsp;&euro;\" \/>\n\t<meta name=\"twitter:label2\" content=\"Disponibilidad\" \/>\n\t<meta name=\"twitter:data2\" content=\"Disponible\" \/>\n<meta property=\"product:price:amount\" content=\"28.69\" \/>\n<meta property=\"product:price:currency\" content=\"EUR\" \/>\n<meta property=\"og:availability\" content=\"instock\" \/>\n<meta property=\"product:availability\" content=\"instock\" \/>\n<meta property=\"product:retailer_item_id\" content=\"5600229712439\" \/>\n<meta property=\"product:condition\" content=\"new\" \/>\n<!-- \/ Yoast SEO Premium plugin. -->","yoast_head_json":{"title":"Hawa Pharma Enzym - Lifenatura","description":"Hawa Pharma Enzym indicado para contribuir a la reducci\u00f3n de la inflamaci\u00f3n y, incluso en situaciones de agotamiento debido al ejercicio excesivo.","robots":{"index":"index","follow":"follow","max-snippet":"max-snippet:-1","max-image-preview":"max-image-preview:large","max-video-preview":"max-video-preview:-1"},"canonical":"https:\/\/www.lifenatura.com\/es\/produto\/hawa-enzym-60-capsulas-hawa-pharma\/","og_locale":"es_ES","og_type":"article","og_title":"Hawa Enzym 60 c\u00e1psulas - Hawa Pharma - Lifenatura","og_description":"Compre aqui o seu Hawa Enzym 60 c\u00e1psulas - Hawa Pharma e a Lifenatura Online envia em 48 H com Portes Gratis >35\u20ac de Pedido.","og_url":"https:\/\/www.lifenatura.com\/es\/produto\/hawa-enzym-60-capsulas-hawa-pharma\/","og_site_name":"Lifenatura","article_publisher":"https:\/\/www.facebook.com\/lifenatura","article_modified_time":"2026-02-02T11:11:22+00:00","og_image":[{"width":1000,"height":1000,"url":"https:\/\/www.lifenatura.com\/wp-content\/uploads\/2021\/09\/gd_enzym_hawa_60_capsulas.jpg","type":"image\/jpeg"}],"twitter_card":"summary_large_image","twitter_misc":{"Precio":"28,69&nbsp;&euro;","Disponibilidad":"Disponible"},"schema":{"@context":"https:\/\/schema.org","@graph":[{"@type":"WebPage","@id":"https:\/\/www.lifenatura.com\/es\/produto\/hawa-enzym-60-capsulas-hawa-pharma\/","url":"https:\/\/www.lifenatura.com\/es\/produto\/hawa-enzym-60-capsulas-hawa-pharma\/","name":"Hawa Pharma Enzym - Lifenatura","isPartOf":{"@id":"https:\/\/www.lifenatura.com\/es\/#website"},"primaryImageOfPage":{"@id":"https:\/\/www.lifenatura.com\/es\/produto\/hawa-enzym-60-capsulas-hawa-pharma\/#primaryimage"},"image":{"@id":"https:\/\/www.lifenatura.com\/es\/produto\/hawa-enzym-60-capsulas-hawa-pharma\/#primaryimage"},"thumbnailUrl":"https:\/\/www.lifenatura.com\/wp-content\/uploads\/2021\/09\/gd_enzym_hawa_60_capsulas.jpg","datePublished":"2021-09-30T10:08:48+00:00","dateModified":"2026-02-02T11:11:22+00:00","description":"Hawa Pharma Enzym indicado para contribuir a la reducci\u00f3n de la inflamaci\u00f3n y, incluso en situaciones de agotamiento debido al ejercicio excesivo.","breadcrumb":{"@id":"https:\/\/www.lifenatura.com\/es\/produto\/hawa-enzym-60-capsulas-hawa-pharma\/#breadcrumb"},"inLanguage":"es","potentialAction":[{"@type":"ReadAction","target":["https:\/\/www.lifenatura.com\/es\/produto\/hawa-enzym-60-capsulas-hawa-pharma\/"]}]},{"@type":"ImageObject","inLanguage":"es","@id":"https:\/\/www.lifenatura.com\/es\/produto\/hawa-enzym-60-capsulas-hawa-pharma\/#primaryimage","url":"https:\/\/www.lifenatura.com\/wp-content\/uploads\/2021\/09\/gd_enzym_hawa_60_capsulas.jpg","contentUrl":"https:\/\/www.lifenatura.com\/wp-content\/uploads\/2021\/09\/gd_enzym_hawa_60_capsulas.jpg","width":1000,"height":1000,"caption":"Hawa Enzym 60 c\u00e1psulas - Hawa Pharma"},{"@type":"BreadcrumbList","@id":"https:\/\/www.lifenatura.com\/es\/produto\/hawa-enzym-60-capsulas-hawa-pharma\/#breadcrumb","itemListElement":[{"@type":"ListItem","position":1,"name":"In\u00edcio","item":"https:\/\/www.lifenatura.com\/es\/"},{"@type":"ListItem","position":2,"name":"Todos los Productos","item":"https:\/\/www.lifenatura.com\/es\/tienda\/"},{"@type":"ListItem","position":3,"name":"Hawa Enzym 60 c\u00e1psulas &#8211; Hawa Pharma"}]},{"@type":"WebSite","@id":"https:\/\/www.lifenatura.com\/es\/#website","url":"https:\/\/www.lifenatura.com\/es\/","name":"Lifenatura","description":"A Lifenatura \u00e9 uma loja de produtos naturais, cosm\u00e9tica natural e alimenta\u00e7\u00e3o Biol\u00f3gica.","publisher":{"@id":"https:\/\/www.lifenatura.com\/es\/#organization"},"potentialAction":[{"@type":"SearchAction","target":{"@type":"EntryPoint","urlTemplate":"https:\/\/www.lifenatura.com\/es\/?s={search_term_string}"},"query-input":{"@type":"PropertyValueSpecification","valueRequired":true,"valueName":"search_term_string"}}],"inLanguage":"es"},{"@type":"Organization","@id":"https:\/\/www.lifenatura.com\/es\/#organization","name":"Lifenatura","url":"https:\/\/www.lifenatura.com\/es\/","logo":{"@type":"ImageObject","inLanguage":"es","@id":"https:\/\/www.lifenatura.com\/es\/#\/schema\/logo\/image\/","url":"https:\/\/www.lifenatura.com\/wp-content\/uploads\/2021\/11\/logo.png","contentUrl":"https:\/\/www.lifenatura.com\/wp-content\/uploads\/2021\/11\/logo.png","width":175,"height":55,"caption":"Lifenatura"},"image":{"@id":"https:\/\/www.lifenatura.com\/es\/#\/schema\/logo\/image\/"},"sameAs":["https:\/\/www.facebook.com\/lifenatura","https:\/\/www.instagram.com\/lifenaturapt\/"]}]},"product_price_amount":"28.69","product_price_currency":"EUR","og_availability":"instock","product_availability":"instock","product_retailer_item_id":"5600229712439","product_condition":"new"},"df_price":28.69,"df_sale_price":"","df_regular_price":28.69,"df_image_link":"https:\/\/www.lifenatura.com\/wp-content\/uploads\/2021\/09\/gd_enzym_hawa_60_capsulas-300x300.jpg","_links":{"self":[{"href":"https:\/\/www.lifenatura.com\/es\/wp-json\/wp\/v2\/product\/38568","targetHints":{"allow":["GET"]}}],"collection":[{"href":"https:\/\/www.lifenatura.com\/es\/wp-json\/wp\/v2\/product"}],"about":[{"href":"https:\/\/www.lifenatura.com\/es\/wp-json\/wp\/v2\/types\/product"}],"wp:featuredmedia":[{"embeddable":true,"href":"https:\/\/www.lifenatura.com\/es\/wp-json\/wp\/v2\/media\/20117"}],"wp:attachment":[{"href":"https:\/\/www.lifenatura.com\/es\/wp-json\/wp\/v2\/media?parent=38568"}],"wp:term":[{"taxonomy":"product_brand","embeddable":true,"href":"https:\/\/www.lifenatura.com\/es\/wp-json\/wp\/v2\/product_brand?post=38568"},{"taxonomy":"product_cat","embeddable":true,"href":"https:\/\/www.lifenatura.com\/es\/wp-json\/wp\/v2\/product_cat?post=38568"},{"taxonomy":"product_tag","embeddable":true,"href":"https:\/\/www.lifenatura.com\/es\/wp-json\/wp\/v2\/product_tag?post=38568"}],"curies":[{"name":"wp","href":"https:\/\/api.w.org\/{rel}","templated":true}]}}