{"id":38563,"date":"2021-09-30T10:08:29","date_gmt":"2021-09-30T10:08:29","guid":{"rendered":"https:\/\/lifenatura.dev.agenciagetdigital.com\/produto\/hawa-cells-30-ampolas-hawa-pharma\/"},"modified":"2026-02-02T11:11:20","modified_gmt":"2026-02-02T11:11:20","slug":"hawa-cells-30-ampolas-hawa-pharma","status":"publish","type":"product","link":"https:\/\/www.lifenatura.com\/es\/produto\/hawa-cells-30-ampolas-hawa-pharma\/","title":{"rendered":"Hawa Cells 30 ampolas &#8211; Hawa Pharma"},"content":{"rendered":"<h2 style=\"text-align: left;\"><strong>Hawa Pharma Cells asistir en el combate tumoral<\/strong><\/h2>\n<p>&nbsp;<\/p>\n<p>Las c\u00e9lulas de Hawa est\u00e1n indicadas para las neoplasias en general, especialmente aquellas enumeradas a lo largo del texto, cuyos ingredientes han sido objeto de un extenso trabajo de investigaci\u00f3n, con el objetivo de dise\u00f1ar un producto final con eficacia cient\u00edficamente comprobada, no solo en relaci\u00f3n con los componentes. individualizado, pero tambi\u00e9n tomando de las sinergias adicionales existentes entre estos componentes, la m\u00e1xima expresi\u00f3n de actividad.<\/p>\n<p>Contiene azafr\u00e1n (Bixa orellana) en su composici\u00f3n, que tiene procesos antidegenerativos, inmunomoduladores e inhibidores de la senescencia. Tambi\u00e9n contiene citrus sinensis (naranja) con un alto contenido de D-limoneno y tiene m\u00faltiples efectos antitumorales.<\/p>\n<p>La avena (Avena sativa) tiene varios beneficios, es decir, son antiinflamatorios, hepatoprotectores y antidiab\u00e9ticos, tienen propiedades antitumorales que son particularmente relevantes para sus efectos inductores de apoptosis con fragmentaci\u00f3n del ADN y da\u00f1o nuclear, selectivos para las c\u00e9lulas cancerosas (Hep- 2)<\/p>\n<p><strong> PRESENTACI\u00d3N<\/strong><\/p>\n<p>30 ampollas<\/p>\n<p>&nbsp;<\/p>\n","protected":false},"excerpt":{"rendered":"<p>Hawa Cells est\u00e1n indicadas para las neoplasias en general, cuyos ingredientes han sido objeto de un extenso trabajo de investigaci\u00f3n. [&#8230;]<\/p>\n<p><a class=\"btn btn-secondary understrap-read-more-link\" href=\"https:\/\/www.lifenatura.com\/es\/produto\/hawa-cells-30-ampolas-hawa-pharma\/\">Leer m\u00e1s&#8230;<span class=\"screen-reader-text\"> from Hawa Cells 30 ampolas &#8211; Hawa Pharma<\/span><\/a><\/p>\n","protected":false},"featured_media":20112,"template":"","meta":{"_acf_changed":false},"product_brand":[8480],"product_cat":[7211,7179],"product_tag":[],"class_list":{"0":"post-38563","1":"product","2":"type-product","3":"status-publish","4":"has-post-thumbnail","6":"product_brand-hawa-pharma","7":"product_cat-reforza-la-inmunidad-salud","8":"product_cat-salud","10":"first","11":"instock","12":"sale","13":"shipping-taxable","14":"purchasable","15":"product-type-simple","16":"add-to-wishlist-before_image"},"acf":[],"yoast_head":"<!-- This site is optimized with the Yoast SEO Premium plugin v27.1 (Yoast SEO v27.5) - https:\/\/yoast.com\/product\/yoast-seo-premium-wordpress\/ -->\n<title>Hawa Pharma Cells - Lifenatura<\/title>\n<meta name=\"description\" content=\"Hawa Cells est\u00e1n indicadas para las neoplasias en general, cuyos ingredientes han sido objeto de un extenso trabajo de investigaci\u00f3n.\" \/>\n<meta name=\"robots\" content=\"index, follow, max-snippet:-1, max-image-preview:large, max-video-preview:-1\" \/>\n<link rel=\"canonical\" href=\"https:\/\/www.lifenatura.com\/es\/produto\/hawa-cells-30-ampolas-hawa-pharma\/\" \/>\n<meta property=\"og:locale\" content=\"es_ES\" \/>\n<meta property=\"og:type\" content=\"article\" \/>\n<meta property=\"og:title\" content=\"Hawa Cells 30 ampolas - Hawa Pharma - Na Lifenatura ao Melhor Pre\u00e7o | Envio 48h\" \/>\n<meta property=\"og:description\" content=\"Compre Hawa Cells 30 ampolas - Hawa Pharma com envio r\u00e1pido. Entrega em 48h e portes gr\u00e1tis em compras &gt;35\u20ac. Aproveite j\u00e1 na Lifenatura\" \/>\n<meta property=\"og:url\" content=\"https:\/\/www.lifenatura.com\/es\/produto\/hawa-cells-30-ampolas-hawa-pharma\/\" \/>\n<meta property=\"og:site_name\" content=\"Lifenatura\" \/>\n<meta property=\"article:publisher\" content=\"https:\/\/www.facebook.com\/lifenatura\" \/>\n<meta property=\"article:modified_time\" content=\"2026-02-02T11:11:20+00:00\" \/>\n<meta property=\"og:image\" content=\"https:\/\/www.lifenatura.com\/wp-content\/uploads\/2021\/09\/gd_cells_hawa_30_ampolas.jpg\" \/>\n\t<meta property=\"og:image:width\" content=\"1000\" \/>\n\t<meta property=\"og:image:height\" content=\"1000\" \/>\n\t<meta property=\"og:image:type\" content=\"image\/jpeg\" \/>\n<meta name=\"twitter:card\" content=\"summary_large_image\" \/>\n<meta name=\"twitter:label1\" content=\"Precio\" \/>\n\t<meta name=\"twitter:data1\" content=\"34,02&nbsp;&euro;\" \/>\n\t<meta name=\"twitter:label2\" content=\"Disponibilidad\" \/>\n\t<meta name=\"twitter:data2\" content=\"Disponible\" \/>\n<script type=\"application\/ld+json\" class=\"yoast-schema-graph\">{\"@context\":\"https:\\\/\\\/schema.org\",\"@graph\":[{\"@type\":\"WebPage\",\"@id\":\"https:\\\/\\\/www.lifenatura.com\\\/es\\\/produto\\\/hawa-cells-30-ampolas-hawa-pharma\\\/\",\"url\":\"https:\\\/\\\/www.lifenatura.com\\\/es\\\/produto\\\/hawa-cells-30-ampolas-hawa-pharma\\\/\",\"name\":\"Hawa Pharma Cells - Lifenatura\",\"isPartOf\":{\"@id\":\"https:\\\/\\\/www.lifenatura.com\\\/es\\\/#website\"},\"primaryImageOfPage\":{\"@id\":\"https:\\\/\\\/www.lifenatura.com\\\/es\\\/produto\\\/hawa-cells-30-ampolas-hawa-pharma\\\/#primaryimage\"},\"image\":{\"@id\":\"https:\\\/\\\/www.lifenatura.com\\\/es\\\/produto\\\/hawa-cells-30-ampolas-hawa-pharma\\\/#primaryimage\"},\"thumbnailUrl\":\"https:\\\/\\\/www.lifenatura.com\\\/wp-content\\\/uploads\\\/2021\\\/09\\\/gd_cells_hawa_30_ampolas.jpg\",\"datePublished\":\"2021-09-30T10:08:29+00:00\",\"dateModified\":\"2026-02-02T11:11:20+00:00\",\"description\":\"Hawa Cells est\u00e1n indicadas para las neoplasias en general, cuyos ingredientes han sido objeto de un extenso trabajo de investigaci\u00f3n.\",\"breadcrumb\":{\"@id\":\"https:\\\/\\\/www.lifenatura.com\\\/es\\\/produto\\\/hawa-cells-30-ampolas-hawa-pharma\\\/#breadcrumb\"},\"inLanguage\":\"es\",\"potentialAction\":[{\"@type\":\"ReadAction\",\"target\":[\"https:\\\/\\\/www.lifenatura.com\\\/es\\\/produto\\\/hawa-cells-30-ampolas-hawa-pharma\\\/\"]}]},{\"@type\":\"ImageObject\",\"inLanguage\":\"es\",\"@id\":\"https:\\\/\\\/www.lifenatura.com\\\/es\\\/produto\\\/hawa-cells-30-ampolas-hawa-pharma\\\/#primaryimage\",\"url\":\"https:\\\/\\\/www.lifenatura.com\\\/wp-content\\\/uploads\\\/2021\\\/09\\\/gd_cells_hawa_30_ampolas.jpg\",\"contentUrl\":\"https:\\\/\\\/www.lifenatura.com\\\/wp-content\\\/uploads\\\/2021\\\/09\\\/gd_cells_hawa_30_ampolas.jpg\",\"width\":1000,\"height\":1000,\"caption\":\"Hawa Cells 30 ampolas - Hawa Pharma\"},{\"@type\":\"BreadcrumbList\",\"@id\":\"https:\\\/\\\/www.lifenatura.com\\\/es\\\/produto\\\/hawa-cells-30-ampolas-hawa-pharma\\\/#breadcrumb\",\"itemListElement\":[{\"@type\":\"ListItem\",\"position\":1,\"name\":\"In\u00edcio\",\"item\":\"https:\\\/\\\/www.lifenatura.com\\\/es\\\/\"},{\"@type\":\"ListItem\",\"position\":2,\"name\":\"Todos los Productos\",\"item\":\"https:\\\/\\\/www.lifenatura.com\\\/es\\\/tienda\\\/\"},{\"@type\":\"ListItem\",\"position\":3,\"name\":\"Hawa Cells 30 ampolas &#8211; Hawa Pharma\"}]},{\"@type\":\"WebSite\",\"@id\":\"https:\\\/\\\/www.lifenatura.com\\\/es\\\/#website\",\"url\":\"https:\\\/\\\/www.lifenatura.com\\\/es\\\/\",\"name\":\"Lifenatura\",\"description\":\"A Lifenatura \u00e9 uma loja de produtos naturais, cosm\u00e9tica natural e alimenta\u00e7\u00e3o Biol\u00f3gica.\",\"publisher\":{\"@id\":\"https:\\\/\\\/www.lifenatura.com\\\/es\\\/#organization\"},\"potentialAction\":[{\"@type\":\"SearchAction\",\"target\":{\"@type\":\"EntryPoint\",\"urlTemplate\":\"https:\\\/\\\/www.lifenatura.com\\\/es\\\/?s={search_term_string}\"},\"query-input\":{\"@type\":\"PropertyValueSpecification\",\"valueRequired\":true,\"valueName\":\"search_term_string\"}}],\"inLanguage\":\"es\"},{\"@type\":\"Organization\",\"@id\":\"https:\\\/\\\/www.lifenatura.com\\\/es\\\/#organization\",\"name\":\"Lifenatura\",\"url\":\"https:\\\/\\\/www.lifenatura.com\\\/es\\\/\",\"logo\":{\"@type\":\"ImageObject\",\"inLanguage\":\"es\",\"@id\":\"https:\\\/\\\/www.lifenatura.com\\\/es\\\/#\\\/schema\\\/logo\\\/image\\\/\",\"url\":\"https:\\\/\\\/www.lifenatura.com\\\/wp-content\\\/uploads\\\/2021\\\/07\\\/logo.png\",\"contentUrl\":\"https:\\\/\\\/www.lifenatura.com\\\/wp-content\\\/uploads\\\/2021\\\/07\\\/logo.png\",\"width\":175,\"height\":55,\"caption\":\"Lifenatura\"},\"image\":{\"@id\":\"https:\\\/\\\/www.lifenatura.com\\\/es\\\/#\\\/schema\\\/logo\\\/image\\\/\"},\"sameAs\":[\"https:\\\/\\\/www.facebook.com\\\/lifenatura\",\"https:\\\/\\\/www.instagram.com\\\/lifenaturapt\\\/\"],\"hasMerchantReturnPolicy\":{\"@type\":\"MerchantReturnPolicy\",\"merchantReturnLink\":\"https:\\\/\\\/www.lifenatura.com\\\/termos-condicoes-lifenatura\\\/\"}}]}<\/script>\n<meta property=\"product:price:amount\" content=\"34.02\" \/>\n<meta property=\"product:price:currency\" content=\"EUR\" \/>\n<meta property=\"og:availability\" content=\"instock\" \/>\n<meta property=\"product:availability\" content=\"instock\" \/>\n<meta property=\"product:retailer_item_id\" content=\"5600229712385\" \/>\n<meta property=\"product:condition\" content=\"new\" \/>\n<!-- \/ Yoast SEO Premium plugin. -->","yoast_head_json":{"title":"Hawa Pharma Cells - Lifenatura","description":"Hawa Cells est\u00e1n indicadas para las neoplasias en general, cuyos ingredientes han sido objeto de un extenso trabajo de investigaci\u00f3n.","robots":{"index":"index","follow":"follow","max-snippet":"max-snippet:-1","max-image-preview":"max-image-preview:large","max-video-preview":"max-video-preview:-1"},"canonical":"https:\/\/www.lifenatura.com\/es\/produto\/hawa-cells-30-ampolas-hawa-pharma\/","og_locale":"es_ES","og_type":"article","og_title":"Hawa Cells 30 ampolas - Hawa Pharma - Na Lifenatura ao Melhor Pre\u00e7o | Envio 48h","og_description":"Compre Hawa Cells 30 ampolas - Hawa Pharma com envio r\u00e1pido. Entrega em 48h e portes gr\u00e1tis em compras >35\u20ac. Aproveite j\u00e1 na Lifenatura","og_url":"https:\/\/www.lifenatura.com\/es\/produto\/hawa-cells-30-ampolas-hawa-pharma\/","og_site_name":"Lifenatura","article_publisher":"https:\/\/www.facebook.com\/lifenatura","article_modified_time":"2026-02-02T11:11:20+00:00","og_image":[{"width":1000,"height":1000,"url":"https:\/\/www.lifenatura.com\/wp-content\/uploads\/2021\/09\/gd_cells_hawa_30_ampolas.jpg","type":"image\/jpeg"}],"twitter_card":"summary_large_image","twitter_misc":{"Precio":"34,02&nbsp;&euro;","Disponibilidad":"Disponible"},"schema":{"@context":"https:\/\/schema.org","@graph":[{"@type":"WebPage","@id":"https:\/\/www.lifenatura.com\/es\/produto\/hawa-cells-30-ampolas-hawa-pharma\/","url":"https:\/\/www.lifenatura.com\/es\/produto\/hawa-cells-30-ampolas-hawa-pharma\/","name":"Hawa Pharma Cells - Lifenatura","isPartOf":{"@id":"https:\/\/www.lifenatura.com\/es\/#website"},"primaryImageOfPage":{"@id":"https:\/\/www.lifenatura.com\/es\/produto\/hawa-cells-30-ampolas-hawa-pharma\/#primaryimage"},"image":{"@id":"https:\/\/www.lifenatura.com\/es\/produto\/hawa-cells-30-ampolas-hawa-pharma\/#primaryimage"},"thumbnailUrl":"https:\/\/www.lifenatura.com\/wp-content\/uploads\/2021\/09\/gd_cells_hawa_30_ampolas.jpg","datePublished":"2021-09-30T10:08:29+00:00","dateModified":"2026-02-02T11:11:20+00:00","description":"Hawa Cells est\u00e1n indicadas para las neoplasias en general, cuyos ingredientes han sido objeto de un extenso trabajo de investigaci\u00f3n.","breadcrumb":{"@id":"https:\/\/www.lifenatura.com\/es\/produto\/hawa-cells-30-ampolas-hawa-pharma\/#breadcrumb"},"inLanguage":"es","potentialAction":[{"@type":"ReadAction","target":["https:\/\/www.lifenatura.com\/es\/produto\/hawa-cells-30-ampolas-hawa-pharma\/"]}]},{"@type":"ImageObject","inLanguage":"es","@id":"https:\/\/www.lifenatura.com\/es\/produto\/hawa-cells-30-ampolas-hawa-pharma\/#primaryimage","url":"https:\/\/www.lifenatura.com\/wp-content\/uploads\/2021\/09\/gd_cells_hawa_30_ampolas.jpg","contentUrl":"https:\/\/www.lifenatura.com\/wp-content\/uploads\/2021\/09\/gd_cells_hawa_30_ampolas.jpg","width":1000,"height":1000,"caption":"Hawa Cells 30 ampolas - Hawa Pharma"},{"@type":"BreadcrumbList","@id":"https:\/\/www.lifenatura.com\/es\/produto\/hawa-cells-30-ampolas-hawa-pharma\/#breadcrumb","itemListElement":[{"@type":"ListItem","position":1,"name":"In\u00edcio","item":"https:\/\/www.lifenatura.com\/es\/"},{"@type":"ListItem","position":2,"name":"Todos los Productos","item":"https:\/\/www.lifenatura.com\/es\/tienda\/"},{"@type":"ListItem","position":3,"name":"Hawa Cells 30 ampolas &#8211; Hawa Pharma"}]},{"@type":"WebSite","@id":"https:\/\/www.lifenatura.com\/es\/#website","url":"https:\/\/www.lifenatura.com\/es\/","name":"Lifenatura","description":"A Lifenatura \u00e9 uma loja de produtos naturais, cosm\u00e9tica natural e alimenta\u00e7\u00e3o Biol\u00f3gica.","publisher":{"@id":"https:\/\/www.lifenatura.com\/es\/#organization"},"potentialAction":[{"@type":"SearchAction","target":{"@type":"EntryPoint","urlTemplate":"https:\/\/www.lifenatura.com\/es\/?s={search_term_string}"},"query-input":{"@type":"PropertyValueSpecification","valueRequired":true,"valueName":"search_term_string"}}],"inLanguage":"es"},{"@type":"Organization","@id":"https:\/\/www.lifenatura.com\/es\/#organization","name":"Lifenatura","url":"https:\/\/www.lifenatura.com\/es\/","logo":{"@type":"ImageObject","inLanguage":"es","@id":"https:\/\/www.lifenatura.com\/es\/#\/schema\/logo\/image\/","url":"https:\/\/www.lifenatura.com\/wp-content\/uploads\/2021\/07\/logo.png","contentUrl":"https:\/\/www.lifenatura.com\/wp-content\/uploads\/2021\/07\/logo.png","width":175,"height":55,"caption":"Lifenatura"},"image":{"@id":"https:\/\/www.lifenatura.com\/es\/#\/schema\/logo\/image\/"},"sameAs":["https:\/\/www.facebook.com\/lifenatura","https:\/\/www.instagram.com\/lifenaturapt\/"],"hasMerchantReturnPolicy":{"@type":"MerchantReturnPolicy","merchantReturnLink":"https:\/\/www.lifenatura.com\/termos-condicoes-lifenatura\/"}}]},"product_price_amount":"34.02","product_price_currency":"EUR","og_availability":"instock","product_availability":"instock","product_retailer_item_id":"5600229712385","product_condition":"new"},"df_price":34.02,"df_sale_price":34.02,"df_regular_price":39.1,"df_image_link":"https:\/\/www.lifenatura.com\/wp-content\/uploads\/2021\/09\/gd_cells_hawa_30_ampolas-300x300.jpg","_links":{"self":[{"href":"https:\/\/www.lifenatura.com\/es\/wp-json\/wp\/v2\/product\/38563","targetHints":{"allow":["GET"]}}],"collection":[{"href":"https:\/\/www.lifenatura.com\/es\/wp-json\/wp\/v2\/product"}],"about":[{"href":"https:\/\/www.lifenatura.com\/es\/wp-json\/wp\/v2\/types\/product"}],"wp:featuredmedia":[{"embeddable":true,"href":"https:\/\/www.lifenatura.com\/es\/wp-json\/wp\/v2\/media\/20112"}],"wp:attachment":[{"href":"https:\/\/www.lifenatura.com\/es\/wp-json\/wp\/v2\/media?parent=38563"}],"wp:term":[{"taxonomy":"product_brand","embeddable":true,"href":"https:\/\/www.lifenatura.com\/es\/wp-json\/wp\/v2\/product_brand?post=38563"},{"taxonomy":"product_cat","embeddable":true,"href":"https:\/\/www.lifenatura.com\/es\/wp-json\/wp\/v2\/product_cat?post=38563"},{"taxonomy":"product_tag","embeddable":true,"href":"https:\/\/www.lifenatura.com\/es\/wp-json\/wp\/v2\/product_tag?post=38563"}],"curies":[{"name":"wp","href":"https:\/\/api.w.org\/{rel}","templated":true}]}}