{"id":38555,"date":"2021-09-30T10:08:29","date_gmt":"2021-09-30T10:08:29","guid":{"rendered":"https:\/\/lifenatura.dev.agenciagetdigital.com\/produto\/magnesium-malate-1000-mg-good-care\/"},"modified":"2022-08-21T14:36:50","modified_gmt":"2022-08-21T14:36:50","slug":"magnesium-malate-1000-mg-good-care","status":"publish","type":"product","link":"https:\/\/www.lifenatura.com\/es\/produto\/magnesium-malate-1000-mg-good-care\/","title":{"rendered":"Magnesium Malate 1000 mg &#8211; Good Care"},"content":{"rendered":"<p>Magnesio Indicado para M\u00fasculos y Huesos El magnesio es un ingrediente fundamental para nuestro cuerpo, tiene varias funciones entre ellas, quiz\u00e1s la principal es el fortalecimiento de los m\u00fasculos y los huesos. Estimula la energ\u00eda celular, fortalece el metabolismo, mejora la digesti\u00f3n y la inmunidad y ayuda a eliminar los metales nocivos en el cuerpo. La falta de magnesio en nuestro cuerpo genera una serie de manifestaciones, como problemas de memoria, calambres, debilidad muscular, hipocalemia (disminuci\u00f3n del calcio en el cuerpo), temblores, irritabilidad neuromuscular, adem\u00e1s de estar asociado con un aumento de la presi\u00f3n arterial. PRESENTACI\u00d3N 180 tabletas<\/p>\n","protected":false},"excerpt":{"rendered":"<p>Magnesio Indicado para M\u00fasculos y Huesos El magnesio es un ingrediente fundamental para nuestro cuerpo, tiene varias funciones entre ellas, quiz\u00e1s la principal es el fortalecimiento de los m\u00fasculos y los huesos. Estimula la energ\u00eda celular, fortalece el metabolismo, mejora la digesti\u00f3n y la inmunidad y ayuda a eliminar los metales nocivos en el cuerpo. [&#8230;]<\/p>\n<p><a class=\"btn btn-secondary understrap-read-more-link\" href=\"https:\/\/www.lifenatura.com\/es\/produto\/magnesium-malate-1000-mg-good-care\/\">Leer m\u00e1s&#8230;<span class=\"screen-reader-text\"> from Magnesium Malate 1000 mg &#8211; Good Care<\/span><\/a><\/p>\n","protected":false},"featured_media":130881,"template":"","meta":{"_acf_changed":false},"product_brand":[8481],"product_cat":[7659,7740,7206,7179],"product_tag":[8700],"class_list":{"0":"post-38555","1":"product","2":"type-product","3":"status-publish","4":"has-post-thumbnail","6":"product_brand-good-care","7":"product_cat-ingrediente-natural-bio","8":"product_cat-magnesio-es","9":"product_cat-musculos-salud","10":"product_cat-salud","11":"product_tag-calendula_2026","13":"first","14":"outofstock","15":"sale","16":"featured","17":"shipping-taxable","18":"purchasable","19":"product-type-simple","20":"add-to-wishlist-before_image"},"acf":[],"yoast_head":"<!-- This site is optimized with the Yoast SEO Premium plugin v27.1 (Yoast SEO v27.5) - https:\/\/yoast.com\/product\/yoast-seo-premium-wordpress\/ -->\n<title>Magnesium Malate 1000 mg - Good Care<\/title>\n<meta name=\"description\" content=\"El magnesio es un ingrediente fundamental para nuestro cuerpo, tiene varias funciones entre ellas, quiz\u00e1s la principal es el fortalecimiento de los m\u00fasculos y los huesos.\" \/>\n<meta name=\"robots\" content=\"index, follow, max-snippet:-1, max-image-preview:large, max-video-preview:-1\" \/>\n<link rel=\"canonical\" href=\"https:\/\/www.lifenatura.com\/es\/produto\/magnesium-malate-1000-mg-good-care\/\" \/>\n<meta property=\"og:locale\" content=\"es_ES\" \/>\n<meta property=\"og:type\" content=\"article\" \/>\n<meta property=\"og:title\" content=\"Magnesium Malate 1000 mg - Good Care - Na Lifenatura ao Melhor Pre\u00e7o | Envio 48h\" \/>\n<meta property=\"og:description\" content=\"Compre Magnesium Malate 1000 mg - Good Care com envio r\u00e1pido. Entrega em 48h e portes gr\u00e1tis em compras &gt;35\u20ac. Aproveite j\u00e1 na Lifenatura\" \/>\n<meta property=\"og:url\" content=\"https:\/\/www.lifenatura.com\/es\/produto\/magnesium-malate-1000-mg-good-care\/\" \/>\n<meta property=\"og:site_name\" content=\"Lifenatura\" \/>\n<meta property=\"article:publisher\" content=\"https:\/\/www.facebook.com\/lifenatura\" \/>\n<meta property=\"article:modified_time\" content=\"2022-08-21T14:36:50+00:00\" \/>\n<meta property=\"og:image\" content=\"https:\/\/www.lifenatura.com\/wp-content\/uploads\/2021\/09\/gd_magnesio_malato_180_caps_good_care.jpg\" \/>\n\t<meta property=\"og:image:width\" content=\"1000\" \/>\n\t<meta property=\"og:image:height\" content=\"1000\" \/>\n\t<meta property=\"og:image:type\" content=\"image\/jpeg\" \/>\n<meta name=\"twitter:card\" content=\"summary_large_image\" \/>\n<meta name=\"twitter:label1\" content=\"Precio\" \/>\n\t<meta name=\"twitter:data1\" content=\"24,83&nbsp;&euro;\" \/>\n\t<meta name=\"twitter:label2\" content=\"Disponibilidad\" \/>\n\t<meta name=\"twitter:data2\" content=\"Sin existencias\" \/>\n<script type=\"application\/ld+json\" class=\"yoast-schema-graph\">{\"@context\":\"https:\\\/\\\/schema.org\",\"@graph\":[{\"@type\":\"WebPage\",\"@id\":\"https:\\\/\\\/www.lifenatura.com\\\/es\\\/produto\\\/magnesium-malate-1000-mg-good-care\\\/\",\"url\":\"https:\\\/\\\/www.lifenatura.com\\\/es\\\/produto\\\/magnesium-malate-1000-mg-good-care\\\/\",\"name\":\"Magnesium Malate 1000 mg - Good Care\",\"isPartOf\":{\"@id\":\"https:\\\/\\\/www.lifenatura.com\\\/es\\\/#website\"},\"primaryImageOfPage\":{\"@id\":\"https:\\\/\\\/www.lifenatura.com\\\/es\\\/produto\\\/magnesium-malate-1000-mg-good-care\\\/#primaryimage\"},\"image\":{\"@id\":\"https:\\\/\\\/www.lifenatura.com\\\/es\\\/produto\\\/magnesium-malate-1000-mg-good-care\\\/#primaryimage\"},\"thumbnailUrl\":\"https:\\\/\\\/www.lifenatura.com\\\/wp-content\\\/uploads\\\/2026\\\/03\\\/MAGNESIUM_MALATE_1000MG_180_TABS.jpg\",\"datePublished\":\"2021-09-30T10:08:29+00:00\",\"dateModified\":\"2022-08-21T14:36:50+00:00\",\"description\":\"El magnesio es un ingrediente fundamental para nuestro cuerpo, tiene varias funciones entre ellas, quiz\u00e1s la principal es el fortalecimiento de los m\u00fasculos y los huesos.\",\"breadcrumb\":{\"@id\":\"https:\\\/\\\/www.lifenatura.com\\\/es\\\/produto\\\/magnesium-malate-1000-mg-good-care\\\/#breadcrumb\"},\"inLanguage\":\"es\",\"potentialAction\":[{\"@type\":\"ReadAction\",\"target\":[\"https:\\\/\\\/www.lifenatura.com\\\/es\\\/produto\\\/magnesium-malate-1000-mg-good-care\\\/\"]}]},{\"@type\":\"ImageObject\",\"inLanguage\":\"es\",\"@id\":\"https:\\\/\\\/www.lifenatura.com\\\/es\\\/produto\\\/magnesium-malate-1000-mg-good-care\\\/#primaryimage\",\"url\":\"https:\\\/\\\/www.lifenatura.com\\\/wp-content\\\/uploads\\\/2026\\\/03\\\/MAGNESIUM_MALATE_1000MG_180_TABS.jpg\",\"contentUrl\":\"https:\\\/\\\/www.lifenatura.com\\\/wp-content\\\/uploads\\\/2026\\\/03\\\/MAGNESIUM_MALATE_1000MG_180_TABS.jpg\",\"width\":600,\"height\":600},{\"@type\":\"BreadcrumbList\",\"@id\":\"https:\\\/\\\/www.lifenatura.com\\\/es\\\/produto\\\/magnesium-malate-1000-mg-good-care\\\/#breadcrumb\",\"itemListElement\":[{\"@type\":\"ListItem\",\"position\":1,\"name\":\"In\u00edcio\",\"item\":\"https:\\\/\\\/www.lifenatura.com\\\/es\\\/\"},{\"@type\":\"ListItem\",\"position\":2,\"name\":\"Todos los Productos\",\"item\":\"https:\\\/\\\/www.lifenatura.com\\\/es\\\/tienda\\\/\"},{\"@type\":\"ListItem\",\"position\":3,\"name\":\"Magnesium Malate 1000 mg &#8211; Good Care\"}]},{\"@type\":\"WebSite\",\"@id\":\"https:\\\/\\\/www.lifenatura.com\\\/es\\\/#website\",\"url\":\"https:\\\/\\\/www.lifenatura.com\\\/es\\\/\",\"name\":\"Lifenatura\",\"description\":\"A Lifenatura \u00e9 uma loja de produtos naturais, cosm\u00e9tica natural e alimenta\u00e7\u00e3o Biol\u00f3gica.\",\"publisher\":{\"@id\":\"https:\\\/\\\/www.lifenatura.com\\\/es\\\/#organization\"},\"potentialAction\":[{\"@type\":\"SearchAction\",\"target\":{\"@type\":\"EntryPoint\",\"urlTemplate\":\"https:\\\/\\\/www.lifenatura.com\\\/es\\\/?s={search_term_string}\"},\"query-input\":{\"@type\":\"PropertyValueSpecification\",\"valueRequired\":true,\"valueName\":\"search_term_string\"}}],\"inLanguage\":\"es\"},{\"@type\":\"Organization\",\"@id\":\"https:\\\/\\\/www.lifenatura.com\\\/es\\\/#organization\",\"name\":\"Lifenatura\",\"url\":\"https:\\\/\\\/www.lifenatura.com\\\/es\\\/\",\"logo\":{\"@type\":\"ImageObject\",\"inLanguage\":\"es\",\"@id\":\"https:\\\/\\\/www.lifenatura.com\\\/es\\\/#\\\/schema\\\/logo\\\/image\\\/\",\"url\":\"https:\\\/\\\/www.lifenatura.com\\\/wp-content\\\/uploads\\\/2021\\\/07\\\/logo.png\",\"contentUrl\":\"https:\\\/\\\/www.lifenatura.com\\\/wp-content\\\/uploads\\\/2021\\\/07\\\/logo.png\",\"width\":175,\"height\":55,\"caption\":\"Lifenatura\"},\"image\":{\"@id\":\"https:\\\/\\\/www.lifenatura.com\\\/es\\\/#\\\/schema\\\/logo\\\/image\\\/\"},\"sameAs\":[\"https:\\\/\\\/www.facebook.com\\\/lifenatura\",\"https:\\\/\\\/www.instagram.com\\\/lifenaturapt\\\/\"],\"hasMerchantReturnPolicy\":{\"@type\":\"MerchantReturnPolicy\",\"merchantReturnLink\":\"https:\\\/\\\/www.lifenatura.com\\\/termos-condicoes-lifenatura\\\/\"}}]}<\/script>\n<meta property=\"product:price:amount\" content=\"24.83\" \/>\n<meta property=\"product:price:currency\" content=\"EUR\" \/>\n<meta property=\"og:availability\" content=\"out of stock\" \/>\n<meta property=\"product:availability\" content=\"out of stock\" \/>\n<meta property=\"product:retailer_item_id\" content=\"5603832004595\" \/>\n<meta property=\"product:condition\" content=\"new\" \/>\n<!-- \/ Yoast SEO Premium plugin. -->","yoast_head_json":{"title":"Magnesium Malate 1000 mg - Good Care","description":"El magnesio es un ingrediente fundamental para nuestro cuerpo, tiene varias funciones entre ellas, quiz\u00e1s la principal es el fortalecimiento de los m\u00fasculos y los huesos.","robots":{"index":"index","follow":"follow","max-snippet":"max-snippet:-1","max-image-preview":"max-image-preview:large","max-video-preview":"max-video-preview:-1"},"canonical":"https:\/\/www.lifenatura.com\/es\/produto\/magnesium-malate-1000-mg-good-care\/","og_locale":"es_ES","og_type":"article","og_title":"Magnesium Malate 1000 mg - Good Care - Na Lifenatura ao Melhor Pre\u00e7o | Envio 48h","og_description":"Compre Magnesium Malate 1000 mg - Good Care com envio r\u00e1pido. Entrega em 48h e portes gr\u00e1tis em compras >35\u20ac. Aproveite j\u00e1 na Lifenatura","og_url":"https:\/\/www.lifenatura.com\/es\/produto\/magnesium-malate-1000-mg-good-care\/","og_site_name":"Lifenatura","article_publisher":"https:\/\/www.facebook.com\/lifenatura","article_modified_time":"2022-08-21T14:36:50+00:00","og_image":[{"width":1000,"height":1000,"url":"https:\/\/www.lifenatura.com\/wp-content\/uploads\/2021\/09\/gd_magnesio_malato_180_caps_good_care.jpg","type":"image\/jpeg"}],"twitter_card":"summary_large_image","twitter_misc":{"Precio":"24,83&nbsp;&euro;","Disponibilidad":"Sin existencias"},"schema":{"@context":"https:\/\/schema.org","@graph":[{"@type":"WebPage","@id":"https:\/\/www.lifenatura.com\/es\/produto\/magnesium-malate-1000-mg-good-care\/","url":"https:\/\/www.lifenatura.com\/es\/produto\/magnesium-malate-1000-mg-good-care\/","name":"Magnesium Malate 1000 mg - Good Care","isPartOf":{"@id":"https:\/\/www.lifenatura.com\/es\/#website"},"primaryImageOfPage":{"@id":"https:\/\/www.lifenatura.com\/es\/produto\/magnesium-malate-1000-mg-good-care\/#primaryimage"},"image":{"@id":"https:\/\/www.lifenatura.com\/es\/produto\/magnesium-malate-1000-mg-good-care\/#primaryimage"},"thumbnailUrl":"https:\/\/www.lifenatura.com\/wp-content\/uploads\/2026\/03\/MAGNESIUM_MALATE_1000MG_180_TABS.jpg","datePublished":"2021-09-30T10:08:29+00:00","dateModified":"2022-08-21T14:36:50+00:00","description":"El magnesio es un ingrediente fundamental para nuestro cuerpo, tiene varias funciones entre ellas, quiz\u00e1s la principal es el fortalecimiento de los m\u00fasculos y los huesos.","breadcrumb":{"@id":"https:\/\/www.lifenatura.com\/es\/produto\/magnesium-malate-1000-mg-good-care\/#breadcrumb"},"inLanguage":"es","potentialAction":[{"@type":"ReadAction","target":["https:\/\/www.lifenatura.com\/es\/produto\/magnesium-malate-1000-mg-good-care\/"]}]},{"@type":"ImageObject","inLanguage":"es","@id":"https:\/\/www.lifenatura.com\/es\/produto\/magnesium-malate-1000-mg-good-care\/#primaryimage","url":"https:\/\/www.lifenatura.com\/wp-content\/uploads\/2026\/03\/MAGNESIUM_MALATE_1000MG_180_TABS.jpg","contentUrl":"https:\/\/www.lifenatura.com\/wp-content\/uploads\/2026\/03\/MAGNESIUM_MALATE_1000MG_180_TABS.jpg","width":600,"height":600},{"@type":"BreadcrumbList","@id":"https:\/\/www.lifenatura.com\/es\/produto\/magnesium-malate-1000-mg-good-care\/#breadcrumb","itemListElement":[{"@type":"ListItem","position":1,"name":"In\u00edcio","item":"https:\/\/www.lifenatura.com\/es\/"},{"@type":"ListItem","position":2,"name":"Todos los Productos","item":"https:\/\/www.lifenatura.com\/es\/tienda\/"},{"@type":"ListItem","position":3,"name":"Magnesium Malate 1000 mg &#8211; Good Care"}]},{"@type":"WebSite","@id":"https:\/\/www.lifenatura.com\/es\/#website","url":"https:\/\/www.lifenatura.com\/es\/","name":"Lifenatura","description":"A Lifenatura \u00e9 uma loja de produtos naturais, cosm\u00e9tica natural e alimenta\u00e7\u00e3o Biol\u00f3gica.","publisher":{"@id":"https:\/\/www.lifenatura.com\/es\/#organization"},"potentialAction":[{"@type":"SearchAction","target":{"@type":"EntryPoint","urlTemplate":"https:\/\/www.lifenatura.com\/es\/?s={search_term_string}"},"query-input":{"@type":"PropertyValueSpecification","valueRequired":true,"valueName":"search_term_string"}}],"inLanguage":"es"},{"@type":"Organization","@id":"https:\/\/www.lifenatura.com\/es\/#organization","name":"Lifenatura","url":"https:\/\/www.lifenatura.com\/es\/","logo":{"@type":"ImageObject","inLanguage":"es","@id":"https:\/\/www.lifenatura.com\/es\/#\/schema\/logo\/image\/","url":"https:\/\/www.lifenatura.com\/wp-content\/uploads\/2021\/07\/logo.png","contentUrl":"https:\/\/www.lifenatura.com\/wp-content\/uploads\/2021\/07\/logo.png","width":175,"height":55,"caption":"Lifenatura"},"image":{"@id":"https:\/\/www.lifenatura.com\/es\/#\/schema\/logo\/image\/"},"sameAs":["https:\/\/www.facebook.com\/lifenatura","https:\/\/www.instagram.com\/lifenaturapt\/"],"hasMerchantReturnPolicy":{"@type":"MerchantReturnPolicy","merchantReturnLink":"https:\/\/www.lifenatura.com\/termos-condicoes-lifenatura\/"}}]},"product_price_amount":"24.83","product_price_currency":"EUR","og_availability":"out of stock","product_availability":"out of stock","product_retailer_item_id":"5603832004595","product_condition":"new"},"df_price":24.83,"df_sale_price":24.83,"df_regular_price":34.02,"df_image_link":"https:\/\/www.lifenatura.com\/wp-content\/uploads\/2026\/03\/MAGNESIUM_MALATE_1000MG_180_TABS-300x300.jpg","_links":{"self":[{"href":"https:\/\/www.lifenatura.com\/es\/wp-json\/wp\/v2\/product\/38555","targetHints":{"allow":["GET"]}}],"collection":[{"href":"https:\/\/www.lifenatura.com\/es\/wp-json\/wp\/v2\/product"}],"about":[{"href":"https:\/\/www.lifenatura.com\/es\/wp-json\/wp\/v2\/types\/product"}],"wp:featuredmedia":[{"embeddable":true,"href":"https:\/\/www.lifenatura.com\/es\/wp-json\/wp\/v2\/media\/130881"}],"wp:attachment":[{"href":"https:\/\/www.lifenatura.com\/es\/wp-json\/wp\/v2\/media?parent=38555"}],"wp:term":[{"taxonomy":"product_brand","embeddable":true,"href":"https:\/\/www.lifenatura.com\/es\/wp-json\/wp\/v2\/product_brand?post=38555"},{"taxonomy":"product_cat","embeddable":true,"href":"https:\/\/www.lifenatura.com\/es\/wp-json\/wp\/v2\/product_cat?post=38555"},{"taxonomy":"product_tag","embeddable":true,"href":"https:\/\/www.lifenatura.com\/es\/wp-json\/wp\/v2\/product_tag?post=38555"}],"curies":[{"name":"wp","href":"https:\/\/api.w.org\/{rel}","templated":true}]}}