{"id":38513,"date":"2021-09-30T10:07:54","date_gmt":"2021-09-30T10:07:54","guid":{"rendered":"https:\/\/lifenatura.dev.agenciagetdigital.com\/produto\/boswellia-extract-60-capsulas-good-care\/"},"modified":"2022-08-21T14:36:20","modified_gmt":"2022-08-21T14:36:20","slug":"boswellia-extract-60-capsulas-good-care","status":"publish","type":"product","link":"https:\/\/www.lifenatura.com\/es\/produto\/boswellia-extract-60-capsulas-good-care\/","title":{"rendered":"Boswellia Extract 60 c\u00e1psulas &#8211; Good Care"},"content":{"rendered":"<p>Indicado para as Articula\u00e7\u00f5es O extrato da Boswellia serrata demostrou ter uma a\u00e7\u00e3o anti-inflamat\u00f3ria (in-vitro) e contra o dor articular. O extrato da Boswellia (\u00e1cido boswellico) tamb\u00e9m demostrou ser eficaz com o tratamento do osteoartrite num estudo ao longo prazo. No estudo fizeram uma compara\u00e7\u00e3o com o placebo em 48 doentes de osteoartrite concluindo que, os doentes tinham menos rigidez articular e melhorou sua fun\u00e7\u00e3o. APRESENTA\u00c7\u00c3O 60 c\u00e1psulas.<\/p>\n","protected":false},"excerpt":{"rendered":"<p>Indicado para as Articula\u00e7\u00f5es O extrato da Boswellia serrata demostrou ter uma a\u00e7\u00e3o anti-inflamat\u00f3ria (in-vitro) e contra o dor articular. O extrato da Boswellia (\u00e1cido boswellico) tamb\u00e9m demostrou ser eficaz com o tratamento do osteoartrite num estudo ao longo prazo. No estudo fizeram uma compara\u00e7\u00e3o com o placebo em 48 doentes de osteoartrite concluindo que, [&#8230;]<\/p>\n<p><a class=\"btn btn-secondary understrap-read-more-link\" href=\"https:\/\/www.lifenatura.com\/es\/produto\/boswellia-extract-60-capsulas-good-care\/\">Leer m\u00e1s&#8230;<span class=\"screen-reader-text\"> from Boswellia Extract 60 c\u00e1psulas &#8211; Good Care<\/span><\/a><\/p>\n","protected":false},"featured_media":130869,"template":"","meta":{"_acf_changed":false},"product_brand":[8481],"product_cat":[7205,7179],"product_tag":[8700],"class_list":{"0":"post-38513","1":"product","2":"type-product","3":"status-publish","4":"has-post-thumbnail","6":"product_brand-good-care","7":"product_cat-articulaciones","8":"product_cat-salud","9":"product_tag-calendula_2026","11":"first","12":"instock","13":"sale","14":"featured","15":"shipping-taxable","16":"purchasable","17":"product-type-simple","18":"add-to-wishlist-before_image"},"acf":[],"yoast_head":"<!-- This site is optimized with the Yoast SEO Premium plugin v27.1 (Yoast SEO v27.4) - https:\/\/yoast.com\/product\/yoast-seo-premium-wordpress\/ -->\n<title>Boswellia Extract 60 c\u00e1psulas - Good Care<\/title>\n<meta name=\"description\" content=\"Compre aqui o seu Boswellia Extract 60 c\u00e1psulas - Good Care e a Lifenatura Online envia em 48 H com Portes Gratis &gt;35\u20ac de Pedido.\" \/>\n<meta name=\"robots\" content=\"index, follow, max-snippet:-1, max-image-preview:large, max-video-preview:-1\" \/>\n<link rel=\"canonical\" href=\"https:\/\/www.lifenatura.com\/es\/produto\/boswellia-extract-60-capsulas-good-care\/\" \/>\n<meta property=\"og:locale\" content=\"es_ES\" \/>\n<meta property=\"og:type\" content=\"article\" \/>\n<meta property=\"og:title\" content=\"Boswellia Extract 60 c\u00e1psulas - Good Care - Lifenatura\" \/>\n<meta property=\"og:description\" content=\"Compre aqui o seu Boswellia Extract 60 c\u00e1psulas - Good Care e a Lifenatura Online envia em 48 H com Portes Gratis &gt;35\u20ac de Pedido.\" \/>\n<meta property=\"og:url\" content=\"https:\/\/www.lifenatura.com\/es\/produto\/boswellia-extract-60-capsulas-good-care\/\" \/>\n<meta property=\"og:site_name\" content=\"Lifenatura\" \/>\n<meta property=\"article:publisher\" content=\"https:\/\/www.facebook.com\/lifenatura\" \/>\n<meta property=\"article:modified_time\" content=\"2022-08-21T14:36:20+00:00\" \/>\n<meta property=\"og:image\" content=\"https:\/\/www.lifenatura.com\/wp-content\/uploads\/2021\/09\/Boswellia-Extract-60-capsulas-Good-Care.jpg\" \/>\n\t<meta property=\"og:image:width\" content=\"1000\" \/>\n\t<meta property=\"og:image:height\" content=\"1000\" \/>\n\t<meta property=\"og:image:type\" content=\"image\/jpeg\" \/>\n<meta name=\"twitter:card\" content=\"summary_large_image\" \/>\n<meta name=\"twitter:label1\" content=\"Precio\" \/>\n\t<meta name=\"twitter:data1\" content=\"21,98&nbsp;&euro;\" \/>\n\t<meta name=\"twitter:label2\" content=\"Disponibilidad\" \/>\n\t<meta name=\"twitter:data2\" content=\"Disponible\" \/>\n<meta property=\"product:price:amount\" content=\"21.98\" \/>\n<meta property=\"product:price:currency\" content=\"EUR\" \/>\n<meta property=\"og:availability\" content=\"instock\" \/>\n<meta property=\"product:availability\" content=\"instock\" \/>\n<meta property=\"product:retailer_item_id\" content=\"5603832004144\" \/>\n<meta property=\"product:condition\" content=\"new\" \/>\n<!-- \/ Yoast SEO Premium plugin. -->","yoast_head_json":{"title":"Boswellia Extract 60 c\u00e1psulas - Good Care","description":"Compre aqui o seu Boswellia Extract 60 c\u00e1psulas - Good Care e a Lifenatura Online envia em 48 H com Portes Gratis >35\u20ac de Pedido.","robots":{"index":"index","follow":"follow","max-snippet":"max-snippet:-1","max-image-preview":"max-image-preview:large","max-video-preview":"max-video-preview:-1"},"canonical":"https:\/\/www.lifenatura.com\/es\/produto\/boswellia-extract-60-capsulas-good-care\/","og_locale":"es_ES","og_type":"article","og_title":"Boswellia Extract 60 c\u00e1psulas - Good Care - Lifenatura","og_description":"Compre aqui o seu Boswellia Extract 60 c\u00e1psulas - Good Care e a Lifenatura Online envia em 48 H com Portes Gratis >35\u20ac de Pedido.","og_url":"https:\/\/www.lifenatura.com\/es\/produto\/boswellia-extract-60-capsulas-good-care\/","og_site_name":"Lifenatura","article_publisher":"https:\/\/www.facebook.com\/lifenatura","article_modified_time":"2022-08-21T14:36:20+00:00","og_image":[{"width":1000,"height":1000,"url":"https:\/\/www.lifenatura.com\/wp-content\/uploads\/2021\/09\/Boswellia-Extract-60-capsulas-Good-Care.jpg","type":"image\/jpeg"}],"twitter_card":"summary_large_image","twitter_misc":{"Precio":"21,98&nbsp;&euro;","Disponibilidad":"Disponible"},"schema":{"@context":"https:\/\/schema.org","@graph":[{"@type":"WebPage","@id":"https:\/\/www.lifenatura.com\/es\/produto\/boswellia-extract-60-capsulas-good-care\/","url":"https:\/\/www.lifenatura.com\/es\/produto\/boswellia-extract-60-capsulas-good-care\/","name":"Boswellia Extract 60 c\u00e1psulas - Good Care","isPartOf":{"@id":"https:\/\/www.lifenatura.com\/es\/#website"},"primaryImageOfPage":{"@id":"https:\/\/www.lifenatura.com\/es\/produto\/boswellia-extract-60-capsulas-good-care\/#primaryimage"},"image":{"@id":"https:\/\/www.lifenatura.com\/es\/produto\/boswellia-extract-60-capsulas-good-care\/#primaryimage"},"thumbnailUrl":"https:\/\/www.lifenatura.com\/wp-content\/uploads\/2026\/03\/BOSWELLIA_RESIN_EXTRACT_60_CAPS.jpg","datePublished":"2021-09-30T10:07:54+00:00","dateModified":"2022-08-21T14:36:20+00:00","description":"Compre aqui o seu Boswellia Extract 60 c\u00e1psulas - Good Care e a Lifenatura Online envia em 48 H com Portes Gratis >35\u20ac de Pedido.","breadcrumb":{"@id":"https:\/\/www.lifenatura.com\/es\/produto\/boswellia-extract-60-capsulas-good-care\/#breadcrumb"},"inLanguage":"es","potentialAction":[{"@type":"ReadAction","target":["https:\/\/www.lifenatura.com\/es\/produto\/boswellia-extract-60-capsulas-good-care\/"]}]},{"@type":"ImageObject","inLanguage":"es","@id":"https:\/\/www.lifenatura.com\/es\/produto\/boswellia-extract-60-capsulas-good-care\/#primaryimage","url":"https:\/\/www.lifenatura.com\/wp-content\/uploads\/2026\/03\/BOSWELLIA_RESIN_EXTRACT_60_CAPS.jpg","contentUrl":"https:\/\/www.lifenatura.com\/wp-content\/uploads\/2026\/03\/BOSWELLIA_RESIN_EXTRACT_60_CAPS.jpg","width":600,"height":600},{"@type":"BreadcrumbList","@id":"https:\/\/www.lifenatura.com\/es\/produto\/boswellia-extract-60-capsulas-good-care\/#breadcrumb","itemListElement":[{"@type":"ListItem","position":1,"name":"In\u00edcio","item":"https:\/\/www.lifenatura.com\/es\/"},{"@type":"ListItem","position":2,"name":"Todos los Productos","item":"https:\/\/www.lifenatura.com\/es\/tienda\/"},{"@type":"ListItem","position":3,"name":"Boswellia Extract 60 c\u00e1psulas &#8211; Good Care"}]},{"@type":"WebSite","@id":"https:\/\/www.lifenatura.com\/es\/#website","url":"https:\/\/www.lifenatura.com\/es\/","name":"Lifenatura","description":"A Lifenatura \u00e9 uma loja de produtos naturais, cosm\u00e9tica natural e alimenta\u00e7\u00e3o Biol\u00f3gica.","publisher":{"@id":"https:\/\/www.lifenatura.com\/es\/#organization"},"potentialAction":[{"@type":"SearchAction","target":{"@type":"EntryPoint","urlTemplate":"https:\/\/www.lifenatura.com\/es\/?s={search_term_string}"},"query-input":{"@type":"PropertyValueSpecification","valueRequired":true,"valueName":"search_term_string"}}],"inLanguage":"es"},{"@type":"Organization","@id":"https:\/\/www.lifenatura.com\/es\/#organization","name":"Lifenatura","url":"https:\/\/www.lifenatura.com\/es\/","logo":{"@type":"ImageObject","inLanguage":"es","@id":"https:\/\/www.lifenatura.com\/es\/#\/schema\/logo\/image\/","url":"https:\/\/www.lifenatura.com\/wp-content\/uploads\/2021\/11\/logo.png","contentUrl":"https:\/\/www.lifenatura.com\/wp-content\/uploads\/2021\/11\/logo.png","width":175,"height":55,"caption":"Lifenatura"},"image":{"@id":"https:\/\/www.lifenatura.com\/es\/#\/schema\/logo\/image\/"},"sameAs":["https:\/\/www.facebook.com\/lifenatura","https:\/\/www.instagram.com\/lifenaturapt\/"]}]},"product_price_amount":"21.98","product_price_currency":"EUR","og_availability":"instock","product_availability":"instock","product_retailer_item_id":"5603832004144","product_condition":"new"},"df_price":21.98,"df_sale_price":21.98,"df_regular_price":30.11,"df_image_link":"https:\/\/www.lifenatura.com\/wp-content\/uploads\/2026\/03\/BOSWELLIA_RESIN_EXTRACT_60_CAPS-300x300.jpg","_links":{"self":[{"href":"https:\/\/www.lifenatura.com\/es\/wp-json\/wp\/v2\/product\/38513","targetHints":{"allow":["GET"]}}],"collection":[{"href":"https:\/\/www.lifenatura.com\/es\/wp-json\/wp\/v2\/product"}],"about":[{"href":"https:\/\/www.lifenatura.com\/es\/wp-json\/wp\/v2\/types\/product"}],"wp:featuredmedia":[{"embeddable":true,"href":"https:\/\/www.lifenatura.com\/es\/wp-json\/wp\/v2\/media\/130869"}],"wp:attachment":[{"href":"https:\/\/www.lifenatura.com\/es\/wp-json\/wp\/v2\/media?parent=38513"}],"wp:term":[{"taxonomy":"product_brand","embeddable":true,"href":"https:\/\/www.lifenatura.com\/es\/wp-json\/wp\/v2\/product_brand?post=38513"},{"taxonomy":"product_cat","embeddable":true,"href":"https:\/\/www.lifenatura.com\/es\/wp-json\/wp\/v2\/product_cat?post=38513"},{"taxonomy":"product_tag","embeddable":true,"href":"https:\/\/www.lifenatura.com\/es\/wp-json\/wp\/v2\/product_tag?post=38513"}],"curies":[{"name":"wp","href":"https:\/\/api.w.org\/{rel}","templated":true}]}}