{"id":38463,"date":"2021-09-30T10:06:49","date_gmt":"2021-09-30T10:06:49","guid":{"rendered":"https:\/\/lifenatura.dev.agenciagetdigital.com\/produto\/zma-90-capsulas-gold-nutrition\/"},"modified":"2026-05-03T00:07:33","modified_gmt":"2026-05-03T00:07:33","slug":"zma-90-capsulas-gold-nutrition","status":"publish","type":"product","link":"https:\/\/www.lifenatura.com\/es\/produto\/zma-90-capsulas-gold-nutrition\/","title":{"rendered":"ZMA 90 c\u00e1psulas &#8211; Gold Nutrition"},"content":{"rendered":"<p>Adecuado para su recuperaci\u00f3n muscular ZMA de Gold Nutrition contiene zinc, magnesio y vitamina B6 que son 3 nutrientes para quienes entrenan intensamente o quienes tienen un estilo de vida estresante deben estar atentos. Estos 3 nutrientes son responsables de varios procesos energ\u00e9ticos y hormonales esenciales para el cuerpo. Cuando el zinc est\u00e1 en niveles bajos, la testosterona tambi\u00e9n disminuye. Lo que compromete la vitalidad, la energ\u00eda y la recuperaci\u00f3n, especialmente en los hombres. Los niveles bajos de vitamina B6 pueden comprometer la s\u00edntesis de neurotransmisores esenciales para que el cuerpo descanse adecuadamente. En ZMA, adem\u00e1s de estos dos nutrientes mencionados, tambi\u00e9n puede encontrar magnesio en su forma m\u00e1s biodisponible, bisglicinato de magnesio. PRESENTACI\u00d3N 90 c\u00e1psulas.<\/p>\n","protected":false},"excerpt":{"rendered":"<p>Adecuado para su recuperaci\u00f3n muscular ZMA de Gold Nutrition contiene zinc, magnesio y vitamina B6 que son 3 nutrientes para quienes entrenan intensamente o quienes tienen un estilo de vida estresante deben estar atentos. Estos 3 nutrientes son responsables de varios procesos energ\u00e9ticos y hormonales esenciales para el cuerpo. Cuando el zinc est\u00e1 en niveles [&#8230;]<\/p>\n<p><a class=\"btn btn-secondary understrap-read-more-link\" href=\"https:\/\/www.lifenatura.com\/es\/produto\/zma-90-capsulas-gold-nutrition\/\">Leer m\u00e1s&#8230;<span class=\"screen-reader-text\"> from ZMA 90 c\u00e1psulas &#8211; Gold Nutrition<\/span><\/a><\/p>\n","protected":false},"featured_media":130531,"template":"","meta":{"_acf_changed":false},"product_brand":[8482],"product_cat":[7174,7659,7740,7293],"product_tag":[8702],"class_list":{"0":"post-38463","1":"product","2":"type-product","3":"status-publish","4":"has-post-thumbnail","6":"product_brand-gold-nutrition","7":"product_cat-fuerza-y-recuperacion","8":"product_cat-ingrediente-natural-bio","9":"product_cat-magnesio-es","10":"product_cat-nutricion-deportiva","11":"product_tag-nutricion-oro","13":"first","14":"instock","15":"sale","16":"shipping-taxable","17":"purchasable","18":"product-type-simple","19":"add-to-wishlist-before_image"},"acf":[],"yoast_head":"<!-- This site is optimized with the Yoast SEO Premium plugin v27.1 (Yoast SEO v27.5) - https:\/\/yoast.com\/product\/yoast-seo-premium-wordpress\/ -->\n<title>ZMA 90 c\u00e1psulas - Gold Nutrition - Na Lifenatura ao Melhor Pre\u00e7o | Envio em 48h<\/title>\n<meta name=\"description\" content=\"ZMA de Gold Nutrition contiene zinc, magnesio y vitamina B6 que son 3 nutrientes para quienes entrenan intensamente o quienes tienen un estilo de vida estresante deben estar atentos.\" \/>\n<meta name=\"robots\" content=\"index, follow, max-snippet:-1, max-image-preview:large, max-video-preview:-1\" \/>\n<link rel=\"canonical\" href=\"https:\/\/www.lifenatura.com\/es\/produto\/zma-90-capsulas-gold-nutrition\/\" \/>\n<meta property=\"og:locale\" content=\"es_ES\" \/>\n<meta property=\"og:type\" content=\"article\" \/>\n<meta property=\"og:title\" content=\"ZMA 90 c\u00e1psulas - Gold Nutrition - Na Lifenatura ao Melhor Pre\u00e7o | Envio 48h\" \/>\n<meta property=\"og:description\" content=\"Compre ZMA 90 c\u00e1psulas - Gold Nutrition com envio r\u00e1pido. Entrega em 48h e portes gr\u00e1tis em compras &gt;35\u20ac. Aproveite j\u00e1 na Lifenatura\" \/>\n<meta property=\"og:url\" content=\"https:\/\/www.lifenatura.com\/es\/produto\/zma-90-capsulas-gold-nutrition\/\" \/>\n<meta property=\"og:site_name\" content=\"Lifenatura\" \/>\n<meta property=\"article:publisher\" content=\"https:\/\/www.facebook.com\/lifenatura\" \/>\n<meta property=\"article:modified_time\" content=\"2026-05-03T00:07:33+00:00\" \/>\n<meta property=\"og:image\" content=\"https:\/\/www.lifenatura.com\/wp-content\/uploads\/2026\/03\/download-2025-08-25T130749.260.png\" \/>\n\t<meta property=\"og:image:width\" content=\"830\" \/>\n\t<meta property=\"og:image:height\" content=\"820\" \/>\n\t<meta property=\"og:image:type\" content=\"image\/png\" \/>\n<meta name=\"twitter:card\" content=\"summary_large_image\" \/>\n<meta name=\"twitter:label1\" content=\"Precio\" \/>\n\t<meta name=\"twitter:data1\" content=\"19,89&nbsp;&euro;\" \/>\n\t<meta name=\"twitter:label2\" content=\"Disponibilidad\" \/>\n\t<meta name=\"twitter:data2\" content=\"Disponible\" \/>\n<script type=\"application\/ld+json\" class=\"yoast-schema-graph\">{\"@context\":\"https:\\\/\\\/schema.org\",\"@graph\":[{\"@type\":\"WebPage\",\"@id\":\"https:\\\/\\\/www.lifenatura.com\\\/es\\\/produto\\\/zma-90-capsulas-gold-nutrition\\\/\",\"url\":\"https:\\\/\\\/www.lifenatura.com\\\/es\\\/produto\\\/zma-90-capsulas-gold-nutrition\\\/\",\"name\":\"ZMA 90 c\u00e1psulas - Gold Nutrition - Na Lifenatura ao Melhor Pre\u00e7o | Envio em 48h\",\"isPartOf\":{\"@id\":\"https:\\\/\\\/www.lifenatura.com\\\/es\\\/#website\"},\"primaryImageOfPage\":{\"@id\":\"https:\\\/\\\/www.lifenatura.com\\\/es\\\/produto\\\/zma-90-capsulas-gold-nutrition\\\/#primaryimage\"},\"image\":{\"@id\":\"https:\\\/\\\/www.lifenatura.com\\\/es\\\/produto\\\/zma-90-capsulas-gold-nutrition\\\/#primaryimage\"},\"thumbnailUrl\":\"https:\\\/\\\/www.lifenatura.com\\\/wp-content\\\/uploads\\\/2026\\\/03\\\/download-2025-08-25T130749.260.png\",\"datePublished\":\"2021-09-30T10:06:49+00:00\",\"dateModified\":\"2026-05-03T00:07:33+00:00\",\"description\":\"ZMA de Gold Nutrition contiene zinc, magnesio y vitamina B6 que son 3 nutrientes para quienes entrenan intensamente o quienes tienen un estilo de vida estresante deben estar atentos.\",\"breadcrumb\":{\"@id\":\"https:\\\/\\\/www.lifenatura.com\\\/es\\\/produto\\\/zma-90-capsulas-gold-nutrition\\\/#breadcrumb\"},\"inLanguage\":\"es\",\"potentialAction\":[{\"@type\":\"ReadAction\",\"target\":[\"https:\\\/\\\/www.lifenatura.com\\\/es\\\/produto\\\/zma-90-capsulas-gold-nutrition\\\/\"]}]},{\"@type\":\"ImageObject\",\"inLanguage\":\"es\",\"@id\":\"https:\\\/\\\/www.lifenatura.com\\\/es\\\/produto\\\/zma-90-capsulas-gold-nutrition\\\/#primaryimage\",\"url\":\"https:\\\/\\\/www.lifenatura.com\\\/wp-content\\\/uploads\\\/2026\\\/03\\\/download-2025-08-25T130749.260.png\",\"contentUrl\":\"https:\\\/\\\/www.lifenatura.com\\\/wp-content\\\/uploads\\\/2026\\\/03\\\/download-2025-08-25T130749.260.png\",\"width\":830,\"height\":820},{\"@type\":\"BreadcrumbList\",\"@id\":\"https:\\\/\\\/www.lifenatura.com\\\/es\\\/produto\\\/zma-90-capsulas-gold-nutrition\\\/#breadcrumb\",\"itemListElement\":[{\"@type\":\"ListItem\",\"position\":1,\"name\":\"In\u00edcio\",\"item\":\"https:\\\/\\\/www.lifenatura.com\\\/es\\\/\"},{\"@type\":\"ListItem\",\"position\":2,\"name\":\"Todos los Productos\",\"item\":\"https:\\\/\\\/www.lifenatura.com\\\/es\\\/tienda\\\/\"},{\"@type\":\"ListItem\",\"position\":3,\"name\":\"ZMA 90 c\u00e1psulas &#8211; Gold Nutrition\"}]},{\"@type\":\"WebSite\",\"@id\":\"https:\\\/\\\/www.lifenatura.com\\\/es\\\/#website\",\"url\":\"https:\\\/\\\/www.lifenatura.com\\\/es\\\/\",\"name\":\"Lifenatura\",\"description\":\"A Lifenatura \u00e9 uma loja de produtos naturais, cosm\u00e9tica natural e alimenta\u00e7\u00e3o Biol\u00f3gica.\",\"publisher\":{\"@id\":\"https:\\\/\\\/www.lifenatura.com\\\/es\\\/#organization\"},\"potentialAction\":[{\"@type\":\"SearchAction\",\"target\":{\"@type\":\"EntryPoint\",\"urlTemplate\":\"https:\\\/\\\/www.lifenatura.com\\\/es\\\/?s={search_term_string}\"},\"query-input\":{\"@type\":\"PropertyValueSpecification\",\"valueRequired\":true,\"valueName\":\"search_term_string\"}}],\"inLanguage\":\"es\"},{\"@type\":\"Organization\",\"@id\":\"https:\\\/\\\/www.lifenatura.com\\\/es\\\/#organization\",\"name\":\"Lifenatura\",\"url\":\"https:\\\/\\\/www.lifenatura.com\\\/es\\\/\",\"logo\":{\"@type\":\"ImageObject\",\"inLanguage\":\"es\",\"@id\":\"https:\\\/\\\/www.lifenatura.com\\\/es\\\/#\\\/schema\\\/logo\\\/image\\\/\",\"url\":\"https:\\\/\\\/www.lifenatura.com\\\/wp-content\\\/uploads\\\/2021\\\/07\\\/logo.png\",\"contentUrl\":\"https:\\\/\\\/www.lifenatura.com\\\/wp-content\\\/uploads\\\/2021\\\/07\\\/logo.png\",\"width\":175,\"height\":55,\"caption\":\"Lifenatura\"},\"image\":{\"@id\":\"https:\\\/\\\/www.lifenatura.com\\\/es\\\/#\\\/schema\\\/logo\\\/image\\\/\"},\"sameAs\":[\"https:\\\/\\\/www.facebook.com\\\/lifenatura\",\"https:\\\/\\\/www.instagram.com\\\/lifenaturapt\\\/\"],\"hasMerchantReturnPolicy\":{\"@type\":\"MerchantReturnPolicy\",\"merchantReturnLink\":\"https:\\\/\\\/www.lifenatura.com\\\/termos-condicoes-lifenatura\\\/\"}}]}<\/script>\n<meta property=\"product:price:amount\" content=\"19.89\" \/>\n<meta property=\"product:price:currency\" content=\"EUR\" \/>\n<meta property=\"og:availability\" content=\"instock\" \/>\n<meta property=\"product:availability\" content=\"instock\" \/>\n<meta property=\"product:retailer_item_id\" content=\"5601607074835\" \/>\n<meta property=\"product:condition\" content=\"new\" \/>\n<!-- \/ Yoast SEO Premium plugin. -->","yoast_head_json":{"title":"ZMA 90 c\u00e1psulas - Gold Nutrition - Na Lifenatura ao Melhor Pre\u00e7o | Envio em 48h","description":"ZMA de Gold Nutrition contiene zinc, magnesio y vitamina B6 que son 3 nutrientes para quienes entrenan intensamente o quienes tienen un estilo de vida estresante deben estar atentos.","robots":{"index":"index","follow":"follow","max-snippet":"max-snippet:-1","max-image-preview":"max-image-preview:large","max-video-preview":"max-video-preview:-1"},"canonical":"https:\/\/www.lifenatura.com\/es\/produto\/zma-90-capsulas-gold-nutrition\/","og_locale":"es_ES","og_type":"article","og_title":"ZMA 90 c\u00e1psulas - Gold Nutrition - Na Lifenatura ao Melhor Pre\u00e7o | Envio 48h","og_description":"Compre ZMA 90 c\u00e1psulas - Gold Nutrition com envio r\u00e1pido. Entrega em 48h e portes gr\u00e1tis em compras >35\u20ac. Aproveite j\u00e1 na Lifenatura","og_url":"https:\/\/www.lifenatura.com\/es\/produto\/zma-90-capsulas-gold-nutrition\/","og_site_name":"Lifenatura","article_publisher":"https:\/\/www.facebook.com\/lifenatura","article_modified_time":"2026-05-03T00:07:33+00:00","og_image":[{"width":830,"height":820,"url":"https:\/\/www.lifenatura.com\/wp-content\/uploads\/2026\/03\/download-2025-08-25T130749.260.png","type":"image\/png"}],"twitter_card":"summary_large_image","twitter_misc":{"Precio":"19,89&nbsp;&euro;","Disponibilidad":"Disponible"},"schema":{"@context":"https:\/\/schema.org","@graph":[{"@type":"WebPage","@id":"https:\/\/www.lifenatura.com\/es\/produto\/zma-90-capsulas-gold-nutrition\/","url":"https:\/\/www.lifenatura.com\/es\/produto\/zma-90-capsulas-gold-nutrition\/","name":"ZMA 90 c\u00e1psulas - Gold Nutrition - Na Lifenatura ao Melhor Pre\u00e7o | Envio em 48h","isPartOf":{"@id":"https:\/\/www.lifenatura.com\/es\/#website"},"primaryImageOfPage":{"@id":"https:\/\/www.lifenatura.com\/es\/produto\/zma-90-capsulas-gold-nutrition\/#primaryimage"},"image":{"@id":"https:\/\/www.lifenatura.com\/es\/produto\/zma-90-capsulas-gold-nutrition\/#primaryimage"},"thumbnailUrl":"https:\/\/www.lifenatura.com\/wp-content\/uploads\/2026\/03\/download-2025-08-25T130749.260.png","datePublished":"2021-09-30T10:06:49+00:00","dateModified":"2026-05-03T00:07:33+00:00","description":"ZMA de Gold Nutrition contiene zinc, magnesio y vitamina B6 que son 3 nutrientes para quienes entrenan intensamente o quienes tienen un estilo de vida estresante deben estar atentos.","breadcrumb":{"@id":"https:\/\/www.lifenatura.com\/es\/produto\/zma-90-capsulas-gold-nutrition\/#breadcrumb"},"inLanguage":"es","potentialAction":[{"@type":"ReadAction","target":["https:\/\/www.lifenatura.com\/es\/produto\/zma-90-capsulas-gold-nutrition\/"]}]},{"@type":"ImageObject","inLanguage":"es","@id":"https:\/\/www.lifenatura.com\/es\/produto\/zma-90-capsulas-gold-nutrition\/#primaryimage","url":"https:\/\/www.lifenatura.com\/wp-content\/uploads\/2026\/03\/download-2025-08-25T130749.260.png","contentUrl":"https:\/\/www.lifenatura.com\/wp-content\/uploads\/2026\/03\/download-2025-08-25T130749.260.png","width":830,"height":820},{"@type":"BreadcrumbList","@id":"https:\/\/www.lifenatura.com\/es\/produto\/zma-90-capsulas-gold-nutrition\/#breadcrumb","itemListElement":[{"@type":"ListItem","position":1,"name":"In\u00edcio","item":"https:\/\/www.lifenatura.com\/es\/"},{"@type":"ListItem","position":2,"name":"Todos los Productos","item":"https:\/\/www.lifenatura.com\/es\/tienda\/"},{"@type":"ListItem","position":3,"name":"ZMA 90 c\u00e1psulas &#8211; Gold Nutrition"}]},{"@type":"WebSite","@id":"https:\/\/www.lifenatura.com\/es\/#website","url":"https:\/\/www.lifenatura.com\/es\/","name":"Lifenatura","description":"A Lifenatura \u00e9 uma loja de produtos naturais, cosm\u00e9tica natural e alimenta\u00e7\u00e3o Biol\u00f3gica.","publisher":{"@id":"https:\/\/www.lifenatura.com\/es\/#organization"},"potentialAction":[{"@type":"SearchAction","target":{"@type":"EntryPoint","urlTemplate":"https:\/\/www.lifenatura.com\/es\/?s={search_term_string}"},"query-input":{"@type":"PropertyValueSpecification","valueRequired":true,"valueName":"search_term_string"}}],"inLanguage":"es"},{"@type":"Organization","@id":"https:\/\/www.lifenatura.com\/es\/#organization","name":"Lifenatura","url":"https:\/\/www.lifenatura.com\/es\/","logo":{"@type":"ImageObject","inLanguage":"es","@id":"https:\/\/www.lifenatura.com\/es\/#\/schema\/logo\/image\/","url":"https:\/\/www.lifenatura.com\/wp-content\/uploads\/2021\/07\/logo.png","contentUrl":"https:\/\/www.lifenatura.com\/wp-content\/uploads\/2021\/07\/logo.png","width":175,"height":55,"caption":"Lifenatura"},"image":{"@id":"https:\/\/www.lifenatura.com\/es\/#\/schema\/logo\/image\/"},"sameAs":["https:\/\/www.facebook.com\/lifenatura","https:\/\/www.instagram.com\/lifenaturapt\/"],"hasMerchantReturnPolicy":{"@type":"MerchantReturnPolicy","merchantReturnLink":"https:\/\/www.lifenatura.com\/termos-condicoes-lifenatura\/"}}]},"product_price_amount":"19.89","product_price_currency":"EUR","og_availability":"instock","product_availability":"instock","product_retailer_item_id":"5601607074835","product_condition":"new"},"df_price":19.89,"df_sale_price":19.89,"df_regular_price":26.52,"df_image_link":"https:\/\/www.lifenatura.com\/wp-content\/uploads\/2026\/03\/download-2025-08-25T130749.260-300x296.png","_links":{"self":[{"href":"https:\/\/www.lifenatura.com\/es\/wp-json\/wp\/v2\/product\/38463","targetHints":{"allow":["GET"]}}],"collection":[{"href":"https:\/\/www.lifenatura.com\/es\/wp-json\/wp\/v2\/product"}],"about":[{"href":"https:\/\/www.lifenatura.com\/es\/wp-json\/wp\/v2\/types\/product"}],"wp:featuredmedia":[{"embeddable":true,"href":"https:\/\/www.lifenatura.com\/es\/wp-json\/wp\/v2\/media\/130531"}],"wp:attachment":[{"href":"https:\/\/www.lifenatura.com\/es\/wp-json\/wp\/v2\/media?parent=38463"}],"wp:term":[{"taxonomy":"product_brand","embeddable":true,"href":"https:\/\/www.lifenatura.com\/es\/wp-json\/wp\/v2\/product_brand?post=38463"},{"taxonomy":"product_cat","embeddable":true,"href":"https:\/\/www.lifenatura.com\/es\/wp-json\/wp\/v2\/product_cat?post=38463"},{"taxonomy":"product_tag","embeddable":true,"href":"https:\/\/www.lifenatura.com\/es\/wp-json\/wp\/v2\/product_tag?post=38463"}],"curies":[{"name":"wp","href":"https:\/\/api.w.org\/{rel}","templated":true}]}}