{"id":38453,"date":"2021-09-30T10:06:49","date_gmt":"2021-09-30T10:06:49","guid":{"rendered":"https:\/\/lifenatura.dev.agenciagetdigital.com\/produto\/pre-workout-endurance-limon-300-g-gold-nutrition\/"},"modified":"2026-05-03T00:07:33","modified_gmt":"2026-05-03T00:07:33","slug":"pre-workout-endurance-naranja-300-g-gold-nutrition","status":"publish","type":"product","link":"https:\/\/www.lifenatura.com\/es\/produto\/pre-workout-endurance-naranja-300-g-gold-nutrition\/","title":{"rendered":"Pre-Workout Endurance Naranja 300 g &#8211; Gold Nutrition"},"content":{"rendered":"<p>Intensificaci\u00f3n del Entrenamiento Pre-Workout Endurecimiento de Naranja\u00a0es una f\u00f3rmula concentrada especialmente dise\u00f1ada para preparar el organismo para los deportes de resistencia, retrasando la aparici\u00f3n de la fatiga, previniendo la instalaci\u00f3n del dolor, aumentando la resistencia y mejorando significativamente el rendimiento. Contiene BCAA&#8217;s que evitan el catabolismo muscular y favorecen la recuperaci\u00f3n. Contiene adem\u00e1s extracto de sauce blanco, conocido por sus propiedades anti-inflamatorias, analg\u00e9sicas y fluidificantes de la sangre. PRESENTACI\u00d3N 300 g.<\/p>\n","protected":false},"excerpt":{"rendered":"<p>Intensificaci\u00f3n del Entrenamiento Pre-Workout Endurecimiento de Naranja\u00a0es una f\u00f3rmula concentrada especialmente dise\u00f1ada para preparar el organismo para los deportes de resistencia, retrasando la aparici\u00f3n de la fatiga, previniendo la instalaci\u00f3n del dolor, aumentando la resistencia y mejorando significativamente el rendimiento. Contiene BCAA&#8217;s que evitan el catabolismo muscular y favorecen la recuperaci\u00f3n. Contiene adem\u00e1s extracto de [&#8230;]<\/p>\n<p><a class=\"btn btn-secondary understrap-read-more-link\" href=\"https:\/\/www.lifenatura.com\/es\/produto\/pre-workout-endurance-naranja-300-g-gold-nutrition\/\">Leer m\u00e1s&#8230;<span class=\"screen-reader-text\"> from Pre-Workout Endurance Naranja 300 g &#8211; Gold Nutrition<\/span><\/a><\/p>\n","protected":false},"featured_media":130470,"template":"","meta":{"_acf_changed":false},"product_brand":[8482],"product_cat":[7174,7293],"product_tag":[8702],"class_list":{"0":"post-38453","1":"product","2":"type-product","3":"status-publish","4":"has-post-thumbnail","6":"product_brand-gold-nutrition","7":"product_cat-fuerza-y-recuperacion","8":"product_cat-nutricion-deportiva","9":"product_tag-nutricion-oro","11":"first","12":"instock","13":"sale","14":"shipping-taxable","15":"purchasable","16":"product-type-simple","17":"add-to-wishlist-before_image"},"acf":[],"yoast_head":"<!-- This site is optimized with the Yoast SEO Premium plugin v27.1 (Yoast SEO v27.5) - https:\/\/yoast.com\/product\/yoast-seo-premium-wordpress\/ -->\n<title>Pre-Workout Endurance Naranja 300 g - Gold Nutrition<\/title>\n<meta name=\"description\" content=\"Pre-Workout Endurecimiento de Naranja es una f\u00f3rmula concentrada especialmente dise\u00f1ada para preparar el organismo para los deportes de resistencia.\" \/>\n<meta name=\"robots\" content=\"index, follow, max-snippet:-1, max-image-preview:large, max-video-preview:-1\" \/>\n<link rel=\"canonical\" href=\"https:\/\/www.lifenatura.com\/es\/produto\/pre-workout-endurance-naranja-300-g-gold-nutrition\/\" \/>\n<meta property=\"og:locale\" content=\"es_ES\" \/>\n<meta property=\"og:type\" content=\"article\" \/>\n<meta property=\"og:title\" content=\"Pre-Workout Endurance Naranja 300 g - Gold Nutrition - Na Lifenatura ao Melhor Pre\u00e7o | Envio 48h\" \/>\n<meta property=\"og:description\" content=\"Compre Pre-Workout Endurance Naranja 300 g - Gold Nutrition com envio r\u00e1pido. Entrega em 48h e portes gr\u00e1tis em compras &gt;35\u20ac. Aproveite j\u00e1 na Lifenatura\" \/>\n<meta property=\"og:url\" content=\"https:\/\/www.lifenatura.com\/es\/produto\/pre-workout-endurance-naranja-300-g-gold-nutrition\/\" \/>\n<meta property=\"og:site_name\" content=\"Lifenatura\" \/>\n<meta property=\"article:publisher\" content=\"https:\/\/www.facebook.com\/lifenatura\" \/>\n<meta property=\"article:modified_time\" content=\"2026-05-03T00:07:33+00:00\" \/>\n<meta property=\"og:image\" content=\"https:\/\/www.lifenatura.com\/wp-content\/uploads\/2021\/09\/gd_pre_workout_endurance_300g_goldnutrition.jpg\" \/>\n\t<meta property=\"og:image:width\" content=\"1000\" \/>\n\t<meta property=\"og:image:height\" content=\"1000\" \/>\n\t<meta property=\"og:image:type\" content=\"image\/jpeg\" \/>\n<meta name=\"twitter:card\" content=\"summary_large_image\" \/>\n<meta name=\"twitter:label1\" content=\"Precio\" \/>\n\t<meta name=\"twitter:data1\" content=\"19,74&nbsp;&euro;\" \/>\n\t<meta name=\"twitter:label2\" content=\"Disponibilidad\" \/>\n\t<meta name=\"twitter:data2\" content=\"Disponible\" \/>\n<script type=\"application\/ld+json\" class=\"yoast-schema-graph\">{\"@context\":\"https:\\\/\\\/schema.org\",\"@graph\":[{\"@type\":\"WebPage\",\"@id\":\"https:\\\/\\\/www.lifenatura.com\\\/es\\\/produto\\\/pre-workout-endurance-naranja-300-g-gold-nutrition\\\/\",\"url\":\"https:\\\/\\\/www.lifenatura.com\\\/es\\\/produto\\\/pre-workout-endurance-naranja-300-g-gold-nutrition\\\/\",\"name\":\"Pre-Workout Endurance Naranja 300 g - Gold Nutrition\",\"isPartOf\":{\"@id\":\"https:\\\/\\\/www.lifenatura.com\\\/es\\\/#website\"},\"primaryImageOfPage\":{\"@id\":\"https:\\\/\\\/www.lifenatura.com\\\/es\\\/produto\\\/pre-workout-endurance-naranja-300-g-gold-nutrition\\\/#primaryimage\"},\"image\":{\"@id\":\"https:\\\/\\\/www.lifenatura.com\\\/es\\\/produto\\\/pre-workout-endurance-naranja-300-g-gold-nutrition\\\/#primaryimage\"},\"thumbnailUrl\":\"https:\\\/\\\/www.lifenatura.com\\\/wp-content\\\/uploads\\\/2026\\\/03\\\/prod_PWEndurance-1.jpg\",\"datePublished\":\"2021-09-30T10:06:49+00:00\",\"dateModified\":\"2026-05-03T00:07:33+00:00\",\"description\":\"Pre-Workout Endurecimiento de Naranja es una f\u00f3rmula concentrada especialmente dise\u00f1ada para preparar el organismo para los deportes de resistencia.\",\"breadcrumb\":{\"@id\":\"https:\\\/\\\/www.lifenatura.com\\\/es\\\/produto\\\/pre-workout-endurance-naranja-300-g-gold-nutrition\\\/#breadcrumb\"},\"inLanguage\":\"es\",\"potentialAction\":[{\"@type\":\"ReadAction\",\"target\":[\"https:\\\/\\\/www.lifenatura.com\\\/es\\\/produto\\\/pre-workout-endurance-naranja-300-g-gold-nutrition\\\/\"]}]},{\"@type\":\"ImageObject\",\"inLanguage\":\"es\",\"@id\":\"https:\\\/\\\/www.lifenatura.com\\\/es\\\/produto\\\/pre-workout-endurance-naranja-300-g-gold-nutrition\\\/#primaryimage\",\"url\":\"https:\\\/\\\/www.lifenatura.com\\\/wp-content\\\/uploads\\\/2026\\\/03\\\/prod_PWEndurance-1.jpg\",\"contentUrl\":\"https:\\\/\\\/www.lifenatura.com\\\/wp-content\\\/uploads\\\/2026\\\/03\\\/prod_PWEndurance-1.jpg\",\"width\":830,\"height\":820},{\"@type\":\"BreadcrumbList\",\"@id\":\"https:\\\/\\\/www.lifenatura.com\\\/es\\\/produto\\\/pre-workout-endurance-naranja-300-g-gold-nutrition\\\/#breadcrumb\",\"itemListElement\":[{\"@type\":\"ListItem\",\"position\":1,\"name\":\"In\u00edcio\",\"item\":\"https:\\\/\\\/www.lifenatura.com\\\/es\\\/\"},{\"@type\":\"ListItem\",\"position\":2,\"name\":\"Todos los Productos\",\"item\":\"https:\\\/\\\/www.lifenatura.com\\\/es\\\/tienda\\\/\"},{\"@type\":\"ListItem\",\"position\":3,\"name\":\"Pre-Workout Endurance Naranja 300 g &#8211; Gold Nutrition\"}]},{\"@type\":\"WebSite\",\"@id\":\"https:\\\/\\\/www.lifenatura.com\\\/es\\\/#website\",\"url\":\"https:\\\/\\\/www.lifenatura.com\\\/es\\\/\",\"name\":\"Lifenatura\",\"description\":\"A Lifenatura \u00e9 uma loja de produtos naturais, cosm\u00e9tica natural e alimenta\u00e7\u00e3o Biol\u00f3gica.\",\"publisher\":{\"@id\":\"https:\\\/\\\/www.lifenatura.com\\\/es\\\/#organization\"},\"potentialAction\":[{\"@type\":\"SearchAction\",\"target\":{\"@type\":\"EntryPoint\",\"urlTemplate\":\"https:\\\/\\\/www.lifenatura.com\\\/es\\\/?s={search_term_string}\"},\"query-input\":{\"@type\":\"PropertyValueSpecification\",\"valueRequired\":true,\"valueName\":\"search_term_string\"}}],\"inLanguage\":\"es\"},{\"@type\":\"Organization\",\"@id\":\"https:\\\/\\\/www.lifenatura.com\\\/es\\\/#organization\",\"name\":\"Lifenatura\",\"url\":\"https:\\\/\\\/www.lifenatura.com\\\/es\\\/\",\"logo\":{\"@type\":\"ImageObject\",\"inLanguage\":\"es\",\"@id\":\"https:\\\/\\\/www.lifenatura.com\\\/es\\\/#\\\/schema\\\/logo\\\/image\\\/\",\"url\":\"https:\\\/\\\/www.lifenatura.com\\\/wp-content\\\/uploads\\\/2021\\\/07\\\/logo.png\",\"contentUrl\":\"https:\\\/\\\/www.lifenatura.com\\\/wp-content\\\/uploads\\\/2021\\\/07\\\/logo.png\",\"width\":175,\"height\":55,\"caption\":\"Lifenatura\"},\"image\":{\"@id\":\"https:\\\/\\\/www.lifenatura.com\\\/es\\\/#\\\/schema\\\/logo\\\/image\\\/\"},\"sameAs\":[\"https:\\\/\\\/www.facebook.com\\\/lifenatura\",\"https:\\\/\\\/www.instagram.com\\\/lifenaturapt\\\/\"],\"hasMerchantReturnPolicy\":{\"@type\":\"MerchantReturnPolicy\",\"merchantReturnLink\":\"https:\\\/\\\/www.lifenatura.com\\\/termos-condicoes-lifenatura\\\/\"}}]}<\/script>\n<meta property=\"product:price:amount\" content=\"19.74\" \/>\n<meta property=\"product:price:currency\" content=\"EUR\" \/>\n<meta property=\"og:availability\" content=\"instock\" \/>\n<meta property=\"product:availability\" content=\"instock\" \/>\n<meta property=\"product:retailer_item_id\" content=\"5601607075788\" \/>\n<meta property=\"product:condition\" content=\"new\" \/>\n<!-- \/ Yoast SEO Premium plugin. -->","yoast_head_json":{"title":"Pre-Workout Endurance Naranja 300 g - Gold Nutrition","description":"Pre-Workout Endurecimiento de Naranja es una f\u00f3rmula concentrada especialmente dise\u00f1ada para preparar el organismo para los deportes de resistencia.","robots":{"index":"index","follow":"follow","max-snippet":"max-snippet:-1","max-image-preview":"max-image-preview:large","max-video-preview":"max-video-preview:-1"},"canonical":"https:\/\/www.lifenatura.com\/es\/produto\/pre-workout-endurance-naranja-300-g-gold-nutrition\/","og_locale":"es_ES","og_type":"article","og_title":"Pre-Workout Endurance Naranja 300 g - Gold Nutrition - Na Lifenatura ao Melhor Pre\u00e7o | Envio 48h","og_description":"Compre Pre-Workout Endurance Naranja 300 g - Gold Nutrition com envio r\u00e1pido. Entrega em 48h e portes gr\u00e1tis em compras >35\u20ac. Aproveite j\u00e1 na Lifenatura","og_url":"https:\/\/www.lifenatura.com\/es\/produto\/pre-workout-endurance-naranja-300-g-gold-nutrition\/","og_site_name":"Lifenatura","article_publisher":"https:\/\/www.facebook.com\/lifenatura","article_modified_time":"2026-05-03T00:07:33+00:00","og_image":[{"width":1000,"height":1000,"url":"https:\/\/www.lifenatura.com\/wp-content\/uploads\/2021\/09\/gd_pre_workout_endurance_300g_goldnutrition.jpg","type":"image\/jpeg"}],"twitter_card":"summary_large_image","twitter_misc":{"Precio":"19,74&nbsp;&euro;","Disponibilidad":"Disponible"},"schema":{"@context":"https:\/\/schema.org","@graph":[{"@type":"WebPage","@id":"https:\/\/www.lifenatura.com\/es\/produto\/pre-workout-endurance-naranja-300-g-gold-nutrition\/","url":"https:\/\/www.lifenatura.com\/es\/produto\/pre-workout-endurance-naranja-300-g-gold-nutrition\/","name":"Pre-Workout Endurance Naranja 300 g - Gold Nutrition","isPartOf":{"@id":"https:\/\/www.lifenatura.com\/es\/#website"},"primaryImageOfPage":{"@id":"https:\/\/www.lifenatura.com\/es\/produto\/pre-workout-endurance-naranja-300-g-gold-nutrition\/#primaryimage"},"image":{"@id":"https:\/\/www.lifenatura.com\/es\/produto\/pre-workout-endurance-naranja-300-g-gold-nutrition\/#primaryimage"},"thumbnailUrl":"https:\/\/www.lifenatura.com\/wp-content\/uploads\/2026\/03\/prod_PWEndurance-1.jpg","datePublished":"2021-09-30T10:06:49+00:00","dateModified":"2026-05-03T00:07:33+00:00","description":"Pre-Workout Endurecimiento de Naranja es una f\u00f3rmula concentrada especialmente dise\u00f1ada para preparar el organismo para los deportes de resistencia.","breadcrumb":{"@id":"https:\/\/www.lifenatura.com\/es\/produto\/pre-workout-endurance-naranja-300-g-gold-nutrition\/#breadcrumb"},"inLanguage":"es","potentialAction":[{"@type":"ReadAction","target":["https:\/\/www.lifenatura.com\/es\/produto\/pre-workout-endurance-naranja-300-g-gold-nutrition\/"]}]},{"@type":"ImageObject","inLanguage":"es","@id":"https:\/\/www.lifenatura.com\/es\/produto\/pre-workout-endurance-naranja-300-g-gold-nutrition\/#primaryimage","url":"https:\/\/www.lifenatura.com\/wp-content\/uploads\/2026\/03\/prod_PWEndurance-1.jpg","contentUrl":"https:\/\/www.lifenatura.com\/wp-content\/uploads\/2026\/03\/prod_PWEndurance-1.jpg","width":830,"height":820},{"@type":"BreadcrumbList","@id":"https:\/\/www.lifenatura.com\/es\/produto\/pre-workout-endurance-naranja-300-g-gold-nutrition\/#breadcrumb","itemListElement":[{"@type":"ListItem","position":1,"name":"In\u00edcio","item":"https:\/\/www.lifenatura.com\/es\/"},{"@type":"ListItem","position":2,"name":"Todos los Productos","item":"https:\/\/www.lifenatura.com\/es\/tienda\/"},{"@type":"ListItem","position":3,"name":"Pre-Workout Endurance Naranja 300 g &#8211; Gold Nutrition"}]},{"@type":"WebSite","@id":"https:\/\/www.lifenatura.com\/es\/#website","url":"https:\/\/www.lifenatura.com\/es\/","name":"Lifenatura","description":"A Lifenatura \u00e9 uma loja de produtos naturais, cosm\u00e9tica natural e alimenta\u00e7\u00e3o Biol\u00f3gica.","publisher":{"@id":"https:\/\/www.lifenatura.com\/es\/#organization"},"potentialAction":[{"@type":"SearchAction","target":{"@type":"EntryPoint","urlTemplate":"https:\/\/www.lifenatura.com\/es\/?s={search_term_string}"},"query-input":{"@type":"PropertyValueSpecification","valueRequired":true,"valueName":"search_term_string"}}],"inLanguage":"es"},{"@type":"Organization","@id":"https:\/\/www.lifenatura.com\/es\/#organization","name":"Lifenatura","url":"https:\/\/www.lifenatura.com\/es\/","logo":{"@type":"ImageObject","inLanguage":"es","@id":"https:\/\/www.lifenatura.com\/es\/#\/schema\/logo\/image\/","url":"https:\/\/www.lifenatura.com\/wp-content\/uploads\/2021\/07\/logo.png","contentUrl":"https:\/\/www.lifenatura.com\/wp-content\/uploads\/2021\/07\/logo.png","width":175,"height":55,"caption":"Lifenatura"},"image":{"@id":"https:\/\/www.lifenatura.com\/es\/#\/schema\/logo\/image\/"},"sameAs":["https:\/\/www.facebook.com\/lifenatura","https:\/\/www.instagram.com\/lifenaturapt\/"],"hasMerchantReturnPolicy":{"@type":"MerchantReturnPolicy","merchantReturnLink":"https:\/\/www.lifenatura.com\/termos-condicoes-lifenatura\/"}}]},"product_price_amount":"19.74","product_price_currency":"EUR","og_availability":"instock","product_availability":"instock","product_retailer_item_id":"5601607075788","product_condition":"new"},"df_price":19.74,"df_sale_price":19.74,"df_regular_price":26.32,"df_image_link":"https:\/\/www.lifenatura.com\/wp-content\/uploads\/2026\/03\/prod_PWEndurance-1-300x296.jpg","_links":{"self":[{"href":"https:\/\/www.lifenatura.com\/es\/wp-json\/wp\/v2\/product\/38453","targetHints":{"allow":["GET"]}}],"collection":[{"href":"https:\/\/www.lifenatura.com\/es\/wp-json\/wp\/v2\/product"}],"about":[{"href":"https:\/\/www.lifenatura.com\/es\/wp-json\/wp\/v2\/types\/product"}],"wp:featuredmedia":[{"embeddable":true,"href":"https:\/\/www.lifenatura.com\/es\/wp-json\/wp\/v2\/media\/130470"}],"wp:attachment":[{"href":"https:\/\/www.lifenatura.com\/es\/wp-json\/wp\/v2\/media?parent=38453"}],"wp:term":[{"taxonomy":"product_brand","embeddable":true,"href":"https:\/\/www.lifenatura.com\/es\/wp-json\/wp\/v2\/product_brand?post=38453"},{"taxonomy":"product_cat","embeddable":true,"href":"https:\/\/www.lifenatura.com\/es\/wp-json\/wp\/v2\/product_cat?post=38453"},{"taxonomy":"product_tag","embeddable":true,"href":"https:\/\/www.lifenatura.com\/es\/wp-json\/wp\/v2\/product_tag?post=38453"}],"curies":[{"name":"wp","href":"https:\/\/api.w.org\/{rel}","templated":true}]}}