{"id":38440,"date":"2021-09-30T10:06:28","date_gmt":"2021-09-30T10:06:28","guid":{"rendered":"https:\/\/lifenatura.dev.agenciagetdigital.com\/produto\/v-protein-avellana-240-g-gold-nutrition\/"},"modified":"2026-05-03T00:07:30","modified_gmt":"2026-05-03T00:07:30","slug":"v-protein-avellana-240-g-gold-nutrition","status":"publish","type":"product","link":"https:\/\/www.lifenatura.com\/es\/produto\/v-protein-avellana-240-g-gold-nutrition\/","title":{"rendered":"V-Protein Avellana 240 g &#8211; Gold Nutrition"},"content":{"rendered":"<p>Batido de Prote\u00edna Avel\u00e3 V-Protein Avel\u00e3 \u00e9 um batido \u00e0 base de prote\u00edna vegetal mas com sabor delicioso apenas com ado\u00e7antes naturais. V-Protein pode ser utilizado como complemento ou substituto do consumo de prote\u00edna. Esta f\u00f3rmula combina prote\u00edna de ervilha com prote\u00edna de arroz integral. Para tornar esta f\u00f3rmula ainda melhor junt\u00e1mos uma mistura (de vegetais, frutas e plantas) patenteada, chamada Spectra\u00ae, com v\u00e1rios benef\u00edcios para o organismo. APRESENTA\u00c7\u00c3O 240 g.<\/p>\n","protected":false},"excerpt":{"rendered":"<p>Batido de Prote\u00edna Avel\u00e3 V-Protein Avel\u00e3 \u00e9 um batido \u00e0 base de prote\u00edna vegetal mas com sabor delicioso apenas com ado\u00e7antes naturais. V-Protein pode ser utilizado como complemento ou substituto do consumo de prote\u00edna. Esta f\u00f3rmula combina prote\u00edna de ervilha com prote\u00edna de arroz integral. Para tornar esta f\u00f3rmula ainda melhor junt\u00e1mos uma mistura (de [&#8230;]<\/p>\n<p><a class=\"btn btn-secondary understrap-read-more-link\" href=\"https:\/\/www.lifenatura.com\/es\/produto\/v-protein-avellana-240-g-gold-nutrition\/\">Leer m\u00e1s&#8230;<span class=\"screen-reader-text\"> from V-Protein Avellana 240 g &#8211; Gold Nutrition<\/span><\/a><\/p>\n","protected":false},"featured_media":130517,"template":"","meta":{"_acf_changed":false},"product_brand":[8482],"product_cat":[7064,7074,7096],"product_tag":[8702],"class_list":{"0":"post-38440","1":"product","2":"type-product","3":"status-publish","4":"has-post-thumbnail","6":"product_brand-gold-nutrition","7":"product_cat-alimentacion-sana","8":"product_cat-productos-alimenticios","9":"product_cat-proteina-vegetal-bio","10":"product_tag-nutricion-oro","12":"first","13":"instock","14":"sale","15":"shipping-taxable","16":"purchasable","17":"product-type-simple","18":"add-to-wishlist-before_image"},"acf":[],"yoast_head":"<!-- This site is optimized with the Yoast SEO Premium plugin v27.1 (Yoast SEO v27.5) - https:\/\/yoast.com\/product\/yoast-seo-premium-wordpress\/ -->\n<title>V-Protein Avellana 240 g - Gold Nutrition - Na Lifenatura ao Melhor Pre\u00e7o | Envio em 48h<\/title>\n<meta name=\"description\" content=\"V-Protein Avellana esta f\u00f3rmula combina prote\u00edna de guisante con prote\u00edna de arroz integral.\" \/>\n<meta name=\"robots\" content=\"index, follow, max-snippet:-1, max-image-preview:large, max-video-preview:-1\" \/>\n<link rel=\"canonical\" href=\"https:\/\/www.lifenatura.com\/es\/produto\/v-protein-avellana-240-g-gold-nutrition\/\" \/>\n<meta property=\"og:locale\" content=\"es_ES\" \/>\n<meta property=\"og:type\" content=\"article\" \/>\n<meta property=\"og:title\" content=\"V-Protein Avellana 240 g - Gold Nutrition - Na Lifenatura ao Melhor Pre\u00e7o | Envio 48h\" \/>\n<meta property=\"og:description\" content=\"Compre V-Protein Avellana 240 g - Gold Nutrition com envio r\u00e1pido. Entrega em 48h e portes gr\u00e1tis em compras &gt;35\u20ac. Aproveite j\u00e1 na Lifenatura\" \/>\n<meta property=\"og:url\" content=\"https:\/\/www.lifenatura.com\/es\/produto\/v-protein-avellana-240-g-gold-nutrition\/\" \/>\n<meta property=\"og:site_name\" content=\"Lifenatura\" \/>\n<meta property=\"article:publisher\" content=\"https:\/\/www.facebook.com\/lifenatura\" \/>\n<meta property=\"article:modified_time\" content=\"2026-05-03T00:07:30+00:00\" \/>\n<meta property=\"og:image\" content=\"https:\/\/www.lifenatura.com\/wp-content\/uploads\/2026\/03\/download-2025-08-14T153207.421.jpg\" \/>\n\t<meta property=\"og:image:width\" content=\"830\" \/>\n\t<meta property=\"og:image:height\" content=\"820\" \/>\n\t<meta property=\"og:image:type\" content=\"image\/jpeg\" \/>\n<meta name=\"twitter:card\" content=\"summary_large_image\" \/>\n<meta name=\"twitter:label1\" content=\"Precio\" \/>\n\t<meta name=\"twitter:data1\" content=\"14,27&nbsp;&euro;\" \/>\n\t<meta name=\"twitter:label2\" content=\"Disponibilidad\" \/>\n\t<meta name=\"twitter:data2\" content=\"Disponible\" \/>\n<script type=\"application\/ld+json\" class=\"yoast-schema-graph\">{\"@context\":\"https:\\\/\\\/schema.org\",\"@graph\":[{\"@type\":\"WebPage\",\"@id\":\"https:\\\/\\\/www.lifenatura.com\\\/es\\\/produto\\\/v-protein-avellana-240-g-gold-nutrition\\\/\",\"url\":\"https:\\\/\\\/www.lifenatura.com\\\/es\\\/produto\\\/v-protein-avellana-240-g-gold-nutrition\\\/\",\"name\":\"V-Protein Avellana 240 g - Gold Nutrition - Na Lifenatura ao Melhor Pre\u00e7o | Envio em 48h\",\"isPartOf\":{\"@id\":\"https:\\\/\\\/www.lifenatura.com\\\/es\\\/#website\"},\"primaryImageOfPage\":{\"@id\":\"https:\\\/\\\/www.lifenatura.com\\\/es\\\/produto\\\/v-protein-avellana-240-g-gold-nutrition\\\/#primaryimage\"},\"image\":{\"@id\":\"https:\\\/\\\/www.lifenatura.com\\\/es\\\/produto\\\/v-protein-avellana-240-g-gold-nutrition\\\/#primaryimage\"},\"thumbnailUrl\":\"https:\\\/\\\/www.lifenatura.com\\\/wp-content\\\/uploads\\\/2026\\\/03\\\/download-2025-08-14T153207.421.jpg\",\"datePublished\":\"2021-09-30T10:06:28+00:00\",\"dateModified\":\"2026-05-03T00:07:30+00:00\",\"description\":\"V-Protein Avellana esta f\u00f3rmula combina prote\u00edna de guisante con prote\u00edna de arroz integral.\",\"breadcrumb\":{\"@id\":\"https:\\\/\\\/www.lifenatura.com\\\/es\\\/produto\\\/v-protein-avellana-240-g-gold-nutrition\\\/#breadcrumb\"},\"inLanguage\":\"es\",\"potentialAction\":[{\"@type\":\"ReadAction\",\"target\":[\"https:\\\/\\\/www.lifenatura.com\\\/es\\\/produto\\\/v-protein-avellana-240-g-gold-nutrition\\\/\"]}]},{\"@type\":\"ImageObject\",\"inLanguage\":\"es\",\"@id\":\"https:\\\/\\\/www.lifenatura.com\\\/es\\\/produto\\\/v-protein-avellana-240-g-gold-nutrition\\\/#primaryimage\",\"url\":\"https:\\\/\\\/www.lifenatura.com\\\/wp-content\\\/uploads\\\/2026\\\/03\\\/download-2025-08-14T153207.421.jpg\",\"contentUrl\":\"https:\\\/\\\/www.lifenatura.com\\\/wp-content\\\/uploads\\\/2026\\\/03\\\/download-2025-08-14T153207.421.jpg\",\"width\":830,\"height\":820},{\"@type\":\"BreadcrumbList\",\"@id\":\"https:\\\/\\\/www.lifenatura.com\\\/es\\\/produto\\\/v-protein-avellana-240-g-gold-nutrition\\\/#breadcrumb\",\"itemListElement\":[{\"@type\":\"ListItem\",\"position\":1,\"name\":\"In\u00edcio\",\"item\":\"https:\\\/\\\/www.lifenatura.com\\\/es\\\/\"},{\"@type\":\"ListItem\",\"position\":2,\"name\":\"Todos los Productos\",\"item\":\"https:\\\/\\\/www.lifenatura.com\\\/es\\\/tienda\\\/\"},{\"@type\":\"ListItem\",\"position\":3,\"name\":\"V-Protein Avellana 240 g &#8211; Gold Nutrition\"}]},{\"@type\":\"WebSite\",\"@id\":\"https:\\\/\\\/www.lifenatura.com\\\/es\\\/#website\",\"url\":\"https:\\\/\\\/www.lifenatura.com\\\/es\\\/\",\"name\":\"Lifenatura\",\"description\":\"A Lifenatura \u00e9 uma loja de produtos naturais, cosm\u00e9tica natural e alimenta\u00e7\u00e3o Biol\u00f3gica.\",\"publisher\":{\"@id\":\"https:\\\/\\\/www.lifenatura.com\\\/es\\\/#organization\"},\"potentialAction\":[{\"@type\":\"SearchAction\",\"target\":{\"@type\":\"EntryPoint\",\"urlTemplate\":\"https:\\\/\\\/www.lifenatura.com\\\/es\\\/?s={search_term_string}\"},\"query-input\":{\"@type\":\"PropertyValueSpecification\",\"valueRequired\":true,\"valueName\":\"search_term_string\"}}],\"inLanguage\":\"es\"},{\"@type\":\"Organization\",\"@id\":\"https:\\\/\\\/www.lifenatura.com\\\/es\\\/#organization\",\"name\":\"Lifenatura\",\"url\":\"https:\\\/\\\/www.lifenatura.com\\\/es\\\/\",\"logo\":{\"@type\":\"ImageObject\",\"inLanguage\":\"es\",\"@id\":\"https:\\\/\\\/www.lifenatura.com\\\/es\\\/#\\\/schema\\\/logo\\\/image\\\/\",\"url\":\"https:\\\/\\\/www.lifenatura.com\\\/wp-content\\\/uploads\\\/2021\\\/07\\\/logo.png\",\"contentUrl\":\"https:\\\/\\\/www.lifenatura.com\\\/wp-content\\\/uploads\\\/2021\\\/07\\\/logo.png\",\"width\":175,\"height\":55,\"caption\":\"Lifenatura\"},\"image\":{\"@id\":\"https:\\\/\\\/www.lifenatura.com\\\/es\\\/#\\\/schema\\\/logo\\\/image\\\/\"},\"sameAs\":[\"https:\\\/\\\/www.facebook.com\\\/lifenatura\",\"https:\\\/\\\/www.instagram.com\\\/lifenaturapt\\\/\"],\"hasMerchantReturnPolicy\":{\"@type\":\"MerchantReturnPolicy\",\"merchantReturnLink\":\"https:\\\/\\\/www.lifenatura.com\\\/termos-condicoes-lifenatura\\\/\"}}]}<\/script>\n<meta property=\"product:price:amount\" content=\"14.27\" \/>\n<meta property=\"product:price:currency\" content=\"EUR\" \/>\n<meta property=\"og:availability\" content=\"instock\" \/>\n<meta property=\"product:availability\" content=\"instock\" \/>\n<meta property=\"product:retailer_item_id\" content=\"5601607074170\" \/>\n<meta property=\"product:condition\" content=\"new\" \/>\n<!-- \/ Yoast SEO Premium plugin. -->","yoast_head_json":{"title":"V-Protein Avellana 240 g - Gold Nutrition - Na Lifenatura ao Melhor Pre\u00e7o | Envio em 48h","description":"V-Protein Avellana esta f\u00f3rmula combina prote\u00edna de guisante con prote\u00edna de arroz integral.","robots":{"index":"index","follow":"follow","max-snippet":"max-snippet:-1","max-image-preview":"max-image-preview:large","max-video-preview":"max-video-preview:-1"},"canonical":"https:\/\/www.lifenatura.com\/es\/produto\/v-protein-avellana-240-g-gold-nutrition\/","og_locale":"es_ES","og_type":"article","og_title":"V-Protein Avellana 240 g - Gold Nutrition - Na Lifenatura ao Melhor Pre\u00e7o | Envio 48h","og_description":"Compre V-Protein Avellana 240 g - Gold Nutrition com envio r\u00e1pido. Entrega em 48h e portes gr\u00e1tis em compras >35\u20ac. Aproveite j\u00e1 na Lifenatura","og_url":"https:\/\/www.lifenatura.com\/es\/produto\/v-protein-avellana-240-g-gold-nutrition\/","og_site_name":"Lifenatura","article_publisher":"https:\/\/www.facebook.com\/lifenatura","article_modified_time":"2026-05-03T00:07:30+00:00","og_image":[{"width":830,"height":820,"url":"https:\/\/www.lifenatura.com\/wp-content\/uploads\/2026\/03\/download-2025-08-14T153207.421.jpg","type":"image\/jpeg"}],"twitter_card":"summary_large_image","twitter_misc":{"Precio":"14,27&nbsp;&euro;","Disponibilidad":"Disponible"},"schema":{"@context":"https:\/\/schema.org","@graph":[{"@type":"WebPage","@id":"https:\/\/www.lifenatura.com\/es\/produto\/v-protein-avellana-240-g-gold-nutrition\/","url":"https:\/\/www.lifenatura.com\/es\/produto\/v-protein-avellana-240-g-gold-nutrition\/","name":"V-Protein Avellana 240 g - Gold Nutrition - Na Lifenatura ao Melhor Pre\u00e7o | Envio em 48h","isPartOf":{"@id":"https:\/\/www.lifenatura.com\/es\/#website"},"primaryImageOfPage":{"@id":"https:\/\/www.lifenatura.com\/es\/produto\/v-protein-avellana-240-g-gold-nutrition\/#primaryimage"},"image":{"@id":"https:\/\/www.lifenatura.com\/es\/produto\/v-protein-avellana-240-g-gold-nutrition\/#primaryimage"},"thumbnailUrl":"https:\/\/www.lifenatura.com\/wp-content\/uploads\/2026\/03\/download-2025-08-14T153207.421.jpg","datePublished":"2021-09-30T10:06:28+00:00","dateModified":"2026-05-03T00:07:30+00:00","description":"V-Protein Avellana esta f\u00f3rmula combina prote\u00edna de guisante con prote\u00edna de arroz integral.","breadcrumb":{"@id":"https:\/\/www.lifenatura.com\/es\/produto\/v-protein-avellana-240-g-gold-nutrition\/#breadcrumb"},"inLanguage":"es","potentialAction":[{"@type":"ReadAction","target":["https:\/\/www.lifenatura.com\/es\/produto\/v-protein-avellana-240-g-gold-nutrition\/"]}]},{"@type":"ImageObject","inLanguage":"es","@id":"https:\/\/www.lifenatura.com\/es\/produto\/v-protein-avellana-240-g-gold-nutrition\/#primaryimage","url":"https:\/\/www.lifenatura.com\/wp-content\/uploads\/2026\/03\/download-2025-08-14T153207.421.jpg","contentUrl":"https:\/\/www.lifenatura.com\/wp-content\/uploads\/2026\/03\/download-2025-08-14T153207.421.jpg","width":830,"height":820},{"@type":"BreadcrumbList","@id":"https:\/\/www.lifenatura.com\/es\/produto\/v-protein-avellana-240-g-gold-nutrition\/#breadcrumb","itemListElement":[{"@type":"ListItem","position":1,"name":"In\u00edcio","item":"https:\/\/www.lifenatura.com\/es\/"},{"@type":"ListItem","position":2,"name":"Todos los Productos","item":"https:\/\/www.lifenatura.com\/es\/tienda\/"},{"@type":"ListItem","position":3,"name":"V-Protein Avellana 240 g &#8211; Gold Nutrition"}]},{"@type":"WebSite","@id":"https:\/\/www.lifenatura.com\/es\/#website","url":"https:\/\/www.lifenatura.com\/es\/","name":"Lifenatura","description":"A Lifenatura \u00e9 uma loja de produtos naturais, cosm\u00e9tica natural e alimenta\u00e7\u00e3o Biol\u00f3gica.","publisher":{"@id":"https:\/\/www.lifenatura.com\/es\/#organization"},"potentialAction":[{"@type":"SearchAction","target":{"@type":"EntryPoint","urlTemplate":"https:\/\/www.lifenatura.com\/es\/?s={search_term_string}"},"query-input":{"@type":"PropertyValueSpecification","valueRequired":true,"valueName":"search_term_string"}}],"inLanguage":"es"},{"@type":"Organization","@id":"https:\/\/www.lifenatura.com\/es\/#organization","name":"Lifenatura","url":"https:\/\/www.lifenatura.com\/es\/","logo":{"@type":"ImageObject","inLanguage":"es","@id":"https:\/\/www.lifenatura.com\/es\/#\/schema\/logo\/image\/","url":"https:\/\/www.lifenatura.com\/wp-content\/uploads\/2021\/07\/logo.png","contentUrl":"https:\/\/www.lifenatura.com\/wp-content\/uploads\/2021\/07\/logo.png","width":175,"height":55,"caption":"Lifenatura"},"image":{"@id":"https:\/\/www.lifenatura.com\/es\/#\/schema\/logo\/image\/"},"sameAs":["https:\/\/www.facebook.com\/lifenatura","https:\/\/www.instagram.com\/lifenaturapt\/"],"hasMerchantReturnPolicy":{"@type":"MerchantReturnPolicy","merchantReturnLink":"https:\/\/www.lifenatura.com\/termos-condicoes-lifenatura\/"}}]},"product_price_amount":"14.27","product_price_currency":"EUR","og_availability":"instock","product_availability":"instock","product_retailer_item_id":"5601607074170","product_condition":"new"},"df_price":14.27,"df_sale_price":14.27,"df_regular_price":19.02,"df_image_link":"https:\/\/www.lifenatura.com\/wp-content\/uploads\/2026\/03\/download-2025-08-14T153207.421-300x296.jpg","_links":{"self":[{"href":"https:\/\/www.lifenatura.com\/es\/wp-json\/wp\/v2\/product\/38440","targetHints":{"allow":["GET"]}}],"collection":[{"href":"https:\/\/www.lifenatura.com\/es\/wp-json\/wp\/v2\/product"}],"about":[{"href":"https:\/\/www.lifenatura.com\/es\/wp-json\/wp\/v2\/types\/product"}],"wp:featuredmedia":[{"embeddable":true,"href":"https:\/\/www.lifenatura.com\/es\/wp-json\/wp\/v2\/media\/130517"}],"wp:attachment":[{"href":"https:\/\/www.lifenatura.com\/es\/wp-json\/wp\/v2\/media?parent=38440"}],"wp:term":[{"taxonomy":"product_brand","embeddable":true,"href":"https:\/\/www.lifenatura.com\/es\/wp-json\/wp\/v2\/product_brand?post=38440"},{"taxonomy":"product_cat","embeddable":true,"href":"https:\/\/www.lifenatura.com\/es\/wp-json\/wp\/v2\/product_cat?post=38440"},{"taxonomy":"product_tag","embeddable":true,"href":"https:\/\/www.lifenatura.com\/es\/wp-json\/wp\/v2\/product_tag?post=38440"}],"curies":[{"name":"wp","href":"https:\/\/api.w.org\/{rel}","templated":true}]}}