{"id":38415,"date":"2021-09-30T10:06:07","date_gmt":"2021-09-30T10:06:07","guid":{"rendered":"https:\/\/lifenatura.dev.agenciagetdigital.com\/produto\/l-carnitina-3000-mg-20-ampolas-sandia-gold-nutrition\/"},"modified":"2026-05-03T00:07:28","modified_gmt":"2026-05-03T00:07:28","slug":"l-carnitina-3000-mg-20-ampolas-sandia-gold-nutrition","status":"publish","type":"product","link":"https:\/\/www.lifenatura.com\/es\/produto\/l-carnitina-3000-mg-20-ampolas-sandia-gold-nutrition\/","title":{"rendered":"L-Carnitina 3000 mg 20 ampolas Sand\u00eda &#8211; Gold Nutrition"},"content":{"rendered":"<p>La L-Carnitina con sabor a la sand\u00eda L-Carnitina con sabor a la sand\u00eda es un suplemento nutricional, de acci\u00f3n y absorci\u00f3n ultra r\u00e1pida, con L-Carnitina base, la forma m\u00e1s concentrada de L-Carnitina, conteniendo como m\u00ednimo el 97% de L-Carnitina en la forma pura. L-Carnitina es una sustancia que desempe\u00f1a un papel importante en el metabolismo de la grasa, transportando los \u00e1cidos grasos de cadena larga, a la mitocondria (lugar de producci\u00f3n de la energ\u00eda en las c\u00e9lulas), contribuyendo as\u00ed a la combusti\u00f3n de la grasa. El metabolismo de las grasas en las c\u00e9lulas musculares, puede ser mejorado con la ayuda adecuada de Carnitina. De esta forma, la energ\u00eda producida por el m\u00fasculo es tambi\u00e9n aumentada. PRESENTACI\u00d3N 20 Ampollas.<\/p>\n","protected":false},"excerpt":{"rendered":"<p>La L-Carnitina con sabor a la sand\u00eda L-Carnitina con sabor a la sand\u00eda es un suplemento nutricional, de acci\u00f3n y absorci\u00f3n ultra r\u00e1pida, con L-Carnitina base, la forma m\u00e1s concentrada de L-Carnitina, conteniendo como m\u00ednimo el 97% de L-Carnitina en la forma pura. L-Carnitina es una sustancia que desempe\u00f1a un papel importante en el metabolismo [&#8230;]<\/p>\n<p><a class=\"btn btn-secondary understrap-read-more-link\" href=\"https:\/\/www.lifenatura.com\/es\/produto\/l-carnitina-3000-mg-20-ampolas-sandia-gold-nutrition\/\">Leer m\u00e1s&#8230;<span class=\"screen-reader-text\"> from L-Carnitina 3000 mg 20 ampolas Sand\u00eda &#8211; Gold Nutrition<\/span><\/a><\/p>\n","protected":false},"featured_media":130444,"template":"","meta":{"_acf_changed":false},"product_brand":[8482],"product_cat":[7659,7728,7293,7178],"product_tag":[8702],"class_list":{"0":"post-38415","1":"product","2":"type-product","3":"status-publish","4":"has-post-thumbnail","6":"product_brand-gold-nutrition","7":"product_cat-ingrediente-natural-bio","8":"product_cat-l-carnitina-es","9":"product_cat-nutricion-deportiva","10":"product_cat-termogenico-nutricion","11":"product_tag-nutricion-oro","13":"first","14":"instock","15":"sale","16":"shipping-taxable","17":"purchasable","18":"product-type-simple","19":"add-to-wishlist-before_image"},"acf":[],"yoast_head":"<!-- This site is optimized with the Yoast SEO Premium plugin v27.1 (Yoast SEO v27.5) - https:\/\/yoast.com\/product\/yoast-seo-premium-wordpress\/ -->\n<title>L-Carnitina 3000 mg 20 ampolas Sand\u00eda - Gold Nutrition<\/title>\n<meta name=\"description\" content=\"L-Carnitina con sabor a la sand\u00eda desempe\u00f1a un papel importante en el metabolismo de la grasa, transportando los \u00e1cidos grasos de cadena larga, a la mitocondria contribuyendo as\u00ed a la combusti\u00f3n de la grasa.\" \/>\n<meta name=\"robots\" content=\"index, follow, max-snippet:-1, max-image-preview:large, max-video-preview:-1\" \/>\n<link rel=\"canonical\" href=\"https:\/\/www.lifenatura.com\/es\/produto\/l-carnitina-3000-mg-20-ampolas-sandia-gold-nutrition\/\" \/>\n<meta property=\"og:locale\" content=\"es_ES\" \/>\n<meta property=\"og:type\" content=\"article\" \/>\n<meta property=\"og:title\" content=\"L-Carnitina 3000 mg 20 ampolas Sand\u00eda - Gold Nutrition - Na Lifenatura ao Melhor Pre\u00e7o | Envio 48h\" \/>\n<meta property=\"og:description\" content=\"Compre L-Carnitina 3000 mg 20 ampolas Sand\u00eda - Gold Nutrition com envio r\u00e1pido. Entrega em 48h e portes gr\u00e1tis em compras &gt;35\u20ac. Aproveite j\u00e1 na Lifenatura\" \/>\n<meta property=\"og:url\" content=\"https:\/\/www.lifenatura.com\/es\/produto\/l-carnitina-3000-mg-20-ampolas-sandia-gold-nutrition\/\" \/>\n<meta property=\"og:site_name\" content=\"Lifenatura\" \/>\n<meta property=\"article:publisher\" content=\"https:\/\/www.facebook.com\/lifenatura\" \/>\n<meta property=\"article:modified_time\" content=\"2026-05-03T00:07:28+00:00\" \/>\n<meta property=\"og:image\" content=\"https:\/\/www.lifenatura.com\/wp-content\/uploads\/2021\/09\/gd_l-carnitina-3000-mg-20-ampolas-melancia-gold-nutrition.jpg\" \/>\n\t<meta property=\"og:image:width\" content=\"1000\" \/>\n\t<meta property=\"og:image:height\" content=\"1000\" \/>\n\t<meta property=\"og:image:type\" content=\"image\/jpeg\" \/>\n<meta name=\"twitter:card\" content=\"summary_large_image\" \/>\n<meta name=\"twitter:label1\" content=\"Precio\" \/>\n\t<meta name=\"twitter:data1\" content=\"24,57&nbsp;&euro;\" \/>\n\t<meta name=\"twitter:label2\" content=\"Disponibilidad\" \/>\n\t<meta name=\"twitter:data2\" content=\"Disponible\" \/>\n<script type=\"application\/ld+json\" class=\"yoast-schema-graph\">{\"@context\":\"https:\\\/\\\/schema.org\",\"@graph\":[{\"@type\":\"WebPage\",\"@id\":\"https:\\\/\\\/www.lifenatura.com\\\/es\\\/produto\\\/l-carnitina-3000-mg-20-ampolas-sandia-gold-nutrition\\\/\",\"url\":\"https:\\\/\\\/www.lifenatura.com\\\/es\\\/produto\\\/l-carnitina-3000-mg-20-ampolas-sandia-gold-nutrition\\\/\",\"name\":\"L-Carnitina 3000 mg 20 ampolas Sand\u00eda - Gold Nutrition\",\"isPartOf\":{\"@id\":\"https:\\\/\\\/www.lifenatura.com\\\/es\\\/#website\"},\"primaryImageOfPage\":{\"@id\":\"https:\\\/\\\/www.lifenatura.com\\\/es\\\/produto\\\/l-carnitina-3000-mg-20-ampolas-sandia-gold-nutrition\\\/#primaryimage\"},\"image\":{\"@id\":\"https:\\\/\\\/www.lifenatura.com\\\/es\\\/produto\\\/l-carnitina-3000-mg-20-ampolas-sandia-gold-nutrition\\\/#primaryimage\"},\"thumbnailUrl\":\"https:\\\/\\\/www.lifenatura.com\\\/wp-content\\\/uploads\\\/2026\\\/03\\\/prod_Lcarnitine3000_Melancia_Site.jpg\",\"datePublished\":\"2021-09-30T10:06:07+00:00\",\"dateModified\":\"2026-05-03T00:07:28+00:00\",\"description\":\"L-Carnitina con sabor a la sand\u00eda desempe\u00f1a un papel importante en el metabolismo de la grasa, transportando los \u00e1cidos grasos de cadena larga, a la mitocondria contribuyendo as\u00ed a la combusti\u00f3n de la grasa.\",\"breadcrumb\":{\"@id\":\"https:\\\/\\\/www.lifenatura.com\\\/es\\\/produto\\\/l-carnitina-3000-mg-20-ampolas-sandia-gold-nutrition\\\/#breadcrumb\"},\"inLanguage\":\"es\",\"potentialAction\":[{\"@type\":\"ReadAction\",\"target\":[\"https:\\\/\\\/www.lifenatura.com\\\/es\\\/produto\\\/l-carnitina-3000-mg-20-ampolas-sandia-gold-nutrition\\\/\"]}]},{\"@type\":\"ImageObject\",\"inLanguage\":\"es\",\"@id\":\"https:\\\/\\\/www.lifenatura.com\\\/es\\\/produto\\\/l-carnitina-3000-mg-20-ampolas-sandia-gold-nutrition\\\/#primaryimage\",\"url\":\"https:\\\/\\\/www.lifenatura.com\\\/wp-content\\\/uploads\\\/2026\\\/03\\\/prod_Lcarnitine3000_Melancia_Site.jpg\",\"contentUrl\":\"https:\\\/\\\/www.lifenatura.com\\\/wp-content\\\/uploads\\\/2026\\\/03\\\/prod_Lcarnitine3000_Melancia_Site.jpg\",\"width\":830,\"height\":820},{\"@type\":\"BreadcrumbList\",\"@id\":\"https:\\\/\\\/www.lifenatura.com\\\/es\\\/produto\\\/l-carnitina-3000-mg-20-ampolas-sandia-gold-nutrition\\\/#breadcrumb\",\"itemListElement\":[{\"@type\":\"ListItem\",\"position\":1,\"name\":\"In\u00edcio\",\"item\":\"https:\\\/\\\/www.lifenatura.com\\\/es\\\/\"},{\"@type\":\"ListItem\",\"position\":2,\"name\":\"Todos los Productos\",\"item\":\"https:\\\/\\\/www.lifenatura.com\\\/es\\\/tienda\\\/\"},{\"@type\":\"ListItem\",\"position\":3,\"name\":\"L-Carnitina 3000 mg 20 ampolas Sand\u00eda &#8211; Gold Nutrition\"}]},{\"@type\":\"WebSite\",\"@id\":\"https:\\\/\\\/www.lifenatura.com\\\/es\\\/#website\",\"url\":\"https:\\\/\\\/www.lifenatura.com\\\/es\\\/\",\"name\":\"Lifenatura\",\"description\":\"A Lifenatura \u00e9 uma loja de produtos naturais, cosm\u00e9tica natural e alimenta\u00e7\u00e3o Biol\u00f3gica.\",\"publisher\":{\"@id\":\"https:\\\/\\\/www.lifenatura.com\\\/es\\\/#organization\"},\"potentialAction\":[{\"@type\":\"SearchAction\",\"target\":{\"@type\":\"EntryPoint\",\"urlTemplate\":\"https:\\\/\\\/www.lifenatura.com\\\/es\\\/?s={search_term_string}\"},\"query-input\":{\"@type\":\"PropertyValueSpecification\",\"valueRequired\":true,\"valueName\":\"search_term_string\"}}],\"inLanguage\":\"es\"},{\"@type\":\"Organization\",\"@id\":\"https:\\\/\\\/www.lifenatura.com\\\/es\\\/#organization\",\"name\":\"Lifenatura\",\"url\":\"https:\\\/\\\/www.lifenatura.com\\\/es\\\/\",\"logo\":{\"@type\":\"ImageObject\",\"inLanguage\":\"es\",\"@id\":\"https:\\\/\\\/www.lifenatura.com\\\/es\\\/#\\\/schema\\\/logo\\\/image\\\/\",\"url\":\"https:\\\/\\\/www.lifenatura.com\\\/wp-content\\\/uploads\\\/2021\\\/07\\\/logo.png\",\"contentUrl\":\"https:\\\/\\\/www.lifenatura.com\\\/wp-content\\\/uploads\\\/2021\\\/07\\\/logo.png\",\"width\":175,\"height\":55,\"caption\":\"Lifenatura\"},\"image\":{\"@id\":\"https:\\\/\\\/www.lifenatura.com\\\/es\\\/#\\\/schema\\\/logo\\\/image\\\/\"},\"sameAs\":[\"https:\\\/\\\/www.facebook.com\\\/lifenatura\",\"https:\\\/\\\/www.instagram.com\\\/lifenaturapt\\\/\"],\"hasMerchantReturnPolicy\":{\"@type\":\"MerchantReturnPolicy\",\"merchantReturnLink\":\"https:\\\/\\\/www.lifenatura.com\\\/termos-condicoes-lifenatura\\\/\"}}]}<\/script>\n<meta property=\"product:price:amount\" content=\"24.57\" \/>\n<meta property=\"product:price:currency\" content=\"EUR\" \/>\n<meta property=\"og:availability\" content=\"instock\" \/>\n<meta property=\"product:availability\" content=\"instock\" \/>\n<meta property=\"product:retailer_item_id\" content=\"5601607074071\" \/>\n<meta property=\"product:condition\" content=\"new\" \/>\n<!-- \/ Yoast SEO Premium plugin. -->","yoast_head_json":{"title":"L-Carnitina 3000 mg 20 ampolas Sand\u00eda - Gold Nutrition","description":"L-Carnitina con sabor a la sand\u00eda desempe\u00f1a un papel importante en el metabolismo de la grasa, transportando los \u00e1cidos grasos de cadena larga, a la mitocondria contribuyendo as\u00ed a la combusti\u00f3n de la grasa.","robots":{"index":"index","follow":"follow","max-snippet":"max-snippet:-1","max-image-preview":"max-image-preview:large","max-video-preview":"max-video-preview:-1"},"canonical":"https:\/\/www.lifenatura.com\/es\/produto\/l-carnitina-3000-mg-20-ampolas-sandia-gold-nutrition\/","og_locale":"es_ES","og_type":"article","og_title":"L-Carnitina 3000 mg 20 ampolas Sand\u00eda - Gold Nutrition - Na Lifenatura ao Melhor Pre\u00e7o | Envio 48h","og_description":"Compre L-Carnitina 3000 mg 20 ampolas Sand\u00eda - Gold Nutrition com envio r\u00e1pido. Entrega em 48h e portes gr\u00e1tis em compras >35\u20ac. Aproveite j\u00e1 na Lifenatura","og_url":"https:\/\/www.lifenatura.com\/es\/produto\/l-carnitina-3000-mg-20-ampolas-sandia-gold-nutrition\/","og_site_name":"Lifenatura","article_publisher":"https:\/\/www.facebook.com\/lifenatura","article_modified_time":"2026-05-03T00:07:28+00:00","og_image":[{"width":1000,"height":1000,"url":"https:\/\/www.lifenatura.com\/wp-content\/uploads\/2021\/09\/gd_l-carnitina-3000-mg-20-ampolas-melancia-gold-nutrition.jpg","type":"image\/jpeg"}],"twitter_card":"summary_large_image","twitter_misc":{"Precio":"24,57&nbsp;&euro;","Disponibilidad":"Disponible"},"schema":{"@context":"https:\/\/schema.org","@graph":[{"@type":"WebPage","@id":"https:\/\/www.lifenatura.com\/es\/produto\/l-carnitina-3000-mg-20-ampolas-sandia-gold-nutrition\/","url":"https:\/\/www.lifenatura.com\/es\/produto\/l-carnitina-3000-mg-20-ampolas-sandia-gold-nutrition\/","name":"L-Carnitina 3000 mg 20 ampolas Sand\u00eda - Gold Nutrition","isPartOf":{"@id":"https:\/\/www.lifenatura.com\/es\/#website"},"primaryImageOfPage":{"@id":"https:\/\/www.lifenatura.com\/es\/produto\/l-carnitina-3000-mg-20-ampolas-sandia-gold-nutrition\/#primaryimage"},"image":{"@id":"https:\/\/www.lifenatura.com\/es\/produto\/l-carnitina-3000-mg-20-ampolas-sandia-gold-nutrition\/#primaryimage"},"thumbnailUrl":"https:\/\/www.lifenatura.com\/wp-content\/uploads\/2026\/03\/prod_Lcarnitine3000_Melancia_Site.jpg","datePublished":"2021-09-30T10:06:07+00:00","dateModified":"2026-05-03T00:07:28+00:00","description":"L-Carnitina con sabor a la sand\u00eda desempe\u00f1a un papel importante en el metabolismo de la grasa, transportando los \u00e1cidos grasos de cadena larga, a la mitocondria contribuyendo as\u00ed a la combusti\u00f3n de la grasa.","breadcrumb":{"@id":"https:\/\/www.lifenatura.com\/es\/produto\/l-carnitina-3000-mg-20-ampolas-sandia-gold-nutrition\/#breadcrumb"},"inLanguage":"es","potentialAction":[{"@type":"ReadAction","target":["https:\/\/www.lifenatura.com\/es\/produto\/l-carnitina-3000-mg-20-ampolas-sandia-gold-nutrition\/"]}]},{"@type":"ImageObject","inLanguage":"es","@id":"https:\/\/www.lifenatura.com\/es\/produto\/l-carnitina-3000-mg-20-ampolas-sandia-gold-nutrition\/#primaryimage","url":"https:\/\/www.lifenatura.com\/wp-content\/uploads\/2026\/03\/prod_Lcarnitine3000_Melancia_Site.jpg","contentUrl":"https:\/\/www.lifenatura.com\/wp-content\/uploads\/2026\/03\/prod_Lcarnitine3000_Melancia_Site.jpg","width":830,"height":820},{"@type":"BreadcrumbList","@id":"https:\/\/www.lifenatura.com\/es\/produto\/l-carnitina-3000-mg-20-ampolas-sandia-gold-nutrition\/#breadcrumb","itemListElement":[{"@type":"ListItem","position":1,"name":"In\u00edcio","item":"https:\/\/www.lifenatura.com\/es\/"},{"@type":"ListItem","position":2,"name":"Todos los Productos","item":"https:\/\/www.lifenatura.com\/es\/tienda\/"},{"@type":"ListItem","position":3,"name":"L-Carnitina 3000 mg 20 ampolas Sand\u00eda &#8211; Gold Nutrition"}]},{"@type":"WebSite","@id":"https:\/\/www.lifenatura.com\/es\/#website","url":"https:\/\/www.lifenatura.com\/es\/","name":"Lifenatura","description":"A Lifenatura \u00e9 uma loja de produtos naturais, cosm\u00e9tica natural e alimenta\u00e7\u00e3o Biol\u00f3gica.","publisher":{"@id":"https:\/\/www.lifenatura.com\/es\/#organization"},"potentialAction":[{"@type":"SearchAction","target":{"@type":"EntryPoint","urlTemplate":"https:\/\/www.lifenatura.com\/es\/?s={search_term_string}"},"query-input":{"@type":"PropertyValueSpecification","valueRequired":true,"valueName":"search_term_string"}}],"inLanguage":"es"},{"@type":"Organization","@id":"https:\/\/www.lifenatura.com\/es\/#organization","name":"Lifenatura","url":"https:\/\/www.lifenatura.com\/es\/","logo":{"@type":"ImageObject","inLanguage":"es","@id":"https:\/\/www.lifenatura.com\/es\/#\/schema\/logo\/image\/","url":"https:\/\/www.lifenatura.com\/wp-content\/uploads\/2021\/07\/logo.png","contentUrl":"https:\/\/www.lifenatura.com\/wp-content\/uploads\/2021\/07\/logo.png","width":175,"height":55,"caption":"Lifenatura"},"image":{"@id":"https:\/\/www.lifenatura.com\/es\/#\/schema\/logo\/image\/"},"sameAs":["https:\/\/www.facebook.com\/lifenatura","https:\/\/www.instagram.com\/lifenaturapt\/"],"hasMerchantReturnPolicy":{"@type":"MerchantReturnPolicy","merchantReturnLink":"https:\/\/www.lifenatura.com\/termos-condicoes-lifenatura\/"}}]},"product_price_amount":"24.57","product_price_currency":"EUR","og_availability":"instock","product_availability":"instock","product_retailer_item_id":"5601607074071","product_condition":"new"},"df_price":24.57,"df_sale_price":24.57,"df_regular_price":32.76,"df_image_link":"https:\/\/www.lifenatura.com\/wp-content\/uploads\/2026\/03\/prod_Lcarnitine3000_Melancia_Site-300x296.jpg","_links":{"self":[{"href":"https:\/\/www.lifenatura.com\/es\/wp-json\/wp\/v2\/product\/38415","targetHints":{"allow":["GET"]}}],"collection":[{"href":"https:\/\/www.lifenatura.com\/es\/wp-json\/wp\/v2\/product"}],"about":[{"href":"https:\/\/www.lifenatura.com\/es\/wp-json\/wp\/v2\/types\/product"}],"wp:featuredmedia":[{"embeddable":true,"href":"https:\/\/www.lifenatura.com\/es\/wp-json\/wp\/v2\/media\/130444"}],"wp:attachment":[{"href":"https:\/\/www.lifenatura.com\/es\/wp-json\/wp\/v2\/media?parent=38415"}],"wp:term":[{"taxonomy":"product_brand","embeddable":true,"href":"https:\/\/www.lifenatura.com\/es\/wp-json\/wp\/v2\/product_brand?post=38415"},{"taxonomy":"product_cat","embeddable":true,"href":"https:\/\/www.lifenatura.com\/es\/wp-json\/wp\/v2\/product_cat?post=38415"},{"taxonomy":"product_tag","embeddable":true,"href":"https:\/\/www.lifenatura.com\/es\/wp-json\/wp\/v2\/product_tag?post=38415"}],"curies":[{"name":"wp","href":"https:\/\/api.w.org\/{rel}","templated":true}]}}