{"id":38399,"date":"2021-09-30T10:05:47","date_gmt":"2021-09-30T10:05:47","guid":{"rendered":"https:\/\/lifenatura.dev.agenciagetdigital.com\/produto\/creatina-1000-mg-60-comprimidos-gold-nutrition\/"},"modified":"2026-02-02T11:10:53","modified_gmt":"2026-02-02T11:10:53","slug":"creatina-1000-mg-60-comprimidos-gold-nutrition","status":"publish","type":"product","link":"https:\/\/www.lifenatura.com\/es\/produto\/creatina-1000-mg-60-comprimidos-gold-nutrition\/","title":{"rendered":"Creatina 1000 mg 60 comprimidos &#8211; Gold Nutrition"},"content":{"rendered":"<p>Suplemento de Creatina La Creatina es un amino\u00e1cido de ocurrencia natural producido en nuestro organismo que se encuentra esencialmente en los m\u00fasculos. La mayor\u00eda de la creatina que se encuentra en los m\u00fasculos se almacena en forma de fosfocreatina (66%), mientras que el resto se almacena como creatina libre (33%). Nuestro organismo utiliza diariamente 1 a 2% del total de la Creatina almacenada. Su reposici\u00f3n se realiza a partir de la alimentaci\u00f3n oa partir de los amino\u00e1cidos glicina, arginina y metionina. Muchos estudios han demostrado que una suplementaci\u00f3n con monohidrato de creatina puede aumentar la creatina muscular entre 10 a 40%, dependiendo de varios factores, en particular de la forma f\u00edsica del atleta. Aumentando la disponibilidad de la fosfocreatina en el m\u00fasculo aumentamos la disponibilidad de energ\u00eda durante los ejercicios de gran intensidad, como el sprint y \/ o series de ejercicios intensos. PRESENTACI\u00d3N 60 Comprimidos.<\/p>\n","protected":false},"excerpt":{"rendered":"<p>Suplemento de Creatina La Creatina es un amino\u00e1cido de ocurrencia natural producido en nuestro organismo que se encuentra esencialmente en los m\u00fasculos. La mayor\u00eda de la creatina que se encuentra en los m\u00fasculos se almacena en forma de fosfocreatina (66%), mientras que el resto se almacena como creatina libre (33%). Nuestro organismo utiliza diariamente 1 [&#8230;]<\/p>\n<p><a class=\"btn btn-secondary understrap-read-more-link\" href=\"https:\/\/www.lifenatura.com\/es\/produto\/creatina-1000-mg-60-comprimidos-gold-nutrition\/\">Leer m\u00e1s&#8230;<span class=\"screen-reader-text\"> from Creatina 1000 mg 60 comprimidos &#8211; Gold Nutrition<\/span><\/a><\/p>\n","protected":false},"featured_media":130360,"template":"","meta":{"_acf_changed":false},"product_brand":[8482],"product_cat":[7173,7293],"product_tag":[],"class_list":{"0":"post-38399","1":"product","2":"type-product","3":"status-publish","4":"has-post-thumbnail","6":"product_brand-gold-nutrition","7":"product_cat-creatina-nutricion","8":"product_cat-nutricion-deportiva","10":"first","11":"instock","12":"sale","13":"shipping-taxable","14":"purchasable","15":"product-type-simple","16":"add-to-wishlist-before_image"},"acf":[],"yoast_head":"<!-- This site is optimized with the Yoast SEO Premium plugin v27.1 (Yoast SEO v27.3) - https:\/\/yoast.com\/product\/yoast-seo-premium-wordpress\/ -->\n<title>Creatina 1000 mg 60 comprimidos - Gold Nutrition<\/title>\n<meta name=\"description\" content=\"La Creatina es un amino\u00e1cido de ocurrencia natural producido en nuestro organismo que se encuentra esencialmente en los m\u00fasculos.\" \/>\n<meta name=\"robots\" content=\"index, follow, max-snippet:-1, max-image-preview:large, max-video-preview:-1\" \/>\n<link rel=\"canonical\" href=\"https:\/\/www.lifenatura.com\/es\/produto\/creatina-1000-mg-60-comprimidos-gold-nutrition\/\" \/>\n<meta property=\"og:locale\" content=\"es_ES\" \/>\n<meta property=\"og:type\" content=\"article\" \/>\n<meta property=\"og:title\" content=\"Creatina 1000 mg 60 comprimidos - Gold Nutrition - Lifenatura\" \/>\n<meta property=\"og:description\" content=\"Compre aqui o seu Creatina 1000 mg 60 comprimidos - Gold Nutrition e a Lifenatura Online envia em 48 H com Portes Gratis &gt;35\u20ac de Pedido.\" \/>\n<meta property=\"og:url\" content=\"https:\/\/www.lifenatura.com\/es\/produto\/creatina-1000-mg-60-comprimidos-gold-nutrition\/\" \/>\n<meta property=\"og:site_name\" content=\"Lifenatura\" \/>\n<meta property=\"article:publisher\" content=\"https:\/\/www.facebook.com\/lifenatura\" \/>\n<meta property=\"article:modified_time\" content=\"2026-02-02T11:10:53+00:00\" \/>\n<meta property=\"og:image\" content=\"https:\/\/www.lifenatura.com\/wp-content\/uploads\/2021\/09\/gd_creatine-1000mg-60caps-goldnutrition.jpg\" \/>\n\t<meta property=\"og:image:width\" content=\"1000\" \/>\n\t<meta property=\"og:image:height\" content=\"1000\" \/>\n\t<meta property=\"og:image:type\" content=\"image\/jpeg\" \/>\n<meta name=\"twitter:card\" content=\"summary_large_image\" \/>\n<meta name=\"twitter:label1\" content=\"Precio\" \/>\n\t<meta name=\"twitter:data1\" content=\"10,43&nbsp;&euro;\" \/>\n\t<meta name=\"twitter:label2\" content=\"Disponibilidad\" \/>\n\t<meta name=\"twitter:data2\" content=\"Disponible\" \/>\n<meta property=\"product:price:amount\" content=\"10.43\" \/>\n<meta property=\"product:price:currency\" content=\"EUR\" \/>\n<meta property=\"og:availability\" content=\"instock\" \/>\n<meta property=\"product:availability\" content=\"instock\" \/>\n<meta property=\"product:retailer_item_id\" content=\"5601607070080\" \/>\n<meta property=\"product:condition\" content=\"new\" \/>\n<!-- \/ Yoast SEO Premium plugin. -->","yoast_head_json":{"title":"Creatina 1000 mg 60 comprimidos - Gold Nutrition","description":"La Creatina es un amino\u00e1cido de ocurrencia natural producido en nuestro organismo que se encuentra esencialmente en los m\u00fasculos.","robots":{"index":"index","follow":"follow","max-snippet":"max-snippet:-1","max-image-preview":"max-image-preview:large","max-video-preview":"max-video-preview:-1"},"canonical":"https:\/\/www.lifenatura.com\/es\/produto\/creatina-1000-mg-60-comprimidos-gold-nutrition\/","og_locale":"es_ES","og_type":"article","og_title":"Creatina 1000 mg 60 comprimidos - Gold Nutrition - Lifenatura","og_description":"Compre aqui o seu Creatina 1000 mg 60 comprimidos - Gold Nutrition e a Lifenatura Online envia em 48 H com Portes Gratis >35\u20ac de Pedido.","og_url":"https:\/\/www.lifenatura.com\/es\/produto\/creatina-1000-mg-60-comprimidos-gold-nutrition\/","og_site_name":"Lifenatura","article_publisher":"https:\/\/www.facebook.com\/lifenatura","article_modified_time":"2026-02-02T11:10:53+00:00","og_image":[{"width":1000,"height":1000,"url":"https:\/\/www.lifenatura.com\/wp-content\/uploads\/2021\/09\/gd_creatine-1000mg-60caps-goldnutrition.jpg","type":"image\/jpeg"}],"twitter_card":"summary_large_image","twitter_misc":{"Precio":"10,43&nbsp;&euro;","Disponibilidad":"Disponible"},"schema":{"@context":"https:\/\/schema.org","@graph":[{"@type":"WebPage","@id":"https:\/\/www.lifenatura.com\/es\/produto\/creatina-1000-mg-60-comprimidos-gold-nutrition\/","url":"https:\/\/www.lifenatura.com\/es\/produto\/creatina-1000-mg-60-comprimidos-gold-nutrition\/","name":"Creatina 1000 mg 60 comprimidos - Gold Nutrition","isPartOf":{"@id":"https:\/\/www.lifenatura.com\/es\/#website"},"primaryImageOfPage":{"@id":"https:\/\/www.lifenatura.com\/es\/produto\/creatina-1000-mg-60-comprimidos-gold-nutrition\/#primaryimage"},"image":{"@id":"https:\/\/www.lifenatura.com\/es\/produto\/creatina-1000-mg-60-comprimidos-gold-nutrition\/#primaryimage"},"thumbnailUrl":"https:\/\/www.lifenatura.com\/wp-content\/uploads\/2026\/03\/Creatine_Site.jpg","datePublished":"2021-09-30T10:05:47+00:00","dateModified":"2026-02-02T11:10:53+00:00","description":"La Creatina es un amino\u00e1cido de ocurrencia natural producido en nuestro organismo que se encuentra esencialmente en los m\u00fasculos.","breadcrumb":{"@id":"https:\/\/www.lifenatura.com\/es\/produto\/creatina-1000-mg-60-comprimidos-gold-nutrition\/#breadcrumb"},"inLanguage":"es","potentialAction":[{"@type":"ReadAction","target":["https:\/\/www.lifenatura.com\/es\/produto\/creatina-1000-mg-60-comprimidos-gold-nutrition\/"]}]},{"@type":"ImageObject","inLanguage":"es","@id":"https:\/\/www.lifenatura.com\/es\/produto\/creatina-1000-mg-60-comprimidos-gold-nutrition\/#primaryimage","url":"https:\/\/www.lifenatura.com\/wp-content\/uploads\/2026\/03\/Creatine_Site.jpg","contentUrl":"https:\/\/www.lifenatura.com\/wp-content\/uploads\/2026\/03\/Creatine_Site.jpg","width":830,"height":820},{"@type":"BreadcrumbList","@id":"https:\/\/www.lifenatura.com\/es\/produto\/creatina-1000-mg-60-comprimidos-gold-nutrition\/#breadcrumb","itemListElement":[{"@type":"ListItem","position":1,"name":"In\u00edcio","item":"https:\/\/www.lifenatura.com\/es\/"},{"@type":"ListItem","position":2,"name":"Todos los Productos","item":"https:\/\/www.lifenatura.com\/es\/tienda\/"},{"@type":"ListItem","position":3,"name":"Creatina 1000 mg 60 comprimidos &#8211; Gold Nutrition"}]},{"@type":"WebSite","@id":"https:\/\/www.lifenatura.com\/es\/#website","url":"https:\/\/www.lifenatura.com\/es\/","name":"Lifenatura","description":"A Lifenatura \u00e9 uma loja de produtos naturais, cosm\u00e9tica natural e alimenta\u00e7\u00e3o Biol\u00f3gica.","publisher":{"@id":"https:\/\/www.lifenatura.com\/es\/#organization"},"potentialAction":[{"@type":"SearchAction","target":{"@type":"EntryPoint","urlTemplate":"https:\/\/www.lifenatura.com\/es\/?s={search_term_string}"},"query-input":{"@type":"PropertyValueSpecification","valueRequired":true,"valueName":"search_term_string"}}],"inLanguage":"es"},{"@type":"Organization","@id":"https:\/\/www.lifenatura.com\/es\/#organization","name":"Lifenatura","url":"https:\/\/www.lifenatura.com\/es\/","logo":{"@type":"ImageObject","inLanguage":"es","@id":"https:\/\/www.lifenatura.com\/es\/#\/schema\/logo\/image\/","url":"https:\/\/www.lifenatura.com\/wp-content\/uploads\/2021\/11\/logo.png","contentUrl":"https:\/\/www.lifenatura.com\/wp-content\/uploads\/2021\/11\/logo.png","width":175,"height":55,"caption":"Lifenatura"},"image":{"@id":"https:\/\/www.lifenatura.com\/es\/#\/schema\/logo\/image\/"},"sameAs":["https:\/\/www.facebook.com\/lifenatura","https:\/\/www.instagram.com\/lifenaturapt\/"]}]},"product_price_amount":"10.43","product_price_currency":"EUR","og_availability":"instock","product_availability":"instock","product_retailer_item_id":"5601607070080","product_condition":"new"},"df_price":10.43,"df_sale_price":10.43,"df_regular_price":13.91,"df_image_link":"https:\/\/www.lifenatura.com\/wp-content\/uploads\/2026\/03\/Creatine_Site-300x296.jpg","_links":{"self":[{"href":"https:\/\/www.lifenatura.com\/es\/wp-json\/wp\/v2\/product\/38399","targetHints":{"allow":["GET"]}}],"collection":[{"href":"https:\/\/www.lifenatura.com\/es\/wp-json\/wp\/v2\/product"}],"about":[{"href":"https:\/\/www.lifenatura.com\/es\/wp-json\/wp\/v2\/types\/product"}],"wp:featuredmedia":[{"embeddable":true,"href":"https:\/\/www.lifenatura.com\/es\/wp-json\/wp\/v2\/media\/130360"}],"wp:attachment":[{"href":"https:\/\/www.lifenatura.com\/es\/wp-json\/wp\/v2\/media?parent=38399"}],"wp:term":[{"taxonomy":"product_brand","embeddable":true,"href":"https:\/\/www.lifenatura.com\/es\/wp-json\/wp\/v2\/product_brand?post=38399"},{"taxonomy":"product_cat","embeddable":true,"href":"https:\/\/www.lifenatura.com\/es\/wp-json\/wp\/v2\/product_cat?post=38399"},{"taxonomy":"product_tag","embeddable":true,"href":"https:\/\/www.lifenatura.com\/es\/wp-json\/wp\/v2\/product_tag?post=38399"}],"curies":[{"name":"wp","href":"https:\/\/api.w.org\/{rel}","templated":true}]}}