{"id":38396,"date":"2021-09-30T10:05:47","date_gmt":"2021-09-30T10:05:47","guid":{"rendered":"https:\/\/lifenatura.dev.agenciagetdigital.com\/produto\/pre-workout-impact-melancia-400-g-gold-nutrition\/"},"modified":"2026-02-02T11:10:52","modified_gmt":"2026-02-02T11:10:52","slug":"pre-workout-impact-melancia-400-g-gold-nutrition","status":"publish","type":"product","link":"https:\/\/www.lifenatura.com\/es\/produto\/pre-workout-impact-melancia-400-g-gold-nutrition\/","title":{"rendered":"Pre-Workout Impact Melancia 400 g &#8211; Gold Nutrition"},"content":{"rendered":"<p>Fuerza m\u00e1xima y explosi\u00f3n Pre-Workout Impact ayuda con la regeneraci\u00f3n muscular y retrasa la fatiga, lo que garantiza que se ejercite al m\u00e1ximo. Contiene L-arginina (potenciador de la vasodilataci\u00f3n), cafe\u00edna (efecto ergog\u00e9nico), extractos de plantas de Maca y Guaran\u00e1, que tienen un efecto estimulante, aumentando la resistencia f\u00edsica y reduciendo la sensaci\u00f3n de fatiga. Es una f\u00f3rmula que promover\u00e1 la fuerza explosiva, el crecimiento de la masa muscular, el aumento de energ\u00eda y, al mismo tiempo, retrasar\u00e1 la aparici\u00f3n de la fatiga y facilitar\u00e1 la recuperaci\u00f3n y regeneraci\u00f3n muscular. PRESENTACI\u00d3N 400g.<\/p>\n","protected":false},"excerpt":{"rendered":"<p>Fuerza m\u00e1xima y explosi\u00f3n Pre-Workout Impact ayuda con la regeneraci\u00f3n muscular y retrasa la fatiga, lo que garantiza que se ejercite al m\u00e1ximo. Contiene L-arginina (potenciador de la vasodilataci\u00f3n), cafe\u00edna (efecto ergog\u00e9nico), extractos de plantas de Maca y Guaran\u00e1, que tienen un efecto estimulante, aumentando la resistencia f\u00edsica y reduciendo la sensaci\u00f3n de fatiga. Es [&#8230;]<\/p>\n<p><a class=\"btn btn-secondary understrap-read-more-link\" href=\"https:\/\/www.lifenatura.com\/es\/produto\/pre-workout-impact-melancia-400-g-gold-nutrition\/\">Leer m\u00e1s&#8230;<span class=\"screen-reader-text\"> from Pre-Workout Impact Melancia 400 g &#8211; Gold Nutrition<\/span><\/a><\/p>\n","protected":false},"featured_media":130475,"template":"","meta":{"_acf_changed":false},"product_brand":[8482],"product_cat":[7174,7293],"product_tag":[8702],"class_list":{"0":"post-38396","1":"product","2":"type-product","3":"status-publish","4":"has-post-thumbnail","6":"product_brand-gold-nutrition","7":"product_cat-fuerza-y-recuperacion","8":"product_cat-nutricion-deportiva","9":"product_tag-nutricion-oro","11":"first","12":"instock","13":"sale","14":"shipping-taxable","15":"purchasable","16":"product-type-simple","17":"add-to-wishlist-before_image"},"acf":[],"yoast_head":"<!-- This site is optimized with the Yoast SEO Premium plugin v27.1 (Yoast SEO v27.3) - https:\/\/yoast.com\/product\/yoast-seo-premium-wordpress\/ -->\n<title>Pre-Workout Impact Melancia 400 g - Gold Nutrition<\/title>\n<meta name=\"description\" content=\"Pre-Workout Impact ayuda con la regeneraci\u00f3n muscular y retrasa la fatiga, lo que garantiza que se ejercite al m\u00e1ximo, contiene L-Arginina.\" \/>\n<meta name=\"robots\" content=\"index, follow, max-snippet:-1, max-image-preview:large, max-video-preview:-1\" \/>\n<link rel=\"canonical\" href=\"https:\/\/www.lifenatura.com\/es\/produto\/pre-workout-impact-melancia-400-g-gold-nutrition\/\" \/>\n<meta property=\"og:locale\" content=\"es_ES\" \/>\n<meta property=\"og:type\" content=\"article\" \/>\n<meta property=\"og:title\" content=\"Pre-Workout Impact Melancia 400 g - Gold Nutrition - Lifenatura\" \/>\n<meta property=\"og:description\" content=\"Compre aqui o seu Pre-Workout Impact Melancia 400 g - Gold Nutrition e a Lifenatura Online envia em 48 H com Portes Gratis &gt;35\u20ac de Pedido.\" \/>\n<meta property=\"og:url\" content=\"https:\/\/www.lifenatura.com\/es\/produto\/pre-workout-impact-melancia-400-g-gold-nutrition\/\" \/>\n<meta property=\"og:site_name\" content=\"Lifenatura\" \/>\n<meta property=\"article:publisher\" content=\"https:\/\/www.facebook.com\/lifenatura\" \/>\n<meta property=\"article:modified_time\" content=\"2026-02-02T11:10:52+00:00\" \/>\n<meta property=\"og:image\" content=\"https:\/\/www.lifenatura.com\/wp-content\/uploads\/2021\/09\/gd_pre_workout_impact_melancia.jpg\" \/>\n\t<meta property=\"og:image:width\" content=\"1000\" \/>\n\t<meta property=\"og:image:height\" content=\"1000\" \/>\n\t<meta property=\"og:image:type\" content=\"image\/jpeg\" \/>\n<meta name=\"twitter:card\" content=\"summary_large_image\" \/>\n<meta name=\"twitter:label1\" content=\"Precio\" \/>\n\t<meta name=\"twitter:data1\" content=\"30,26&nbsp;&euro;\" \/>\n\t<meta name=\"twitter:label2\" content=\"Disponibilidad\" \/>\n\t<meta name=\"twitter:data2\" content=\"Disponible\" \/>\n<meta property=\"product:price:amount\" content=\"30.26\" \/>\n<meta property=\"product:price:currency\" content=\"EUR\" \/>\n<meta property=\"og:availability\" content=\"instock\" \/>\n<meta property=\"product:availability\" content=\"instock\" \/>\n<meta property=\"product:retailer_item_id\" content=\"5601607074491\" \/>\n<meta property=\"product:condition\" content=\"new\" \/>\n<!-- \/ Yoast SEO Premium plugin. -->","yoast_head_json":{"title":"Pre-Workout Impact Melancia 400 g - Gold Nutrition","description":"Pre-Workout Impact ayuda con la regeneraci\u00f3n muscular y retrasa la fatiga, lo que garantiza que se ejercite al m\u00e1ximo, contiene L-Arginina.","robots":{"index":"index","follow":"follow","max-snippet":"max-snippet:-1","max-image-preview":"max-image-preview:large","max-video-preview":"max-video-preview:-1"},"canonical":"https:\/\/www.lifenatura.com\/es\/produto\/pre-workout-impact-melancia-400-g-gold-nutrition\/","og_locale":"es_ES","og_type":"article","og_title":"Pre-Workout Impact Melancia 400 g - Gold Nutrition - Lifenatura","og_description":"Compre aqui o seu Pre-Workout Impact Melancia 400 g - Gold Nutrition e a Lifenatura Online envia em 48 H com Portes Gratis >35\u20ac de Pedido.","og_url":"https:\/\/www.lifenatura.com\/es\/produto\/pre-workout-impact-melancia-400-g-gold-nutrition\/","og_site_name":"Lifenatura","article_publisher":"https:\/\/www.facebook.com\/lifenatura","article_modified_time":"2026-02-02T11:10:52+00:00","og_image":[{"width":1000,"height":1000,"url":"https:\/\/www.lifenatura.com\/wp-content\/uploads\/2021\/09\/gd_pre_workout_impact_melancia.jpg","type":"image\/jpeg"}],"twitter_card":"summary_large_image","twitter_misc":{"Precio":"30,26&nbsp;&euro;","Disponibilidad":"Disponible"},"schema":{"@context":"https:\/\/schema.org","@graph":[{"@type":"WebPage","@id":"https:\/\/www.lifenatura.com\/es\/produto\/pre-workout-impact-melancia-400-g-gold-nutrition\/","url":"https:\/\/www.lifenatura.com\/es\/produto\/pre-workout-impact-melancia-400-g-gold-nutrition\/","name":"Pre-Workout Impact Melancia 400 g - Gold Nutrition","isPartOf":{"@id":"https:\/\/www.lifenatura.com\/es\/#website"},"primaryImageOfPage":{"@id":"https:\/\/www.lifenatura.com\/es\/produto\/pre-workout-impact-melancia-400-g-gold-nutrition\/#primaryimage"},"image":{"@id":"https:\/\/www.lifenatura.com\/es\/produto\/pre-workout-impact-melancia-400-g-gold-nutrition\/#primaryimage"},"thumbnailUrl":"https:\/\/www.lifenatura.com\/wp-content\/uploads\/2026\/03\/prod_PWImpact_Watermelon.jpg","datePublished":"2021-09-30T10:05:47+00:00","dateModified":"2026-02-02T11:10:52+00:00","description":"Pre-Workout Impact ayuda con la regeneraci\u00f3n muscular y retrasa la fatiga, lo que garantiza que se ejercite al m\u00e1ximo, contiene L-Arginina.","breadcrumb":{"@id":"https:\/\/www.lifenatura.com\/es\/produto\/pre-workout-impact-melancia-400-g-gold-nutrition\/#breadcrumb"},"inLanguage":"es","potentialAction":[{"@type":"ReadAction","target":["https:\/\/www.lifenatura.com\/es\/produto\/pre-workout-impact-melancia-400-g-gold-nutrition\/"]}]},{"@type":"ImageObject","inLanguage":"es","@id":"https:\/\/www.lifenatura.com\/es\/produto\/pre-workout-impact-melancia-400-g-gold-nutrition\/#primaryimage","url":"https:\/\/www.lifenatura.com\/wp-content\/uploads\/2026\/03\/prod_PWImpact_Watermelon.jpg","contentUrl":"https:\/\/www.lifenatura.com\/wp-content\/uploads\/2026\/03\/prod_PWImpact_Watermelon.jpg","width":830,"height":820},{"@type":"BreadcrumbList","@id":"https:\/\/www.lifenatura.com\/es\/produto\/pre-workout-impact-melancia-400-g-gold-nutrition\/#breadcrumb","itemListElement":[{"@type":"ListItem","position":1,"name":"In\u00edcio","item":"https:\/\/www.lifenatura.com\/es\/"},{"@type":"ListItem","position":2,"name":"Todos los Productos","item":"https:\/\/www.lifenatura.com\/es\/tienda\/"},{"@type":"ListItem","position":3,"name":"Pre-Workout Impact Melancia 400 g &#8211; Gold Nutrition"}]},{"@type":"WebSite","@id":"https:\/\/www.lifenatura.com\/es\/#website","url":"https:\/\/www.lifenatura.com\/es\/","name":"Lifenatura","description":"A Lifenatura \u00e9 uma loja de produtos naturais, cosm\u00e9tica natural e alimenta\u00e7\u00e3o Biol\u00f3gica.","publisher":{"@id":"https:\/\/www.lifenatura.com\/es\/#organization"},"potentialAction":[{"@type":"SearchAction","target":{"@type":"EntryPoint","urlTemplate":"https:\/\/www.lifenatura.com\/es\/?s={search_term_string}"},"query-input":{"@type":"PropertyValueSpecification","valueRequired":true,"valueName":"search_term_string"}}],"inLanguage":"es"},{"@type":"Organization","@id":"https:\/\/www.lifenatura.com\/es\/#organization","name":"Lifenatura","url":"https:\/\/www.lifenatura.com\/es\/","logo":{"@type":"ImageObject","inLanguage":"es","@id":"https:\/\/www.lifenatura.com\/es\/#\/schema\/logo\/image\/","url":"https:\/\/www.lifenatura.com\/wp-content\/uploads\/2021\/11\/logo.png","contentUrl":"https:\/\/www.lifenatura.com\/wp-content\/uploads\/2021\/11\/logo.png","width":175,"height":55,"caption":"Lifenatura"},"image":{"@id":"https:\/\/www.lifenatura.com\/es\/#\/schema\/logo\/image\/"},"sameAs":["https:\/\/www.facebook.com\/lifenatura","https:\/\/www.instagram.com\/lifenaturapt\/"]}]},"product_price_amount":"30.26","product_price_currency":"EUR","og_availability":"instock","product_availability":"instock","product_retailer_item_id":"5601607074491","product_condition":"new"},"df_price":30.26,"df_sale_price":30.26,"df_regular_price":40.34,"df_image_link":"https:\/\/www.lifenatura.com\/wp-content\/uploads\/2026\/03\/prod_PWImpact_Watermelon-300x296.jpg","_links":{"self":[{"href":"https:\/\/www.lifenatura.com\/es\/wp-json\/wp\/v2\/product\/38396","targetHints":{"allow":["GET"]}}],"collection":[{"href":"https:\/\/www.lifenatura.com\/es\/wp-json\/wp\/v2\/product"}],"about":[{"href":"https:\/\/www.lifenatura.com\/es\/wp-json\/wp\/v2\/types\/product"}],"wp:featuredmedia":[{"embeddable":true,"href":"https:\/\/www.lifenatura.com\/es\/wp-json\/wp\/v2\/media\/130475"}],"wp:attachment":[{"href":"https:\/\/www.lifenatura.com\/es\/wp-json\/wp\/v2\/media?parent=38396"}],"wp:term":[{"taxonomy":"product_brand","embeddable":true,"href":"https:\/\/www.lifenatura.com\/es\/wp-json\/wp\/v2\/product_brand?post=38396"},{"taxonomy":"product_cat","embeddable":true,"href":"https:\/\/www.lifenatura.com\/es\/wp-json\/wp\/v2\/product_cat?post=38396"},{"taxonomy":"product_tag","embeddable":true,"href":"https:\/\/www.lifenatura.com\/es\/wp-json\/wp\/v2\/product_tag?post=38396"}],"curies":[{"name":"wp","href":"https:\/\/api.w.org\/{rel}","templated":true}]}}