{"id":38330,"date":"2021-09-30T10:04:44","date_gmt":"2021-09-30T10:04:44","guid":{"rendered":"https:\/\/lifenatura.dev.agenciagetdigital.com\/produto\/complejo-de-hierro-30-capsulas-vegetales-fsc\/"},"modified":"2022-08-21T14:34:08","modified_gmt":"2022-08-21T14:34:08","slug":"complejo-de-hierro-30-capsulas-vegetales-fsc","status":"publish","type":"product","link":"https:\/\/www.lifenatura.com\/es\/produto\/complejo-de-hierro-30-capsulas-vegetales-fsc\/","title":{"rendered":"Complejo de Hierro 30 c\u00e1psulas vegetales &#8211; Fsc"},"content":{"rendered":"<p>Indicado para la Anemia El complejo de hierro est\u00e1 indicado para las anemias carenciales. En situaci\u00f3n de falta de hierro por hemorragia o carencia alimentaria. Deficiencia de vitamina B12 o de \u00e1cido f\u00f3lico en dietas restringidas como las vegetarianas. En situaci\u00f3n de falta de apetito, astenia, en particular en los ancianos. Como suplemento alimenticio, a\u00fan en caso de menstruaciones abundantes, per\u00edodos de crecimiento, embarazo y lactancia, posparto o post-aborto y siempre que se aumenten las necesidades de nutrientes espec\u00edficos. PRESENTACI\u00d3N 30 C\u00e1psulas.<\/p>\n","protected":false},"excerpt":{"rendered":"<p>Indicado para la Anemia El complejo de hierro est\u00e1 indicado para las anemias carenciales. En situaci\u00f3n de falta de hierro por hemorragia o carencia alimentaria. Deficiencia de vitamina B12 o de \u00e1cido f\u00f3lico en dietas restringidas como las vegetarianas. En situaci\u00f3n de falta de apetito, astenia, en particular en los ancianos. Como suplemento alimenticio, a\u00fan [&#8230;]<\/p>\n<p><a class=\"btn btn-secondary understrap-read-more-link\" href=\"https:\/\/www.lifenatura.com\/es\/produto\/complejo-de-hierro-30-capsulas-vegetales-fsc\/\">Leer m\u00e1s&#8230;<span class=\"screen-reader-text\"> from Complejo de Hierro 30 c\u00e1psulas vegetales &#8211; Fsc<\/span><\/a><\/p>\n","protected":false},"featured_media":19929,"template":"","meta":{"_acf_changed":false},"product_brand":[8485],"product_cat":[7220,7179],"product_tag":[],"class_list":{"0":"post-38330","1":"product","2":"type-product","3":"status-publish","4":"has-post-thumbnail","6":"product_brand-fsc","7":"product_cat-anemia-salud","8":"product_cat-salud","10":"first","11":"outofstock","12":"shipping-taxable","13":"purchasable","14":"product-type-simple","15":"add-to-wishlist-before_image"},"acf":[],"yoast_head":"<!-- This site is optimized with the Yoast SEO Premium plugin v27.1 (Yoast SEO v27.5) - https:\/\/yoast.com\/product\/yoast-seo-premium-wordpress\/ -->\n<title>Complejo de Hierro 30 c\u00e1psulas vegetales - Fsc<\/title>\n<meta name=\"description\" content=\"El complejo de hierro est\u00e1 indicado para las anemias carenciales. En situaci\u00f3n de falta de hierro por hemorragia o carencia alimentaria.\" \/>\n<meta name=\"robots\" content=\"index, follow, max-snippet:-1, max-image-preview:large, max-video-preview:-1\" \/>\n<link rel=\"canonical\" href=\"https:\/\/www.lifenatura.com\/es\/produto\/complejo-de-hierro-30-capsulas-vegetales-fsc\/\" \/>\n<meta property=\"og:locale\" content=\"es_ES\" \/>\n<meta property=\"og:type\" content=\"article\" \/>\n<meta property=\"og:title\" content=\"Complejo de Hierro 30 c\u00e1psulas vegetales - Fsc - Na Lifenatura ao Melhor Pre\u00e7o | Envio 48h\" \/>\n<meta property=\"og:description\" content=\"Compre Complejo de Hierro 30 c\u00e1psulas vegetales - Fsc com envio r\u00e1pido. Entrega em 48h e portes gr\u00e1tis em compras &gt;35\u20ac. Aproveite j\u00e1 na Lifenatura\" \/>\n<meta property=\"og:url\" content=\"https:\/\/www.lifenatura.com\/es\/produto\/complejo-de-hierro-30-capsulas-vegetales-fsc\/\" \/>\n<meta property=\"og:site_name\" content=\"Lifenatura\" \/>\n<meta property=\"article:publisher\" content=\"https:\/\/www.facebook.com\/lifenatura\" \/>\n<meta property=\"article:modified_time\" content=\"2022-08-21T14:34:08+00:00\" \/>\n<meta property=\"og:image\" content=\"https:\/\/www.lifenatura.com\/wp-content\/uploads\/2021\/09\/gd_fsc-complexo-de-ferro-30-capsulas-vegetais.jpg\" \/>\n\t<meta property=\"og:image:width\" content=\"1000\" \/>\n\t<meta property=\"og:image:height\" content=\"1000\" \/>\n\t<meta property=\"og:image:type\" content=\"image\/jpeg\" \/>\n<meta name=\"twitter:card\" content=\"summary_large_image\" \/>\n<meta name=\"twitter:label1\" content=\"Precio\" \/>\n\t<meta name=\"twitter:data1\" content=\"6,49&nbsp;&euro;\" \/>\n\t<meta name=\"twitter:label2\" content=\"Disponibilidad\" \/>\n\t<meta name=\"twitter:data2\" content=\"Sin existencias\" \/>\n<script type=\"application\/ld+json\" class=\"yoast-schema-graph\">{\"@context\":\"https:\\\/\\\/schema.org\",\"@graph\":[{\"@type\":\"WebPage\",\"@id\":\"https:\\\/\\\/www.lifenatura.com\\\/es\\\/produto\\\/complejo-de-hierro-30-capsulas-vegetales-fsc\\\/\",\"url\":\"https:\\\/\\\/www.lifenatura.com\\\/es\\\/produto\\\/complejo-de-hierro-30-capsulas-vegetales-fsc\\\/\",\"name\":\"Complejo de Hierro 30 c\u00e1psulas vegetales - Fsc\",\"isPartOf\":{\"@id\":\"https:\\\/\\\/www.lifenatura.com\\\/es\\\/#website\"},\"primaryImageOfPage\":{\"@id\":\"https:\\\/\\\/www.lifenatura.com\\\/es\\\/produto\\\/complejo-de-hierro-30-capsulas-vegetales-fsc\\\/#primaryimage\"},\"image\":{\"@id\":\"https:\\\/\\\/www.lifenatura.com\\\/es\\\/produto\\\/complejo-de-hierro-30-capsulas-vegetales-fsc\\\/#primaryimage\"},\"thumbnailUrl\":\"https:\\\/\\\/www.lifenatura.com\\\/wp-content\\\/uploads\\\/2021\\\/09\\\/gd_fsc-complexo-de-ferro-30-capsulas-vegetais.jpg\",\"datePublished\":\"2021-09-30T10:04:44+00:00\",\"dateModified\":\"2022-08-21T14:34:08+00:00\",\"description\":\"El complejo de hierro est\u00e1 indicado para las anemias carenciales. En situaci\u00f3n de falta de hierro por hemorragia o carencia alimentaria.\",\"breadcrumb\":{\"@id\":\"https:\\\/\\\/www.lifenatura.com\\\/es\\\/produto\\\/complejo-de-hierro-30-capsulas-vegetales-fsc\\\/#breadcrumb\"},\"inLanguage\":\"es\",\"potentialAction\":[{\"@type\":\"ReadAction\",\"target\":[\"https:\\\/\\\/www.lifenatura.com\\\/es\\\/produto\\\/complejo-de-hierro-30-capsulas-vegetales-fsc\\\/\"]}]},{\"@type\":\"ImageObject\",\"inLanguage\":\"es\",\"@id\":\"https:\\\/\\\/www.lifenatura.com\\\/es\\\/produto\\\/complejo-de-hierro-30-capsulas-vegetales-fsc\\\/#primaryimage\",\"url\":\"https:\\\/\\\/www.lifenatura.com\\\/wp-content\\\/uploads\\\/2021\\\/09\\\/gd_fsc-complexo-de-ferro-30-capsulas-vegetais.jpg\",\"contentUrl\":\"https:\\\/\\\/www.lifenatura.com\\\/wp-content\\\/uploads\\\/2021\\\/09\\\/gd_fsc-complexo-de-ferro-30-capsulas-vegetais.jpg\",\"width\":1000,\"height\":1000,\"caption\":\"Complejo de Hierro 30 c\u00e1psulas vegetales - Fsc\"},{\"@type\":\"BreadcrumbList\",\"@id\":\"https:\\\/\\\/www.lifenatura.com\\\/es\\\/produto\\\/complejo-de-hierro-30-capsulas-vegetales-fsc\\\/#breadcrumb\",\"itemListElement\":[{\"@type\":\"ListItem\",\"position\":1,\"name\":\"In\u00edcio\",\"item\":\"https:\\\/\\\/www.lifenatura.com\\\/es\\\/\"},{\"@type\":\"ListItem\",\"position\":2,\"name\":\"Todos los Productos\",\"item\":\"https:\\\/\\\/www.lifenatura.com\\\/es\\\/tienda\\\/\"},{\"@type\":\"ListItem\",\"position\":3,\"name\":\"Complejo de Hierro 30 c\u00e1psulas vegetales &#8211; Fsc\"}]},{\"@type\":\"WebSite\",\"@id\":\"https:\\\/\\\/www.lifenatura.com\\\/es\\\/#website\",\"url\":\"https:\\\/\\\/www.lifenatura.com\\\/es\\\/\",\"name\":\"Lifenatura\",\"description\":\"A Lifenatura \u00e9 uma loja de produtos naturais, cosm\u00e9tica natural e alimenta\u00e7\u00e3o Biol\u00f3gica.\",\"publisher\":{\"@id\":\"https:\\\/\\\/www.lifenatura.com\\\/es\\\/#organization\"},\"potentialAction\":[{\"@type\":\"SearchAction\",\"target\":{\"@type\":\"EntryPoint\",\"urlTemplate\":\"https:\\\/\\\/www.lifenatura.com\\\/es\\\/?s={search_term_string}\"},\"query-input\":{\"@type\":\"PropertyValueSpecification\",\"valueRequired\":true,\"valueName\":\"search_term_string\"}}],\"inLanguage\":\"es\"},{\"@type\":\"Organization\",\"@id\":\"https:\\\/\\\/www.lifenatura.com\\\/es\\\/#organization\",\"name\":\"Lifenatura\",\"url\":\"https:\\\/\\\/www.lifenatura.com\\\/es\\\/\",\"logo\":{\"@type\":\"ImageObject\",\"inLanguage\":\"es\",\"@id\":\"https:\\\/\\\/www.lifenatura.com\\\/es\\\/#\\\/schema\\\/logo\\\/image\\\/\",\"url\":\"https:\\\/\\\/www.lifenatura.com\\\/wp-content\\\/uploads\\\/2021\\\/07\\\/logo.png\",\"contentUrl\":\"https:\\\/\\\/www.lifenatura.com\\\/wp-content\\\/uploads\\\/2021\\\/07\\\/logo.png\",\"width\":175,\"height\":55,\"caption\":\"Lifenatura\"},\"image\":{\"@id\":\"https:\\\/\\\/www.lifenatura.com\\\/es\\\/#\\\/schema\\\/logo\\\/image\\\/\"},\"sameAs\":[\"https:\\\/\\\/www.facebook.com\\\/lifenatura\",\"https:\\\/\\\/www.instagram.com\\\/lifenaturapt\\\/\"],\"hasMerchantReturnPolicy\":{\"@type\":\"MerchantReturnPolicy\",\"merchantReturnLink\":\"https:\\\/\\\/www.lifenatura.com\\\/termos-condicoes-lifenatura\\\/\"}}]}<\/script>\n<meta property=\"product:price:amount\" content=\"6.49\" \/>\n<meta property=\"product:price:currency\" content=\"EUR\" \/>\n<meta property=\"og:availability\" content=\"out of stock\" \/>\n<meta property=\"product:availability\" content=\"out of stock\" \/>\n<meta property=\"product:retailer_item_id\" content=\"5010249031586\" \/>\n<meta property=\"product:condition\" content=\"new\" \/>\n<!-- \/ Yoast SEO Premium plugin. -->","yoast_head_json":{"title":"Complejo de Hierro 30 c\u00e1psulas vegetales - Fsc","description":"El complejo de hierro est\u00e1 indicado para las anemias carenciales. En situaci\u00f3n de falta de hierro por hemorragia o carencia alimentaria.","robots":{"index":"index","follow":"follow","max-snippet":"max-snippet:-1","max-image-preview":"max-image-preview:large","max-video-preview":"max-video-preview:-1"},"canonical":"https:\/\/www.lifenatura.com\/es\/produto\/complejo-de-hierro-30-capsulas-vegetales-fsc\/","og_locale":"es_ES","og_type":"article","og_title":"Complejo de Hierro 30 c\u00e1psulas vegetales - Fsc - Na Lifenatura ao Melhor Pre\u00e7o | Envio 48h","og_description":"Compre Complejo de Hierro 30 c\u00e1psulas vegetales - Fsc com envio r\u00e1pido. Entrega em 48h e portes gr\u00e1tis em compras >35\u20ac. Aproveite j\u00e1 na Lifenatura","og_url":"https:\/\/www.lifenatura.com\/es\/produto\/complejo-de-hierro-30-capsulas-vegetales-fsc\/","og_site_name":"Lifenatura","article_publisher":"https:\/\/www.facebook.com\/lifenatura","article_modified_time":"2022-08-21T14:34:08+00:00","og_image":[{"width":1000,"height":1000,"url":"https:\/\/www.lifenatura.com\/wp-content\/uploads\/2021\/09\/gd_fsc-complexo-de-ferro-30-capsulas-vegetais.jpg","type":"image\/jpeg"}],"twitter_card":"summary_large_image","twitter_misc":{"Precio":"6,49&nbsp;&euro;","Disponibilidad":"Sin existencias"},"schema":{"@context":"https:\/\/schema.org","@graph":[{"@type":"WebPage","@id":"https:\/\/www.lifenatura.com\/es\/produto\/complejo-de-hierro-30-capsulas-vegetales-fsc\/","url":"https:\/\/www.lifenatura.com\/es\/produto\/complejo-de-hierro-30-capsulas-vegetales-fsc\/","name":"Complejo de Hierro 30 c\u00e1psulas vegetales - Fsc","isPartOf":{"@id":"https:\/\/www.lifenatura.com\/es\/#website"},"primaryImageOfPage":{"@id":"https:\/\/www.lifenatura.com\/es\/produto\/complejo-de-hierro-30-capsulas-vegetales-fsc\/#primaryimage"},"image":{"@id":"https:\/\/www.lifenatura.com\/es\/produto\/complejo-de-hierro-30-capsulas-vegetales-fsc\/#primaryimage"},"thumbnailUrl":"https:\/\/www.lifenatura.com\/wp-content\/uploads\/2021\/09\/gd_fsc-complexo-de-ferro-30-capsulas-vegetais.jpg","datePublished":"2021-09-30T10:04:44+00:00","dateModified":"2022-08-21T14:34:08+00:00","description":"El complejo de hierro est\u00e1 indicado para las anemias carenciales. En situaci\u00f3n de falta de hierro por hemorragia o carencia alimentaria.","breadcrumb":{"@id":"https:\/\/www.lifenatura.com\/es\/produto\/complejo-de-hierro-30-capsulas-vegetales-fsc\/#breadcrumb"},"inLanguage":"es","potentialAction":[{"@type":"ReadAction","target":["https:\/\/www.lifenatura.com\/es\/produto\/complejo-de-hierro-30-capsulas-vegetales-fsc\/"]}]},{"@type":"ImageObject","inLanguage":"es","@id":"https:\/\/www.lifenatura.com\/es\/produto\/complejo-de-hierro-30-capsulas-vegetales-fsc\/#primaryimage","url":"https:\/\/www.lifenatura.com\/wp-content\/uploads\/2021\/09\/gd_fsc-complexo-de-ferro-30-capsulas-vegetais.jpg","contentUrl":"https:\/\/www.lifenatura.com\/wp-content\/uploads\/2021\/09\/gd_fsc-complexo-de-ferro-30-capsulas-vegetais.jpg","width":1000,"height":1000,"caption":"Complejo de Hierro 30 c\u00e1psulas vegetales - Fsc"},{"@type":"BreadcrumbList","@id":"https:\/\/www.lifenatura.com\/es\/produto\/complejo-de-hierro-30-capsulas-vegetales-fsc\/#breadcrumb","itemListElement":[{"@type":"ListItem","position":1,"name":"In\u00edcio","item":"https:\/\/www.lifenatura.com\/es\/"},{"@type":"ListItem","position":2,"name":"Todos los Productos","item":"https:\/\/www.lifenatura.com\/es\/tienda\/"},{"@type":"ListItem","position":3,"name":"Complejo de Hierro 30 c\u00e1psulas vegetales &#8211; Fsc"}]},{"@type":"WebSite","@id":"https:\/\/www.lifenatura.com\/es\/#website","url":"https:\/\/www.lifenatura.com\/es\/","name":"Lifenatura","description":"A Lifenatura \u00e9 uma loja de produtos naturais, cosm\u00e9tica natural e alimenta\u00e7\u00e3o Biol\u00f3gica.","publisher":{"@id":"https:\/\/www.lifenatura.com\/es\/#organization"},"potentialAction":[{"@type":"SearchAction","target":{"@type":"EntryPoint","urlTemplate":"https:\/\/www.lifenatura.com\/es\/?s={search_term_string}"},"query-input":{"@type":"PropertyValueSpecification","valueRequired":true,"valueName":"search_term_string"}}],"inLanguage":"es"},{"@type":"Organization","@id":"https:\/\/www.lifenatura.com\/es\/#organization","name":"Lifenatura","url":"https:\/\/www.lifenatura.com\/es\/","logo":{"@type":"ImageObject","inLanguage":"es","@id":"https:\/\/www.lifenatura.com\/es\/#\/schema\/logo\/image\/","url":"https:\/\/www.lifenatura.com\/wp-content\/uploads\/2021\/07\/logo.png","contentUrl":"https:\/\/www.lifenatura.com\/wp-content\/uploads\/2021\/07\/logo.png","width":175,"height":55,"caption":"Lifenatura"},"image":{"@id":"https:\/\/www.lifenatura.com\/es\/#\/schema\/logo\/image\/"},"sameAs":["https:\/\/www.facebook.com\/lifenatura","https:\/\/www.instagram.com\/lifenaturapt\/"],"hasMerchantReturnPolicy":{"@type":"MerchantReturnPolicy","merchantReturnLink":"https:\/\/www.lifenatura.com\/termos-condicoes-lifenatura\/"}}]},"product_price_amount":"6.49","product_price_currency":"EUR","og_availability":"out of stock","product_availability":"out of stock","product_retailer_item_id":"5010249031586","product_condition":"new"},"df_price":6.49,"df_sale_price":"","df_regular_price":6.49,"df_image_link":"https:\/\/www.lifenatura.com\/wp-content\/uploads\/2021\/09\/gd_fsc-complexo-de-ferro-30-capsulas-vegetais-300x300.jpg","_links":{"self":[{"href":"https:\/\/www.lifenatura.com\/es\/wp-json\/wp\/v2\/product\/38330","targetHints":{"allow":["GET"]}}],"collection":[{"href":"https:\/\/www.lifenatura.com\/es\/wp-json\/wp\/v2\/product"}],"about":[{"href":"https:\/\/www.lifenatura.com\/es\/wp-json\/wp\/v2\/types\/product"}],"wp:featuredmedia":[{"embeddable":true,"href":"https:\/\/www.lifenatura.com\/es\/wp-json\/wp\/v2\/media\/19929"}],"wp:attachment":[{"href":"https:\/\/www.lifenatura.com\/es\/wp-json\/wp\/v2\/media?parent=38330"}],"wp:term":[{"taxonomy":"product_brand","embeddable":true,"href":"https:\/\/www.lifenatura.com\/es\/wp-json\/wp\/v2\/product_brand?post=38330"},{"taxonomy":"product_cat","embeddable":true,"href":"https:\/\/www.lifenatura.com\/es\/wp-json\/wp\/v2\/product_cat?post=38330"},{"taxonomy":"product_tag","embeddable":true,"href":"https:\/\/www.lifenatura.com\/es\/wp-json\/wp\/v2\/product_tag?post=38330"}],"curies":[{"name":"wp","href":"https:\/\/api.w.org\/{rel}","templated":true}]}}