{"id":38278,"date":"2021-09-30T10:03:40","date_gmt":"2021-09-30T10:03:40","guid":{"rendered":"https:\/\/lifenatura.dev.agenciagetdigital.com\/produto\/captador-gorduras-xtra-slim-700-forte-pharma\/"},"modified":"2025-02-02T00:02:29","modified_gmt":"2025-02-02T00:02:29","slug":"captador-gorduras-xtra-slim-700-forte-pharma","status":"publish","type":"product","link":"https:\/\/www.lifenatura.com\/es\/produto\/captador-gorduras-xtra-slim-700-forte-pharma\/","title":{"rendered":"Captador Gorduras + Xtra Slim 700 &#8211; Forte Pharma"},"content":{"rendered":"<h2 style=\"text-align: left;\"><strong>EL Pack Forte Pharma captura y quema grasas localizadas<\/strong><\/h2>\n<p>&nbsp;<\/p>\n<p>La f\u00f3rmula XtraSlim Captador 3 en 1 Extra fue desarrollada para un manejo global de la p\u00e9rdida de peso, capturando grasas, az\u00facares y, como resultado, reduciendo la ingesta de calor\u00edas de la dieta.<\/p>\n<h3><\/h3>\n<h3><strong>BENEFICIOS CAPTADOR GORDURAS XTRASLIM<\/strong><\/h3>\n<p>Captura grasas;<\/p>\n<p>Bloquea la absorci\u00f3n de az\u00facares;<\/p>\n<p>Reduce las calor\u00edas ingeridas<\/p>\n<p>&nbsp;<\/p>\n<p>Xtram Slim 700 de Forte Pharma tiene como principal objetivo quemar grasas de forma eficaz, presenta 3 acciones adelgazantes:<\/p>\n<p>&#8211; Es un excelente quemagrasas,<\/p>\n<p>&#8211; Un moderador del apetito que controla eficazmente los per\u00edodos de aumento del apetito,<\/p>\n<p>&#8211; Se considera un excelente escurridor.<\/p>\n<p>&nbsp;<\/p>\n<h3><strong>VENTAJAS DE XTRASLIM 700 <\/strong><\/h3>\n<p>Quemador de grasa extra Moderador de apetito drenando<\/p>\n<p><strong>PRESENTACI\u00d3N <\/strong><\/p>\n<p>60 + 120 c\u00e1psulas<\/p>\n","protected":false},"excerpt":{"rendered":"<p>EL Pack Forte Pharma captura y quema grasas localizadas &nbsp; La f\u00f3rmula XtraSlim Captador 3 en 1 Extra fue desarrollada para un manejo global de la p\u00e9rdida de peso, capturando grasas, az\u00facares y, como resultado, reduciendo la ingesta de calor\u00edas de la dieta. BENEFICIOS CAPTADOR GORDURAS XTRASLIM Captura grasas; Bloquea la absorci\u00f3n de az\u00facares; Reduce [&#8230;]<\/p>\n<p><a class=\"btn btn-secondary understrap-read-more-link\" href=\"https:\/\/www.lifenatura.com\/es\/produto\/captador-gorduras-xtra-slim-700-forte-pharma\/\">Leer m\u00e1s&#8230;<span class=\"screen-reader-text\"> from Captador Gorduras + Xtra Slim 700 &#8211; Forte Pharma<\/span><\/a><\/p>\n","protected":false},"featured_media":19877,"template":"","meta":{"_acf_changed":false},"product_brand":[8557],"product_cat":[7190,7191,7263,7195,7179],"product_tag":[],"class_list":{"0":"post-38278","1":"product","2":"type-product","3":"status-publish","4":"has-post-thumbnail","6":"product_brand-forte-pharma","7":"product_cat-adelgazar","8":"product_cat-inhibidores-de-absorcion","9":"product_cat-packs-de-salud","10":"product_cat-quemagrasas","11":"product_cat-salud","13":"first","14":"instock","15":"sale","16":"shipping-taxable","17":"purchasable","18":"product-type-simple","19":"add-to-wishlist-before_image"},"acf":[],"yoast_head":"<!-- This site is optimized with the Yoast SEO Premium plugin v27.1 (Yoast SEO v27.5) - https:\/\/yoast.com\/product\/yoast-seo-premium-wordpress\/ -->\n<title>Captador Gorduras + Xtra Slim 700 Forte Pharma - Lifenatura<\/title>\n<meta name=\"description\" content=\"El Captador de Graza Pack plus xtraslim 700 es una mezcla explosiva que reduce eficazmente la grasa corporal y ayuda a perder peso.\" \/>\n<meta name=\"robots\" content=\"index, follow, max-snippet:-1, max-image-preview:large, max-video-preview:-1\" \/>\n<link rel=\"canonical\" href=\"https:\/\/www.lifenatura.com\/es\/produto\/captador-gorduras-xtra-slim-700-forte-pharma\/\" \/>\n<meta property=\"og:locale\" content=\"es_ES\" \/>\n<meta property=\"og:type\" content=\"article\" \/>\n<meta property=\"og:title\" content=\"Captador Gorduras + Xtra Slim 700 - Forte Pharma - Na Lifenatura ao Melhor Pre\u00e7o | Envio 48h\" \/>\n<meta property=\"og:description\" content=\"Compre Captador Gorduras + Xtra Slim 700 - Forte Pharma com envio r\u00e1pido. Entrega em 48h e portes gr\u00e1tis em compras &gt;35\u20ac. Aproveite j\u00e1 na Lifenatura\" \/>\n<meta property=\"og:url\" content=\"https:\/\/www.lifenatura.com\/es\/produto\/captador-gorduras-xtra-slim-700-forte-pharma\/\" \/>\n<meta property=\"og:site_name\" content=\"Lifenatura\" \/>\n<meta property=\"article:publisher\" content=\"https:\/\/www.facebook.com\/lifenatura\" \/>\n<meta property=\"article:modified_time\" content=\"2025-02-02T00:02:29+00:00\" \/>\n<meta property=\"og:image\" content=\"https:\/\/www.lifenatura.com\/wp-content\/uploads\/2021\/09\/gd_captador_gorduras_xtraslim_700.jpg\" \/>\n\t<meta property=\"og:image:width\" content=\"1000\" \/>\n\t<meta property=\"og:image:height\" content=\"1000\" \/>\n\t<meta property=\"og:image:type\" content=\"image\/jpeg\" \/>\n<meta name=\"twitter:card\" content=\"summary_large_image\" \/>\n<meta name=\"twitter:label1\" content=\"Precio\" \/>\n\t<meta name=\"twitter:data1\" content=\"62,05&nbsp;&euro;\" \/>\n\t<meta name=\"twitter:label2\" content=\"Disponibilidad\" \/>\n\t<meta name=\"twitter:data2\" content=\"Disponible\" \/>\n<script type=\"application\/ld+json\" class=\"yoast-schema-graph\">{\"@context\":\"https:\\\/\\\/schema.org\",\"@graph\":[{\"@type\":\"WebPage\",\"@id\":\"https:\\\/\\\/www.lifenatura.com\\\/es\\\/produto\\\/captador-gorduras-xtra-slim-700-forte-pharma\\\/\",\"url\":\"https:\\\/\\\/www.lifenatura.com\\\/es\\\/produto\\\/captador-gorduras-xtra-slim-700-forte-pharma\\\/\",\"name\":\"Captador Gorduras + Xtra Slim 700 Forte Pharma - Lifenatura\",\"isPartOf\":{\"@id\":\"https:\\\/\\\/www.lifenatura.com\\\/es\\\/#website\"},\"primaryImageOfPage\":{\"@id\":\"https:\\\/\\\/www.lifenatura.com\\\/es\\\/produto\\\/captador-gorduras-xtra-slim-700-forte-pharma\\\/#primaryimage\"},\"image\":{\"@id\":\"https:\\\/\\\/www.lifenatura.com\\\/es\\\/produto\\\/captador-gorduras-xtra-slim-700-forte-pharma\\\/#primaryimage\"},\"thumbnailUrl\":\"https:\\\/\\\/www.lifenatura.com\\\/wp-content\\\/uploads\\\/2021\\\/09\\\/gd_captador_gorduras_xtraslim_700.jpg\",\"datePublished\":\"2021-09-30T10:03:40+00:00\",\"dateModified\":\"2025-02-02T00:02:29+00:00\",\"description\":\"El Captador de Graza Pack plus xtraslim 700 es una mezcla explosiva que reduce eficazmente la grasa corporal y ayuda a perder peso.\",\"breadcrumb\":{\"@id\":\"https:\\\/\\\/www.lifenatura.com\\\/es\\\/produto\\\/captador-gorduras-xtra-slim-700-forte-pharma\\\/#breadcrumb\"},\"inLanguage\":\"es\",\"potentialAction\":[{\"@type\":\"ReadAction\",\"target\":[\"https:\\\/\\\/www.lifenatura.com\\\/es\\\/produto\\\/captador-gorduras-xtra-slim-700-forte-pharma\\\/\"]}]},{\"@type\":\"ImageObject\",\"inLanguage\":\"es\",\"@id\":\"https:\\\/\\\/www.lifenatura.com\\\/es\\\/produto\\\/captador-gorduras-xtra-slim-700-forte-pharma\\\/#primaryimage\",\"url\":\"https:\\\/\\\/www.lifenatura.com\\\/wp-content\\\/uploads\\\/2021\\\/09\\\/gd_captador_gorduras_xtraslim_700.jpg\",\"contentUrl\":\"https:\\\/\\\/www.lifenatura.com\\\/wp-content\\\/uploads\\\/2021\\\/09\\\/gd_captador_gorduras_xtraslim_700.jpg\",\"width\":1000,\"height\":1000,\"caption\":\"Captador Gorduras + Xtra Slim 700 - Forte Pharma\"},{\"@type\":\"BreadcrumbList\",\"@id\":\"https:\\\/\\\/www.lifenatura.com\\\/es\\\/produto\\\/captador-gorduras-xtra-slim-700-forte-pharma\\\/#breadcrumb\",\"itemListElement\":[{\"@type\":\"ListItem\",\"position\":1,\"name\":\"In\u00edcio\",\"item\":\"https:\\\/\\\/www.lifenatura.com\\\/es\\\/\"},{\"@type\":\"ListItem\",\"position\":2,\"name\":\"Todos los Productos\",\"item\":\"https:\\\/\\\/www.lifenatura.com\\\/es\\\/tienda\\\/\"},{\"@type\":\"ListItem\",\"position\":3,\"name\":\"Captador Gorduras + Xtra Slim 700 &#8211; Forte Pharma\"}]},{\"@type\":\"WebSite\",\"@id\":\"https:\\\/\\\/www.lifenatura.com\\\/es\\\/#website\",\"url\":\"https:\\\/\\\/www.lifenatura.com\\\/es\\\/\",\"name\":\"Lifenatura\",\"description\":\"A Lifenatura \u00e9 uma loja de produtos naturais, cosm\u00e9tica natural e alimenta\u00e7\u00e3o Biol\u00f3gica.\",\"publisher\":{\"@id\":\"https:\\\/\\\/www.lifenatura.com\\\/es\\\/#organization\"},\"potentialAction\":[{\"@type\":\"SearchAction\",\"target\":{\"@type\":\"EntryPoint\",\"urlTemplate\":\"https:\\\/\\\/www.lifenatura.com\\\/es\\\/?s={search_term_string}\"},\"query-input\":{\"@type\":\"PropertyValueSpecification\",\"valueRequired\":true,\"valueName\":\"search_term_string\"}}],\"inLanguage\":\"es\"},{\"@type\":\"Organization\",\"@id\":\"https:\\\/\\\/www.lifenatura.com\\\/es\\\/#organization\",\"name\":\"Lifenatura\",\"url\":\"https:\\\/\\\/www.lifenatura.com\\\/es\\\/\",\"logo\":{\"@type\":\"ImageObject\",\"inLanguage\":\"es\",\"@id\":\"https:\\\/\\\/www.lifenatura.com\\\/es\\\/#\\\/schema\\\/logo\\\/image\\\/\",\"url\":\"https:\\\/\\\/www.lifenatura.com\\\/wp-content\\\/uploads\\\/2021\\\/07\\\/logo.png\",\"contentUrl\":\"https:\\\/\\\/www.lifenatura.com\\\/wp-content\\\/uploads\\\/2021\\\/07\\\/logo.png\",\"width\":175,\"height\":55,\"caption\":\"Lifenatura\"},\"image\":{\"@id\":\"https:\\\/\\\/www.lifenatura.com\\\/es\\\/#\\\/schema\\\/logo\\\/image\\\/\"},\"sameAs\":[\"https:\\\/\\\/www.facebook.com\\\/lifenatura\",\"https:\\\/\\\/www.instagram.com\\\/lifenaturapt\\\/\"],\"hasMerchantReturnPolicy\":{\"@type\":\"MerchantReturnPolicy\",\"merchantReturnLink\":\"https:\\\/\\\/www.lifenatura.com\\\/termos-condicoes-lifenatura\\\/\"}}]}<\/script>\n<meta property=\"product:price:amount\" content=\"62.05\" \/>\n<meta property=\"product:price:currency\" content=\"EUR\" \/>\n<meta property=\"og:availability\" content=\"instock\" \/>\n<meta property=\"product:availability\" content=\"instock\" \/>\n<meta property=\"product:retailer_item_id\" content=\"626439010pack1\" \/>\n<meta property=\"product:condition\" content=\"new\" \/>\n<!-- \/ Yoast SEO Premium plugin. -->","yoast_head_json":{"title":"Captador Gorduras + Xtra Slim 700 Forte Pharma - Lifenatura","description":"El Captador de Graza Pack plus xtraslim 700 es una mezcla explosiva que reduce eficazmente la grasa corporal y ayuda a perder peso.","robots":{"index":"index","follow":"follow","max-snippet":"max-snippet:-1","max-image-preview":"max-image-preview:large","max-video-preview":"max-video-preview:-1"},"canonical":"https:\/\/www.lifenatura.com\/es\/produto\/captador-gorduras-xtra-slim-700-forte-pharma\/","og_locale":"es_ES","og_type":"article","og_title":"Captador Gorduras + Xtra Slim 700 - Forte Pharma - Na Lifenatura ao Melhor Pre\u00e7o | Envio 48h","og_description":"Compre Captador Gorduras + Xtra Slim 700 - Forte Pharma com envio r\u00e1pido. Entrega em 48h e portes gr\u00e1tis em compras >35\u20ac. Aproveite j\u00e1 na Lifenatura","og_url":"https:\/\/www.lifenatura.com\/es\/produto\/captador-gorduras-xtra-slim-700-forte-pharma\/","og_site_name":"Lifenatura","article_publisher":"https:\/\/www.facebook.com\/lifenatura","article_modified_time":"2025-02-02T00:02:29+00:00","og_image":[{"width":1000,"height":1000,"url":"https:\/\/www.lifenatura.com\/wp-content\/uploads\/2021\/09\/gd_captador_gorduras_xtraslim_700.jpg","type":"image\/jpeg"}],"twitter_card":"summary_large_image","twitter_misc":{"Precio":"62,05&nbsp;&euro;","Disponibilidad":"Disponible"},"schema":{"@context":"https:\/\/schema.org","@graph":[{"@type":"WebPage","@id":"https:\/\/www.lifenatura.com\/es\/produto\/captador-gorduras-xtra-slim-700-forte-pharma\/","url":"https:\/\/www.lifenatura.com\/es\/produto\/captador-gorduras-xtra-slim-700-forte-pharma\/","name":"Captador Gorduras + Xtra Slim 700 Forte Pharma - Lifenatura","isPartOf":{"@id":"https:\/\/www.lifenatura.com\/es\/#website"},"primaryImageOfPage":{"@id":"https:\/\/www.lifenatura.com\/es\/produto\/captador-gorduras-xtra-slim-700-forte-pharma\/#primaryimage"},"image":{"@id":"https:\/\/www.lifenatura.com\/es\/produto\/captador-gorduras-xtra-slim-700-forte-pharma\/#primaryimage"},"thumbnailUrl":"https:\/\/www.lifenatura.com\/wp-content\/uploads\/2021\/09\/gd_captador_gorduras_xtraslim_700.jpg","datePublished":"2021-09-30T10:03:40+00:00","dateModified":"2025-02-02T00:02:29+00:00","description":"El Captador de Graza Pack plus xtraslim 700 es una mezcla explosiva que reduce eficazmente la grasa corporal y ayuda a perder peso.","breadcrumb":{"@id":"https:\/\/www.lifenatura.com\/es\/produto\/captador-gorduras-xtra-slim-700-forte-pharma\/#breadcrumb"},"inLanguage":"es","potentialAction":[{"@type":"ReadAction","target":["https:\/\/www.lifenatura.com\/es\/produto\/captador-gorduras-xtra-slim-700-forte-pharma\/"]}]},{"@type":"ImageObject","inLanguage":"es","@id":"https:\/\/www.lifenatura.com\/es\/produto\/captador-gorduras-xtra-slim-700-forte-pharma\/#primaryimage","url":"https:\/\/www.lifenatura.com\/wp-content\/uploads\/2021\/09\/gd_captador_gorduras_xtraslim_700.jpg","contentUrl":"https:\/\/www.lifenatura.com\/wp-content\/uploads\/2021\/09\/gd_captador_gorduras_xtraslim_700.jpg","width":1000,"height":1000,"caption":"Captador Gorduras + Xtra Slim 700 - Forte Pharma"},{"@type":"BreadcrumbList","@id":"https:\/\/www.lifenatura.com\/es\/produto\/captador-gorduras-xtra-slim-700-forte-pharma\/#breadcrumb","itemListElement":[{"@type":"ListItem","position":1,"name":"In\u00edcio","item":"https:\/\/www.lifenatura.com\/es\/"},{"@type":"ListItem","position":2,"name":"Todos los Productos","item":"https:\/\/www.lifenatura.com\/es\/tienda\/"},{"@type":"ListItem","position":3,"name":"Captador Gorduras + Xtra Slim 700 &#8211; Forte Pharma"}]},{"@type":"WebSite","@id":"https:\/\/www.lifenatura.com\/es\/#website","url":"https:\/\/www.lifenatura.com\/es\/","name":"Lifenatura","description":"A Lifenatura \u00e9 uma loja de produtos naturais, cosm\u00e9tica natural e alimenta\u00e7\u00e3o Biol\u00f3gica.","publisher":{"@id":"https:\/\/www.lifenatura.com\/es\/#organization"},"potentialAction":[{"@type":"SearchAction","target":{"@type":"EntryPoint","urlTemplate":"https:\/\/www.lifenatura.com\/es\/?s={search_term_string}"},"query-input":{"@type":"PropertyValueSpecification","valueRequired":true,"valueName":"search_term_string"}}],"inLanguage":"es"},{"@type":"Organization","@id":"https:\/\/www.lifenatura.com\/es\/#organization","name":"Lifenatura","url":"https:\/\/www.lifenatura.com\/es\/","logo":{"@type":"ImageObject","inLanguage":"es","@id":"https:\/\/www.lifenatura.com\/es\/#\/schema\/logo\/image\/","url":"https:\/\/www.lifenatura.com\/wp-content\/uploads\/2021\/07\/logo.png","contentUrl":"https:\/\/www.lifenatura.com\/wp-content\/uploads\/2021\/07\/logo.png","width":175,"height":55,"caption":"Lifenatura"},"image":{"@id":"https:\/\/www.lifenatura.com\/es\/#\/schema\/logo\/image\/"},"sameAs":["https:\/\/www.facebook.com\/lifenatura","https:\/\/www.instagram.com\/lifenaturapt\/"],"hasMerchantReturnPolicy":{"@type":"MerchantReturnPolicy","merchantReturnLink":"https:\/\/www.lifenatura.com\/termos-condicoes-lifenatura\/"}}]},"product_price_amount":"62.05","product_price_currency":"EUR","og_availability":"instock","product_availability":"instock","product_retailer_item_id":"626439010pack1","product_condition":"new"},"df_price":62.05,"df_sale_price":62.05,"df_regular_price":85.44,"df_image_link":"https:\/\/www.lifenatura.com\/wp-content\/uploads\/2021\/09\/gd_captador_gorduras_xtraslim_700-300x300.jpg","_links":{"self":[{"href":"https:\/\/www.lifenatura.com\/es\/wp-json\/wp\/v2\/product\/38278","targetHints":{"allow":["GET"]}}],"collection":[{"href":"https:\/\/www.lifenatura.com\/es\/wp-json\/wp\/v2\/product"}],"about":[{"href":"https:\/\/www.lifenatura.com\/es\/wp-json\/wp\/v2\/types\/product"}],"wp:featuredmedia":[{"embeddable":true,"href":"https:\/\/www.lifenatura.com\/es\/wp-json\/wp\/v2\/media\/19877"}],"wp:attachment":[{"href":"https:\/\/www.lifenatura.com\/es\/wp-json\/wp\/v2\/media?parent=38278"}],"wp:term":[{"taxonomy":"product_brand","embeddable":true,"href":"https:\/\/www.lifenatura.com\/es\/wp-json\/wp\/v2\/product_brand?post=38278"},{"taxonomy":"product_cat","embeddable":true,"href":"https:\/\/www.lifenatura.com\/es\/wp-json\/wp\/v2\/product_cat?post=38278"},{"taxonomy":"product_tag","embeddable":true,"href":"https:\/\/www.lifenatura.com\/es\/wp-json\/wp\/v2\/product_tag?post=38278"}],"curies":[{"name":"wp","href":"https:\/\/api.w.org\/{rel}","templated":true}]}}