{"id":38270,"date":"2021-09-30T10:03:40","date_gmt":"2021-09-30T10:03:40","guid":{"rendered":"https:\/\/lifenatura.dev.agenciagetdigital.com\/produto\/xtraslim-max-500ml-forte-pharma\/"},"modified":"2025-02-02T00:02:27","modified_gmt":"2025-02-02T00:02:27","slug":"xtraslim-max-500ml-forte-pharma","status":"publish","type":"product","link":"https:\/\/www.lifenatura.com\/es\/produto\/xtraslim-max-500ml-forte-pharma\/","title":{"rendered":"XtraSlim Max 500ml &#8211; Forte Pharma"},"content":{"rendered":"<h2 style=\"text-align: left;\"><strong>Drenante Xtraslim Max que quema grasas<\/strong><\/h2>\n<p>&nbsp;<\/p>\n<p>XtraSlim Max es un quemagrasas, extra fuerte y extra r\u00e1pido, en una soluci\u00f3n bebible. Extra Forte porque est\u00e1 altamente concentrado en activos termog\u00e9nicos y tiene una concentraci\u00f3n de 5 gramos de activos, por raci\u00f3n.<\/p>\n<p>Este suplemento \u00e9 consiuderado extra r\u00e1pido porque presenta resultados efectivos en tan solo 20 d\u00edas. Xtraslim Max tiene una presentaci\u00f3n bebible, durante 20 d\u00edas de tratamiento, lo que permite una mejor adherencia al programa de adelgazamiento y, por tanto, una mejor eficacia en la p\u00e9rdida de peso.<\/p>\n<p>Combina dos acciones adelgazantes, para obtener mejores resultados en la p\u00e9rdida de peso general:<\/p>\n<p><strong>Quemar las grasas<\/strong> mediante la acci\u00f3n de Cola Nut, que ayuda a quemar las grasas.<\/p>\n<p><strong>Escurrir y eliminar<\/strong>: debido a la acci\u00f3n de la grosella negra, reconocida por favorecer la eliminaci\u00f3n de agua.<\/p>\n<p><strong> Desintoxicante,<\/strong> para ayudar a eliminar desechos y toxinas del cuerpo y acelerar el metabolismo b\u00e1sico.<\/p>\n<p><strong>PRESENTACI\u00d3N <\/strong><\/p>\n<p>500ml<\/p>\n<p>&nbsp;<\/p>\n","protected":false},"excerpt":{"rendered":"<p>Xtraslim Max es un nuevo suplemento natural que ayuda a adelgazar porque quema y elimina graza de forma natural y tambi\u00e9n drena intensamente. [&#8230;]<\/p>\n<p><a class=\"btn btn-secondary understrap-read-more-link\" href=\"https:\/\/www.lifenatura.com\/es\/produto\/xtraslim-max-500ml-forte-pharma\/\">Leer m\u00e1s&#8230;<span class=\"screen-reader-text\"> from XtraSlim Max 500ml &#8211; Forte Pharma<\/span><\/a><\/p>\n","protected":false},"featured_media":19871,"template":"","meta":{"_acf_changed":false},"product_brand":[8557],"product_cat":[7190,7674,7193,7659,7746,7195,7179,7159],"product_tag":[],"class_list":{"0":"post-38270","1":"product","2":"type-product","3":"status-publish","4":"has-post-thumbnail","6":"product_brand-forte-pharma","7":"product_cat-adelgazar","8":"product_cat-cafe-verde-bio","9":"product_cat-drenante-y-detox","10":"product_cat-ingrediente-natural-bio","11":"product_cat-mate-es","12":"product_cat-quemagrasas","13":"product_cat-salud","14":"product_cat-te-verde","15":"pa_dicas-forte-pharma-adelgazante","16":"pa_dicas-turboslim-drenante-forte-pharma-es","18":"first","19":"instock","20":"sale","21":"shipping-taxable","22":"purchasable","23":"product-type-simple","24":"add-to-wishlist-before_image"},"acf":[],"yoast_head":"<!-- This site is optimized with the Yoast SEO Premium plugin v27.1 (Yoast SEO v27.5) - https:\/\/yoast.com\/product\/yoast-seo-premium-wordpress\/ -->\n<title>XtraSlim Max 500ml - Forte Pharma - Na Lifenatura ao Melhor Pre\u00e7o | Envio em 48h<\/title>\n<meta name=\"description\" content=\"Xtraslim Max es un nuevo suplemento natural que ayuda a adelgazar porque quema y elimina graza de forma natural y tambi\u00e9n drena intensamente.\" \/>\n<meta name=\"robots\" content=\"index, follow, max-snippet:-1, max-image-preview:large, max-video-preview:-1\" \/>\n<link rel=\"canonical\" href=\"https:\/\/www.lifenatura.com\/es\/produto\/xtraslim-max-500ml-forte-pharma\/\" \/>\n<meta property=\"og:locale\" content=\"es_ES\" \/>\n<meta property=\"og:type\" content=\"article\" \/>\n<meta property=\"og:title\" content=\"XtraSlim Max 500ml - Forte Pharma - Na Lifenatura ao Melhor Pre\u00e7o | Envio 48h\" \/>\n<meta property=\"og:description\" content=\"Compre XtraSlim Max 500ml - Forte Pharma com envio r\u00e1pido. Entrega em 48h e portes gr\u00e1tis em compras &gt;35\u20ac. Aproveite j\u00e1 na Lifenatura\" \/>\n<meta property=\"og:url\" content=\"https:\/\/www.lifenatura.com\/es\/produto\/xtraslim-max-500ml-forte-pharma\/\" \/>\n<meta property=\"og:site_name\" content=\"Lifenatura\" \/>\n<meta property=\"article:publisher\" content=\"https:\/\/www.facebook.com\/lifenatura\" \/>\n<meta property=\"article:modified_time\" content=\"2025-02-02T00:02:27+00:00\" \/>\n<meta property=\"og:image\" content=\"https:\/\/www.lifenatura.com\/wp-content\/uploads\/2021\/09\/gd_xtraslim_max_500ml_forte_pharma.jpg\" \/>\n\t<meta property=\"og:image:width\" content=\"1000\" \/>\n\t<meta property=\"og:image:height\" content=\"1000\" \/>\n\t<meta property=\"og:image:type\" content=\"image\/jpeg\" \/>\n<meta name=\"twitter:card\" content=\"summary_large_image\" \/>\n<meta name=\"twitter:label1\" content=\"Precio\" \/>\n\t<meta name=\"twitter:data1\" content=\"20,02&nbsp;&euro;\" \/>\n\t<meta name=\"twitter:label2\" content=\"Disponibilidad\" \/>\n\t<meta name=\"twitter:data2\" content=\"Disponible\" \/>\n<script type=\"application\/ld+json\" class=\"yoast-schema-graph\">{\"@context\":\"https:\\\/\\\/schema.org\",\"@graph\":[{\"@type\":\"WebPage\",\"@id\":\"https:\\\/\\\/www.lifenatura.com\\\/es\\\/produto\\\/xtraslim-max-500ml-forte-pharma\\\/\",\"url\":\"https:\\\/\\\/www.lifenatura.com\\\/es\\\/produto\\\/xtraslim-max-500ml-forte-pharma\\\/\",\"name\":\"XtraSlim Max 500ml - Forte Pharma - Na Lifenatura ao Melhor Pre\u00e7o | Envio em 48h\",\"isPartOf\":{\"@id\":\"https:\\\/\\\/www.lifenatura.com\\\/es\\\/#website\"},\"primaryImageOfPage\":{\"@id\":\"https:\\\/\\\/www.lifenatura.com\\\/es\\\/produto\\\/xtraslim-max-500ml-forte-pharma\\\/#primaryimage\"},\"image\":{\"@id\":\"https:\\\/\\\/www.lifenatura.com\\\/es\\\/produto\\\/xtraslim-max-500ml-forte-pharma\\\/#primaryimage\"},\"thumbnailUrl\":\"https:\\\/\\\/www.lifenatura.com\\\/wp-content\\\/uploads\\\/2021\\\/09\\\/gd_xtraslim_max_500ml_forte_pharma.jpg\",\"datePublished\":\"2021-09-30T10:03:40+00:00\",\"dateModified\":\"2025-02-02T00:02:27+00:00\",\"description\":\"Xtraslim Max es un nuevo suplemento natural que ayuda a adelgazar porque quema y elimina graza de forma natural y tambi\u00e9n drena intensamente.\",\"breadcrumb\":{\"@id\":\"https:\\\/\\\/www.lifenatura.com\\\/es\\\/produto\\\/xtraslim-max-500ml-forte-pharma\\\/#breadcrumb\"},\"inLanguage\":\"es\",\"potentialAction\":[{\"@type\":\"ReadAction\",\"target\":[\"https:\\\/\\\/www.lifenatura.com\\\/es\\\/produto\\\/xtraslim-max-500ml-forte-pharma\\\/\"]}]},{\"@type\":\"ImageObject\",\"inLanguage\":\"es\",\"@id\":\"https:\\\/\\\/www.lifenatura.com\\\/es\\\/produto\\\/xtraslim-max-500ml-forte-pharma\\\/#primaryimage\",\"url\":\"https:\\\/\\\/www.lifenatura.com\\\/wp-content\\\/uploads\\\/2021\\\/09\\\/gd_xtraslim_max_500ml_forte_pharma.jpg\",\"contentUrl\":\"https:\\\/\\\/www.lifenatura.com\\\/wp-content\\\/uploads\\\/2021\\\/09\\\/gd_xtraslim_max_500ml_forte_pharma.jpg\",\"width\":1000,\"height\":1000,\"caption\":\"XtraSlim Max 500ml - Forte Pharma\"},{\"@type\":\"BreadcrumbList\",\"@id\":\"https:\\\/\\\/www.lifenatura.com\\\/es\\\/produto\\\/xtraslim-max-500ml-forte-pharma\\\/#breadcrumb\",\"itemListElement\":[{\"@type\":\"ListItem\",\"position\":1,\"name\":\"In\u00edcio\",\"item\":\"https:\\\/\\\/www.lifenatura.com\\\/es\\\/\"},{\"@type\":\"ListItem\",\"position\":2,\"name\":\"Todos los Productos\",\"item\":\"https:\\\/\\\/www.lifenatura.com\\\/es\\\/tienda\\\/\"},{\"@type\":\"ListItem\",\"position\":3,\"name\":\"XtraSlim Max 500ml &#8211; Forte Pharma\"}]},{\"@type\":\"WebSite\",\"@id\":\"https:\\\/\\\/www.lifenatura.com\\\/es\\\/#website\",\"url\":\"https:\\\/\\\/www.lifenatura.com\\\/es\\\/\",\"name\":\"Lifenatura\",\"description\":\"A Lifenatura \u00e9 uma loja de produtos naturais, cosm\u00e9tica natural e alimenta\u00e7\u00e3o Biol\u00f3gica.\",\"publisher\":{\"@id\":\"https:\\\/\\\/www.lifenatura.com\\\/es\\\/#organization\"},\"potentialAction\":[{\"@type\":\"SearchAction\",\"target\":{\"@type\":\"EntryPoint\",\"urlTemplate\":\"https:\\\/\\\/www.lifenatura.com\\\/es\\\/?s={search_term_string}\"},\"query-input\":{\"@type\":\"PropertyValueSpecification\",\"valueRequired\":true,\"valueName\":\"search_term_string\"}}],\"inLanguage\":\"es\"},{\"@type\":\"Organization\",\"@id\":\"https:\\\/\\\/www.lifenatura.com\\\/es\\\/#organization\",\"name\":\"Lifenatura\",\"url\":\"https:\\\/\\\/www.lifenatura.com\\\/es\\\/\",\"logo\":{\"@type\":\"ImageObject\",\"inLanguage\":\"es\",\"@id\":\"https:\\\/\\\/www.lifenatura.com\\\/es\\\/#\\\/schema\\\/logo\\\/image\\\/\",\"url\":\"https:\\\/\\\/www.lifenatura.com\\\/wp-content\\\/uploads\\\/2021\\\/07\\\/logo.png\",\"contentUrl\":\"https:\\\/\\\/www.lifenatura.com\\\/wp-content\\\/uploads\\\/2021\\\/07\\\/logo.png\",\"width\":175,\"height\":55,\"caption\":\"Lifenatura\"},\"image\":{\"@id\":\"https:\\\/\\\/www.lifenatura.com\\\/es\\\/#\\\/schema\\\/logo\\\/image\\\/\"},\"sameAs\":[\"https:\\\/\\\/www.facebook.com\\\/lifenatura\",\"https:\\\/\\\/www.instagram.com\\\/lifenaturapt\\\/\"],\"hasMerchantReturnPolicy\":{\"@type\":\"MerchantReturnPolicy\",\"merchantReturnLink\":\"https:\\\/\\\/www.lifenatura.com\\\/termos-condicoes-lifenatura\\\/\"}}]}<\/script>\n<meta property=\"product:price:amount\" content=\"20.02\" \/>\n<meta property=\"product:price:currency\" content=\"EUR\" \/>\n<meta property=\"og:availability\" content=\"instock\" \/>\n<meta property=\"product:availability\" content=\"instock\" \/>\n<meta property=\"product:retailer_item_id\" content=\"6922518\" \/>\n<meta property=\"product:condition\" content=\"new\" \/>\n<!-- \/ Yoast SEO Premium plugin. -->","yoast_head_json":{"title":"XtraSlim Max 500ml - Forte Pharma - Na Lifenatura ao Melhor Pre\u00e7o | Envio em 48h","description":"Xtraslim Max es un nuevo suplemento natural que ayuda a adelgazar porque quema y elimina graza de forma natural y tambi\u00e9n drena intensamente.","robots":{"index":"index","follow":"follow","max-snippet":"max-snippet:-1","max-image-preview":"max-image-preview:large","max-video-preview":"max-video-preview:-1"},"canonical":"https:\/\/www.lifenatura.com\/es\/produto\/xtraslim-max-500ml-forte-pharma\/","og_locale":"es_ES","og_type":"article","og_title":"XtraSlim Max 500ml - Forte Pharma - Na Lifenatura ao Melhor Pre\u00e7o | Envio 48h","og_description":"Compre XtraSlim Max 500ml - Forte Pharma com envio r\u00e1pido. Entrega em 48h e portes gr\u00e1tis em compras >35\u20ac. Aproveite j\u00e1 na Lifenatura","og_url":"https:\/\/www.lifenatura.com\/es\/produto\/xtraslim-max-500ml-forte-pharma\/","og_site_name":"Lifenatura","article_publisher":"https:\/\/www.facebook.com\/lifenatura","article_modified_time":"2025-02-02T00:02:27+00:00","og_image":[{"width":1000,"height":1000,"url":"https:\/\/www.lifenatura.com\/wp-content\/uploads\/2021\/09\/gd_xtraslim_max_500ml_forte_pharma.jpg","type":"image\/jpeg"}],"twitter_card":"summary_large_image","twitter_misc":{"Precio":"20,02&nbsp;&euro;","Disponibilidad":"Disponible"},"schema":{"@context":"https:\/\/schema.org","@graph":[{"@type":"WebPage","@id":"https:\/\/www.lifenatura.com\/es\/produto\/xtraslim-max-500ml-forte-pharma\/","url":"https:\/\/www.lifenatura.com\/es\/produto\/xtraslim-max-500ml-forte-pharma\/","name":"XtraSlim Max 500ml - Forte Pharma - Na Lifenatura ao Melhor Pre\u00e7o | Envio em 48h","isPartOf":{"@id":"https:\/\/www.lifenatura.com\/es\/#website"},"primaryImageOfPage":{"@id":"https:\/\/www.lifenatura.com\/es\/produto\/xtraslim-max-500ml-forte-pharma\/#primaryimage"},"image":{"@id":"https:\/\/www.lifenatura.com\/es\/produto\/xtraslim-max-500ml-forte-pharma\/#primaryimage"},"thumbnailUrl":"https:\/\/www.lifenatura.com\/wp-content\/uploads\/2021\/09\/gd_xtraslim_max_500ml_forte_pharma.jpg","datePublished":"2021-09-30T10:03:40+00:00","dateModified":"2025-02-02T00:02:27+00:00","description":"Xtraslim Max es un nuevo suplemento natural que ayuda a adelgazar porque quema y elimina graza de forma natural y tambi\u00e9n drena intensamente.","breadcrumb":{"@id":"https:\/\/www.lifenatura.com\/es\/produto\/xtraslim-max-500ml-forte-pharma\/#breadcrumb"},"inLanguage":"es","potentialAction":[{"@type":"ReadAction","target":["https:\/\/www.lifenatura.com\/es\/produto\/xtraslim-max-500ml-forte-pharma\/"]}]},{"@type":"ImageObject","inLanguage":"es","@id":"https:\/\/www.lifenatura.com\/es\/produto\/xtraslim-max-500ml-forte-pharma\/#primaryimage","url":"https:\/\/www.lifenatura.com\/wp-content\/uploads\/2021\/09\/gd_xtraslim_max_500ml_forte_pharma.jpg","contentUrl":"https:\/\/www.lifenatura.com\/wp-content\/uploads\/2021\/09\/gd_xtraslim_max_500ml_forte_pharma.jpg","width":1000,"height":1000,"caption":"XtraSlim Max 500ml - Forte Pharma"},{"@type":"BreadcrumbList","@id":"https:\/\/www.lifenatura.com\/es\/produto\/xtraslim-max-500ml-forte-pharma\/#breadcrumb","itemListElement":[{"@type":"ListItem","position":1,"name":"In\u00edcio","item":"https:\/\/www.lifenatura.com\/es\/"},{"@type":"ListItem","position":2,"name":"Todos los Productos","item":"https:\/\/www.lifenatura.com\/es\/tienda\/"},{"@type":"ListItem","position":3,"name":"XtraSlim Max 500ml &#8211; Forte Pharma"}]},{"@type":"WebSite","@id":"https:\/\/www.lifenatura.com\/es\/#website","url":"https:\/\/www.lifenatura.com\/es\/","name":"Lifenatura","description":"A Lifenatura \u00e9 uma loja de produtos naturais, cosm\u00e9tica natural e alimenta\u00e7\u00e3o Biol\u00f3gica.","publisher":{"@id":"https:\/\/www.lifenatura.com\/es\/#organization"},"potentialAction":[{"@type":"SearchAction","target":{"@type":"EntryPoint","urlTemplate":"https:\/\/www.lifenatura.com\/es\/?s={search_term_string}"},"query-input":{"@type":"PropertyValueSpecification","valueRequired":true,"valueName":"search_term_string"}}],"inLanguage":"es"},{"@type":"Organization","@id":"https:\/\/www.lifenatura.com\/es\/#organization","name":"Lifenatura","url":"https:\/\/www.lifenatura.com\/es\/","logo":{"@type":"ImageObject","inLanguage":"es","@id":"https:\/\/www.lifenatura.com\/es\/#\/schema\/logo\/image\/","url":"https:\/\/www.lifenatura.com\/wp-content\/uploads\/2021\/07\/logo.png","contentUrl":"https:\/\/www.lifenatura.com\/wp-content\/uploads\/2021\/07\/logo.png","width":175,"height":55,"caption":"Lifenatura"},"image":{"@id":"https:\/\/www.lifenatura.com\/es\/#\/schema\/logo\/image\/"},"sameAs":["https:\/\/www.facebook.com\/lifenatura","https:\/\/www.instagram.com\/lifenaturapt\/"],"hasMerchantReturnPolicy":{"@type":"MerchantReturnPolicy","merchantReturnLink":"https:\/\/www.lifenatura.com\/termos-condicoes-lifenatura\/"}}]},"product_price_amount":"20.02","product_price_currency":"EUR","og_availability":"instock","product_availability":"instock","product_retailer_item_id":"6922518","product_condition":"new"},"df_price":20.02,"df_sale_price":20.02,"df_regular_price":28.6,"df_image_link":"https:\/\/www.lifenatura.com\/wp-content\/uploads\/2021\/09\/gd_xtraslim_max_500ml_forte_pharma-300x300.jpg","_links":{"self":[{"href":"https:\/\/www.lifenatura.com\/es\/wp-json\/wp\/v2\/product\/38270","targetHints":{"allow":["GET"]}}],"collection":[{"href":"https:\/\/www.lifenatura.com\/es\/wp-json\/wp\/v2\/product"}],"about":[{"href":"https:\/\/www.lifenatura.com\/es\/wp-json\/wp\/v2\/types\/product"}],"wp:featuredmedia":[{"embeddable":true,"href":"https:\/\/www.lifenatura.com\/es\/wp-json\/wp\/v2\/media\/19871"}],"wp:attachment":[{"href":"https:\/\/www.lifenatura.com\/es\/wp-json\/wp\/v2\/media?parent=38270"}],"wp:term":[{"taxonomy":"product_brand","embeddable":true,"href":"https:\/\/www.lifenatura.com\/es\/wp-json\/wp\/v2\/product_brand?post=38270"},{"taxonomy":"product_cat","embeddable":true,"href":"https:\/\/www.lifenatura.com\/es\/wp-json\/wp\/v2\/product_cat?post=38270"},{"taxonomy":"product_tag","embeddable":true,"href":"https:\/\/www.lifenatura.com\/es\/wp-json\/wp\/v2\/product_tag?post=38270"}],"curies":[{"name":"wp","href":"https:\/\/api.w.org\/{rel}","templated":true}]}}