{"id":38247,"date":"2021-09-30T10:03:21","date_gmt":"2021-09-30T10:03:21","guid":{"rendered":"https:\/\/lifenatura.dev.agenciagetdigital.com\/produto\/turboslim-vientre-plano-56-capsulas-forte-pharma\/"},"modified":"2025-02-02T00:02:19","modified_gmt":"2025-02-02T00:02:19","slug":"xtraslim-vientre-plano-56-capsulas-forte-pharma","status":"publish","type":"product","link":"https:\/\/www.lifenatura.com\/es\/produto\/xtraslim-vientre-plano-56-capsulas-forte-pharma\/","title":{"rendered":"XtraSlim Vientre Plano 60 c\u00e1psulas &#8211; Forte Pharma"},"content":{"rendered":"<h2><strong>XtraSlim Vientre Plano El aliado ideal para un abdomen m\u00e1s firme<\/strong><\/h2>\n<p>&nbsp;<\/p>\n<p>XtraSlim Vientre Plano es una f\u00f3rmula adelgazante para quienes buscan un vientre plano y una silueta esbelta. Su principal objetivo es reducir la hinchaz\u00f3n y mejorar el equilibrio intestinal.<\/p>\n<p>Adem\u00e1s de actuar eficazmente sobre las fuentes de grasa gracias a su acci\u00f3n adelgazante segmentada, XtraSlim Vientre Plano ofrece una acci\u00f3n digestiva completa para disipar las sensaciones de flatulencia e hinchaz\u00f3n que provocan un vientre prominente.<\/p>\n<p>Este complemento natural combina una selecci\u00f3n de activos naturales cuidadosamente seleccionados por sus propiedades diur\u00e9ticas, digestivas y quemagrasas. XtraSlim Vientre Plano ofrece una ayuda eficaz a quienes desean reducir su per\u00edmetro abdominal y conseguir una silueta m\u00e1s esculpida.<\/p>\n<h5><strong>Hay dos razones principales para tomar Xtra Slim Vientre Plano:<\/strong><\/h5>\n<ul>\n<li>Un cambio de silueta con la acumulaci\u00f3n de masa grasa localizada en el abdomen, la aparici\u00f3n de &#8220;neum\u00e1ticos&#8221; y un vientre m\u00e1s voluminoso.<\/li>\n<li>Una mala digesti\u00f3n que se acompa\u00f1a de sensaciones de pesadez e hinchaz\u00f3n.<\/li>\n<\/ul>\n<p><strong>Los 3 principales beneficios:<\/strong><\/p>\n<ul>\n<li>Reduce la hinchaz\u00f3n abdominal<strong>:<\/strong> Contiene ingredientes como el extracto de menta y el hinojo, conocidos por sus propiedades digestivas y carminativas, que ayudan a reducir la hinchaz\u00f3n y la sensaci\u00f3n de malestar abdominal.<\/li>\n<li><strong>Quema de grasa<\/strong>: Los ingredientes activos de este suplemento, como el t\u00e9 verde y la cafe\u00edna, son conocidos por sus propiedades termog\u00e9nicas, que ayudan a aumentar el metabolismo y promover la quema de grasa, especialmente en la regi\u00f3n abdominal.<\/li>\n<li><strong>Digesti\u00f3n Saludable:<\/strong> Contiene fibras solubles que promueven una digesti\u00f3n saludable, ayudando a prevenir el estre\u00f1imiento y mejorar el tr\u00e1nsito intestinal, lo que puede contribuir a reducir la hinchaz\u00f3n abdominal.<\/li>\n<\/ul>\n<p><strong>PRESENTACI\u00d3N<\/strong><\/p>\n<p>60 c\u00e1psulas<\/p>\n<p>&nbsp;<\/p>\n","protected":false},"excerpt":{"rendered":"<p>El XtraSlim Ventre Plano da Forte Pharma es una f\u00f3rmula adelgazante, indicada para quien busca un vientre plano y una silueta afinada. [&#8230;]<\/p>\n<p><a class=\"btn btn-secondary understrap-read-more-link\" href=\"https:\/\/www.lifenatura.com\/es\/produto\/xtraslim-vientre-plano-56-capsulas-forte-pharma\/\">Leer m\u00e1s&#8230;<span class=\"screen-reader-text\"> from XtraSlim Vientre Plano 60 c\u00e1psulas &#8211; Forte Pharma<\/span><\/a><\/p>\n","protected":false},"featured_media":86906,"template":"","meta":{"_acf_changed":false},"product_brand":[8557],"product_cat":[7190,7195,7179],"product_tag":[],"class_list":{"0":"post-38247","1":"product","2":"type-product","3":"status-publish","4":"has-post-thumbnail","6":"product_brand-forte-pharma","7":"product_cat-adelgazar","8":"product_cat-quemagrasas","9":"product_cat-salud","10":"pa_dicas-forte-pharma-adelgazante","12":"first","13":"instock","14":"sale","15":"shipping-taxable","16":"purchasable","17":"product-type-simple","18":"add-to-wishlist-before_image"},"acf":[],"yoast_head":"<!-- This site is optimized with the Yoast SEO Premium plugin v27.1 (Yoast SEO v27.5) - https:\/\/yoast.com\/product\/yoast-seo-premium-wordpress\/ -->\n<title>XtraSlim Vientre Plano 60 c\u00e1psulas - Forte Pharma - Na Lifenatura ao Melhor Pre\u00e7o | Envio em 48h<\/title>\n<meta name=\"description\" content=\"El XtraSlim Ventre Plano da Forte Pharma es una f\u00f3rmula adelgazante, indicada para quien busca un vientre plano y una silueta afinada.\" \/>\n<meta name=\"robots\" content=\"index, follow, max-snippet:-1, max-image-preview:large, max-video-preview:-1\" \/>\n<link rel=\"canonical\" href=\"https:\/\/www.lifenatura.com\/es\/produto\/xtraslim-vientre-plano-56-capsulas-forte-pharma\/\" \/>\n<meta property=\"og:locale\" content=\"es_ES\" \/>\n<meta property=\"og:type\" content=\"article\" \/>\n<meta property=\"og:title\" content=\"XtraSlim Vientre Plano 60 c\u00e1psulas - Forte Pharma - Na Lifenatura ao Melhor Pre\u00e7o | Envio 48h\" \/>\n<meta property=\"og:description\" content=\"Compre XtraSlim Vientre Plano 60 c\u00e1psulas - Forte Pharma com envio r\u00e1pido. Entrega em 48h e portes gr\u00e1tis em compras &gt;35\u20ac. Aproveite j\u00e1 na Lifenatura\" \/>\n<meta property=\"og:url\" content=\"https:\/\/www.lifenatura.com\/es\/produto\/xtraslim-vientre-plano-56-capsulas-forte-pharma\/\" \/>\n<meta property=\"og:site_name\" content=\"Lifenatura\" \/>\n<meta property=\"article:publisher\" content=\"https:\/\/www.facebook.com\/lifenatura\" \/>\n<meta property=\"article:modified_time\" content=\"2025-02-02T00:02:19+00:00\" \/>\n<meta property=\"og:image\" content=\"https:\/\/www.lifenatura.com\/wp-content\/uploads\/2021\/09\/xtra-slim-ventre-plano-forte-pharma.jpg\" \/>\n\t<meta property=\"og:image:width\" content=\"1000\" \/>\n\t<meta property=\"og:image:height\" content=\"1000\" \/>\n\t<meta property=\"og:image:type\" content=\"image\/jpeg\" \/>\n<meta name=\"twitter:card\" content=\"summary_large_image\" \/>\n<meta name=\"twitter:label1\" content=\"Precio\" \/>\n\t<meta name=\"twitter:data1\" content=\"26,39&nbsp;&euro;\" \/>\n\t<meta name=\"twitter:label2\" content=\"Disponibilidad\" \/>\n\t<meta name=\"twitter:data2\" content=\"Disponible\" \/>\n<script type=\"application\/ld+json\" class=\"yoast-schema-graph\">{\"@context\":\"https:\\\/\\\/schema.org\",\"@graph\":[{\"@type\":\"WebPage\",\"@id\":\"https:\\\/\\\/www.lifenatura.com\\\/es\\\/produto\\\/xtraslim-vientre-plano-56-capsulas-forte-pharma\\\/\",\"url\":\"https:\\\/\\\/www.lifenatura.com\\\/es\\\/produto\\\/xtraslim-vientre-plano-56-capsulas-forte-pharma\\\/\",\"name\":\"XtraSlim Vientre Plano 60 c\u00e1psulas - Forte Pharma - Na Lifenatura ao Melhor Pre\u00e7o | Envio em 48h\",\"isPartOf\":{\"@id\":\"https:\\\/\\\/www.lifenatura.com\\\/es\\\/#website\"},\"primaryImageOfPage\":{\"@id\":\"https:\\\/\\\/www.lifenatura.com\\\/es\\\/produto\\\/xtraslim-vientre-plano-56-capsulas-forte-pharma\\\/#primaryimage\"},\"image\":{\"@id\":\"https:\\\/\\\/www.lifenatura.com\\\/es\\\/produto\\\/xtraslim-vientre-plano-56-capsulas-forte-pharma\\\/#primaryimage\"},\"thumbnailUrl\":\"https:\\\/\\\/www.lifenatura.com\\\/wp-content\\\/uploads\\\/2021\\\/09\\\/xtra-slim-ventre-plano-forte-pharma.jpg\",\"datePublished\":\"2021-09-30T10:03:21+00:00\",\"dateModified\":\"2025-02-02T00:02:19+00:00\",\"description\":\"El XtraSlim Ventre Plano da Forte Pharma es una f\u00f3rmula adelgazante, indicada para quien busca un vientre plano y una silueta afinada.\",\"breadcrumb\":{\"@id\":\"https:\\\/\\\/www.lifenatura.com\\\/es\\\/produto\\\/xtraslim-vientre-plano-56-capsulas-forte-pharma\\\/#breadcrumb\"},\"inLanguage\":\"es\",\"potentialAction\":[{\"@type\":\"ReadAction\",\"target\":[\"https:\\\/\\\/www.lifenatura.com\\\/es\\\/produto\\\/xtraslim-vientre-plano-56-capsulas-forte-pharma\\\/\"]}]},{\"@type\":\"ImageObject\",\"inLanguage\":\"es\",\"@id\":\"https:\\\/\\\/www.lifenatura.com\\\/es\\\/produto\\\/xtraslim-vientre-plano-56-capsulas-forte-pharma\\\/#primaryimage\",\"url\":\"https:\\\/\\\/www.lifenatura.com\\\/wp-content\\\/uploads\\\/2021\\\/09\\\/xtra-slim-ventre-plano-forte-pharma.jpg\",\"contentUrl\":\"https:\\\/\\\/www.lifenatura.com\\\/wp-content\\\/uploads\\\/2021\\\/09\\\/xtra-slim-ventre-plano-forte-pharma.jpg\",\"width\":1000,\"height\":1000,\"caption\":\"Xtraslim ventre plano da marca Forte Pharma\"},{\"@type\":\"BreadcrumbList\",\"@id\":\"https:\\\/\\\/www.lifenatura.com\\\/es\\\/produto\\\/xtraslim-vientre-plano-56-capsulas-forte-pharma\\\/#breadcrumb\",\"itemListElement\":[{\"@type\":\"ListItem\",\"position\":1,\"name\":\"In\u00edcio\",\"item\":\"https:\\\/\\\/www.lifenatura.com\\\/es\\\/\"},{\"@type\":\"ListItem\",\"position\":2,\"name\":\"Todos los Productos\",\"item\":\"https:\\\/\\\/www.lifenatura.com\\\/es\\\/tienda\\\/\"},{\"@type\":\"ListItem\",\"position\":3,\"name\":\"XtraSlim Vientre Plano 60 c\u00e1psulas &#8211; Forte Pharma\"}]},{\"@type\":\"WebSite\",\"@id\":\"https:\\\/\\\/www.lifenatura.com\\\/es\\\/#website\",\"url\":\"https:\\\/\\\/www.lifenatura.com\\\/es\\\/\",\"name\":\"Lifenatura\",\"description\":\"A Lifenatura \u00e9 uma loja de produtos naturais, cosm\u00e9tica natural e alimenta\u00e7\u00e3o Biol\u00f3gica.\",\"publisher\":{\"@id\":\"https:\\\/\\\/www.lifenatura.com\\\/es\\\/#organization\"},\"potentialAction\":[{\"@type\":\"SearchAction\",\"target\":{\"@type\":\"EntryPoint\",\"urlTemplate\":\"https:\\\/\\\/www.lifenatura.com\\\/es\\\/?s={search_term_string}\"},\"query-input\":{\"@type\":\"PropertyValueSpecification\",\"valueRequired\":true,\"valueName\":\"search_term_string\"}}],\"inLanguage\":\"es\"},{\"@type\":\"Organization\",\"@id\":\"https:\\\/\\\/www.lifenatura.com\\\/es\\\/#organization\",\"name\":\"Lifenatura\",\"url\":\"https:\\\/\\\/www.lifenatura.com\\\/es\\\/\",\"logo\":{\"@type\":\"ImageObject\",\"inLanguage\":\"es\",\"@id\":\"https:\\\/\\\/www.lifenatura.com\\\/es\\\/#\\\/schema\\\/logo\\\/image\\\/\",\"url\":\"https:\\\/\\\/www.lifenatura.com\\\/wp-content\\\/uploads\\\/2021\\\/07\\\/logo.png\",\"contentUrl\":\"https:\\\/\\\/www.lifenatura.com\\\/wp-content\\\/uploads\\\/2021\\\/07\\\/logo.png\",\"width\":175,\"height\":55,\"caption\":\"Lifenatura\"},\"image\":{\"@id\":\"https:\\\/\\\/www.lifenatura.com\\\/es\\\/#\\\/schema\\\/logo\\\/image\\\/\"},\"sameAs\":[\"https:\\\/\\\/www.facebook.com\\\/lifenatura\",\"https:\\\/\\\/www.instagram.com\\\/lifenaturapt\\\/\"],\"hasMerchantReturnPolicy\":{\"@type\":\"MerchantReturnPolicy\",\"merchantReturnLink\":\"https:\\\/\\\/www.lifenatura.com\\\/termos-condicoes-lifenatura\\\/\"}}]}<\/script>\n<meta property=\"product:price:amount\" content=\"26.39\" \/>\n<meta property=\"product:price:currency\" content=\"EUR\" \/>\n<meta property=\"og:availability\" content=\"instock\" \/>\n<meta property=\"product:availability\" content=\"instock\" \/>\n<meta property=\"product:retailer_item_id\" content=\"7114314\" \/>\n<meta property=\"product:condition\" content=\"new\" \/>\n<!-- \/ Yoast SEO Premium plugin. -->","yoast_head_json":{"title":"XtraSlim Vientre Plano 60 c\u00e1psulas - Forte Pharma - Na Lifenatura ao Melhor Pre\u00e7o | Envio em 48h","description":"El XtraSlim Ventre Plano da Forte Pharma es una f\u00f3rmula adelgazante, indicada para quien busca un vientre plano y una silueta afinada.","robots":{"index":"index","follow":"follow","max-snippet":"max-snippet:-1","max-image-preview":"max-image-preview:large","max-video-preview":"max-video-preview:-1"},"canonical":"https:\/\/www.lifenatura.com\/es\/produto\/xtraslim-vientre-plano-56-capsulas-forte-pharma\/","og_locale":"es_ES","og_type":"article","og_title":"XtraSlim Vientre Plano 60 c\u00e1psulas - Forte Pharma - Na Lifenatura ao Melhor Pre\u00e7o | Envio 48h","og_description":"Compre XtraSlim Vientre Plano 60 c\u00e1psulas - Forte Pharma com envio r\u00e1pido. Entrega em 48h e portes gr\u00e1tis em compras >35\u20ac. Aproveite j\u00e1 na Lifenatura","og_url":"https:\/\/www.lifenatura.com\/es\/produto\/xtraslim-vientre-plano-56-capsulas-forte-pharma\/","og_site_name":"Lifenatura","article_publisher":"https:\/\/www.facebook.com\/lifenatura","article_modified_time":"2025-02-02T00:02:19+00:00","og_image":[{"width":1000,"height":1000,"url":"https:\/\/www.lifenatura.com\/wp-content\/uploads\/2021\/09\/xtra-slim-ventre-plano-forte-pharma.jpg","type":"image\/jpeg"}],"twitter_card":"summary_large_image","twitter_misc":{"Precio":"26,39&nbsp;&euro;","Disponibilidad":"Disponible"},"schema":{"@context":"https:\/\/schema.org","@graph":[{"@type":"WebPage","@id":"https:\/\/www.lifenatura.com\/es\/produto\/xtraslim-vientre-plano-56-capsulas-forte-pharma\/","url":"https:\/\/www.lifenatura.com\/es\/produto\/xtraslim-vientre-plano-56-capsulas-forte-pharma\/","name":"XtraSlim Vientre Plano 60 c\u00e1psulas - Forte Pharma - Na Lifenatura ao Melhor Pre\u00e7o | Envio em 48h","isPartOf":{"@id":"https:\/\/www.lifenatura.com\/es\/#website"},"primaryImageOfPage":{"@id":"https:\/\/www.lifenatura.com\/es\/produto\/xtraslim-vientre-plano-56-capsulas-forte-pharma\/#primaryimage"},"image":{"@id":"https:\/\/www.lifenatura.com\/es\/produto\/xtraslim-vientre-plano-56-capsulas-forte-pharma\/#primaryimage"},"thumbnailUrl":"https:\/\/www.lifenatura.com\/wp-content\/uploads\/2021\/09\/xtra-slim-ventre-plano-forte-pharma.jpg","datePublished":"2021-09-30T10:03:21+00:00","dateModified":"2025-02-02T00:02:19+00:00","description":"El XtraSlim Ventre Plano da Forte Pharma es una f\u00f3rmula adelgazante, indicada para quien busca un vientre plano y una silueta afinada.","breadcrumb":{"@id":"https:\/\/www.lifenatura.com\/es\/produto\/xtraslim-vientre-plano-56-capsulas-forte-pharma\/#breadcrumb"},"inLanguage":"es","potentialAction":[{"@type":"ReadAction","target":["https:\/\/www.lifenatura.com\/es\/produto\/xtraslim-vientre-plano-56-capsulas-forte-pharma\/"]}]},{"@type":"ImageObject","inLanguage":"es","@id":"https:\/\/www.lifenatura.com\/es\/produto\/xtraslim-vientre-plano-56-capsulas-forte-pharma\/#primaryimage","url":"https:\/\/www.lifenatura.com\/wp-content\/uploads\/2021\/09\/xtra-slim-ventre-plano-forte-pharma.jpg","contentUrl":"https:\/\/www.lifenatura.com\/wp-content\/uploads\/2021\/09\/xtra-slim-ventre-plano-forte-pharma.jpg","width":1000,"height":1000,"caption":"Xtraslim ventre plano da marca Forte Pharma"},{"@type":"BreadcrumbList","@id":"https:\/\/www.lifenatura.com\/es\/produto\/xtraslim-vientre-plano-56-capsulas-forte-pharma\/#breadcrumb","itemListElement":[{"@type":"ListItem","position":1,"name":"In\u00edcio","item":"https:\/\/www.lifenatura.com\/es\/"},{"@type":"ListItem","position":2,"name":"Todos los Productos","item":"https:\/\/www.lifenatura.com\/es\/tienda\/"},{"@type":"ListItem","position":3,"name":"XtraSlim Vientre Plano 60 c\u00e1psulas &#8211; Forte Pharma"}]},{"@type":"WebSite","@id":"https:\/\/www.lifenatura.com\/es\/#website","url":"https:\/\/www.lifenatura.com\/es\/","name":"Lifenatura","description":"A Lifenatura \u00e9 uma loja de produtos naturais, cosm\u00e9tica natural e alimenta\u00e7\u00e3o Biol\u00f3gica.","publisher":{"@id":"https:\/\/www.lifenatura.com\/es\/#organization"},"potentialAction":[{"@type":"SearchAction","target":{"@type":"EntryPoint","urlTemplate":"https:\/\/www.lifenatura.com\/es\/?s={search_term_string}"},"query-input":{"@type":"PropertyValueSpecification","valueRequired":true,"valueName":"search_term_string"}}],"inLanguage":"es"},{"@type":"Organization","@id":"https:\/\/www.lifenatura.com\/es\/#organization","name":"Lifenatura","url":"https:\/\/www.lifenatura.com\/es\/","logo":{"@type":"ImageObject","inLanguage":"es","@id":"https:\/\/www.lifenatura.com\/es\/#\/schema\/logo\/image\/","url":"https:\/\/www.lifenatura.com\/wp-content\/uploads\/2021\/07\/logo.png","contentUrl":"https:\/\/www.lifenatura.com\/wp-content\/uploads\/2021\/07\/logo.png","width":175,"height":55,"caption":"Lifenatura"},"image":{"@id":"https:\/\/www.lifenatura.com\/es\/#\/schema\/logo\/image\/"},"sameAs":["https:\/\/www.facebook.com\/lifenatura","https:\/\/www.instagram.com\/lifenaturapt\/"],"hasMerchantReturnPolicy":{"@type":"MerchantReturnPolicy","merchantReturnLink":"https:\/\/www.lifenatura.com\/termos-condicoes-lifenatura\/"}}]},"product_price_amount":"26.39","product_price_currency":"EUR","og_availability":"instock","product_availability":"instock","product_retailer_item_id":"7114314","product_condition":"new"},"df_price":26.39,"df_sale_price":26.39,"df_regular_price":37.7,"df_image_link":"https:\/\/www.lifenatura.com\/wp-content\/uploads\/2021\/09\/xtra-slim-ventre-plano-forte-pharma-300x300.jpg","_links":{"self":[{"href":"https:\/\/www.lifenatura.com\/es\/wp-json\/wp\/v2\/product\/38247","targetHints":{"allow":["GET"]}}],"collection":[{"href":"https:\/\/www.lifenatura.com\/es\/wp-json\/wp\/v2\/product"}],"about":[{"href":"https:\/\/www.lifenatura.com\/es\/wp-json\/wp\/v2\/types\/product"}],"wp:featuredmedia":[{"embeddable":true,"href":"https:\/\/www.lifenatura.com\/es\/wp-json\/wp\/v2\/media\/86906"}],"wp:attachment":[{"href":"https:\/\/www.lifenatura.com\/es\/wp-json\/wp\/v2\/media?parent=38247"}],"wp:term":[{"taxonomy":"product_brand","embeddable":true,"href":"https:\/\/www.lifenatura.com\/es\/wp-json\/wp\/v2\/product_brand?post=38247"},{"taxonomy":"product_cat","embeddable":true,"href":"https:\/\/www.lifenatura.com\/es\/wp-json\/wp\/v2\/product_cat?post=38247"},{"taxonomy":"product_tag","embeddable":true,"href":"https:\/\/www.lifenatura.com\/es\/wp-json\/wp\/v2\/product_tag?post=38247"}],"curies":[{"name":"wp","href":"https:\/\/api.w.org\/{rel}","templated":true}]}}